{"id":16130,"date":"2025-01-20T08:31:47","date_gmt":"2025-01-20T08:31:47","guid":{"rendered":"https:\/\/www.hydraulic-cylinders.net\/product\/arm-cylinderfor-caterpillar-small-excavator-e312dl\/"},"modified":"2025-01-20T08:31:49","modified_gmt":"2025-01-20T08:31:49","slug":"arm-cylinderfor-caterpillar-small-excavator-e312dl","status":"publish","type":"product","link":"https:\/\/www.hydraulic-cylinders.net\/tr\/urun\/arm-cylinderfor-caterpillar-small-excavator-e312dl\/","title":{"rendered":"Caterpillar E312DL K\u00fc\u00e7\u00fck Ekskavat\u00f6r i\u00e7in Kol Silindiri"},"content":{"rendered":"<p>Caterpillar E312DL K\u00fc\u00e7\u00fck Ekskavat\u00f6r i\u00e7in Kol Silindiri<\/p>\n<p>Kol silindiri, ekskavat\u00f6rler, vin\u00e7ler ve mekanik kollar gibi \u00e7e\u015fitli makinelerin kollar\u0131na do\u011frusal hareket ve g\u00fc\u00e7 sa\u011flamak i\u00e7in \u00f6zel olarak tasarlanm\u0131\u015f bir hidrolik silindirdir. Kol silindiri, hidrolik sistemde \u00f6nemli bir rol oynayarak ek aletlerin veya ata\u015fmanlar\u0131n etkili bir \u015fekilde hareket etmesini ve kontrol edilmesini sa\u011flar. Bu silindirler sadece d\u00fczg\u00fcn hareket sa\u011flamakla kalmaz, ayn\u0131 zamanda a\u011f\u0131r y\u00fckleri de ta\u015f\u0131yarak \u00e7e\u015fitli \u00e7al\u0131\u015fma ko\u015fullar\u0131 alt\u0131nda makinelerin verimli \u00e7al\u0131\u015fmas\u0131n\u0131 ve g\u00fcvenilirli\u011fini sa\u011flar.<\/p>\n<p><img decoding=\"async\" src=\"https:\/\/www.hydraulic-cylinders.net\/wp-content\/uploads\/2025\/01\/songte-company-2.webp\"\/><\/p>\n<p>\u00d6zellikler:<br \/>\n\u2013 Y\u00fcksek Verimli Aktar\u0131m: Kol silindiri g\u00fc\u00e7l\u00fc do\u011frusal hareket ve kuvvet sa\u011flayarak mekanik kolun \u00e7e\u015fitli i\u015flemlerde y\u00fcksek verimlilikte performans g\u00f6stermesini garanti eder.<br \/>\n\u2013 Hassas Kontrol: Kol silindiri, hidrolik sistem arac\u0131l\u0131\u011f\u0131yla hassas hareket kontrol\u00fc sa\u011flayarak ek aletlerin \u00e7al\u0131\u015fmas\u0131n\u0131 daha esnek ve do\u011fru hale getirir.<br \/>\n\u2013 Y\u00fcksek Dayan\u0131kl\u0131l\u0131k: Kol silindiri genellikle y\u00fcksek mukavemetli malzemelerden \u00fcretilir, bu da iyi a\u015f\u0131nma ve korozyon direnci sa\u011flar ve zorlu ortamlarda uzun s\u00fcreli kullan\u0131m i\u00e7in uygundur.<br \/>\n\u2013 \u00c7ok Fonksiyonlu Uyarlanabilirlik: Bu silindirler, farkl\u0131 \u00e7al\u0131\u015fma gereksinimlerini kar\u015f\u0131lamak \u00fczere ekskavat\u00f6rler, vin\u00e7ler ve i\u015f kollar\u0131 gibi \u00e7e\u015fitli mekanik ekipmanlarda yayg\u0131n olarak kullan\u0131labilir.<br \/>\n\u2013 Kolay Bak\u0131m: Tasar\u0131m, bak\u0131m ve de\u011fi\u015ftirme kolayl\u0131\u011f\u0131n\u0131 g\u00f6z \u00f6n\u00fcnde bulundurarak d\u00fczenli inceleme ve bak\u0131m\u0131 daha kolay hale getirir ve ekipman ar\u0131za s\u00fcresini azalt\u0131r.<\/p>\n<p>Bu hidrolik silindirlerin yerine m\u00fckemmel bir \u015fekilde ge\u00e7ebilecek bu \u00fcr\u00fcn\u00fc \u00fcretebiliyoruz.<\/p>\n<p><img decoding=\"async\" src=\"https:\/\/www.hydraulic-cylinders.net\/wp-content\/uploads\/2025\/01\/songte-oil-pipes-and-spare-parts.webp\"\/><\/p>\n<p>Uygulamalar:<br \/>\n\u2013 \u0130n\u015faat M\u00fchendisli\u011fi: Ekskavat\u00f6rlerde ve vin\u00e7lerde, kol silindirleri toprak i\u015fleri, malzeme ta\u015f\u0131ma ve yap\u0131 montaj\u0131 i\u00e7in kep\u00e7elerin veya bomlar\u0131n hareketini kontrol etmek amac\u0131yla kullan\u0131l\u0131r.<br \/>\n\u2013 \u0130malat Sanayi: Otomatik \u00fcretim hatlar\u0131nda, montaj, kaynak ve ta\u015f\u0131ma i\u015flemlerinde mekanik kollar\u0131 hareket ettirmek i\u00e7in kol silindirleri kullan\u0131l\u0131r; bu da \u00fcretim verimlili\u011fini ve do\u011frulu\u011funu art\u0131r\u0131r.<br \/>\n\u2013 Tar\u0131m Makineleri: Bi\u00e7erd\u00f6ver ve ekim makinesi gibi tar\u0131m makinelerinde, kol silindirleri, tohum ekme, g\u00fcbreleme ve hasat gibi g\u00f6revleri yerine getirmek i\u00e7in \u00e7al\u0131\u015fma kollar\u0131n\u0131n hareketini kontrol eder.<br \/>\n\u2013 Madencilik: Madencilik ekipmanlar\u0131nda, cevher \u00e7\u0131karma ve ta\u015f\u0131ma i\u015flemlerinde ekipman kollar\u0131n\u0131n hareketini kontrol etmek i\u00e7in kol silindirleri kullan\u0131l\u0131r.<br \/>\n\u2013 Lojistik ve Ta\u015f\u0131mac\u0131l\u0131k: Forkliftlerde ve ta\u015f\u0131ma robotlar\u0131nda, malzeme ta\u015f\u0131ma ve istifleme i\u015flemlerini ger\u00e7ekle\u015ftirmek i\u00e7in y\u00fck \u00e7atallar\u0131n\u0131n kald\u0131rma ve hareketini kontrol etmek amac\u0131yla kol silindirleri kullan\u0131l\u0131r.<\/p>\n<p>Tasar\u0131m Hususlar\u0131 ve Se\u00e7im Kriterleri:<br \/>\n\u2013 Ta\u015f\u0131ma Kapasitesi: Mekanik kolun g\u00fcvenli ve verimli bir \u015fekilde \u00e7al\u0131\u015fabilmesi i\u00e7in kol silindirinin yeterli ta\u015f\u0131ma kapasitesine sahip olmas\u0131 gerekir.<br \/>\n\u2013 S\u0131zd\u0131rmazl\u0131k: Kol silindiri, piston s\u0131zd\u0131rmazl\u0131k halkalar\u0131 ve mil s\u0131zd\u0131rmazl\u0131k halkalar\u0131 gibi \u00e7e\u015fitli s\u0131zd\u0131rmazl\u0131k bile\u015fenlerine ihtiya\u00e7 duyar; bu bile\u015fenler poli\u00fcretan ve nitril kau\u00e7uk gibi a\u015f\u0131nmaya dayan\u0131kl\u0131 malzemelerden yap\u0131lmal\u0131d\u0131r.<br \/>\n\u2013 Dayan\u0131kl\u0131l\u0131k: A\u015f\u0131nma direncini art\u0131rmak i\u00e7in silindir g\u00f6vdesi ve di\u015fli u\u00e7 y\u00fczeyi ince bir \u015fekilde i\u015flenmelidir.<br \/>\n\u2013 G\u00fcvenlik: Kol silindiri, kullan\u0131m s\u0131ras\u0131nda personel ve ekipman g\u00fcvenli\u011fini sa\u011flamak i\u00e7in g\u00fcvenlik standartlar\u0131na uygun olmal\u0131d\u0131r.<br \/>\n\u2013 Bak\u0131m Kolayl\u0131\u011f\u0131: Tasar\u0131m, bak\u0131m ve de\u011fi\u015ftirme kolayl\u0131\u011f\u0131n\u0131 g\u00f6z \u00f6n\u00fcnde bulundurmal\u0131, b\u00f6ylece d\u00fczenli inceleme ve bak\u0131m daha kolay hale gelmelidir.<\/p>\n<p><img decoding=\"async\" src=\"https:\/\/www.hydraulic-cylinders.net\/wp-content\/uploads\/2025\/01\/songte-cylinder-head-with-all-kinds-excavator-models.webp\"\/><\/p>\n<p>S\u0131zd\u0131rmazl\u0131k ve Ya\u011flama:<br \/>\nKol silindirinde piston s\u0131zd\u0131rmazl\u0131k halkalar\u0131 ve mil s\u0131zd\u0131rmazl\u0131k halkalar\u0131 gibi \u00e7e\u015fitli s\u0131zd\u0131rmazl\u0131k elemanlar\u0131 kullan\u0131lmal\u0131d\u0131r. Se\u00e7ilen s\u0131zd\u0131rmazl\u0131k elemanlar\u0131, poli\u00fcretan ve nitril kau\u00e7uk gibi a\u015f\u0131nmaya dayan\u0131kl\u0131 malzemelerden yap\u0131lmal\u0131d\u0131r. Silindir g\u00f6vdesi ve di\u015fli u\u00e7 y\u00fczeyi, a\u015f\u0131nma direncini art\u0131rmak i\u00e7in ince bir \u015fekilde i\u015flenmelidir. Kol silindirinin sorunsuz \u00e7al\u0131\u015fmas\u0131 i\u00e7in uygun miktarda hidrolik ya\u011f ile d\u00fczenli olarak ya\u011flanmas\u0131 gerekir.<\/p>\n<p>D\u00fczenli Muayene ve \u00d6nleyici Bak\u0131m \u00d6nlemleri:<br \/>\nKol silindirinin d\u00fczg\u00fcn \u00e7al\u0131\u015fmas\u0131n\u0131 sa\u011flamak i\u00e7in d\u00fczenli olarak kontrol edilmesi gereklidir. \u00d6nleyici bak\u0131m \u00f6nlemleri aras\u0131nda a\u015f\u0131nm\u0131\u015f par\u00e7alar\u0131n zaman\u0131nda de\u011fi\u015ftirilmesi ve i\u00e7 ve d\u0131\u015f y\u00fczeylerin temizlenmesi yer al\u0131r.<\/p>\n<p>Kurulum K\u0131lavuzu:<br \/>\n1. Montaj y\u00fczeyinin d\u00fcz ve temiz oldu\u011fundan emin olun.<br \/>\n2. Silindiri, silindir g\u00f6vdesi \u00fczerinde i\u015faretli montaj konumuna g\u00f6re tak\u0131n.<br \/>\n3. Hidrolik hortumlar\u0131 silindirin giri\u015f ve \u00e7\u0131k\u0131\u015f portlar\u0131na ba\u011flay\u0131n.<br \/>\n4. Do\u011fru \u00e7al\u0131\u015ft\u0131\u011f\u0131ndan emin olmak i\u00e7in bir test \u00e7al\u0131\u015ft\u0131rmas\u0131 ger\u00e7ekle\u015ftirin.<\/p>\n<p><img decoding=\"async\" src=\"https:\/\/www.hydraulic-cylinders.net\/wp-content\/uploads\/2025\/01\/songte-bushings-with-all-kinds-of-excavator-models.webp\"\/><\/p>\n<p>G\u00fcvenlik Hususlar\u0131 ve \u00c7evresel Fakt\u00f6rler:<br \/>\nKaza riskini \u00f6nlemek ve personel ile ekipman g\u00fcvenli\u011fini sa\u011flamak i\u00e7in kol silindiri g\u00fcvenlik standartlar\u0131na uygun olarak \u00e7al\u0131\u015ft\u0131r\u0131lmal\u0131d\u0131r. \u00c7evresel etkiyi en aza indirmek i\u00e7in \u00e7evre dostu hidrolik ya\u011f kullan\u0131lmas\u0131 \u00f6nerilir.<\/p>\n<p>Sorun Giderme ve Yayg\u0131n Sorunlar:<br \/>\n\u2013 Yetersiz kuvvet \u00e7\u0131k\u0131\u015f\u0131: Hidrolik sistem bas\u0131nc\u0131n\u0131 ve ak\u0131\u015f h\u0131z\u0131n\u0131 kontrol edin.<br \/>\n\u2013 S\u0131z\u0131nt\u0131: S\u0131zd\u0131rmazl\u0131k elemanlar\u0131n\u0131 kontrol edin ve ba\u011flant\u0131 c\u0131vatalar\u0131n\u0131 s\u0131k\u0131n.<br \/>\n\u2013 Anormal ses: Hasarl\u0131 par\u00e7alar\u0131 ve yanl\u0131\u015f montaj\u0131 kontrol edin.<\/p>\n<p>Ar\u0131za Giderme ve \u00d6nleme Tedbirleri:<br \/>\nA\u015f\u0131nm\u0131\u015f par\u00e7alar\u0131n derhal de\u011fi\u015ftirilmesi, d\u00fczenli kontrol ve bak\u0131m, do\u011fru kullan\u0131m ve \u00e7al\u0131\u015ft\u0131rma, ar\u0131zalar\u0131n \u00f6nlenmesine ve kol silindirinin d\u00fczg\u00fcn \u00e7al\u0131\u015fmas\u0131n\u0131n sa\u011flanmas\u0131na yard\u0131mc\u0131 olabilir.<\/p>\n<p><img decoding=\"async\" src=\"https:\/\/www.hydraulic-cylinders.net\/wp-content\/uploads\/2025\/01\/songte-chushion-collar.webp\"\/><\/p>\n<p>Geni\u015f \u00fcr\u00fcn yelpazesine sahip profesyonel bir alternatif hidrolik silindir \u00fcreticisiyiz ve hem yurt i\u00e7i hem de uluslararas\u0131 pazarlarda \u00f6nde gelen hidrolik silindir \u00fcreticilerinden ve toptanc\u0131lar\u0131ndan biri haline geldik. Her zaman m\u00fckemmel kalite ilkesine ba\u011fl\u0131 kal\u0131yoruz ve geli\u015fmi\u015f \u00fcretim at\u00f6lyeleri ve end\u00fcstriyel \u00fcretim y\u00f6netim stratejileri yard\u0131m\u0131yla teknolojimizi ve \u00fcretim verimlili\u011fimizi s\u00fcrekli olarak geli\u015ftiriyoruz. Geli\u015fmi\u015f dijital \u00fcretim ekipmanlar\u0131 ve profesyonel test sistemleri kullanarak, \u00fcretim platformunu s\u00fcrekli olarak optimize ediyor, \u00fcr\u00fcn kalite kontrol s\u00fcrecini iyile\u015ftiriyor ve g\u00fc\u00e7l\u00fc inovasyon yeteneklerine sahibiz. Amac\u0131m\u0131z, y\u00fcksek verimlilik, do\u011fruluk ve y\u00fcksek kalite ilkeleriyle m\u00fc\u015fterilerin \u00e7e\u015fitli ihtiya\u00e7lar\u0131n\u0131 kar\u015f\u0131lamakt\u0131r.<\/p>\n<p>\u015eirketimiz, uluslararas\u0131 sertifikasyon, \u00f6zelle\u015ftirilmi\u015f hizmetler, \u00fcretim ekipmanlar\u0131 ve sat\u0131\u015f sonras\u0131 hizmetler de dahil olmak \u00fczere profesyonel hizmetler sunmaktad\u0131r.<\/p>\n<p><img decoding=\"async\" src=\"https:\/\/www.hydraulic-cylinders.net\/wp-content\/uploads\/2025\/01\/songte-company-4.webp\"\/><\/p>\n<p><img decoding=\"async\" src=\"https:\/\/www.hydraulic-cylinders.net\/wp-content\/uploads\/2025\/01\/songte-company-3.webp\"\/><\/p>\n<p>Yazar: lyl.<\/p>","protected":false},"excerpt":{"rendered":"<p>Arm Cylinder for Caterpillar Small Excavator E312DL Arm cylinder is a specially designed hydraulic cylinder that is mainly used to provide linear motion and power to the arms of various machinery, such as excavators, cranes, and mechanical arms. The arm cylinder plays a key role in the hydraulic system, allowing additional tools or attachments to [&hellip;]<\/p>","protected":false},"featured_media":14766,"comment_status":"open","ping_status":"closed","template":"","meta":{"_et_pb_use_builder":"","_et_pb_old_content":"","_et_gb_content_width":""},"product_brand":[],"product_cat":[1497],"product_tag":[1498,1496],"class_list":{"0":"post-16130","1":"product","2":"type-product","3":"status-publish","4":"has-post-thumbnail","6":"product_cat-arm-cylinders","7":"product_tag-arm-cylinders","8":"product_tag-hydraulic-cylinders","10":"first","11":"instock","12":"shipping-taxable","13":"product-type-simple"},"amp_enabled":true,"_links":{"self":[{"href":"https:\/\/www.hydraulic-cylinders.net\/tr\/wp-json\/wp\/v2\/product\/16130","targetHints":{"allow":["GET"]}}],"collection":[{"href":"https:\/\/www.hydraulic-cylinders.net\/tr\/wp-json\/wp\/v2\/product"}],"about":[{"href":"https:\/\/www.hydraulic-cylinders.net\/tr\/wp-json\/wp\/v2\/types\/product"}],"replies":[{"embeddable":true,"href":"https:\/\/www.hydraulic-cylinders.net\/tr\/wp-json\/wp\/v2\/comments?post=16130"}],"wp:featuredmedia":[{"embeddable":true,"href":"https:\/\/www.hydraulic-cylinders.net\/tr\/wp-json\/wp\/v2\/media\/14766"}],"wp:attachment":[{"href":"https:\/\/www.hydraulic-cylinders.net\/tr\/wp-json\/wp\/v2\/media?parent=16130"}],"wp:term":[{"taxonomy":"product_brand","embeddable":true,"href":"https:\/\/www.hydraulic-cylinders.net\/tr\/wp-json\/wp\/v2\/product_brand?post=16130"},{"taxonomy":"product_cat","embeddable":true,"href":"https:\/\/www.hydraulic-cylinders.net\/tr\/wp-json\/wp\/v2\/product_cat?post=16130"},{"taxonomy":"product_tag","embeddable":true,"href":"https:\/\/www.hydraulic-cylinders.net\/tr\/wp-json\/wp\/v2\/product_tag?post=16130"}],"curies":[{"name":"wp","href":"https:\/\/api.w.org\/{rel}","templated":true}]}}