{"id":16137,"date":"2025-01-20T08:32:30","date_gmt":"2025-01-20T08:32:30","guid":{"rendered":"https:\/\/www.hydraulic-cylinders.net\/product\/arm-cylinderfor-caterpillar-small-excavator-e315c\/"},"modified":"2025-01-20T08:32:32","modified_gmt":"2025-01-20T08:32:32","slug":"arm-cylinderfor-caterpillar-small-excavator-e315c","status":"publish","type":"product","link":"https:\/\/www.hydraulic-cylinders.net\/tr\/urun\/arm-cylinderfor-caterpillar-small-excavator-e315c\/","title":{"rendered":"Caterpillar K\u00fc\u00e7\u00fck Ekskavat\u00f6r E315C i\u00e7in Kol Silindiri"},"content":{"rendered":"<h1>Caterpillar K\u00fc\u00e7\u00fck Ekskavat\u00f6r E315C i\u00e7in Kol Silindiri<\/h1>\n<h2>girii\u015f<\/h2>\n<p>Kol silindiri, ekskavat\u00f6rler, vin\u00e7ler ve robot kollar\u0131 gibi \u00e7e\u015fitli makinelerin koluna do\u011frusal hareket ve g\u00fc\u00e7 sa\u011flamak i\u00e7in kullan\u0131lan \u00f6zel olarak tasarlanm\u0131\u015f bir hidrolik silindirdir. Kol silindiri, hidrolik sistemlerde hayati bir rol oynayarak ek aletlerin veya ata\u015fmanlar\u0131n verimli hareketini ve kontrol\u00fcn\u00fc sa\u011flar. Bu silindirler sadece d\u00fczg\u00fcn hareket sa\u011flamakla kalmaz, ayn\u0131 zamanda a\u011f\u0131r y\u00fckleri de ta\u015f\u0131yarak makinelerin \u00e7e\u015fitli \u00e7al\u0131\u015fma ko\u015fullar\u0131nda verimli \u00e7al\u0131\u015fmas\u0131n\u0131 ve g\u00fcvenilirli\u011fini garanti eder.<\/p>\n<h3>Tan\u0131m ve A\u00e7\u0131klama<\/h3>\n<p>Ekskavat\u00f6r kol silindiri veya hidrolik kol silindiri olarak da bilinen kol silindiri, hidrolik sistemlerde \u00f6nemli bir bile\u015fendir. Makinenin koluna do\u011frusal hareket ve kuvvet sa\u011flamaktan sorumludur ve bu sayede tak\u0131l\u0131 aletlerin veya aksesuarlar\u0131n hassas kontrol\u00fc ve hareketi sa\u011flan\u0131r. Kol silindirleri genellikle y\u00fcksek mukavemetli malzemelerden \u00fcretilir ve dayan\u0131kl\u0131l\u0131k, a\u015f\u0131nmaya ve korozyona kar\u015f\u0131 diren\u00e7 sa\u011flar. A\u011f\u0131r y\u00fckleri ta\u015f\u0131ma ve sorunsuz \u00e7al\u0131\u015fma yetenekleriyle bu silindirler, \u00e7e\u015fitli end\u00fcstrilerdeki makinelerin verimli \u00e7al\u0131\u015fmas\u0131 i\u00e7in vazge\u00e7ilmezdir.<\/p>\n<p><img decoding=\"async\" src=\"https:\/\/www.hydraulic-cylinders.net\/wp-content\/uploads\/2025\/01\/songte-company-2.webp\" alt=\"Kol Silindiri\" \/><\/p>\n<h2>\u00d6zellikler<\/h2>\n<ul>\n<li><strong>Y\u00fcksek Verimli \u015eanz\u0131man:<\/strong> Kol silindiri, g\u00fc\u00e7l\u00fc do\u011frusal hareket ve kuvvet sa\u011flayarak makine kolunun y\u00fcksek performans kapasitesini garanti eder.<\/li>\n<li><strong>Hassas Kontrol:<\/strong> Hidrolik sistem sayesinde kol silindiri hassas hareket kontrol\u00fc sa\u011flayarak tak\u0131m operasyonlar\u0131n\u0131n esnekli\u011fini ve do\u011frulu\u011funu art\u0131r\u0131r.<\/li>\n<li><strong>Dayan\u0131kl\u0131l\u0131k:<\/strong> Kol silindirleri, y\u00fcksek mukavemetli malzemeler kullan\u0131larak \u00fcretilir ve a\u015f\u0131nmaya ve korozyona kar\u015f\u0131 m\u00fckemmel diren\u00e7 g\u00f6stererek zorlu ortamlarda uzun s\u00fcreli kullan\u0131ma uygun hale gelir.<\/li>\n<li><strong>\u00c7ok Fonksiyonlu Uyarlanabilirlik:<\/strong> Bu silindirler, ekskavat\u00f6rler, vin\u00e7ler ve robotik kollar da dahil olmak \u00fczere \u00e7e\u015fitli makine t\u00fcrlerinde geni\u015f uygulama alanlar\u0131 bulmakta ve farkl\u0131 operasyonel ihtiya\u00e7lar\u0131 kar\u015f\u0131lamaktad\u0131r.<\/li>\n<li><strong>Bak\u0131m Kolayl\u0131\u011f\u0131:<\/strong> Bak\u0131m ve de\u011fi\u015ftirme kolayl\u0131\u011f\u0131 g\u00f6z \u00f6n\u00fcnde bulundurularak tasarlanan kol silindirleri, periyodik incelemeleri ve bak\u0131m\u0131 kolayla\u015ft\u0131rarak ekipman ar\u0131za s\u00fcresini en aza indirir.<\/li>\n<\/ul>\n<p><img decoding=\"async\" src=\"https:\/\/www.hydraulic-cylinders.net\/wp-content\/uploads\/2025\/01\/songte-oil-pipes-and-spare-parts.webp\" alt=\"Kol Silindiri\" \/><\/p>\n<h2>Uygulamalar<\/h2>\n<p>Kol silindiri \u00e7e\u015fitli end\u00fcstri ve sekt\u00f6rlerde uygulama alan\u0131 bulmaktad\u0131r:<\/p>\n<h3>1. \u0130n\u015faat M\u00fchendisli\u011fi<\/h3>\n<p>Kaz\u0131c\u0131 makinelerde ve vin\u00e7lerde, kol silindiri kep\u00e7enin veya bomun hareketini kontrol ederek toprak ta\u015f\u0131ma, malzeme ta\u015f\u0131ma ve yap\u0131sal kurulum i\u015flemlerini m\u00fcmk\u00fcn k\u0131lar.<\/p>\n<h3>2. \u00dcretim Sanayi<\/h3>\n<p>Otomatik \u00fcretim hatlar\u0131nda, kol silindiri robot kollar\u0131n\u0131n hareketini kolayla\u015ft\u0131rarak montaj, kaynak ve malzeme ta\u015f\u0131ma s\u00fcre\u00e7lerini destekler ve b\u00f6ylece \u00fcretim verimlili\u011fini ve hassasiyetini art\u0131r\u0131r.<\/p>\n<h3>3. Tar\u0131m Makinalar\u0131<\/h3>\n<p>Bi\u00e7erd\u00f6ver ve tohum ekme makineleri gibi tar\u0131m makinelerinde, kol silindiri \u00e7al\u0131\u015fma kollar\u0131n\u0131n hareketini kontrol ederek tohum ekme, g\u00fcbreleme ve hasat gibi i\u015flemleri kolayla\u015ft\u0131r\u0131r.<\/p>\n<h3>4. Madencilik<\/h3>\n<p>Madencilik ekipmanlar\u0131nda, kol silindiri madencilik aletinin hareketini kontrol ederek minerallerin \u00e7\u0131kar\u0131lmas\u0131n\u0131 ve ta\u015f\u0131nmas\u0131n\u0131 sa\u011flar.<\/p>\n<h3>5. Lojistik ve Ta\u015f\u0131mac\u0131l\u0131k<\/h3>\n<p>Forkliftlerde ve ta\u015f\u0131ma robotlar\u0131nda, kol silindiri \u00e7atallar\u0131n kald\u0131r\u0131lmas\u0131n\u0131 ve hareketini kontrol ederek malzemelerin ta\u015f\u0131nmas\u0131n\u0131 ve istiflenmesini sa\u011flar.<\/p>\n<p><img decoding=\"async\" src=\"https:\/\/www.hydraulic-cylinders.net\/wp-content\/uploads\/2025\/01\/songte-chushion-collar.webp\" alt=\"Kol Silindiri\" \/><\/p>\n<h2>Tasar\u0131m Hususlar\u0131 ve Se\u00e7im Kriterleri<\/h2>\n<p>Kol silindirlerinin tasar\u0131m\u0131 ve se\u00e7imi s\u00f6z konusu oldu\u011funda, \u00e7e\u015fitli fakt\u00f6rler dikkate al\u0131nmal\u0131d\u0131r:<\/p>\n<h3>1. Y\u00fck Ta\u015f\u0131ma Kapasitesi<\/h3>\n<p>Kol silindiri, \u00e7al\u0131\u015fma s\u0131ras\u0131nda kar\u015f\u0131la\u015faca\u011f\u0131 beklenen y\u00fck ve kuvvetlere dayanacak \u015fekilde tasarlanmal\u0131d\u0131r.<\/p>\n<h3>2. S\u0131zd\u0131rmazl\u0131k<\/h3>\n<p>Etkili bir s\u0131zd\u0131rmazl\u0131k sa\u011flamak i\u00e7in piston contalar\u0131 ve mil contalar\u0131 gibi \u00e7e\u015fitli s\u0131zd\u0131rmazl\u0131k elemanlar\u0131 kullan\u0131lmal\u0131d\u0131r. Bu contalar genellikle poli\u00fcretan ve nitril kau\u00e7uk gibi a\u015f\u0131nmaya dayan\u0131kl\u0131 malzemelerden yap\u0131l\u0131r.<\/p>\n<h3>3. Dayan\u0131kl\u0131l\u0131k<\/h3>\n<p>Silindir g\u00f6vdesi ve di\u015fli u\u00e7lar\u0131, a\u015f\u0131nma direncini ve genel dayan\u0131kl\u0131l\u0131\u011f\u0131 art\u0131rmak i\u00e7in titiz bir i\u015flemden ge\u00e7irilmelidir.<\/p>\n<h3>4. G\u00fcvenlik<\/h3>\n<p>Kol silindirleri, kazalar\u0131 \u00f6nlemek ve \u00e7al\u0131\u015fma s\u0131ras\u0131nda operat\u00f6r\u00fcn g\u00fcvenli\u011fini sa\u011flamak i\u00e7in g\u00fcvenlik \u00f6zellikleriyle tasarlanmal\u0131d\u0131r.<\/p>\n<h3>5. Bak\u0131m<\/h3>\n<p>Bak\u0131m ve onar\u0131mlar\u0131n kolayla\u015ft\u0131r\u0131lmas\u0131, ar\u0131za s\u00fcrelerinin en aza indirilmesi ve verimlili\u011fin en \u00fcst d\u00fczeye \u00e7\u0131kar\u0131lmas\u0131 i\u00e7in gerekli hususlar g\u00f6z \u00f6n\u00fcnde bulundurulmal\u0131d\u0131r.<\/p>\n<p><img decoding=\"async\" src=\"https:\/\/www.hydraulic-cylinders.net\/wp-content\/uploads\/2025\/01\/songte-cylinder-head-with-all-kinds-excavator-models.webp\" alt=\"Kol Silindiri\" \/><\/p>\n<h2>S\u0131zd\u0131rmazl\u0131k ve Ya\u011flama<\/h2>\n<p>Kol silindirleri, a\u015f\u0131nmaya dayan\u0131kl\u0131 malzemelerden yap\u0131lm\u0131\u015f piston contalar\u0131 ve mil contalar\u0131 gibi \u00e7e\u015fitli s\u0131zd\u0131rmazl\u0131k bile\u015fenlerini i\u00e7erir. Silindir g\u00f6vdesi ve di\u015fli u\u00e7lar\u0131, a\u015f\u0131nma direncini art\u0131rmak i\u00e7in hassas bir i\u015flemden ge\u00e7irilir. Kol silindirinin optimum performans\u0131n\u0131 ve uzun \u00f6mr\u00fcn\u00fc sa\u011flamak i\u00e7in uygun hidrolik ya\u011f ile d\u00fczenli ya\u011flama gereklidir.<\/p>\n<h2>D\u00fczenli Muayene ve \u00d6nleyici Bak\u0131m<\/h2>\n<p>Kol silindirinin g\u00fcvenilirli\u011fini ve uzun \u00f6mr\u00fcn\u00fc sa\u011flamak i\u00e7in d\u00fczenli kontroller ve \u00f6nleyici bak\u0131m \u015fartt\u0131r. A\u015fa\u011f\u0131daki \u00f6nlemler al\u0131nmal\u0131d\u0131r:<\/p>\n<ul>\n<li>S\u0131z\u0131nt\u0131, hasar veya anormal a\u015f\u0131nma belirtileri olup olmad\u0131\u011f\u0131n\u0131 kontrol edin.<\/li>\n<li>Gev\u015fek ba\u011flant\u0131lar\u0131 kontrol edin ve s\u0131k\u0131n.<\/li>\n<li>A\u015f\u0131nm\u0131\u015f contalar\u0131 ve par\u00e7alar\u0131 derhal de\u011fi\u015ftirin.<\/li>\n<li>Kirlenmeyi \u00f6nlemek i\u00e7in silindiri ve \u00e7evresini temiz tutun.<\/li>\n<\/ul>\n<h2>\u00dcr\u00fcn Kurulum K\u0131lavuzu<\/h2>\n<p>Kol silindirinin do\u011fru montaj\u0131, optimum \u00e7al\u0131\u015fmas\u0131 i\u00e7in \u00e7ok \u00f6nemlidir. Ba\u015far\u0131l\u0131 bir montaj i\u00e7in \u015fu ad\u0131mlar\u0131 izleyin:<\/p>\n<ol>\n<li>Ekipman\u0131n kapal\u0131 ve sabit durumda oldu\u011fundan emin olun.<\/li>\n<li>Montaj i\u00e7in kol silindirini do\u011fru konuma yerle\u015ftirin.<\/li>\n<li>Silindirin montaj deliklerini makinedeki kar\u015f\u0131l\u0131k gelen deliklerle hizalay\u0131n.<\/li>\n<li>Silindiri uygun ba\u011flant\u0131 elemanlar\u0131n\u0131 kullanarak yerine sabitleyin.<\/li>\n<li>Herhangi bir hizalama hatas\u0131 veya uyumsuzluk olup olmad\u0131\u011f\u0131n\u0131 kontrol edin ve gerekli ayarlamalar\u0131 yap\u0131n.<\/li>\n<li>T\u00fcm ba\u011flant\u0131 elemanlar\u0131n\u0131 \u00fcreticinin belirtti\u011fi tork de\u011ferlerine g\u00f6re s\u0131k\u0131n.<\/li>\n<\/ol>\n<p><img decoding=\"async\" src=\"https:\/\/www.hydraulic-cylinders.net\/wp-content\/uploads\/2025\/01\/songte-bushings-with-all-kinds-of-excavator-models.webp\" alt=\"Kol Silindiri\" \/><\/p>\n<h2>G\u00fcvenlik Hususlar\u0131 ve \u00c7evresel Fakt\u00f6rler<\/h2>\n<p>Kol silindirli makineleri \u00e7al\u0131\u015ft\u0131r\u0131rken, kazalar\u0131 \u00f6nlemek ve operat\u00f6rlerin g\u00fcvenli\u011fini sa\u011flamak i\u00e7in g\u00fcvenlik \u00f6nlemleri \u00e7ok \u00f6nemlidir. Hidrolik sistemler ve bile\u015fenleriyle \u00e7al\u0131\u015f\u0131rken g\u00fcvenlik \u00f6nlemlerine ve y\u00f6nergelerine uyulmas\u0131 son derece \u00f6nemlidir. Kol silindirinin optimum performans\u0131n\u0131 ve uzun \u00f6mr\u00fcn\u00fc sa\u011flamak i\u00e7in s\u0131cakl\u0131k ve zorlu ko\u015fullara maruz kalma gibi \u00e7evresel fakt\u00f6rler de dikkate al\u0131nmal\u0131d\u0131r.<\/p>\n<h2>Sorun Giderme ve Yayg\u0131n Sorunlar<\/h2>\n<p>Kol silindirlerinin g\u00fcvenilirli\u011fine ra\u011fmen, zaman zaman sorunlar ortaya \u00e7\u0131kabilir. \u0130\u015fte baz\u0131 yayg\u0131n sorunlar ve \u00e7\u00f6z\u00fcmleri:<\/p>\n<ul>\n<li><strong>Sorun:<\/strong> Silindirden s\u0131z\u0131nt\u0131.<br \/>\n    <br \/><strong>\u00c7\u00f6z\u00fcm:<\/strong> Hasarl\u0131 contalar\u0131 veya bile\u015fenleri kontrol edin ve gerekirse de\u011fi\u015ftirin. Do\u011fru montaj\u0131 ve ba\u011flant\u0131lar\u0131n s\u0131k\u0131l\u0131\u011f\u0131n\u0131 sa\u011flay\u0131n.<\/li>\n<li><strong>Sorun:<\/strong> \u00c7al\u0131\u015fma s\u0131ras\u0131nda anormal g\u00fcr\u00fclt\u00fc.<br \/>\n    <br \/><strong>\u00c7\u00f6z\u00fcm:<\/strong> Gev\u015fek veya a\u015f\u0131nm\u0131\u015f par\u00e7alar\u0131 kontrol edin. Ba\u011flant\u0131lar\u0131 s\u0131k\u0131n ve hasarl\u0131 par\u00e7alar\u0131 de\u011fi\u015ftirin.<\/li>\n<li><strong>Sorun:<\/strong> Yava\u015f veya tepkisiz hareket.<br \/>\n    <br \/><strong>\u00c7\u00f6z\u00fcm:<\/strong> Hidrolik s\u0131v\u0131 seviyelerini ve sistem bas\u0131nc\u0131n\u0131 kontrol edin. Gerekti\u011finde filtreleri temizleyin veya de\u011fi\u015ftirin. Hidrolik hatlarda herhangi bir t\u0131kan\u0131kl\u0131k veya k\u0131s\u0131tlama olup olmad\u0131\u011f\u0131n\u0131 inceleyin.<\/li>\n<\/ul>\n<p><img decoding=\"async\" src=\"https:\/\/www.hydraulic-cylinders.net\/wp-content\/uploads\/2025\/01\/songte-chushion-collar.webp\" alt=\"Kol Silindiri\" \/><\/p>\n<p>Bu sorun giderme ipu\u00e7lar\u0131n\u0131 izleyerek ve \u00f6nleyici tedbirleri uygulayarak, kullan\u0131c\u0131lar kol silindirleriyle ilgili sorunlar\u0131 etkili bir \u015fekilde te\u015fhis edebilir ve \u00e7\u00f6zebilirler. D\u00fczenli bak\u0131m ve \u00f6nerilen uygulamalara uyulmas\u0131, potansiyel sorunlar\u0131 en aza indirebilir ve optimum performans\u0131 sa\u011flayabilir.<\/p>\n<h2>Hakk\u0131m\u0131zda<\/h2>\n<p>Profesyonel bir hidrolik silindir yedek par\u00e7a \u00fcreticisiyiz ve geni\u015f bir \u00fcr\u00fcn yelpazesi sunuyoruz. Hem yurt i\u00e7i hem de uluslararas\u0131 pazarlarda \u00f6nde gelen hidrolik silindir \u00fcreticilerinden ve toptanc\u0131lar\u0131ndan biri haline geldik. Kalitede m\u00fckemmelli\u011fe ve end\u00fcstriyel \u00fcretime olan ba\u011fl\u0131l\u0131\u011f\u0131m\u0131zla \u00f6ne \u00e7\u0131k\u0131yoruz.<\/p>","protected":false},"excerpt":{"rendered":"<p>Arm CylinderFor Caterpillar Small Excavator E315C Introduction The arm cylinder is a specially designed hydraulic cylinder that is used to provide linear motion and power to the arm of various machinery, such as excavators, cranes, and robotic arms. The arm cylinder plays a crucial role in hydraulic systems, enabling the efficient movement and control of [&hellip;]<\/p>","protected":false},"featured_media":14774,"comment_status":"open","ping_status":"closed","template":"","meta":{"_et_pb_use_builder":"","_et_pb_old_content":"","_et_gb_content_width":""},"product_brand":[],"product_cat":[1497],"product_tag":[1498,1496],"class_list":{"0":"post-16137","1":"product","2":"type-product","3":"status-publish","4":"has-post-thumbnail","6":"product_cat-arm-cylinders","7":"product_tag-arm-cylinders","8":"product_tag-hydraulic-cylinders","10":"first","11":"instock","12":"shipping-taxable","13":"product-type-simple"},"amp_enabled":true,"_links":{"self":[{"href":"https:\/\/www.hydraulic-cylinders.net\/tr\/wp-json\/wp\/v2\/product\/16137","targetHints":{"allow":["GET"]}}],"collection":[{"href":"https:\/\/www.hydraulic-cylinders.net\/tr\/wp-json\/wp\/v2\/product"}],"about":[{"href":"https:\/\/www.hydraulic-cylinders.net\/tr\/wp-json\/wp\/v2\/types\/product"}],"replies":[{"embeddable":true,"href":"https:\/\/www.hydraulic-cylinders.net\/tr\/wp-json\/wp\/v2\/comments?post=16137"}],"wp:featuredmedia":[{"embeddable":true,"href":"https:\/\/www.hydraulic-cylinders.net\/tr\/wp-json\/wp\/v2\/media\/14774"}],"wp:attachment":[{"href":"https:\/\/www.hydraulic-cylinders.net\/tr\/wp-json\/wp\/v2\/media?parent=16137"}],"wp:term":[{"taxonomy":"product_brand","embeddable":true,"href":"https:\/\/www.hydraulic-cylinders.net\/tr\/wp-json\/wp\/v2\/product_brand?post=16137"},{"taxonomy":"product_cat","embeddable":true,"href":"https:\/\/www.hydraulic-cylinders.net\/tr\/wp-json\/wp\/v2\/product_cat?post=16137"},{"taxonomy":"product_tag","embeddable":true,"href":"https:\/\/www.hydraulic-cylinders.net\/tr\/wp-json\/wp\/v2\/product_tag?post=16137"}],"curies":[{"name":"wp","href":"https:\/\/api.w.org\/{rel}","templated":true}]}}