{"id":16154,"date":"2025-01-20T08:34:05","date_gmt":"2025-01-20T08:34:05","guid":{"rendered":"https:\/\/www.hydraulic-cylinders.net\/product\/arm-cylinderfor-caterpillar-middle-excavator-e320dlrr\/"},"modified":"2025-01-20T08:34:07","modified_gmt":"2025-01-20T08:34:07","slug":"arm-cylinderfor-caterpillar-middle-excavator-e320dlrr","status":"publish","type":"product","link":"https:\/\/www.hydraulic-cylinders.net\/tr\/urun\/arm-cylinderfor-caterpillar-middle-excavator-e320dlrr\/","title":{"rendered":"Caterpillar E320DLRR Orta Ekskavat\u00f6r i\u00e7in Kol Silindiri"},"content":{"rendered":"<p>Caterpillar E320DLRR Orta Ekskavat\u00f6r \u0130\u00e7in Kol Silindiri<\/p>\n<p>girii\u015f<\/p>\n<p>Kol silindiri, ekskavat\u00f6rler, vin\u00e7ler ve mekanik kollar gibi \u00e7e\u015fitli makine kollar\u0131n\u0131n do\u011frusal hareketini ve g\u00fcc\u00fcn\u00fc sa\u011flamak i\u00e7in \u00f6zel olarak tasarlanm\u0131\u015f bir hidrolik silindirdir. Kol silindirleri, hidrolik sistemlerde \u00e7ok \u00f6nemli bir rol oynayarak, ata\u015fmanlar\u0131n veya aksesuarlar\u0131n etkili bir \u015fekilde hareket etmesini ve kontrol edilmesini sa\u011flar. Bu silindirler sadece d\u00fczg\u00fcn hareket sa\u011flamakla kalmaz, ayn\u0131 zamanda a\u011f\u0131r y\u00fckleri de ta\u015f\u0131yarak, \u00e7e\u015fitli \u00e7al\u0131\u015fma ko\u015fullar\u0131nda makinelerin verimli \u00e7al\u0131\u015fmas\u0131n\u0131 ve g\u00fcvenilirli\u011fini sa\u011flar.<\/p>\n<p><img decoding=\"async\" src=\"https:\/\/www.hydraulic-cylinders.net\/wp-content\/uploads\/2025\/01\/songte-company-2.webp\"><\/p>\n<p>\u00d6zellikler<\/p>\n<p>Kol silindiri, hidrolik sistemlerin vazge\u00e7ilmez bir bile\u015feni olmas\u0131n\u0131 sa\u011flayan \u00e7e\u015fitli \u00f6zellikler sunar. Bu \u00f6zelliklerden baz\u0131lar\u0131 \u015funlard\u0131r:<\/p>\n<p>1. Y\u00fcksek verimli aktar\u0131m: Kol silindiri g\u00fc\u00e7l\u00fc do\u011frusal hareket ve kuvvet sa\u011flayarak, mekanik kolun \u00e7e\u015fitli i\u015flemler s\u0131ras\u0131nda y\u00fcksek verimlilikte performans g\u00f6stermesini garanti eder.<\/p>\n<p>2. Hassas kontrol: Kol silindiri, hidrolik sistem arac\u0131l\u0131\u011f\u0131yla hassas hareket kontrol\u00fc sa\u011flayarak ata\u015fmanlar\u0131n \u00e7al\u0131\u015fmas\u0131n\u0131 daha esnek ve do\u011fru hale getirir.<\/p>\n<p>3. Y\u00fcksek dayan\u0131kl\u0131l\u0131k: Kol silindirleri genellikle y\u00fcksek mukavemetli, a\u015f\u0131nmaya ve korozyona dayan\u0131kl\u0131 malzemelerden \u00fcretilir, bu da onlar\u0131 zorlu ortamlarda uzun s\u00fcreli kullan\u0131m i\u00e7in uygun hale getirir.<\/p>\n<p>4. \u00c7ok y\u00f6nl\u00fc uyarlanabilirlik: Bu silindirler, farkl\u0131 i\u015f gereksinimlerini kar\u015f\u0131lamak \u00fczere ekskavat\u00f6rler, vin\u00e7ler ve mekanik kollar gibi \u00e7e\u015fitli mekanik ekipmanlarda yayg\u0131n olarak kullan\u0131labilir.<\/p>\n<p>5. Kolay bak\u0131m: Tasar\u0131m, bak\u0131m ve de\u011fi\u015ftirme kolayl\u0131\u011f\u0131n\u0131 g\u00f6z \u00f6n\u00fcnde bulundurarak d\u00fczenli denetim ve bak\u0131m\u0131 daha kolay hale getirir ve ekipman ar\u0131za s\u00fcresini azalt\u0131r.<\/p>\n<p><img decoding=\"async\" src=\"https:\/\/www.hydraulic-cylinders.net\/wp-content\/uploads\/2025\/01\/songte-oil-pipes-and-spare-parts.webp\"><\/p>\n<p>Uygulamalar<\/p>\n<p>Kol silindirinin \u00e7e\u015fitli alanlarda bir\u00e7ok uygulamas\u0131 bulunmaktad\u0131r, \u00f6rne\u011fin:<\/p>\n<p>1. \u0130n\u015faat projeleri: Ekskavat\u00f6rlerde ve vin\u00e7lerde, kol silindiri, toprak i\u015fleri, malzeme ta\u015f\u0131ma ve yap\u0131sal montaj i\u015flemlerini ger\u00e7ekle\u015ftirirken kep\u00e7elerin veya bomlar\u0131n hareketini kontrol etmek i\u00e7in kullan\u0131l\u0131r.<\/p>\n<p>2. \u0130malat sanayi: Otomatik \u00fcretim hatlar\u0131nda, kol silindiri mekanik kollar\u0131n hareket ettirilmesi, montaj, kaynak ve ta\u015f\u0131ma i\u015flemlerinin ger\u00e7ekle\u015ftirilmesi i\u00e7in kullan\u0131l\u0131r ve \u00fcretim verimlili\u011fini ve do\u011frulu\u011funu art\u0131r\u0131r.<\/p>\n<p>3. Tar\u0131m makineleri: Bi\u00e7erd\u00f6ver ve tohum ekme makinesi gibi tar\u0131m makinelerinde, kol silindiri \u00e7al\u0131\u015fma kollar\u0131n\u0131n hareketini kontrol ederek tohum ekme, g\u00fcbreleme ve hasat i\u015flemlerini ger\u00e7ekle\u015ftirir.<\/p>\n<p>4. Madencilik sekt\u00f6r\u00fc: Madencilik ekipmanlar\u0131nda, kol silindiri, madencilik ekipman\u0131n\u0131n kol hareketini kontrol etmek, cevher \u00e7\u0131karma ve ta\u015f\u0131ma i\u015flemlerini ger\u00e7ekle\u015ftirmek i\u00e7in kullan\u0131l\u0131r.<\/p>\n<p>5. Lojistik ve ta\u015f\u0131mac\u0131l\u0131k: Forkliftlerde ve ta\u015f\u0131ma robotlar\u0131nda, kol silindiri, \u00e7atallar\u0131n kald\u0131rma ve hareketini kontrol etmek, malzeme ta\u015f\u0131ma ve istifleme i\u015flemlerini ger\u00e7ekle\u015ftirmek i\u00e7in kullan\u0131l\u0131r.<\/p>\n<p>Tasar\u0131m Hususlar\u0131 ve Se\u00e7im Kriterleri<\/p>\n<p>Kol silindirinin tasar\u0131m\u0131 ve se\u00e7imi yap\u0131l\u0131rken \u00e7e\u015fitli fakt\u00f6rler g\u00f6z \u00f6n\u00fcnde bulundurulmal\u0131d\u0131r, \u00f6rne\u011fin:<\/p>\n<p>1. Ta\u015f\u0131ma kapasitesi: Silindir, \u00e7al\u0131\u015fma s\u0131ras\u0131nda ama\u00e7lanan y\u00fck\u00fc ta\u015f\u0131yabilecek kapasitede olmal\u0131d\u0131r.<\/p>\n<p>2. S\u0131zd\u0131rmazl\u0131k: Silindirde, iyi bir s\u0131zd\u0131rmazl\u0131k performans\u0131 sa\u011flamak i\u00e7in poli\u00fcretan ve nitril kau\u00e7uk gibi a\u015f\u0131nmaya dayan\u0131kl\u0131 malzemelerden yap\u0131lm\u0131\u015f piston contalar\u0131, mil contalar\u0131 vb. gibi y\u00fcksek kaliteli s\u0131zd\u0131rmazl\u0131k bile\u015fenleri kullan\u0131lmal\u0131d\u0131r.<\/p>\n<p>3. Dayan\u0131kl\u0131l\u0131k: Silindirin g\u00f6vdesi y\u00fcksek mukavemetli malzemelerden yap\u0131lmal\u0131 ve a\u015f\u0131nma direncini art\u0131rmak i\u00e7in ince bir y\u00fczey i\u015flemine tabi tutulmal\u0131d\u0131r.<\/p>\n<p>4. G\u00fcvenlik: Silindir, \u00e7al\u0131\u015fma s\u0131ras\u0131nda kazalar\u0131 \u00f6nleyecek ve hasar\u0131 en aza indirecek \u015fekilde tasarlanmal\u0131d\u0131r.<\/p>\n<p>5. Bak\u0131m Kolayl\u0131\u011f\u0131: Silindirin bak\u0131m\u0131 ve onar\u0131m\u0131 kolay olmal\u0131 ve hasarl\u0131 par\u00e7alar\u0131n de\u011fi\u015ftirilmesi pratik olmal\u0131d\u0131r.<\/p>\n<p><img decoding=\"async\" src=\"https:\/\/www.hydraulic-cylinders.net\/wp-content\/uploads\/2025\/01\/songte-cylinder-head-with-all-kinds-excavator-models.webp\"><\/p>\n<p>S\u0131zd\u0131rmazl\u0131k ve Ya\u011flama<\/p>\n<p>Kol silindirinde, iyi bir s\u0131zd\u0131rmazl\u0131k performans\u0131 sa\u011flamak i\u00e7in poli\u00fcretan ve nitril kau\u00e7uk gibi a\u015f\u0131nmaya dayan\u0131kl\u0131 malzemelerden yap\u0131lm\u0131\u015f piston contalar\u0131, mil contalar\u0131 ve di\u011ferleri gibi \u00e7e\u015fitli s\u0131zd\u0131rmazl\u0131k bile\u015fenleri kullan\u0131lmal\u0131d\u0131r. Silindirin g\u00f6vdesi de a\u015f\u0131nma direncini art\u0131rmak i\u00e7in ince bir y\u00fczey i\u015fleminden ge\u00e7irilmelidir. Ayr\u0131ca, silindirin sorunsuz \u00e7al\u0131\u015fmas\u0131n\u0131 sa\u011flamak i\u00e7in d\u00fczenli olarak hidrolik ya\u011f ile ya\u011flanmas\u0131 gerekir.<\/p>\n<p>\u00d6nleyici Bak\u0131m \u00d6nlemleri<\/p>\n<p>Kol silindirinin g\u00fcvenilir \u00e7al\u0131\u015fmas\u0131n\u0131 sa\u011flamak i\u00e7in, d\u00fczenli kontrol, temizlik ve a\u015f\u0131nm\u0131\u015f par\u00e7alar\u0131n de\u011fi\u015ftirilmesi gibi \u00f6nleyici bak\u0131m \u00f6nlemleri al\u0131nmal\u0131d\u0131r. Hidrolik ya\u011f d\u00fczenli olarak de\u011fi\u015ftirilmeli ve kirlenmeyi \u00f6nlemek i\u00e7in ya\u011f filtresi temizlenmeli veya de\u011fi\u015ftirilmelidir.<\/p>\n<p>Kurulum K\u0131lavuzu<\/p>\n<p>Kol silindirinin montaj\u0131, montaj yerinin haz\u0131rlanmas\u0131, silindirin hasar a\u00e7\u0131s\u0131ndan incelenmesi ve montajdan \u00f6nce silindirin ya\u011flanmas\u0131 da dahil olmak \u00fczere do\u011fru prosed\u00fcre uygun olarak yap\u0131lmal\u0131d\u0131r. Hidrolik hatlar do\u011fru \u015fekilde ba\u011flanmal\u0131 ve sistem kullan\u0131mdan \u00f6nce s\u0131z\u0131nt\u0131 ve do\u011fru \u00e7al\u0131\u015fma a\u00e7\u0131s\u0131ndan test edilmelidir.<\/p>\n<p><img decoding=\"async\" src=\"https:\/\/www.hydraulic-cylinders.net\/wp-content\/uploads\/2025\/01\/songte-bushings-with-all-kinds-of-excavator-models.webp\"><\/p>\n<p>G\u00fcvenlik Hususlar\u0131 ve \u00c7evresel Fakt\u00f6rler<\/p>\n<p>Kol silindirini kullan\u0131rken, kazalar\u0131 \u00f6nlemek i\u00e7in uygun ki\u015fisel koruyucu ekipman kullan\u0131m\u0131 ve do\u011fru kurulum gibi g\u00fcvenlik \u00f6nlemleri al\u0131nmal\u0131d\u0131r. A\u015f\u0131r\u0131 y\u00fcklenmeyi ve hasar\u0131 \u00f6nlemek i\u00e7in silindirin \u00e7al\u0131\u015fmas\u0131 belirtilen aral\u0131kta ger\u00e7ekle\u015ftirilmelidir.<\/p>\n<p>Ar\u0131za Te\u015fhisi ve Sorun Giderme<\/p>\n<p>Kol silindiri \u00e7al\u0131\u015fma s\u0131ras\u0131nda ya\u011f ka\u00e7a\u011f\u0131, yetersiz kuvvet ve anormal ses gibi \u00e7e\u015fitli ar\u0131zalarla kar\u015f\u0131la\u015fabilir. Bu sorunlar\u0131 te\u015fhis etmek ve gidermek i\u00e7in kullan\u0131c\u0131lar \u00fcr\u00fcn k\u0131lavuzuna ba\u015fvurmal\u0131 ve bile\u015fenleri kontrol etme ve de\u011fi\u015ftirme, hidrolik sistemi ayarlama ve temizleme gibi uygun \u00f6nlemleri almal\u0131d\u0131r.<\/p>\n<p><img decoding=\"async\" src=\"https:\/\/www.hydraulic-cylinders.net\/wp-content\/uploads\/2025\/01\/songte-chushion-collar.webp\"><\/p>\n<p>\u00c7\u00f6z\u00fcm<\/p>\n<p>Profesyonel bir hidrolik silindir \u00fcreticisi ve tedarik\u00e7isi olarak, geni\u015f bir \u00fcr\u00fcn yelpazesi sunuyoruz ve hem yurt i\u00e7i hem de uluslararas\u0131 pazarlarda \u00f6nde gelen \u00fcretici ve toptanc\u0131lardan biri haline geldik. M\u00fckemmel kalite ilkesine ba\u011fl\u0131 kal\u0131yoruz ve end\u00fcstriyel \u00fcretim y\u00f6netim stratejimiz, teknoloji seviyemizi ve \u00fcretim verimlili\u011fimizi s\u00fcrekli olarak geli\u015ftirmek i\u00e7in rafine bir \u00fcretim at\u00f6lyesine dayanmaktad\u0131r. Y\u00fcksek teknoloji \u00fcr\u00fcn\u00fc dijital \u00fcretim ekipmanlar\u0131 ve profesyonel test sistemlerinin \ub3c4\uc785 edilmesiyle, \u00fcretim platformunu optimize ediyor, \u00fcr\u00fcn kalite kontrol s\u00fcrecini iyile\u015ftiriyor ve g\u00fc\u00e7l\u00fc inovasyon yeteneklerine sahibiz. Amac\u0131m\u0131z, m\u00fc\u015fterilerin \u00e7e\u015fitlendirilmi\u015f ihtiya\u00e7lar\u0131n\u0131 verimli, do\u011fru ve y\u00fcksek kaliteli \u00fcr\u00fcnlerle kar\u015f\u0131lamakt\u0131r.<\/p>\n<p>\u015eirketimiz profesyonel hizmetler, uluslararas\u0131 sertifikasyon, \u00f6zelle\u015ftirilmi\u015f hizmetler, \u00fcretim ekipmanlar\u0131 ve sat\u0131\u015f sonras\u0131 hizmetler sunmaktad\u0131r. <\/p>\n<p><img decoding=\"async\" src=\"https:\/\/www.hydraulic-cylinders.net\/wp-content\/uploads\/2025\/01\/songte-company-4.webp\"> <img decoding=\"async\" src=\"https:\/\/www.hydraulic-cylinders.net\/wp-content\/uploads\/2025\/01\/songte-company-3.webp\"><\/p>\n<p>Yazar: lyl<\/p>","protected":false},"excerpt":{"rendered":"<p>Arm Cylinder For Caterpillar Middle Excavator E320DLRR Introduction The arm cylinder is a specially designed hydraulic cylinder used to provide linear motion and power for various types of machinery arms, such as excavators, cranes, and mechanical arms. Arm cylinders play a crucial role in hydraulic systems, allowing attachments or accessories to move and control effectively. [&hellip;]<\/p>","protected":false},"featured_media":14783,"comment_status":"open","ping_status":"closed","template":"","meta":{"_et_pb_use_builder":"","_et_pb_old_content":"","_et_gb_content_width":""},"product_brand":[],"product_cat":[1497],"product_tag":[1498,1496],"class_list":{"0":"post-16154","1":"product","2":"type-product","3":"status-publish","4":"has-post-thumbnail","6":"product_cat-arm-cylinders","7":"product_tag-arm-cylinders","8":"product_tag-hydraulic-cylinders","10":"first","11":"instock","12":"shipping-taxable","13":"product-type-simple"},"amp_enabled":true,"_links":{"self":[{"href":"https:\/\/www.hydraulic-cylinders.net\/tr\/wp-json\/wp\/v2\/product\/16154","targetHints":{"allow":["GET"]}}],"collection":[{"href":"https:\/\/www.hydraulic-cylinders.net\/tr\/wp-json\/wp\/v2\/product"}],"about":[{"href":"https:\/\/www.hydraulic-cylinders.net\/tr\/wp-json\/wp\/v2\/types\/product"}],"replies":[{"embeddable":true,"href":"https:\/\/www.hydraulic-cylinders.net\/tr\/wp-json\/wp\/v2\/comments?post=16154"}],"wp:featuredmedia":[{"embeddable":true,"href":"https:\/\/www.hydraulic-cylinders.net\/tr\/wp-json\/wp\/v2\/media\/14783"}],"wp:attachment":[{"href":"https:\/\/www.hydraulic-cylinders.net\/tr\/wp-json\/wp\/v2\/media?parent=16154"}],"wp:term":[{"taxonomy":"product_brand","embeddable":true,"href":"https:\/\/www.hydraulic-cylinders.net\/tr\/wp-json\/wp\/v2\/product_brand?post=16154"},{"taxonomy":"product_cat","embeddable":true,"href":"https:\/\/www.hydraulic-cylinders.net\/tr\/wp-json\/wp\/v2\/product_cat?post=16154"},{"taxonomy":"product_tag","embeddable":true,"href":"https:\/\/www.hydraulic-cylinders.net\/tr\/wp-json\/wp\/v2\/product_tag?post=16154"}],"curies":[{"name":"wp","href":"https:\/\/api.w.org\/{rel}","templated":true}]}}