{"id":16157,"date":"2025-01-20T08:34:17","date_gmt":"2025-01-20T08:34:17","guid":{"rendered":"https:\/\/www.hydraulic-cylinders.net\/product\/arm-cylinderfor-caterpillar-middle-excavator-e320c-320d\/"},"modified":"2025-01-20T08:34:24","modified_gmt":"2025-01-20T08:34:24","slug":"arm-cylinderfor-caterpillar-middle-excavator-e320c-320d","status":"publish","type":"product","link":"https:\/\/www.hydraulic-cylinders.net\/tr\/urun\/arm-cylinderfor-caterpillar-middle-excavator-e320c-320d\/","title":{"rendered":"Caterpillar E320C\/320D Orta Ekskavat\u00f6r i\u00e7in Kol Silindiri"},"content":{"rendered":"<p>Caterpillar E320C\/320D Orta Ekskavat\u00f6r i\u00e7in Kol Silindiri<\/p>\n<p>Alt ba\u015fl\u0131k: Kol Silindirine Giri\u015f<\/p>\n<p>Kol silindiri, ekskavat\u00f6rler, vin\u00e7ler ve robot kollar\u0131 gibi \u00e7e\u015fitli makinelerin kollar\u0131na do\u011frusal hareket ve g\u00fc\u00e7 sa\u011flayan \u00f6zel olarak tasarlanm\u0131\u015f bir hidrolik silindirdir. Kol silindiri, hidrolik sistemde hayati bir rol oynayarak ek aletlerin veya ata\u015fmanlar\u0131n etkili bir \u015fekilde hareket etmesini ve kontrol edilmesini sa\u011flar. Bu silindirler sadece d\u00fczg\u00fcn hareketler sa\u011flamakla kalmaz, ayn\u0131 zamanda a\u011f\u0131r y\u00fckleri de ta\u015f\u0131yarak makinelerin \u00e7e\u015fitli \u00e7al\u0131\u015fma ko\u015fullar\u0131nda verimli \u00e7al\u0131\u015fmas\u0131n\u0131 ve g\u00fcvenilirli\u011fini garanti eder.<\/p>\n<p><img decoding=\"async\" src=\"https:\/\/www.hydraulic-cylinders.net\/wp-content\/uploads\/2025\/01\/songte-company-2.webp\"><\/p>\n<p>Alt ba\u015fl\u0131k: Kol Silindirinin \u00d6zellikleri<\/p>\n<p>1. Y\u00fcksek Verimli Aktar\u0131m: Kol silindiri g\u00fc\u00e7l\u00fc do\u011frusal hareket ve kuvvet sa\u011flayarak, mekanik kolun \u00e7e\u015fitli i\u015flemler s\u0131ras\u0131nda y\u00fcksek performans verimlili\u011fini garanti eder.<\/p>\n<p>2. Hassas Kontrol: Kol silindiri, hidrolik sistem arac\u0131l\u0131\u011f\u0131yla hassas hareket kontrol\u00fc sa\u011flayarak ek aletlerin kullan\u0131m\u0131n\u0131 daha esnek ve hassas hale getirir.<\/p>\n<p>3. Y\u00fcksek Dayan\u0131kl\u0131l\u0131k: Kol silindiri genellikle y\u00fcksek mukavemetli malzemeden \u00fcretilir, bu da ona iyi a\u015f\u0131nma ve korozyon direnci kazand\u0131r\u0131r ve zorlu ortamlarda uzun s\u00fcreli kullan\u0131m i\u00e7in uygun hale getirir.<\/p>\n<p>4. \u00c7ok Y\u00f6nl\u00fc Uyarlanabilirlik: Bu silindirler, ekskavat\u00f6rler, vin\u00e7ler ve robot kollar\u0131 gibi \u00e7e\u015fitli mekanik ekipmanlarda yayg\u0131n olarak kullan\u0131lmakta ve \u00e7e\u015fitli \u00e7al\u0131\u015fma gereksinimlerini kar\u015f\u0131lamaktad\u0131r.<\/p>\n<p>5. Kolay Bak\u0131m: Kol silindirinin tasar\u0131m\u0131, bak\u0131m ve de\u011fi\u015ftirme kolayl\u0131\u011f\u0131n\u0131 g\u00f6z \u00f6n\u00fcnde bulundurarak d\u00fczenli inceleme ve bak\u0131m\u0131 kolayla\u015ft\u0131r\u0131r ve ekipman ar\u0131za s\u00fcresini azalt\u0131r.<\/p>\n<p><img decoding=\"async\" src=\"https:\/\/www.hydraulic-cylinders.net\/wp-content\/uploads\/2025\/01\/songte-oil-pipes-and-spare-parts.webp\"><\/p>\n<p>Alt ba\u015fl\u0131k: Kol Silindirinin Uygulanmas\u0131<\/p>\n<p>1. \u0130n\u015faat M\u00fchendisli\u011fi: Ekskavat\u00f6rlerde ve vin\u00e7lerde, kol silindiri kep\u00e7e veya bomun hareketini kontrol ederek toprak i\u015fleri, malzeme ta\u015f\u0131ma ve yap\u0131sal kurulum i\u015flemlerini ger\u00e7ekle\u015ftirir.<\/p>\n<p>2. \u00dcretim: Otomatik \u00fcretim hatlar\u0131nda, kol silindiri robot kollar\u0131n\u0131n hareketini kontrol ederek montaj, kaynak ve ta\u015f\u0131ma i\u015flemlerini ger\u00e7ekle\u015ftirir, b\u00f6ylece \u00fcretim verimlili\u011fini ve do\u011frulu\u011funu art\u0131r\u0131r.<\/p>\n<p>3. Tar\u0131m Makineleri: Bi\u00e7erd\u00f6ver ve tohum ekme makinesi gibi tar\u0131m makinelerinde, kol silindiri, ekim, g\u00fcbreleme ve hasat gibi g\u00f6revleri yerine getiren \u00e7al\u0131\u015fma kollar\u0131n\u0131n hareketini kontrol eder.<\/p>\n<p>4. Mining: In mining equipment, the arm cylinder controls the movement of the mining equipment&#8217;s arms, performing mining and material handling.<\/p>\n<p>5. Lojistik ve Ta\u015f\u0131mac\u0131l\u0131k: Forkliftlerde ve ta\u015f\u0131ma robotlar\u0131nda, kol silindiri kargo \u00e7atal\u0131n\u0131n kald\u0131rma ve hareketini, malzeme ta\u015f\u0131ma ve istifleme i\u015flemlerini kontrol eder.<\/p>\n<p>Alt ba\u015fl\u0131k: Tasar\u0131m Hususlar\u0131 ve Se\u00e7im Kriterleri<\/p>\n<p>1. Load Capacity: The arm cylinder&#8217;s load capacity should match the machine&#8217;s application requirement.<\/p>\n<p>2. S\u0131zd\u0131rmazl\u0131k: Ya\u011f s\u0131z\u0131nt\u0131s\u0131n\u0131 \u00f6nlemek i\u00e7in kol silindirinin g\u00fcvenilir bir s\u0131zd\u0131rmazl\u0131k performans\u0131na sahip olmas\u0131 gerekir.<\/p>\n<p>3. Dayan\u0131kl\u0131l\u0131k: Kol silindiri, y\u00fcksek mukavemetli, a\u015f\u0131nmaya ve korozyona kar\u015f\u0131 iyi diren\u00e7li malzemelerden \u00fcretilmelidir.<\/p>\n<p>4. G\u00fcvenlik: Kol silindiri, \u00e7al\u0131\u015fma s\u0131ras\u0131nda kazalar\u0131 \u00f6nleyecek g\u00fcvenlik \u00f6zelliklerine sahip olmal\u0131d\u0131r.<\/p>\n<p>5. Bak\u0131m Kolayl\u0131\u011f\u0131: Kol silindirinin bak\u0131m\u0131 ve onar\u0131m\u0131 kolay olmal\u0131, b\u00f6ylece ar\u0131za s\u00fcresi azalmal\u0131d\u0131r.<\/p>\n<p><img decoding=\"async\" src=\"https:\/\/www.hydraulic-cylinders.net\/wp-content\/uploads\/2025\/01\/songte-cylinder-head-with-all-kinds-excavator-models.webp\"><\/p>\n<p>Alt Ba\u015fl\u0131k: Kol Silindirinin S\u0131zd\u0131rmazl\u0131\u011f\u0131 ve Ya\u011flanmas\u0131<\/p>\n<p>Various seals, such as piston seals and rod seals, made of wear-resistant materials, such as polyurethane and nitrile rubber, should be used to ensure the arm cylinder&#8217;s sealing performance. The cylinder body and thread end surface should be finely processed to improve wear resistance. The arm cylinder should be lubricated with an appropriate amount of hydraulic oil regularly.<\/p>\n<p>Alt ba\u015fl\u0131k: D\u00fczenli Kontrol ve \u00d6nleyici Bak\u0131m<\/p>\n<p>1. Regularly check and maintain the arm cylinder&#8217;s sealing performance and lubrication conditions to prevent oil leakage and damage.<\/p>\n<p>2. Do\u011fru \u00e7al\u0131\u015fmay\u0131 sa\u011flamak i\u00e7in a\u015f\u0131nm\u0131\u015f contalar\u0131, rulmanlar\u0131 ve di\u011fer par\u00e7alar\u0131 d\u00fczenli olarak kontrol edin ve de\u011fi\u015ftirin.<\/p>\n<p>3. Kirlenmeyi ve hasar\u0131 \u00f6nlemek i\u00e7in kol silindirini d\u00fczenli olarak temizleyin.<\/p>\n<p>4. Kol silindirinin g\u00fcvenli ve do\u011fru kullan\u0131m\u0131n\u0131 sa\u011flamak i\u00e7in operat\u00f6rlere uygun e\u011fitim verilmelidir.<\/p>\n<p>5. Develop a preventive maintenance plan and record the arm cylinder&#8217;s usage conditions and maintenance history.<\/p>\n<p><img decoding=\"async\" src=\"https:\/\/www.hydraulic-cylinders.net\/wp-content\/uploads\/2025\/01\/songte-chushion-collar.webp\"><\/p>\n<p>Alt ba\u015fl\u0131k: \u00dcr\u00fcn Kurulum K\u0131lavuzu<\/p>\n<p>1. Check the hydraulic system&#8217;s pressure and flow to ensure that the arm cylinder can operate correctly.<\/p>\n<p>2. Install the arm cylinder according to the manufacturer&#8217;s instructions, ensuring the correct installation position and orientation.<\/p>\n<p>3. Hidrolik borular\u0131 ba\u011flay\u0131n ve t\u00fcm ba\u011flant\u0131lar\u0131n sa\u011flam ve s\u0131zd\u0131rmaz oldu\u011fundan emin olun.<\/p>\n<p>4. Hidrolik ya\u011f\u0131 doldurun ve sistemdeki havay\u0131 bo\u015falt\u0131n.<\/p>\n<p>5. Check the arm cylinder&#8217;s operation and perform a test run.<\/p>\n<p>Alt ba\u015fl\u0131k: G\u00fcvenlik Hususlar\u0131 ve \u00c7evresel Fakt\u00f6rler<\/p>\n<p>Kol silindirinin montaj\u0131 ve \u00e7al\u0131\u015ft\u0131r\u0131lmas\u0131 s\u0131ras\u0131nda, eldiven ve g\u00f6z koruyucu gibi koruyucu ekipman giyilmesi de dahil olmak \u00fczere uygun g\u00fcvenlik \u00f6nlemleri al\u0131nmal\u0131d\u0131r. Kazalar\u0131 \u00f6nlemek i\u00e7in kol silindiri, y\u00fck kapasitesi dahilinde ve kontroll\u00fc ko\u015fullar alt\u0131nda \u00e7al\u0131\u015ft\u0131r\u0131lmal\u0131d\u0131r. Korozyon ve hasar\u0131 \u00f6nlemek i\u00e7in kol silindirinin \u00e7al\u0131\u015ft\u0131r\u0131lmas\u0131 s\u0131ras\u0131nda s\u0131cakl\u0131k ve nem gibi \u00e7evresel fakt\u00f6rler dikkate al\u0131nmal\u0131d\u0131r.<\/p>\n<p>Alt ba\u015fl\u0131k: Sorun Giderme ve S\u0131k Kar\u015f\u0131la\u015f\u0131lan Sorunlar<\/p>\n<p>1. Oil leakage from the arm cylinder: Check the seal&#8217;s condition and replace it if necessary.<\/p>\n<p>2. \u00c7al\u0131\u015fma s\u0131ras\u0131nda anormal ses: Gev\u015fek par\u00e7alar\u0131 ve hasarl\u0131 rulmanlar\u0131 kontrol edin ve gerekirse de\u011fi\u015ftirin.<\/p>\n<p>3. Yetersiz kuvvet veya h\u0131z: Hidrolik sistemin bas\u0131nc\u0131n\u0131 ve ak\u0131\u015f\u0131n\u0131 kontrol edin ve uygun seviyeye ayarlay\u0131n.<\/p>\n<p>4. Kol silindirinin a\u015f\u0131r\u0131 \u0131s\u0131nmas\u0131: So\u011futma sisteminde t\u0131kan\u0131kl\u0131k veya hasar olup olmad\u0131\u011f\u0131n\u0131 kontrol edin, gerekirse temizleyin ve onar\u0131n.<\/p>\n<p>5. \u00c7al\u0131\u015fma s\u0131ras\u0131nda anormal titre\u015fim: Gev\u015fek par\u00e7alar\u0131 ve a\u015f\u0131nm\u0131\u015f rulmanlar\u0131 kontrol edin ve gerekirse s\u0131k\u0131n veya de\u011fi\u015ftirin.<\/p>\n<p>Okuyucular\u0131n sorunlar\u0131 etkili bir \u015fekilde te\u015fhis etmelerine ve \u00e7\u00f6zmelerine yard\u0131mc\u0131 olmak i\u00e7in her sorun i\u00e7in sorun giderme ipu\u00e7lar\u0131 ve \u00e7\u00f6z\u00fcmleri sunun. Ayr\u0131ca, olas\u0131 sorunlar\u0131 en aza indirmek i\u00e7in \u00f6nleyici tedbirler \u00f6nerin.<\/p>\n<p><img decoding=\"async\" src=\"https:\/\/www.hydraulic-cylinders.net\/wp-content\/uploads\/2025\/01\/songte-bushings-with-all-kinds-of-excavator-models.webp\"><\/p>\n<p>In conclusion, our company is a professional manufacturer of replacement hydraulic cylinders, offering a wide range of products, and has become one of the leading hydraulic cylinder manufacturers and wholesale distributors in the domestic and international markets. We adhere to the principle of excellent quality and continuously improve our technology and production efficiency by relying on a refined manufacturing workshop&#8217;s industrialized production management strategy. With the introduction of high-end digital manufacturing equipment and professional testing systems, we continuously optimize the manufacturing platform, improve the product quality control process, and have strong innovation capabilities. Our goal is to meet customers&#8217; diverse needs with high efficiency, accuracy, and high quality.<\/p>\n<p>Our company&#8217;s strengths include our professionalism, international certification, customized services, production equipment, and after-sales service.<\/p>\n<p><img decoding=\"async\" src=\"https:\/\/www.hydraulic-cylinders.net\/wp-content\/uploads\/2025\/01\/songte-company-4.webp\"><img decoding=\"async\" src=\"https:\/\/www.hydraulic-cylinders.net\/wp-content\/uploads\/2025\/01\/songte-company-3.webp\"><\/p>\n<p>Yazar: lyl.<\/p>","protected":false},"excerpt":{"rendered":"<p>Arm Cylinder for Caterpillar Middle Excavator E320C\/320D Subheading: Introduction to Arm Cylinder Arm cylinder is a specially designed hydraulic cylinder that provides linear motion and power to the arm of various machines, such as excavators, cranes, and robotic arms. The arm cylinder plays a crucial role in the hydraulic system, allowing additional tools or attachments [&hellip;]<\/p>","protected":false},"featured_media":14774,"comment_status":"open","ping_status":"closed","template":"","meta":{"_et_pb_use_builder":"","_et_pb_old_content":"","_et_gb_content_width":""},"product_brand":[],"product_cat":[1497],"product_tag":[1498,1496],"class_list":{"0":"post-16157","1":"product","2":"type-product","3":"status-publish","4":"has-post-thumbnail","6":"product_cat-arm-cylinders","7":"product_tag-arm-cylinders","8":"product_tag-hydraulic-cylinders","10":"first","11":"instock","12":"shipping-taxable","13":"product-type-simple"},"amp_enabled":true,"_links":{"self":[{"href":"https:\/\/www.hydraulic-cylinders.net\/tr\/wp-json\/wp\/v2\/product\/16157","targetHints":{"allow":["GET"]}}],"collection":[{"href":"https:\/\/www.hydraulic-cylinders.net\/tr\/wp-json\/wp\/v2\/product"}],"about":[{"href":"https:\/\/www.hydraulic-cylinders.net\/tr\/wp-json\/wp\/v2\/types\/product"}],"replies":[{"embeddable":true,"href":"https:\/\/www.hydraulic-cylinders.net\/tr\/wp-json\/wp\/v2\/comments?post=16157"}],"wp:featuredmedia":[{"embeddable":true,"href":"https:\/\/www.hydraulic-cylinders.net\/tr\/wp-json\/wp\/v2\/media\/14774"}],"wp:attachment":[{"href":"https:\/\/www.hydraulic-cylinders.net\/tr\/wp-json\/wp\/v2\/media?parent=16157"}],"wp:term":[{"taxonomy":"product_brand","embeddable":true,"href":"https:\/\/www.hydraulic-cylinders.net\/tr\/wp-json\/wp\/v2\/product_brand?post=16157"},{"taxonomy":"product_cat","embeddable":true,"href":"https:\/\/www.hydraulic-cylinders.net\/tr\/wp-json\/wp\/v2\/product_cat?post=16157"},{"taxonomy":"product_tag","embeddable":true,"href":"https:\/\/www.hydraulic-cylinders.net\/tr\/wp-json\/wp\/v2\/product_tag?post=16157"}],"curies":[{"name":"wp","href":"https:\/\/api.w.org\/{rel}","templated":true}]}}