{"id":16177,"date":"2025-01-20T08:37:17","date_gmt":"2025-01-20T08:37:17","guid":{"rendered":"https:\/\/www.hydraulic-cylinders.net\/product\/arm-cylinderfor-caterpillar-large-excavator-d2l-374dl\/"},"modified":"2025-01-20T08:37:19","modified_gmt":"2025-01-20T08:37:19","slug":"arm-cylinderfor-caterpillar-large-excavator-d2l-374dl","status":"publish","type":"product","link":"https:\/\/www.hydraulic-cylinders.net\/tr\/urun\/arm-cylinderfor-caterpillar-large-excavator-d2l-374dl\/","title":{"rendered":"Caterpillar D2L\/374DL B\u00fcy\u00fck Ekskavat\u00f6r i\u00e7in Kol Silindiri"},"content":{"rendered":"<h1>Caterpillar D2L\/374DL B\u00fcy\u00fck Ekskavat\u00f6r i\u00e7in Kol Silindiri<\/h1>\n<h2>girii\u015f<\/h2>\n<h3>Tan\u0131m<\/h3>\n<p>Kol silindiri, ekskavat\u00f6rler, vin\u00e7ler ve robot kollar\u0131 gibi \u00e7e\u015fitli makinelerin kollar\u0131na do\u011frusal hareket ve g\u00fc\u00e7 sa\u011flamak i\u00e7in \u00f6zel olarak tasarlanm\u0131\u015f bir hidrolik silindirdir. Kol silindiri, hidrolik sistemlerde kritik bir rol oynayarak ek aletlerin veya ata\u015fmanlar\u0131n etkili hareketini ve kontrol\u00fcn\u00fc sa\u011flar. Bu silindirler sadece d\u00fczg\u00fcn hareket sa\u011flamakla kalmaz, ayn\u0131 zamanda a\u011f\u0131r y\u00fckleri de ta\u015f\u0131yarak \u00e7e\u015fitli \u00e7al\u0131\u015fma ko\u015fullar\u0131 alt\u0131nda makinelerin verimli \u00e7al\u0131\u015fmas\u0131n\u0131 ve g\u00fcvenilirli\u011fini sa\u011flar.<\/p>\n<p><img decoding=\"async\" src=\"https:\/\/www.hydraulic-cylinders.net\/wp-content\/uploads\/2025\/01\/songte-company-2.webp\"><\/p>\n<h2>\u00d6zellikler<\/h2>\n<h3>Y\u00fcksek Verimli G\u00fc\u00e7 \u0130letimi<\/h3>\n<p>Kol silindiri g\u00fc\u00e7l\u00fc do\u011frusal hareket ve kuvvet sa\u011flayarak robot kolunun \u00e7e\u015fitli operasyonlarda y\u00fcksek verimlilikte performans g\u00f6stermesini sa\u011flar.<\/p>\n<h3>Hassas Kontrol<\/h3>\n<p>Hidrolik sistem sayesinde kol silindiri hassas hareket kontrol\u00fc sa\u011flayabilir, bu sayede ek aletlerin \u00e7al\u0131\u015fmas\u0131 daha esnek ve hassas hale gelir.<\/p>\n<h3>G\u00fc\u00e7l\u00fc Dayan\u0131kl\u0131l\u0131k<\/h3>\n<p>Kol silindiri genellikle y\u00fcksek mukavemetli malzemelerden \u00fcretilir ve iyi a\u015f\u0131nma ve korozyon direncine sahiptir, bu da onu zorlu ortamlarda uzun s\u00fcreli kullan\u0131m i\u00e7in uygun hale getirir.<\/p>\n<h3>\u00c7ok \u0130\u015flevli Uyarlanabilirlik<\/h3>\n<p>Bu silindirler ekskavat\u00f6rler, vin\u00e7ler ve robotik kollar gibi \u00e7e\u015fitli mekanik ekipmanlarda yayg\u0131n olarak kullan\u0131labilir ve farkl\u0131 \u00e7al\u0131\u015fma gereksinimlerine uyum sa\u011flar.<\/p>\n<h3>Kolay Bak\u0131m<\/h3>\n<p>Tasar\u0131mda bak\u0131m ve de\u011fi\u015ftirme kolayl\u0131\u011f\u0131 g\u00f6z \u00f6n\u00fcnde bulundurularak d\u00fczenli muayene ve bak\u0131m daha rahat hale getirilir ve ekipman ar\u0131za s\u00fcreleri azalt\u0131l\u0131r.<\/p>\n<p><img decoding=\"async\" src=\"https:\/\/www.hydraulic-cylinders.net\/wp-content\/uploads\/2025\/01\/songte-oil-pipes-and-spare-parts.webp\"><\/p>\n<h2>Uygulamalar<\/h2>\n<p>Kol silindiri, a\u015fa\u011f\u0131da listelenenler de dahil olmak \u00fczere \u00e7e\u015fitli end\u00fcstrilerde \u00e7ok y\u00f6nl\u00fc uygulamalara sahiptir:<\/p>\n<h3>\u0130n\u015faat M\u00fchendisli\u011fi<\/h3>\n<p>Kol silindirleri, hafriyat, malzeme ta\u015f\u0131ma ve yap\u0131 montaj\u0131 gibi i\u015flerde kullan\u0131lan ekskavat\u00f6r ve vin\u00e7lerdeki kep\u00e7e veya bomun hareketini kontrol etmek i\u00e7in kullan\u0131l\u0131r.<\/p>\n<h3>\u00dcretme<\/h3>\n<p>Otomatik \u00fcretim hatlar\u0131nda, robot kollar\u0131n\u0131n hareket ettirilmesi, montaj, kaynak ve ta\u015f\u0131ma i\u015flemlerinde kol silindirleri kullan\u0131l\u0131r; bu da \u00fcretim verimlili\u011fini ve do\u011frulu\u011funu art\u0131r\u0131r.<\/p>\n<h3>Tar\u0131m Makinalar\u0131<\/h3>\n<p>Bi\u00e7erd\u00f6ver ve tohum ekme makineleri gibi tar\u0131m makinelerinde, kol silindirleri, ekim, g\u00fcbreleme ve hasat gibi g\u00f6revleri yerine getiren \u00e7al\u0131\u015fma kolunun hareketini kontrol eder.<\/p>\n<h3>Madencilik<\/h3>\n<p>Madencilik ekipmanlar\u0131nda, kol silindirleri, cevher \u00e7\u0131karma ve ta\u015f\u0131ma i\u015flemlerinde ekipmanlar\u0131n kol hareketlerini kontrol etmek i\u00e7in kullan\u0131l\u0131r.<\/p>\n<h3>Lojistik ve Ta\u015f\u0131mac\u0131l\u0131k<\/h3>\n<p>Forkliftlerde ve ta\u015f\u0131ma robotlar\u0131nda, malzeme ta\u015f\u0131ma ve istifleme i\u015flemlerini ger\u00e7ekle\u015ftirmek i\u00e7in \u00e7atallar\u0131n kald\u0131r\u0131lmas\u0131 ve hareket ettirilmesini kontrol etmek amac\u0131yla kol silindirleri kullan\u0131l\u0131r.<\/p>\n<h2>Tasar\u0131m Hususlar\u0131 ve Se\u00e7im Kriterleri<\/h2>\n<h3>Ta\u015f\u0131ma Kapasitesi<\/h3>\n<p>Kol silindiri, deforme olmadan veya hasar g\u00f6rmeden gerekli y\u00fck\u00fc ta\u015f\u0131yabilmelidir.<\/p>\n<h3>S\u0131zd\u0131rmazl\u0131k Performans\u0131<\/h3>\n<p>Silindirin s\u0131zd\u0131rmazl\u0131k performans\u0131, kullan\u0131m \u00f6mr\u00fcn\u00fc ve g\u00fcvenilirli\u011fini etkiler. Bu nedenle, poli\u00fcretan ve nitril kau\u00e7uk gibi a\u015f\u0131nmaya dayan\u0131kl\u0131 malzemelerden yap\u0131lm\u0131\u015f piston contalar\u0131 ve mil contalar\u0131 gibi \u00e7e\u015fitli conta t\u00fcrleri kullan\u0131l\u0131r.<\/p>\n<h3>Dayan\u0131kl\u0131l\u0131k<\/h3>\n<p>Silindir, zorlu \u00e7al\u0131\u015fma ko\u015fullar\u0131nda uzun bir hizmet \u00f6mr\u00fc sa\u011flamak i\u00e7in y\u00fcksek mukavemet, a\u015f\u0131nma direnci ve korozyon direnci \u00f6zelliklerine sahip malzemelerden yap\u0131lmal\u0131d\u0131r.<\/p>\n<h3>Emniyet<\/h3>\n<p>Kazalar\u0131 \u00f6nlemek ve ki\u015fisel g\u00fcvenli\u011fi sa\u011flamak i\u00e7in t\u00fcp i\u00e7in g\u00fcvenlik \u00f6nlemleri al\u0131nmal\u0131d\u0131r.<\/p>\n<h3>Bak\u0131m kolayl\u0131\u011f\u0131<\/h3>\n<p>Silindir, bak\u0131m ve onar\u0131m\u0131 kolayla\u015ft\u0131racak \u015fekilde tasarlanmal\u0131, b\u00f6ylece bak\u0131m s\u0131ras\u0131nda zamandan ve emekten tasarruf sa\u011flanmal\u0131d\u0131r.<\/p>\n<p><img decoding=\"async\" src=\"https:\/\/www.hydraulic-cylinders.net\/wp-content\/uploads\/2025\/01\/songte-cylinder-head-with-all-kinds-excavator-models.webp\"><\/p>\n<h2>S\u0131zd\u0131rmazl\u0131k ve Ya\u011flama<\/h2>\n<p>Kol silindiri, poli\u00fcretan ve nitril kau\u00e7uk gibi a\u015f\u0131nmaya dayan\u0131kl\u0131 malzemelerden yap\u0131lm\u0131\u015f piston contalar\u0131 ve mil contalar\u0131 gibi \u00e7e\u015fitli conta t\u00fcrleri kullan\u0131r. Silindir ba\u015fl\u0131\u011f\u0131 ve di\u015fli u\u00e7 y\u00fczeyi, a\u015f\u0131nma direncini art\u0131rmak i\u00e7in ince bir \u015fekilde i\u015flenmi\u015ftir. Silindirin sorunsuz \u00e7al\u0131\u015fmas\u0131n\u0131 sa\u011flamak i\u00e7in d\u00fczenli olarak uygun miktarda hidrolik ya\u011f eklenmesi gereklidir.<\/p>\n<h2>Bak\u0131m ve \u00d6nleyici Tedbirler<\/h2>\n<p>Silindirin uzun vadeli ve verimli \u00e7al\u0131\u015fmas\u0131 i\u00e7in d\u00fczenli olarak kontrol edilmesi ve bak\u0131m\u0131 yap\u0131lmas\u0131 gereklidir. Baz\u0131 \u00f6nleyici tedbirler \u015funlard\u0131r:<\/p>\n<h3>Silindirin s\u0131zd\u0131rmazl\u0131k performans\u0131n\u0131 d\u00fczenli olarak kontrol edin ve gerekirse contalar\u0131 zaman\u0131nda de\u011fi\u015ftirin.<\/h3>\n<h3>Kir birikmesini ve korozyonu \u00f6nlemek i\u00e7in silindiri d\u00fczenli olarak temizleyin.<\/h3>\n<h3>Sorunsuz \u00e7al\u0131\u015fma sa\u011flamak i\u00e7in piston kolunun b\u00fck\u00fclme veya deformasyona u\u011fray\u0131p u\u011framad\u0131\u011f\u0131n\u0131 kontrol edin.<\/h3>\n<h3>Silindirin d\u00fczg\u00fcn \u015fekilde ya\u011flanmas\u0131n\u0131 sa\u011flamak i\u00e7in silindire do\u011fru miktarda hidrolik ya\u011f ekleyin.<\/h3>\n<p><img decoding=\"async\" src=\"https:\/\/www.hydraulic-cylinders.net\/wp-content\/uploads\/2025\/01\/songte-chushion-collar.webp\"><\/p>\n<h2>Kurulum K\u0131lavuzu<\/h2>\n<p>Kurulum s\u0131ras\u0131nda a\u015fa\u011f\u0131daki y\u00f6nergelere uyulmal\u0131d\u0131r:<\/p>\n<h3>Silindirin do\u011fru \u015fekilde monte edildi\u011finden emin olmak i\u00e7in montaj boyutlar\u0131n\u0131n do\u011frulu\u011funu kontrol edin.<\/h3>\n<h3>Montajdan \u00f6nce silindirin iyice ya\u011fland\u0131\u011f\u0131ndan emin olun.<\/h3>\n<h3>Yanl\u0131\u015f \u00e7al\u0131\u015ft\u0131rmay\u0131 \u00f6nlemek i\u00e7in montaj s\u0131ras\u0131nda silindirin konumuna ve y\u00f6n\u00fcne dikkat edin.<\/h3>\n<h3>Montajdan sonra, sorunsuz \u00e7al\u0131\u015ft\u0131\u011f\u0131ndan emin olmak i\u00e7in silindirin hareketini test edin.<\/h3>\n<p><img decoding=\"async\" src=\"https:\/\/www.hydraulic-cylinders.net\/wp-content\/uploads\/2025\/01\/songte-bushings-with-all-kinds-of-excavator-models.webp\"><\/p>\n<h2>G\u00fcvenlik ve \u00c7evresel Hususlar<\/h2>\n<p>Ki\u015fisel g\u00fcvenli\u011fi sa\u011flamak ve kazalar\u0131 \u00f6nlemek i\u00e7in t\u00fcp\u00fcn kullan\u0131m\u0131 ve bak\u0131m\u0131 s\u0131ras\u0131nda g\u00fcvenlik \u00f6nlemlerine uymak \u00f6nemlidir. T\u00fcp kullan\u0131l\u0131rken s\u0131cakl\u0131k, nem ve a\u015f\u0131nd\u0131r\u0131c\u0131 maddeler gibi \u00e7evresel fakt\u00f6rler de dikkate al\u0131nmal\u0131d\u0131r.<\/p>\n<h2>Sorun Giderme ve Yayg\u0131n Sorunlar<\/h2>\n<p>Kol silindirinde s\u0131k g\u00f6r\u00fclen sorunlar aras\u0131nda ya\u011f ka\u00e7a\u011f\u0131, anormal ses ve yava\u015f hareket yer al\u0131r. Bu sorunlar a\u015f\u0131nma ve y\u0131pranma, yanl\u0131\u015f montaj veya yetersiz ya\u011flama gibi fakt\u00f6rlerden kaynaklanabilir. Bu sorunlar\u0131 gidermek i\u00e7in dikkatli bir inceleme ve te\u015fhis gereklidir. Olas\u0131 \u00e7\u00f6z\u00fcmler aras\u0131nda contalar\u0131n de\u011fi\u015ftirilmesi, hasarl\u0131 par\u00e7alar\u0131n onar\u0131lmas\u0131 veya de\u011fi\u015ftirilmesi ve yeterli ya\u011flaman\u0131n sa\u011flanmas\u0131 yer al\u0131r.<\/p>\n<h2>\u015eirketimiz Hakk\u0131nda<\/h2>\n<p>Profesyonel bir hidrolik silindir yedek par\u00e7a \u00fcreticisiyiz ve geni\u015f \u00fcr\u00fcn yelpazemizle hem yurt i\u00e7i hem de yurt d\u0131\u015f\u0131 pazarlarda \u00f6nde gelen hidrolik silindir \u00fcreticilerinden ve toptanc\u0131lar\u0131ndan biri haline geldik. Her zaman m\u00fckemmel kalite ilkesine ba\u011fl\u0131 kald\u0131k ve ince i\u015f\u00e7ilikli \u00fcretim at\u00f6lyelerimiz ve end\u00fcstriyel \u00fcretim y\u00f6netim stratejilerimiz arac\u0131l\u0131\u011f\u0131yla teknolojimizi ve \u00fcretim verimlili\u011fimizi s\u00fcrekli olarak geli\u015ftirdik. Y\u00fcksek teknoloji \u00fcr\u00fcn\u00fc dijital \u00fcretim ekipmanlar\u0131 ve profesyonel test sistemlerinin \ub3c4\uc785 edilmesi, \u00fcretim platformumuzun optimize edilmesi ve kalite kontrol s\u00fcre\u00e7lerimizin iyile\u015ftirilmesi yoluyla g\u00fc\u00e7l\u00fc bir inovasyon yetene\u011fine sahibiz. Amac\u0131m\u0131z, y\u00fcksek verimlilik, do\u011fruluk ve y\u00fcksek kaliteye sahip \u00fcr\u00fcnler sunarak m\u00fc\u015fterilerimizin \u00e7e\u015fitli ihtiya\u00e7lar\u0131n\u0131 kar\u015f\u0131lamakt\u0131r.<\/p>\n<p>\u015eirketimiz uluslararas\u0131 sertifikalara sahiptir ve m\u00fc\u015fteri gereksinimlerini kar\u015f\u0131lamak i\u00e7in \u00f6zelle\u015ftirilmi\u015f hizmetler sunmaktay\u0131z. Geli\u015fmi\u015f \u00fcretim ekipmanlar\u0131m\u0131z ve g\u00fcvenilir ve verimli sat\u0131\u015f sonras\u0131 hizmetlerimiz mevcuttur.<\/p>\n<p><img decoding=\"async\" src=\"https:\/\/www.hydraulic-cylinders.net\/wp-content\/uploads\/2025\/01\/songte-company-4.webp\"><img decoding=\"async\" src=\"https:\/\/www.hydraulic-cylinders.net\/wp-content\/uploads\/2025\/01\/songte-company-3.webp\"><\/p>\n<p>Yazar: lyl<\/p>","protected":false},"excerpt":{"rendered":"<p>Arm Cylinder for Caterpillar Large Excavator D2L\/374DL Introduction Definition An arm cylinder is a specially designed hydraulic cylinder that is primarily used to provide linear motion and power to the arm of various types of machinery such as excavators, cranes, and robotic arms. The arm cylinder plays a critical role in hydraulic systems, enabling the [&hellip;]<\/p>","protected":false},"featured_media":14774,"comment_status":"open","ping_status":"closed","template":"","meta":{"_et_pb_use_builder":"","_et_pb_old_content":"","_et_gb_content_width":""},"product_brand":[],"product_cat":[1497],"product_tag":[1498,1496],"class_list":{"0":"post-16177","1":"product","2":"type-product","3":"status-publish","4":"has-post-thumbnail","6":"product_cat-arm-cylinders","7":"product_tag-arm-cylinders","8":"product_tag-hydraulic-cylinders","10":"first","11":"instock","12":"shipping-taxable","13":"product-type-simple"},"amp_enabled":true,"_links":{"self":[{"href":"https:\/\/www.hydraulic-cylinders.net\/tr\/wp-json\/wp\/v2\/product\/16177","targetHints":{"allow":["GET"]}}],"collection":[{"href":"https:\/\/www.hydraulic-cylinders.net\/tr\/wp-json\/wp\/v2\/product"}],"about":[{"href":"https:\/\/www.hydraulic-cylinders.net\/tr\/wp-json\/wp\/v2\/types\/product"}],"replies":[{"embeddable":true,"href":"https:\/\/www.hydraulic-cylinders.net\/tr\/wp-json\/wp\/v2\/comments?post=16177"}],"wp:featuredmedia":[{"embeddable":true,"href":"https:\/\/www.hydraulic-cylinders.net\/tr\/wp-json\/wp\/v2\/media\/14774"}],"wp:attachment":[{"href":"https:\/\/www.hydraulic-cylinders.net\/tr\/wp-json\/wp\/v2\/media?parent=16177"}],"wp:term":[{"taxonomy":"product_brand","embeddable":true,"href":"https:\/\/www.hydraulic-cylinders.net\/tr\/wp-json\/wp\/v2\/product_brand?post=16177"},{"taxonomy":"product_cat","embeddable":true,"href":"https:\/\/www.hydraulic-cylinders.net\/tr\/wp-json\/wp\/v2\/product_cat?post=16177"},{"taxonomy":"product_tag","embeddable":true,"href":"https:\/\/www.hydraulic-cylinders.net\/tr\/wp-json\/wp\/v2\/product_tag?post=16177"}],"curies":[{"name":"wp","href":"https:\/\/api.w.org\/{rel}","templated":true}]}}