{"id":16212,"date":"2025-01-20T08:40:22","date_gmt":"2025-01-20T08:40:22","guid":{"rendered":"https:\/\/www.hydraulic-cylinders.net\/product\/arm-cylinderfor-doosan-large-excavator-dh320\/"},"modified":"2025-01-20T08:40:24","modified_gmt":"2025-01-20T08:40:24","slug":"arm-cylinderfor-doosan-large-excavator-dh320","status":"publish","type":"product","link":"https:\/\/www.hydraulic-cylinders.net\/tr\/urun\/arm-cylinderfor-doosan-large-excavator-dh320\/","title":{"rendered":"Doosan DH320 B\u00fcy\u00fck Ekskavat\u00f6r \u0130\u00e7in Kol Silindiri"},"content":{"rendered":"<p>Doosan DH320 B\u00fcy\u00fck Ekskavat\u00f6r i\u00e7in Kol Silindiri<\/p>\n<p>girii\u015f<br \/>\nKol silindiri, ekskavat\u00f6rler, vin\u00e7ler ve mekanik kollar gibi \u00e7e\u015fitli makinelerin koluna do\u011frusal hareket ve g\u00fc\u00e7 sa\u011flamak \u00fczere tasarlanm\u0131\u015f \u00f6zel bir hidrolik silindirdir. Hidrolik sistemde \u00e7ok \u00f6nemli bir rol oynayarak, ek aletlerin veya ata\u015fmanlar\u0131n verimli bir \u015fekilde hareket etmesini ve kontrol edilmesini sa\u011flar. Bu silindirler sadece d\u00fczg\u00fcn hareket sa\u011flamakla kalmaz, ayn\u0131 zamanda a\u011f\u0131r y\u00fckleri de kald\u0131rarak, makinelerin \u00e7e\u015fitli \u00e7al\u0131\u015fma ko\u015fullar\u0131nda verimli ve g\u00fcvenilir bir \u015fekilde \u00e7al\u0131\u015fmas\u0131n\u0131 sa\u011flar.<\/p>\n<p>Tan\u0131m<br \/>\nKol silindiri, \u00e7e\u015fitli makinelerin koluna do\u011frusal hareket ve g\u00fc\u00e7 sa\u011flayan hidrolik bir silindirdir. Hidrolik sistemin \u00f6nemli bir bile\u015fenidir ve ata\u015fman\u0131n verimli bir \u015fekilde hareket etmesini ve kontrol edilmesini sa\u011flar.<\/p>\n<p>\u00d6zellikler<br \/>\nKol silindiri, onu makinelerin vazge\u00e7ilmez bir par\u00e7as\u0131 yapan \u00e7e\u015fitli \u00f6zelliklere sahiptir. \u0130\u015fte bu \u00f6zelliklerden baz\u0131lar\u0131:<\/p>\n<p>1. Y\u00fcksek Verimli Aktar\u0131m: Kol silindiri, g\u00fc\u00e7l\u00fc do\u011frusal hareket ve kuvvet sa\u011flayarak mekanik kolun \u00e7e\u015fitli i\u015flemlerde y\u00fcksek performans verimlili\u011fini garanti eder.<br \/>\n2. Hassas Kontrol: Hidrolik sistem kullan\u0131larak, Kol Silindiri hassas hareket kontrol\u00fc sa\u011flar, bu da ata\u015fman\u0131n \u00e7al\u0131\u015ft\u0131r\u0131lmas\u0131n\u0131 ve kontrol edilmesini kolayla\u015ft\u0131r\u0131r.<br \/>\n3. Y\u00fcksek Dayan\u0131kl\u0131l\u0131k: Kol silindiri genellikle y\u00fcksek mukavemetli malzemelerden \u00fcretilir, bu da ona m\u00fckemmel a\u015f\u0131nma ve korozyon direnci kazand\u0131r\u0131r ve zorlu ortamlarda uzun s\u00fcreli kullan\u0131m i\u00e7in uygundur.<br \/>\n4. \u00c7ok Ama\u00e7l\u0131 Kullan\u0131m: Bu silindirler, farkl\u0131 \u00e7al\u0131\u015fma ihtiya\u00e7lar\u0131n\u0131 kar\u015f\u0131lamak \u00fczere ekskavat\u00f6rler, vin\u00e7ler ve mekanik kollar gibi \u00e7e\u015fitli makine t\u00fcrlerinde yayg\u0131n olarak kullan\u0131labilir.<br \/>\n5. Kolay Bak\u0131m: Tasar\u0131m\u0131 sayesinde bak\u0131m\u0131 ve de\u011fi\u015ftirilmesi kolayd\u0131r, bu da d\u00fczenli kontrolleri ve bak\u0131m\u0131 daha kolay hale getirerek ekipman ar\u0131za s\u00fcresini azalt\u0131r.<\/p>\n<p>\u00dcretim ve De\u011fi\u015ftirme<br \/>\nBu \u00fcr\u00fcn\u00fc \u00fcretebiliriz ve \u00fcr\u00fcn\u00fcm\u00fcz bu hidrolik silindirler i\u00e7in m\u00fckemmel bir alternatiftir.<\/p>\n<p>Uygulamalar<br \/>\nKol silindiri, \u00e7e\u015fitli end\u00fcstrilerde geni\u015f bir uygulama yelpazesine sahiptir. \u0130\u015fte baz\u0131 uygulama alanlar\u0131:<\/p>\n<p>1. \u0130n\u015faat: Ekskavat\u00f6rlerde ve vin\u00e7lerde, kol silindiri, toprak i\u015fleri, malzeme ta\u015f\u0131ma ve yap\u0131sal kurulum i\u00e7in kep\u00e7enin veya bomun hareketini kontrol eder.<br \/>\n2. \u00dcretim: Otomatik \u00fcretim hatlar\u0131nda, Kol Silindiri, montaj, kaynak ve ta\u015f\u0131ma i\u015flemlerinde mekanik kolun hareketini kontrol ederek \u00fcretim verimlili\u011fini ve do\u011frulu\u011funu art\u0131r\u0131r.<br \/>\n3. Tar\u0131m makineleri: Bi\u00e7erd\u00f6ver ve tohum ekme makinesi gibi tar\u0131m makinelerinde, kol silindiri, tohum ekme, g\u00fcbreleme ve hasat gibi g\u00f6revleri yerine getiren \u00e7al\u0131\u015fma kolunun hareketini kontrol eder.<br \/>\n4. Madencilik: Madencilik ekipmanlar\u0131nda, Kol Silindiri, madenlerin \u00e7\u0131kar\u0131lmas\u0131 ve ta\u015f\u0131nmas\u0131 i\u00e7in madencilik ekipman\u0131n\u0131n kolunun hareketini kontrol eder.<br \/>\n5. Lojistik ve Ta\u015f\u0131mac\u0131l\u0131k: Forkliftlerde ve ta\u015f\u0131ma robotlar\u0131nda, Kol Silindiri, \u00e7atallar\u0131n kald\u0131r\u0131lmas\u0131n\u0131 ve hareketini kontrol ederek malzemelerin ta\u015f\u0131nmas\u0131n\u0131 ve istiflenmesini sa\u011flar.<\/p>\n<p>Tasar\u0131m Hususlar\u0131 ve Se\u00e7im Kriterleri<br \/>\nThe Arm Cylinder&#8217;s design and selection criteria include the load-bearing capacity, sealing, durability, safety, and maintainability. Here are some of the design considerations:<\/p>\n<p>1. Ta\u015f\u0131ma Kapasitesi: Kol silindiri, beklenen maksimum y\u00fcke ve uygulanan kuvvete dayanacak \u015fekilde tasarlanmal\u0131d\u0131r.<br \/>\n2. S\u0131zd\u0131rmazl\u0131k: Kol silindirinin s\u0131v\u0131 s\u0131z\u0131nt\u0131s\u0131n\u0131 \u00f6nlemek ve uygun ya\u011flamay\u0131 sa\u011flamak i\u00e7in uygun \u015fekilde s\u0131zd\u0131rmaz hale getirilmesi gerekir.<br \/>\n3. Dayan\u0131kl\u0131l\u0131k: Kol silindiri, zorlu ortamlarda uzun s\u00fcreli kullan\u0131ma uygun, iyi a\u015f\u0131nma ve korozyon direncine sahip y\u00fcksek mukavemetli malzemelerden yap\u0131lmal\u0131d\u0131r.<br \/>\n4. G\u00fcvenlik: Kazalar\u0131 \u00f6nlemek i\u00e7in kol silindirinde acil durdurma anahtarlar\u0131 ve a\u015f\u0131r\u0131 y\u00fck korumas\u0131 gibi g\u00fcvenlik \u00f6zellikleri bulunmal\u0131d\u0131r.<br \/>\n5. Bak\u0131m Kolayl\u0131\u011f\u0131: Kol silindiri, bak\u0131m\u0131 kolay olacak \u015fekilde tasarlanmal\u0131 ve ar\u0131za s\u00fcresini en aza indirmek i\u00e7in par\u00e7alar\u0131 kolayca de\u011fi\u015ftirilebilir olmal\u0131d\u0131r.<\/p>\n<p>S\u0131zd\u0131rmazl\u0131k ve Ya\u011flama<br \/>\nKol silindiri, poli\u00fcretan ve nitril kau\u00e7uk gibi a\u015f\u0131nmaya dayan\u0131kl\u0131 malzemelerden yap\u0131lm\u0131\u015f piston contalar\u0131 ve mil contalar\u0131 gibi \u00e7e\u015fitli contalar kullan\u0131r. Silindir g\u00f6vdesi ve di\u015fli u\u00e7 y\u00fczeyi, a\u015f\u0131nma direncini art\u0131rmak i\u00e7in ince i\u015fleme tabi tutulur. Ya\u011flama i\u00e7in d\u00fczenli olarak uygun miktarda hidrolik ya\u011f eklenmesi gereklidir.<\/p>\n<p>\u00d6nleyici Bak\u0131m<br \/>\nKol silindirinin optimum durumda kalmas\u0131 i\u00e7in d\u00fczenli kontroller ve \u00f6nleyici bak\u0131m \u00e7ok \u00f6nemlidir. \u0130\u015fte baz\u0131 \u00f6nleyici bak\u0131m \u00f6nlemleri:<\/p>\n<p>1. Kol silindirinde a\u015f\u0131nma, hasar veya hidrolik s\u0131v\u0131 s\u0131z\u0131nt\u0131s\u0131 belirtileri olup olmad\u0131\u011f\u0131n\u0131 kontrol edin.<br \/>\n2. D\u00fczg\u00fcn \u00e7al\u0131\u015fmas\u0131n\u0131 sa\u011flamak i\u00e7in kol silindirini d\u00fczenli olarak ya\u011flay\u0131n.<br \/>\n3. A\u015f\u0131nm\u0131\u015f veya hasar g\u00f6rm\u00fc\u015f par\u00e7alar\u0131 derhal de\u011fi\u015ftirin.<br \/>\n4. Kir ve d\u00f6k\u00fcnt\u00fclerin contalara veya di\u011fer bile\u015fenlere zarar vermesini \u00f6nlemek i\u00e7in kol silindirini temiz tutun.<\/p>\n<p>Kurulum K\u0131lavuzu<br \/>\nKol silindirini do\u011fru \u015fekilde takmak i\u00e7in \u015fu ad\u0131mlar\u0131 izleyin:<\/p>\n<p>1. Kol silindirinin, s\u00f6z konusu makine i\u00e7in do\u011fru model oldu\u011fundan emin olun.<br \/>\n2. Hidrolik sistemin kapat\u0131ld\u0131\u011f\u0131ndan ve bas\u0131nc\u0131n bo\u015falt\u0131ld\u0131\u011f\u0131ndan emin olun.<br \/>\n3. Eski silindiri \u00e7\u0131kar\u0131n ve yenisini tak\u0131n, c\u0131vatalar\u0131 belirtilen tork de\u011ferine kadar s\u0131k\u0131n.<br \/>\n4. Hidrolik hatlar\u0131 do\u011fru \u015fekilde hizalay\u0131p s\u0131k\u0131ca ba\u011flayarak ba\u011flant\u0131lar\u0131n\u0131 yap\u0131n.<br \/>\n5. \u00c7al\u0131\u015ft\u0131rmadan \u00f6nce kol silindirinin d\u00fczg\u00fcn \u00e7al\u0131\u015f\u0131p \u00e7al\u0131\u015fmad\u0131\u011f\u0131n\u0131 ve s\u0131z\u0131nt\u0131 olup olmad\u0131\u011f\u0131n\u0131 test edin.<\/p>\n<p>G\u00fcvenlik Hususlar\u0131 ve \u00c7evresel Fakt\u00f6rler<br \/>\nSafety is crucial when using the Arm Cylinder. It is essential to follow safety guidelines and use protective gear when handling or operating machinery. Environmental factors, such as temperature and humidity, can affect the Arm Cylinder&#8217;s performance. It is essential to conduct regular checks and maintenance to ensure that the cylinder operates correctly.<\/p>\n<p>Sorun Giderme ve Yayg\u0131n Sorunlar<br \/>\nKol silindirinde s\u0131k\u00e7a kar\u015f\u0131la\u015f\u0131lan baz\u0131 sorunlar \u015funlard\u0131r:<\/p>\n<p>1. S\u0131z\u0131nt\u0131<br \/>\n2. Yava\u015f veya d\u00fczensiz hareket<br \/>\n3. Yetersiz kuvvet veya g\u00fc\u00e7<br \/>\n4. G\u00fcr\u00fclt\u00fcl\u00fc \u00e7al\u0131\u015fma<\/p>\n<p>Bu sorunlar\u0131 gidermek i\u00e7in \u015fu ipu\u00e7lar\u0131n\u0131 izleyin:<\/p>\n<p>1. Hasarl\u0131 veya a\u015f\u0131nm\u0131\u015f contalar\u0131 kontrol edin.<br \/>\n2. Hidrolik hatlar\u0131n do\u011fru \u015fekilde ba\u011fland\u0131\u011f\u0131ndan ve hasar veya t\u0131kan\u0131kl\u0131k bulunmad\u0131\u011f\u0131ndan emin olun.<br \/>\n3. Gev\u015fek c\u0131vata veya ba\u011flant\u0131 olup olmad\u0131\u011f\u0131n\u0131 kontrol edin.<br \/>\n4. Do\u011fru hidrolik s\u0131v\u0131s\u0131n\u0131n kullan\u0131ld\u0131\u011f\u0131ndan emin olun.<\/p>\n<p>Daha ciddi sorunlar veya ar\u0131zalar i\u00e7in profesyonel bir teknisyene ba\u015fvurun.<\/p>\n<p>\u00c7\u00f6z\u00fcm<br \/>\nWe are a professional manufacturer of replacement hydraulic cylinders with a variety of products and have become one of the leading manufacturers and wholesale distributors in the domestic and international markets. We uphold the principle of excellent quality, continuously improving our technology and production efficiency. Our goal is to satisfy our customers&#8217; diverse needs with high-efficiency, accuracy, and high-quality products.<\/p>","protected":false},"excerpt":{"rendered":"<p>Arm Cylinder for Doosan Large Excavator DH320 Introduction The Arm Cylinder is a specialized hydraulic cylinder designed to provide linear motion and power to the arm of various types of machinery such as excavators, cranes, and mechanical arms. It plays a crucial role in the hydraulic system, allowing additional tools or attachments to move and [&hellip;]<\/p>","protected":false},"featured_media":14759,"comment_status":"open","ping_status":"closed","template":"","meta":{"_et_pb_use_builder":"","_et_pb_old_content":"","_et_gb_content_width":""},"product_brand":[],"product_cat":[1497],"product_tag":[1498,1496],"class_list":{"0":"post-16212","1":"product","2":"type-product","3":"status-publish","4":"has-post-thumbnail","6":"product_cat-arm-cylinders","7":"product_tag-arm-cylinders","8":"product_tag-hydraulic-cylinders","10":"first","11":"instock","12":"shipping-taxable","13":"product-type-simple"},"amp_enabled":true,"_links":{"self":[{"href":"https:\/\/www.hydraulic-cylinders.net\/tr\/wp-json\/wp\/v2\/product\/16212","targetHints":{"allow":["GET"]}}],"collection":[{"href":"https:\/\/www.hydraulic-cylinders.net\/tr\/wp-json\/wp\/v2\/product"}],"about":[{"href":"https:\/\/www.hydraulic-cylinders.net\/tr\/wp-json\/wp\/v2\/types\/product"}],"replies":[{"embeddable":true,"href":"https:\/\/www.hydraulic-cylinders.net\/tr\/wp-json\/wp\/v2\/comments?post=16212"}],"wp:featuredmedia":[{"embeddable":true,"href":"https:\/\/www.hydraulic-cylinders.net\/tr\/wp-json\/wp\/v2\/media\/14759"}],"wp:attachment":[{"href":"https:\/\/www.hydraulic-cylinders.net\/tr\/wp-json\/wp\/v2\/media?parent=16212"}],"wp:term":[{"taxonomy":"product_brand","embeddable":true,"href":"https:\/\/www.hydraulic-cylinders.net\/tr\/wp-json\/wp\/v2\/product_brand?post=16212"},{"taxonomy":"product_cat","embeddable":true,"href":"https:\/\/www.hydraulic-cylinders.net\/tr\/wp-json\/wp\/v2\/product_cat?post=16212"},{"taxonomy":"product_tag","embeddable":true,"href":"https:\/\/www.hydraulic-cylinders.net\/tr\/wp-json\/wp\/v2\/product_tag?post=16212"}],"curies":[{"name":"wp","href":"https:\/\/api.w.org\/{rel}","templated":true}]}}