{"id":1626,"date":"2023-10-08T08:46:25","date_gmt":"2023-10-08T08:46:25","guid":{"rendered":"https:\/\/hydraulic-cylinders.net\/?post_type=product&#038;p=1626"},"modified":"2025-04-11T03:46:32","modified_gmt":"2025-04-11T03:46:32","slug":"press-lateral-shift-anvil-cylinder","status":"publish","type":"product","link":"https:\/\/www.hydraulic-cylinders.net\/tr\/urun\/press-lateral-shift-anvil-cylinder\/","title":{"rendered":"Yanal Kayd\u0131rma \u00d6rs Silindirine Bas\u0131n"},"content":{"rendered":"<h1 style=\"text-align: center;\"><strong>Yanal Kayd\u0131rma \u00d6rs Silindirine Bas\u0131n<\/strong><\/h1>\n<p><img loading=\"lazy\" decoding=\"async\" class=\"aligncenter wp-image-1627\" src=\"https:\/\/hydraulic-cylinders.net\/wp-content\/uploads\/2023\/10\/lateral-shift-anvil-cylinder-300x300.webp\" alt=\"\" width=\"400\" height=\"400\" \/><\/p>\n<p>Presleme yanal kayd\u0131rma silindiri, \u00e7e\u015fitli end\u00fcstrilerde presleme i\u015flemlerini optimize etmek i\u00e7in tasarlanm\u0131\u015f son teknoloji bir bile\u015fendir. Geli\u015fmi\u015f \u00f6zellikleri ve g\u00fcvenilir performans\u0131 ile bu silindir, art\u0131r\u0131lm\u0131\u015f hassasiyet, verimlilik ve \u00e7ok y\u00f6nl\u00fcl\u00fck sunar.<\/p>\n<p>Yanal kayd\u0131rmal\u0131 pres silindiri, presleme i\u015flemlerinde hassasiyeti, verimlili\u011fi ve \u00e7ok y\u00f6nl\u00fcl\u00fc\u011f\u00fc art\u0131rmak i\u00e7in g\u00fc\u00e7l\u00fc bir ara\u00e7t\u0131r. Yanal kayd\u0131rma \u00f6zelli\u011fi, y\u00fcksek hassasiyeti, h\u0131zl\u0131 i\u015flemi ve \u00e7e\u015fitli uygulamalarla uyumlulu\u011fu sayesinde bu silindir, \u00fcst\u00fcn sonu\u00e7lar elde etmenizi sa\u011flar. \u00d6nerilen kullan\u0131m y\u00f6ntemlerini ve bak\u0131m uygulamalar\u0131n\u0131 takip ederek, presleme i\u015flemlerinizin performans\u0131n\u0131, verimlili\u011fini ve \u00f6mr\u00fcn\u00fc en \u00fcst d\u00fczeye \u00e7\u0131karabilirsiniz. Presleme s\u00fcre\u00e7lerinizi kolayla\u015ft\u0131rmak ve hassasiyet ve verimlilikte yeni seviyelere ula\u015fmak i\u00e7in yanal kayd\u0131rmal\u0131 pres silindirini se\u00e7in.<\/p>\n<p>Yanal Kayd\u0131rma Anvil Silindirinin Ba\u015fl\u0131ca \u00d6zellikleri:<\/p>\n<ol>\n<li>Yanal Kayma Yetene\u011fi:<\/li>\n<\/ol>\n<ul>\n<li>Pres Yanal Kayd\u0131rma \u00d6rs Silindiri, \u00f6rs\u00fcn hassas konumland\u0131r\u0131lmas\u0131na olanak tan\u0131yan benzersiz bir yanal kayd\u0131rma mekanizmas\u0131na sahiptir.<\/li>\n<li>Bu yanal kayd\u0131rma \u00f6zelli\u011fi, presleme malzemesiyle do\u011fru hizalama sa\u011flayarak optimum sonu\u00e7lar elde edilmesini ve kurulum s\u00fcresinin k\u0131salt\u0131lmas\u0131n\u0131 m\u00fcmk\u00fcn k\u0131lar.<\/li>\n<\/ul>\n<ol start=\"2\">\n<li>Y\u00fcksek Hassasiyet:<\/li>\n<\/ol>\n<ul>\n<li>Bu silindir, yanal kayd\u0131rmada ola\u011fan\u00fcst\u00fc hassasiyet sa\u011flayarak \u00f6rs pozisyonunda ince ayarlamalara olanak tan\u0131r.<\/li>\n<li>Y\u00fcksek hassasiyeti sayesinde tutarl\u0131 ve do\u011fru hizalama sa\u011flar, bu da \u00fcst\u00fcn bask\u0131 kalitesiyle sonu\u00e7lan\u0131r.<\/li>\n<\/ul>\n<ol start=\"3\">\n<li>H\u0131zl\u0131 ve Etkin Operasyon:<\/li>\n<\/ol>\n<ul>\n<li>Pres Yanal Kayd\u0131rma \u00d6rs Silindiri, h\u0131zl\u0131 ve verimli \u00e7al\u0131\u015fma sa\u011flayarak \u00fcretkenli\u011fi en \u00fcst d\u00fczeye \u00e7\u0131karmak i\u00e7in tasarlanm\u0131\u015ft\u0131r.<\/li>\n<li>Geli\u015fmi\u015f hidrolik sistemi, h\u0131zl\u0131 yanal kayd\u0131rmaya olanak tan\u0131yarak \u00e7evrim s\u00fcrelerini k\u0131salt\u0131r ve genel verimlili\u011fi art\u0131r\u0131r.<\/li>\n<\/ul>\n<ol start=\"4\">\n<li>\u00c7ok y\u00f6nl\u00fcl\u00fck:<\/li>\n<\/ol>\n<ul>\n<li>Bu silindir, \u00e7e\u015fitli malzeme ve \u015fekillere uyum sa\u011flayarak \u00e7ok \u00e7e\u015fitli presleme uygulamalar\u0131yla kullan\u0131labilir.<\/li>\n<li>Sac metal, plastik veya di\u011fer malzemelerle \u00e7al\u0131\u015f\u0131yor olun, Pres Yanal Kayd\u0131rma Silindiri, presleme ihtiya\u00e7lar\u0131n\u0131z\u0131 kar\u015f\u0131layacak \u00e7ok y\u00f6nl\u00fcl\u00fck sunar.<\/li>\n<\/ul>\n<h2><strong>Yanal Kayd\u0131rma Anvil Silindiri Parametresi:<\/strong><\/h2>\n<table border=\"1\" cellspacing=\"0\" cellpadding=\"0\">\n<tbody>\n<tr>\n<td>\u00dcr\u00fcn Ad\u0131<\/td>\n<td>Hidrolik Pres Yanal Kayd\u0131rma \u00d6rs Silindiri<\/td>\n<\/tr>\n<tr>\n<td>\u00d6zellikler:<\/td>\n<td>\u00d6rs\u00fc yana do\u011fru hareket ettirin<\/td>\n<\/tr>\n<tr>\n<td>Delik \u00e7ap\u0131:<\/td>\n<td>125 mm\uff5e250 mm<\/td>\n<\/tr>\n<tr>\n<td>\u00c7ubuk \u00e7ap\u0131:<\/td>\n<td>90 mm\uff5e180 mm<br \/>\nStrok\u22645500mm<\/td>\n<\/tr>\n<tr>\n<td>\u0130tme kuvveti:<\/td>\n<td>Maksimum 1546 KN<br \/>\n(\u0130\u00e7 \u00e7ap: 250 mm \/ bas\u0131n\u00e7: 31,5 MPa)<\/td>\n<\/tr>\n<tr>\n<td>Yanal Kayd\u0131rma Anvil Silindiri Uygulamalar\u0131:<\/td>\n<td>Hidrolik Pres<\/td>\n<\/tr>\n<\/tbody>\n<\/table>\n<div><\/div>\n<div class=\"txtboxL\">\n<div class=\"txtboxL\">\n<div class=\"txtboxL\">\u00d6zellikler:<\/div>\n<div class=\"txtboxR\">\u00d6rs\u00fc yana do\u011fru hareket ettirin<\/div>\n<div class=\"txtboxL\">\u00d6zellikler:<\/div>\n<div class=\"txtboxR\">Delik \u00e7ap\u0131: 125 mm\uff5e250 mm<br \/>\n\u00c7ubuk \u00e7ap\u0131: 90 mm - 180 mm<br \/>\nStrok\u22645500mm<\/div>\n<div class=\"txtboxL\">\u0130tme kuvveti:<\/div>\n<div class=\"txtboxR\">Maksimum 1546 KN<br \/>\n(\u0130\u00e7 \u00e7ap: 250 mm \/ bas\u0131n\u00e7: 31,5 MPa)<\/div>\n<\/div>\n<\/div>\n<h2><strong>Pres Silindir Fabrikas\u0131:<\/strong><\/h2>\n<p><img loading=\"lazy\" decoding=\"async\" class=\"alignnone wp-image-1619 size-full\" src=\"https:\/\/hydraulic-cylinders.net\/wp-content\/uploads\/2023\/10\/press-cylinder.webp\" alt=\"\" width=\"1418\" height=\"946\" srcset=\"https:\/\/hydraulic-cylinders.net\/wp-content\/uploads\/2023\/10\/press-cylinder.webp 1418w, https:\/\/hydraulic-cylinders.net\/wp-content\/uploads\/2023\/10\/press-cylinder-1280x854.webp 1280w, https:\/\/hydraulic-cylinders.net\/wp-content\/uploads\/2023\/10\/press-cylinder-980x654.webp 980w, https:\/\/hydraulic-cylinders.net\/wp-content\/uploads\/2023\/10\/press-cylinder-480x320.webp 480w\" sizes=\"(min-width: 0px) and (max-width: 480px) 480px, (min-width: 481px) and (max-width: 980px) 980px, (min-width: 981px) and (max-width: 1280px) 1280px, (min-width: 1281px) 1418px, 100vw\" \/><\/p>\n<h2><strong>Yanal Kayd\u0131rma Anvil Silindirinin Kullan\u0131m Y\u00f6ntemi<\/strong><strong>:<\/strong><\/h2>\n<ol>\n<li><strong>Kurulum ve Entegrasyon:<\/strong><\/li>\n<\/ol>\n<ul>\n<li>Pres Yanal Kayd\u0131rma \u00d6rs Silindirini pres \u00e7er\u00e7evesine veya belirlenmi\u015f montaj alan\u0131na g\u00fcvenli bir \u015fekilde monte edin.<\/li>\n<li>\u00dcreticinin y\u00f6nergelerine ve \u00f6nerilerine uyarak do\u011fru hizalama ve ba\u011flant\u0131y\u0131 sa\u011flay\u0131n.<\/li>\n<\/ul>\n<ol start=\"2\">\n<li><strong>Hidrolik Ba\u011flant\u0131lar:<\/strong><\/li>\n<\/ol>\n<ul>\n<li>Pres Yanal Kayd\u0131rma Silindirini uygun hortum ve ba\u011flant\u0131 par\u00e7alar\u0131n\u0131 kullanarak hidrolik g\u00fc\u00e7 \u00fcnitesine ba\u011flay\u0131n.<\/li>\n<li>Verimli s\u0131v\u0131 transferi ve g\u00fcvenli \u00e7al\u0131\u015fmay\u0131 sa\u011flamak i\u00e7in hidrolik ba\u011flant\u0131lar\u0131n g\u00fcvenli ve s\u0131zd\u0131rmaz oldu\u011fundan emin olun.<\/li>\n<\/ul>\n<ol start=\"3\">\n<li><strong>Konumland\u0131rma Ayar\u0131:<\/strong><\/li>\n<\/ol>\n<ul>\n<li>\u00d6rs\u00fcn yanal kayma konumunu, presleme uygulaman\u0131z\u0131n \u00f6zel gereksinimlerine g\u00f6re ayarlay\u0131n.<\/li>\n<li>Yanal kayd\u0131rma mekanizmas\u0131n\u0131 kullanarak, bask\u0131 malzemesiyle hassas bir hizalama sa\u011flay\u0131n.<\/li>\n<\/ul>\n<ol start=\"4\">\n<li><strong>Operasyonel Kontroller:<\/strong><\/li>\n<\/ol>\n<ul>\n<li>Pres Yanal Kayd\u0131rma \u00d6rs Silindiri taraf\u0131ndan sa\u011flanan \u00e7al\u0131\u015fma kontrollerini \u00f6\u011frenin.<\/li>\n<li>Yanal kayd\u0131rma hareketini ve h\u0131z kontrol\u00fc veya konum kilitleme mekanizmalar\u0131 gibi ek \u00f6zellikleri nas\u0131l ba\u015flataca\u011f\u0131n\u0131z\u0131 anlay\u0131n.<\/li>\n<\/ul>\n<h2><strong>Hidrolik Sistemdeki Bas\u0131n\u00e7 Nas\u0131l Serbest B\u0131rak\u0131l\u0131r?<\/strong><\/h2>\n<p>Hidrolik sistemdeki bas\u0131nc\u0131 bo\u015faltmak, g\u00fcvenli\u011fi sa\u011flamak ve bak\u0131m veya onar\u0131m i\u015flemlerini ger\u00e7ekle\u015ftirmek i\u00e7in \u00e7ok \u00f6nemli bir ad\u0131md\u0131r. \u0130\u015fte hidrolik sistemdeki bas\u0131nc\u0131 nas\u0131l bo\u015faltaca\u011f\u0131n\u0131za dair ad\u0131m ad\u0131m bir k\u0131lavuz:<\/p>\n<ol>\n<li><strong>G\u00fc\u00e7 Kayna\u011f\u0131n\u0131 Belirleyin:<\/strong>\n<ul>\n<li>Hidrolik sisteme bas\u0131n\u00e7 sa\u011flayan g\u00fc\u00e7 kayna\u011f\u0131n\u0131 belirleyin. Bu bir elektrik motoru, motor tahrikli bir pompa veya ba\u015fka herhangi bir g\u00fc\u00e7 kayna\u011f\u0131 olabilir.<\/li>\n<\/ul>\n<\/li>\n<li><strong>G\u00fc\u00e7 Kayna\u011f\u0131n\u0131 Kapat\u0131n:<\/strong>\n<ul>\n<li>Hidrolik sistem i\u00e7in bas\u0131n\u00e7 \u00fcreten g\u00fc\u00e7 kayna\u011f\u0131n\u0131 kapat\u0131n veya devre d\u0131\u015f\u0131 b\u0131rak\u0131n.<\/li>\n<li>E\u011fer elektrikli bir motor ise, g\u00fc\u00e7 kayna\u011f\u0131n\u0131 kapat\u0131n veya ba\u011flant\u0131s\u0131n\u0131 kesin.<\/li>\n<li>Motor tahrikli bir pompa i\u00e7in, motoru kapat\u0131n.<\/li>\n<\/ul>\n<\/li>\n<li><strong>Acil Durdurma D\u00fc\u011fmesine Bas\u0131n:<\/strong>\n<ul>\n<li>Hidrolik sisteminizde acil durdurma d\u00fc\u011fmesi veya kolu varsa, daha fazla hidrolik bas\u0131n\u00e7 olu\u015fumunu durdurmak i\u00e7in bunu devreye al\u0131n.<\/li>\n<\/ul>\n<\/li>\n<li><strong>Bas\u0131nc\u0131n bo\u015falmas\u0131 i\u00e7in zaman tan\u0131y\u0131n:<\/strong>\n<ul>\n<li>G\u00fc\u00e7 kayna\u011f\u0131n\u0131 kapatt\u0131ktan ve acil durdurma d\u00fc\u011fmesine bast\u0131ktan sonra, bas\u0131nc\u0131n da\u011f\u0131lmas\u0131 i\u00e7in yeterli s\u00fcre bekleyin.<\/li>\n<li>Bas\u0131n\u00e7 tahliyesi i\u00e7in gereken s\u00fcre, hidrolik sistemin boyutuna ve karma\u015f\u0131kl\u0131\u011f\u0131na ba\u011fl\u0131d\u0131r. Bas\u0131nc\u0131n tamamen bo\u015falmas\u0131 birka\u00e7 dakika veya daha uzun s\u00fcrebilir.<\/li>\n<\/ul>\n<\/li>\n<li><strong>Bas\u0131n\u00e7 Tahliyesini Do\u011frulay\u0131n:<\/strong>\n<ul>\n<li>Bas\u0131nc\u0131n tamamen bo\u015fald\u0131\u011f\u0131ndan emin olmak i\u00e7in, varsa hidrolik sistem \u00fczerindeki bas\u0131n\u00e7 g\u00f6stergelerini veya i\u015faretlerini kontrol edin.<\/li>\n<li>Bas\u0131n\u00e7 de\u011feri s\u0131f\u0131r veya s\u0131f\u0131ra yak\u0131n ise, bas\u0131nc\u0131n ba\u015far\u0131yla bo\u015falt\u0131ld\u0131\u011f\u0131n\u0131 g\u00f6sterir.<\/li>\n<\/ul>\n<\/li>\n<li><strong>Kalan Bas\u0131nc\u0131 Giderin:<\/strong>\n<ul>\n<li>Baz\u0131 durumlarda, g\u00fc\u00e7 kayna\u011f\u0131 kapat\u0131ld\u0131ktan sonra bile hidrolik sistemde art\u0131k bas\u0131n\u00e7 kalabilir.<\/li>\n<li>Bu kalan bas\u0131nc\u0131 gidermek i\u00e7in hidrolik sistem \u00fczerindeki bas\u0131n\u00e7 tahliye vanas\u0131n\u0131 bulun.<\/li>\n<li>Kalan bas\u0131nc\u0131 kademeli olarak bo\u015faltmak i\u00e7in uygun aletleri (\u00f6rne\u011fin, bir anahtar) kullanarak bas\u0131n\u00e7 tahliye vanas\u0131n\u0131 yava\u015f\u00e7a a\u00e7\u0131n.<\/li>\n<li>Ani hareketleri veya hidrolik s\u0131v\u0131 s\u0131\u00e7ramas\u0131n\u0131 \u00f6nlemek i\u00e7in kalan bas\u0131nc\u0131 bo\u015falt\u0131rken dikkatli ve \u00f6zenli olun.<\/li>\n<\/ul>\n<\/li>\n<li><strong>Bas\u0131n\u00e7 Tahliyesini Tekrar Kontrol Edin:<\/strong>\n<ul>\n<li>Kalan bas\u0131nc\u0131 bo\u015faltt\u0131ktan sonra, bas\u0131n\u00e7 g\u00f6stergelerinin s\u0131f\u0131r bas\u0131nc\u0131 veya s\u0131f\u0131ra yak\u0131n bir de\u011feri g\u00f6sterdi\u011finden emin olmak i\u00e7in tekrar kontrol edin.<\/li>\n<li>Hidrolik sistemde herhangi bir hareket veya bas\u0131n\u00e7 art\u0131\u015f\u0131 belirtisi olup olmad\u0131\u011f\u0131n\u0131 g\u00f6rsel olarak inceleyin.<\/li>\n<\/ul>\n<\/li>\n<\/ol>\n<h2><strong>Fabrikan\u0131n Kapasitesi ve Kapasitesi:<\/strong><\/h2>\n<h3>(1) Meclis<\/h3>\n<p>Birinci s\u0131n\u0131f ba\u011f\u0131ms\u0131z bir ara\u015ft\u0131rma ve geli\u015ftirme montaj platformumuz bulunmaktad\u0131r. Hidrolik silindir \u00fcretim at\u00f6lyemizde, y\u0131ll\u0131k 1 milyon adet \u00fcretim kapasitesine sahip d\u00f6rt adet yar\u0131 otomatik kald\u0131rma silindiri montaj hatt\u0131 ve bir adet otomatik devirme silindiri montaj hatt\u0131 bulunmaktad\u0131r. \u00d6zel silindir at\u00f6lyemiz, y\u0131ll\u0131k 200.000 adet \u00fcretim kapasitesine sahip \u00e7e\u015fitli \u00f6zelliklerde yar\u0131 otomatik temizleme montaj sistemiyle donat\u0131lm\u0131\u015ft\u0131r. Ayr\u0131ca, \u00fcnl\u00fc CNC i\u015fleme ekipmanlar\u0131, bir i\u015fleme merkezi, y\u00fcksek hassasiyetli silindir i\u015fleme \u00f6zel ekipmanlar\u0131, bir robot kaynak makinesi, bir otomatik temizleme makinesi, otomatik silindir montaj makinesi ve otomatik boyama \u00fcretim hatt\u0131 ile donat\u0131lm\u0131\u015ft\u0131r. 300'den fazla setten olu\u015fan kritik ekipmanlar mevcuttur. Ekipman kaynaklar\u0131n\u0131n optimum da\u011f\u0131l\u0131m\u0131 ve verimli kullan\u0131m\u0131, \u00fcr\u00fcnlerin hassasiyet gereksinimlerini kar\u015f\u0131lar ve \u00fcr\u00fcnlerin y\u00fcksek kalite ihtiya\u00e7lar\u0131n\u0131 kar\u015f\u0131lar.<\/p>\n<p><img loading=\"lazy\" decoding=\"async\" class=\"alignnone wp-image-626\" src=\"https:\/\/hydraulic-cylinders.net\/wp-content\/uploads\/2023\/08\/hydraulic-cylinder-product-1-300x158.webp\" alt=\"\" width=\"495\" height=\"260\" srcset=\"https:\/\/hydraulic-cylinders.net\/wp-content\/uploads\/2023\/08\/hydraulic-cylinder-product-1-300x158.webp 495w, https:\/\/hydraulic-cylinders.net\/wp-content\/uploads\/2023\/08\/hydraulic-cylinder-product-1-480x252.webp 480w\" sizes=\"(min-width: 0px) and (max-width: 480px) 480px, (min-width: 481px) 495px, 100vw\" \/> <img loading=\"lazy\" decoding=\"async\" class=\"alignnone wp-image-627\" src=\"https:\/\/hydraulic-cylinders.net\/wp-content\/uploads\/2023\/08\/hydraulic-cylinder-product-2-300x189.webp\" alt=\"\" width=\"413\" height=\"260\" \/><\/p>\n<h3>(2) \u0130\u015fleme<\/h3>\n<p>\u0130\u015fleme at\u00f6lyesi, maksimum 400 mm i\u00e7 \u00e7apa ve maksimum 6 metre uzunlu\u011fa sahip silindir borular\u0131n\u0131n i\u015flenmesini ger\u00e7ekle\u015ftirebilen \u00f6zel e\u011fimli ray torna merkezi, i\u015fleme merkezi, y\u00fcksek h\u0131zl\u0131 honlama makinesi, kaynak robotu ve di\u011fer ilgili ekipmanlarla donat\u0131lm\u0131\u015ft\u0131r.<\/p>\n<p><img loading=\"lazy\" decoding=\"async\" class=\"alignnone wp-image-628 size-large\" src=\"https:\/\/hydraulic-cylinders.net\/wp-content\/uploads\/2023\/08\/hydraulic-cylinder-product-3-1024x391.webp\" alt=\"\" width=\"1024\" height=\"391\" srcset=\"https:\/\/hydraulic-cylinders.net\/wp-content\/uploads\/2023\/08\/hydraulic-cylinder-product-3-980x374.webp 980w, https:\/\/hydraulic-cylinders.net\/wp-content\/uploads\/2023\/08\/hydraulic-cylinder-product-3-480x183.webp 480w\" sizes=\"(min-width: 0px) and (max-width: 480px) 480px, (min-width: 481px) and (max-width: 980px) 980px, (min-width: 981px) 1024px, 100vw\" \/><\/p>\n<h3>(3) Kaynak<\/h3>\n<p><img loading=\"lazy\" decoding=\"async\" class=\"alignnone wp-image-629 size-large\" src=\"https:\/\/hydraulic-cylinders.net\/wp-content\/uploads\/2023\/08\/hydraulic-cylinder-product-4-1024x510.webp\" alt=\"\" width=\"1024\" height=\"510\" srcset=\"https:\/\/hydraulic-cylinders.net\/wp-content\/uploads\/2023\/08\/hydraulic-cylinder-product-4-980x488.webp 980w, https:\/\/hydraulic-cylinders.net\/wp-content\/uploads\/2023\/08\/hydraulic-cylinder-product-4-480x239.webp 480w\" sizes=\"(min-width: 0px) and (max-width: 480px) 480px, (min-width: 481px) and (max-width: 980px) 980px, (min-width: 981px) 1024px, 100vw\" \/><\/p>\n<h3>(4) Boyama ve kaplama<\/h3>\n<p>K\u00fc\u00e7\u00fck ve orta \u00f6l\u00e7ekli silindirli otomatik su bazl\u0131 boya kaplama hatlar\u0131nda, otomatik robot y\u00fckleme-bo\u015faltma ve otomatik p\u00fcsk\u00fcrtmeyi ger\u00e7ekle\u015ftirmek i\u00e7in, vardiya ba\u015f\u0131na 4000 adet tasar\u0131m kapasitesi;<br \/>\nAyr\u0131ca, vardiya ba\u015f\u0131na 60 kasa kapasiteli, g\u00fc\u00e7 zinciriyle \u00e7al\u0131\u015fan b\u00fcy\u00fck silindirler i\u00e7in yar\u0131 otomatik boya \u00fcretim hatt\u0131m\u0131z da bulunmaktad\u0131r.<\/p>\n<p><img loading=\"lazy\" decoding=\"async\" class=\"alignnone wp-image-630\" src=\"https:\/\/hydraulic-cylinders.net\/wp-content\/uploads\/2023\/08\/hydraulic-cylinder-product-5-300x213.webp\" alt=\"\" width=\"366\" height=\"260\" \/> <img loading=\"lazy\" decoding=\"async\" class=\"alignnone wp-image-631\" src=\"https:\/\/hydraulic-cylinders.net\/wp-content\/uploads\/2023\/08\/hydraulic-cylinder-product-6-300x225.webp\" alt=\"\" width=\"347\" height=\"260\" \/><\/p>\n<h3>(5) Test etme<\/h3>\n<p>Silindirin performans\u0131n\u0131n gereklilikleri kar\u015f\u0131lad\u0131\u011f\u0131ndan emin olmak i\u00e7in birinci s\u0131n\u0131f muayene tesislerimiz ve test yataklar\u0131m\u0131z bulunmaktad\u0131r.<\/p>\n<p><img loading=\"lazy\" decoding=\"async\" class=\"alignnone wp-image-632\" src=\"https:\/\/hydraulic-cylinders.net\/wp-content\/uploads\/2023\/08\/hydraulic-cylinder-product-8-300x200.webp\" alt=\"\" width=\"389\" height=\"260\" \/><\/p>\n<p>&nbsp;<\/p>\n<p>&nbsp;<\/p>\n<p>En iyi hidrolik silindir \u00fcreticilerinden biriyiz. Kapsaml\u0131 hidrolik silindirler sunabiliyoruz. Ayr\u0131ca, ilgili hidrolik silindirleri de sa\u011fl\u0131yoruz. <a href=\"https:\/\/hzpt.com\/agricultural-pto-gearbox\/\" target=\"_blank\" rel=\"noopener\">tar\u0131msal di\u015fli kutular\u0131<\/a>\u00dcr\u00fcnlerimizi d\u00fcnya \u00e7ap\u0131ndaki m\u00fc\u015fterilerimize ihra\u00e7 ettik ve \u00fcst\u00fcn \u00fcr\u00fcn kalitemiz ve sat\u0131\u015f sonras\u0131 hizmetlerimiz sayesinde iyi bir itibar kazand\u0131k. Yurt i\u00e7i ve yurt d\u0131\u015f\u0131ndaki m\u00fc\u015fterilerimizi i\u015f g\u00f6r\u00fc\u015fmeleri yapmak, bilgi al\u0131\u015fveri\u015finde bulunmak ve <a href=\"https:\/\/www.hydraulic-cylinders.net\/tr\/contact-us\/\">bizimle i\u015fbirli\u011fi yap\u0131n<\/a>!<\/p>","protected":false},"excerpt":{"rendered":"<p>Press Lateral Shift Anvil Cylinder The press lateral shift anvil cylinder is a cutting-edge component designed to optimize pressing operations in various industries. With its advanced features and reliable performance, this cylinder offers enhanced precision, efficiency, and versatility. The press lateral shift anvil cylinder is a powerful tool for enhancing precision, efficiency, and versatility in [&hellip;]<\/p>","protected":false},"featured_media":1628,"comment_status":"open","ping_status":"closed","template":"","meta":{"_et_pb_use_builder":"","_et_pb_old_content":"","_et_gb_content_width":""},"product_brand":[],"product_cat":[1550,1522,1376],"product_tag":[1380],"class_list":{"0":"post-1626","1":"product","2":"type-product","3":"status-publish","4":"has-post-thumbnail","6":"product_cat-double-acting-hydraulic-cylinder","7":"product_cat-press-hydraulic-cylinders","8":"product_cat-hydraulic-cylinder","9":"product_tag-hydraulic-cylinder","11":"first","12":"instock","13":"shipping-taxable","14":"product-type-simple"},"amp_enabled":true,"_links":{"self":[{"href":"https:\/\/www.hydraulic-cylinders.net\/tr\/wp-json\/wp\/v2\/product\/1626","targetHints":{"allow":["GET"]}}],"collection":[{"href":"https:\/\/www.hydraulic-cylinders.net\/tr\/wp-json\/wp\/v2\/product"}],"about":[{"href":"https:\/\/www.hydraulic-cylinders.net\/tr\/wp-json\/wp\/v2\/types\/product"}],"replies":[{"embeddable":true,"href":"https:\/\/www.hydraulic-cylinders.net\/tr\/wp-json\/wp\/v2\/comments?post=1626"}],"wp:featuredmedia":[{"embeddable":true,"href":"https:\/\/www.hydraulic-cylinders.net\/tr\/wp-json\/wp\/v2\/media\/1628"}],"wp:attachment":[{"href":"https:\/\/www.hydraulic-cylinders.net\/tr\/wp-json\/wp\/v2\/media?parent=1626"}],"wp:term":[{"taxonomy":"product_brand","embeddable":true,"href":"https:\/\/www.hydraulic-cylinders.net\/tr\/wp-json\/wp\/v2\/product_brand?post=1626"},{"taxonomy":"product_cat","embeddable":true,"href":"https:\/\/www.hydraulic-cylinders.net\/tr\/wp-json\/wp\/v2\/product_cat?post=1626"},{"taxonomy":"product_tag","embeddable":true,"href":"https:\/\/www.hydraulic-cylinders.net\/tr\/wp-json\/wp\/v2\/product_tag?post=1626"}],"curies":[{"name":"wp","href":"https:\/\/api.w.org\/{rel}","templated":true}]}}