{"id":1629,"date":"2023-10-08T08:53:04","date_gmt":"2023-10-08T08:53:04","guid":{"rendered":"https:\/\/hydraulic-cylinders.net\/?post_type=product&#038;p=1629"},"modified":"2025-04-11T03:46:29","modified_gmt":"2025-04-11T03:46:29","slug":"press-mobile-workbench-cylinder","status":"publish","type":"product","link":"https:\/\/www.hydraulic-cylinders.net\/tr\/urun\/press-mobile-workbench-cylinder\/","title":{"rendered":"Pres Mobil Tezgah Silindiri"},"content":{"rendered":"<h1 style=\"text-align: center;\"><strong>Pres Mobil Tezgah Silindiri<\/strong><\/h1>\n<p><img loading=\"lazy\" decoding=\"async\" class=\"aligncenter wp-image-1630\" src=\"https:\/\/hydraulic-cylinders.net\/wp-content\/uploads\/2023\/10\/mobile-workbench-cylinder-300x300.webp\" alt=\"\" width=\"400\" height=\"400\" \/><\/p>\n<p>Mobil pres tezgah\u0131 silindiri, \u00e7e\u015fitli sekt\u00f6rlerdeki tezgah kurulumlar\u0131nda verimlili\u011fi ve \u00e7ok y\u00f6nl\u00fcl\u00fc\u011f\u00fc optimize etmek i\u00e7in tasarlanm\u0131\u015f devrim niteli\u011finde bir \u00fcr\u00fcnd\u00fcr. Geli\u015fmi\u015f \u00f6zellikleri ve g\u00fcvenilir performans\u0131yla bu silindir, geli\u015fmi\u015f hareket kabiliyeti, stabilite ve kullan\u0131m kolayl\u0131\u011f\u0131 sunar.<\/p>\n<p>Mobil pres tezgah\u0131 silindiri, geli\u015fmi\u015f hareket kabiliyeti, denge ve \u00e7ok y\u00f6nl\u00fcl\u00fck sa\u011flayarak her tezgah kurulumuna \u00e7\u0131\u011f\u0131r a\u00e7an bir eklentidir. Zahmetsiz hareketi, y\u00fckseklik ayarlanabilirli\u011fi ve g\u00fcvenilir kilitleme mekanizmas\u0131yla bu silindir, dinamik ve verimli bir \u00e7al\u0131\u015fma alan\u0131 olu\u015fturman\u0131za olanak tan\u0131r. \u00d6nerilen kullan\u0131m y\u00f6ntemlerini ve bak\u0131m uygulamalar\u0131n\u0131 izleyerek tezgah kurulumunuzun performans\u0131n\u0131, \u00f6mr\u00fcn\u00fc ve g\u00fcvenli\u011fini en \u00fcst d\u00fczeye \u00e7\u0131karabilirsiniz. \u00c7al\u0131\u015fma ortam\u0131nda \u00fcretkenli\u011fi, konforu ve rahatl\u0131\u011f\u0131 art\u0131rmak i\u00e7in mobil pres tezgah\u0131 silindirini se\u00e7in.<\/p>\n<p>Pres Mobil Tezgah Silindirinin Temel \u00d6zellikleri:<\/p>\n<ol>\n<li>Geli\u015fmi\u015f Hareketlilik:<\/li>\n<\/ol>\n<ul>\n<li>Pres mobil tezgah silindiri, tezgah\u0131n zahmetsizce hareket ettirilmesini sa\u011flayan sa\u011flam ve g\u00fcvenilir bir mobil mekanizmaya sahiptir.<\/li>\n<li>Bu silindir, p\u00fcr\u00fczs\u00fcz hareket eden tekerlekleri ve sa\u011flam yap\u0131s\u0131yla \u00e7al\u0131\u015fma tezgah\u0131n\u0131z\u0131 kolayca ta\u015f\u0131man\u0131za olanak tan\u0131r ve manuel kald\u0131rma veya s\u00f6kme ihtiyac\u0131n\u0131 ortadan kald\u0131r\u0131r.<\/li>\n<\/ul>\n<ol start=\"2\">\n<li>Y\u00fckseklik Ayar\u0131:<\/li>\n<\/ol>\n<ul>\n<li>Bu silindir, \u00e7al\u0131\u015fma tezgah\u0131n\u0131n y\u00fcksekli\u011fini \u00f6zel ihtiya\u00e7lar\u0131n\u0131za g\u00f6re \u00f6zelle\u015ftirmenize olanak tan\u0131yan kullan\u0131\u015fl\u0131 bir y\u00fckseklik ayar\u0131 sunar.<\/li>\n<li>\u0130ster rahat bir ayakta durma pozisyonuna, ister karma\u015f\u0131k g\u00f6revler i\u00e7in daha d\u00fc\u015f\u00fck bir y\u00fcksekli\u011fe ihtiyac\u0131n\u0131z olsun, Press Mobil \u00c7al\u0131\u015fma Tezgah\u0131 Silindiri esneklik ve uyarlanabilirlik sa\u011flar.<\/li>\n<\/ul>\n<ol start=\"3\">\n<li>Stabilite ve Kilitleme Mekanizmas\u0131:<\/li>\n<\/ol>\n<ul>\n<li>Silindir, tezgah kullan\u0131m\u0131 s\u0131ras\u0131nda stabilite ve g\u00fcvenli\u011fi garanti eden g\u00fcvenli bir kilitleme mekanizmas\u0131 ile donat\u0131lm\u0131\u015ft\u0131r.<\/li>\n<li>\u0130stenilen pozisyona ula\u015f\u0131ld\u0131\u011f\u0131nda, \u00e7al\u0131\u015fma tezgah\u0131n\u0131 yerinde sabitlemek i\u00e7in kilitleme mekanizmas\u0131n\u0131 devreye sokman\u0131z yeterlidir; bu sayede sabit ve sa\u011flam bir \u00e7al\u0131\u015fma istasyonu elde edersiniz.<\/li>\n<\/ul>\n<ol start=\"4\">\n<li>Dayan\u0131kl\u0131 Yap\u0131:<\/li>\n<\/ol>\n<ul>\n<li>Pres mobil \u00e7al\u0131\u015fma tezgah\u0131 silindiri, a\u011f\u0131r y\u00fcklere ve d\u00fczenli kullan\u0131ma dayanacak \u015fekilde y\u00fcksek kaliteli malzemelerden \u00fcretilmi\u015ftir.<\/li>\n<li>Sa\u011flam yap\u0131s\u0131 uzun \u00f6m\u00fcrl\u00fc ve g\u00fcvenilir olmas\u0131n\u0131 sa\u011flayarak \u00e7al\u0131\u015fma alan\u0131n\u0131z i\u00e7in m\u00fckemmel bir yat\u0131r\u0131md\u0131r.<\/li>\n<\/ul>\n<h2><strong>Pres Mobil Tezgah Silindir Parametresi:<\/strong><\/h2>\n<table border=\"1\" cellspacing=\"0\" cellpadding=\"0\">\n<tbody>\n<tr>\n<td>\u00dcr\u00fcn Ad\u0131<\/td>\n<td>Hidrolik Pres Mobil Tezgah Silindiri<\/td>\n<\/tr>\n<tr>\n<td>\u00d6zellikler:<\/td>\n<td>\u00c7al\u0131\u015fma tezgah\u0131n\u0131 hareket ettirmek i\u00e7in s\u00fcr\u00fcn<\/td>\n<\/tr>\n<tr>\n<td>Delik \u00e7ap\u0131:<\/td>\n<td>125 mm\uff5e320 mm<\/td>\n<\/tr>\n<tr>\n<td>\u00c7ubuk \u00e7ap\u0131:<\/td>\n<td>90 mm\uff5e220 mm<br \/>\nStrok\u22647500mm<\/td>\n<\/tr>\n<tr>\n<td>\u0130tme kuvveti:<\/td>\n<td>Maksimum 2533KN<br \/>\n(Silindir \u00e7ap\u0131 320mm\/bas\u0131n\u00e7 31.5MPa)<\/td>\n<\/tr>\n<tr>\n<td>Mobil Tezgah Silindir Uygulamalar\u0131:<\/td>\n<td>Hidrolik Pres<\/td>\n<\/tr>\n<\/tbody>\n<\/table>\n<div class=\"txtboxL\">\n<div class=\"txtboxL\">\n<div class=\"txtboxL\">\n<div class=\"txtboxL\">\u00d6zellikler:<\/div>\n<div class=\"txtboxR\">\u00c7al\u0131\u015fma tezgah\u0131n\u0131 hareket ettirmek i\u00e7in s\u00fcr\u00fcn<\/div>\n<div class=\"txtboxL\">\u00d6zellikler:<\/div>\n<div class=\"txtboxR\">Delik \u00e7ap\u0131: 125mm\uff5e320mm<br \/>\n\u00c7ubuk \u00e7ap\u0131: 90mm\uff5e220mm<br \/>\nStrok\u22647500mm<\/div>\n<div class=\"txtboxL\">\u0130tme kuvveti:<\/div>\n<div class=\"txtboxR\">Maksimum 2533KN<br \/>\n(Silindir \u00e7ap\u0131 320mm\/bas\u0131n\u00e7 31.5MPa)<\/div>\n<\/div>\n<\/div>\n<\/div>\n<h2><strong>Pres Silindir Fabrikas\u0131:<\/strong><\/h2>\n<p><img loading=\"lazy\" decoding=\"async\" class=\"alignnone wp-image-1619 size-full\" src=\"https:\/\/hydraulic-cylinders.net\/wp-content\/uploads\/2023\/10\/press-cylinder.webp\" alt=\"\" width=\"1418\" height=\"946\" srcset=\"https:\/\/hydraulic-cylinders.net\/wp-content\/uploads\/2023\/10\/press-cylinder.webp 1418w, https:\/\/hydraulic-cylinders.net\/wp-content\/uploads\/2023\/10\/press-cylinder-1280x854.webp 1280w, https:\/\/hydraulic-cylinders.net\/wp-content\/uploads\/2023\/10\/press-cylinder-980x654.webp 980w, https:\/\/hydraulic-cylinders.net\/wp-content\/uploads\/2023\/10\/press-cylinder-480x320.webp 480w\" sizes=\"(min-width: 0px) and (max-width: 480px) 480px, (min-width: 481px) and (max-width: 980px) 980px, (min-width: 981px) and (max-width: 1280px) 1280px, (min-width: 1281px) 1418px, 100vw\" \/><\/p>\n<h2><strong>Pres Mobil Tezgah Silindirinin Kullan\u0131m Y\u00f6ntemi<\/strong><strong>:<\/strong><\/h2>\n<ol>\n<li><strong>Montaj ve Kurulum:<\/strong><\/li>\n<\/ol>\n<ul>\n<li>Pres mobil \u00e7al\u0131\u015fma tezgah\u0131 silindirini verilen talimatlara veya \u00fcreticinin talimatlar\u0131na g\u00f6re monte ederek ba\u015flay\u0131n.<\/li>\n<li>T\u00fcm bile\u015fenlerin g\u00fcvenli bir \u015fekilde sabitlendi\u011finden ve denge ve g\u00fcvenli\u011fi garanti alt\u0131na almak i\u00e7in ba\u011flant\u0131lar\u0131n s\u0131k\u0131ld\u0131\u011f\u0131ndan emin olun.<\/li>\n<\/ul>\n<ol start=\"2\">\n<li><strong>Y\u00fckseklik Ayar\u0131:<\/strong><\/li>\n<\/ol>\n<ul>\n<li>Tezgah\u0131n y\u00fcksekli\u011fini ayarlamak i\u00e7in silindir \u00fczerindeki y\u00fckseklik ayar mekanizmas\u0131n\u0131 bulun.<\/li>\n<li>\u00c7al\u0131\u015fma tezgah\u0131n\u0131 istedi\u011finiz konuma y\u00fckseltmek veya indirmek i\u00e7in talimatlar\u0131 izleyin; bu sayede optimum konfor ve ergonomi sa\u011flanm\u0131\u015f olur.<\/li>\n<\/ul>\n<ol start=\"3\">\n<li><strong>Hareketlilik ve Konumland\u0131rma:<\/strong><\/li>\n<\/ol>\n<ul>\n<li>Tezgah\u0131 hareket ettirmeniz gerekti\u011finde kilitleme mekanizmas\u0131n\u0131n devre d\u0131\u015f\u0131 oldu\u011fundan emin olun.<\/li>\n<li>Tezgah\u0131, tekerleklerin rahat hareket etmesinden faydalanarak, istedi\u011finiz yere yava\u015f\u00e7a itin.<\/li>\n<li>Pozisyona geldikten sonra, \u00e7al\u0131\u015fma tezgah\u0131n\u0131 sabitlemek ve istenmeyen hareket etmesini \u00f6nlemek i\u00e7in kilitleme mekanizmas\u0131n\u0131 devreye sokun.<\/li>\n<\/ul>\n<h2><strong>Hidrolik Sistemdeki Hava Nas\u0131l \u00c7\u0131kar\u0131l\u0131r?<\/strong><\/h2>\n<p>Hidrolik sistemden havan\u0131n al\u0131nmas\u0131, yani sistemin havas\u0131n\u0131n al\u0131nmas\u0131 veya temizlenmesi, d\u00fczg\u00fcn \u00e7al\u0131\u015fmas\u0131n\u0131 sa\u011flamak ve s\u00fcngerimsi frenler veya d\u00fc\u015f\u00fck performans gibi sorunlar\u0131 \u00f6nlemek i\u00e7in \u00f6nemlidir. \u0130\u015fte hidrolik sistemden havan\u0131n nas\u0131l al\u0131naca\u011f\u0131na dair ad\u0131m ad\u0131m bir k\u0131lavuz:<\/p>\n<ol>\n<li><strong>Hava Giri\u015f Noktalar\u0131n\u0131 Belirleyin:<\/strong>\n<ul>\n<li>Hidrolik sisteme havan\u0131n girmi\u015f olabilece\u011fi olas\u0131 giri\u015f noktalar\u0131n\u0131 belirleyin. Yayg\u0131n giri\u015f noktalar\u0131 aras\u0131nda gev\u015fek ba\u011flant\u0131 par\u00e7alar\u0131, hasarl\u0131 contalar veya yak\u0131n zamanda de\u011fi\u015ftirilmi\u015f bile\u015fenler bulunur.<\/li>\n<\/ul>\n<\/li>\n<li><strong>Gerekli Ara\u00e7 ve Gere\u00e7leri Toplay\u0131n:<\/strong>\n<ul>\n<li>Kanama i\u015flemine ba\u015flamadan \u00f6nce, anahtar veya soket tak\u0131m\u0131, s\u0131v\u0131 toplamak i\u00e7in bir kap, taze hidrolik s\u0131v\u0131s\u0131 ve koruyucu eldivenler dahil olmak \u00fczere gerekli ara\u00e7 ve malzemeleri toplay\u0131n.<\/li>\n<\/ul>\n<\/li>\n<li><strong>Hava Alma Vanas\u0131n\u0131 Bulun:<\/strong>\n<ul>\n<li>Hidrolik sistemdeki hava tahliye valfini\/valflerini bulun. Hava tahliye valfi genellikle fren kaliperi, debriyaj yard\u0131mc\u0131 silindiri veya hidrolik silindir gibi hava tahliyesi gerektiren bile\u015fenlerin yak\u0131n\u0131nda bulunur.<\/li>\n<\/ul>\n<\/li>\n<li><strong>Haz\u0131rl\u0131k Ad\u0131mlar\u0131:<\/strong>\n<ul>\n<li>Hidrolik s\u0131v\u0131 haznesinin uygun seviyeye kadar dolu oldu\u011fundan emin olun. Bu, hava alma s\u0131ras\u0131nda sisteme ilave hava girmesini \u00f6nlemeye yard\u0131mc\u0131 olacakt\u0131r.<\/li>\n<li>Gerekirse, s\u0131v\u0131 t\u00fcr\u00fc ve \u00f6nerilen kanama prosed\u00fcr\u00fcne ili\u015fkin \u00f6zel y\u00f6nergeler i\u00e7in ekipman k\u0131lavuzuna veya \u00fcreticinin talimatlar\u0131na bak\u0131n.<\/li>\n<\/ul>\n<\/li>\n<li><strong>Hava Alma Vanas\u0131n\u0131 A\u00e7\u0131n:<\/strong>\n<ul>\n<li>Uygun bir anahtar veya soket kullanarak, hava alma bile\u015feninizdeki hava alma valfini dikkatlice gev\u015fetin. Valfin, s\u0131k\u0131\u015fan hava ve s\u0131v\u0131n\u0131n d\u0131\u015far\u0131 \u00e7\u0131kmas\u0131na izin verecek kadar daralt\u0131ld\u0131\u011f\u0131ndan emin olun.<\/li>\n<\/ul>\n<\/li>\n<li><strong>Kanama Prosed\u00fcr\u00fc:<\/strong>\n<ul>\n<li>Hava alma valfi a\u00e7\u0131kken, bir yard\u0131mc\u0131dan ilgili kumanday\u0131 etkinle\u015ftirerek (\u00f6rne\u011fin fren pedal\u0131na basarak veya hidrolik kolu \u00e7al\u0131\u015ft\u0131rarak) hidrolik sisteme yava\u015f\u00e7a bas\u0131n\u00e7 uygulamas\u0131n\u0131 isteyin.<\/li>\n<li>Bas\u0131n\u00e7 artt\u0131k\u00e7a, sistemde s\u0131k\u0131\u015fan hava kabarc\u0131klar\u0131 a\u00e7\u0131k tahliye vanas\u0131ndan d\u0131\u015far\u0131 \u00e7\u0131kmaya ba\u015flamal\u0131d\u0131r. G\u00f6r\u00fcn\u00fcrdeki t\u00fcm hava kabarc\u0131klar\u0131 giderilene ve sabit bir s\u0131v\u0131 ak\u0131\u015f\u0131 g\u00f6zlemlenene kadar s\u0131v\u0131n\u0131n akmas\u0131na izin verin.<\/li>\n<\/ul>\n<\/li>\n<li><strong>Hava Alma Vanas\u0131n\u0131 Kapat\u0131n:<\/strong>\n<ul>\n<li>Hava kabarc\u0131klar\u0131 giderildikten ve tahliye vanas\u0131ndan sadece s\u0131v\u0131 ak\u0131\u015f\u0131 sa\u011fland\u0131ktan sonra, sisteme daha fazla hava girmesini \u00f6nlemek i\u00e7in vanay\u0131 s\u0131k\u0131ca kapat\u0131n.<\/li>\n<li>Vanan\u0131n g\u00fcvenli bir \u015fekilde kapat\u0131ld\u0131\u011f\u0131ndan emin olun ancak a\u015f\u0131r\u0131 s\u0131kmaktan ka\u00e7\u0131n\u0131n, aksi takdirde vana veya yuvas\u0131 zarar g\u00f6rebilir.<\/li>\n<\/ul>\n<\/li>\n<li><strong>\u0130\u015flemi tekrarlay\u0131n:<\/strong>\n<ul>\n<li>Gerekiyorsa hidrolik sistemdeki her bir komponent i\u00e7in, hidrolik s\u0131v\u0131 haznesine en yak\u0131n olandan ba\u015flayarak en uzak komponente do\u011fru hava alma i\u015flemini tekrarlay\u0131n.<\/li>\n<\/ul>\n<\/li>\n<li><strong>S\u0131v\u0131 Seviyesini Kontrol Edin:<\/strong>\n<ul>\n<li>Hava alma i\u015flemini tamamlad\u0131ktan sonra, haznedeki hidrolik s\u0131v\u0131 seviyesini kontrol edin ve gerekirse tamamlay\u0131n. S\u0131v\u0131 seviyesinin \u00f6nerilen aral\u0131kta oldu\u011fundan emin olun.<\/li>\n<\/ul>\n<\/li>\n<li><strong>Test Sistemi \u0130\u015flevselli\u011fi:<\/strong>\n<ul>\n<li>Kanama i\u015flemi tamamland\u0131ktan ve sistem d\u00fczg\u00fcn bir \u015fekilde kapat\u0131ld\u0131ktan sonra, hidrolik sistemin i\u015flevselli\u011fini test ederek d\u00fczg\u00fcn \u00e7al\u0131\u015fmas\u0131n\u0131 ve optimum performans\u0131n\u0131 sa\u011flay\u0131n.<\/li>\n<\/ul>\n<\/li>\n<\/ol>\n<h2><strong>Fabrikan\u0131n Kapasitesi ve Kapasitesi:<\/strong><\/h2>\n<h3>(1) Meclis<\/h3>\n<p>Birinci s\u0131n\u0131f ba\u011f\u0131ms\u0131z bir ara\u015ft\u0131rma ve geli\u015ftirme montaj platformumuz bulunmaktad\u0131r. Hidrolik silindir \u00fcretim at\u00f6lyemizde, y\u0131ll\u0131k 1 milyon adet \u00fcretim kapasitesine sahip d\u00f6rt adet yar\u0131 otomatik kald\u0131rma silindiri montaj hatt\u0131 ve bir adet otomatik devirme silindiri montaj hatt\u0131 bulunmaktad\u0131r. \u00d6zel silindir at\u00f6lyemiz, y\u0131ll\u0131k 200.000 adet \u00fcretim kapasitesine sahip \u00e7e\u015fitli \u00f6zelliklerde yar\u0131 otomatik temizleme montaj sistemiyle donat\u0131lm\u0131\u015ft\u0131r. Ayr\u0131ca, \u00fcnl\u00fc CNC i\u015fleme ekipmanlar\u0131, bir i\u015fleme merkezi, y\u00fcksek hassasiyetli silindir i\u015fleme \u00f6zel ekipmanlar\u0131, bir robot kaynak makinesi, bir otomatik temizleme makinesi, otomatik silindir montaj makinesi ve otomatik boyama \u00fcretim hatt\u0131 ile donat\u0131lm\u0131\u015ft\u0131r. 300'den fazla setten olu\u015fan kritik ekipmanlar mevcuttur. Ekipman kaynaklar\u0131n\u0131n optimum da\u011f\u0131l\u0131m\u0131 ve verimli kullan\u0131m\u0131, \u00fcr\u00fcnlerin hassasiyet gereksinimlerini kar\u015f\u0131lar ve \u00fcr\u00fcnlerin y\u00fcksek kalite ihtiya\u00e7lar\u0131n\u0131 kar\u015f\u0131lar.<\/p>\n<p><img loading=\"lazy\" decoding=\"async\" class=\"alignnone wp-image-626\" src=\"https:\/\/hydraulic-cylinders.net\/wp-content\/uploads\/2023\/08\/hydraulic-cylinder-product-1-300x158.webp\" alt=\"\" width=\"495\" height=\"260\" srcset=\"https:\/\/hydraulic-cylinders.net\/wp-content\/uploads\/2023\/08\/hydraulic-cylinder-product-1-300x158.webp 495w, https:\/\/hydraulic-cylinders.net\/wp-content\/uploads\/2023\/08\/hydraulic-cylinder-product-1-480x252.webp 480w\" sizes=\"(min-width: 0px) and (max-width: 480px) 480px, (min-width: 481px) 495px, 100vw\" \/> <img loading=\"lazy\" decoding=\"async\" class=\"alignnone wp-image-627\" src=\"https:\/\/hydraulic-cylinders.net\/wp-content\/uploads\/2023\/08\/hydraulic-cylinder-product-2-300x189.webp\" alt=\"\" width=\"413\" height=\"260\" \/><\/p>\n<h3>(2) \u0130\u015fleme<\/h3>\n<p>\u0130\u015fleme at\u00f6lyesi, maksimum 400 mm i\u00e7 \u00e7apa ve maksimum 6 metre uzunlu\u011fa sahip silindir borular\u0131n\u0131n i\u015flenmesini ger\u00e7ekle\u015ftirebilen \u00f6zel e\u011fimli ray torna merkezi, i\u015fleme merkezi, y\u00fcksek h\u0131zl\u0131 honlama makinesi, kaynak robotu ve di\u011fer ilgili ekipmanlarla donat\u0131lm\u0131\u015ft\u0131r.<\/p>\n<p><img loading=\"lazy\" decoding=\"async\" class=\"alignnone wp-image-628 size-large\" src=\"https:\/\/hydraulic-cylinders.net\/wp-content\/uploads\/2023\/08\/hydraulic-cylinder-product-3-1024x391.webp\" alt=\"\" width=\"1024\" height=\"391\" srcset=\"https:\/\/hydraulic-cylinders.net\/wp-content\/uploads\/2023\/08\/hydraulic-cylinder-product-3-980x374.webp 980w, https:\/\/hydraulic-cylinders.net\/wp-content\/uploads\/2023\/08\/hydraulic-cylinder-product-3-480x183.webp 480w\" sizes=\"(min-width: 0px) and (max-width: 480px) 480px, (min-width: 481px) and (max-width: 980px) 980px, (min-width: 981px) 1024px, 100vw\" \/><\/p>\n<h3>(3) Kaynak<\/h3>\n<p><img loading=\"lazy\" decoding=\"async\" class=\"alignnone wp-image-629 size-large\" src=\"https:\/\/hydraulic-cylinders.net\/wp-content\/uploads\/2023\/08\/hydraulic-cylinder-product-4-1024x510.webp\" alt=\"\" width=\"1024\" height=\"510\" srcset=\"https:\/\/hydraulic-cylinders.net\/wp-content\/uploads\/2023\/08\/hydraulic-cylinder-product-4-980x488.webp 980w, https:\/\/hydraulic-cylinders.net\/wp-content\/uploads\/2023\/08\/hydraulic-cylinder-product-4-480x239.webp 480w\" sizes=\"(min-width: 0px) and (max-width: 480px) 480px, (min-width: 481px) and (max-width: 980px) 980px, (min-width: 981px) 1024px, 100vw\" \/><\/p>\n<h3>(4) Boyama ve kaplama<\/h3>\n<p>K\u00fc\u00e7\u00fck ve orta \u00f6l\u00e7ekli silindirli otomatik su bazl\u0131 boya kaplama hatlar\u0131nda, otomatik robot y\u00fckleme-bo\u015faltma ve otomatik p\u00fcsk\u00fcrtmeyi ger\u00e7ekle\u015ftirmek i\u00e7in, vardiya ba\u015f\u0131na 4000 adet tasar\u0131m kapasitesi;<br \/>\nAyr\u0131ca, vardiya ba\u015f\u0131na 60 kasa kapasiteli, g\u00fc\u00e7 zinciriyle \u00e7al\u0131\u015fan b\u00fcy\u00fck silindirler i\u00e7in yar\u0131 otomatik boya \u00fcretim hatt\u0131m\u0131z da bulunmaktad\u0131r.<\/p>\n<p><img loading=\"lazy\" decoding=\"async\" class=\"alignnone wp-image-630\" src=\"https:\/\/hydraulic-cylinders.net\/wp-content\/uploads\/2023\/08\/hydraulic-cylinder-product-5-300x213.webp\" alt=\"\" width=\"366\" height=\"260\" \/> <img loading=\"lazy\" decoding=\"async\" class=\"alignnone wp-image-631\" src=\"https:\/\/hydraulic-cylinders.net\/wp-content\/uploads\/2023\/08\/hydraulic-cylinder-product-6-300x225.webp\" alt=\"\" width=\"347\" height=\"260\" \/><\/p>\n<h3>(5) Test etme<\/h3>\n<p>Silindirin performans\u0131n\u0131n gereklilikleri kar\u015f\u0131lad\u0131\u011f\u0131ndan emin olmak i\u00e7in birinci s\u0131n\u0131f muayene tesislerimiz ve test yataklar\u0131m\u0131z bulunmaktad\u0131r.<\/p>\n<p><img loading=\"lazy\" decoding=\"async\" class=\"alignnone wp-image-632\" src=\"https:\/\/hydraulic-cylinders.net\/wp-content\/uploads\/2023\/08\/hydraulic-cylinder-product-8-300x200.webp\" alt=\"\" width=\"389\" height=\"260\" \/><\/p>\n<p>&nbsp;<\/p>\n<p>&nbsp;<\/p>\n<p>En iyi hidrolik silindir \u00fcreticilerinden biriyiz. Kapsaml\u0131 hidrolik silindirler sunabiliyoruz. Ayr\u0131ca, ilgili hidrolik silindirleri de sa\u011fl\u0131yoruz. <a href=\"https:\/\/hzpt.com\/agricultural-pto-gearbox\/\" target=\"_blank\" rel=\"noopener\">tar\u0131msal di\u015fli kutular\u0131<\/a>\u00dcr\u00fcnlerimizi d\u00fcnya \u00e7ap\u0131ndaki m\u00fc\u015fterilerimize ihra\u00e7 ettik ve \u00fcst\u00fcn \u00fcr\u00fcn kalitemiz ve sat\u0131\u015f sonras\u0131 hizmetlerimiz sayesinde iyi bir itibar kazand\u0131k. Yurt i\u00e7i ve yurt d\u0131\u015f\u0131ndaki m\u00fc\u015fterilerimizi i\u015f g\u00f6r\u00fc\u015fmeleri yapmak, bilgi al\u0131\u015fveri\u015finde bulunmak ve <a href=\"https:\/\/www.hydraulic-cylinders.net\/tr\/contact-us\/\">bizimle i\u015fbirli\u011fi yap\u0131n<\/a>!<\/p>","protected":false},"excerpt":{"rendered":"<p>Press Mobile Workbench Cylinder The press mobile workbench cylinder is a revolutionary product designed to optimize efficiency and versatility in workbench setups across various industries. With its advanced features and reliable performance, this cylinder offers enhanced mobility, stability, and ease of use. The press mobile workbench cylinder is a game-changing addition to any workbench setup, [&hellip;]<\/p>","protected":false},"featured_media":1631,"comment_status":"open","ping_status":"closed","template":"","meta":{"_et_pb_use_builder":"","_et_pb_old_content":"","_et_gb_content_width":""},"product_brand":[],"product_cat":[1550,1522,1376],"product_tag":[1380],"class_list":{"0":"post-1629","1":"product","2":"type-product","3":"status-publish","4":"has-post-thumbnail","6":"product_cat-double-acting-hydraulic-cylinder","7":"product_cat-press-hydraulic-cylinders","8":"product_cat-hydraulic-cylinder","9":"product_tag-hydraulic-cylinder","11":"first","12":"instock","13":"shipping-taxable","14":"product-type-simple"},"amp_enabled":true,"_links":{"self":[{"href":"https:\/\/www.hydraulic-cylinders.net\/tr\/wp-json\/wp\/v2\/product\/1629","targetHints":{"allow":["GET"]}}],"collection":[{"href":"https:\/\/www.hydraulic-cylinders.net\/tr\/wp-json\/wp\/v2\/product"}],"about":[{"href":"https:\/\/www.hydraulic-cylinders.net\/tr\/wp-json\/wp\/v2\/types\/product"}],"replies":[{"embeddable":true,"href":"https:\/\/www.hydraulic-cylinders.net\/tr\/wp-json\/wp\/v2\/comments?post=1629"}],"wp:featuredmedia":[{"embeddable":true,"href":"https:\/\/www.hydraulic-cylinders.net\/tr\/wp-json\/wp\/v2\/media\/1631"}],"wp:attachment":[{"href":"https:\/\/www.hydraulic-cylinders.net\/tr\/wp-json\/wp\/v2\/media?parent=1629"}],"wp:term":[{"taxonomy":"product_brand","embeddable":true,"href":"https:\/\/www.hydraulic-cylinders.net\/tr\/wp-json\/wp\/v2\/product_brand?post=1629"},{"taxonomy":"product_cat","embeddable":true,"href":"https:\/\/www.hydraulic-cylinders.net\/tr\/wp-json\/wp\/v2\/product_cat?post=1629"},{"taxonomy":"product_tag","embeddable":true,"href":"https:\/\/www.hydraulic-cylinders.net\/tr\/wp-json\/wp\/v2\/product_tag?post=1629"}],"curies":[{"name":"wp","href":"https:\/\/api.w.org\/{rel}","templated":true}]}}