{"id":16304,"date":"2025-01-20T09:04:02","date_gmt":"2025-01-20T09:04:02","guid":{"rendered":"https:\/\/www.hydraulic-cylinders.net\/product\/arm-cylinderfor-yugong-wy75-7-8\/"},"modified":"2025-01-20T09:04:04","modified_gmt":"2025-01-20T09:04:04","slug":"arm-cylinderfor-yugong-wy75-7-8","status":"publish","type":"product","link":"https:\/\/www.hydraulic-cylinders.net\/tr\/urun\/arm-cylinderfor-yugong-wy75-7-8\/","title":{"rendered":"Yugong WY75-7-8 i\u00e7in Kol Silindiri"},"content":{"rendered":"<h1>Yugong WY75-7-8 i\u00e7in Kol Silindiri<\/h1>\n<h2>girii\u015f<\/h2>\n<p>Yugong WY75-7-8 i\u00e7in tasarlanm\u0131\u015f kol silindiri, ekskavat\u00f6rler, vin\u00e7ler ve robot kollar\u0131 gibi \u00e7e\u015fitli makinelerin koluna do\u011frusal hareket ve g\u00fc\u00e7 sa\u011flamak \u00fczere \u00f6zel olarak tasarlanm\u0131\u015f bir hidrolik silindirdir. Kol silindiri, hidrolik sistemlerde hayati bir rol oynayarak ek aletlerin veya ata\u015fmanlar\u0131n verimli hareketini ve kontrol\u00fcn\u00fc sa\u011flar. Bu silindirler sadece d\u00fczg\u00fcn hareket sa\u011flamakla kalmaz, ayn\u0131 zamanda a\u011f\u0131r y\u00fckleri de kald\u0131rarak \u00e7e\u015fitli \u00e7al\u0131\u015fma ko\u015fullar\u0131 alt\u0131nda makinelerin verimli \u00e7al\u0131\u015fmas\u0131n\u0131 ve g\u00fcvenilirli\u011fini garanti eder.<\/p>\n<p><img decoding=\"async\" src=\"https:\/\/www.hydraulic-cylinders.net\/wp-content\/uploads\/2025\/01\/songte-company-2.webp\" alt=\"Kol Silindiri G\u00f6r\u00fcnt\u00fcs\u00fc\"><\/p>\n<h2>\u00d6zellikler<\/h2>\n<ul>\n<li><strong>Y\u00fcksek Verimli \u015eanz\u0131man:<\/strong> Kol silindiri g\u00fc\u00e7l\u00fc do\u011frusal hareket ve kuvvet sa\u011flayarak robotik kolun \u00e7e\u015fitli operasyonlarda y\u00fcksek performans kapasitesine sahip olmas\u0131n\u0131 sa\u011flar.<\/li>\n<li><strong>Hassas Kontrol:<\/strong> Hidrolik sistem sayesinde, kol silindiri hassas hareket kontrol\u00fc sa\u011flayarak, tak\u0131l\u0131 aletlerin esnek ve do\u011fru bir \u015fekilde \u00e7al\u0131\u015ft\u0131r\u0131lmas\u0131na olanak tan\u0131r.<\/li>\n<li><strong>Dayan\u0131kl\u0131l\u0131k:<\/strong> Kol silindirleri genellikle y\u00fcksek mukavemetli malzemeler kullan\u0131larak \u00fcretilir ve m\u00fckemmel a\u015f\u0131nma ve korozyon direnci g\u00f6stererek zorlu ortamlarda uzun s\u00fcreli kullan\u0131m i\u00e7in uygun hale gelir.<\/li>\n<li><strong>\u00c7ok Y\u00f6nl\u00fc Uyum:<\/strong> Bu silindirler, ekskavat\u00f6rler, vin\u00e7ler ve robotik kollar gibi \u00e7e\u015fitli makine ve ekipmanlarda yayg\u0131n olarak kullan\u0131labilir ve farkl\u0131 \u00e7al\u0131\u015fma gereksinimlerine cevap verebilir.<\/li>\n<li><strong>Kolay Bak\u0131m:<\/strong> Tasar\u0131m, bak\u0131m ve de\u011fi\u015ftirme kolayl\u0131\u011f\u0131n\u0131 g\u00f6z \u00f6n\u00fcnde bulundurarak d\u00fczenli denetim ve bak\u0131m\u0131 kolayla\u015ft\u0131r\u0131r ve b\u00f6ylece ekipman ar\u0131za s\u00fcresini azalt\u0131r.<\/li>\n<\/ul>\n<p><img decoding=\"async\" src=\"https:\/\/www.hydraulic-cylinders.net\/wp-content\/uploads\/2025\/01\/songte-oil-pipes-and-spare-parts.webp\" alt=\"Kol Silindiri Yedek Par\u00e7alar\u0131\"><\/p>\n<h2>Uygulamalar<\/h2>\n<p>Yugong WY75-7-8 i\u00e7in \u00fcretilen kol silindiri \u00e7e\u015fitli sekt\u00f6rlerde uygulama alan\u0131 bulmaktad\u0131r:<\/p>\n<ul>\n<li><strong>\u0130n\u015faat M\u00fchendisli\u011fi:<\/strong> Kaz\u0131c\u0131 makinelerde ve vin\u00e7lerde, kol silindiri kep\u00e7enin veya bomun hareketini kontrol ederek toprak ta\u015f\u0131ma, malzeme ta\u015f\u0131ma ve yap\u0131sal kurulum i\u015flemlerini m\u00fcmk\u00fcn k\u0131lar.<\/li>\n<li><strong>\u00dcretme:<\/strong> Otomatik \u00fcretim hatlar\u0131nda, kol silindiri, montaj, kaynak ve malzeme ta\u015f\u0131ma i\u015flemlerinde robot kollar\u0131n\u0131n hareketini kolayla\u015ft\u0131rarak verimlili\u011fi ve hassasiyeti art\u0131r\u0131r.<\/li>\n<li><strong>Tar\u0131m Makinalar\u0131:<\/strong> Bi\u00e7erd\u00f6ver ve ekim makinesi gibi tar\u0131m ekipmanlar\u0131nda kol silindiri, ekim, g\u00fcbreleme ve hasat gibi g\u00f6revleri ger\u00e7ekle\u015ftiren i\u015fletim kolunun hareketini kontrol eder.<\/li>\n<li><strong>Madencilik:<\/strong> Madencilik ekipmanlar\u0131nda kol silindiri, madencilik makinelerinin kol hareketini kontrol ederek cevherlerin \u00e7\u0131kar\u0131lmas\u0131n\u0131 ve ta\u015f\u0131nmas\u0131n\u0131 kolayla\u015ft\u0131r\u0131r.<\/li>\n<li><strong>Lojistik ve Ta\u015f\u0131mac\u0131l\u0131k:<\/strong> Forkliftlerde ve ta\u015f\u0131ma robotlar\u0131nda kol silindiri, \u00e7atallar\u0131n kald\u0131r\u0131lmas\u0131n\u0131 ve hareketini kontrol ederek malzemelerin ta\u015f\u0131nmas\u0131n\u0131 ve istiflenmesini sa\u011flar.<\/li>\n<\/ul>\n<h2>Tasar\u0131m Hususlar\u0131 ve Se\u00e7im Kriterleri<\/h2>\n<p>Yugong WY75-7-8 i\u00e7in kol silindirinin tasar\u0131m\u0131nda birka\u00e7 \u00f6nemli fakt\u00f6r g\u00f6z \u00f6n\u00fcnde bulundurulmaktad\u0131r:<\/p>\n<ul>\n<li><strong>Ta\u015f\u0131ma Kapasitesi:<\/strong> Silindir, belirtilen y\u00fck kapasitesini kar\u015f\u0131layacak \u015fekilde tasarlanm\u0131\u015ft\u0131r ve g\u00fcvenli ve verimli \u00e7al\u0131\u015fma sa\u011flar.<\/li>\n<li><strong>S\u0131zd\u0131rmazl\u0131k:<\/strong> Piston contalar\u0131 ve mil contalar\u0131 gibi \u00e7e\u015fitli s\u0131zd\u0131rmazl\u0131k bile\u015fenleri, poli\u00fcretan ve nitril kau\u00e7uk gibi a\u015f\u0131nmaya dayan\u0131kl\u0131 malzemelerden \u00fcretilmi\u015ftir. Silindir g\u00f6vdesi ve di\u015fli u\u00e7lar, a\u015f\u0131nma direncini art\u0131rmak i\u00e7in dikkatli bir y\u00fczey i\u015flemine tabi tutulur.<\/li>\n<li><strong>Dayan\u0131kl\u0131l\u0131k:<\/strong> Silindir, uzun \u00f6m\u00fcrl\u00fcl\u00fck ve a\u015f\u0131nmaya kar\u015f\u0131 dayan\u0131kl\u0131l\u0131k sa\u011flamak i\u00e7in y\u00fcksek kaliteli malzemeler ve \u00fcretim s\u00fcre\u00e7leri kullan\u0131larak \u00fcretilmi\u015ftir.<\/li>\n<li><strong>Emniyet:<\/strong> Kaza riskini \u00f6nlemek ve \u00e7al\u0131\u015fma s\u0131ras\u0131nda operat\u00f6r\u00fcn g\u00fcvenli\u011fini sa\u011flamak i\u00e7in tasar\u0131ma g\u00fcvenlik \u00f6zellikleri entegre edilmi\u015ftir.<\/li>\n<li><strong>Bak\u0131m kolayl\u0131\u011f\u0131:<\/strong> Bu tasar\u0131m, bile\u015fenlerin bak\u0131m\u0131n\u0131 ve de\u011fi\u015ftirilmesini kolayla\u015ft\u0131rarak ar\u0131za s\u00fcrelerini azalt\u0131r ve genel verimlili\u011fi art\u0131r\u0131r.<\/li>\n<\/ul>\n<p><img decoding=\"async\" src=\"https:\/\/www.hydraulic-cylinders.net\/wp-content\/uploads\/2025\/01\/songte-cylinder-head-with-all-kinds-excavator-models.webp\" alt=\"Silindir Kapa\u011f\u0131 G\u00f6r\u00fcnt\u00fcs\u00fc\"><\/p>\n<h2>S\u0131zd\u0131rmazl\u0131k ve Ya\u011flama<\/h2>\n<p>Yugong WY75-7-8 i\u00e7in \u00fcretilen kol silindiri, poli\u00fcretan ve nitril kau\u00e7uk gibi a\u015f\u0131nmaya dayan\u0131kl\u0131 malzemelerden yap\u0131lm\u0131\u015f piston contalar\u0131 ve mil contalar\u0131 gibi \u00e7e\u015fitli s\u0131zd\u0131rmazl\u0131k bile\u015fenleri kullan\u0131r. Silindir g\u00f6vdesi ve di\u015fli u\u00e7lar\u0131, a\u015f\u0131nma direncini art\u0131rmak i\u00e7in ince y\u00fczey i\u015flemine tabi tutulur. D\u00fczenli ya\u011flama gereklidir ve uygun miktarda hidrolik ya\u011f eklenerek do\u011fru ya\u011flama sa\u011flanmal\u0131d\u0131r.<\/p>\n<h2>D\u00fczenli Muayene ve \u00d6nleyici Bak\u0131m<\/h2>\n<p>Yugong WY75-7-8 kol silindirinin optimum performans\u0131n\u0131 ve uzun \u00f6mr\u00fcn\u00fc sa\u011flamak i\u00e7in d\u00fczenli kontroller ve \u00f6nleyici bak\u0131m yap\u0131lmal\u0131d\u0131r. \u00d6nerilen baz\u0131 \u00f6nlemler \u015funlard\u0131r:<\/p>\n<ul>\n<li>Silindir contalar\u0131nda herhangi bir s\u0131z\u0131nt\u0131 veya hasar belirtisi olup olmad\u0131\u011f\u0131n\u0131 kontrol edin.<\/li>\n<li>\u00c7ubukta a\u015f\u0131nma veya korozyon belirtileri olup olmad\u0131\u011f\u0131n\u0131 kontrol etmek.<\/li>\n<li>T\u00fcm ba\u011flant\u0131lar\u0131n ve ba\u011flant\u0131 elemanlar\u0131n\u0131n s\u0131k\u0131l\u0131\u011f\u0131n\u0131n kontrol edilmesi.<\/li>\n<li>Hidrolik ya\u011f seviyesinin ve kalitesinin izlenmesi<\/li>\n<li>T\u00fcm hareketli par\u00e7alar\u0131n d\u00fczenli olarak temizlenmesi ve ya\u011flanmas\u0131.<\/li>\n<\/ul>\n<h2>\u00dcr\u00fcn Kurulum K\u0131lavuzu<\/h2>\n<p>Yugong WY75-7-8 kol silindirinin do\u011fru montaj\u0131, optimum performans ve g\u00fcvenli \u00e7al\u0131\u015fma i\u00e7in \u00e7ok \u00f6nemlidir. L\u00fctfen \u015fu ad\u0131mlar\u0131 izleyin:<\/p>\n<ol>\n<li>Ekipman\u0131n kapat\u0131ld\u0131\u011f\u0131ndan ve t\u00fcm hidrolik bas\u0131nc\u0131n bo\u015falt\u0131ld\u0131\u011f\u0131ndan emin olun.<\/li>\n<li>Silindiri ve t\u00fcm bile\u015fenlerini herhangi bir hasar veya ar\u0131za a\u00e7\u0131s\u0131ndan inceleyin.<\/li>\n<li>Silindiri montaj noktalar\u0131yla hizalay\u0131n ve uygun ba\u011flant\u0131 elemanlar\u0131n\u0131 kullanarak sabitleyin.<\/li>\n<li>Hidrolik hortumlar\u0131 veya borular\u0131 silindire s\u0131k\u0131ca ve g\u00fcvenli bir \u015fekilde ba\u011flay\u0131n.<\/li>\n<li>Normal \u00e7al\u0131\u015fmaya devam etmeden \u00f6nce herhangi bir s\u0131z\u0131nt\u0131 olup olmad\u0131\u011f\u0131n\u0131 kontrol edin ve i\u015flevsellik testi yap\u0131n.<\/li>\n<\/ol>\n<p><img decoding=\"async\" src=\"https:\/\/www.hydraulic-cylinders.net\/wp-content\/uploads\/2025\/01\/songte-bushings-with-all-kinds-of-excavator-models.webp\" alt=\"Bur\u00e7lar G\u00f6r\u00fcnt\u00fcs\u00fc\"><\/p>\n<h2>G\u00fcvenlik Hususlar\u0131 ve \u00c7evresel Fakt\u00f6rler<\/h2>\n<p>Yugong WY75-7-8 kol silindiri ile \u00e7al\u0131\u015f\u0131rken g\u00fcvenlik \u00f6nlemlerine uymak son derece \u00f6nemlidir. Kazalar\u0131 \u00f6nlemek ve operat\u00f6rlerin ve \u00e7evredeki ki\u015filerin g\u00fcvenli\u011fini sa\u011flamak i\u00e7in g\u00fcvenlik \u00f6nlemlerine riayet edilmelidir. Silindirin performans\u0131 ve \u00f6mr\u00fc \u00fczerinde olumsuz etkilerden ka\u00e7\u0131nmak i\u00e7in s\u0131cakl\u0131k ve nem gibi \u00e7evresel fakt\u00f6rler de dikkate al\u0131nmal\u0131d\u0131r.<\/p>\n<h2>Sorun Giderme ve Yayg\u0131n Sorunlar<\/h2>\n<p>Yugong WY75-7-8 kol silindiri g\u00fcvenilir performans i\u00e7in tasarlanm\u0131\u015f olsa da, sorunlar ortaya \u00e7\u0131kabilir. Yayg\u0131n sorun giderme ipu\u00e7lar\u0131 ve \u00e7\u00f6z\u00fcmleri \u015funlard\u0131r:<\/p>\n<ul>\n<li>G\u00fc\u00e7 kayb\u0131 veya yava\u015f hareket s\u00f6z konusuysa, hidrolik s\u0131v\u0131s\u0131n\u0131n seviyesini ve kalitesini kontrol edin ve \u00fcreticinin spesifikasyonlar\u0131na uygun oldu\u011fundan emin olun.<\/li>\n<li>T\u00fcm ba\u011flant\u0131lar\u0131 s\u0131z\u0131nt\u0131 a\u00e7\u0131s\u0131ndan kontrol edin ve gerekirse s\u0131k\u0131n.<\/li>\n<li>\u00c7al\u0131\u015fma s\u0131ras\u0131nda a\u015f\u0131r\u0131 g\u00fcr\u00fclt\u00fc olu\u015fuyorsa, gev\u015fek veya a\u015f\u0131nm\u0131\u015f par\u00e7alar\u0131 kontrol edin ve gerekirse de\u011fi\u015ftirin.<\/li>\n<li>Silindirin yap\u0131\u015fmas\u0131n\u0131 veya a\u015f\u0131r\u0131 s\u00fcrt\u00fcnmeyi \u00f6nlemek i\u00e7in d\u00fczenli olarak temizleyin ve ya\u011flay\u0131n.<\/li>\n<\/ul>\n<p><img decoding=\"async\" src=\"https:\/\/www.hydraulic-cylinders.net\/wp-content\/uploads\/2025\/01\/songte-chushion-collar.webp\" alt=\"Chushion Yaka G\u00f6rseli\"><\/p>\n<p>Makaleyi mant\u0131kl\u0131 bir \u015fekilde d\u00fczenleyin, kolay gezinme i\u00e7in alt ba\u015fl\u0131klar kullan\u0131n, anlamay\u0131 kolayla\u015ft\u0131rmak i\u00e7in ilgili g\u00f6rseller veya grafikler ekleyin ve i\u00e7eri\u011fin a\u00e7\u0131k, \u00f6zl\u00fc ve farkl\u0131 teknik bilgi seviyelerine sahip okuyucular i\u00e7in uygun oldu\u011fundan emin olun.<\/p>\n<h2>Hakk\u0131m\u0131zda<\/h2>\n<p>Profesyonel bir hidrolik silindir yedek par\u00e7a \u00fcreticisiyiz ve geni\u015f bir \u00fcr\u00fcn yelpazesi sunuyoruz. Yurti\u00e7i ve yurtd\u0131\u015f\u0131 pazarlarda \u00f6nde gelen hidrolik silindir \u00fcreticilerinden ve toptanc\u0131lar\u0131ndan biri haline geldik. M\u00fckemmellik ilkesini benimseyerek, geli\u015fmi\u015f \u00fcretim at\u00f6lyemizde titizlikle y\u00f6netilen end\u00fcstriyel \u00fcretime dayanarak teknolojik yeteneklerimizi ve \u00fcretim verimlili\u011fimizi s\u00fcrekli olarak geli\u015ftiriyoruz. Y\u00fcksek teknoloji \u00fcr\u00fcn\u00fc dijital \u00fcretim ekipmanlar\u0131 ve profesyonel test sistemleri kullanarak \u00fcretim platformumuzu optimize ediyor ve \u00fcr\u00fcn kalite kontrol s\u00fcre\u00e7lerimizi m\u00fckemmelle\u015ftirerek g\u00fc\u00e7l\u00fc inovasyon yetenekleri sergiliyoruz. Amac\u0131m\u0131z, y\u00fcksek verimlilik, hassasiyet ve y\u00fcksek kalite ilkeleriyle m\u00fc\u015fterilerin \u00e7e\u015fitli ihtiya\u00e7lar\u0131n\u0131 kar\u015f\u0131lamakt\u0131r.<\/p>\n<p><img","protected":false},"excerpt":{"rendered":"<p>Arm CylinderFor Yugong WY75-7-8 Introduction The Arm CylinderFor Yugong WY75-7-8 is a specialized hydraulic cylinder designed to provide linear motion and power for the arm of various types of machinery, such as excavators, cranes, and robotic arms. The arm cylinder plays a crucial role in hydraulic systems, enabling the efficient movement and control of additional [&hellip;]<\/p>","protected":false},"featured_media":14759,"comment_status":"open","ping_status":"closed","template":"","meta":{"_et_pb_use_builder":"","_et_pb_old_content":"","_et_gb_content_width":""},"product_brand":[],"product_cat":[1497],"product_tag":[1498,1496],"class_list":{"0":"post-16304","1":"product","2":"type-product","3":"status-publish","4":"has-post-thumbnail","6":"product_cat-arm-cylinders","7":"product_tag-arm-cylinders","8":"product_tag-hydraulic-cylinders","10":"first","11":"instock","12":"shipping-taxable","13":"product-type-simple"},"amp_enabled":true,"_links":{"self":[{"href":"https:\/\/www.hydraulic-cylinders.net\/tr\/wp-json\/wp\/v2\/product\/16304","targetHints":{"allow":["GET"]}}],"collection":[{"href":"https:\/\/www.hydraulic-cylinders.net\/tr\/wp-json\/wp\/v2\/product"}],"about":[{"href":"https:\/\/www.hydraulic-cylinders.net\/tr\/wp-json\/wp\/v2\/types\/product"}],"replies":[{"embeddable":true,"href":"https:\/\/www.hydraulic-cylinders.net\/tr\/wp-json\/wp\/v2\/comments?post=16304"}],"wp:featuredmedia":[{"embeddable":true,"href":"https:\/\/www.hydraulic-cylinders.net\/tr\/wp-json\/wp\/v2\/media\/14759"}],"wp:attachment":[{"href":"https:\/\/www.hydraulic-cylinders.net\/tr\/wp-json\/wp\/v2\/media?parent=16304"}],"wp:term":[{"taxonomy":"product_brand","embeddable":true,"href":"https:\/\/www.hydraulic-cylinders.net\/tr\/wp-json\/wp\/v2\/product_brand?post=16304"},{"taxonomy":"product_cat","embeddable":true,"href":"https:\/\/www.hydraulic-cylinders.net\/tr\/wp-json\/wp\/v2\/product_cat?post=16304"},{"taxonomy":"product_tag","embeddable":true,"href":"https:\/\/www.hydraulic-cylinders.net\/tr\/wp-json\/wp\/v2\/product_tag?post=16304"}],"curies":[{"name":"wp","href":"https:\/\/api.w.org\/{rel}","templated":true}]}}