{"id":16311,"date":"2025-01-20T09:04:33","date_gmt":"2025-01-20T09:04:33","guid":{"rendered":"https:\/\/www.hydraulic-cylinders.net\/product\/arm-cylinderfor-volvo-small-excavator-bl-60b\/"},"modified":"2025-01-20T09:04:41","modified_gmt":"2025-01-20T09:04:41","slug":"arm-cylinderfor-volvo-small-excavator-bl-60b","status":"publish","type":"product","link":"https:\/\/www.hydraulic-cylinders.net\/tr\/urun\/arm-cylinderfor-volvo-small-excavator-bl-60b\/","title":{"rendered":"Volvo K\u00fc\u00e7\u00fck Ekskavat\u00f6r BL\/60B i\u00e7in Kol Silindiri"},"content":{"rendered":"<h1>Volvo BL\/60B K\u00fc\u00e7\u00fck Ekskavat\u00f6r \u0130\u00e7in Kol Silindiri<\/h1>\n<h2>girii\u015f<\/h2>\n<p>Kol silindiri, ekskavat\u00f6rler, vin\u00e7ler ve mekanik kollar gibi \u00e7e\u015fitli makinelerin kollar\u0131na do\u011frusal hareket ve g\u00fc\u00e7 sa\u011flamak \u00fczere tasarlanm\u0131\u015f \u00f6zel bir hidrolik silindirdir. Kol silindiri, hidrolik sistemde kritik bir rol oynayarak ata\u015fmanlar\u0131n veya aksesuarlar\u0131n etkili hareketini ve kontrol\u00fcn\u00fc sa\u011flar. Bu silindirler sadece d\u00fczg\u00fcn hareket sa\u011flamakla kalmaz, ayn\u0131 zamanda a\u011f\u0131r y\u00fckleri de ta\u015f\u0131yarak \u00e7e\u015fitli \u00e7al\u0131\u015fma ko\u015fullar\u0131 alt\u0131nda makinelerin verimli \u00e7al\u0131\u015fmas\u0131n\u0131 ve g\u00fcvenilirli\u011fini garanti eder.<\/p>\n<p><img decoding=\"async\" src=\"https:\/\/www.hydraulic-cylinders.net\/wp-content\/uploads\/2025\/01\/songte-company-2.webp\" alt=\"kol silindiri g\u00f6r\u00fcnt\u00fcs\u00fc\"><\/p>\n<h3>Tan\u0131m ve A\u00e7\u0131klama<\/h3>\n<p>Kol silindiri, \u00e7e\u015fitli makinelerde kola do\u011frusal hareket ve g\u00fc\u00e7 sa\u011flamak i\u00e7in kullan\u0131lan bir hidrolik silindir t\u00fcr\u00fcd\u00fcr. Silindirik bir g\u00f6vde, bir piston ve bir piston kolundan olu\u015fur ve bas\u0131n\u00e7l\u0131 hidrolik s\u0131v\u0131 kullan\u0131larak \u00e7al\u0131\u015f\u0131r. Kol silindiri, hidrolik sistemin \u00f6nemli bir bile\u015fenidir ve ata\u015fmanlar\u0131n veya aksesuarlar\u0131n etkili hareketini ve kontrol\u00fcn\u00fc sa\u011flar. Tasar\u0131m\u0131 ve yap\u0131s\u0131, \u00e7e\u015fitli \u00e7al\u0131\u015fma ko\u015fullar\u0131 alt\u0131nda makinenin verimli \u00e7al\u0131\u015fmas\u0131n\u0131 ve g\u00fcvenilirli\u011fini sa\u011flamak i\u00e7in kritik \u00f6neme sahiptir.<\/p>\n<h2>\u00dcr\u00fcn \u00d6zellikleri<\/h2>\n<ul>\n<li>\n<h3>Verimli G\u00fc\u00e7 Aktar\u0131m\u0131<\/h3>\n<p>Kol silindiri g\u00fc\u00e7l\u00fc do\u011frusal hareket ve kuvvet sa\u011flayarak mekanik kolun \u00e7e\u015fitli i\u015flemlerde verimli performans g\u00f6stermesini sa\u011flar.<\/p>\n<\/li>\n<li>\n<h3>Hassas Kontrol<\/h3>\n<p>Hidrolik sistem sayesinde kol silindiri hassas hareket kontrol\u00fc sa\u011flayabilir, b\u00f6ylece ata\u015fmanlar\u0131n \u00e7al\u0131\u015fmas\u0131 daha esnek ve hassas hale gelir.<\/p>\n<\/li>\n<li>\n<h3>Dayan\u0131kl\u0131l\u0131k<\/h3>\n<p>Kol silindiri genellikle y\u00fcksek mukavemetli, a\u015f\u0131nma ve korozyon direnci y\u00fcksek malzemelerden \u00fcretilir ve zorlu ortamlarda uzun s\u00fcreli kullan\u0131ma uygundur.<\/p>\n<\/li>\n<li>\n<h3>\u00c7ok \u0130\u015flevli Uyarlanabilirlik<\/h3>\n<p>Bu silindirler, ekskavat\u00f6rler, vin\u00e7ler ve mekanik kollar gibi \u00e7e\u015fitli makine t\u00fcrlerinde farkl\u0131 \u00e7al\u0131\u015fma gereksinimlerini kar\u015f\u0131lamak \u00fczere yayg\u0131n olarak kullan\u0131labilir.<\/p>\n<\/li>\n<li>\n<h3>Kolay Bak\u0131m<\/h3>\n<p>Tasar\u0131m, bak\u0131m ve de\u011fi\u015ftirme kolayl\u0131\u011f\u0131n\u0131 g\u00f6z \u00f6n\u00fcnde bulundurarak d\u00fczenli kontrolleri ve bak\u0131m\u0131 daha kolay hale getiriyor ve ekipman ar\u0131za s\u00fcresini azalt\u0131yor.<\/p>\n<\/li>\n<\/ul>\n<p><img decoding=\"async\" src=\"https:\/\/www.hydraulic-cylinders.net\/wp-content\/uploads\/2025\/01\/songte-oil-pipes-and-spare-parts.webp\" alt=\"yedek par\u00e7alar g\u00f6rseli\"><\/p>\n<h2>Uygulama Senaryolar\u0131<\/h2>\n<p>Kol silindiri, a\u015fa\u011f\u0131dakiler de dahil olmak \u00fczere \u00e7e\u015fitli end\u00fcstrilerde ve uygulamalarda yayg\u0131n olarak kullan\u0131lmaktad\u0131r:<\/p>\n<ul>\n<li>\n<h3>\u0130n\u015faat M\u00fchendisli\u011fi<\/h3>\n<p>Kaz\u0131c\u0131 makinelerde ve vin\u00e7lerde, kol silindiri, toprak ta\u015f\u0131ma, malzeme ta\u015f\u0131ma ve yap\u0131sal kurulum i\u00e7in kep\u00e7elerin veya bomlar\u0131n hareketini kontrol etmek amac\u0131yla kullan\u0131l\u0131r.<\/p>\n<\/li>\n<li>\n<h3>\u00dcretme<\/h3>\n<p>Otomatik \u00fcretim hatlar\u0131nda, kol silindiri mekanik kollar\u0131n hareket ettirilmesi, montaj, kaynak ve ta\u015f\u0131ma i\u015flemlerinde kullan\u0131l\u0131r ve \u00fcretim verimlili\u011fini ve hassasiyetini art\u0131r\u0131r.<\/p>\n<\/li>\n<li>\n<h3>Tar\u0131m Makinalar\u0131<\/h3>\n<p>Bi\u00e7erd\u00f6ver ve ekim makinesi gibi tar\u0131m makinelerinde kol silindiri, ekim, g\u00fcbreleme ve hasat gibi g\u00f6revleri ger\u00e7ekle\u015ftiren \u00e7al\u0131\u015fma kolunun hareketini kontrol eder.<\/p>\n<\/li>\n<li>\n<h3>Madencilik<\/h3>\n<p>Madencilik ekipmanlar\u0131nda, kol silindiri, cevher \u00e7\u0131karma ve ta\u015f\u0131ma i\u015flemlerinde madencilik ekipman\u0131n\u0131n kolunun hareketini kontrol etmek i\u00e7in kullan\u0131l\u0131r.<\/p>\n<\/li>\n<li>\n<h3>Lojistik ve Ta\u015f\u0131mac\u0131l\u0131k<\/h3>\n<p>Forkliftlerde ve ta\u015f\u0131ma robotlar\u0131nda, kol silindiri, malzemelerin kald\u0131r\u0131lmas\u0131n\u0131 ve hareketini kontrol ederek malzeme ta\u015f\u0131ma ve istifleme i\u015flemlerini ger\u00e7ekle\u015ftirmek i\u00e7in kullan\u0131l\u0131r.<\/p>\n<\/li>\n<\/ul>\n<h2>Tasar\u0131m Hususlar\u0131 ve Se\u00e7im Kriterleri<\/h2>\n<p>Bir kol silindiri tasarlan\u0131rken ve se\u00e7ilirken, \u00e7e\u015fitli fakt\u00f6rler g\u00f6z \u00f6n\u00fcnde bulundurulmal\u0131d\u0131r:<\/p>\n<ul>\n<li>\n<h3>Y\u00fck Kapasitesi<\/h3>\n<p>Kol silindirinin y\u00fck ta\u015f\u0131ma kapasitesi, makinenin gereksinimlerine uygun olmal\u0131 ve verimli ve g\u00fcvenli \u00e7al\u0131\u015fma sa\u011flamal\u0131d\u0131r.<\/p>\n<\/li>\n<li>\n<h3>S\u0131zd\u0131rmazl\u0131k ve Ya\u011flama<\/h3>\n<p>Kol silindiri, s\u0131v\u0131 s\u0131z\u0131nt\u0131s\u0131n\u0131 \u00f6nlemek ve s\u0131v\u0131 bas\u0131nc\u0131n\u0131 korumak i\u00e7in piston contalar\u0131 ve mil contalar\u0131 gibi \u00e7e\u015fitli s\u0131zd\u0131rmazl\u0131k bile\u015fenleri kullan\u0131r. Hareketli par\u00e7alar aras\u0131ndaki s\u00fcrt\u00fcnmeyi azaltmak ve a\u015f\u0131nmay\u0131 \u00f6nlemek i\u00e7in ya\u011flama da \u00e7ok \u00f6nemlidir.<\/p>\n<\/li>\n<li>\n<h3>Dayan\u0131kl\u0131l\u0131k<\/h3>\n<p>Kol silindiri, y\u00fcksek mukavemetli malzemelerden yap\u0131lmal\u0131 ve zorlu \u00e7al\u0131\u015fma ko\u015fullar\u0131 alt\u0131nda g\u00fcvenilirli\u011fi ve uzun hizmet \u00f6mr\u00fcn\u00fc sa\u011flamak i\u00e7in titiz testlerden ge\u00e7irilmelidir.<\/p>\n<\/li>\n<li>\n<h3>Emniyet<\/h3>\n<p>Kol silindirinde, kazalar\u0131 \u00f6nlemek ve g\u00fcvenli \u00e7al\u0131\u015fmay\u0131 sa\u011flamak i\u00e7in bas\u0131n\u00e7 tahliye vanalar\u0131 ve acil durdurma d\u00fc\u011fmeleri gibi g\u00fcvenlik \u00f6zellikleri bulunmal\u0131d\u0131r.<\/p>\n<\/li>\n<li>\n<h3>Bak\u0131m<\/h3>\n<p>Kol silindiri, kolay bak\u0131m ve de\u011fi\u015ftirme i\u00e7in tasarlanmal\u0131, eri\u015filebilir par\u00e7alara ve d\u00fczenli kontroller ve onar\u0131mlar i\u00e7in a\u00e7\u0131k talimatlara sahip olmal\u0131d\u0131r.<\/p>\n<\/li>\n<\/ul>\n<p><img decoding=\"async\" src=\"https:\/\/www.hydraulic-cylinders.net\/wp-content\/uploads\/2025\/01\/songte-cylinder-head-with-all-kinds-excavator-models.webp\" alt=\"yedek par\u00e7alar g\u00f6rseli\"><\/p>\n<h2>S\u0131zd\u0131rmazl\u0131k ve Ya\u011flama<\/h2>\n<p>Kol silindiri, s\u0131v\u0131 s\u0131z\u0131nt\u0131s\u0131n\u0131 \u00f6nlemek ve s\u0131v\u0131 bas\u0131nc\u0131n\u0131 korumak i\u00e7in piston contalar\u0131, mil contalar\u0131 ve silecek contalar\u0131 gibi \u00e7e\u015fitli s\u0131zd\u0131rmazl\u0131k bile\u015fenleri kullan\u0131r. S\u0131zd\u0131rmazl\u0131k elemanlar\u0131 genellikle poli\u00fcretan ve nitril kau\u00e7uk gibi a\u015f\u0131nmaya dayan\u0131kl\u0131 malzemelerden ve y\u00fcksek mukavemetli kuma\u015f takviyesinden yap\u0131l\u0131r. Ayr\u0131ca, silindir g\u00f6vdesi ve mil y\u00fczeyi, a\u015f\u0131nma direncini art\u0131rmak ve s\u00fcrt\u00fcnmeyi azaltmak i\u00e7in \u00f6zenle i\u015flenir.<\/p>\n<p>\u00c7al\u0131\u015fma ko\u015fullar\u0131na ve \u00fcreticinin tavsiyelerine ba\u011fl\u0131 olarak, kol silindiri d\u00fczenli olarak uygun hidrolik s\u0131v\u0131 ile ya\u011flanmal\u0131d\u0131r. Hasar\u0131 \u00f6nlemek ve sorunsuz \u00e7al\u0131\u015fmay\u0131 sa\u011flamak i\u00e7in s\u0131v\u0131 temiz ve kirlilikten ar\u0131nd\u0131r\u0131lm\u0131\u015f olmal\u0131d\u0131r.<\/p>\n<p><img decoding=\"async\" src=\"https:\/\/www.hydraulic-cylinders.net\/wp-content\/uploads\/2025\/01\/songte-chushion-collar.webp\" alt=\"yedek par\u00e7alar g\u00f6rseli\"><\/p>\n<h2>Bak\u0131m ve Onar\u0131m<\/h2>\n<p>Kol silindirinin g\u00fcvenilir \u00e7al\u0131\u015fmas\u0131n\u0131 ve uzun \u00f6m\u00fcrl\u00fc olmas\u0131n\u0131 sa\u011flamak i\u00e7in d\u00fczenli kontroller ve bak\u0131m \u015fartt\u0131r. A\u015fa\u011f\u0131daki \u00f6nlemler al\u0131nmal\u0131d\u0131r:<\/p>\n<ul>\n<li>\n<h3>Silindir g\u00f6vdesini ve piston kolunu a\u015f\u0131nma, korozyon veya hasar belirtileri a\u00e7\u0131s\u0131ndan kontrol edin.<\/h3>\n<\/li>\n<li>\n<h3>Contalarda hasar, s\u0131z\u0131nt\u0131 veya a\u015f\u0131r\u0131 a\u015f\u0131nma olup olmad\u0131\u011f\u0131n\u0131 kontrol edin.<\/h3>\n<\/li>\n<li>\n<h3>S\u0131v\u0131 seviyesini ve kalitesini kontrol edin ve gerekirse s\u0131v\u0131y\u0131 de\u011fi\u015ftirin.<\/h3>\n<\/li>\n<li>\n<h3>Montaj c\u0131vatalar\u0131n\u0131 ve ba\u011flant\u0131 noktalar\u0131n\u0131 s\u0131k\u0131l\u0131k ve a\u015f\u0131nma a\u00e7\u0131s\u0131ndan kontrol edin.<\/h3>\n<\/li>\n<li>\n<h3>Hasarl\u0131 veya a\u015f\u0131nm\u0131\u015f par\u00e7alar\u0131 orijinal yedek par\u00e7alarla de\u011fi\u015ftirin.<\/h3>\n<\/li>\n<\/ul>\n<p>Potansiyel sorunlar\u0131 b\u00fcy\u00fck problemlere d\u00f6n\u00fc\u015fmeden \u00f6nce tespit edip gidermek i\u00e7in, \u00f6rne\u011fin her 500 \u00e7al\u0131\u015fma saatinde bir, d\u00fczenli aral\u0131klarla \u00f6nleyici bak\u0131m yap\u0131lmas\u0131 \u00f6nerilir.<\/p>\n<h2>Kurulum K\u0131lavuzu<\/h2>\n<p>Kol silindiri, \u00fcreticinin talimatlar\u0131na ve a\u015fa\u011f\u0131daki y\u00f6nergelere uygun olarak monte edilmelidir:<\/p>\n<ul>\n<li>\n<h3>Montaj y\u00fczeyini inceleyin ve temiz ve d\u00fcz oldu\u011fundan emin olun.<\/h3>\n<\/li>\n<li>\n<h3>Montaj deliklerini ve c\u0131vatalar\u0131 silindirle hizalay\u0131n ve \u00f6nerilen tork de\u011ferine kadar s\u0131k\u0131n.<\/h3>\n<\/li>\n<li>\n<h3>Hidrolik hortumlar\u0131 ve ba\u011flant\u0131 par\u00e7alar\u0131n\u0131 silindire ba\u011flay\u0131n ve iyice s\u0131k\u0131ld\u0131\u011f\u0131ndan emin olun.<\/h3>\n<\/li>\n<li>\n<h3>Hidrolik sisteme \u00f6nerilen s\u0131v\u0131y\u0131 doldurun ve sistemdeki havay\u0131 bo\u015falt\u0131n.<\/h3>\n<\/li>\n<li>\n<h3>Silindirin d\u00fczg\u00fcn \u00e7al\u0131\u015f\u0131p \u00e7al\u0131\u015fmad\u0131\u011f\u0131n\u0131 ve s\u0131z\u0131nt\u0131 olup olmad\u0131\u011f\u0131n\u0131 test edin.<\/h3>\n<\/li>\n<\/ul>\n<p><img decoding=\"async\" src=\"https:\/\/www.hydraulic-cylinders.net\/wp-content\/uploads\/2025\/01\/songte-bushings-with-all-kinds-of-excavator-models.webp\" alt=\"yedek par\u00e7alar g\u00f6rseli\"><\/p>\n<h2>G\u00fcvenlik Hususlar\u0131 ve \u00c7evresel Fakt\u00f6rler<\/h2>\n<p>Bas\u0131n\u00e7 tahliye vanalar\u0131, acil durdurma butonlar\u0131 ve emniyet koruyucular\u0131 gibi g\u00fcvenlik \u00f6nlemlerinin kullan\u0131m\u0131, kazalar\u0131 \u00f6nlemek ve kol silindirinin g\u00fcvenli \u00e7al\u0131\u015fmas\u0131n\u0131 sa\u011flamak i\u00e7in kritik \u00f6neme sahiptir. Ayr\u0131ca, ekipman\u0131 \u00e7al\u0131\u015ft\u0131r\u0131rken veya \u00fczerinde \u00e7al\u0131\u015f\u0131rken yerel g\u00fcvenlik y\u00f6netmeliklerine ve y\u00f6nergelerine uymak da \u015fartt\u0131r.<\/p>\n<p>Kol silindirinin \u00e7evresel etkileri de dikkate al\u0131nmal\u0131d\u0131r; \u00f6rne\u011fin, \u00e7evre dostu hidrolik s\u0131v\u0131lar\u0131n kullan\u0131lmas\u0131 ve kullan\u0131lm\u0131\u015f s\u0131v\u0131lar\u0131n ve bile\u015fenlerin uygun \u015fekilde bertaraf edilmesi gibi.<\/p>\n<h2>Sorun Giderme ve Yayg\u0131n Sorunlar<\/h2>\n<p>A\u015fa\u011f\u0131da s\u0131k kar\u015f\u0131la\u015f\u0131lan sorunlar ve olas\u0131 nedenleri yer almaktad\u0131r:<\/p>\n<ul>\n<li>\n<h3>S\u0131v\u0131 S\u0131z\u0131nt\u0131s\u0131<\/h3>\n<p>Bunun nedeni hasarl\u0131 contalar, gev\u015fek ba\u011flant\u0131lar veya a\u015f\u0131nm\u0131\u015f par\u00e7alar olabilir. Silindir incelenmeli ve gerekirse onar\u0131lmal\u0131d\u0131r.<\/p>\n<\/li>\n<li>\n<h3>Yava\u015f veya Tutarl\u0131 Olmayan Hareket<\/h3>\n<p>Sebep d\u00fc\u015f\u00fck s\u0131v\u0131 seviyesi, sistemde hava bulunmas\u0131 veya a\u015f\u0131nm\u0131\u015f par\u00e7alar olabilir. S\u0131v\u0131 seviyesi kontrol edilmeli ve gerekirse sistemin havas\u0131 al\u0131nmal\u0131d\u0131r. Silindir de a\u015f\u0131nm\u0131\u015f veya hasar g\u00f6rm\u00fc\u015f par\u00e7alar a\u00e7\u0131s\u0131ndan incelenmelidir.<\/p>\n<\/li>\n<li>\n<h3>Hareket Yok<\/h3>\n<p>Sorunun nedeni bo\u015f bir hidrolik ya\u011f deposu, hasarl\u0131 veya t\u0131kal\u0131 bir hidrolik hortum veya ar\u0131zal\u0131 bir hidrolik pompa olabilir. Depo yeniden doldurulmal\u0131, hortum kontrol edilmeli ve pompa test edilerek gerekirse de\u011fi\u015ftirilmelidir.<\/p>\n<\/li>\n<li>\n<h3>A\u015f\u0131r\u0131 G\u00fcr\u00fclt\u00fc veya Titre\u015fim<\/h3>\n<p>Sorunun nedeni a\u015f\u0131nm\u0131\u015f veya hasar g\u00f6rm\u00fc\u015f par\u00e7alar, gev\u015fek ba\u011flant\u0131lar veya hizalama bozuklu\u011fu olabilir. Silindir incelenmeli ve gerekirse onar\u0131lmal\u0131d\u0131r.<\/p>\n<\/li>\n<\/ul>\n<p>Bu sorunlar\u0131n \u00f6nlenmesi i\u00e7in d\u00fczenli kontroller ve bak\u0131m yap\u0131lmas\u0131, ayr\u0131ca orijinal yedek par\u00e7alar\u0131n ve uygun hidrolik s\u0131v\u0131lar\u0131n kullan\u0131lmas\u0131 \u00f6nerilir.<\/p>\n<h2>Hakk\u0131m\u0131zda<\/h2>\n<p>Geni\u015f \u00fcr\u00fcn ve hizmet yelpazesine sahip, profesyonel bir yedek hidrolik silindir \u00fcreticisiyiz. Yurti\u00e7i ve yurtd\u0131\u015f\u0131 pazarlarda \u00f6nde gelen bir hidrolik silindir \u00fcreticisi ve toptanc\u0131s\u0131 haline geldik. M\u00fckemmel kalite ilkesine ba\u011fl\u0131 kalarak, ince i\u015f\u00e7ilik gerektiren \u00fcretim at\u00f6lyelerinin end\u00fcstriyel \u00fcretim y\u00f6netim stratejisine dayanarak teknik seviyemizi ve \u00fcretim verimlili\u011fimizi s\u00fcrekli olarak geli\u015ftiriyoruz. Y\u00fcksek teknoloji \u00fcr\u00fcn\u00fc dijital \u00fcretim ekipmanlar\u0131 ve profesyonel test sistemlerinin \ub3c4\uc785u ile \u00fcretim platformumuzu s\u00fcrekli olarak optimize ediyor, \u00fcr\u00fcn kalite kontrol s\u00fcre\u00e7lerimizi iyile\u015ftiriyor ve g\u00fc\u00e7l\u00fc inovasyon yeteneklerine sahibiz. Amac\u0131m\u0131z, verimlilik, hassasiyet ve y\u00fcksek kalite ilkeleriyle m\u00fc\u015fterilerimizin \u00e7e\u015fitli ihtiya\u00e7lar\u0131n\u0131 kar\u015f\u0131lamakt\u0131r.<\/p>\n<p><img decoding=\"async\" src=\"https:\/\/www.hydraulic-cylinders.net\/wp-content\/uploads\/2025\/01\/songte-company-4.webp\" alt=\"\u015firket imaj\u0131\"><br \/>\n<img decoding=\"async\" src=\"https:\/\/www.hydraulic-cylinders.net\/wp-content\/uploads\/2025\/01\/songte-company-3.webp\" alt=\"\u015firket imaj\u0131\"><\/p>\n<h3>Profesyonellik<\/h3>\n<p>Hidrolik silindir tasar\u0131m\u0131, geli\u015ftirilmesi ve kalite kontrol\u00fc konusunda uzmanla\u015fm\u0131\u015f deneyimli m\u00fchendis ve teknisyenlerden olu\u015fan bir ekibimiz var. Ayr\u0131ca m\u00fc\u015fterilerimizin \u00f6zel gereksinimlerini kar\u015f\u0131lamak i\u00e7in eksiksiz \u00f6zelle\u015ftirme hizmetleri de sunuyoruz.<\/p>\n<h3>Uluslararas\u0131 Sertifikasyon<\/h3>\n<p>\u00dcr\u00fcnlerimiz, ISO 9001 ve CE gibi \u00e7e\u015fitli uluslararas\u0131 sertifikalar\u0131 alarak kalite ve g\u00fcvenilirliklerini kan\u0131tlam\u0131\u015ft\u0131r.<\/p>\n<h3>\u00d6zelle\u015ftirme Hizmetleri<\/h3>\n<p>M\u00fc\u015fterilerimizin \u00f6zel gereksinimlerini ve uygulamalar\u0131n\u0131 kar\u015f\u0131lamak i\u00e7in tasar\u0131m, geli\u015ftirme ve \u00fcretim dahil olmak \u00fczere eksiksiz \u00f6zelle\u015ftirme hizmetleri sunuyoruz.<\/p>\n<h3>\u00dcretim Ekipmanlar\u0131<\/h3>\n<p>\u00dcr\u00fcnlerimizin hassasiyetini ve kalitesini sa\u011flamak i\u00e7in CNC makineleri, torna tezgahlar\u0131, y\u00fczey ta\u015flama makineleri ve test sistemleri de dahil olmak \u00fczere \u00e7ok \u00e7e\u015fitli geli\u015fmi\u015f dijital \u00fcretim ekipman\u0131na sahibiz.<\/p>\n<h3>Sat\u0131\u015f Sonras\u0131 Hizmet<\/h3>\n<p>M\u00fc\u015fterilerimizin memnuniyetini ve \u00fcr\u00fcnlerimizin uzun s\u00fcreli kullan\u0131m\u0131n\u0131 sa\u011flamak i\u00e7in teknik destek, bak\u0131m ve onar\u0131m dahil olmak \u00fczere kapsaml\u0131 sat\u0131\u015f sonras\u0131 hizmetler sunuyoruz.<\/p>\n<p>Yazar: lyl<\/p>","protected":false},"excerpt":{"rendered":"<p>Arm Cylinder For Volvo Small Excavator BL\/60B Introduction An arm cylinder is a specialized hydraulic cylinder designed to provide linear motion and power to the arm of various types of machinery such as excavators, cranes, and mechanical arms. The arm cylinder plays a critical role in the hydraulic system, enabling the effective movement and control [&hellip;]<\/p>","protected":false},"featured_media":14770,"comment_status":"open","ping_status":"closed","template":"","meta":{"_et_pb_use_builder":"","_et_pb_old_content":"","_et_gb_content_width":""},"product_brand":[],"product_cat":[1497],"product_tag":[1498,1496],"class_list":{"0":"post-16311","1":"product","2":"type-product","3":"status-publish","4":"has-post-thumbnail","6":"product_cat-arm-cylinders","7":"product_tag-arm-cylinders","8":"product_tag-hydraulic-cylinders","10":"first","11":"instock","12":"shipping-taxable","13":"product-type-simple"},"amp_enabled":true,"_links":{"self":[{"href":"https:\/\/www.hydraulic-cylinders.net\/tr\/wp-json\/wp\/v2\/product\/16311","targetHints":{"allow":["GET"]}}],"collection":[{"href":"https:\/\/www.hydraulic-cylinders.net\/tr\/wp-json\/wp\/v2\/product"}],"about":[{"href":"https:\/\/www.hydraulic-cylinders.net\/tr\/wp-json\/wp\/v2\/types\/product"}],"replies":[{"embeddable":true,"href":"https:\/\/www.hydraulic-cylinders.net\/tr\/wp-json\/wp\/v2\/comments?post=16311"}],"wp:featuredmedia":[{"embeddable":true,"href":"https:\/\/www.hydraulic-cylinders.net\/tr\/wp-json\/wp\/v2\/media\/14770"}],"wp:attachment":[{"href":"https:\/\/www.hydraulic-cylinders.net\/tr\/wp-json\/wp\/v2\/media?parent=16311"}],"wp:term":[{"taxonomy":"product_brand","embeddable":true,"href":"https:\/\/www.hydraulic-cylinders.net\/tr\/wp-json\/wp\/v2\/product_brand?post=16311"},{"taxonomy":"product_cat","embeddable":true,"href":"https:\/\/www.hydraulic-cylinders.net\/tr\/wp-json\/wp\/v2\/product_cat?post=16311"},{"taxonomy":"product_tag","embeddable":true,"href":"https:\/\/www.hydraulic-cylinders.net\/tr\/wp-json\/wp\/v2\/product_tag?post=16311"}],"curies":[{"name":"wp","href":"https:\/\/api.w.org\/{rel}","templated":true}]}}