{"id":16315,"date":"2025-01-20T09:04:55","date_gmt":"2025-01-20T09:04:55","guid":{"rendered":"https:\/\/www.hydraulic-cylinders.net\/product\/arm-cylinderfor-volvo-small-excavator-ec60c-80d\/"},"modified":"2025-01-20T09:04:57","modified_gmt":"2025-01-20T09:04:57","slug":"arm-cylinderfor-volvo-small-excavator-ec60c-80d","status":"publish","type":"product","link":"https:\/\/www.hydraulic-cylinders.net\/tr\/urun\/arm-cylinderfor-volvo-small-excavator-ec60c-80d\/","title":{"rendered":"Volvo K\u00fc\u00e7\u00fck Ekskavat\u00f6r EC60C\/80D i\u00e7in Kol Silindiri"},"content":{"rendered":"<p>Volvo K\u00fc\u00e7\u00fck Ekskavat\u00f6r EC60C\/80D i\u00e7in Kol Silindiri<\/p>\n<p>Girii\u015f:<br \/>\nKol silindiri, ekskavat\u00f6rler, vin\u00e7ler ve robotik kollar gibi \u00e7e\u015fitli makine kollar\u0131na do\u011frusal hareket ve g\u00fc\u00e7 sa\u011flamak \u00fczere tasarlanm\u0131\u015f \u00f6zel bir hidrolik silindirdir. Kol silindirleri, hidrolik sistemlerde \u00f6nemli bir rol oynar ve ek alet veya ata\u015fmanlar\u0131n etkili bir \u015fekilde hareket ettirilmesini ve kontrol edilmesini sa\u011flar. Bu silindirler, yaln\u0131zca d\u00fczg\u00fcn hareket sa\u011flamakla kalmaz, ayn\u0131 zamanda a\u011f\u0131r y\u00fcklere de dayanarak, \u00e7e\u015fitli \u00e7al\u0131\u015fma ko\u015fullar\u0131nda makinelerin verimli \u00e7al\u0131\u015fmas\u0131n\u0131 ve g\u00fcvenilirli\u011fini sa\u011flar.<\/p>\n<p>Tan\u0131m ve A\u00e7\u0131klama:<br \/>\nBom silindirleri olarak da bilinen kol silindirleri, makinenin kol hareketlerini kontrol etmek i\u00e7in kuvvet \u00fcreten hidrolik silindirlerdir. Bu silindirler, kolu kald\u0131rmak, indirmek veya uzatmak i\u00e7in gerekli g\u00fcc\u00fc sa\u011flamaktan sorumludur. Hidrolik sistemlerde, kol silindiri bom veya kola ba\u011fl\u0131d\u0131r ve ata\u015fman\u0131 hareket ettirmek i\u00e7in gerekli kuvveti sa\u011flar. Silindir, hidrolik bas\u0131nc\u0131 do\u011frusal harekete d\u00f6n\u00fc\u015ft\u00fcrmek i\u00e7in birlikte \u00e7al\u0131\u015fan bir piston, kol ve silindir g\u00f6vdesinden olu\u015fur. Kol silindiri, makinenin sorunsuz \u00e7al\u0131\u015fmas\u0131 i\u00e7in \u00e7ok \u00f6nemlidir ve ata\u015fmanlar\u0131n verimli bir \u015fekilde hareket etmesini ve \u00e7al\u0131\u015fmas\u0131n\u0131 sa\u011flar.<\/p>\n<p><img decoding=\"async\" src=\"https:\/\/www.hydraulic-cylinders.net\/wp-content\/uploads\/2025\/01\/songte-company-2.webp\"><\/p>\n<p>\u00d6zellikler:<br \/>\n1. Verimli G\u00fc\u00e7 Aktar\u0131m\u0131:<br \/>\nKol silindiri g\u00fc\u00e7l\u00fc do\u011frusal hareket ve kuvvet sa\u011flayarak, makine kolunun \u00e7al\u0131\u015fma s\u0131ras\u0131nda verimli performans g\u00f6stermesini sa\u011flar.<\/p>\n<p>2. Hassas Kontrol:<br \/>\nHidrolik sistem, kol silindirinin hassas hareket kontrol\u00fcn\u00fc sa\u011flayarak, ata\u015fman i\u015flemlerini daha esnek ve hassas hale getirir.<\/p>\n<p>3. Y\u00fcksek Dayan\u0131kl\u0131l\u0131k:<br \/>\nKol silindirleri genellikle a\u015f\u0131nma ve korozyona kar\u015f\u0131 m\u00fckemmel diren\u00e7 g\u00f6steren y\u00fcksek mukavemetli malzemelerden yap\u0131l\u0131r ve bu sayede zorlu ortamlarda uzun s\u00fcreli kullan\u0131ma uygundur.<\/p>\n<p>4. \u00c7ok Fonksiyonlu Uyarlanabilirlik:<br \/>\nBu silindirler ekskavat\u00f6rler, vin\u00e7ler ve robotik kollar gibi \u00e7e\u015fitli mekanik ekipmanlarda yayg\u0131n olarak kullan\u0131labilir ve farkl\u0131 \u00e7al\u0131\u015fma gereksinimlerine uyum sa\u011flar.<\/p>\n<p>5. Kolay Bak\u0131m:<br \/>\nKol silindirinin tasar\u0131m\u0131 bak\u0131m ve de\u011fi\u015fimi g\u00f6z \u00f6n\u00fcnde bulundurarak d\u00fczenli muayene ve bak\u0131m\u0131 daha kolay hale getirir ve ekipman ar\u0131za s\u00fcresini azalt\u0131r.<\/p>\n<p>\u00dcr\u00fcn\u00fcm\u00fcz:<br \/>\n\u00dcr\u00fcn\u00fcm\u00fcz, bu hidrolik silindirler i\u00e7in m\u00fckemmel bir yedektir. Farkl\u0131 makine kollar\u0131n\u0131n ihtiya\u00e7lar\u0131n\u0131 kar\u015f\u0131layabilen y\u00fcksek kaliteli kol silindirleri \u00fcretiyoruz. \u00dcr\u00fcnlerimiz y\u00fcksek mukavemetli malzemelerden \u00fcretilmekte olup, dayan\u0131kl\u0131l\u0131k ve g\u00fcvenilirliklerini garanti alt\u0131na almak i\u00e7in s\u0131k\u0131 kalite kontrollerinden ge\u00e7mektedir.<\/p>\n<p><img decoding=\"async\" src=\"https:\/\/www.hydraulic-cylinders.net\/wp-content\/uploads\/2025\/01\/songte-oil-pipes-and-spare-parts.webp\"><\/p>\n<p>Ba\u015fvuru:<br \/>\nKol silindirleri a\u015fa\u011f\u0131dakiler de dahil olmak \u00fczere \u00e7e\u015fitli end\u00fcstrilerde yayg\u0131n olarak kullan\u0131lmaktad\u0131r:<\/p>\n<p>1. \u0130n\u015faat M\u00fchendisli\u011fi:<br \/>\nEkskavat\u00f6rlerde ve vin\u00e7lerde, kol silindirleri toprak i\u015fleri, malzeme ta\u015f\u0131ma ve yap\u0131sal montaj i\u00e7in kep\u00e7e veya bomun hareketini kontrol eder.<\/p>\n<p>2. \u00dcretim Sanayi:<br \/>\nOtomatik \u00fcretim hatlar\u0131nda kol silindirleri, montaj, kaynak ve malzeme ta\u015f\u0131ma i\u00e7in robot kollar\u0131n\u0131n hareketini kontrol ederek \u00fcretim verimlili\u011fini ve do\u011frulu\u011funu art\u0131r\u0131r.<\/p>\n<p>3. Tar\u0131m Makinalar\u0131:<br \/>\nBi\u00e7erd\u00f6ver ve ekim makinesi gibi tar\u0131m makinelerinde kol silindirleri, ekim, g\u00fcbreleme ve hasat gibi g\u00f6revleri ger\u00e7ekle\u015ftirmek i\u00e7in i\u015fletim kolunun hareketini kontrol eder.<\/p>\n<p>4. Madencilik End\u00fcstrisi:<br \/>\nMadencilik ekipmanlar\u0131nda kol silindirleri, cevher madencili\u011fi ve nakliyesi i\u00e7in madencilik ekipmanlar\u0131n\u0131n kol hareketini kontrol eder.<\/p>\n<p>5. Lojistik ve Ta\u015f\u0131mac\u0131l\u0131k:<br \/>\nForkliftlerde ve ta\u015f\u0131ma robotlar\u0131nda, kol silindirleri y\u00fck\u00fcn kald\u0131r\u0131lmas\u0131n\u0131 ve hareketini kontrol ederek malzeme ta\u015f\u0131ma ve istiflemeyi sa\u011flar.<\/p>\n<p>Tasar\u0131m Hususlar\u0131 ve Se\u00e7im Kriterleri:<br \/>\nKol silindirleri se\u00e7ilirken, a\u015fa\u011f\u0131dakiler de dahil olmak \u00fczere \u00e7e\u015fitli tasar\u0131m hususlar\u0131 kritik fakt\u00f6rlerdir:<\/p>\n<p>1. Y\u00fck Kapasitesi:<br \/>\nSilindir, beklenen y\u00fcke dayanabilmelidir. Y\u00fck kapasitesi, silindirin delik ve \u00e7ubuk \u00e7ap\u0131, strok uzunlu\u011fu ve \u00e7al\u0131\u015fma bas\u0131nc\u0131 taraf\u0131ndan belirlenir.<\/p>\n<p>2. S\u0131zd\u0131rmazl\u0131k:<br \/>\nSilindir, s\u0131v\u0131 s\u0131z\u0131nt\u0131s\u0131n\u0131 \u00f6nlemek ve hidrolik bas\u0131nc\u0131 korumak i\u00e7in etkili bir s\u0131zd\u0131rmazl\u0131k sistemine sahip olmal\u0131d\u0131r. S\u0131zd\u0131rmazl\u0131k sistemi, piston contalar\u0131, biyel contalar\u0131 ve silecek contalar\u0131 gibi farkl\u0131 tipte contalardan olu\u015fur.<\/p>\n<p>3. Dayan\u0131kl\u0131l\u0131k:<br \/>\nSilindir, a\u015f\u0131nma ve korozyona dayan\u0131kl\u0131 dayan\u0131kl\u0131 malzemelerden yap\u0131lmal\u0131d\u0131r. Silindir g\u00f6vdeleri ve \u00e7ubuklar\u0131 i\u00e7in yayg\u0131n olarak kullan\u0131lan malzemeler aras\u0131nda \u00e7elik, al\u00fcminyum ve krom kapl\u0131 paslanmaz \u00e7elik bulunur.<\/p>\n<p>4. G\u00fcvenlik:<br \/>\nSilindir, hidrolik bas\u0131nc\u0131nda ani d\u00fc\u015f\u00fc\u015f gibi kazalar\u0131 \u00f6nleyecek \u015fekilde tasarlanmal\u0131d\u0131r. G\u00fcvenlik \u00f6zellikleri aras\u0131nda bas\u0131n\u00e7 tahliye valfleri, g\u00fcvenlik a\u015f\u0131r\u0131 y\u00fckleri ve acil durdurma d\u00fc\u011fmeleri yer alabilir.<\/p>\n<p>5. Bak\u0131m:<br \/>\nSilindir, kolay bak\u0131m ve onar\u0131m i\u00e7in tasarlanmal\u0131d\u0131r. Eri\u015filebilir portlar, \u00e7\u0131kar\u0131labilir u\u00e7 kapaklar\u0131 ve de\u011fi\u015ftirilebilir contalar gibi \u00f6zellikler, ar\u0131za s\u00fcresini ve bak\u0131m maliyetlerini azaltabilir.<\/p>\n<p><img decoding=\"async\" src=\"https:\/\/www.hydraulic-cylinders.net\/wp-content\/uploads\/2025\/01\/songte-cylinder-head-with-all-kinds-excavator-models.webp\"><\/p>\n<p>S\u0131zd\u0131rmazl\u0131k ve Ya\u011flama:<br \/>\nKol silindirlerinin uzun \u00f6m\u00fcrl\u00fc olmas\u0131 i\u00e7in uygun s\u0131zd\u0131rmazl\u0131k ve ya\u011flamaya ihtiya\u00e7lar\u0131 vard\u0131r. Silindir, ya\u011f s\u0131z\u0131nt\u0131lar\u0131n\u0131 \u00f6nlemek ve hidrolik bas\u0131nc\u0131 korumak i\u00e7in piston contalar\u0131 ve piston kolu contalar\u0131 gibi \u00e7e\u015fitli s\u0131zd\u0131rmazl\u0131k bile\u015fenleriyle donat\u0131lmal\u0131d\u0131r. S\u0131zd\u0131rmazl\u0131k malzemeleri, poli\u00fcretan ve nitril kau\u00e7uk gibi a\u015f\u0131nmaya dayan\u0131kl\u0131 malzemelerden yap\u0131lmal\u0131d\u0131r.<\/p>\n<p>Silindir g\u00f6vdesi ve \u00e7ubu\u011fu, a\u015f\u0131nma direncini art\u0131rmak ve s\u00fcrt\u00fcnmeyi azaltmak i\u00e7in parlat\u0131lmal\u0131d\u0131r. Hidrolik ya\u011f gibi ya\u011flay\u0131c\u0131lar\u0131n kullan\u0131m\u0131 da silindirin performans\u0131n\u0131 ve \u00f6mr\u00fcn\u00fc art\u0131rabilir.<\/p>\n<p>Bak\u0131m ve Sorun Giderme:<br \/>\nKol silindirlerinin d\u00fczg\u00fcn \u00e7al\u0131\u015fmas\u0131n\u0131 sa\u011flamak i\u00e7in d\u00fczenli bak\u0131m ve \u00f6nleyici tedbirler \u00e7ok \u00f6nemlidir. Bak\u0131m ipu\u00e7lar\u0131 aras\u0131nda s\u0131v\u0131 s\u0131z\u0131nt\u0131lar\u0131n\u0131 kontrol etmek, contalar\u0131 hasar veya a\u015f\u0131nma a\u00e7\u0131s\u0131ndan incelemek ve silindiri ve bile\u015fenlerini d\u00fczenli olarak ya\u011flamak yer al\u0131r. Herhangi bir sorun olmas\u0131 durumunda, sorun giderme s\u00fcreci standart prosed\u00fcrlere uygun olmal\u0131 ve kalifiye personel taraf\u0131ndan ger\u00e7ekle\u015ftirilmelidir.<\/p>\n<p><img decoding=\"async\" src=\"https:\/\/www.hydraulic-cylinders.net\/wp-content\/uploads\/2025\/01\/songte-chushion-collar.webp\"><\/p>\n<p>Kurulum K\u0131lavuzu:<br \/>\nKol silindirini do\u011fru \u015fekilde takmak i\u00e7in \u015fu ad\u0131mlar\u0131 izleyin:<\/p>\n<p>1. Kurulum alan\u0131n\u0131 temizleyin ve t\u00fcm bile\u015fenlerin kal\u0131nt\u0131 ve hasardan ar\u0131nd\u0131r\u0131lm\u0131\u015f oldu\u011fundan emin olun.<\/p>\n<p>2. Silindiri, \u00fcreticinin talimatlar\u0131na g\u00f6re makinenin koluna yerle\u015ftirin ve g\u00fcvenli bir \u015fekilde monte edin.<\/p>\n<p>3. Hidrolik hortumlar\u0131n\u0131 silindirin giri\u015f ve \u00e7\u0131k\u0131\u015f portlar\u0131na ba\u011flay\u0131n ve do\u011fru \u015fekilde s\u0131k\u0131ld\u0131\u011f\u0131ndan emin olun.<\/p>\n<p>4. Hidrolik sistemi \u00f6nerilen hidrolik ya\u011f ile doldurun ve s\u0131z\u0131nt\u0131 olup olmad\u0131\u011f\u0131n\u0131 kontrol edin.<\/p>\n<p>5. Silindirin \u00e7al\u0131\u015fmas\u0131n\u0131 test edin ve d\u00fczg\u00fcn \u00e7al\u0131\u015ft\u0131\u011f\u0131ndan emin olun.<\/p>\n<p>G\u00fcvenlik Hususlar\u0131 ve \u00c7evresel Fakt\u00f6rler:<br \/>\nKol silindirleri, do\u011fru \u015fekilde tak\u0131lmaz veya kullan\u0131lmaz ise g\u00fcvenlik a\u00e7\u0131s\u0131ndan tehlike olu\u015fturabilir. Ani bas\u0131n\u00e7 kayb\u0131 veya mekanik ar\u0131za gibi kazalar\u0131 \u00f6nlemek i\u00e7in uygun g\u00fcvenlik \u00f6nlemleri al\u0131nmal\u0131d\u0131r. S\u0131cakl\u0131k, nem ve a\u015f\u0131nd\u0131r\u0131c\u0131 maddeler gibi \u00e7evresel fakt\u00f6rler de silindirin performans\u0131n\u0131 etkileyebilir ve dikkate al\u0131nmal\u0131d\u0131r.<\/p>\n<p>Ar\u0131za Te\u015fhisi ve Yayg\u0131n Sorunlar:<br \/>\nKol silindirlerindeki yayg\u0131n sorunlar aras\u0131nda s\u0131v\u0131 s\u0131z\u0131nt\u0131lar\u0131, conta a\u015f\u0131nmas\u0131 ve piston veya biyel hasar\u0131 bulunur. Do\u011fru ar\u0131za te\u015fhisi ve sorun \u00e7\u00f6zme, bu sorunlar\u0131n tespit edilip \u00e7\u00f6z\u00fclmesine yard\u0131mc\u0131 olarak silindir veya makinede daha fazla hasar olu\u015fmas\u0131n\u0131 \u00f6nleyebilir.<\/p>\n<p>Olas\u0131 sorunlar\u0131 \u00f6nlemek i\u00e7in d\u00fczenli bak\u0131m, do\u011fru kurulum ve kullan\u0131m ve bak\u0131m i\u00e7in \u00fcretici talimatlar\u0131na uyulmas\u0131 gibi \u00f6nleyici tedbirler bulunmaktad\u0131r.<\/p>\n<p><img decoding=\"async\" src=\"https:\/\/www.hydraulic-cylinders.net\/wp-content\/uploads\/2025\/01\/songte-bushings-with-all-kinds-of-excavator-models.webp\"><\/p>\n<p>\u00c7\u00f6z\u00fcm:<br \/>\nGeni\u015f bir \u00fcr\u00fcn yelpazesine sahip profesyonel bir hidrolik silindir \u00fcreticisiyiz ve d\u00fcnya \u00e7ap\u0131nda lider hidrolik silindir \u00fcreticilerinden ve toptan da\u011f\u0131t\u0131mc\u0131lar\u0131ndan biri haline geldik. Y\u00fcksek kaliteli \u00fcr\u00fcnler sunmaya, teknik yeteneklerimizi ve \u00fcretim verimlili\u011fimizi art\u0131rmak i\u00e7in kaliteli \u00fcretim at\u00f6lyelerinin end\u00fcstriyel \u00fcretim y\u00f6netimi stratejilerinden yararlanmaya kararl\u0131y\u0131z. \u00dcretim platformumuzu optimize etmek, \u00fcr\u00fcn kalite kontrol s\u00fcre\u00e7lerini iyile\u015ftirmek ve g\u00fc\u00e7l\u00fc yenilik\u00e7i yeteneklere sahip olmak i\u00e7in \u00fcst d\u00fczey dijital \u00fcretim ekipmanlar\u0131 ve profesyonel test sistemleri geli\u015ftirdik. Amac\u0131m\u0131z, m\u00fc\u015fterilerimizin \u00e7e\u015fitli ihtiya\u00e7lar\u0131n\u0131 verimli, hassas ve y\u00fcksek kaliteli \u00fcr\u00fcnlerle kar\u015f\u0131lamakt\u0131r.<\/p>\n<p>Profesyonel bir \u00fcretici olarak \u00e7e\u015fitli uluslararas\u0131 sertifikalara sahibiz ve \u00f6zelle\u015ftirilmi\u015f hizmetler sunuyoruz, \u00fcretim ekipmanlar\u0131m\u0131za ve sat\u0131\u015f sonras\u0131 hizmetlerimize de\u011fer veriyoruz.<\/p>\n<p><img decoding=\"async\" src=\"https:\/\/www.hydraulic-cylinders.net\/wp-content\/uploads\/2025\/01\/songte-company-4.webp\"><\/p>\n<p><img decoding=\"async\" src=\"https:\/\/www.hydraulic-cylinders.net\/wp-content\/uploads\/2025\/01\/songte-company-3.webp\"><\/p>\n<p>Yazar: lyl<\/p>","protected":false},"excerpt":{"rendered":"<p>Arm Cylinder for Volvo Small Excavator EC60C\/80D Introduction: The arm cylinder is a specialized hydraulic cylinder designed to provide linear motion and power for a variety of machinery arms, such as excavators, cranes, and robotic arms. Arm cylinders play a crucial role in hydraulic systems, allowing for effective movement and control of additional tools or [&hellip;]<\/p>","protected":false},"featured_media":14786,"comment_status":"open","ping_status":"closed","template":"","meta":{"_et_pb_use_builder":"","_et_pb_old_content":"","_et_gb_content_width":""},"product_brand":[],"product_cat":[1497],"product_tag":[1498,1496],"class_list":{"0":"post-16315","1":"product","2":"type-product","3":"status-publish","4":"has-post-thumbnail","6":"product_cat-arm-cylinders","7":"product_tag-arm-cylinders","8":"product_tag-hydraulic-cylinders","10":"first","11":"instock","12":"shipping-taxable","13":"product-type-simple"},"amp_enabled":true,"_links":{"self":[{"href":"https:\/\/www.hydraulic-cylinders.net\/tr\/wp-json\/wp\/v2\/product\/16315","targetHints":{"allow":["GET"]}}],"collection":[{"href":"https:\/\/www.hydraulic-cylinders.net\/tr\/wp-json\/wp\/v2\/product"}],"about":[{"href":"https:\/\/www.hydraulic-cylinders.net\/tr\/wp-json\/wp\/v2\/types\/product"}],"replies":[{"embeddable":true,"href":"https:\/\/www.hydraulic-cylinders.net\/tr\/wp-json\/wp\/v2\/comments?post=16315"}],"wp:featuredmedia":[{"embeddable":true,"href":"https:\/\/www.hydraulic-cylinders.net\/tr\/wp-json\/wp\/v2\/media\/14786"}],"wp:attachment":[{"href":"https:\/\/www.hydraulic-cylinders.net\/tr\/wp-json\/wp\/v2\/media?parent=16315"}],"wp:term":[{"taxonomy":"product_brand","embeddable":true,"href":"https:\/\/www.hydraulic-cylinders.net\/tr\/wp-json\/wp\/v2\/product_brand?post=16315"},{"taxonomy":"product_cat","embeddable":true,"href":"https:\/\/www.hydraulic-cylinders.net\/tr\/wp-json\/wp\/v2\/product_cat?post=16315"},{"taxonomy":"product_tag","embeddable":true,"href":"https:\/\/www.hydraulic-cylinders.net\/tr\/wp-json\/wp\/v2\/product_tag?post=16315"}],"curies":[{"name":"wp","href":"https:\/\/api.w.org\/{rel}","templated":true}]}}