{"id":16326,"date":"2025-01-20T09:06:03","date_gmt":"2025-01-20T09:06:03","guid":{"rendered":"https:\/\/www.hydraulic-cylinders.net\/product\/arm-cylinderfor-volvo-middle-excavator-ec240bl\/"},"modified":"2025-01-20T09:06:08","modified_gmt":"2025-01-20T09:06:08","slug":"arm-cylinderfor-volvo-middle-excavator-ec240bl","status":"publish","type":"product","link":"https:\/\/www.hydraulic-cylinders.net\/tr\/urun\/arm-cylinderfor-volvo-middle-excavator-ec240bl\/","title":{"rendered":"Volvo Orta Ekskavat\u00f6r EC240BL i\u00e7in Kol Silindiri"},"content":{"rendered":"<p>Volvo EC240BL Orta Ekskavat\u00f6r i\u00e7in Kol Silindiri<\/p>\n<p>girii\u015f<br \/>\nKol silindiri, ekskavat\u00f6rler, vin\u00e7ler ve mekanik kollar gibi \u00e7e\u015fitli makine kollar\u0131n\u0131n do\u011frusal hareketini ve g\u00fcc\u00fcn\u00fc sa\u011flamak i\u00e7in \u00f6zel olarak tasarlanm\u0131\u015f bir hidrolik silindirdir. Kol silindiri, hidrolik sistemde hayati bir rol oynayarak ek aletlerin veya aksesuarlar\u0131n etkili bir \u015fekilde hareket etmesini ve kontrol edilmesini sa\u011flar. Bu silindirler sadece d\u00fczg\u00fcn hareket sa\u011flamakla kalmaz, ayn\u0131 zamanda a\u011f\u0131r y\u00fckleri de ta\u015f\u0131yarak \u00e7e\u015fitli \u00e7al\u0131\u015fma ko\u015fullar\u0131nda makinelerin verimli \u00e7al\u0131\u015fmas\u0131n\u0131 ve g\u00fcvenilirli\u011fini garanti eder.<\/p>\n<p>Tan\u0131m ve A\u00e7\u0131klama<br \/>\nKol silindiri, \u00e7e\u015fitli makinelerin koluna do\u011frudan do\u011frusal hareket ve kuvvet sa\u011flayan bir hidrolik silindir t\u00fcr\u00fcd\u00fcr. Y\u00fcksek mukavemetli malzemelerden \u00fcretilmi\u015ftir ve zorlu ortamlara dayanacak \u015fekilde tasarlanm\u0131\u015ft\u0131r. Silindir, ba\u011fl\u0131 aletlerin veya aksesuarlar\u0131n hareketini kontrol ederek hidrolik sistemde \u00f6nemli bir rol oynar ve sorunsuz ve verimli \u00e7al\u0131\u015fmay\u0131 sa\u011flar. Bu silindirler in\u015faat, imalat, tar\u0131m, madencilik ve lojistik gibi \u00e7e\u015fitli sekt\u00f6rlerde yayg\u0131n olarak kullan\u0131lmaktad\u0131r.<\/p>\n<p><img decoding=\"async\" src=\"https:\/\/www.hydraulic-cylinders.net\/wp-content\/uploads\/2025\/01\/songte-company-2.webp\" alt=\"Kol Silindiri\" \/><\/p>\n<p>\u00d6zellikler<br \/>\n1. Y\u00fcksek Verimli Aktar\u0131m: Kol silindiri, g\u00fc\u00e7l\u00fc do\u011frusal hareket ve kuvvet sa\u011flayarak, makine kollar\u0131n\u0131n farkl\u0131 i\u015flemler s\u0131ras\u0131nda y\u00fcksek verimlilikte performans g\u00f6stermesini garanti eder.<br \/>\n2. Hassas Kontrol: Kol silindiri, hidrolik sistem arac\u0131l\u0131\u011f\u0131yla hassas hareket kontrol\u00fc sa\u011flayarak, tak\u0131l\u0131 aletlerin \u00e7al\u0131\u015fmas\u0131n\u0131 daha esnek ve do\u011fru hale getirir.<br \/>\n3. Y\u00fcksek Dayan\u0131kl\u0131l\u0131k: Kol silindiri y\u00fcksek mukavemetli malzemelerden \u00fcretilmi\u015ftir ve iyi a\u015f\u0131nma ve korozyon direncine sahiptir, bu da onu zorlu ortamlarda uzun s\u00fcreli kullan\u0131m i\u00e7in uygun hale getirir.<br \/>\n4. \u00c7ok Fonksiyonlu Uyarlanabilirlik: Bu silindirler \u00e7ok fonksiyonlu uyarlanabilirli\u011fe sahiptir ve farkl\u0131 \u00e7al\u0131\u015fma ihtiya\u00e7lar\u0131n\u0131 kar\u015f\u0131lamak \u00fczere ekskavat\u00f6rler, vin\u00e7ler ve mekanik kollar gibi \u00e7e\u015fitli makine t\u00fcrlerinde yayg\u0131n olarak kullan\u0131labilir.<br \/>\n5. Kolay Bak\u0131m: Kol Silindirinin tasar\u0131m\u0131, kolay bak\u0131m ve de\u011fi\u015ftirme imkan\u0131n\u0131 g\u00f6z \u00f6n\u00fcnde bulundurarak d\u00fczenli inceleme ve bak\u0131m\u0131 daha kolay hale getirir ve ekipman ar\u0131za s\u00fcresini azalt\u0131r.<\/p>\n<p><img decoding=\"async\" src=\"https:\/\/www.hydraulic-cylinders.net\/wp-content\/uploads\/2025\/01\/songte-oil-pipes-and-spare-parts.webp\" alt=\"Kol Silindiri Yedek Par\u00e7alar\u0131\" \/><\/p>\n<p>Uygulamalar<br \/>\n1. \u0130n\u015faat M\u00fchendisli\u011fi: Kol silindiri, ekskavat\u00f6rlerde ve vin\u00e7lerde kep\u00e7e veya bomun hareketini kontrol etmek, toprak ta\u015f\u0131ma, malzeme ta\u015f\u0131ma ve yap\u0131sal kurulum i\u015flerinde kullan\u0131l\u0131r.<br \/>\n2. \u00dcretim: Kol silindiri, \u00fcretim verimlili\u011fini ve do\u011frulu\u011funu art\u0131rmak i\u00e7in montaj, kaynak ve ta\u015f\u0131ma i\u015flemlerini ger\u00e7ekle\u015ftiren makine kollar\u0131n\u0131n hareketini kontrol etmek amac\u0131yla otomatik \u00fcretim hatlar\u0131nda kullan\u0131l\u0131r.<br \/>\n3. Tar\u0131m Makineleri: Kol silindiri, bi\u00e7erd\u00f6ver ve tohum ekme makineleri gibi tar\u0131m makinelerinde \u00e7al\u0131\u015fma kolunun hareketini kontrol ederek ekim, g\u00fcbreleme ve hasat gibi g\u00f6revleri yerine getirir.<br \/>\n4. Madencilik: Kol silindiri, madencilik ekipmanlar\u0131nda kolun hareketini kontrol etmek, maden \u00e7\u0131karmak ve mineralleri ta\u015f\u0131mak i\u00e7in kullan\u0131l\u0131r.<br \/>\n5. Lojistik ve Ta\u015f\u0131mac\u0131l\u0131k: Kol Silindiri, malzemelerin ta\u015f\u0131nmas\u0131 ve istiflenmesi i\u00e7in forkliftlerde ve ta\u015f\u0131ma robotlar\u0131nda kargo \u00e7atallar\u0131n\u0131n kald\u0131r\u0131lmas\u0131n\u0131 ve hareketini kontrol eder.<\/p>\n<p>Tasar\u0131m Hususlar\u0131 ve Se\u00e7im Standartlar\u0131<br \/>\n1. Y\u00fck Kapasitesi: Kol silindiri, makinenin \u00e7al\u0131\u015fmas\u0131 ve aksesuarlar\u0131n\u0131n y\u00fck\u00fcn\u00fc kald\u0131rabilecek yeterli y\u00fck kapasitesine sahip olmal\u0131d\u0131r.<br \/>\n2. S\u0131zd\u0131rmazl\u0131k: Kol silindirinin, ya\u011f s\u0131z\u0131nt\u0131s\u0131n\u0131 ve toz kirlenmesini \u00f6nlemek ve makinenin sorunsuz \u00e7al\u0131\u015fmas\u0131n\u0131 sa\u011flamak i\u00e7in iyi bir s\u0131zd\u0131rmazl\u0131\u011fa sahip olmas\u0131 gerekir.<br \/>\n3. Dayan\u0131kl\u0131l\u0131k: Kol silindiri, zorlu ortamlara dayanacak ve iyi a\u015f\u0131nma ve korozyon direncine sahip olacak \u015fekilde y\u00fcksek mukavemetli malzemelerden yap\u0131lmal\u0131d\u0131r.<br \/>\n4. G\u00fcvenlik: Kol silindirinde kazalar\u0131 \u00f6nlemek i\u00e7in bas\u0131n\u00e7 tahliye vanalar\u0131 gibi g\u00fcvenlik \u00f6zellikleri bulunmal\u0131d\u0131r.<br \/>\n5. Bak\u0131m: Kol silindiri, ar\u0131za s\u00fcresini azaltmak i\u00e7in kolay bak\u0131m ve par\u00e7a de\u011fi\u015fimine uygun \u015fekilde tasarlanmal\u0131d\u0131r.<\/p>\n<p><img decoding=\"async\" src=\"https:\/\/www.hydraulic-cylinders.net\/wp-content\/uploads\/2025\/01\/songte-cylinder-head-with-all-kinds-excavator-models.webp\" alt=\"Kol Silindir Kafas\u0131\" \/><\/p>\n<p>S\u0131zd\u0131rmazl\u0131k ve Ya\u011flama<br \/>\nKol silindiri, iyi bir s\u0131zd\u0131rmazl\u0131k sa\u011flamak i\u00e7in poli\u00fcretan ve nitril kau\u00e7uk gibi a\u015f\u0131nmaya dayan\u0131kl\u0131 malzemelerden yap\u0131lm\u0131\u015f piston contalar\u0131, mil contalar\u0131 ve silecekler gibi \u00e7e\u015fitli s\u0131zd\u0131rmazl\u0131k bile\u015fenleri kullan\u0131r. Silindirin y\u00fczeyi a\u015f\u0131nma direncini art\u0131rmak i\u00e7in ince bir \u015fekilde i\u015flenmi\u015ftir ve silindirin uygun miktarda hidrolik ya\u011f ile d\u00fczenli olarak ya\u011flanmas\u0131 gerekir.<\/p>\n<p>D\u00fczenli Muayene ve \u00d6nleyici Bak\u0131m<br \/>\nKol silindirinin verimli \u00e7al\u0131\u015fmas\u0131 i\u00e7in d\u00fczenli muayene ve bak\u0131m \u015fartt\u0131r. A\u015fa\u011f\u0131daki \u00f6nlemler al\u0131nabilir:<br \/>\n1. Silindirin y\u00fczeyinin a\u015f\u0131nma ve hasar a\u00e7\u0131s\u0131ndan d\u00fczenli olarak kontrol edilmesi.<br \/>\n2. S\u0131zd\u0131rmazl\u0131k elemanlar\u0131n\u0131n d\u00fczenli olarak de\u011fi\u015ftirilmesi ve uygun miktarda hidrolik ya\u011f ile ya\u011flanmas\u0131.<br \/>\n3. Bas\u0131n\u00e7 tahliye vanalar\u0131n\u0131n ve di\u011fer g\u00fcvenlik \u00f6zelliklerinin d\u00fczenli olarak kontrol edilmesi.<br \/>\n4. Hidrolik boru hatlar\u0131n\u0131n s\u0131z\u0131nt\u0131 ve hasar a\u00e7\u0131s\u0131ndan d\u00fczenli olarak kontrol edilmesi.<\/p>\n<p>Kurulum K\u0131lavuzu<br \/>\n1. Kol silindirini takmadan \u00f6nce makine ve hidrolik sistemin kapat\u0131ld\u0131\u011f\u0131ndan ve bas\u0131nc\u0131n bo\u015falt\u0131ld\u0131\u011f\u0131ndan emin olun.<br \/>\n2. Silindiri ba\u011flant\u0131 noktas\u0131yla hizalay\u0131n ve g\u00fcvenli bir \u015fekilde tak\u0131n.<br \/>\n3. Hidrolik hortumlar\u0131 ba\u011flay\u0131n ve s\u0131z\u0131nt\u0131 olup olmad\u0131\u011f\u0131n\u0131 kontrol edin.<br \/>\n4. Silindiri kullan\u0131ma almadan \u00f6nce \u00e7al\u0131\u015fmas\u0131n\u0131 test edin.<\/p>\n<p><img decoding=\"async\" src=\"https:\/\/www.hydraulic-cylinders.net\/wp-content\/uploads\/2025\/01\/songte-bushings-with-all-kinds-of-excavator-models.webp\" alt=\"Kol Silindir Bur\u00e7lar\u0131\" \/><\/p>\n<p>G\u00fcvenlik Hususlar\u0131 ve \u00c7evresel Fakt\u00f6rler<br \/>\nKol silindiri, makinenin \u00e7al\u0131\u015fmas\u0131nda \u00e7ok \u00f6nemli bir rol oynar ve dikkatli kullan\u0131lmal\u0131d\u0131r. Kazalar\u0131 \u00f6nlemek i\u00e7in bas\u0131n\u00e7 tahliye vanalar\u0131 gibi g\u00fcvenlik \u00f6nlemleri al\u0131nmal\u0131d\u0131r. S\u0131cakl\u0131k ve nem gibi \u00e7evresel fakt\u00f6rler de dikkate al\u0131nmal\u0131d\u0131r.<\/p>\n<p>Sorun Giderme ve Yayg\u0131n Sorunlar<br \/>\nKol silindirini kullan\u0131rken ortaya \u00e7\u0131kabilecek baz\u0131 yayg\u0131n sorunlar \u015funlard\u0131r:<br \/>\n1. Silindirden ya\u011f s\u0131z\u0131nt\u0131s\u0131<br \/>\n2. D\u00fczensiz hareket veya ani hareketler<br \/>\n3. Uzatma veya geri \u00e7ekme i\u015fleminin ba\u015far\u0131s\u0131zl\u0131\u011f\u0131<br \/>\n4. Anormal ses veya titre\u015fim<\/p>\n<p>Sorunu te\u015fhis etmek ve gidermek i\u00e7in a\u015fa\u011f\u0131daki \u00f6nlemler al\u0131nabilir:<br \/>\n1. Silindirin y\u00fczeyini ve s\u0131zd\u0131rmazl\u0131k bile\u015fenlerini a\u015f\u0131nma ve hasar a\u00e7\u0131s\u0131ndan inceleyin.<br \/>\n2. Hidrolik sistemde yeterli miktarda hidrolik ya\u011f olup olmad\u0131\u011f\u0131n\u0131 ve bas\u0131n\u00e7 tahliye vanalar\u0131n\u0131n d\u00fczg\u00fcn \u00e7al\u0131\u015f\u0131p \u00e7al\u0131\u015fmad\u0131\u011f\u0131n\u0131 kontrol edin.<br \/>\n3. Hidrolik hortumlar\u0131 s\u0131z\u0131nt\u0131 ve hasar a\u00e7\u0131s\u0131ndan kontrol edin.<br \/>\n4. Makine ba\u011flant\u0131 noktas\u0131n\u0131n hizalanmas\u0131n\u0131 ve sa\u011flaml\u0131\u011f\u0131n\u0131 kontrol edin.<\/p>\n<p><img decoding=\"async\" src=\"https:\/\/www.hydraulic-cylinders.net\/wp-content\/uploads\/2025\/01\/songte-chushion-collar.webp\" alt=\"Kol Silindiri Yast\u0131k Yakas\u0131\" \/><\/p>\n<p>\u00c7\u00f6z\u00fcm<br \/>\nProfesyonel bir hidrolik silindir yedek par\u00e7a \u00fcreticisiyiz ve geni\u015f bir \u00fcr\u00fcn ve hizmet yelpazesi sunuyoruz. M\u00fc\u015fterilerimizin \u00e7e\u015fitli ihtiya\u00e7lar\u0131n\u0131 kar\u015f\u0131lamak i\u00e7in y\u00fcksek kaliteli \u00fcr\u00fcn ve hizmetler sunmaya kendimizi adad\u0131k. \u00dcr\u00fcnlerimiz uluslararas\u0131 sertifikal\u0131d\u0131r, \u00f6zelle\u015ftirilebilir ve geli\u015fmi\u015f \u00fcretim ekipmanlar\u0131yla \u00fcretilmektedir. Ayr\u0131ca m\u00fc\u015fteri memnuniyetini sa\u011flamak i\u00e7in kapsaml\u0131 sat\u0131\u015f sonras\u0131 hizmetler de sunuyoruz.<\/p>\n<p><img decoding=\"async\" src=\"https:\/\/www.hydraulic-cylinders.net\/wp-content\/uploads\/2025\/01\/songte-company-4.webp\" alt=\"\u015eirket Tan\u0131t\u0131m\u0131\" \/><br \/>\n<img decoding=\"async\" src=\"https:\/\/www.hydraulic-cylinders.net\/wp-content\/uploads\/2025\/01\/songte-company-3.webp\" alt=\"\u015eirket Tesisleri\" \/><\/p>\n<p>Yazar: lyl<\/p>","protected":false},"excerpt":{"rendered":"<p>Arm Cylinder for Volvo Middle Excavator EC240BL Introduction Arm Cylinder is a specially designed hydraulic cylinder that is mainly used to provide linear motion and power to various types of machinery arms, such as excavators, cranes and mechanical arms. The Arm Cylinder plays a crucial role in the hydraulic system, enabling additional tools or accessories [&hellip;]<\/p>","protected":false},"featured_media":14783,"comment_status":"open","ping_status":"closed","template":"","meta":{"_et_pb_use_builder":"","_et_pb_old_content":"","_et_gb_content_width":""},"product_brand":[],"product_cat":[1497],"product_tag":[1498,1496],"class_list":{"0":"post-16326","1":"product","2":"type-product","3":"status-publish","4":"has-post-thumbnail","6":"product_cat-arm-cylinders","7":"product_tag-arm-cylinders","8":"product_tag-hydraulic-cylinders","10":"first","11":"instock","12":"shipping-taxable","13":"product-type-simple"},"amp_enabled":true,"_links":{"self":[{"href":"https:\/\/www.hydraulic-cylinders.net\/tr\/wp-json\/wp\/v2\/product\/16326","targetHints":{"allow":["GET"]}}],"collection":[{"href":"https:\/\/www.hydraulic-cylinders.net\/tr\/wp-json\/wp\/v2\/product"}],"about":[{"href":"https:\/\/www.hydraulic-cylinders.net\/tr\/wp-json\/wp\/v2\/types\/product"}],"replies":[{"embeddable":true,"href":"https:\/\/www.hydraulic-cylinders.net\/tr\/wp-json\/wp\/v2\/comments?post=16326"}],"wp:featuredmedia":[{"embeddable":true,"href":"https:\/\/www.hydraulic-cylinders.net\/tr\/wp-json\/wp\/v2\/media\/14783"}],"wp:attachment":[{"href":"https:\/\/www.hydraulic-cylinders.net\/tr\/wp-json\/wp\/v2\/media?parent=16326"}],"wp:term":[{"taxonomy":"product_brand","embeddable":true,"href":"https:\/\/www.hydraulic-cylinders.net\/tr\/wp-json\/wp\/v2\/product_brand?post=16326"},{"taxonomy":"product_cat","embeddable":true,"href":"https:\/\/www.hydraulic-cylinders.net\/tr\/wp-json\/wp\/v2\/product_cat?post=16326"},{"taxonomy":"product_tag","embeddable":true,"href":"https:\/\/www.hydraulic-cylinders.net\/tr\/wp-json\/wp\/v2\/product_tag?post=16326"}],"curies":[{"name":"wp","href":"https:\/\/api.w.org\/{rel}","templated":true}]}}