{"id":16329,"date":"2025-01-20T09:06:21","date_gmt":"2025-01-20T09:06:21","guid":{"rendered":"https:\/\/www.hydraulic-cylinders.net\/product\/arm-cylinderfor-volvo-large-excavator-ec360b\/"},"modified":"2025-01-20T09:06:23","modified_gmt":"2025-01-20T09:06:23","slug":"arm-cylinderfor-volvo-large-excavator-ec360b","status":"publish","type":"product","link":"https:\/\/www.hydraulic-cylinders.net\/tr\/urun\/arm-cylinderfor-volvo-large-excavator-ec360b\/","title":{"rendered":"Volvo EC360B B\u00fcy\u00fck Ekskavat\u00f6r \u0130\u00e7in Kol Silindiri"},"content":{"rendered":"<h1>Volvo EC360B B\u00fcy\u00fck Ekskavat\u00f6r \u0130\u00e7in Kol Silindiri<\/h1>\n<h2>girii\u015f<\/h2>\n<p>Kol silindiri, ekskavat\u00f6rler, vin\u00e7ler ve mekanik kollar gibi \u00e7e\u015fitli makinelerin koluna do\u011frusal hareket ve g\u00fc\u00e7 sa\u011flayan \u00f6zel olarak tasarlanm\u0131\u015f bir hidrolik silindirdir. Kol silindiri, hidrolik sistemlerde ek aletlerin veya ata\u015fmanlar\u0131n verimli hareketini ve kontrol\u00fcn\u00fc sa\u011flayarak \u00e7ok \u00f6nemli bir rol oynar. Bu silindirler sadece d\u00fczg\u00fcn hareket sa\u011flamakla kalmaz, ayn\u0131 zamanda a\u011f\u0131r y\u00fckleri de ta\u015f\u0131yarak \u00e7e\u015fitli \u00e7al\u0131\u015fma ko\u015fullar\u0131nda makinelerin y\u00fcksek operasyonel verimlili\u011fini ve g\u00fcvenilirli\u011fini sa\u011flar.<\/p>\n<p><img decoding=\"async\" src=\"https:\/\/www.hydraulic-cylinders.net\/wp-content\/uploads\/2025\/01\/songte-company-2.webp\"><\/p>\n<h2>\u00d6zellikler<\/h2>\n<ul>\n<li>Y\u00fcksek Verimli Aktar\u0131m: Kol silindiri, g\u00fc\u00e7l\u00fc do\u011frusal hareket ve kuvvet sa\u011flayarak mekanik kolun \u00e7e\u015fitli i\u015flemlerde optimum performans g\u00f6stermesini garanti eder.<\/li>\n<li>Hassas Kontrol: Hidrolik sistem sayesinde, Kol Silindiri hassas hareket kontrol\u00fc sa\u011flayarak, tak\u0131l\u0131 aletlerin \u00e7al\u0131\u015fmas\u0131n\u0131 daha esnek ve do\u011fru hale getirir.<\/li>\n<li>Dayan\u0131kl\u0131l\u0131k: Kol silindirleri genellikle y\u00fcksek mukavemetli malzemelerden \u00fcretilir ve m\u00fckemmel a\u015f\u0131nma ve korozyon direnci sunarak zorlu ortamlarda uzun s\u00fcreli kullan\u0131m i\u00e7in uygundur.<\/li>\n<li>\u00c7ok Fonksiyonlu Uyarlanabilirlik: Bu silindirler, ekskavat\u00f6rler, vin\u00e7ler ve i\u015f kollar\u0131 gibi \u00e7e\u015fitli mekanik ekipmanlarda yayg\u0131n olarak kullan\u0131labilir ve farkl\u0131 \u00e7al\u0131\u015fma gereksinimlerine uyum sa\u011flar.<\/li>\n<li>Kolay Bak\u0131m: Kolay bak\u0131m ve de\u011fi\u015ftirme i\u00e7in tasarlanan Kol Silindiri, d\u00fczenli inceleme ve bak\u0131m\u0131 kolayla\u015ft\u0131rarak ekipman ar\u0131za s\u00fcresini azalt\u0131r.<\/li>\n<\/ul>\n<p><img decoding=\"async\" src=\"https:\/\/www.hydraulic-cylinders.net\/wp-content\/uploads\/2025\/01\/songte-oil-pipes-and-spare-parts.webp\"><\/p>\n<h2>Uygulamalar<\/h2>\n<p>Kol Silindiri \u00e7e\u015fitli end\u00fcstrilerde uygulama alan\u0131 bulmaktad\u0131r:<\/p>\n<h3>1. \u0130n\u015faat M\u00fchendisli\u011fi<\/h3>\n<p>Ekskavat\u00f6rlerde ve vin\u00e7lerde Kol Silindiri, toprak i\u015fleri, malzeme ta\u015f\u0131ma ve yap\u0131sal montaj i\u00e7in kovalar\u0131n veya bomlar\u0131n hareketini kontrol eder.<\/p>\n<h3>2. \u00dcretim<\/h3>\n<p>Otomatik \u00fcretim hatlar\u0131nda, Kol Silindiri, montaj, kaynak ve ta\u015f\u0131ma i\u015flemlerinde mekanik kollar\u0131n hareketini kolayla\u015ft\u0131rarak \u00fcretim verimlili\u011fini ve do\u011frulu\u011funu art\u0131r\u0131r.<\/p>\n<h3>3. Tar\u0131m Makinalar\u0131<\/h3>\n<p>Bi\u00e7erd\u00f6ver ve tohum ekme makineleri gibi tar\u0131m makinelerinde, kol silindiri, tohum ekme, g\u00fcbreleme ve hasat gibi g\u00f6revleri yerine getiren \u00e7al\u0131\u015fma kollar\u0131n\u0131n hareketini kontrol eder.<\/p>\n<h3>4. Madencilik<\/h3>\n<p>Madencilik ekipmanlar\u0131nda, Kol Silindiri, cevher \u00e7\u0131karma ve ta\u015f\u0131ma i\u015flemlerinde madencilik makinelerinin kol hareketini kontrol eder.<\/p>\n<h3>5. Lojistik ve Ta\u015f\u0131mac\u0131l\u0131k<\/h3>\n<p>Forkliftlerde ve ta\u015f\u0131ma robotlar\u0131nda, Kol Silindiri \u00e7atallar\u0131n kald\u0131r\u0131lmas\u0131n\u0131 ve hareketini kontrol ederek malzeme ta\u015f\u0131ma ve istiflemeyi m\u00fcmk\u00fcn k\u0131lar.<\/p>\n<p><img decoding=\"async\" src=\"https:\/\/www.hydraulic-cylinders.net\/wp-content\/uploads\/2025\/01\/songte-chushion-collar.webp\"><\/p>\n<h2>Tasar\u0131m Hususlar\u0131 ve Se\u00e7im Kriterleri<\/h2>\n<p>Kol silindirinin tasar\u0131m\u0131 ve se\u00e7imi yap\u0131l\u0131rken, \u00e7e\u015fitli fakt\u00f6rler dikkate al\u0131nmal\u0131d\u0131r:<\/p>\n<ul>\n<li>Ta\u015f\u0131ma Kapasitesi: Kol silindiri, uygulamada \u00f6ng\u00f6r\u00fclen y\u00fck ve kuvvetlere dayanabilmelidir.<\/li>\n<li>S\u0131zd\u0131rmazl\u0131k Yetene\u011fi: Piston contalar\u0131 ve mil contalar\u0131 gibi \u00e7e\u015fitli s\u0131zd\u0131rmazl\u0131k elemanlar\u0131 kullan\u0131lmal\u0131, tercihen poli\u00fcretan veya nitril kau\u00e7uk gibi a\u015f\u0131nmaya dayan\u0131kl\u0131 malzemelerden yap\u0131lm\u0131\u015f olmal\u0131d\u0131r.<\/li>\n<li>Dayan\u0131kl\u0131l\u0131k: Silindir g\u00f6vdesi ve di\u015fli u\u00e7 y\u00fczeyleri, a\u015f\u0131nma direncini art\u0131rmak i\u00e7in ince bir i\u015flemden ge\u00e7irilmelidir.<\/li>\n<li>G\u00fcvenlik: Tasar\u0131m, \u00e7al\u0131\u015fma s\u0131ras\u0131nda kazalar\u0131 \u00f6nleyecek g\u00fcvenlik \u00f6zelliklerini i\u00e7ermelidir.<\/li>\n<li>Bak\u0131m kolayl\u0131\u011f\u0131: Tasar\u0131mda hidrolik ya\u011f ile d\u00fczenli ya\u011flama ve inceleme ve bak\u0131m i\u00e7in kolay eri\u015fim g\u00f6z \u00f6n\u00fcnde bulundurulmal\u0131d\u0131r.<\/li>\n<\/ul>\n<p><img decoding=\"async\" src=\"https:\/\/www.hydraulic-cylinders.net\/wp-content\/uploads\/2025\/01\/songte-cylinder-head-with-all-kinds-excavator-models.webp\"><\/p>\n<h2>S\u0131zd\u0131rmazl\u0131k ve Ya\u011flama<\/h2>\n<p>Kol silindiri, poli\u00fcretan ve nitril kau\u00e7uk gibi a\u015f\u0131nmaya dayan\u0131kl\u0131 malzemelerden yap\u0131lm\u0131\u015f piston contalar\u0131 ve mil contalar\u0131 gibi \u00e7e\u015fitli s\u0131zd\u0131rmazl\u0131k bile\u015fenleri kullan\u0131r. Silindir g\u00f6vdesi ve di\u015fli u\u00e7 y\u00fczeyleri, a\u015f\u0131nma direncini art\u0131rmak i\u00e7in ince bir \u015fekilde i\u015flenmi\u015ftir. Silindirin sorunsuz \u00e7al\u0131\u015fmas\u0131 ve uzun \u00f6m\u00fcrl\u00fc olmas\u0131 i\u00e7in uygun hidrolik ya\u011f ile d\u00fczenli ya\u011flama gereklidir.<\/p>\n<h2>D\u00fczenli Muayene ve \u00d6nleyici Bak\u0131m<\/h2>\n<p>En iyi performans\u0131 ve uzun \u00f6m\u00fcrl\u00fcl\u00fc\u011f\u00fc sa\u011flamak i\u00e7in a\u015fa\u011f\u0131daki \u00f6nlemler al\u0131nmal\u0131d\u0131r:<\/p>\n<ul>\n<li>Kol Silindirini d\u00fczenli olarak s\u0131z\u0131nt\u0131, hasar veya a\u015f\u0131nma belirtileri a\u00e7\u0131s\u0131ndan inceleyin.<\/li>\n<li>Uygun ya\u011flamay\u0131 sa\u011flamak i\u00e7in d\u00fczenli aral\u0131klarla yeterli miktarda hidrolik ya\u011f ekleyin.<\/li>\n<li>Gev\u015feme veya s\u0131z\u0131nt\u0131y\u0131 \u00f6nlemek i\u00e7in t\u00fcm ba\u011flant\u0131lar\u0131 kontrol edin ve s\u0131k\u0131n.<\/li>\n<li>A\u015f\u0131nm\u0131\u015f contalar\u0131 ve di\u011fer par\u00e7alar\u0131 gerekti\u011fi gibi kontrol edin ve de\u011fi\u015ftirin.<\/li>\n<\/ul>\n<h2>\u00dcr\u00fcn Kurulum K\u0131lavuzu<\/h2>\n<p>Kol silindirinin do\u011fru montaj\u0131, performans\u0131 ve uzun \u00f6mr\u00fc i\u00e7in \u00e7ok \u00f6nemlidir. L\u00fctfen \u015fu y\u00f6nergeleri izleyin:<\/p>\n<ul>\n<li>Kurulum y\u00fczeyinin temiz ve her t\u00fcrl\u00fc kal\u0131nt\u0131dan ar\u0131nd\u0131r\u0131lm\u0131\u015f oldu\u011fundan emin olun.<\/li>\n<li>Kol silindirini uygun ba\u011flant\u0131 elemanlar\u0131n\u0131 kullanarak g\u00fcvenli bir \u015fekilde monte edin.<\/li>\n<li>T\u00fcm ba\u011flant\u0131lar\u0131 belirtilen tork de\u011ferlerine g\u00f6re s\u0131k\u0131n.<\/li>\n<li>Kurulum i\u015flemi s\u0131ras\u0131nda herhangi bir uyumsuzluk veya m\u00fcdahale olup olmad\u0131\u011f\u0131n\u0131 kontrol edin.<\/li>\n<li>Makineyi hizmete almadan \u00f6nce do\u011fru \u00e7al\u0131\u015fmas\u0131n\u0131 do\u011frulamak i\u00e7in fonksiyonel bir test ger\u00e7ekle\u015ftirin.<\/li>\n<\/ul>\n<p><img decoding=\"async\" src=\"https:\/\/www.hydraulic-cylinders.net\/wp-content\/uploads\/2025\/01\/songte-bushings-with-all-kinds-of-excavator-models.webp\"><\/p>\n<h2>G\u00fcvenlik Hususlar\u0131 ve \u00c7evresel Fakt\u00f6rler<\/h2>\n<p>Kol silindirini kullan\u0131rken, a\u011f\u0131r makinelerin kullan\u0131m\u0131nda g\u00fcvenli\u011fin \u00f6nemi ve olas\u0131 riskler g\u00f6z \u00f6n\u00fcnde bulundurularak g\u00fcvenlik \u00f6nlemlerine \u00f6ncelik verilmesi \u015fartt\u0131r. Yeterli e\u011fitim, g\u00fcvenlik protokollerine uyulmas\u0131 ve ki\u015fisel koruyucu ekipman kullan\u0131m\u0131, kazalar\u0131 \u00f6nlemek ve g\u00fcvenli bir \u00e7al\u0131\u015fma ortam\u0131 sa\u011flamak i\u00e7in \u00e7ok \u00f6nemlidir.<\/p>\n<h2>Ar\u0131za Te\u015fhisi ve Yayg\u0131n Sorunlar<\/h2>\n<p>Kol silindirinde baz\u0131 ar\u0131zalar veya sorunlar meydana gelebilir. Bunlardan baz\u0131 yayg\u0131n olanlar\u0131 \u015funlard\u0131r:<\/p>\n<ul>\n<li>Hidrolik s\u0131v\u0131 s\u0131z\u0131nt\u0131s\u0131<\/li>\n<li>G\u00fc\u00e7 veya kuvvet kayb\u0131<\/li>\n<li>\u00c7al\u0131\u015fma s\u0131ras\u0131nda anormal sesler<\/li>\n<li>Yava\u015f veya ani hareket<\/li>\n<li>Yanl\u0131\u015f konumland\u0131rma<\/li>\n<\/ul>\n<p>Bu sorunlar\u0131 gidermek i\u00e7in a\u015fa\u011f\u0131daki sorun giderme ve \u00e7\u00f6z\u00fcmleri g\u00f6z \u00f6n\u00fcnde bulundurun:<\/p>\n<ul>\n<li>S\u0131z\u0131nt\u0131ya neden olan hasarl\u0131 contalar\u0131 veya bile\u015fenleri inceleyin ve gerekirse de\u011fi\u015ftirin.<\/li>\n<li>Hidrolik sistemde, t\u0131kal\u0131 filtreler veya d\u00fc\u015f\u00fck s\u0131v\u0131 seviyesi gibi g\u00fc\u00e7 aktar\u0131m\u0131n\u0131 etkileyen herhangi bir sorun olup olmad\u0131\u011f\u0131n\u0131 kontrol edin.<\/li>\n<li>Anormal sesleri ara\u015ft\u0131r\u0131n ve gev\u015femi\u015f veya a\u015f\u0131nm\u0131\u015f par\u00e7alar\u0131 onar\u0131n.<\/li>\n<li>Sistemde yava\u015f veya d\u00fczensiz harekete neden olan herhangi bir t\u0131kan\u0131kl\u0131k veya k\u0131s\u0131tlama olup olmad\u0131\u011f\u0131n\u0131 kontrol edin.<\/li>\n<li>Do\u011fru konumland\u0131rma i\u00e7in konum sens\u00f6rlerinin veya anahtarlar\u0131n\u0131n do\u011fru kalibrasyonunu do\u011frulay\u0131n.<\/li>\n<\/ul>\n<p><img decoding=\"async\" src=\"https:\/\/www.hydraulic-cylinders.net\/wp-content\/uploads\/2025\/01\/songte-chushion-collar.webp\"><\/p>\n<h2>Hakk\u0131m\u0131zda<\/h2>\n<p>Firmam\u0131z, hidrolik silindir yedek par\u00e7alar\u0131n\u0131n profesyonel bir \u00fcreticisidir. Geni\u015f \u00fcr\u00fcn yelpazemizle, hem yurt i\u00e7i hem de uluslararas\u0131 pazarlarda \u00f6nde gelen \u00fcretici ve toptanc\u0131 firmalardan biri haline geldik. M\u00fckemmellik ilkesini benimseyerek, teknolojik yeteneklerimizi ve \u00fcretim verimlili\u011fimizi s\u00fcrekli olarak geli\u015ftiriyoruz.<\/p>\n<p>Y\u00fcksek teknoloji \u00fcr\u00fcn\u00fc dijital \u00fcretim ekipmanlar\u0131 ve profesyonel test sistemlerini kullanarak \u00fcretim platformumuzu optimize ediyor ve \u00fcr\u00fcn kalite kontrol s\u00fcre\u00e7lerimizi geli\u015ftiriyoruz. G\u00fc\u00e7l\u00fc inovasyon yeteneklerimizle, verimlilik, hassasiyet ve y\u00fcksek kalite ilkeleriyle \u00e7e\u015fitli m\u00fc\u015fteri ihtiya\u00e7lar\u0131n\u0131 kar\u015f\u0131lamay\u0131 hedefliyoruz.<\/p>\n<p><img decoding=\"async\" src=\"https:\/\/www.hydraulic-cylinders.net\/wp-content\/uploads\/2025\/01\/songte-company-4.webp\"><br \/>\n<img decoding=\"async\" src=\"https:\/\/www.hydraulic-cylinders.net\/wp-content\/uploads\/2025\/01\/songte-company-3.webp\"><\/p>\n<p>Yazar: lyl<\/p>","protected":false},"excerpt":{"rendered":"<p>Arm Cylinder For Volvo Large Excavator EC360B Introduction The Arm Cylinder is a specially designed hydraulic cylinder that provides linear motion and power to the arm of various types of machinery, such as excavators, cranes, and mechanical arms. The Arm Cylinder plays a crucial role in hydraulic systems, enabling efficient movement and control of additional [&hellip;]<\/p>","protected":false},"featured_media":14774,"comment_status":"open","ping_status":"closed","template":"","meta":{"_et_pb_use_builder":"","_et_pb_old_content":"","_et_gb_content_width":""},"product_brand":[],"product_cat":[1497],"product_tag":[1498,1496],"class_list":{"0":"post-16329","1":"product","2":"type-product","3":"status-publish","4":"has-post-thumbnail","6":"product_cat-arm-cylinders","7":"product_tag-arm-cylinders","8":"product_tag-hydraulic-cylinders","10":"first","11":"instock","12":"shipping-taxable","13":"product-type-simple"},"amp_enabled":true,"_links":{"self":[{"href":"https:\/\/www.hydraulic-cylinders.net\/tr\/wp-json\/wp\/v2\/product\/16329","targetHints":{"allow":["GET"]}}],"collection":[{"href":"https:\/\/www.hydraulic-cylinders.net\/tr\/wp-json\/wp\/v2\/product"}],"about":[{"href":"https:\/\/www.hydraulic-cylinders.net\/tr\/wp-json\/wp\/v2\/types\/product"}],"replies":[{"embeddable":true,"href":"https:\/\/www.hydraulic-cylinders.net\/tr\/wp-json\/wp\/v2\/comments?post=16329"}],"wp:featuredmedia":[{"embeddable":true,"href":"https:\/\/www.hydraulic-cylinders.net\/tr\/wp-json\/wp\/v2\/media\/14774"}],"wp:attachment":[{"href":"https:\/\/www.hydraulic-cylinders.net\/tr\/wp-json\/wp\/v2\/media?parent=16329"}],"wp:term":[{"taxonomy":"product_brand","embeddable":true,"href":"https:\/\/www.hydraulic-cylinders.net\/tr\/wp-json\/wp\/v2\/product_brand?post=16329"},{"taxonomy":"product_cat","embeddable":true,"href":"https:\/\/www.hydraulic-cylinders.net\/tr\/wp-json\/wp\/v2\/product_cat?post=16329"},{"taxonomy":"product_tag","embeddable":true,"href":"https:\/\/www.hydraulic-cylinders.net\/tr\/wp-json\/wp\/v2\/product_tag?post=16329"}],"curies":[{"name":"wp","href":"https:\/\/api.w.org\/{rel}","templated":true}]}}