{"id":16333,"date":"2025-01-20T09:06:46","date_gmt":"2025-01-20T09:06:46","guid":{"rendered":"https:\/\/www.hydraulic-cylinders.net\/product\/arm-cylinderfor-volvo-large-excavator-ec300d\/"},"modified":"2025-01-20T09:06:48","modified_gmt":"2025-01-20T09:06:48","slug":"arm-cylinderfor-volvo-large-excavator-ec300d","status":"publish","type":"product","link":"https:\/\/www.hydraulic-cylinders.net\/tr\/urun\/arm-cylinderfor-volvo-large-excavator-ec300d\/","title":{"rendered":"Volvo EC300D B\u00fcy\u00fck Ekskavat\u00f6r \u0130\u00e7in Kol Silindiri"},"content":{"rendered":"<p><strong>Volvo EC300D B\u00fcy\u00fck Ekskavat\u00f6r \u0130\u00e7in Kol Silindiri: Tan\u0131m ve A\u00e7\u0131klama<\/strong><\/p>\n<p>Kol silindiri, ekskavat\u00f6rler, vin\u00e7ler ve mekanik kollar gibi \u00e7e\u015fitli makinelerin kollar\u0131na do\u011frusal hareket ve g\u00fc\u00e7 sa\u011flamak i\u00e7in kullan\u0131lan \u00f6zel bir hidrolik silindirdir. Kol silindiri, hidrolik sistemde kritik bir rol oynayarak, ba\u011fl\u0131 aletlerin veya ata\u015fmanlar\u0131n etkili hareketini ve kontrol\u00fcn\u00fc sa\u011flar. Bu silindirler sadece d\u00fczg\u00fcn hareket sa\u011flamakla kalmaz, ayn\u0131 zamanda y\u00fcksek y\u00fck ta\u015f\u0131ma kapasitesine de sahiptir ve \u00e7e\u015fitli \u00e7al\u0131\u015fma ko\u015fullar\u0131 alt\u0131nda makinelerin verimli \u00e7al\u0131\u015fmas\u0131n\u0131 ve g\u00fcvenilirli\u011fini sa\u011flar.<\/p>\n<p><img decoding=\"async\" src=\"https:\/\/www.hydraulic-cylinders.net\/wp-content\/uploads\/2025\/01\/songte-company-2.webp\" alt=\"Kol Silindiri G\u00f6r\u00fcnt\u00fcs\u00fc\"><\/p>\n<h2>Volvo EC300D B\u00fcy\u00fck Ekskavat\u00f6r \u0130\u00e7in Kol Silindirinin \u00d6zellikleri<\/h2>\n<ul>\n<li><strong>Verimli G\u00fc\u00e7 Aktar\u0131m\u0131:<\/strong> Kol silindiri g\u00fc\u00e7l\u00fc do\u011frusal hareket ve kuvvet sa\u011flayarak, mekanik kolun \u00e7e\u015fitli i\u015flemlerde y\u00fcksek verimlilikte performans g\u00f6stermesini sa\u011flar.<\/li>\n<li><strong>Hassas Kontrol:<\/strong> Hidrolik sistem sayesinde kol silindiri hassas hareket kontrol\u00fc sa\u011flayabilir, ba\u011fl\u0131 aletlerin \u00e7al\u0131\u015fmas\u0131n\u0131 daha esnek ve hassas hale getirir.<\/li>\n<li><strong>Dayan\u0131kl\u0131:<\/strong> Kol silindirleri genellikle y\u00fcksek mukavemetli, a\u015f\u0131nmaya ve korozyona kar\u015f\u0131 dayan\u0131kl\u0131 malzemelerden \u00fcretilir ve bu da onlar\u0131 zorlu ortamlarda uzun s\u00fcreli kullan\u0131m i\u00e7in uygun hale getirir.<\/li>\n<li><strong>\u00c7ok Fonksiyonlu Uyarlanabilirlik:<\/strong> Bu silindirler, ekskavat\u00f6rler, vin\u00e7ler ve mekanik kollar gibi \u00e7e\u015fitli makine ve ekipmanlarda yayg\u0131n olarak kullan\u0131labilir ve farkl\u0131 \u00e7al\u0131\u015fma gereksinimlerine uyum sa\u011flayabilir.<\/li>\n<li><strong>Kolay Bak\u0131m:<\/strong> Tasar\u0131mda bak\u0131m ve de\u011fi\u015ftirme kolayl\u0131\u011f\u0131 g\u00f6z \u00f6n\u00fcnde bulundurularak d\u00fczenli muayene ve bak\u0131m daha rahat hale getirilir ve ekipman ar\u0131za s\u00fcreleri azalt\u0131l\u0131r.<\/li>\n<\/ul>\n<p><img decoding=\"async\" src=\"https:\/\/www.hydraulic-cylinders.net\/wp-content\/uploads\/2025\/01\/songte-oil-pipes-and-spare-parts.webp\" alt=\"Kol Silindiri Yedek Par\u00e7alar\u0131\"><\/p>\n<h2>Volvo EC300D B\u00fcy\u00fck Ekskavat\u00f6rde Kol Silindirinin Uygulamalar\u0131<\/h2>\n<p>Kol silindiri, a\u015fa\u011f\u0131dakiler de dahil olmak \u00fczere \u00e7e\u015fitli end\u00fcstrilerde geni\u015f bir uygulama yelpazesine sahiptir:<\/p>\n<h3>1. \u0130n\u015faat M\u00fchendisli\u011fi<\/h3>\n<p>Kaz\u0131c\u0131 makinelerde ve vin\u00e7lerde, kol silindirleri, toprak i\u015fleri, malzeme ta\u015f\u0131ma ve yap\u0131 kurulumu i\u00e7in kep\u00e7e veya bomun hareketini kontrol etmek amac\u0131yla kullan\u0131l\u0131r.<\/p>\n<h3>2. \u00dcretim<\/h3>\n<p>Otomatik \u00fcretim hatlar\u0131nda, montaj, kaynak ve ta\u015f\u0131ma i\u015flemlerinde mekanik bir kolun hareketini kontrol etmek i\u00e7in kol silindirleri kullan\u0131l\u0131r; bu da \u00fcretim verimlili\u011fini ve do\u011frulu\u011funu art\u0131r\u0131r.<\/p>\n<h3>3. Tar\u0131m Makinalar\u0131<\/h3>\n<p>Bi\u00e7erd\u00f6ver ve ekim makinesi gibi tar\u0131m makinelerinde, kol silindirleri, ekim, g\u00fcbreleme ve hasat gibi g\u00f6revleri yerine getiren \u00e7al\u0131\u015fma kolunun hareketini kontrol eder.<\/p>\n<h3>4. Madencilik<\/h3>\n<p>Madencilik ekipmanlar\u0131nda, kol silindirleri, cevher \u00e7\u0131karma ve ta\u015f\u0131ma i\u015flemlerinde ekipmanlar\u0131n kol hareketini kontrol etmek i\u00e7in kullan\u0131l\u0131r.<\/p>\n<h3>5. Lojistik ve Ta\u015f\u0131mac\u0131l\u0131k<\/h3>\n<p>Forkliftlerde ve ta\u015f\u0131ma robotlar\u0131nda, malzeme ta\u015f\u0131ma ve istifleme i\u015flemlerini ger\u00e7ekle\u015ftirmek i\u00e7in \u00e7atal\u0131n kald\u0131rma ve hareketini kontrol etmek amac\u0131yla kol silindirleri kullan\u0131l\u0131r.<\/p>\n<h2>Tasar\u0131m Hususlar\u0131 ve Se\u00e7im Kriterleri<\/h2>\n<p>Kol silindirlerinin tasar\u0131m\u0131 ve se\u00e7imi yap\u0131l\u0131rken, a\u015fa\u011f\u0131dakiler de dahil olmak \u00fczere \u00e7e\u015fitli fakt\u00f6rler g\u00f6z \u00f6n\u00fcnde bulundurulmal\u0131d\u0131r:<\/p>\n<h3>1. Ta\u015f\u0131ma Kapasitesi<\/h3>\n<p>Kol silindirinin, tak\u0131lan aletin veya eklentinin a\u011f\u0131rl\u0131\u011f\u0131n\u0131 ta\u015f\u0131yabilecek yeterli y\u00fck ta\u015f\u0131ma kapasitesine sahip olmas\u0131 ve b\u00f6ylece sorunsuz ve verimli \u00e7al\u0131\u015fma sa\u011flamas\u0131 gerekir.<\/p>\n<h3>2. S\u0131zd\u0131rmazl\u0131k Performans\u0131<\/h3>\n<p>Poli\u00fcretan ve nitril kau\u00e7uk gibi a\u015f\u0131nmaya dayan\u0131kl\u0131 malzemelerden yap\u0131lm\u0131\u015f piston contalar\u0131 ve mil contalar\u0131 gibi \u00e7e\u015fitli s\u0131zd\u0131rmazl\u0131k bile\u015fenlerinin kullan\u0131m\u0131, ya\u011f s\u0131z\u0131nt\u0131s\u0131n\u0131 etkili bir \u015fekilde \u00f6nleyebilir ve s\u0131zd\u0131rmazl\u0131k performans\u0131n\u0131 art\u0131rabilir. Silindir g\u00f6vdesi ve di\u015fli u\u00e7 y\u00fczeyleri ince i\u015fleme tabi tutularak a\u015f\u0131nma direnci iyile\u015ftirilir.<\/p>\n<h3>3. Dayan\u0131kl\u0131l\u0131k<\/h3>\n<p>Kol silindirinin y\u00fcksek mukavemetli malzemelerden yap\u0131lmas\u0131 ve a\u015f\u0131nma ve korozyon direncini art\u0131rmak i\u00e7in \u00e7e\u015fitli y\u00fczey i\u015flemlerinden ge\u00e7irilmesi gerekir; bu da zorlu ortamlarda uzun s\u00fcreli kullan\u0131m sa\u011flar.<\/p>\n<h3>4. G\u00fcvenlik<\/h3>\n<p>Kol silindirinin g\u00fcvenli kullan\u0131m sa\u011flamak i\u00e7in g\u00fcvenlik standartlar\u0131na ve y\u00f6netmeliklerine uygun olmas\u0131 ve s\u0131k\u0131 kalite kontrol denetimlerinden ge\u00e7mesi gerekmektedir.<\/p>\n<h3>5. S\u00fcrd\u00fcr\u00fclebilirlik<\/h3>\n<p>Kol silindirinin tasar\u0131m\u0131, bak\u0131m ve de\u011fi\u015ftirme kolayl\u0131\u011f\u0131n\u0131 g\u00f6z \u00f6n\u00fcnde bulundurmal\u0131, bile\u015fenlerin incelenmesini ve de\u011fi\u015ftirilmesini kolayla\u015ft\u0131rarak ekipman ar\u0131za s\u00fcresini azaltmal\u0131d\u0131r.<\/p>\n<p><img decoding=\"async\" src=\"https:\/\/www.hydraulic-cylinders.net\/wp-content\/uploads\/2025\/01\/songte-cylinder-head-with-all-kinds-excavator-models.webp\" alt=\"Kol Silindiri Tasar\u0131m G\u00f6rseli\"><\/p>\n<h2>Volvo EC300D B\u00fcy\u00fck Ekskavat\u00f6r \u0130\u00e7in Kol Silindirinin S\u0131zd\u0131rmazl\u0131\u011f\u0131 ve Ya\u011flanmas\u0131<\/h2>\n<p>Kol silindirlerinin performans\u0131n\u0131 sa\u011flamak ve ya\u011f s\u0131z\u0131nt\u0131s\u0131n\u0131 \u00f6nlemek i\u00e7in d\u00fczenli ya\u011flama ve s\u0131zd\u0131rmazl\u0131k bile\u015fenlerinin bak\u0131m\u0131 gereklidir. Poli\u00fcretan ve nitril kau\u00e7uk gibi malzemelerden yap\u0131lm\u0131\u015f piston contalar\u0131 ve mil contalar\u0131 gibi \u00e7e\u015fitli a\u015f\u0131nmaya dayan\u0131kl\u0131 s\u0131zd\u0131rmazl\u0131k bile\u015fenlerinin kullan\u0131m\u0131, ya\u011f s\u0131z\u0131nt\u0131s\u0131n\u0131 etkili bir \u015fekilde \u00f6nleyebilir ve s\u0131zd\u0131rmazl\u0131k performans\u0131n\u0131 art\u0131rabilir. Silindir g\u00f6vdesi ve di\u015fli u\u00e7 y\u00fczeyleri ince i\u015fleme tabi tutularak a\u015f\u0131nma direnci art\u0131r\u0131l\u0131r. D\u00fczenli olarak uygun miktarda hidrolik ya\u011f eklenerek ya\u011flama yap\u0131lmas\u0131 gereklidir.<\/p>\n<p><img decoding=\"async\" src=\"https:\/\/www.hydraulic-cylinders.net\/wp-content\/uploads\/2025\/01\/songte-chushion-collar.webp\" alt=\"Kol Silindiri Ya\u011flama G\u00f6r\u00fcnt\u00fcs\u00fc\"><\/p>\n<h2>D\u00fczenli Muayene ve \u00d6nleyici Bak\u0131m \u00d6nlemleri<\/h2>\n<p>Kol silindirinin performans\u0131n\u0131 sa\u011flamak ve kullan\u0131m \u00f6mr\u00fcn\u00fc uzatmak i\u00e7in d\u00fczenli kontrol ve \u00f6nleyici bak\u0131m gereklidir. A\u015fa\u011f\u0131daki \u00f6nlemler al\u0131nabilir:<\/p>\n<ul>\n<li>Silindirin s\u0131zd\u0131rmazl\u0131k performans\u0131n\u0131 d\u00fczenli olarak kontrol edin ve ya\u011f s\u0131z\u0131nt\u0131s\u0131n\u0131 ve bas\u0131n\u00e7 kayb\u0131n\u0131 \u00f6nlemek i\u00e7in a\u015f\u0131nm\u0131\u015f s\u0131zd\u0131rmazl\u0131k par\u00e7alar\u0131n\u0131 zaman\u0131nda de\u011fi\u015ftirin.<\/li>\n<li>Silindir g\u00f6vdesini ve milini d\u00fczenli olarak temizleyin ve d\u00fczg\u00fcn hareket sa\u011flamak ve a\u015f\u0131nmay\u0131 \u00f6nlemek i\u00e7in uygun ya\u011flama ya\u011f\u0131 ekleyin.<\/li>\n<li>G\u00fcvenlik risklerini \u00f6nlemek i\u00e7in montaj c\u0131vatalar\u0131n\u0131 ve somunlar\u0131n\u0131 d\u00fczenli olarak gev\u015feklik a\u00e7\u0131s\u0131ndan kontrol edin ve zaman\u0131nda s\u0131k\u0131n.<\/li>\n<li>Silindir g\u00f6vdesi ve milindeki a\u015f\u0131nmay\u0131 d\u00fczenli olarak kontrol edin ve silindirin g\u00fcvenli ve verimli bir \u015fekilde kullan\u0131lmaya devam edebilmesi i\u00e7in bunlar\u0131 zaman\u0131nda de\u011fi\u015ftirin.<\/li>\n<\/ul>\n<h2>Volvo EC300D B\u00fcy\u00fck Ekskavat\u00f6r \u0130\u00e7in Kol Silindiri Montaj K\u0131lavuzu<\/h2>\n<p>Kol silindirinin montaj\u0131, profesyonel personel taraf\u0131ndan ve montaj k\u0131lavuzundaki talimatlara uygun olarak yap\u0131lmal\u0131d\u0131r. A\u015fa\u011f\u0131daki ad\u0131mlar izlenebilir:<\/p>\n<ul>\n<li>Silindirin ve ba\u011flant\u0131 par\u00e7as\u0131n\u0131n montaj y\u00fczeyini temizleyin ve toz veya kal\u0131nt\u0131 olmad\u0131\u011f\u0131ndan emin olun.<\/li>\n<li>Silindirin ve ba\u011flant\u0131 par\u00e7as\u0131n\u0131n montaj deliklerini hizalay\u0131n ve montaj c\u0131vatalar\u0131n\u0131 ve somunlar\u0131n\u0131 tak\u0131n.<\/li>\n<li>Silindirin g\u00fcvenli bir \u015fekilde monte edildi\u011finden emin olmak ve g\u00fcvenlik risklerini \u00f6nlemek i\u00e7in montaj c\u0131vatalar\u0131n\u0131 ve somunlar\u0131n\u0131 \u00e7apraz bir s\u0131rayla s\u0131k\u0131n.<\/li>\n<li>Hidrolik hortumlar\u0131 silindire ve hidrolik sisteme ba\u011flay\u0131n ve uygun miktarda hidrolik ya\u011f ekleyin.<\/li>\n<li>Silindirin ve ba\u011flant\u0131 par\u00e7as\u0131n\u0131n hareketini kontrol etmek ve herhangi bir anormallik olmad\u0131\u011f\u0131ndan emin olmak i\u00e7in bir deneme \u00e7al\u0131\u015fmas\u0131 ger\u00e7ekle\u015ftirin.<\/li>\n<\/ul>\n<p><img decoding=\"async\" src=\"https:\/\/www.hydraulic-cylinders.net\/wp-content\/uploads\/2025\/01\/songte-bushings-with-all-kinds-of-excavator-models.webp\" alt=\"Kol Silindiri Kurulum G\u00f6r\u00fcnt\u00fcs\u00fc\"><\/p>\n<h2>G\u00fcvenlik Hususlar\u0131 ve \u00c7evresel Fakt\u00f6rler<\/h2>\n<p>Kol silindirini kullan\u0131rken g\u00fcvenlik ve \u00e7evresel fakt\u00f6rlere dikkat etmek gereklidir. A\u015fa\u011f\u0131daki \u00f6nlemler al\u0131nabilir:<\/p>\n<ul>\n<li>G\u00fcvenli \u00e7al\u0131\u015fma sa\u011flamak i\u00e7in g\u00fcvenlik y\u00f6netmeliklerine ve standartlar\u0131na titizlikle uyun.<\/li>\n<li>G\u00fcvenlik risklerini \u00f6nlemek i\u00e7in kol silindirinin durumunu d\u00fczenli olarak kontrol edin ve a\u015f\u0131nm\u0131\u015f veya hasar g\u00f6rm\u00fc\u015f par\u00e7alar\u0131 zaman\u0131nda de\u011fi\u015ftirin.<\/li>\n<li>\u00c7evre kirlili\u011fini \u00f6nlemek i\u00e7in at\u0131k hidrolik ya\u011f\u0131 ve kullan\u0131lm\u0131\u015f s\u0131zd\u0131rmazl\u0131k par\u00e7alar\u0131n\u0131 uygun \u015fekilde imha edin.<\/li>\n<\/ul>\n<h2>Sorun Giderme ve Yayg\u0131n Sorunlar<\/h2>\n<p>Kol silindirinde bir sorun oldu\u011funda, verimli \u00e7al\u0131\u015fmay\u0131 sa\u011flamak i\u00e7in zaman\u0131nda te\u015fhis ve sorun giderme i\u015flemlerinin yap\u0131lmas\u0131 gerekir. A\u015fa\u011f\u0131da baz\u0131 yayg\u0131n sorunlar ve \u00e7\u00f6z\u00fcmleri yer almaktad\u0131r:<\/p>\n<ul>\n<li><strong>Ya\u011f S\u0131z\u0131nt\u0131s\u0131:<\/strong> Silindirin s\u0131zd\u0131rmazl\u0131k bile\u015fenlerini kontrol edin ve a\u015f\u0131nm\u0131\u015f veya hasar g\u00f6rm\u00fc\u015f par\u00e7alar\u0131 zaman\u0131nda de\u011fi\u015ftirin.<\/li>\n<li><strong>Yetersiz Bas\u0131n\u00e7:<\/strong> Hidrolik sistemde herhangi bir t\u0131kan\u0131kl\u0131k veya s\u0131z\u0131nt\u0131 olup olmad\u0131\u011f\u0131n\u0131 kontrol edin ve zaman\u0131nda onar\u0131n.<\/li>\n<li><strong>Anormal Ses:<\/strong> Silindir g\u00f6vdesinin ve milin durumunu kontrol edin ve gerekirse de\u011fi\u015ftirin.<\/li>\n<\/ul>\n<p>Olas\u0131 sorunlar\u0131 \u00f6nlemek i\u00e7in, \u00f6nleyici bak\u0131m ve d\u00fczenli kontrollerin yap\u0131lmas\u0131, a\u015f\u0131nm\u0131\u015f par\u00e7alar\u0131n zaman\u0131nda de\u011fi\u015ftirilmesi ve kol silindirinin do\u011fru ve g\u00fcvenli bir \u015fekilde kullan\u0131lmas\u0131 gereklidir.<\/p>\n<p><img decoding=\"async\" src=\"https:\/\/www.hydraulic-cylinders.net\/wp-content\/uploads\/2025\/01\/songte-company-4.webp\" alt=\"\u015eirket Tan\u0131t\u0131m\u0131\"><\/p>\n<p>Geni\u015f \u00fcr\u00fcn yelpazesiyle profesyonel bir yedek hidrolik silindir \u00fcreticisiyiz ve hem yurt i\u00e7i hem de uluslararas\u0131 pazarlarda \u00f6nde gelen toptan hidrolik silindir distrib\u00fct\u00f6rlerinden biri haline geldik. Her zaman m\u00fckemmel kalite ilkesine ba\u011fl\u0131 kalarak, ince i\u015f\u00e7ilik gerektiren \u00fcretim at\u00f6lyemizin end\u00fcstriyel \u00fcretim y\u00f6netim stratejilerine g\u00fcveniyoruz ve teknolojimizi ve \u00fcretim verimlili\u011fimizi s\u00fcrekli olarak geli\u015ftiriyoruz. Y\u00fcksek teknoloji \u00fcr\u00fcn\u00fc dijital \u00fcretim ekipmanlar\u0131 ve profesyonel test sistemlerinin \ub3c4\uc785u sayesinde, \u00fcretim platformumuzu s\u00fcrekli olarak optimize ediyor, \u00fcr\u00fcn kalite kontrol s\u00fcrecimizi iyile\u015ftiriyor ve g\u00fc\u00e7l\u00fc inovasyon yeteneklerine sahibiz. Amac\u0131m\u0131z, m\u00fc\u015fterilerimizin \u00e7e\u015fitli ihtiya\u00e7lar\u0131n\u0131 y\u00fcksek verimlilik, do\u011fruluk ve y\u00fcksek kaliteyle kar\u015f\u0131lamakt\u0131r.<\/p>\n<p>M\u00fc\u015fterilerimizin \u00fcr\u00fcnlerimizi g\u00fcvenle kullanabilmeleri i\u00e7in profesyonel ve ki\u015fiselle\u015ftirilmi\u015f hizmetler sunuyoruz, uluslararas\u0131 sertifikalara sahibiz, geli\u015fmi\u015f \u00fcretim ekipmanlar\u0131m\u0131z var ve y\u00fcksek kaliteli sat\u0131\u015f sonras\u0131 hizmetler sa\u011fl\u0131yoruz.<\/p>\n<p><img decoding=\"async\" src=\"https:\/\/www.hydraulic-cylinders.net\/wp-content\/uploads\/2025\/01\/songte-company-3.webp\" alt=\"\u015eirket Avantajlar\u0131\"><\/p>\n<p>Yazar: lyl<\/p>","protected":false},"excerpt":{"rendered":"<p>Arm Cylinder For Volvo Large Excavator EC300D: Definition and Explanation An arm cylinder is a specialized hydraulic cylinder that is primarily used to provide linear motion and power to the arms of various types of machinery, such as excavators, cranes, and mechanical arms. The arm cylinder plays a critical role in the hydraulic system, allowing [&hellip;]<\/p>","protected":false},"featured_media":14763,"comment_status":"open","ping_status":"closed","template":"","meta":{"_et_pb_use_builder":"","_et_pb_old_content":"","_et_gb_content_width":""},"product_brand":[],"product_cat":[1497],"product_tag":[1498,1496],"class_list":{"0":"post-16333","1":"product","2":"type-product","3":"status-publish","4":"has-post-thumbnail","6":"product_cat-arm-cylinders","7":"product_tag-arm-cylinders","8":"product_tag-hydraulic-cylinders","10":"first","11":"instock","12":"shipping-taxable","13":"product-type-simple"},"amp_enabled":true,"_links":{"self":[{"href":"https:\/\/www.hydraulic-cylinders.net\/tr\/wp-json\/wp\/v2\/product\/16333","targetHints":{"allow":["GET"]}}],"collection":[{"href":"https:\/\/www.hydraulic-cylinders.net\/tr\/wp-json\/wp\/v2\/product"}],"about":[{"href":"https:\/\/www.hydraulic-cylinders.net\/tr\/wp-json\/wp\/v2\/types\/product"}],"replies":[{"embeddable":true,"href":"https:\/\/www.hydraulic-cylinders.net\/tr\/wp-json\/wp\/v2\/comments?post=16333"}],"wp:featuredmedia":[{"embeddable":true,"href":"https:\/\/www.hydraulic-cylinders.net\/tr\/wp-json\/wp\/v2\/media\/14763"}],"wp:attachment":[{"href":"https:\/\/www.hydraulic-cylinders.net\/tr\/wp-json\/wp\/v2\/media?parent=16333"}],"wp:term":[{"taxonomy":"product_brand","embeddable":true,"href":"https:\/\/www.hydraulic-cylinders.net\/tr\/wp-json\/wp\/v2\/product_brand?post=16333"},{"taxonomy":"product_cat","embeddable":true,"href":"https:\/\/www.hydraulic-cylinders.net\/tr\/wp-json\/wp\/v2\/product_cat?post=16333"},{"taxonomy":"product_tag","embeddable":true,"href":"https:\/\/www.hydraulic-cylinders.net\/tr\/wp-json\/wp\/v2\/product_tag?post=16333"}],"curies":[{"name":"wp","href":"https:\/\/api.w.org\/{rel}","templated":true}]}}