{"id":16341,"date":"2025-01-20T09:07:22","date_gmt":"2025-01-20T09:07:22","guid":{"rendered":"https:\/\/www.hydraulic-cylinders.net\/product\/arm-cylinderfor-volvo-wheel-excavator-ew60\/"},"modified":"2025-01-20T09:07:24","modified_gmt":"2025-01-20T09:07:24","slug":"arm-cylinderfor-volvo-wheel-excavator-ew60","status":"publish","type":"product","link":"https:\/\/www.hydraulic-cylinders.net\/tr\/urun\/arm-cylinderfor-volvo-wheel-excavator-ew60\/","title":{"rendered":"Volvo EW60 Tekerlekli Ekskavat\u00f6r i\u00e7in Kol Silindiri"},"content":{"rendered":"<p>Volvo EW60 Tekerlekli Ekskavat\u00f6r i\u00e7in Kol Silindiri<\/p>\n<p>Volvo EW60 tekerlekli ekskavat\u00f6r i\u00e7in tasarlanm\u0131\u015f hidrolik silindir, ekskavat\u00f6rler, vin\u00e7ler ve mekanik kollar gibi \u00e7e\u015fitli makinelerin kollar\u0131n\u0131n do\u011frusal hareketini ve g\u00fcc\u00fcn\u00fc sa\u011flamak i\u00e7in kullan\u0131l\u0131r. Hidrolik sistemlerde kol silindirleri \u00e7ok \u00f6nemli bir rol oynayarak ata\u015fmanlar\u0131n veya aksesuarlar\u0131n etkili bir \u015fekilde hareket etmesini ve kontrol edilmesini sa\u011flar. Bu silindirler sadece d\u00fczg\u00fcn hareket sa\u011flamakla kalmaz, ayn\u0131 zamanda a\u011f\u0131r y\u00fckleri de ta\u015f\u0131yarak \u00e7e\u015fitli \u00e7al\u0131\u015fma ko\u015fullar\u0131 alt\u0131nda makinenin verimli \u00e7al\u0131\u015fmas\u0131n\u0131 ve g\u00fcvenilirli\u011fini sa\u011flar. <\/p>\n<p>Tan\u0131m ve A\u00e7\u0131klama<\/p>\n<p>Kol silindiri, ekskavat\u00f6rler, vin\u00e7ler ve mekanik kollar gibi \u00e7e\u015fitli makinelerin kollar\u0131n\u0131n do\u011frusal hareketini ve g\u00fcc\u00fcn\u00fc sa\u011flamak i\u00e7in \u00f6zel olarak tasarlanm\u0131\u015f bir hidrolik silindir t\u00fcr\u00fcd\u00fcr. Kol silindiri, hidrolik sistemde hayati bir rol oynayarak, ata\u015fmanlar\u0131n veya aksesuarlar\u0131n etkili bir \u015fekilde hareket etmesini ve kontrol edilmesini sa\u011flar. Bu silindirler y\u00fcksek mukavemetli malzemelerden \u00fcretilmi\u015ftir ve m\u00fckemmel a\u015f\u0131nma ve korozyon direncine sahiptir, zorlu ortamlarda uzun s\u00fcreli kullan\u0131m i\u00e7in uygundur. Kol silindirleri, \u00e7e\u015fitli \u00e7al\u0131\u015fma ko\u015fullar\u0131 alt\u0131nda makinelerin verimli \u00e7al\u0131\u015fmas\u0131n\u0131 ve g\u00fcvenilirli\u011fini sa\u011flamak i\u00e7in gereklidir.<\/p>\n<p><img decoding=\"async\" src=\"https:\/\/www.hydraulic-cylinders.net\/wp-content\/uploads\/2025\/01\/songte-company-2.webp\" alt=\"Volvo EW60 Tekerlekli Ekskavat\u00f6r i\u00e7in Kol Silindiri\" width=\"500\"\/><\/p>\n<p>\u00d6zellikler<\/p>\n<p>Volvo EW60 tekerlekli ekskavat\u00f6r i\u00e7in kol silindiri a\u015fa\u011f\u0131daki \u00f6zelliklere sahiptir:<\/p>\n<p>\u2013 Y\u00fcksek Verimli Aktar\u0131m: Kol silindiri g\u00fc\u00e7l\u00fc do\u011frusal hareket ve kuvvet sa\u011flayarak mekanik kolun \u00e7e\u015fitli i\u015flemlerde y\u00fcksek verimlilikte performans g\u00f6stermesini garanti eder.<br \/>\n\u2013 Hassas Kontrol: Kol silindiri, hidrolik sistem arac\u0131l\u0131\u011f\u0131yla hassas hareket kontrol\u00fc sa\u011flayarak ek aletin \u00e7al\u0131\u015fmas\u0131n\u0131 daha esnek ve do\u011fru hale getirir.<br \/>\n\u2013 Y\u00fcksek Dayan\u0131kl\u0131l\u0131k: Kol silindirleri genellikle y\u00fcksek mukavemetli malzemelerden \u00fcretilir ve zorlu ortamlarda uzun s\u00fcreli kullan\u0131m i\u00e7in uygun, iyi a\u015f\u0131nma ve korozyon direncine sahiptir.<br \/>\n\u2013 \u00c7ok y\u00f6nl\u00fcl\u00fck: Bu silindirler, farkl\u0131 \u00e7al\u0131\u015fma ihtiya\u00e7lar\u0131n\u0131 kar\u015f\u0131lamak \u00fczere ekskavat\u00f6rler, vin\u00e7ler ve i\u015f kollar\u0131 gibi \u00e7e\u015fitli mekanik ekipmanlarda yayg\u0131n olarak kullan\u0131labilir.<br \/>\n\u2013 Kolay Bak\u0131m: Tasar\u0131m, bak\u0131m ve de\u011fi\u015ftirme kolayl\u0131\u011f\u0131n\u0131 g\u00f6z \u00f6n\u00fcnde bulundurarak d\u00fczenli inceleme ve bak\u0131m\u0131 daha kolay hale getirir ve ekipman ar\u0131za s\u00fcresini azalt\u0131r.<\/p>\n<p><img decoding=\"async\" src=\"https:\/\/www.hydraulic-cylinders.net\/wp-content\/uploads\/2025\/01\/songte-oil-pipes-and-spare-parts.webp\" alt=\"Volvo EW60 Tekerlekli Ekskavat\u00f6r i\u00e7in Kol Silindiri\" width=\"500\"\/><\/p>\n<p>Uygulamalar<\/p>\n<p>Volvo EW60 tekerlekli ekskavat\u00f6r i\u00e7in kol silindiri, a\u015fa\u011f\u0131dakiler gibi \u00e7e\u015fitli alanlarda yayg\u0131n olarak kullan\u0131lmaktad\u0131r:<\/p>\n<p>\u2013 \u0130n\u015faat: Kol silindirleri, ekskavat\u00f6rlerde ve vin\u00e7lerde kep\u00e7e veya bomun hareketini kontrol etmek ve toprak i\u015fleri, malzeme ta\u015f\u0131ma ve yap\u0131sal kurulum i\u015flemlerini ger\u00e7ekle\u015ftirmek i\u00e7in kullan\u0131l\u0131r.<br \/>\n\u2013 \u00dcretim: Kol silindirleri, otomasyon \u00fcretim hatlar\u0131nda mekanik kolun hareketini kontrol etmek ve montaj, kaynak ve ta\u015f\u0131ma i\u015flemlerini ger\u00e7ekle\u015ftirmek i\u00e7in kullan\u0131l\u0131r; bu da \u00fcretim verimlili\u011fini ve do\u011frulu\u011funu art\u0131r\u0131r.<br \/>\n\u2013 Tar\u0131m Makineleri: Kol silindirleri, bi\u00e7erd\u00f6ver ve tohum ekme makineleri gibi tar\u0131m makinelerinde, \u00e7al\u0131\u015fma kolunun hareketini kontrol etmek ve tohum ekme, g\u00fcbreleme ve hasat gibi g\u00f6revleri yerine getirmek i\u00e7in kullan\u0131l\u0131r.<br \/>\n\u2013 Madencilik: Kol silindirleri, madencilik ekipmanlar\u0131n\u0131n kol hareketini kontrol etmek ve madencilik ve ta\u015f\u0131ma i\u015flemlerini ger\u00e7ekle\u015ftirmek i\u00e7in kullan\u0131l\u0131r.<br \/>\n\u2013 Lojistik ve Ta\u015f\u0131mac\u0131l\u0131k: Kol silindirleri, forkliftlerde ve ta\u015f\u0131ma robotlar\u0131nda \u00e7atal\u0131n kald\u0131rma ve hareketini kontrol etmek, malzeme ta\u015f\u0131ma ve istifleme i\u015flemlerini ger\u00e7ekle\u015ftirmek i\u00e7in kullan\u0131l\u0131r.<\/p>\n<p>Tasar\u0131m Hususlar\u0131 ve Se\u00e7im Kriterleri<\/p>\n<p>Kol silindirlerinin tasar\u0131m hususlar\u0131 ve se\u00e7im kriterleri \u015funlard\u0131r:<\/p>\n<p>\u2013 Ta\u015f\u0131ma Kapasitesi: Kol silindirleri, \u00e7e\u015fitli \u00e7al\u0131\u015fma ko\u015fullar\u0131 alt\u0131nda ata\u015fmanlar\u0131n veya aksesuarlar\u0131n a\u011f\u0131rl\u0131\u011f\u0131na dayanabilecek yeterli ta\u015f\u0131ma kapasitesine sahip olmal\u0131d\u0131r.<br \/>\n\u2013 S\u0131zd\u0131rmazl\u0131k: Kol silindirleri, s\u0131v\u0131 s\u0131z\u0131nt\u0131s\u0131n\u0131 \u00f6nlemek ve verimli \u00e7al\u0131\u015fmay\u0131 sa\u011flamak i\u00e7in piston contalar\u0131 ve mil contalar\u0131 gibi \u00e7e\u015fitli s\u0131zd\u0131rmazl\u0131k bile\u015fenleri kullan\u0131r.<br \/>\n\u2013 Dayan\u0131kl\u0131l\u0131k: Kol silindirleri zorlu ortamlara maruz kal\u0131r ve iyi a\u015f\u0131nma ve korozyon direncine sahip y\u00fcksek mukavemetli malzemelerden yap\u0131lmal\u0131d\u0131r.<br \/>\n\u2013 G\u00fcvenlik: Kol silindirleri, g\u00fcvenlik standartlar\u0131n\u0131 kar\u015f\u0131layacak ve \u00e7al\u0131\u015fma s\u0131ras\u0131nda kazalar\u0131n meydana gelmesini \u00f6nleyecek \u015fekilde tasarlanmal\u0131d\u0131r.<br \/>\n\u2013 Bak\u0131m Kolayl\u0131\u011f\u0131: Kol silindirleri, bak\u0131m ve de\u011fi\u015ftirme kolayl\u0131\u011f\u0131 sa\u011flayacak \u015fekilde tasarlanmal\u0131, b\u00f6ylece ar\u0131za s\u00fcreleri azalt\u0131lmal\u0131 ve verimlilik art\u0131r\u0131lmal\u0131d\u0131r.<\/p>\n<p><img decoding=\"async\" src=\"https:\/\/www.hydraulic-cylinders.net\/wp-content\/uploads\/2025\/01\/songte-cylinder-head-with-all-kinds-excavator-models.webp\" alt=\"Volvo EW60 Tekerlekli Ekskavat\u00f6r i\u00e7in Kol Silindiri\" width=\"500\"\/><\/p>\n<p>S\u0131zd\u0131rmazl\u0131k ve Ya\u011flama<\/p>\n<p>Kol silindirleri, s\u0131v\u0131 s\u0131z\u0131nt\u0131s\u0131n\u0131 \u00f6nlemek ve verimli \u00e7al\u0131\u015fmay\u0131 sa\u011flamak i\u00e7in piston contalar\u0131 ve mil contalar\u0131 gibi \u00e7e\u015fitli s\u0131zd\u0131rmazl\u0131k bile\u015fenleri kullan\u0131r. Bu s\u0131zd\u0131rmazl\u0131k bile\u015fenleri, poli\u00fcretan ve nitril kau\u00e7uk gibi a\u015f\u0131nmaya dayan\u0131kl\u0131 malzemelerden yap\u0131lm\u0131\u015ft\u0131r. Silindir g\u00f6vdesi ve di\u015fli u\u00e7 y\u00fczeyleri, a\u015f\u0131nma direncini art\u0131rmak i\u00e7in ince bir \u015fekilde i\u015flenmi\u015ftir. D\u00fczenli olarak uygun hidrolik ya\u011f eklenmesi de silindirin kullan\u0131m \u00f6mr\u00fcn\u00fc uzatabilir.<\/p>\n<p>Rutin Bak\u0131m ve \u00d6nleyici Tedbirler<\/p>\n<p>Kol silindirleri i\u00e7in d\u00fczenli bak\u0131m ve \u00f6nleyici tedbirler \u015funlar\u0131 i\u00e7erir:<\/p>\n<p>\u2013 D\u00fczenli olarak ya\u011f s\u0131z\u0131nt\u0131lar\u0131n\u0131 kontrol edin ve hasarl\u0131 contalar\u0131 zaman\u0131nda de\u011fi\u015ftirin.<br \/>\n\u2013 Silindirin y\u00fczeyindeki a\u015f\u0131nmay\u0131 d\u00fczenli olarak kontrol edin ve gerekirse zaman\u0131nda de\u011fi\u015ftirin.<br \/>\n\u2013 S\u0131zd\u0131rmazl\u0131k bile\u015fenlerinin zarar g\u00f6rmesini \u00f6nlemek i\u00e7in silindiri d\u00fczenli olarak temizleyerek kir ve d\u00f6k\u00fcnt\u00fclerden ar\u0131nd\u0131r\u0131n.<br \/>\n\u2013 Silindirin paslanmas\u0131n\u0131 \u00f6nlemek ve kullan\u0131m \u00f6mr\u00fcn\u00fc uzatmak i\u00e7in d\u00fczenli olarak hidrolik ya\u011f ekleyin.<\/p>\n<p>Do\u011fru Kurulum K\u0131lavuzu<\/p>\n<p>Volvo EW60 tekerlekli ekskavat\u00f6r i\u00e7in kol silindirinin do\u011fru montaj k\u0131lavuzu a\u015fa\u011f\u0131daki ad\u0131mlar\u0131 i\u00e7ermektedir:<\/p>\n<p>\u2013 Silindirin makine modeline uygun olup olmad\u0131\u011f\u0131n\u0131 ve boyutunun do\u011fru olup olmad\u0131\u011f\u0131n\u0131 kontrol edin.<br \/>\n\u2013 Silindirin ve makinenin montaj y\u00fczeyini temizleyerek kir veya kal\u0131nt\u0131 kalmad\u0131\u011f\u0131ndan emin olun.<br \/>\n\u2013 Silindiri yerine tak\u0131n ve uygun aletleri kullanarak vidalar\u0131 ve somunlar\u0131 s\u0131k\u0131n.<br \/>\n\u2013 Hidrolik boru hatt\u0131n\u0131 ba\u011flay\u0131n ve ya\u011f ka\u00e7a\u011f\u0131 olup olmad\u0131\u011f\u0131n\u0131 kontrol edin.<br \/>\n\u2013 Silindirin \u00e7al\u0131\u015fmas\u0131n\u0131 test edin ve hareketin d\u00fczg\u00fcn olup olmad\u0131\u011f\u0131n\u0131 ve anormal bir ses olup olmad\u0131\u011f\u0131n\u0131 kontrol edin.<\/p>\n<p><img decoding=\"async\" src=\"https:\/\/www.hydraulic-cylinders.net\/wp-content\/uploads\/2025\/01\/songte-bushings-with-all-kinds-of-excavator-models.webp\" alt=\"Volvo EW60 Tekerlekli Ekskavat\u00f6r i\u00e7in Kol Silindiri\" width=\"500\"\/><\/p>\n<p>G\u00fcvenlik Hususlar\u0131 ve \u00c7evresel Fakt\u00f6rler<\/p>\n<p>Volvo EW60 tekerlekli ekskavat\u00f6r i\u00e7in kol silindiri kullan\u0131l\u0131rken, kazalar\u0131 \u00f6nlemek i\u00e7in a\u015fa\u011f\u0131daki gibi g\u00fcvenlik hususlar\u0131 \u00e7ok \u00f6nemlidir:<\/p>\n<p>\u2013 Montajdan \u00f6nce silindirin makine modeline uygun oldu\u011fundan ve boyutunun do\u011fru oldu\u011fundan emin olun.<br \/>\n\u2013 Silindirin tak\u0131lmas\u0131 veya de\u011fi\u015ftirilmesi s\u0131ras\u0131nda, kazalar\u0131 \u00f6nlemek i\u00e7in makine durdurulmal\u0131 ve hidrolik sistem bas\u0131nc\u0131 bo\u015falt\u0131lmal\u0131d\u0131r.<br \/>\n\u2013 Makineyi \u00fcreticinin talimatlar\u0131na g\u00f6re \u00e7al\u0131\u015ft\u0131r\u0131n ve a\u015f\u0131r\u0131 y\u00fcklemeyin veya yanl\u0131\u015f kullanmay\u0131n.<br \/>\n\u2013 Silindiri ve makineyi a\u015f\u0131nma, hasar ve g\u00fcvenli\u011fi etkileyebilecek di\u011fer sorunlar a\u00e7\u0131s\u0131ndan d\u00fczenli olarak inceleyin.<\/p>\n<p>Ar\u0131za Te\u015fhisi ve Yayg\u0131n Sorunlar<\/p>\n<p>Kol silindirlerinde s\u0131k kar\u015f\u0131la\u015f\u0131lan sorunlar aras\u0131nda ya\u011f ka\u00e7a\u011f\u0131, yetersiz g\u00fc\u00e7 ve \u00e7al\u0131\u015fma s\u0131ras\u0131nda anormal sesler bulunur. Ar\u0131za te\u015fhisi ve s\u0131k kar\u015f\u0131la\u015f\u0131lan sorunlar \u015fu y\u00f6ntemlerle \u00e7\u00f6z\u00fclebilir:<\/p>\n<p>\u2013 S\u0131zd\u0131rmazl\u0131k elemanlar\u0131nda hasar veya a\u015f\u0131nma olup olmad\u0131\u011f\u0131n\u0131 kontrol edin ve gerekirse zaman\u0131nda de\u011fi\u015ftirin.<br \/>\n\u2013 Hidrolik boru hatt\u0131ndaki t\u0131kan\u0131kl\u0131klar\u0131 kontrol edin ve zaman\u0131nda giderin.<br \/>\n\u2013 Hidrolik ya\u011f seviyesini ve kalitesini kontrol edin ve zaman\u0131nda ekleyin veya de\u011fi\u015ftirin.<br \/>\n\u2013 Silindirin makine modeli ve boyutuna uygun olup olmad\u0131\u011f\u0131n\u0131 ve montaj\u0131n do\u011fru yap\u0131l\u0131p yap\u0131lmad\u0131\u011f\u0131n\u0131 kontrol edin.<\/p>\n<p><img decoding=\"async\" src=\"https:\/\/www.hydraulic-cylinders.net\/wp-content\/uploads\/2025\/01\/songte-chushion-collar.webp\" alt=\"Volvo EW60 Tekerlekli Ekskavat\u00f6r i\u00e7in Kol Silindiri\" width=\"500\"\/><\/p>\n<p>Sonu\u00e7 olarak, geni\u015f \u00fcr\u00fcn yelpazesine sahip profesyonel bir yedek hidrolik silindir \u00fcreticisiyiz ve hem yurt i\u00e7i hem de uluslararas\u0131 pazarlarda \u00f6nde gelen hidrolik silindir \u00fcreticilerinden ve toptanc\u0131lar\u0131ndan biri haline geldik. Her zaman m\u00fckemmel kalite ilkesine ba\u011fl\u0131 kal\u0131yoruz ve teknolojimizi ve \u00fcretim verimlili\u011fimizi s\u00fcrekli olarak geli\u015ftiriyoruz. Y\u00fcksek verimlilik, do\u011fruluk ve y\u00fcksek kalite ilkeleriyle, m\u00fc\u015fterilerimizin \u00e7e\u015fitli ihtiya\u00e7lar\u0131n\u0131 kar\u015f\u0131lamay\u0131 hedefliyoruz. <\/p>\n<p>Profesyonel, uluslararas\u0131 sertifikal\u0131, \u00f6zelle\u015ftirilmi\u015f hizmetler, geli\u015fmi\u015f \u00fcretim ekipmanlar\u0131 ve m\u00fckemmel sat\u0131\u015f sonras\u0131 hizmetler sunuyoruz. <\/p>\n<p><img decoding=\"async\" src=\"https:\/\/www.hydraulic-cylinders.net\/wp-content\/uploads\/2025\/01\/songte-company-4.webp\" alt=\"Volvo EW60 Tekerlekli Ekskavat\u00f6r i\u00e7in Kol Silindiri\" width=\"500\"\/><\/p>\n<p><img decoding=\"async\" src=\"https:\/\/www.hydraulic-cylinders.net\/wp-content\/uploads\/2025\/01\/songte-company-3.webp\" alt=\"Volvo EW60 Tekerlekli Ekskavat\u00f6r i\u00e7in Kol Silindiri\" width=\"500\"\/><\/p>\n<p>Yazar: lyl<\/p>","protected":false},"excerpt":{"rendered":"<p>Arm Cylinder for Volvo Wheel Excavator EW60 The Arm Cylinder for Volvo Wheel Excavator EW60 is a specially designed hydraulic cylinder used to provide linear motion and power for arms of various types of machinery, such as excavators, cranes, and mechanical arms. Arm cylinders play a crucial role in hydraulic systems, enabling attachments or accessories [&hellip;]<\/p>","protected":false},"featured_media":14770,"comment_status":"open","ping_status":"closed","template":"","meta":{"_et_pb_use_builder":"","_et_pb_old_content":"","_et_gb_content_width":""},"product_brand":[],"product_cat":[1497],"product_tag":[1498,1496],"class_list":{"0":"post-16341","1":"product","2":"type-product","3":"status-publish","4":"has-post-thumbnail","6":"product_cat-arm-cylinders","7":"product_tag-arm-cylinders","8":"product_tag-hydraulic-cylinders","10":"first","11":"instock","12":"shipping-taxable","13":"product-type-simple"},"amp_enabled":true,"_links":{"self":[{"href":"https:\/\/www.hydraulic-cylinders.net\/tr\/wp-json\/wp\/v2\/product\/16341","targetHints":{"allow":["GET"]}}],"collection":[{"href":"https:\/\/www.hydraulic-cylinders.net\/tr\/wp-json\/wp\/v2\/product"}],"about":[{"href":"https:\/\/www.hydraulic-cylinders.net\/tr\/wp-json\/wp\/v2\/types\/product"}],"replies":[{"embeddable":true,"href":"https:\/\/www.hydraulic-cylinders.net\/tr\/wp-json\/wp\/v2\/comments?post=16341"}],"wp:featuredmedia":[{"embeddable":true,"href":"https:\/\/www.hydraulic-cylinders.net\/tr\/wp-json\/wp\/v2\/media\/14770"}],"wp:attachment":[{"href":"https:\/\/www.hydraulic-cylinders.net\/tr\/wp-json\/wp\/v2\/media?parent=16341"}],"wp:term":[{"taxonomy":"product_brand","embeddable":true,"href":"https:\/\/www.hydraulic-cylinders.net\/tr\/wp-json\/wp\/v2\/product_brand?post=16341"},{"taxonomy":"product_cat","embeddable":true,"href":"https:\/\/www.hydraulic-cylinders.net\/tr\/wp-json\/wp\/v2\/product_cat?post=16341"},{"taxonomy":"product_tag","embeddable":true,"href":"https:\/\/www.hydraulic-cylinders.net\/tr\/wp-json\/wp\/v2\/product_tag?post=16341"}],"curies":[{"name":"wp","href":"https:\/\/api.w.org\/{rel}","templated":true}]}}