{"id":16342,"date":"2025-01-20T09:07:26","date_gmt":"2025-01-20T09:07:26","guid":{"rendered":"https:\/\/www.hydraulic-cylinders.net\/product\/arm-cylinderfor-volvo-wheel-excavator-ew60c\/"},"modified":"2025-01-20T09:07:28","modified_gmt":"2025-01-20T09:07:28","slug":"arm-cylinderfor-volvo-wheel-excavator-ew60c","status":"publish","type":"product","link":"https:\/\/www.hydraulic-cylinders.net\/tr\/urun\/arm-cylinderfor-volvo-wheel-excavator-ew60c\/","title":{"rendered":"Volvo Tekerlekli Ekskavat\u00f6r EW60C i\u00e7in Kol Silindiri"},"content":{"rendered":"<p>Volvo Tekerlekli Ekskavat\u00f6r EW60C i\u00e7in Kol Silindiri<\/p>\n<p>girii\u015f<\/p>\n<p>Kol silindiri, ekskavat\u00f6rler, vin\u00e7ler ve mekanik kollar gibi \u00e7e\u015fitli makine t\u00fcrlerinin kollar\u0131na do\u011frusal hareket ve g\u00fc\u00e7 sa\u011flamak \u00fczere tasarlanm\u0131\u015f \u00f6zel bir hidrolik silindirdir. Kol silindiri, hidrolik sistemde \u00f6nemli bir rol oynar ve ata\u015fmanlar\u0131n veya aksesuarlar\u0131n etkili bir \u015fekilde hareket etmesini ve kontrol edilmesini sa\u011flar. Bu silindirler sadece d\u00fczg\u00fcn hareket sa\u011flamakla kalmaz, ayn\u0131 zamanda a\u011f\u0131r y\u00fcklere de dayanabilir ve \u00e7e\u015fitli \u00e7al\u0131\u015fma ko\u015fullar\u0131nda makinenin verimli ve g\u00fcvenilir \u00e7al\u0131\u015fmas\u0131n\u0131 sa\u011flar.<\/p>\n<p>Tan\u0131m ve A\u00e7\u0131klama<\/p>\n<p>Kol silindiri, makine koluna g\u00fc\u00e7 veren hidrolik sistemin bir bile\u015fenidir. Hidrolik enerjiyi do\u011frusal hareket ve kuvvete d\u00f6n\u00fc\u015ft\u00fcren bir hidrolik silindir t\u00fcr\u00fcd\u00fcr. Silindir, bir piston, piston kolu, silindir g\u00f6vdesi ve u\u00e7 kapaklar\u0131ndan olu\u015fur. Pistonun bir taraf\u0131na bas\u0131n\u00e7 alt\u0131ndaki hidrolik s\u0131v\u0131 uyguland\u0131\u011f\u0131nda, piston kolunu hareket ettirir ve makine koluna do\u011frusal hareket sa\u011flayan piston kolunu \u00e7al\u0131\u015ft\u0131r\u0131r. Kol silindiri, ekskavat\u00f6rler, vin\u00e7ler ve mekanik kollar gibi \u00e7e\u015fitli makine t\u00fcrlerinin \u00e7al\u0131\u015fmas\u0131 i\u00e7in olmazsa olmazd\u0131r ve y\u00fcksek verimlilik ve g\u00fcvenilirlik sa\u011flamada \u00f6nemli bir rol oynar.<\/p>\n<p><img decoding=\"async\" src=\"https:\/\/www.hydraulic-cylinders.net\/wp-content\/uploads\/2025\/01\/songte-company-2.webp\" alt=\"Volvo Tekerlekli Ekskavat\u00f6r EW60C i\u00e7in Kol Silindiri G\u00f6rseli\"><\/p>\n<p>\u00d6zellikler<\/p>\n<p>Y\u00fcksek verimli \u015fanz\u0131man: Kol silindiri g\u00fc\u00e7l\u00fc do\u011frusal hareket ve kuvvet sa\u011flayarak, mekanik kolun \u00e7e\u015fitli i\u015flemlerde y\u00fcksek verimlilikte performans g\u00f6stermesini sa\u011flar.<\/p>\n<p>Hassas kontrol: Hidrolik sistem sayesinde kol silindiri hassas hareket kontrol\u00fc sa\u011flayabilir, bu sayede ata\u015fmanlar\u0131n \u00e7al\u0131\u015fmas\u0131 daha esnek ve hassas hale gelir.<\/p>\n<p>G\u00fc\u00e7l\u00fc dayan\u0131kl\u0131l\u0131k: Kol silindirleri genellikle y\u00fcksek mukavemetli malzemelerden yap\u0131l\u0131r, iyi a\u015f\u0131nma direnci ve korozyon direnci sa\u011flar, zorlu ortamlarda uzun s\u00fcreli kullan\u0131ma uygundur.<\/p>\n<p>\u00c7ok y\u00f6nl\u00fc uyarlanabilirlik: Bu silindirler, ekskavat\u00f6rler, vin\u00e7ler ve mekanik kollar gibi \u00e7e\u015fitli makine tiplerinde farkl\u0131 \u00e7al\u0131\u015fma gereksinimlerini kar\u015f\u0131lamak i\u00e7in yayg\u0131n olarak kullan\u0131labilir.<\/p>\n<p>Kolay bak\u0131m: Kolay bak\u0131m ve de\u011fi\u015ftirme i\u00e7in tasarlanan d\u00fczenli denetim ve bak\u0131m daha kolay hale gelerek ekipman ar\u0131za s\u00fcreleri azalt\u0131lm\u0131\u015ft\u0131r.<\/p>\n<p>\u00dcretimimiz<\/p>\n<p>Kol silindiri \u00fcr\u00fcn\u00fcm\u00fcz bu hidrolik silindirlerin yerine m\u00fckemmel bir \u015fekilde kullan\u0131labilir.<\/p>\n<p><img decoding=\"async\" src=\"https:\/\/www.hydraulic-cylinders.net\/wp-content\/uploads\/2025\/01\/songte-oil-pipes-and-spare-parts.webp\" alt=\"Volvo Tekerlekli Ekskavat\u00f6r EW60C i\u00e7in Kol Silindiri G\u00f6rseli\"><\/p>\n<p>Uygulamalar<\/p>\n<p>Bina \u0130n\u015faat\u0131: Ekskavat\u00f6rlerde ve vin\u00e7lerde, kol silindiri, toprak i\u015fleri, malzeme ta\u015f\u0131ma ve yap\u0131sal montaj i\u00e7in kova veya bomun hareketini kontrol etmek i\u00e7in kullan\u0131l\u0131r.<\/p>\n<p>\u00dcretim End\u00fcstrisi: Otomatik \u00fcretim hatlar\u0131nda, kol silindiri, montaj, kaynak ve malzeme ta\u015f\u0131ma s\u00fcre\u00e7lerinde mekanik kolu hareket ettirmek i\u00e7in kullan\u0131l\u0131r, b\u00f6ylece \u00fcretim verimlili\u011fi ve do\u011frulu\u011fu art\u0131r\u0131l\u0131r.<\/p>\n<p>Tar\u0131m Makinalar\u0131: Bi\u00e7erd\u00f6ver ve ekim makinesi gibi tar\u0131m makinelerinde kol silindiri, ekim, g\u00fcbreleme ve hasat gibi g\u00f6revleri ger\u00e7ekle\u015ftiren \u00e7al\u0131\u015fma kolunun hareketini kontrol eder.<\/p>\n<p>Madencilik: Madencilik ekipmanlar\u0131nda kol silindiri, madencilik ekipmanlar\u0131n\u0131n kolunun hareketini kontrol etmek, cevher \u00e7\u0131karmak ve ta\u015f\u0131mak i\u00e7in kullan\u0131l\u0131r.<\/p>\n<p>Lojistik ve Ta\u015f\u0131mac\u0131l\u0131k: Forkliftlerde ve ta\u015f\u0131ma robotlar\u0131nda, kol silindiri \u00e7atallar\u0131n kald\u0131r\u0131lmas\u0131n\u0131 ve hareketini kontrol etmek, malzemelerin ta\u015f\u0131nmas\u0131n\u0131 ve istiflenmesini ger\u00e7ekle\u015ftirmek i\u00e7in kullan\u0131l\u0131r.<\/p>\n<p>Tasar\u0131m Hususlar\u0131 ve Se\u00e7im Kriterleri<\/p>\n<p>Y\u00fck Ta\u015f\u0131ma Kapasitesi: Kol silindiri, makine ve ata\u015fmanlar\u0131n a\u011f\u0131rl\u0131\u011f\u0131na ve stresine dayanacak yeterli y\u00fck ta\u015f\u0131ma kapasitesine sahip olmal\u0131d\u0131r.<\/p>\n<p>S\u0131zd\u0131rmazl\u0131k: Hidrolik s\u0131v\u0131 s\u0131z\u0131nt\u0131s\u0131n\u0131 \u00f6nlemek ve hidrolik sistemin normal \u00e7al\u0131\u015fmas\u0131n\u0131 sa\u011flamak i\u00e7in kol silindirinin iyi bir s\u0131zd\u0131rmazl\u0131\u011fa sahip olmas\u0131 gerekir.<\/p>\n<p>Dayan\u0131kl\u0131l\u0131k: Kol silindiri dayan\u0131kl\u0131 olmal\u0131, m\u00fckemmel a\u015f\u0131nma ve korozyon direncine sahip olmal\u0131, zorlu ortamlarda kullan\u0131ma uygun olmal\u0131d\u0131r.<\/p>\n<p>G\u00fcvenlik: Kol silindiri, \u00e7al\u0131\u015fma s\u0131ras\u0131nda personelin ve makinenin g\u00fcvenli\u011fini sa\u011flamak i\u00e7in g\u00fcvenlik \u00f6zellikleriyle tasarlanmal\u0131d\u0131r.<\/p>\n<p>Bak\u0131m: Kol silindiri, d\u00fczenli muayene ve bak\u0131m\u0131 daha rahat hale getirecek ve ekipman ar\u0131za s\u00fcresini azaltacak \u015fekilde kolay bak\u0131m ve de\u011fi\u015ftirme \u00f6zelliklerine sahip olacak \u015fekilde tasarlanmal\u0131d\u0131r.<\/p>\n<p><img decoding=\"async\" src=\"https:\/\/www.hydraulic-cylinders.net\/wp-content\/uploads\/2025\/01\/songte-cylinder-head-with-all-kinds-excavator-models.webp\" alt=\"Volvo Tekerlekli Ekskavat\u00f6r EW60C i\u00e7in Kol Silindiri G\u00f6rseli\"><\/p>\n<p>S\u0131zd\u0131rmazl\u0131k ve Ya\u011flama<\/p>\n<p>Piston contalar\u0131 ve piston kolu contalar\u0131 gibi \u00e7e\u015fitli s\u0131zd\u0131rmazl\u0131k elemanlar\u0131 kullan\u0131l\u0131r ve poli\u00fcretan ve nitril kau\u00e7uk gibi a\u015f\u0131nmaya dayan\u0131kl\u0131 malzemeler se\u00e7ilir. Silindir g\u00f6vdesi ve di\u015f ucu y\u00fczeyi, a\u015f\u0131nma direncini art\u0131rmak i\u00e7in hassas bir \u015fekilde i\u015flenir. Hidrolik sistemin normal \u00e7al\u0131\u015fmas\u0131n\u0131 sa\u011flamak i\u00e7in silindiri ya\u011flamak \u00fczere d\u00fczenli olarak uygun miktarda hidrolik ya\u011f eklenmesi gerekir.<\/p>\n<p>Bak\u0131m ve \u00d6nlem Tedbirleri<\/p>\n<p>Makinenin normal \u00e7al\u0131\u015fmas\u0131n\u0131 sa\u011flamak i\u00e7in kol silindirinin d\u00fczenli olarak kontrol edilmesi ve bak\u0131m\u0131n\u0131n yap\u0131lmas\u0131 gerekir. Baz\u0131 \u00f6nlemler \u015funlard\u0131r:<\/p>\n<p>\u2013 Hidrolik ya\u011f seviyesini ve kalitesini d\u00fczenli olarak kontrol ederek ya\u011f\u0131n gereklilikleri kar\u015f\u0131lad\u0131\u011f\u0131ndan emin olun.<\/p>\n<p>\u2013 Silindir g\u00f6vdesini ve piston kolunu a\u015f\u0131nma ve hasar a\u00e7\u0131s\u0131ndan kontrol edin ve zaman\u0131nda de\u011fi\u015ftirin.<\/p>\n<p>\u2013 Contalar\u0131 hasar ve s\u0131z\u0131nt\u0131 a\u00e7\u0131s\u0131ndan kontrol edin ve zaman\u0131nda de\u011fi\u015ftirin.<\/p>\n<p>\u2013 Silindir g\u00f6vdesini ve piston \u00e7ubu\u011funu d\u00fczenli olarak temizleyerek kir ve kal\u0131nt\u0131lar\u0131 giderin.<\/p>\n<p>\u2013 Bak\u0131m ve onar\u0131m i\u00e7in \u00fcreticinin talimatlar\u0131na uyun.<\/p>\n<p>Kurulum K\u0131lavuzu<\/p>\n<p>Kol silindirinin tak\u0131lmas\u0131 i\u00e7in a\u015fa\u011f\u0131daki ad\u0131mlar izlenir:<\/p>\n<p>\u2013 Kurulum alan\u0131n\u0131 ve aletlerini haz\u0131rlay\u0131n.<\/p>\n<p>\u2013 Silindiri montaj y\u00fczeyine yerle\u015ftirin ve c\u0131vata deliklerini hizalay\u0131n.<\/p>\n<p>\u2013 C\u0131vatalar\u0131 belirtilen torka s\u0131k\u0131n.<\/p>\n<p>\u2013 Hidrolik hortumlar\u0131 ve ba\u011flant\u0131 elemanlar\u0131n\u0131 ba\u011flay\u0131n.<\/p>\n<p>\u2013 Hidrolik sisteminizi tavsiye edilen hidrolik ya\u011f ile doldurun.<\/p>\n<p>\u2013 Silindirin s\u0131z\u0131nt\u0131 ve d\u00fczg\u00fcn \u00e7al\u0131\u015f\u0131p \u00e7al\u0131\u015fmad\u0131\u011f\u0131n\u0131 test edin.<\/p>\n<p><img decoding=\"async\" src=\"https:\/\/www.hydraulic-cylinders.net\/wp-content\/uploads\/2025\/01\/songte-bushings-with-all-kinds-of-excavator-models.webp\" alt=\"Volvo Tekerlekli Ekskavat\u00f6r EW60C i\u00e7in Kol Silindiri G\u00f6rseli\"><\/p>\n<p>G\u00fcvenlik Hususlar\u0131 ve \u00c7evresel Fakt\u00f6rler<\/p>\n<p>Kol silindirinin montaj\u0131 ve \u00e7al\u0131\u015ft\u0131r\u0131lmas\u0131 s\u0131ras\u0131nda g\u00fcvenlik \u00f6nlemlerine uyulmal\u0131d\u0131r. Bu g\u00fcvenlik \u00f6nlemlerinden baz\u0131lar\u0131 \u015funlard\u0131r:<\/p>\n<p>\u2013 Eldiven ve g\u00f6zl\u00fck gibi koruyucu ekipman kullan\u0131n.<\/p>\n<p>\u2013 Yaralanmalar\u0131 \u00f6nlemek i\u00e7in uygun kald\u0131rma ekipmanlar\u0131n\u0131 kullan\u0131n.<\/p>\n<p>\u2013 Y\u00fcksek bas\u0131n\u00e7l\u0131 s\u0131v\u0131dan kaynaklanan yaralanmalar\u0131 \u00f6nlemek i\u00e7in hidrolik sistemlerin yak\u0131n\u0131nda \u00e7al\u0131\u015f\u0131rken dikkatli olun.<\/p>\n<p>\u2013 G\u00fcvenli kullan\u0131m i\u00e7in \u00fcreticinin talimatlar\u0131n\u0131 izleyin.<\/p>\n<p>Kol silindirinin imalat\u0131 ve se\u00e7imi s\u0131ras\u0131nda s\u0131cakl\u0131k, nem, korozyon gibi \u00e7evresel fakt\u00f6rler de g\u00f6z \u00f6n\u00fcnde bulundurulmal\u0131d\u0131r.<\/p>\n<p>Sorun Giderme ve Yayg\u0131n Sorunlar<\/p>\n<p>Kol silindiriyle ilgili baz\u0131 yayg\u0131n sorunlar aras\u0131nda s\u0131z\u0131nt\u0131lar, a\u015f\u0131nma ve contalarda, namluda ve piston \u00e7ubu\u011funda hasar bulunur. Bu sorunlar\u0131 gidermek ve \u00e7\u00f6zmek i\u00e7in baz\u0131 ipu\u00e7lar\u0131 a\u015fa\u011f\u0131da verilmi\u015ftir:<\/p>\n<p>\u2013 Hidrolik ya\u011f seviyesini ve kalitesini kontrol edin ve gerekirse ya\u011f ekleyin veya de\u011fi\u015ftirin.<\/p>\n<p>\u2013 Contalar\u0131 hasar ve s\u0131z\u0131nt\u0131 a\u00e7\u0131s\u0131ndan kontrol edin ve zaman\u0131nda de\u011fi\u015ftirin.<\/p>\n<p>\u2013 Silindir g\u00f6vdesini ve piston kolunu a\u015f\u0131nma ve hasar a\u00e7\u0131s\u0131ndan kontrol edin ve zaman\u0131nda de\u011fi\u015ftirin.<\/p>\n<p>\u2013 Hidrolik hortum ve ba\u011flant\u0131 par\u00e7alar\u0131n\u0131 s\u0131z\u0131nt\u0131 ve hasar a\u00e7\u0131s\u0131ndan kontrol edin ve zaman\u0131nda de\u011fi\u015ftirin.<\/p>\n<p>D\u00fczenli muayene ve bak\u0131m gibi \u00f6nleyici tedbirler, olas\u0131 sorunlar\u0131 en aza indirmeye ve kol silindirinin \u00f6mr\u00fcn\u00fc uzatmaya yard\u0131mc\u0131 olabilir.<\/p>\n<p><img decoding=\"async\" src=\"https:\/\/www.hydraulic-cylinders.net\/wp-content\/uploads\/2025\/01\/songte-chushion-collar.webp\" alt=\"Volvo Tekerlekli Ekskavat\u00f6r EW60C i\u00e7in Kol Silindiri G\u00f6rseli\"><\/p>\n<p>\u015eirket Tan\u0131t\u0131m\u0131<\/p>\n<p>Geni\u015f bir \u00fcr\u00fcn yelpazesine sahip profesyonel bir alternatif hidrolik silindir \u00fcreticisiyiz. Yurt i\u00e7i ve yurt d\u0131\u015f\u0131 pazarlarda lider hidrolik silindir \u00fcreticilerinden ve toptan da\u011f\u0131t\u0131c\u0131lar\u0131ndan biri haline geldik. End\u00fcstriyel \u00fcretim y\u00f6netimi stratejilerine dayanarak, her zaman m\u00fckemmel kalite ilkesine ba\u011fl\u0131 kal\u0131yor ve teknik seviyemizi ve \u00fcretim verimlili\u011fimizi s\u00fcrekli geli\u015ftiriyoruz. \u00dcst d\u00fczey dijital \u00fcretim ekipmanlar\u0131 ve profesyonel test sistemleri sunarak, \u00fcretim platformumuzu optimize etmeye, \u00fcr\u00fcnlerimizin kalite kontrol s\u00fcrecini iyile\u015ftirmeye ve g\u00fc\u00e7l\u00fc inovasyon yeteneklerine sahip olmaya devam ediyoruz. Amac\u0131m\u0131z, m\u00fc\u015fterilerimizin \u00e7e\u015fitli ihtiya\u00e7lar\u0131n\u0131 y\u00fcksek verimlilik, hassasiyet ve y\u00fcksek kalite prensipleriyle kar\u015f\u0131lamakt\u0131r.<\/p>\n<p>Firmam\u0131z profesyonel \u00f6zelle\u015ftirme hizmetleri sunmakta olup, \u00fcr\u00fcnlerimiz CE ve ISO9001 gibi uluslararas\u0131 sertifikalara sahiptir. CNC torna tezgahlar\u0131, i\u015fleme merkezleri ve hidrolik silindir test ekipmanlar\u0131 gibi geli\u015fmi\u015f \u00fcretim ekipmanlar\u0131 ve test ekipmanlar\u0131na sahibiz. Sat\u0131\u015f sonras\u0131 hizmetimiz de m\u00fckemmel olup, m\u00fc\u015fterilerimize zaman\u0131nda ve etkili teknik destek ve bak\u0131m hizmetleri sunmaktad\u0131r.<\/p>\n<p><img decoding=\"async\" src=\"https:\/\/www.hydraulic-cylinders.net\/wp-content\/uploads\/2025\/01\/songte-company-4.webp\" alt=\"Volvo Tekerlekli Ekskavat\u00f6r EW60C i\u00e7in Kol Silindiri G\u00f6rseli\"><br \/>\n<img decoding=\"async\" src=\"https:\/\/www.hydraulic-cylinders.net\/wp-content\/uploads\/2025\/01\/songte-company-3.webp\" alt=\"Volvo Tekerlekli Ekskavat\u00f6r EW60C i\u00e7in Kol Silindiri G\u00f6rseli\"><\/p>\n<p>Yazar: lyl.<\/p>","protected":false},"excerpt":{"rendered":"<p>Arm Cylinder for Volvo Wheel Excavator EW60C Introduction Arm cylinder is a specialized hydraulic cylinder designed to provide linear motion and power to the arms of various types of machinery, such as excavators, cranes, and mechanical arms. The arm cylinder plays a crucial role in the hydraulic system, allowing attachments or accessories to move and [&hellip;]<\/p>","protected":false},"featured_media":14766,"comment_status":"open","ping_status":"closed","template":"","meta":{"_et_pb_use_builder":"","_et_pb_old_content":"","_et_gb_content_width":""},"product_brand":[],"product_cat":[1497],"product_tag":[1498,1496],"class_list":{"0":"post-16342","1":"product","2":"type-product","3":"status-publish","4":"has-post-thumbnail","6":"product_cat-arm-cylinders","7":"product_tag-arm-cylinders","8":"product_tag-hydraulic-cylinders","10":"first","11":"instock","12":"shipping-taxable","13":"product-type-simple"},"amp_enabled":true,"_links":{"self":[{"href":"https:\/\/www.hydraulic-cylinders.net\/tr\/wp-json\/wp\/v2\/product\/16342","targetHints":{"allow":["GET"]}}],"collection":[{"href":"https:\/\/www.hydraulic-cylinders.net\/tr\/wp-json\/wp\/v2\/product"}],"about":[{"href":"https:\/\/www.hydraulic-cylinders.net\/tr\/wp-json\/wp\/v2\/types\/product"}],"replies":[{"embeddable":true,"href":"https:\/\/www.hydraulic-cylinders.net\/tr\/wp-json\/wp\/v2\/comments?post=16342"}],"wp:featuredmedia":[{"embeddable":true,"href":"https:\/\/www.hydraulic-cylinders.net\/tr\/wp-json\/wp\/v2\/media\/14766"}],"wp:attachment":[{"href":"https:\/\/www.hydraulic-cylinders.net\/tr\/wp-json\/wp\/v2\/media?parent=16342"}],"wp:term":[{"taxonomy":"product_brand","embeddable":true,"href":"https:\/\/www.hydraulic-cylinders.net\/tr\/wp-json\/wp\/v2\/product_brand?post=16342"},{"taxonomy":"product_cat","embeddable":true,"href":"https:\/\/www.hydraulic-cylinders.net\/tr\/wp-json\/wp\/v2\/product_cat?post=16342"},{"taxonomy":"product_tag","embeddable":true,"href":"https:\/\/www.hydraulic-cylinders.net\/tr\/wp-json\/wp\/v2\/product_tag?post=16342"}],"curies":[{"name":"wp","href":"https:\/\/api.w.org\/{rel}","templated":true}]}}