{"id":16343,"date":"2025-01-20T09:07:31","date_gmt":"2025-01-20T09:07:31","guid":{"rendered":"https:\/\/www.hydraulic-cylinders.net\/product\/arm-cylinderfor-volvo-wheel-excavator-ew145bp\/"},"modified":"2025-01-20T09:07:33","modified_gmt":"2025-01-20T09:07:33","slug":"arm-cylinderfor-volvo-wheel-excavator-ew145bp","status":"publish","type":"product","link":"https:\/\/www.hydraulic-cylinders.net\/tr\/urun\/arm-cylinderfor-volvo-wheel-excavator-ew145bp\/","title":{"rendered":"Volvo EW145BP Tekerlekli Ekskavat\u00f6r i\u00e7in Kol Silindiri"},"content":{"rendered":"<p>Volvo EW145BP Tekerlekli Ekskavat\u00f6r i\u00e7in Kol Silindiri: Bilmeniz Gerekenler<\/p>\n<h2>girii\u015f<\/h2>\n<h3>Volvo EW145BP Tekerlekli Ekskavat\u00f6r i\u00e7in Kol Silindirinin Tan\u0131mlanmas\u0131<\/h3>\n<p>Kol silindiri, ekskavat\u00f6rler, vin\u00e7ler ve robot kollar\u0131 gibi \u00e7e\u015fitli makinelerin kollar\u0131n\u0131n do\u011frusal hareketini ve g\u00fcc\u00fcn\u00fc sa\u011flamak i\u00e7in \u00f6zel olarak tasarlanm\u0131\u015f bir hidrolik silindirdir. Kol silindirleri, hidrolik sistemlerde \u00e7ok \u00f6nemli bir rol oynayarak, ata\u015fmanlar\u0131n veya aksesuarlar\u0131n etkili bir \u015fekilde hareket etmesini ve kontrol edilmesini sa\u011flar. Bu silindirler sadece d\u00fczg\u00fcn hareket sa\u011flamakla kalmaz, ayn\u0131 zamanda a\u011f\u0131r y\u00fckleri de kald\u0131rarak, \u00e7e\u015fitli \u00e7al\u0131\u015fma ko\u015fullar\u0131 alt\u0131nda makinelerin verimli \u00e7al\u0131\u015fmas\u0131n\u0131 ve g\u00fcvenilirli\u011fini garanti eder.<\/p>\n<p><img decoding=\"async\" src=\"https:\/\/www.hydraulic-cylinders.net\/wp-content\/uploads\/2025\/01\/songte-company-2.webp\" alt=\"Kol Silindiri G\u00f6r\u00fcnt\u00fcs\u00fc\"><\/p>\n<h3>Volvo EW145BP Tekerlekli Ekskavat\u00f6r i\u00e7in Kol Silindirinin \u00d6zellikleri<\/h3>\n<p>Kol silindirleri, \u00e7e\u015fitli makinelerde kullan\u0131m i\u00e7in ideal k\u0131lan bir dizi \u00f6zellik sunar. \u0130\u015fte ba\u015fl\u0131ca \u00f6zelliklerinden baz\u0131lar\u0131:<\/p>\n<ul>\n<li><strong>Y\u00fcksek Verimli \u015eanz\u0131man:<\/strong> Kol silindirleri, g\u00fc\u00e7l\u00fc do\u011frusal hareket ve kuvvet sa\u011flayarak \u00e7e\u015fitli i\u015flemlerde y\u00fcksek performans verimlili\u011fi garanti eder.<\/li>\n<li><strong>Hassas Kontrol:<\/strong> Hidrolik sistemler sayesinde, kol silindirleri hassas hareket kontrol\u00fc sa\u011flayarak ek aletlerin \u00e7al\u0131\u015fmas\u0131n\u0131 daha esnek ve do\u011fru hale getirebilir.<\/li>\n<li><strong>G\u00fc\u00e7l\u00fc Dayan\u0131kl\u0131l\u0131k:<\/strong> Kol silindirleri genellikle y\u00fcksek mukavemetli, a\u015f\u0131nmaya ve korozyona dayan\u0131kl\u0131 malzemelerden \u00fcretilir ve bu da onlar\u0131 zorlu ortamlarda uzun s\u00fcreli kullan\u0131m i\u00e7in uygun hale getirir.<\/li>\n<li><strong>\u00c7ok Fonksiyonlu Uyarlanabilirlik:<\/strong> Bu silindirler, ekskavat\u00f6rler, vin\u00e7ler ve robotik kollar gibi \u00e7e\u015fitli makine t\u00fcrlerinde farkl\u0131 \u00e7al\u0131\u015fma gereksinimlerini kar\u015f\u0131lamak \u00fczere yayg\u0131n olarak kullan\u0131labilir.<\/li>\n<li><strong>Kolay Bak\u0131m:<\/strong> Kol silindirleri, bak\u0131m ve de\u011fi\u015ftirme kolayl\u0131\u011f\u0131 g\u00f6z \u00f6n\u00fcnde bulundurularak tasarlanm\u0131\u015ft\u0131r; bu da d\u00fczenli inceleme ve bak\u0131m\u0131 daha kolay hale getirir ve ekipman ar\u0131za s\u00fcresini azalt\u0131r.<\/li>\n<\/ul>\n<p>\u00dcr\u00fcnlerimiz bu hidrolik silindirlerin yerini m\u00fckemmel \u015fekilde alabilir. M\u00fc\u015fterilerimizin \u00e7e\u015fitli ihtiya\u00e7lar\u0131n\u0131 kar\u015f\u0131lamak i\u00e7in ya\u011f borular\u0131 ve bur\u00e7lar da dahil olmak \u00fczere bir dizi yedek par\u00e7a sunuyoruz.<\/p>\n<p><img decoding=\"async\" src=\"https:\/\/www.hydraulic-cylinders.net\/wp-content\/uploads\/2025\/01\/songte-oil-pipes-and-spare-parts.webp\" alt=\"Hidrolik Silindir Yedek Par\u00e7alar\u0131\"><\/p>\n<h3>Volvo EW145BP Tekerlekli Ekskavat\u00f6r i\u00e7in Kol Silindirinin Uygulamalar\u0131<\/h3>\n<p>Kol silindirleri, a\u015fa\u011f\u0131dakiler de dahil olmak \u00fczere farkl\u0131 sekt\u00f6rlerdeki \u00e7e\u015fitli makine t\u00fcrlerinde kullan\u0131labilir:<\/p>\n<ul>\n<li><strong>Yap\u0131:<\/strong> Kaz\u0131c\u0131 makinelerde ve vin\u00e7lerde, kol silindirleri toprak ta\u015f\u0131ma, malzeme ta\u015f\u0131ma ve yap\u0131 kurulumu i\u00e7in kep\u00e7e veya bomun hareketini kontrol etmek amac\u0131yla kullan\u0131l\u0131r.<\/li>\n<li><strong>\u00dcretme:<\/strong> Otomatik \u00fcretim hatlar\u0131nda, montaj, kaynak ve malzeme ta\u015f\u0131ma i\u015flemlerinde robot kollar\u0131n\u0131 hareket ettirmek i\u00e7in kol silindirleri kullan\u0131l\u0131r; bu da \u00fcretim verimlili\u011fini ve do\u011frulu\u011funu art\u0131r\u0131r.<\/li>\n<li><strong>Tar\u0131m Makinalar\u0131:<\/strong> Bi\u00e7erd\u00f6ver ve ekim makinesi gibi tar\u0131m makinelerinde, kol silindirleri, tohum ekme, g\u00fcbreleme ve hasat gibi g\u00f6revler i\u00e7in \u00e7al\u0131\u015fma kollar\u0131n\u0131n hareketini kontrol eder.<\/li>\n<li><strong>Madencilik:<\/strong> Madencilik ekipmanlar\u0131nda, kol silindirleri madencilik ve malzeme ta\u015f\u0131ma i\u015flemlerinde ekipmanlar\u0131n kol hareketini kontrol etmek i\u00e7in kullan\u0131l\u0131r.<\/li>\n<li><strong>Lojistik ve Ta\u015f\u0131mac\u0131l\u0131k:<\/strong> Forkliftlerde ve ta\u015f\u0131ma robotlar\u0131nda, malzeme kald\u0131rma ve hareketini kontrol etmek i\u00e7in kol silindirleri kullan\u0131l\u0131r; bu da malzeme ta\u015f\u0131ma ve istifleme i\u015flemlerini m\u00fcmk\u00fcn k\u0131lar.<\/li>\n<\/ul>\n<h2>Tasar\u0131m Hususlar\u0131 ve Se\u00e7im Kriterleri<\/h2>\n<h3>Tasar\u0131m Hususlar\u0131<\/h3>\n<p>Kol silindirleri tasarlan\u0131rken, a\u015fa\u011f\u0131dakiler de dahil olmak \u00fczere \u00e7e\u015fitli fakt\u00f6rler g\u00f6z \u00f6n\u00fcnde bulundurulmal\u0131d\u0131r:<\/p>\n<ul>\n<li><strong>Ta\u015f\u0131ma Kapasitesi:<\/strong> Kol silindirleri, belirli i\u015flemler i\u00e7in gereken maksimum y\u00fck ve bas\u0131nca dayanacak \u015fekilde tasarlanmal\u0131d\u0131r.<\/li>\n<li><strong>S\u0131zd\u0131rmazl\u0131k:<\/strong> Silindirin hava ge\u00e7irmez ve s\u0131z\u0131nt\u0131ya kar\u015f\u0131 dayan\u0131kl\u0131 olmas\u0131n\u0131 sa\u011flamak i\u00e7in piston contalar\u0131 ve mil contalar\u0131 gibi \u00e7e\u015fitli s\u0131zd\u0131rmazl\u0131k bile\u015fenlerinin do\u011fru \u015fekilde se\u00e7ilmesi ve tak\u0131lmas\u0131 gerekir.<\/li>\n<li><strong>Dayan\u0131kl\u0131l\u0131k:<\/strong> Kol silindirleri y\u00fcksek mukavemetli malzemelerden yap\u0131lmal\u0131 ve a\u015f\u0131nma direnci ile korozyon direncini art\u0131rmak i\u00e7in kapsaml\u0131 bir \u0131s\u0131l i\u015flemden ge\u00e7irilmelidir.<\/li>\n<li><strong>Emniyet:<\/strong> Silindirin tasar\u0131m\u0131nda, a\u015f\u0131r\u0131 bas\u0131n\u00e7 korumas\u0131 ve silindirin hareketinden kaynaklanabilecek potansiyel tehlikelerin \u00f6nlenmesi de dahil olmak \u00fczere g\u00fcvenli\u011fe \u00f6ncelik verilmelidir.<\/li>\n<li><strong>Bak\u0131m kolayl\u0131\u011f\u0131:<\/strong> Kol silindirleri, ar\u0131za s\u00fcrelerini ve bak\u0131m maliyetlerini azaltmak i\u00e7in kolayca s\u00f6k\u00fcl\u00fcp, incelenip ve bak\u0131m\u0131 yap\u0131labilecek \u015fekilde tasarlanmal\u0131d\u0131r.<\/li>\n<\/ul>\n<p><img decoding=\"async\" src=\"https:\/\/www.hydraulic-cylinders.net\/wp-content\/uploads\/2025\/01\/songte-cylinder-head-with-all-kinds-excavator-models.webp\" alt=\"Silindir Kapa\u011f\u0131 G\u00f6r\u00fcnt\u00fcs\u00fc\"><\/p>\n<h3>S\u0131zd\u0131rmazl\u0131k ve Ya\u011flama<\/h3>\n<p>Kol silindirleri, hava ka\u00e7a\u011f\u0131n\u0131 \u00f6nlemek ve silindirin hava ge\u00e7irmezli\u011fini sa\u011flamak i\u00e7in piston contalar\u0131 ve mil contalar\u0131 gibi \u00e7e\u015fitli s\u0131zd\u0131rmazl\u0131k bile\u015fenlerine ihtiya\u00e7 duyar. Bu s\u0131zd\u0131rmazl\u0131k bile\u015fenleri, silindirin y\u00fcksek y\u00fcklere dayanabilmesini ve zorlu ortamlarda etkili bir \u015fekilde \u00e7al\u0131\u015fabilmesini sa\u011flamak i\u00e7in poli\u00fcretan ve nitril kau\u00e7uk gibi a\u015f\u0131nmaya dayan\u0131kl\u0131 malzemelerden yap\u0131lmal\u0131d\u0131r. Silindirin g\u00f6vdesi ve di\u015fli u\u00e7 y\u00fczeyi, a\u015f\u0131nma direncini art\u0131rmak i\u00e7in ince bir \u015fekilde i\u015flenmelidir.<\/p>\n<p>Silindirin d\u00fczenli olarak ya\u011flanmas\u0131 ve uygun miktarda hidrolik ya\u011f ile doldurulmas\u0131 da gereklidir. Silindirin a\u015f\u0131r\u0131 veya yetersiz doldurulmas\u0131, silindire zarar verebilir ve performans\u0131n\u0131 d\u00fc\u015f\u00fcrebilir.<\/p>\n<h3>Bak\u0131m ve \u00d6nleyici Tedbirler<\/h3>\n<p>Kol silindirinin uzun \u00f6m\u00fcrl\u00fc ve optimum performans g\u00f6stermesi i\u00e7in d\u00fczenli kontroller ve \u00f6nleyici bak\u0131m yap\u0131lmal\u0131d\u0131r. \u0130\u015fte dikkate al\u0131nmas\u0131 gereken baz\u0131 \u00f6nleyici tedbirler:<\/p>\n<ul>\n<li>S\u0131z\u0131nt\u0131y\u0131 \u00f6nlemek ve silindirin kullan\u0131m \u00f6mr\u00fcn\u00fc uzatmak i\u00e7in s\u0131zd\u0131rmazl\u0131k bile\u015fenlerini d\u00fczenli olarak kontrol edin ve gerekirse de\u011fi\u015ftirin.<\/li>\n<li>Toz ve di\u011fer yabanc\u0131 maddelerin silindire girmesini \u00f6nlemek i\u00e7in silindiri d\u00fczenli olarak temizleyin.<\/li>\n<li>Piston kolunu hasar veya b\u00fck\u00fclme olup olmad\u0131\u011f\u0131n\u0131 kontrol edin ve gerekirse hemen de\u011fi\u015ftirin.<\/li>\n<li>Silindirin a\u015f\u0131r\u0131 y\u00fcklenmesini ve a\u015f\u0131r\u0131 \u0131s\u0131nmas\u0131n\u0131 \u00f6nleyerek silindire ve makineye zarar gelmesini engelleyin.<\/li>\n<li>Silindirin optimum performans\u0131n\u0131 korumak i\u00e7in hidrolik ya\u011f\u0131 temiz tutun ve d\u00fczenli olarak de\u011fi\u015ftirin.<\/li>\n<\/ul>\n<p><img decoding=\"async\" src=\"https:\/\/www.hydraulic-cylinders.net\/wp-content\/uploads\/2025\/01\/songte-chushion-collar.webp\" alt=\"Yast\u0131k Yaka G\u00f6rseli\"><\/p>\n<h3>Kurulum K\u0131lavuzu<\/h3>\n<p>Kol silindirini takmak i\u00e7in \u015fu ad\u0131mlar\u0131 izleyin:<\/p>\n<ol>\n<li>Silindirin modelinin, makinenin modeli ve \u00f6zellikleriyle e\u015fle\u015fti\u011finden emin olun.<\/li>\n<li>Makinenin montaj noktalar\u0131n\u0131n y\u00fczeyini temizleyin.<\/li>\n<li>Silindiri makineye monte edin, silindirin d\u00fcz ve do\u011fru hizalanm\u0131\u015f oldu\u011fundan emin olun.<\/li>\n<li>Silindiri uygun torkta c\u0131vata veya vidalar kullanarak makineye sabitleyin.<\/li>\n<li>Silindirin hareketini kontrol ederek sorunsuz ve verimli \u00e7al\u0131\u015ft\u0131\u011f\u0131ndan emin olun.<\/li>\n<\/ol>\n<p><img decoding=\"async\" src=\"https:\/\/www.hydraulic-cylinders.net\/wp-content\/uploads\/2025\/01\/songte-bushings-with-all-kinds-of-excavator-models.webp\" alt=\"Bur\u00e7lar G\u00f6r\u00fcnt\u00fcs\u00fc\"><\/p>\n<h3>G\u00fcvenlik ve \u00c7evresel Hususlar<\/h3>\n<p>Kol silindirleri kullan\u0131l\u0131rken, olas\u0131 tehlikeleri \u00f6nlemek i\u00e7in g\u00fcvenlik \u00f6nlemleri al\u0131nmal\u0131d\u0131r. G\u00fcvenlik \u00f6nlemleri \u015funlard\u0131r:<\/p>\n<ul>\n<li>T\u00fcp\u00fc tutarken eldiven ve koruyucu g\u00f6zl\u00fck gibi koruyucu ekipman kullan\u0131n.<\/li>\n<li>Yang\u0131n, patlama veya silindirin hasar g\u00f6rmesi riskini \u00f6nlemek i\u00e7in silindiri yan\u0131c\u0131 maddelerden ve tehlikeli alanlardan uzak bir yere yerle\u015ftirin.<\/li>\n<li>Silindirin d\u00fc\u015fmesini veya beklenmedik \u015fekilde hareket etmesini \u00f6nlemek i\u00e7in silindirin do\u011fru ve g\u00fcvenli bir \u015fekilde monte edildi\u011finden emin olunmal\u0131d\u0131r.<\/li>\n<li>Silindirin a\u015f\u0131r\u0131 y\u00fcklenmesinden ve a\u015f\u0131r\u0131 \u0131s\u0131nmas\u0131ndan ka\u00e7\u0131n\u0131n; bu durum silindire ve makineye zarar verebilir.<\/li>\n<\/ul>\n<h3>Sorun Giderme ve Yayg\u0131n Sorunlar<\/h3>\n<p>Kol silindirlerinde ortaya \u00e7\u0131kabilecek baz\u0131 yayg\u0131n sorunlar \u015funlard\u0131r:<\/p>\n<ul>\n<li><strong>S\u0131z\u0131nt\u0131:<\/strong> Silindirin s\u0131zd\u0131rmazl\u0131k bile\u015fenlerinde veya silindir g\u00f6vdesinde bir sorun olabilir.<\/li>\n<li><strong>A\u015f\u0131r\u0131 Is\u0131nma:<\/strong> Silindirde yanl\u0131\u015f tipte hidrolik ya\u011f kullan\u0131l\u0131yor olabilir veya \u00e7ok s\u0131cak ko\u015fullarda kullan\u0131l\u0131yor olabilir.<\/li>\n<li><strong>Yava\u015f \u00c7al\u0131\u015fma:<\/strong> Silindirde bas\u0131n\u00e7 d\u00fc\u015f\u00fck olabilir veya hidrolik sistemde sorunlar ya\u015fan\u0131yor olabilir.<\/li>\n<li><strong>Ele Ge\u00e7irilen Silindir:<\/strong> Silindir hasar g\u00f6rm\u00fc\u015f olabilir veya i\u00e7inde tortu veya yabanc\u0131 madde bulunabilir.<\/li>\n<li><strong>D\u00fczensiz Hareket:<\/strong> Silindir hizadan \u00e7\u0131km\u0131\u015f olabilir veya piston kollar\u0131 hasar g\u00f6rm\u00fc\u015f olabilir.<\/li>\n<\/ul>\n<p>Herhangi bir sorun olu\u015fursa, sorun giderme ad\u0131mlar\u0131n\u0131 izleyin ve gerekirse bir uzmana dan\u0131\u015f\u0131n. Sorunlar\u0131 \u00f6nlemek i\u00e7in d\u00fczenli kontroller ve bak\u0131m yap\u0131n.<\/p>\n<p><img decoding=\"async\" src=\"https:\/\/www.hydraulic-cylinders.net\/wp-content\/uploads\/2025\/01\/songte-company-4.webp\" alt=\"\u015eirket \u0130maj\u0131\"><\/p>\n<h2>\u015eirketimiz Hakk\u0131nda<\/h2>\n<p>Geni\u015f \u00fcr\u00fcn yelpazesi sunan profesyonel bir hidrolik silindir \u00fcreticisiyiz ve hem yurt i\u00e7i hem de uluslararas\u0131 pazarlarda hidrolik silindirlerin \u00f6nde gelen \u00fcreticilerinden ve toptanc\u0131lar\u0131ndan biri haline geldik. Her zaman m\u00fckemmel kalite ilkesine ba\u011fl\u0131 kalarak, geli\u015fmi\u015f \u00fcretim at\u00f6lyemizin end\u00fcstriyel \u00fcretim y\u00f6netim stratejisine dayanarak teknik seviyemizi ve \u00fcretim verimlili\u011fimizi s\u00fcrekli olarak geli\u015ftiriyoruz. Y\u00fcksek teknoloji \u00fcr\u00fcn\u00fc dijital \u00fcretim ekipmanlar\u0131 ve profesyonel test sistemleri kullanarak \u00fcretim platformumuzu optimize ediyor ve \u00fcr\u00fcn kalite kontrol s\u00fcre\u00e7lerimizi iyile\u015ftirerek m\u00fc\u015fterilerimizin \u00e7e\u015fitli ihtiya\u00e7lar\u0131na yenilik\u00e7i \u00e7\u00f6z\u00fcmler sunuyoruz.<\/p>\n<p>Uluslararas\u0131 sertifikasyon, \u00f6zelle\u015ftirilmi\u015f \u00e7\u00f6z\u00fcmler, y\u00fcksek kaliteli \u00fcretim ekipmanlar\u0131 ve m\u00fckemmel sat\u0131\u015f sonras\u0131 hizmetler de dahil olmak \u00fczere bir dizi profesyonel hizmet sunuyoruz. \u015eirketimiz ISO 9001:2015 sertifikas\u0131na sahiptir ve yenilik\u00e7i \u00e7\u00f6z\u00fcmlerimiz ve m\u00fc\u015fteri memnuniyetimiz nedeniyle bir\u00e7ok \u00f6d\u00fcl alm\u0131\u015ft\u0131r. Verimli, do\u011fru ve y\u00fcksek kaliteli \u00fcr\u00fcnler sunarak m\u00fc\u015fterilerimizin ihtiya\u00e7lar\u0131n\u0131 kar\u015f\u0131lamaya kararl\u0131y\u0131z.<\/p>\n<p><img decoding=\"async\" src=\"https:\/\/www.hydraulic-cylinders.net\/wp-content\/uploads\/2025\/01\/songte-company-3.webp\" alt=\"\u015eirket \u0130maj\u0131\"><\/p>\n<p>Yazar: lyl<\/p>","protected":false},"excerpt":{"rendered":"<p>Arm Cylinder for Volvo Wheel Excavator EW145BP: What You Need to Know Introduction Defining Arm Cylinder for Volvo Wheel Excavator EW145BP An arm cylinder is a specially designed hydraulic cylinder used primarily to provide linear motion and power for the arms of various types of machinery, such as excavators, cranes, and robotic arms. Arm cylinders [&hellip;]<\/p>","protected":false},"featured_media":14763,"comment_status":"open","ping_status":"closed","template":"","meta":{"_et_pb_use_builder":"","_et_pb_old_content":"","_et_gb_content_width":""},"product_brand":[],"product_cat":[1497],"product_tag":[1498,1496],"class_list":{"0":"post-16343","1":"product","2":"type-product","3":"status-publish","4":"has-post-thumbnail","6":"product_cat-arm-cylinders","7":"product_tag-arm-cylinders","8":"product_tag-hydraulic-cylinders","10":"first","11":"instock","12":"shipping-taxable","13":"product-type-simple"},"amp_enabled":true,"_links":{"self":[{"href":"https:\/\/www.hydraulic-cylinders.net\/tr\/wp-json\/wp\/v2\/product\/16343","targetHints":{"allow":["GET"]}}],"collection":[{"href":"https:\/\/www.hydraulic-cylinders.net\/tr\/wp-json\/wp\/v2\/product"}],"about":[{"href":"https:\/\/www.hydraulic-cylinders.net\/tr\/wp-json\/wp\/v2\/types\/product"}],"replies":[{"embeddable":true,"href":"https:\/\/www.hydraulic-cylinders.net\/tr\/wp-json\/wp\/v2\/comments?post=16343"}],"wp:featuredmedia":[{"embeddable":true,"href":"https:\/\/www.hydraulic-cylinders.net\/tr\/wp-json\/wp\/v2\/media\/14763"}],"wp:attachment":[{"href":"https:\/\/www.hydraulic-cylinders.net\/tr\/wp-json\/wp\/v2\/media?parent=16343"}],"wp:term":[{"taxonomy":"product_brand","embeddable":true,"href":"https:\/\/www.hydraulic-cylinders.net\/tr\/wp-json\/wp\/v2\/product_brand?post=16343"},{"taxonomy":"product_cat","embeddable":true,"href":"https:\/\/www.hydraulic-cylinders.net\/tr\/wp-json\/wp\/v2\/product_cat?post=16343"},{"taxonomy":"product_tag","embeddable":true,"href":"https:\/\/www.hydraulic-cylinders.net\/tr\/wp-json\/wp\/v2\/product_tag?post=16343"}],"curies":[{"name":"wp","href":"https:\/\/api.w.org\/{rel}","templated":true}]}}