{"id":16345,"date":"2025-01-20T09:07:47","date_gmt":"2025-01-20T09:07:47","guid":{"rendered":"https:\/\/www.hydraulic-cylinders.net\/product\/arm-cylinderfor-volvo-wheel-excavator-dls830-9b\/"},"modified":"2025-01-20T09:07:49","modified_gmt":"2025-01-20T09:07:49","slug":"arm-cylinderfor-volvo-wheel-excavator-dls830-9b","status":"publish","type":"product","link":"https:\/\/www.hydraulic-cylinders.net\/tr\/urun\/arm-cylinderfor-volvo-wheel-excavator-dls830-9b\/","title":{"rendered":"Volvo Tekerlekli Ekskavat\u00f6r DLS830-9B i\u00e7in Kol Silindiri"},"content":{"rendered":"<h1>Volvo Tekerlekli Ekskavat\u00f6r DLS830-9B i\u00e7in Kol Silindiri<\/h1>\n<h2>girii\u015f<\/h2>\n<p>Volvo Tekerlekli Ekskavat\u00f6r DLS830-9B i\u00e7in Kol Silindiri, ekskavat\u00f6rler, vin\u00e7ler ve mekanik kollar gibi \u00e7e\u015fitli makinelerin kollar\u0131na do\u011frusal hareket ve g\u00fc\u00e7 sa\u011flayan \u00f6zel olarak tasarlanm\u0131\u015f bir hidrolik silindirdir. Kol silindiri, hidrolik sistemlerde \u00f6nemli bir rol oynar ve ba\u011fl\u0131 aletlerin veya aksesuarlar\u0131n verimli bir \u015fekilde hareket etmesini ve kontrol edilmesini sa\u011flar. Bu silindirler, yaln\u0131zca d\u00fczg\u00fcn hareket sa\u011flamakla kalmaz, ayn\u0131 zamanda a\u011f\u0131r y\u00fcklere de dayanarak, \u00e7e\u015fitli \u00e7al\u0131\u015fma ko\u015fullar\u0131nda makinelerin verimli \u00e7al\u0131\u015fmas\u0131n\u0131 ve g\u00fcvenilirli\u011fini sa\u011flar.<\/p>\n<p><img decoding=\"async\" src=\"https:\/\/www.hydraulic-cylinders.net\/wp-content\/uploads\/2025\/01\/songte-company-2.webp\"><\/p>\n<h2>\u00d6zellikler<\/h2>\n<ul>\n<li>Y\u00fcksek Verimli \u015eanz\u0131man: Kol silindiri g\u00fc\u00e7l\u00fc do\u011frusal hareket ve kuvvet sa\u011flayarak, mekanik kolun \u00e7e\u015fitli i\u015flemlerde y\u00fcksek performans kabiliyetleri sa\u011flamas\u0131n\u0131 garanti alt\u0131na al\u0131r.<\/li>\n<li>Hassas Kontrol: Hidrolik sistem sayesinde kol silindiri hassas hareket kontrol\u00fc sa\u011flayarak, ba\u011fl\u0131 aletlerin \u00e7al\u0131\u015fmas\u0131n\u0131 daha esnek ve hassas hale getirir.<\/li>\n<li>Dayan\u0131kl\u0131l\u0131k: Kol silindirleri genellikle uzun s\u00fcreli zorlu ortamlarda kullan\u0131ma uygun, a\u015f\u0131nma ve korozyona kar\u015f\u0131 m\u00fckemmel diren\u00e7 g\u00f6steren y\u00fcksek mukavemetli malzemelerden yap\u0131l\u0131r.<\/li>\n<li>\u00c7ok Fonksiyonlu Uyarlanabilirlik: Bu silindirler, farkl\u0131 \u00e7al\u0131\u015fma gereksinimlerini kar\u015f\u0131lamak i\u00e7in ekskavat\u00f6rler, vin\u00e7ler ve mekanik kollar gibi \u00e7e\u015fitli makine ekipmanlar\u0131nda yayg\u0131n olarak uygulanabilir.<\/li>\n<li>Kolay Bak\u0131m: Kolay bak\u0131m ve de\u011fi\u015ftirme i\u00e7in tasarlanan kol silindirleri, ekipman\u0131n ar\u0131za s\u00fcresini azaltarak, uygun periyodik muayene ve bak\u0131m\u0131 kolayla\u015ft\u0131r\u0131r.<\/li>\n<\/ul>\n<p><img decoding=\"async\" src=\"https:\/\/www.hydraulic-cylinders.net\/wp-content\/uploads\/2025\/01\/songte-oil-pipes-and-spare-parts.webp\"><\/p>\n<h2>Uygulamalar<\/h2>\n<ul>\n<li>\u0130n\u015faat M\u00fchendisli\u011fi: Ekskavat\u00f6rlerde ve vin\u00e7lerde, kol silindirleri toprak i\u015fleri, malzeme ta\u015f\u0131ma ve yap\u0131sal kurulumlar i\u00e7in kovalar\u0131n veya bomlar\u0131n hareketini kontrol eder.<\/li>\n<li>\u00dcretim End\u00fcstrisi: Otomatik \u00fcretim hatlar\u0131nda kol silindirleri, mekanik kollar\u0131n hareketini sa\u011flayarak montaj, kaynak ve malzeme ta\u015f\u0131ma gibi i\u015flemleri kolayla\u015ft\u0131r\u0131r, b\u00f6ylece \u00fcretim verimlili\u011fi ve hassasiyetinde art\u0131\u015f sa\u011flar.<\/li>\n<li>Tar\u0131m Makinalar\u0131: Bi\u00e7erd\u00f6ver ve ekim makinesi gibi tar\u0131m ekipmanlar\u0131nda kol silindirleri, ekim, g\u00fcbreleme ve hasat gibi g\u00f6revler i\u00e7in \u00e7al\u0131\u015fan kollar\u0131n hareketini kontrol eder.<\/li>\n<li>Madencilik: Madencilik ekipmanlar\u0131ndaki kol silindirleri, cevher \u00e7\u0131karma ve ta\u015f\u0131ma i\u00e7in madencilik makinelerinin kol hareketini kontrol etmek amac\u0131yla kullan\u0131l\u0131r.<\/li>\n<li>Lojistik ve Ta\u015f\u0131mac\u0131l\u0131k: Forkliftlerde ve ta\u015f\u0131ma robotlar\u0131nda kol silindirleri \u00e7atallar\u0131n kald\u0131r\u0131lmas\u0131n\u0131 ve hareketini kontrol ederek malzeme ta\u015f\u0131ma ve istifleme i\u015flemlerini kolayla\u015ft\u0131r\u0131r.<\/li>\n<\/ul>\n<h2>Tasar\u0131m Hususlar\u0131 ve Se\u00e7im Kriterleri<\/h2>\n<ul>\n<li>Ta\u015f\u0131ma Kapasitesi: Kol silindirleri belirli y\u00fcklere dayanacak \u015fekilde tasarlanm\u0131\u015ft\u0131r ve uygulaman\u0131n gereksinimlerine g\u00f6re se\u00e7ilmelidir.<\/li>\n<li>S\u0131zd\u0131rmazl\u0131k: Piston contalar\u0131 ve biyel contalar\u0131 gibi \u00e7e\u015fitli s\u0131zd\u0131rmazl\u0131k elemanlar\u0131, uygun s\u0131zd\u0131rmazl\u0131\u011f\u0131 sa\u011flamak ve hidrolik s\u0131v\u0131s\u0131n\u0131n s\u0131zmas\u0131n\u0131 \u00f6nlemek i\u00e7in kullan\u0131l\u0131r.<\/li>\n<li>Dayan\u0131kl\u0131l\u0131k: Silindir g\u00f6vdesi ve di\u015fli u\u00e7lar\u0131, a\u015f\u0131nma direncini art\u0131rmak ve silindirin \u00f6mr\u00fcn\u00fc uzatmak i\u00e7in hassas i\u015flemlerden ge\u00e7irilir.<\/li>\n<li>G\u00fcvenlik: Kazalar\u0131 veya ar\u0131zalar\u0131 \u00f6nlemek i\u00e7in tasar\u0131m s\u00fcrecinde g\u00fcvenlik \u00f6zellikleri dikkate al\u0131nmal\u0131d\u0131r.<\/li>\n<li>Bak\u0131m kolayl\u0131\u011f\u0131: Kol silindirleri, verimli incelemelere olanak sa\u011flayacak ve duru\u015f s\u00fcresini azaltacak \u015fekilde bak\u0131m ve de\u011fi\u015ftirme kolayl\u0131\u011f\u0131 sa\u011flayacak \u015fekilde tasarlanmal\u0131d\u0131r.<\/li>\n<\/ul>\n<p><img decoding=\"async\" src=\"https:\/\/www.hydraulic-cylinders.net\/wp-content\/uploads\/2025\/01\/songte-cylinder-head-with-all-kinds-excavator-models.webp\"><\/p>\n<h2>S\u0131zd\u0131rmazl\u0131k ve Ya\u011flama<\/h2>\n<p>Kol silindiri, poli\u00fcretan ve nitril kau\u00e7uk gibi a\u015f\u0131nmaya dayan\u0131kl\u0131 malzemelerden yap\u0131lm\u0131\u015f piston contalar\u0131 ve piston kolu contalar\u0131 gibi \u00e7e\u015fitli s\u0131zd\u0131rmazl\u0131k bile\u015fenleri kullan\u0131r. Silindir g\u00f6vdesi ve di\u015fli u\u00e7lar\u0131, a\u015f\u0131nma direncini art\u0131rmak i\u00e7in titiz bir i\u015flemden ge\u00e7irilir. Sorunsuz \u00e7al\u0131\u015fma sa\u011flamak i\u00e7in uygun miktarda hidrolik ya\u011f ile d\u00fczenli ya\u011flama gereklidir.<\/p>\n<h2>D\u00fczenli Muayene ve \u00d6nleyici Bak\u0131m<\/h2>\n<ul>\n<li>T\u00fcm s\u0131zd\u0131rmazl\u0131k bile\u015fenlerini a\u015f\u0131nma veya hasar a\u00e7\u0131s\u0131ndan inceleyin ve gerekirse de\u011fi\u015ftirin.<\/li>\n<li>Herhangi bir s\u0131z\u0131nt\u0131 belirtisi olup olmad\u0131\u011f\u0131n\u0131 kontrol edin ve ar\u0131zal\u0131 par\u00e7alar\u0131 derhal onar\u0131n veya de\u011fi\u015ftirin.<\/li>\n<li>Silindirin performans\u0131n\u0131 izleyin ve gerekli ayarlamalar\u0131 yap\u0131n.<\/li>\n<li>Silindiri temiz tutun ve i\u00e7indeki pisliklerden veya kirleticilerden ar\u0131nd\u0131r\u0131n.<\/li>\n<li>\u00dcreticinin \u00f6nerdi\u011fi bak\u0131m program\u0131n\u0131 ve prosed\u00fcrlerini izleyin.<\/li>\n<\/ul>\n<h2>\u00dcr\u00fcn Kurulum K\u0131lavuzu<\/h2>\n<p>1. Kurulum i\u015flemine ba\u015flamadan \u00f6nce ekipman\u0131n kapal\u0131 oldu\u011fundan ve uygun \u015fekilde sabitlendi\u011finden emin olun.<\/p>\n<p>2. Kol silindirini istenilen yere yerle\u015ftirin ve montaj deliklerini makinedeki ilgili noktalarla hizalay\u0131n.<\/p>\n<p>3. Montaj c\u0131vatalar\u0131n\u0131 deliklerden ge\u00e7irin ve uygun aletler kullanarak iyice s\u0131k\u0131n.<\/p>\n<p>4. Hidrolik hatlar\u0131 silindire ba\u011flay\u0131n, \u00fcreticinin talimatlar\u0131na uyun ve uygun bir s\u0131zd\u0131rmazl\u0131k sa\u011flay\u0131n.<\/p>\n<p>5. Makinenin kumandalar\u0131n\u0131 \u00e7al\u0131\u015ft\u0131rarak ve kolun hareketini g\u00f6zlemleyerek silindirin i\u015flevselli\u011fini test edin.<\/p>\n<p>6. Optimum performans\u0131 garantilemek i\u00e7in gerekli ayarlamalar\u0131 veya ince ayarlar\u0131 yap\u0131n.<\/p>\n<p><img decoding=\"async\" src=\"https:\/\/www.hydraulic-cylinders.net\/wp-content\/uploads\/2025\/01\/songte-bushings-with-all-kinds-of-excavator-models.webp\"><\/p>\n<h2>G\u00fcvenlik Hususlar\u0131 ve \u00c7evresel Fakt\u00f6rler<\/h2>\n<p>Kol silindirleri kullan\u0131l\u0131rken, kaza ve yaralanmalar\u0131 \u00f6nlemek i\u00e7in uygun g\u00fcvenlik \u00f6nlemlerine uyulmas\u0131 \u00e7ok \u00f6nemlidir. Makine \u00e7al\u0131\u015ft\u0131r\u0131l\u0131rken koruyucu ekipman ve muhafazalar gibi g\u00fcvenlik ekipmanlar\u0131 kullan\u0131lmal\u0131d\u0131r. Ayr\u0131ca, kol silindirinin uzun \u00f6m\u00fcrl\u00fc ve performansl\u0131 olmas\u0131 i\u00e7in s\u0131cakl\u0131k, nem ve a\u015f\u0131nd\u0131r\u0131c\u0131 maddelere maruz kalma gibi \u00e7evresel fakt\u00f6rler de g\u00f6z \u00f6n\u00fcnde bulundurulmal\u0131d\u0131r.<\/p>\n<h2>Sorun Giderme ve Yayg\u0131n Sorunlar<\/h2>\n<p>1. Sorun: Yetersiz veya sars\u0131nt\u0131l\u0131 kol hareketi.<\/p>\n<p>\u00c7\u00f6z\u00fcm: Hidrolik s\u0131v\u0131 s\u0131z\u0131nt\u0131lar\u0131n\u0131 kontrol edin, piston contalar\u0131nda hasar olup olmad\u0131\u011f\u0131n\u0131 inceleyin ve uygun ya\u011flamay\u0131 sa\u011flay\u0131n.<\/p>\n<p>2. Sorun: Kol \u00e7al\u0131\u015f\u0131rken a\u015f\u0131r\u0131 g\u00fcr\u00fclt\u00fc.<\/p>\n<p>\u00c7\u00f6z\u00fcm: T\u00fcm bile\u015fenlerin g\u00fcvenli bir \u015fekilde sabitlendi\u011finden ve d\u00fczg\u00fcn bir \u015fekilde hizaland\u0131\u011f\u0131ndan emin olun ve gev\u015fek veya a\u015f\u0131nm\u0131\u015f par\u00e7alar olup olmad\u0131\u011f\u0131n\u0131 kontrol edin.<\/p>\n<p>3. Sorun: Tutarl\u0131 olmayan kol hareketi veya pozisyonu koruyamama.<\/p>\n<p>\u00c7\u00f6z\u00fcm: Silindirde hasarl\u0131 contalar veya i\u00e7 s\u0131z\u0131nt\u0131 olup olmad\u0131\u011f\u0131n\u0131 kontrol edin ve gerekirse de\u011fi\u015ftirin.<\/p>\n<p><img decoding=\"async\" src=\"https:\/\/www.hydraulic-cylinders.net\/wp-content\/uploads\/2025\/01\/songte-chushion-collar.webp\"><\/p>\n<h2>\u00c7\u00f6z\u00fcm<\/h2>\n<p>Sonu\u00e7 olarak, profesyonel bir yedek hidrolik silindir \u00fcreticisiyiz. Geni\u015f bir \u00fcr\u00fcn yelpazesi sunuyor ve yurt i\u00e7i ve yurt d\u0131\u015f\u0131 pazarlarda lider hidrolik silindir \u00fcreticilerinden ve distrib\u00fct\u00f6rlerinden biri haline geldik. M\u00fckemmel kalite, geli\u015fmi\u015f \u00fcretim tesisleri ve kapsaml\u0131 m\u00fc\u015fteri hizmetlerine odaklanarak, farkl\u0131 m\u00fc\u015fteri ihtiya\u00e7lar\u0131n\u0131 kar\u015f\u0131lamay\u0131 hedefliyoruz. \u015eirketimiz, profesyonelli\u011fi, uluslararas\u0131 sertifikalar\u0131, \u00f6zelle\u015ftirilmi\u015f hizmetleri, geli\u015fmi\u015f \u00fcretim ekipmanlar\u0131 ve g\u00fcvenilir sat\u0131\u015f sonras\u0131 deste\u011fiyle tan\u0131nmaktad\u0131r.<\/p>\n<p><img decoding=\"async\" src=\"https:\/\/www.hydraulic-cylinders.net\/wp-content\/uploads\/2025\/01\/songte-company-4.webp\"><br \/>\n<img decoding=\"async\" src=\"https:\/\/www.hydraulic-cylinders.net\/wp-content\/uploads\/2025\/01\/songte-company-3.webp\"><\/p>\n<p>Yazar: lyl<\/p>","protected":false},"excerpt":{"rendered":"<p>Arm Cylinder For Volvo Wheel Excavator DLS830-9B Introduction The Arm Cylinder for Volvo Wheel Excavator DLS830-9B is a specially designed hydraulic cylinder that provides linear motion and power to the arm of various machinery, such as excavators, cranes, and mechanical arms. The arm cylinder plays a crucial role in hydraulic systems, allowing for efficient movement [&hellip;]<\/p>","protected":false},"featured_media":14786,"comment_status":"open","ping_status":"closed","template":"","meta":{"_et_pb_use_builder":"","_et_pb_old_content":"","_et_gb_content_width":""},"product_brand":[],"product_cat":[1497],"product_tag":[1498,1496],"class_list":{"0":"post-16345","1":"product","2":"type-product","3":"status-publish","4":"has-post-thumbnail","6":"product_cat-arm-cylinders","7":"product_tag-arm-cylinders","8":"product_tag-hydraulic-cylinders","10":"first","11":"instock","12":"shipping-taxable","13":"product-type-simple"},"amp_enabled":true,"_links":{"self":[{"href":"https:\/\/www.hydraulic-cylinders.net\/tr\/wp-json\/wp\/v2\/product\/16345","targetHints":{"allow":["GET"]}}],"collection":[{"href":"https:\/\/www.hydraulic-cylinders.net\/tr\/wp-json\/wp\/v2\/product"}],"about":[{"href":"https:\/\/www.hydraulic-cylinders.net\/tr\/wp-json\/wp\/v2\/types\/product"}],"replies":[{"embeddable":true,"href":"https:\/\/www.hydraulic-cylinders.net\/tr\/wp-json\/wp\/v2\/comments?post=16345"}],"wp:featuredmedia":[{"embeddable":true,"href":"https:\/\/www.hydraulic-cylinders.net\/tr\/wp-json\/wp\/v2\/media\/14786"}],"wp:attachment":[{"href":"https:\/\/www.hydraulic-cylinders.net\/tr\/wp-json\/wp\/v2\/media?parent=16345"}],"wp:term":[{"taxonomy":"product_brand","embeddable":true,"href":"https:\/\/www.hydraulic-cylinders.net\/tr\/wp-json\/wp\/v2\/product_brand?post=16345"},{"taxonomy":"product_cat","embeddable":true,"href":"https:\/\/www.hydraulic-cylinders.net\/tr\/wp-json\/wp\/v2\/product_cat?post=16345"},{"taxonomy":"product_tag","embeddable":true,"href":"https:\/\/www.hydraulic-cylinders.net\/tr\/wp-json\/wp\/v2\/product_tag?post=16345"}],"curies":[{"name":"wp","href":"https:\/\/api.w.org\/{rel}","templated":true}]}}