{"id":16349,"date":"2025-01-20T09:08:03","date_gmt":"2025-01-20T09:08:03","guid":{"rendered":"https:\/\/www.hydraulic-cylinders.net\/product\/arm-cylinderfor-sany-small-excavator-sy115c-9\/"},"modified":"2025-01-20T09:08:05","modified_gmt":"2025-01-20T09:08:05","slug":"arm-cylinderfor-sany-small-excavator-sy115c-9","status":"publish","type":"product","link":"https:\/\/www.hydraulic-cylinders.net\/tr\/urun\/arm-cylinderfor-sany-small-excavator-sy115c-9\/","title":{"rendered":"Sany SY115C-9 K\u00fc\u00e7\u00fck Ekskavat\u00f6r i\u00e7in Kol Silindiri"},"content":{"rendered":"<p>Sany SY115C-9 K\u00fc\u00e7\u00fck Ekskavat\u00f6r i\u00e7in Kol Silindiri<\/p>\n<p>Kol silindiri, ekskavat\u00f6rler, vin\u00e7ler ve robot kollar\u0131 gibi \u00e7e\u015fitli makinelerin kollar\u0131na do\u011frusal hareket ve g\u00fc\u00e7 sa\u011flamak i\u00e7in \u00f6zel olarak tasarlanm\u0131\u015f bir hidrolik silindirdir. Hidrolik sistemlerde \u00e7ok \u00f6nemli bir rol oynayarak, ata\u015fmanlar\u0131n veya aksesuarlar\u0131n etkili bir \u015fekilde hareket etmesini ve kontrol edilmesini sa\u011flar. Bu silindirler sadece d\u00fczg\u00fcn hareket sa\u011flamakla kalmaz, ayn\u0131 zamanda a\u011f\u0131r y\u00fckleri de kald\u0131rarak, \u00e7e\u015fitli \u00e7al\u0131\u015fma ko\u015fullar\u0131 alt\u0131nda ekipman\u0131n y\u00fcksek verimlili\u011fini ve g\u00fcvenilirli\u011fini garanti eder.<\/p>\n<p>Tan\u0131m ve A\u00e7\u0131klama<\/p>\n<p>Kol silindirleri, makinelerin kollar\u0131na g\u00fc\u00e7 ve do\u011frusal hareket sa\u011flayan hidrolik silindirlerdir. A\u011f\u0131r y\u00fcklere ve zorlu ortamlara dayanacak \u015fekilde tasarlanm\u0131\u015f olup, d\u00fczg\u00fcn ve hassas hareketler sa\u011flarlar. Kol silindiri, hidrolik sistemlerde kritik bir bile\u015fendir ve \u00e7e\u015fitli ata\u015fmanlar\u0131n hassasiyet ve do\u011frulukla kontrol edilmesini sa\u011flar. Bu silindirler, dayan\u0131kl\u0131l\u0131k, a\u015f\u0131nma direnci ve korozyon direnci sa\u011flayan y\u00fcksek mukavemetli malzemelerden \u00fcretilmi\u015ftir.<\/p>\n<p>\u00d6zellikler<\/p>\n<p>1. Y\u00fcksek verimli aktar\u0131m: Kol silindirleri g\u00fc\u00e7l\u00fc do\u011frusal hareket ve kuvvet sa\u011flayarak \u00e7e\u015fitli i\u015flemlerde y\u00fcksek verimlilik sa\u011flar.<\/p>\n<p>2. Hassas kontrol: Kol silindirleri, hidrolik sistemler arac\u0131l\u0131\u011f\u0131yla hassas hareket kontrol\u00fc sa\u011flayarak ata\u015fmanlar\u0131n esnek ve do\u011fru bir \u015fekilde \u00e7al\u0131\u015ft\u0131r\u0131lmas\u0131n\u0131 m\u00fcmk\u00fcn k\u0131lar.<\/p>\n<p>3. Y\u00fcksek dayan\u0131kl\u0131l\u0131k: Kol silindirleri genellikle y\u00fcksek mukavemetli malzemelerden \u00fcretilir, bu da a\u015f\u0131nma ve korozyon direncini sa\u011flar ve zorlu ortamlarda uzun s\u00fcreli kullan\u0131m i\u00e7in uygundur.<\/p>\n<p>4. \u00c7ok fonksiyonlu uyarlanabilirlik: Bu silindirler, ekskavat\u00f6rler, vin\u00e7ler ve robotik kollar gibi \u00e7e\u015fitli makinelerde yayg\u0131n olarak kullan\u0131labilir ve farkl\u0131 \u00e7al\u0131\u015fma ihtiya\u00e7lar\u0131na uyum sa\u011flayabilir.<\/p>\n<p>5. Kolay bak\u0131m: Kolay bak\u0131m ve de\u011fi\u015ftirme d\u00fc\u015f\u00fcn\u00fclerek tasarlanm\u0131\u015ft\u0131r; bu da d\u00fczenli inceleme ve bak\u0131m\u0131 daha kolay hale getirerek ekipman ar\u0131za s\u00fcresini azalt\u0131r.<\/p>\n<p>Biz bu \u00fcr\u00fcn\u00fc \u00fcretebiliyoruz ve \u00fcr\u00fcn\u00fcm\u00fcz bu hidrolik silindirlerin yerini m\u00fckemmel bir \u015fekilde alabiliyor.<\/p>\n<p>Uygulamalar<\/p>\n<p>Kol silindirleri \u00e7e\u015fitli end\u00fcstrilerde yayg\u0131n olarak kullan\u0131lmaktad\u0131r, \u00f6rne\u011fin:<\/p>\n<p>1. \u0130n\u015faat m\u00fchendisli\u011fi: Kol silindirleri, hafriyat, malzeme ta\u015f\u0131ma ve yap\u0131 montaj\u0131nda \u200b\u200bkullan\u0131lan ekskavat\u00f6r ve vin\u00e7lerdeki kep\u00e7e veya vin\u00e7lerin hareketini kontrol eder.<\/p>\n<p>2. \u0130malat: Kol silindirleri, otomatik \u00fcretim hatlar\u0131nda robot kollar\u0131n\u0131n hareketinde, montajda, kaynakta ve ta\u015f\u0131mada kullan\u0131l\u0131r; \u00fcretim verimlili\u011fini ve hassasiyetini art\u0131r\u0131r.<\/p>\n<p>3. Tar\u0131m makineleri: Kol silindirleri, ekim, g\u00fcbreleme ve hasat i\u015flerinde kullan\u0131lan bi\u00e7erd\u00f6ver ve tohum ekme makineleri gibi tar\u0131m makinelerindeki \u00e7al\u0131\u015fma kollar\u0131n\u0131n hareketini kontrol eder.<\/p>\n<p>4. Madencilik: Kol silindirleri, madencilik ekipmanlar\u0131n\u0131n kol hareketini kontrol eder ve minerallerin \u00e7\u0131kar\u0131lmas\u0131 ve ta\u015f\u0131nmas\u0131nda kullan\u0131l\u0131r.<\/p>\n<p>5. Lojistik ve ta\u015f\u0131mac\u0131l\u0131k: Kol silindirleri, malzeme ta\u015f\u0131ma ve istiflemede kullan\u0131lan forklift ve ta\u015f\u0131ma robotlar\u0131ndaki \u00e7atallar\u0131n kald\u0131r\u0131lmas\u0131n\u0131 ve hareketini kontrol eder.<\/p>\n<p>Tasar\u0131m Hususlar\u0131 ve Se\u00e7im Kriterleri<\/p>\n<p>Kol silindirleri se\u00e7ilirken, a\u015fa\u011f\u0131dakiler gibi \u00e7e\u015fitli tasar\u0131m hususlar\u0131 ve se\u00e7im kriterleri dikkate al\u0131nmal\u0131d\u0131r:<\/p>\n<p>1. Ta\u015f\u0131ma kapasitesi: Kol silindirleri, ekipman\u0131n a\u011f\u0131rl\u0131\u011f\u0131n\u0131 ta\u015f\u0131yabilecek ve a\u011f\u0131r y\u00fcklere dayanabilecek yeterli ta\u015f\u0131ma kapasitesine sahip olmal\u0131d\u0131r.<\/p>\n<p>2. S\u0131zd\u0131rmazl\u0131k performans\u0131: S\u0131zd\u0131rmazl\u0131k performans\u0131, silindirin kullan\u0131m \u00f6mr\u00fcn\u00fc, g\u00fcvenilirli\u011fini ve bak\u0131m gereksinimlerini do\u011frudan etkiler.<\/p>\n<p>3. Dayan\u0131kl\u0131l\u0131k: Kol silindirleri, uzun hizmet \u00f6mr\u00fc sa\u011flamak i\u00e7in dayan\u0131kl\u0131 malzemelerden yap\u0131lmal\u0131 ve zorlu ortamlara dayanabilmelidir.<\/p>\n<p>4. G\u00fcvenlik: Kol silindirleri, kazalar\u0131 \u00f6nlemek ve g\u00fcvenli kullan\u0131m\u0131 sa\u011flamak i\u00e7in g\u00fcvenlik \u00f6zellikleriyle tasarlanmal\u0131d\u0131r.<\/p>\n<p>5. Bak\u0131m: Ekipman ar\u0131za s\u00fcresini azaltmak i\u00e7in kol silindirlerinin bak\u0131m\u0131 ve de\u011fi\u015ftirilmesi kolay olmal\u0131d\u0131r.<\/p>\n<p>S\u0131zd\u0131rmazl\u0131k ve Ya\u011flama<\/p>\n<p>Silindirin kullan\u0131m \u00f6mr\u00fcn\u00fc ve performans\u0131n\u0131 sa\u011flamak i\u00e7in, poli\u00fcretan ve nitril kau\u00e7uk gibi a\u015f\u0131nmaya dayan\u0131kl\u0131 malzemelerden yap\u0131lm\u0131\u015f piston ve mil contalar\u0131 da dahil olmak \u00fczere \u00e7e\u015fitli s\u0131zd\u0131rmazl\u0131k \u00f6nlemleri al\u0131nmal\u0131d\u0131r. A\u015f\u0131nma direncini art\u0131rmak i\u00e7in silindir g\u00f6vdesi ve di\u015fli u\u00e7 y\u00fczeyi ince bir \u015fekilde i\u015flenmelidir. D\u00fczenli olarak uygun miktarda hidrolik ya\u011f eklenerek ya\u011flama yap\u0131lmal\u0131d\u0131r.<\/p>\n<p>Bak\u0131m ve \u00d6nleme<\/p>\n<p>Silindirin performans\u0131n\u0131 sa\u011flamak i\u00e7in d\u00fczenli muayene ve bak\u0131m gereklidir; bu, s\u0131zd\u0131rmazl\u0131k performans\u0131n\u0131n, piston kolunun a\u015f\u0131nmas\u0131n\u0131n ve hidrolik sistemde hava olup olmad\u0131\u011f\u0131n\u0131n kontrol edilmesini i\u00e7erir. Ya\u011f seviyesi ve s\u0131cakl\u0131\u011f\u0131n\u0131n kontrol edilmesi, hidrolik sistemin temizli\u011finin sa\u011flanmas\u0131 ve d\u00fczenli bak\u0131m yap\u0131lmas\u0131 gibi olas\u0131 sorunlar\u0131 \u00f6nlemek i\u00e7in \u00f6nleyici tedbirler al\u0131nmal\u0131d\u0131r.<\/p>\n<p>Kurulum K\u0131lavuzu<\/p>\n<p>1. Orijinal silindiri \u00e7\u0131kar\u0131n ve montaj y\u00fczeyini temizleyin.<\/p>\n<p>2. Silindir ve ekipman modeline g\u00f6re se\u00e7ilen bur\u00e7lar\u0131 tak\u0131n.<\/p>\n<p>3. Silindirin y\u00f6n\u00fcne dikkat ederek kol silindirini tak\u0131n.<\/p>\n<p>4. C\u0131vatalar\u0131 ve somunlar\u0131 belirtilen tork de\u011ferine kadar s\u0131k\u0131n.<\/p>\n<p>G\u00fcvenlik Hususlar\u0131 ve \u00c7evresel Fakt\u00f6rler<\/p>\n<p>Kol silindirleri kullan\u0131l\u0131rken g\u00fcvenlik en \u00f6ncelikli konu olmal\u0131d\u0131r. Ekipman, yetkili personel taraf\u0131ndan \u00e7al\u0131\u015ft\u0131r\u0131lmal\u0131 ve acil durdurma d\u00fc\u011fmeleri ve g\u00fcvenlik kapaklar\u0131 gibi g\u00fcvenlik \u00f6zellikleri d\u00fczenli olarak kontrol edilmelidir. \u00c7evre i\u00e7in tehlikeli olabilen hidrolik ya\u011f\u0131n kullan\u0131m\u0131 s\u0131ras\u0131nda gerekli \u00f6nlemler al\u0131nmal\u0131d\u0131r.<\/p>\n<p>Ar\u0131za Te\u015fhisi ve Yayg\u0131n Sorunlar<\/p>\n<p>Kol silindirlerinde s\u0131k kar\u015f\u0131la\u015f\u0131lan sorunlar aras\u0131nda s\u0131z\u0131nt\u0131lar, yetersiz g\u00fc\u00e7 ve d\u00fczensiz hareket yer al\u0131r. Bu sorunlar, s\u0131zd\u0131rmazl\u0131k performans\u0131, hidrolik sistem ve silindir mili a\u015f\u0131nmas\u0131n\u0131n incelenmesiyle te\u015fhis edilebilir. Gerekirse silindir onar\u0131lmal\u0131 veya de\u011fi\u015ftirilmelidir.<\/p>\n<p>\u00c7\u00f6z\u00fcm<\/p>\n<p>Biz, geni\u015f \u00fcr\u00fcn ve hizmet yelpazesi sunan, yedek hidrolik silindirlerin profesyonel bir \u00fcreticisiyiz. \u00dcr\u00fcnlerimiz, d\u00fcnya \u00e7ap\u0131nda \u00f6nde gelen hidrolik silindir \u00fcreticileri ve toptanc\u0131lar\u0131 aras\u0131nda geni\u015f \u00e7apta tan\u0131nmaktad\u0131r. Her zaman m\u00fckemmel kalite ilkesine ba\u011fl\u0131 kalarak \u00fcretim verimlili\u011fimizi ve teknolojimizi s\u00fcrekli olarak geli\u015ftiriyoruz. Amac\u0131m\u0131z, y\u00fcksek verimlilik, hassasiyet ve y\u00fcksek kaliteli \u00fcr\u00fcnlerle m\u00fc\u015fterilerimizin \u00e7e\u015fitli ihtiya\u00e7lar\u0131n\u0131 kar\u015f\u0131lamakt\u0131r.<\/p>\n<p>Uluslararas\u0131 sertifikalara, \u00f6zelle\u015ftirme hizmetlerine, geli\u015fmi\u015f \u00fcretim ekipmanlar\u0131na ve kapsaml\u0131 sat\u0131\u015f sonras\u0131 hizmetlere sahip uzmanla\u015fm\u0131\u015f bir \u015firketiz. \u00dcr\u00fcnlerimiz in\u015faat, imalat, tar\u0131m, madencilik ve lojistik gibi \u00e7e\u015fitli sekt\u00f6rlerde yayg\u0131n olarak kullan\u0131lmaktad\u0131r.<\/p>","protected":false},"excerpt":{"rendered":"<p>Arm Cylinder for Sany Small Excavator SY115C-9 Arm cylinder is a specially designed hydraulic cylinder used to provide linear motion and power to the arm of various machinery such as excavators, cranes, and robotic arms. It plays a crucial role in hydraulic systems, enabling attachments or accessories to move and be controlled effectively. These cylinders [&hellip;]<\/p>","protected":false},"featured_media":14774,"comment_status":"open","ping_status":"closed","template":"","meta":{"_et_pb_use_builder":"","_et_pb_old_content":"","_et_gb_content_width":""},"product_brand":[],"product_cat":[1497],"product_tag":[1498,1496],"class_list":{"0":"post-16349","1":"product","2":"type-product","3":"status-publish","4":"has-post-thumbnail","6":"product_cat-arm-cylinders","7":"product_tag-arm-cylinders","8":"product_tag-hydraulic-cylinders","10":"first","11":"instock","12":"shipping-taxable","13":"product-type-simple"},"amp_enabled":true,"_links":{"self":[{"href":"https:\/\/www.hydraulic-cylinders.net\/tr\/wp-json\/wp\/v2\/product\/16349","targetHints":{"allow":["GET"]}}],"collection":[{"href":"https:\/\/www.hydraulic-cylinders.net\/tr\/wp-json\/wp\/v2\/product"}],"about":[{"href":"https:\/\/www.hydraulic-cylinders.net\/tr\/wp-json\/wp\/v2\/types\/product"}],"replies":[{"embeddable":true,"href":"https:\/\/www.hydraulic-cylinders.net\/tr\/wp-json\/wp\/v2\/comments?post=16349"}],"wp:featuredmedia":[{"embeddable":true,"href":"https:\/\/www.hydraulic-cylinders.net\/tr\/wp-json\/wp\/v2\/media\/14774"}],"wp:attachment":[{"href":"https:\/\/www.hydraulic-cylinders.net\/tr\/wp-json\/wp\/v2\/media?parent=16349"}],"wp:term":[{"taxonomy":"product_brand","embeddable":true,"href":"https:\/\/www.hydraulic-cylinders.net\/tr\/wp-json\/wp\/v2\/product_brand?post=16349"},{"taxonomy":"product_cat","embeddable":true,"href":"https:\/\/www.hydraulic-cylinders.net\/tr\/wp-json\/wp\/v2\/product_cat?post=16349"},{"taxonomy":"product_tag","embeddable":true,"href":"https:\/\/www.hydraulic-cylinders.net\/tr\/wp-json\/wp\/v2\/product_tag?post=16349"}],"curies":[{"name":"wp","href":"https:\/\/api.w.org\/{rel}","templated":true}]}}