{"id":16351,"date":"2025-01-20T09:08:11","date_gmt":"2025-01-20T09:08:11","guid":{"rendered":"https:\/\/www.hydraulic-cylinders.net\/product\/arm-cylinderfor-sany-small-excavator-sy155h\/"},"modified":"2025-01-20T09:08:18","modified_gmt":"2025-01-20T09:08:18","slug":"arm-cylinderfor-sany-small-excavator-sy155h","status":"publish","type":"product","link":"https:\/\/www.hydraulic-cylinders.net\/tr\/urun\/arm-cylinderfor-sany-small-excavator-sy155h\/","title":{"rendered":"Sany SY155H K\u00fc\u00e7\u00fck Ekskavat\u00f6r \u0130\u00e7in Kol Silindiri"},"content":{"rendered":"<p>Sany SY155H K\u00fc\u00e7\u00fck Ekskavat\u00f6r i\u00e7in Kol Silindiri<\/p>\n<p>Kol silindiri, ekskavat\u00f6rler, vin\u00e7ler ve mekanik kollar gibi \u00e7e\u015fitli makinelerin kollar\u0131n\u0131n do\u011frusal hareketini ve g\u00fcc\u00fcn\u00fc sa\u011flayan \u00f6zel olarak tasarlanm\u0131\u015f bir hidrolik silindirdir. Hidrolik sistemlerde \u00e7ok \u00f6nemli bir rol oynayarak, ata\u015fmanlar\u0131n veya aksesuarlar\u0131n etkili bir \u015fekilde hareket etmesini ve kontrol edilmesini sa\u011flar. Bu silindirler sadece d\u00fczg\u00fcn hareketler sa\u011flamakla kalmaz, ayn\u0131 zamanda a\u011f\u0131r y\u00fckleri de ta\u015f\u0131yarak, \u00e7e\u015fitli \u00e7al\u0131\u015fma ko\u015fullar\u0131 alt\u0131nda makinelerin verimli \u00e7al\u0131\u015fmas\u0131n\u0131 ve g\u00fcvenilirli\u011fini garanti eder.<\/p>\n<p>Tan\u0131m ve A\u00e7\u0131klama<br \/>\nKol silindiri, ekskavat\u00f6rler, vin\u00e7ler ve mekanik kollar gibi \u00e7e\u015fitli makinelerin kollar\u0131n\u0131n do\u011frusal hareketini ve g\u00fcc\u00fcn\u00fc sa\u011flayan hidrolik bir silindirdir. Hidrolik sistemlerde \u00e7ok \u00f6nemli bir rol oynayarak, ata\u015fmanlar\u0131n veya aksesuarlar\u0131n etkili bir \u015fekilde hareket etmesini ve kontrol edilmesini sa\u011flar. Bu silindirler sadece d\u00fczg\u00fcn hareketler sa\u011flamakla kalmaz, ayn\u0131 zamanda a\u011f\u0131r y\u00fckleri de ta\u015f\u0131yarak, \u00e7e\u015fitli \u00e7al\u0131\u015fma ko\u015fullar\u0131 alt\u0131nda makinelerin verimli \u00e7al\u0131\u015fmas\u0131n\u0131 ve g\u00fcvenilirli\u011fini garanti eder.<\/p>\n<p><img decoding=\"async\" src=\"https:\/\/www.hydraulic-cylinders.net\/wp-content\/uploads\/2025\/01\/songte-company-2.webp\"><\/p>\n<p>\u00d6zellikler<br \/>\n1. Verimli G\u00fc\u00e7 Aktar\u0131m\u0131: Kol silindiri g\u00fc\u00e7l\u00fc do\u011frusal hareket ve kuvvet sa\u011flayarak, mekanik kollar\u0131n \u00e7e\u015fitli i\u015flemlerde y\u00fcksek performans verimlili\u011fini garanti eder.<br \/>\n2. Hassas Kontrol: Hidrolik sistemler sayesinde, kol silindiri hassas hareket kontrol\u00fc sa\u011flayarak, tak\u0131l\u0131 aletlerin \u00e7al\u0131\u015fmas\u0131n\u0131 daha esnek ve do\u011fru hale getirir.<br \/>\n3. Y\u00fcksek Dayan\u0131kl\u0131l\u0131k: Kol silindiri genellikle y\u00fcksek mukavemetli malzemelerden \u00fcretilir ve iyi a\u015f\u0131nma ve korozyon direncine sahiptir, zorlu ortamlarda uzun s\u00fcreli kullan\u0131m i\u00e7in uygundur.<br \/>\n4. \u00c7ok Fonksiyonlu Uyarlanabilirlik: Bu silindirler, farkl\u0131 \u00e7al\u0131\u015fma ihtiya\u00e7lar\u0131na uyum sa\u011flamak i\u00e7in ekskavat\u00f6rler, vin\u00e7ler ve mekanik kollar gibi \u00e7e\u015fitli makine t\u00fcrlerinde yayg\u0131n olarak kullan\u0131labilir.<br \/>\n5. Kolay Bak\u0131m: Kolay bak\u0131m ve de\u011fi\u015ftirme i\u00e7in tasarlanan kol silindiri, d\u00fczenli inceleme ve bak\u0131m\u0131 daha kolay hale getirerek ekipman ar\u0131za s\u00fcresini azalt\u0131r.<\/p>\n<p>Biz bu \u00fcr\u00fcn\u00fc \u00fcretebiliyoruz ve \u00fcr\u00fcn\u00fcm\u00fcz bu hidrolik silindirlerin yerini m\u00fckemmel bir \u015fekilde alabiliyor.<\/p>\n<p><img decoding=\"async\" src=\"https:\/\/www.hydraulic-cylinders.net\/wp-content\/uploads\/2025\/01\/songte-oil-pipes-and-spare-parts.webp\"><\/p>\n<p>Ba\u015fvuru<br \/>\n1. \u0130n\u015faat: Ekskavat\u00f6rlerde ve vin\u00e7lerde, kol silindiri toprak i\u015fleri, malzeme ta\u015f\u0131ma ve yap\u0131sal kurulum i\u00e7in kep\u00e7elerin veya bomlar\u0131n hareketini kontrol eder.<br \/>\n2. \u00dcretim: Otomatik \u00fcretim hatlar\u0131nda, kol silindiri, montaj, kaynak ve ta\u015f\u0131ma i\u015flemlerinde mekanik kollar\u0131n hareketini kontrol ederek \u00fcretim verimlili\u011fini ve do\u011frulu\u011funu art\u0131r\u0131r.<br \/>\n3. Tar\u0131m: Bi\u00e7erd\u00f6ver ve ekim makinesi gibi tar\u0131m makinelerinde, kol silindiri, tohum ekme, g\u00fcbreleme ve hasat gibi g\u00f6revler i\u00e7in \u00e7al\u0131\u015fma kollar\u0131n\u0131n hareketini kontrol eder.<br \/>\n4. Madencilik: Madencilik ekipmanlar\u0131nda, kol silindiri madencilik ve ta\u015f\u0131ma i\u015flemlerinde ekipman\u0131n kol hareketini kontrol eder.<br \/>\n5. Lojistik ve Ta\u015f\u0131mac\u0131l\u0131k: Forkliftlerde ve ta\u015f\u0131ma robotlar\u0131nda, kol silindiri, malzemelerin ta\u015f\u0131nmas\u0131 ve istiflenmesi i\u00e7in \u00e7atallar\u0131n kald\u0131r\u0131lmas\u0131n\u0131 ve hareketini kontrol eder.<\/p>\n<p>Tasar\u0131m Hususlar\u0131 ve Se\u00e7im Standartlar\u0131<br \/>\n1. Ta\u015f\u0131ma Kapasitesi: Kol silindirinin, \u00e7e\u015fitli \u00e7al\u0131\u015fma ko\u015fullar\u0131 alt\u0131nda makinenin g\u00fcvenli \u00e7al\u0131\u015fmas\u0131n\u0131 sa\u011flamak i\u00e7in yeterli ta\u015f\u0131ma kapasitesine sahip olmas\u0131 gerekir.<br \/>\n2. S\u0131zd\u0131rmazl\u0131k: Ya\u011f s\u0131z\u0131nt\u0131s\u0131n\u0131 \u00f6nlemek ve verimli \u00e7al\u0131\u015fmay\u0131 sa\u011flamak i\u00e7in kol silindiri, piston contalar\u0131 ve mil contalar\u0131 gibi \u00e7e\u015fitli s\u0131zd\u0131rmazl\u0131k bile\u015fenleriyle donat\u0131lmal\u0131d\u0131r.<br \/>\n3. Dayan\u0131kl\u0131l\u0131k: Kol silindirinin malzemeleri ve tasar\u0131m\u0131, zorlu ortamlarda uzun bir hizmet \u00f6mr\u00fc sa\u011flamak i\u00e7in dayan\u0131kl\u0131 ve a\u015f\u0131nmaya kar\u015f\u0131 diren\u00e7li olmal\u0131d\u0131r.<br \/>\n4. G\u00fcvenlik: Kol silindiri, a\u015f\u0131r\u0131 bas\u0131n\u00e7tan kaynaklanan kazalar\u0131 \u00f6nlemek i\u00e7in bas\u0131n\u00e7 tahliye vanalar\u0131 gibi g\u00fcvenlik \u00f6zellikleriyle tasarlanmal\u0131d\u0131r.<br \/>\n5. Bak\u0131m: Ar\u0131za s\u00fcrelerini azaltmak ve verimlili\u011fi art\u0131rmak i\u00e7in kol silindiri kolay bak\u0131m ve de\u011fi\u015ftirme imkan\u0131 sa\u011flayacak \u015fekilde tasarlanmal\u0131d\u0131r.<\/p>\n<p><img decoding=\"async\" src=\"https:\/\/www.hydraulic-cylinders.net\/wp-content\/uploads\/2025\/01\/songte-cylinder-head-with-all-kinds-excavator-models.webp\"><\/p>\n<p>S\u0131zd\u0131rmazl\u0131k ve Ya\u011flama<br \/>\nKol silindiri, ya\u011f s\u0131z\u0131nt\u0131s\u0131n\u0131 \u00f6nlemek ve verimli \u00e7al\u0131\u015fmay\u0131 sa\u011flamak i\u00e7in poli\u00fcretan ve nitril kau\u00e7uk gibi a\u015f\u0131nmaya dayan\u0131kl\u0131 malzemelerden yap\u0131lm\u0131\u015f piston contalar\u0131 ve mil contalar\u0131 gibi \u00e7e\u015fitli s\u0131zd\u0131rmazl\u0131k bile\u015fenleri kullan\u0131r. Silindir ba\u015fl\u0131\u011f\u0131 ve di\u015fli u\u00e7 y\u00fczeyi, a\u015f\u0131nma direncini art\u0131rmak i\u00e7in ince bir \u015fekilde i\u015flenmi\u015ftir. Kol silindirinin ya\u011flanmas\u0131 i\u00e7in d\u00fczenli olarak uygun miktarda hidrolik ya\u011f ile doldurulmas\u0131 gerekir.<\/p>\n<p>D\u00fczenli Muayene ve \u00d6nleyici Bak\u0131m \u00d6nlemleri<br \/>\n1. Silindiri d\u00fczenli olarak a\u015f\u0131nma ve contalarda, piston kollar\u0131nda ve di\u011fer bile\u015fenlerde hasar olup olmad\u0131\u011f\u0131n\u0131 kontrol edin.<br \/>\n2. Kir ve d\u00f6k\u00fcnt\u00fclerin i\u00e7eri girerek hasara yol a\u00e7mas\u0131n\u0131 \u00f6nlemek i\u00e7in silindiri d\u00fczenli olarak temizleyin.<br \/>\n3. Silindir ar\u0131zas\u0131ndan kaynaklanan kazalar\u0131 \u00f6nlemek i\u00e7in hasarl\u0131 veya a\u015f\u0131nm\u0131\u015f par\u00e7alar\u0131 zaman\u0131nda de\u011fi\u015ftirin.<br \/>\n4. Sorunsuz \u00e7al\u0131\u015fmay\u0131 sa\u011flamak i\u00e7in hidrolik ya\u011f\u0131 d\u00fczenli olarak kontrol edin ve gerekirse de\u011fi\u015ftirin.<br \/>\n5. Korozyon ve hasar\u0131 \u00f6nlemek i\u00e7in silindiri kuru ve temiz bir ortamda saklay\u0131n.<\/p>\n<p>Kurulum K\u0131lavuzu<br \/>\n1. Montajdan \u00f6nce montaj y\u00fczeyini ve silindiri temizleyin.<br \/>\n2. Silindirin ve di\u011fer bile\u015fenlerin hasar g\u00f6rmesini \u00f6nlemek i\u00e7in silindiri takarken uygun aletler kullan\u0131n.<br \/>\n3. G\u00fcvenli bir montaj sa\u011flamak i\u00e7in c\u0131vatalar\u0131 belirtilen tork de\u011ferine kadar s\u0131k\u0131n.<br \/>\n4. Sorunsuz \u00e7al\u0131\u015fmas\u0131n\u0131 sa\u011flamak i\u00e7in montajdan sonra silindirin hareketini kontrol edin.<\/p>\n<p><img decoding=\"async\" src=\"https:\/\/www.hydraulic-cylinders.net\/wp-content\/uploads\/2025\/01\/songte-bushings-with-all-kinds-of-excavator-models.webp\"><\/p>\n<p>G\u00fcvenlik Hususlar\u0131 ve \u00c7evresel Fakt\u00f6rler<br \/>\nKol silindiri, makinelerin \u00f6nemli bir bile\u015fenidir ve kaza riskini \u00f6nlemek i\u00e7in kurulum, \u00e7al\u0131\u015ft\u0131rma ve bak\u0131m s\u0131ras\u0131nda g\u00fcvenlik \u00f6nlemleri al\u0131nmal\u0131d\u0131r. Silindiri kullan\u0131rken, \u00fcreticinin talimatlar\u0131na uyun ve silindirin do\u011fru \u015fekilde tak\u0131ld\u0131\u011f\u0131ndan emin olun. S\u0131cakl\u0131k, nem ve toz gibi \u00e7evresel fakt\u00f6rler de silindirin performans\u0131n\u0131 ve kullan\u0131m \u00f6mr\u00fcn\u00fc etkileyebilir. Bu nedenle, silindir kuru ve temiz bir ortamda saklanmal\u0131d\u0131r.<\/p>\n<p>Sorun Giderme ve Yayg\u0131n Sorunlar<br \/>\n1. Ya\u011f ka\u00e7a\u011f\u0131: Contalar\u0131 kontrol edin ve gerekirse de\u011fi\u015ftirin.<br \/>\n2. Verimsiz \u00e7al\u0131\u015fma: Hidrolik ya\u011f\u0131 kontrol edin ve gerekirse de\u011fi\u015ftirin.<br \/>\n3. Anormal ses: Par\u00e7alarda hasar veya a\u015f\u0131nma olup olmad\u0131\u011f\u0131n\u0131 kontrol edin ve gerekirse de\u011fi\u015ftirin.<br \/>\n4. Hareket etmeme: Hidrolik sistemi kontrol edin ve hasarl\u0131 par\u00e7alar\u0131 de\u011fi\u015ftirin.<\/p>\n<p>\u00d6nleyici Tedbirler<br \/>\n1. D\u00fczenli denetim ve bak\u0131m.<br \/>\n2. Silindiri \u00fcreticinin talimatlar\u0131na uygun olarak kullan\u0131n.<br \/>\n3. Silindiri kuru ve temiz bir ortamda saklay\u0131n.<br \/>\n4. Hasarl\u0131 par\u00e7alar\u0131 zaman\u0131nda de\u011fi\u015ftirin.<\/p>\n<p><img decoding=\"async\" src=\"https:\/\/www.hydraulic-cylinders.net\/wp-content\/uploads\/2025\/01\/songte-chushion-collar.webp\"><\/p>\n<p>Geni\u015f \u00fcr\u00fcn yelpazesine sahip profesyonel bir hidrolik silindir \u00fcreticisiyiz ve hem yurt i\u00e7i hem de uluslararas\u0131 pazarlarda hidrolik silindirlerin \u00f6nde gelen \u00fcreticilerinden ve toptanc\u0131lar\u0131ndan biri haline geldik. Her zaman m\u00fckemmel kalite ilkesine ba\u011fl\u0131 kalarak teknik seviyemizi ve \u00fcretim verimlili\u011fimizi s\u00fcrekli olarak geli\u015ftiriyoruz. Geli\u015fmi\u015f dijital \u00fcretim ekipmanlar\u0131 ve profesyonel test sistemlerinin kullan\u0131m\u0131yla, \u00fcretim platformunu s\u00fcrekli olarak optimize ediyor ve \u00fcr\u00fcn kalite kontrol s\u00fcrecini iyile\u015ftirerek g\u00fc\u00e7l\u00fc bir inovasyon yetene\u011fi sergiliyoruz. Amac\u0131m\u0131z, y\u00fcksek verimlilik, hassasiyet ve y\u00fcksek kaliteli \u00fcr\u00fcnlerle m\u00fc\u015fterilerimizin \u00e7e\u015fitli ihtiya\u00e7lar\u0131n\u0131 kar\u015f\u0131lamakt\u0131r.<\/p>\n<p>Profesyonel hizmetler, uluslararas\u0131 sertifikasyon, \u00f6zelle\u015ftirilmi\u015f hizmetler, \u00fcretim ekipmanlar\u0131 ve sat\u0131\u015f sonras\u0131 hizmetler sunuyoruz.<\/p>\n<p><img decoding=\"async\" src=\"https:\/\/www.hydraulic-cylinders.net\/wp-content\/uploads\/2025\/01\/songte-company-4.webp\"><br \/>\n<img decoding=\"async\" src=\"https:\/\/www.hydraulic-cylinders.net\/wp-content\/uploads\/2025\/01\/songte-company-3.webp\"><\/p>\n<p>Yazar: lyl.<\/p>","protected":false},"excerpt":{"rendered":"<p>Arm Cylinder for Sany Small Excavator SY155H Arm cylinder is a specially designed hydraulic cylinder that provides linear motion and power for arms of various types of machinery, such as excavators, cranes, and mechanical arms. It plays a crucial role in hydraulic systems, allowing attachments or accessories to move and control effectively. These cylinders not [&hellip;]<\/p>","protected":false},"featured_media":14770,"comment_status":"open","ping_status":"closed","template":"","meta":{"_et_pb_use_builder":"","_et_pb_old_content":"","_et_gb_content_width":""},"product_brand":[],"product_cat":[1497],"product_tag":[1498,1496],"class_list":{"0":"post-16351","1":"product","2":"type-product","3":"status-publish","4":"has-post-thumbnail","6":"product_cat-arm-cylinders","7":"product_tag-arm-cylinders","8":"product_tag-hydraulic-cylinders","10":"first","11":"instock","12":"shipping-taxable","13":"product-type-simple"},"amp_enabled":true,"_links":{"self":[{"href":"https:\/\/www.hydraulic-cylinders.net\/tr\/wp-json\/wp\/v2\/product\/16351","targetHints":{"allow":["GET"]}}],"collection":[{"href":"https:\/\/www.hydraulic-cylinders.net\/tr\/wp-json\/wp\/v2\/product"}],"about":[{"href":"https:\/\/www.hydraulic-cylinders.net\/tr\/wp-json\/wp\/v2\/types\/product"}],"replies":[{"embeddable":true,"href":"https:\/\/www.hydraulic-cylinders.net\/tr\/wp-json\/wp\/v2\/comments?post=16351"}],"wp:featuredmedia":[{"embeddable":true,"href":"https:\/\/www.hydraulic-cylinders.net\/tr\/wp-json\/wp\/v2\/media\/14770"}],"wp:attachment":[{"href":"https:\/\/www.hydraulic-cylinders.net\/tr\/wp-json\/wp\/v2\/media?parent=16351"}],"wp:term":[{"taxonomy":"product_brand","embeddable":true,"href":"https:\/\/www.hydraulic-cylinders.net\/tr\/wp-json\/wp\/v2\/product_brand?post=16351"},{"taxonomy":"product_cat","embeddable":true,"href":"https:\/\/www.hydraulic-cylinders.net\/tr\/wp-json\/wp\/v2\/product_cat?post=16351"},{"taxonomy":"product_tag","embeddable":true,"href":"https:\/\/www.hydraulic-cylinders.net\/tr\/wp-json\/wp\/v2\/product_tag?post=16351"}],"curies":[{"name":"wp","href":"https:\/\/api.w.org\/{rel}","templated":true}]}}