{"id":16358,"date":"2025-01-20T09:08:53","date_gmt":"2025-01-20T09:08:53","guid":{"rendered":"https:\/\/www.hydraulic-cylinders.net\/product\/arm-cylinderfor-sany-middle-excavator-sy195c-9\/"},"modified":"2025-01-20T09:08:55","modified_gmt":"2025-01-20T09:08:55","slug":"arm-cylinderfor-sany-middle-excavator-sy195c-9","status":"publish","type":"product","link":"https:\/\/www.hydraulic-cylinders.net\/tr\/urun\/arm-cylinderfor-sany-middle-excavator-sy195c-9\/","title":{"rendered":"Sany Orta Ekskavat\u00f6r SY195C-9 \u0130\u00e7in Kol Silindiri"},"content":{"rendered":"<h1>Sany Orta Ekskavat\u00f6r SY195C-9 \u0130\u00e7in Kol Silindiri<\/h1>\n<h2>girii\u015f<\/h2>\n<p>Kol Silindiri, ekskavat\u00f6rler, vin\u00e7ler ve robotik kollar gibi \u00e7e\u015fitli makinelerin kollar\u0131na do\u011frusal hareket ve g\u00fc\u00e7 sa\u011flamak i\u00e7in kullan\u0131lan \u00f6zel olarak tasarlanm\u0131\u015f bir hidrolik silindirdir. Kol Silindiri, hidrolik sistemlerde \u00f6nemli bir rol oynar ve ba\u011fl\u0131 aletlerin veya aksesuarlar\u0131n verimli bir \u015fekilde hareket etmesini ve kontrol edilmesini sa\u011flar. Bu silindirler, yaln\u0131zca d\u00fczg\u00fcn hareket sa\u011flamakla kalmaz, ayn\u0131 zamanda a\u011f\u0131r y\u00fcklere de dayanarak, \u00e7e\u015fitli \u00e7al\u0131\u015fma ko\u015fullar\u0131nda makinelerin y\u00fcksek operasyonel verimlili\u011fini ve g\u00fcvenilirli\u011fini sa\u011flar.<\/p>\n<p><img decoding=\"async\" src=\"https:\/\/www.hydraulic-cylinders.net\/wp-content\/uploads\/2025\/01\/songte-company-2.webp\" alt=\"Kol Silindiri\" \/><\/p>\n<h2>\u00d6zellikler<\/h2>\n<ul>\n<li>\n<h3>Y\u00fcksek Verimli \u015eanz\u0131man<\/h3>\n<p>Kol Silindiri g\u00fc\u00e7l\u00fc do\u011frusal hareket ve kuvvet sa\u011flayarak robot kolunun \u00e7e\u015fitli operasyonlarda y\u00fcksek performans g\u00f6stermesini sa\u011flar.<\/p>\n<\/li>\n<li>\n<h3>Hassas Kontrol<\/h3>\n<p>Hidrolik sistem sayesinde Kol Silindiri hassas hareket kontrol\u00fc sa\u011flayarak, ba\u011fl\u0131 tak\u0131mlar\u0131n \u00e7al\u0131\u015fmas\u0131n\u0131 daha esnek ve hassas hale getirir.<\/p>\n<\/li>\n<li>\n<h3>Dayan\u0131kl\u0131l\u0131k<\/h3>\n<p>Kol Silindirleri genellikle y\u00fcksek mukavemetli malzemelerden yap\u0131l\u0131r, bu da m\u00fckemmel a\u015f\u0131nma direnci ve korozyon direnci sunar ve bu da onlar\u0131 zorlu ortamlarda uzun s\u00fcreli kullan\u0131ma uygun hale getirir.<\/p>\n<\/li>\n<li>\n<h3>\u00c7ok Y\u00f6nl\u00fc Uyarlanabilirlik<\/h3>\n<p>Bu silindirler, ekskavat\u00f6rler, vin\u00e7ler ve robotik kollar dahil olmak \u00fczere \u00e7e\u015fitli makine tiplerinde farkl\u0131 \u00e7al\u0131\u015fma gereksinimlerini kar\u015f\u0131lamak i\u00e7in yayg\u0131n olarak kullan\u0131labilir.<\/p>\n<\/li>\n<li>\n<h3>Kolay Bak\u0131m<\/h3>\n<p>Kol Silindirinin tasar\u0131m\u0131 bak\u0131m ve de\u011fi\u015ftirme kolayl\u0131\u011f\u0131 g\u00f6z \u00f6n\u00fcnde bulundurularak, d\u00fczenli muayene ve bak\u0131m\u0131 daha rahat hale getirir ve ekipman ar\u0131za s\u00fcresini azalt\u0131r.<\/p>\n<\/li>\n<\/ul>\n<p><img decoding=\"async\" src=\"https:\/\/www.hydraulic-cylinders.net\/wp-content\/uploads\/2025\/01\/songte-oil-pipes-and-spare-parts.webp\" alt=\"Kol Silindiri Yedek Par\u00e7alar\u0131\" \/><\/p>\n<h2>Uygulamalar<\/h2>\n<p>Kol Silindiri \u00e7e\u015fitli end\u00fcstrilerde uygulama alan\u0131 bulmaktad\u0131r:<\/p>\n<ul>\n<li>\n<h3>\u0130n\u015faat M\u00fchendisli\u011fi<\/h3>\n<p>Ekskavat\u00f6rlerde ve vin\u00e7lerde Kol Silindiri, toprak i\u015fleri, malzeme ta\u015f\u0131ma ve yap\u0131sal montaj i\u00e7in kova veya bomun hareketini kontrol eder.<\/p>\n<\/li>\n<li>\n<h3>\u00dcretme<\/h3>\n<p>Otomatik \u00fcretim hatlar\u0131nda, Kol Silindiri, montaj, kaynak ve malzeme ta\u015f\u0131ma s\u00fcre\u00e7lerinde robot kollar\u0131n\u0131n hareket etmesini sa\u011flayarak \u00fcretim verimlili\u011fini ve do\u011frulu\u011funu art\u0131r\u0131r.<\/p>\n<\/li>\n<li>\n<h3>Tar\u0131m Makinalar\u0131<\/h3>\n<p>Bi\u00e7erd\u00f6ver ve ekim makineleri gibi tar\u0131m makinelerinde Kol Silindiri, ekim, g\u00fcbreleme ve hasat gibi g\u00f6revlerde \u00e7al\u0131\u015fan kollar\u0131n hareketini kontrol eder.<\/p>\n<\/li>\n<li>\n<h3>Madencilik<\/h3>\n<p>Madencilik ekipmanlar\u0131nda Kol Silindiri, madencilik ve malzeme ta\u015f\u0131ma operasyonlar\u0131 i\u00e7in kol hareketini kontrol eder.<\/p>\n<\/li>\n<li>\n<h3>Lojistik ve Ta\u015f\u0131mac\u0131l\u0131k<\/h3>\n<p>Forkliftlerde ve ta\u015f\u0131ma robotlar\u0131nda, Kol Silindiri \u00e7atallar\u0131n kald\u0131r\u0131lmas\u0131n\u0131 ve hareketini kontrol ederek malzeme ta\u015f\u0131ma ve istiflemeyi m\u00fcmk\u00fcn k\u0131lar.<\/p>\n<\/li>\n<\/ul>\n<h2>Tasar\u0131m Hususlar\u0131 ve Se\u00e7im Kriterleri<\/h2>\n<p>Kol Silindirleri i\u00e7in tasar\u0131m hususlar\u0131 ve se\u00e7im kriterleri s\u00f6z konusu oldu\u011funda, a\u015fa\u011f\u0131daki hususlar \u00f6nemlidir:<\/p>\n<ul>\n<li>\n<h3>Y\u00fck Ta\u015f\u0131ma Kapasitesi<\/h3>\n<p>Kol Silindiri, kullan\u0131ld\u0131\u011f\u0131 makinenin \u00f6zel y\u00fck gereksinimlerini kar\u015f\u0131layacak \u015fekilde tasarlanmal\u0131d\u0131r.<\/p>\n<\/li>\n<li>\n<h3>S\u0131zd\u0131rmazl\u0131k<\/h3>\n<p>Etkili s\u0131zd\u0131rmazl\u0131k sa\u011flamak i\u00e7in piston contalar\u0131 ve piston kolu contalar\u0131 gibi \u00e7e\u015fitli s\u0131zd\u0131rmazl\u0131k bile\u015fenleri kullan\u0131lmal\u0131d\u0131r. Bu contalar, poli\u00fcretan ve nitril kau\u00e7uk gibi a\u015f\u0131nmaya dayan\u0131kl\u0131 malzemelerden \u00fcretilmi\u015ftir. Silindir g\u00f6vdesi ve di\u015fli u\u00e7 y\u00fczeyleri, a\u015f\u0131nma direncini art\u0131rmak i\u00e7in hassas bir \u015fekilde i\u015flenmi\u015ftir.<\/p>\n<\/li>\n<li>\n<h3>Dayan\u0131kl\u0131l\u0131k<\/h3>\n<p>Kol Silindiri, dayan\u0131kl\u0131l\u0131k ve a\u015f\u0131nma ve korozyona kar\u015f\u0131 direnci garanti alt\u0131na almak i\u00e7in y\u00fcksek kaliteli malzemelerden yap\u0131lmal\u0131d\u0131r.<\/p>\n<\/li>\n<li>\n<h3>Emniyet<\/h3>\n<p>Kazalar\u0131 \u00f6nlemek ve operat\u00f6rlerin ve \u00e7evredeki ekipmanlar\u0131n korunmas\u0131n\u0131 sa\u011flamak i\u00e7in Kol Silindirinin tasar\u0131m\u0131na g\u00fcvenlik \u00f6zellikleri dahil edilmelidir.<\/p>\n<\/li>\n<li>\n<h3>Bak\u0131m kolayl\u0131\u011f\u0131<\/h3>\n<p>Kol Silindirinin tasar\u0131m\u0131, bak\u0131m ve onar\u0131m kolayl\u0131\u011f\u0131 g\u00f6z \u00f6n\u00fcnde bulundurularak, d\u00fczenli muayenelerin yap\u0131lmas\u0131n\u0131 kolayla\u015ft\u0131rmal\u0131 ve olas\u0131 ar\u0131za s\u00fcrelerini azaltmal\u0131d\u0131r.<\/p>\n<\/li>\n<\/ul>\n<p><img decoding=\"async\" src=\"https:\/\/www.hydraulic-cylinders.net\/wp-content\/uploads\/2025\/01\/songte-cylinder-head-with-all-kinds-excavator-models.webp\" alt=\"Silindir Kapa\u011f\u0131\" \/><\/p>\n<h2>S\u0131zd\u0131rmazl\u0131k ve Ya\u011flama<\/h2>\n<p>Kol Silindirleri, poli\u00fcretan ve nitril kau\u00e7uk gibi a\u015f\u0131nmaya dayan\u0131kl\u0131 malzemelerden yap\u0131lm\u0131\u015f piston contalar\u0131 ve piston kolu contalar\u0131 da dahil olmak \u00fczere \u00e7e\u015fitli s\u0131zd\u0131rmazl\u0131k bile\u015fenleri kullan\u0131r. Silindir g\u00f6vdesi ve di\u015fli u\u00e7 y\u00fczeyleri, a\u015f\u0131nma direncini art\u0131rmak i\u00e7in hassas bir i\u015flemden ge\u00e7irilir. Sorunsuz \u00e7al\u0131\u015fma sa\u011flamak i\u00e7in hidrolik ya\u011f ile d\u00fczenli ya\u011flama gereklidir.<\/p>\n<h2>D\u00fczenli Muayene ve \u00d6nleyici Bak\u0131m<\/h2>\n<p>Kol Silindirinin optimum performans\u0131 ve uzun \u00f6m\u00fcrl\u00fcl\u00fc\u011f\u00fc i\u00e7in d\u00fczenli muayene ve \u00f6nleyici bak\u0131m \u015fartt\u0131r. A\u015fa\u011f\u0131daki \u00f6nlemler al\u0131nmal\u0131d\u0131r:<\/p>\n<ul>\n<li>\n<h3>G\u00f6rsel Muayene<\/h3>\n<p>Kol Silindirini a\u015f\u0131nma, hasar veya s\u0131z\u0131nt\u0131 belirtileri a\u00e7\u0131s\u0131ndan d\u00fczenli olarak kontrol edin. Contalar\u0131n, ba\u011flant\u0131lar\u0131n ve di\u011fer bile\u015fenlerin s\u0131k\u0131l\u0131\u011f\u0131n\u0131 ve d\u00fczg\u00fcn \u00e7al\u0131\u015fmas\u0131n\u0131 kontrol edin.<\/p>\n<\/li>\n<li>\n<h3>Temizlik ve Ya\u011flama<\/h3>\n<p>Kol Silindirini temizleyin ve \u00fcreticinin \u00f6nerdi\u011fi uygun hidrolik ya\u011f ile ya\u011flay\u0131n.<\/p>\n<\/li>\n<li>\n<h3>S\u0131kma ve Ayarlama<\/h3>\n<p>T\u00fcm ba\u011flant\u0131 elemanlar\u0131n\u0131 ve ba\u011flant\u0131lar\u0131 kontrol edip s\u0131k\u0131n. D\u00fczg\u00fcn \u00e7al\u0131\u015fmas\u0131n\u0131 sa\u011flamak i\u00e7in gerekli ayarlamalar\u0131 yap\u0131n.<\/p>\n<\/li>\n<li>\n<h3>\u00d6nleyici De\u011fi\u015ftirme<\/h3>\n<p>A\u015f\u0131nm\u0131\u015f contalar\u0131, hasarl\u0131 bile\u015fenleri veya hizmet \u00f6m\u00fcrlerinin sonuna yakla\u015fan par\u00e7alar\u0131 b\u00fcy\u00fck sorunlara yol a\u00e7madan \u00f6nce de\u011fi\u015ftirin.<\/p>\n<\/li>\n<\/ul>\n<h2>\u00dcr\u00fcn Kurulum K\u0131lavuzu<\/h2>\n<p>Kol Silindirinin do\u011fru montaj\u0131 i\u00e7in \u015fu ad\u0131mlar\u0131 izleyin:<\/p>\n<ol>\n<li>Kurulum i\u015flemine ba\u015flamadan \u00f6nce makinenin uygun \u015fekilde desteklendi\u011finden ve g\u00fcvenli oldu\u011fundan emin olun.<\/li>\n<li>Eski silindirden t\u00fcm hidrolik hatlar\u0131 veya ba\u011flant\u0131lar\u0131 ay\u0131r\u0131n.<\/li>\n<li>Eski silindiri montaj yerinden \u00e7\u0131kar\u0131n.<\/li>\n<li>Yeni Kol Silindirini montaj yerine yerle\u015ftirin ve do\u011fru hizalamay\u0131 sa\u011flay\u0131n.<\/li>\n<li>Silindiri uygun c\u0131vatalar veya montaj braketleri kullanarak g\u00fcvenli bir \u015fekilde sabitleyin.<\/li>\n<li>Hidrolik hatlar\u0131n\u0131 ve ba\u011flant\u0131 par\u00e7alar\u0131n\u0131 yeniden ba\u011flay\u0131n, uygun s\u0131zd\u0131rmazl\u0131k ve s\u0131k\u0131l\u0131\u011f\u0131 sa\u011flay\u0131n.<\/li>\n<li>Normal \u00e7al\u0131\u015fmaya devam etmeden \u00f6nce herhangi bir s\u0131z\u0131nt\u0131 olup olmad\u0131\u011f\u0131n\u0131 kontrol edin ve sorunsuz \u00e7al\u0131\u015ft\u0131\u011f\u0131ndan emin olun.<\/li>\n<\/ol>\n<p><img decoding=\"async\" src=\"https:\/\/www.hydraulic-cylinders.net\/wp-content\/uploads\/2025\/01\/songte-bushings-with-all-kinds-of-excavator-models.webp\" alt=\"Bur\u00e7lar\" \/><\/p>\n<h2>G\u00fcvenlik Hususlar\u0131 ve \u00c7evresel Fakt\u00f6rler<\/h2>\n<p>Kol Silindirleri kullan\u0131l\u0131rken g\u00fcvenlik \u00f6nlemleri son derece \u00f6nemlidir. Kazalar\u0131 \u00f6nlemek ve operat\u00f6rlerin ve \u00e7evredekilerin sa\u011fl\u0131\u011f\u0131n\u0131 korumak i\u00e7in uygun e\u011fitim ve g\u00fcvenlik protokollerine uyulmas\u0131 gereklidir. Ayr\u0131ca, kullan\u0131lm\u0131\u015f hidrolik ya\u011f\u0131n uygun \u015fekilde bertaraf edilmesi ve \u00e7evre y\u00f6netmeliklerine uyulmas\u0131 gibi \u00e7evresel fakt\u00f6rlerin de dikkate al\u0131nmas\u0131 \u00f6nemlidir.<\/p>\n<h2>Sorun Giderme ve Yayg\u0131n Sorunlar<\/h2>\n<p>Kol Silindirleri i\u00e7in baz\u0131 yayg\u0131n sorun giderme ipu\u00e7lar\u0131 ve \u00e7\u00f6z\u00fcmleri \u015funlard\u0131r:<\/p>\n<ul>\n<li>\n<h3>Sorun: S\u0131z\u0131nt\u0131<\/h3>\n<p>\u00c7\u00f6z\u00fcm: Contalarda ve ba\u011flant\u0131larda herhangi bir hasar veya hizalama hatas\u0131 olup olmad\u0131\u011f\u0131n\u0131 kontrol edin. A\u015f\u0131nm\u0131\u015f contalar\u0131 de\u011fi\u015ftirin veya gev\u015fek ba\u011flant\u0131lar\u0131 s\u0131k\u0131n.<\/p>\n<\/li>\n<li>\n<h3>Sorun: Yetersiz G\u00fc\u00e7<\/h3>\n<p>\u00c7\u00f6z\u00fcm: Hidrolik sistemin yeterli bas\u0131n\u00e7 ve ak\u0131\u015fa sahip oldu\u011fundan emin olun. Hidrolik hatlarda herhangi bir k\u0131s\u0131tlama veya t\u0131kan\u0131kl\u0131k olup olmad\u0131\u011f\u0131n\u0131 kontrol edin.<\/p>\n<\/li>\n<li>\n<h3>Sorun: D\u00fczensiz Hareket<\/h3>\n<p>\u00c7\u00f6z\u00fcm: Kol Silindirinde herhangi bir hasar veya hizalama hatas\u0131 olup olmad\u0131\u011f\u0131n\u0131 kontrol edin. D\u00fczensiz harekete neden olabilecek a\u015f\u0131nm\u0131\u015f bile\u015fenleri ayarlay\u0131n veya de\u011fi\u015ftirin.<\/p>\n<\/li>\n<p>  <\n<\/p>","protected":false},"excerpt":{"rendered":"<p>Arm CylinderFor Sany Middle Excavator SY195C-9 Introduction The Arm Cylinder is a specially designed hydraulic cylinder that is used to provide linear motion and power to the arm of various machinery, such as excavators, cranes, and robotic arms. The Arm Cylinder plays a crucial role in hydraulic systems, allowing for efficient movement and control of [&hellip;]<\/p>","protected":false},"featured_media":14777,"comment_status":"open","ping_status":"closed","template":"","meta":{"_et_pb_use_builder":"","_et_pb_old_content":"","_et_gb_content_width":""},"product_brand":[],"product_cat":[1497],"product_tag":[1498,1496],"class_list":{"0":"post-16358","1":"product","2":"type-product","3":"status-publish","4":"has-post-thumbnail","6":"product_cat-arm-cylinders","7":"product_tag-arm-cylinders","8":"product_tag-hydraulic-cylinders","10":"first","11":"instock","12":"shipping-taxable","13":"product-type-simple"},"amp_enabled":true,"_links":{"self":[{"href":"https:\/\/www.hydraulic-cylinders.net\/tr\/wp-json\/wp\/v2\/product\/16358","targetHints":{"allow":["GET"]}}],"collection":[{"href":"https:\/\/www.hydraulic-cylinders.net\/tr\/wp-json\/wp\/v2\/product"}],"about":[{"href":"https:\/\/www.hydraulic-cylinders.net\/tr\/wp-json\/wp\/v2\/types\/product"}],"replies":[{"embeddable":true,"href":"https:\/\/www.hydraulic-cylinders.net\/tr\/wp-json\/wp\/v2\/comments?post=16358"}],"wp:featuredmedia":[{"embeddable":true,"href":"https:\/\/www.hydraulic-cylinders.net\/tr\/wp-json\/wp\/v2\/media\/14777"}],"wp:attachment":[{"href":"https:\/\/www.hydraulic-cylinders.net\/tr\/wp-json\/wp\/v2\/media?parent=16358"}],"wp:term":[{"taxonomy":"product_brand","embeddable":true,"href":"https:\/\/www.hydraulic-cylinders.net\/tr\/wp-json\/wp\/v2\/product_brand?post=16358"},{"taxonomy":"product_cat","embeddable":true,"href":"https:\/\/www.hydraulic-cylinders.net\/tr\/wp-json\/wp\/v2\/product_cat?post=16358"},{"taxonomy":"product_tag","embeddable":true,"href":"https:\/\/www.hydraulic-cylinders.net\/tr\/wp-json\/wp\/v2\/product_tag?post=16358"}],"curies":[{"name":"wp","href":"https:\/\/api.w.org\/{rel}","templated":true}]}}