{"id":16365,"date":"2025-01-20T09:09:27","date_gmt":"2025-01-20T09:09:27","guid":{"rendered":"https:\/\/www.hydraulic-cylinders.net\/product\/arm-cylinderfor-sany-middle-excavator-sy225c-9\/"},"modified":"2025-01-20T09:09:29","modified_gmt":"2025-01-20T09:09:29","slug":"arm-cylinderfor-sany-middle-excavator-sy225c-9","status":"publish","type":"product","link":"https:\/\/www.hydraulic-cylinders.net\/tr\/urun\/arm-cylinderfor-sany-middle-excavator-sy225c-9\/","title":{"rendered":"Sany SY225C-9 Orta Ekskavat\u00f6r i\u00e7in Kol Silindiri"},"content":{"rendered":"<h2>Sany SY225C-9 Orta Ekskavat\u00f6r i\u00e7in Kol Silindiri<\/h2>\n<p>Ad\u0131ndan da anla\u015f\u0131laca\u011f\u0131 gibi, kol silindiri, ekskavat\u00f6rler, vin\u00e7ler ve robot kollar\u0131 gibi \u00e7e\u015fitli makinelerin koluna do\u011frusal hareket ve g\u00fc\u00e7 sa\u011flamak \u00fczere tasarlanm\u0131\u015f \u00f6zel bir hidrolik silindirdir. Hidrolik sistemlerde \u00e7ok \u00f6nemli bir rol oynayarak, ek aletlerin veya ata\u015fmanlar\u0131n verimli hareketini ve kontrol\u00fcn\u00fc sa\u011flar. Bu silindirler sadece d\u00fczg\u00fcn hareket sa\u011flamakla kalmaz, ayn\u0131 zamanda a\u011f\u0131r y\u00fckleri de ta\u015f\u0131yarak, \u00e7e\u015fitli \u00e7al\u0131\u015fma ko\u015fullar\u0131nda makinelerin verimli \u00e7al\u0131\u015fmas\u0131n\u0131 ve g\u00fcvenilirli\u011fini garanti eder.<\/p>\n<p><img decoding=\"async\" src=\"https:\/\/www.hydraulic-cylinders.net\/wp-content\/uploads\/2025\/01\/songte-company-2.webp\" alt=\"Kol Silindiri\" \/><\/p>\n<h3>\u00d6zellikler<\/h3>\n<ul>\n<li><strong>Verimli G\u00fc\u00e7 Aktar\u0131m\u0131:<\/strong> Kol silindiri, g\u00fc\u00e7l\u00fc do\u011frusal hareket ve kuvvet sa\u011flayarak mekanik kolun \u00e7e\u015fitli i\u015flemlerde y\u00fcksek performans g\u00f6stermesini garanti eder.<\/li>\n<li><strong>Hassas Kontrol:<\/strong> Hidrolik sistem sayesinde, Kol Silindiri hassas hareket kontrol\u00fc sa\u011flayarak ek aletlerle yap\u0131lan i\u015flemleri daha esnek ve do\u011fru hale getirir.<\/li>\n<li><strong>Dayan\u0131kl\u0131l\u0131k:<\/strong> Kol Silindirleri genellikle y\u00fcksek mukavemetli malzemeler kullan\u0131larak \u00fcretilir, m\u00fckemmel a\u015f\u0131nma ve korozyon direnci sunar ve bu da onlar\u0131 zorlu ortamlarda uzun s\u00fcreli kullan\u0131ma uygun hale getirir.<\/li>\n<li><strong>\u00c7ok Fonksiyonlu Uyarlanabilirlik:<\/strong> Bu silindirler, ekskavat\u00f6rler, vin\u00e7ler ve robotik kollar da dahil olmak \u00fczere \u00e7e\u015fitli makine ekipmanlar\u0131nda geni\u015f uygulama alan\u0131 bulmakta ve farkl\u0131 \u00e7al\u0131\u015fma gereksinimlerine uyum sa\u011flamaktad\u0131r.<\/li>\n<li><strong>Bak\u0131m Kolayl\u0131\u011f\u0131:<\/strong> Kolay bak\u0131m ve de\u011fi\u015ftirme imkan\u0131 g\u00f6z \u00f6n\u00fcnde bulundurularak tasarlanan Kol Silindirleri, d\u00fczenli inceleme ve bak\u0131m i\u015flemlerini kolayla\u015ft\u0131rarak ekipman ar\u0131za s\u00fcrelerini azalt\u0131r.<\/li>\n<\/ul>\n<p><img decoding=\"async\" src=\"https:\/\/www.hydraulic-cylinders.net\/wp-content\/uploads\/2025\/01\/songte-oil-pipes-and-spare-parts.webp\" alt=\"Yedek par\u00e7a\" \/><\/p>\n<h3>Uygulamalar<\/h3>\n<p>Kol silindirleri a\u015fa\u011f\u0131daki sekt\u00f6rlerde yayg\u0131n olarak kullan\u0131lmaktad\u0131r:<\/p>\n<ol>\n<li><strong>\u0130n\u015faat M\u00fchendisli\u011fi:<\/strong> Kaz\u0131c\u0131 makinelerde ve vin\u00e7lerde, kol silindirleri toprak i\u015fleri, malzeme ta\u015f\u0131ma ve yap\u0131sal kurulum i\u00e7in kep\u00e7elerin veya bomlar\u0131n hareketini kontrol eder.<\/li>\n<li><strong>\u00dcretme:<\/strong> Otomatik \u00fcretim hatlar\u0131nda, Kol Silindirleri, montaj, kaynak ve malzeme ta\u015f\u0131ma s\u00fcre\u00e7lerinde robot kollar\u0131n\u0131n hareketini sa\u011flayarak verimlili\u011fi ve hassasiyeti art\u0131r\u0131r.<\/li>\n<li><strong>Tar\u0131m Makinalar\u0131:<\/strong> Kol silindirleri, bi\u00e7erd\u00f6ver ve tohum ekme makineleri gibi tar\u0131m makinelerinde \u00e7al\u0131\u015fma kollar\u0131n\u0131n hareketini kontrol ederek tohum ekme, g\u00fcbreleme ve hasat gibi g\u00f6revleri yerine getirir.<\/li>\n<li><strong>Madencilik:<\/strong> Madencilik ekipmanlar\u0131nda, kol silindirleri cevher \u00e7\u0131karma ve ta\u015f\u0131ma i\u015flemlerinde kol hareketini kontrol eder.<\/li>\n<li><strong>Lojistik ve Ta\u015f\u0131mac\u0131l\u0131k:<\/strong> Kol silindirleri, forkliftlerde ve ta\u015f\u0131ma robotlar\u0131nda \u00e7atallar\u0131n kald\u0131rma ve hareketini kontrol etmek, malzeme ta\u015f\u0131ma ve istiflemeyi sa\u011flamak i\u00e7in kullan\u0131l\u0131r.<\/li>\n<\/ol>\n<h3>Tasar\u0131m Hususlar\u0131 ve Se\u00e7im Kriterleri<\/h3>\n<p>Kol silindirlerinin tasar\u0131m\u0131 ve se\u00e7imi s\u00f6z konusu oldu\u011funda, \u00e7e\u015fitli fakt\u00f6rler dikkate al\u0131nmal\u0131d\u0131r:<\/p>\n<ol>\n<li><strong>Ta\u015f\u0131ma Kapasitesi:<\/strong> Kol silindirleri, belirli uygulamalarda beklenen y\u00fckleri ve kuvvetleri kald\u0131rabilecek \u015fekilde tasarlanmal\u0131d\u0131r.<\/li>\n<li><strong>S\u0131zd\u0131rmazl\u0131k:<\/strong> Etkili bir s\u0131zd\u0131rmazl\u0131k sa\u011flamak i\u00e7in, poli\u00fcretan ve nitril kau\u00e7uk gibi a\u015f\u0131nmaya dayan\u0131kl\u0131 malzemelerden yap\u0131lm\u0131\u015f piston contalar\u0131 ve mil contalar\u0131 gibi \u00e7e\u015fitli s\u0131zd\u0131rmazl\u0131k bile\u015fenleri kullan\u0131lmal\u0131d\u0131r.<\/li>\n<li><strong>Dayan\u0131kl\u0131l\u0131k:<\/strong> Silindir g\u00f6vdesi ve di\u015fli u\u00e7lar\u0131, a\u015f\u0131nma direncini ve genel dayan\u0131kl\u0131l\u0131\u011f\u0131 art\u0131rmak i\u00e7in hassas bir i\u015flemden ge\u00e7irilmelidir.<\/li>\n<li><strong>Emniyet:<\/strong> Operat\u00f6r\u00fcn operasyon s\u0131ras\u0131nda korunmas\u0131n\u0131 sa\u011flamak ve kazalar\u0131 \u00f6nlemek i\u00e7in tasar\u0131ma g\u00fcvenlik \u00f6zellikleri dahil edilmelidir.<\/li>\n<li><strong>Bak\u0131m kolayl\u0131\u011f\u0131:<\/strong> Bak\u0131m ve onar\u0131m kolayl\u0131\u011f\u0131 g\u00f6z \u00f6n\u00fcnde bulundurulmal\u0131, bu da h\u0131zl\u0131 ve pratik inceleme ve par\u00e7a de\u011fi\u015fimine olanak sa\u011flamal\u0131d\u0131r.<\/li>\n<\/ol>\n<p><img decoding=\"async\" src=\"https:\/\/www.hydraulic-cylinders.net\/wp-content\/uploads\/2025\/01\/songte-cylinder-head-with-all-kinds-excavator-models.webp\" alt=\"Silindir Kapa\u011f\u0131\" \/><\/p>\n<h3>S\u0131zd\u0131rmazl\u0131k ve Ya\u011flama<\/h3>\n<p>Etkin s\u0131zd\u0131rmazl\u0131k ve ya\u011flama sa\u011flamak i\u00e7in, Arm Cylinders, poli\u00fcretan ve nitril kau\u00e7uk gibi a\u015f\u0131nmaya dayan\u0131kl\u0131 malzemelerden yap\u0131lm\u0131\u015f piston contalar\u0131 ve mil contalar\u0131 gibi \u00e7e\u015fitli s\u0131zd\u0131rmazl\u0131k bile\u015fenleri kullan\u0131r. Silindir g\u00f6vdesi ve di\u015fli u\u00e7lar, a\u015f\u0131nma direncini art\u0131rmak i\u00e7in hassas bir i\u015flemden ge\u00e7irilir. Optimum performans\u0131 korumak i\u00e7in uygun hidrolik ya\u011f ile d\u00fczenli ya\u011flama gereklidir.<\/p>\n<h3>Periyodik Muayene ve \u00d6nleyici Bak\u0131m<\/h3>\n<p>Kol silindirlerinin uzun \u00f6m\u00fcrl\u00fc ve g\u00fcvenilir \u00e7al\u0131\u015fmas\u0131n\u0131 sa\u011flamak i\u00e7in a\u015fa\u011f\u0131daki \u00f6nlemler al\u0131nmal\u0131d\u0131r:<\/p>\n<ol>\n<li>T\u00fcm par\u00e7alar\u0131 d\u00fczenli olarak a\u015f\u0131nma, hasar veya s\u0131z\u0131nt\u0131 belirtileri a\u00e7\u0131s\u0131ndan kontrol edin.<\/li>\n<li>Silindirin do\u011fru \u00e7al\u0131\u015fmas\u0131n\u0131 sa\u011flamak i\u00e7in hizalamas\u0131n\u0131 ve montaj\u0131n\u0131 kontrol edin ve ayarlay\u0131n.<\/li>\n<li>Hidrolik s\u0131v\u0131s\u0131n\u0131n uygun seviyesini ve kalitesini izleyin ve koruyun.<\/li>\n<li>A\u015f\u0131nm\u0131\u015f contalar\u0131 ve di\u011fer par\u00e7alar\u0131 derhal de\u011fi\u015ftirin.<\/li>\n<li>Silindirin d\u00fczenli olarak temizlenmesi ve ya\u011flanmas\u0131, kirlenmeyi \u00f6nler ve sorunsuz \u00e7al\u0131\u015fmas\u0131n\u0131 sa\u011flar.<\/li>\n<\/ol>\n<h3>Do\u011fru \u00dcr\u00fcn Kurulumu<\/h3>\n<p>Kol silindirlerinin optimum performans ve g\u00fcvenli\u011fi i\u00e7in do\u011fru kurulum \u00e7ok \u00f6nemlidir. L\u00fctfen \u015fu ad\u0131mlar\u0131 izleyin:<\/p>\n<ol>\n<li>Montaj y\u00fczeylerinin temiz, d\u00fcz ve her t\u00fcrl\u00fc kal\u0131nt\u0131dan ar\u0131nd\u0131r\u0131lm\u0131\u015f oldu\u011fundan emin olun.<\/li>\n<li>Uygun aletleri kullanarak silindiri ve montaj braketlerini do\u011fru \u015fekilde hizalay\u0131n.<\/li>\n<li>T\u00fcm montaj c\u0131vatalar\u0131n\u0131 belirtilen tork de\u011ferlerine g\u00f6re s\u0131k\u0131n.<\/li>\n<li>Montaj sonras\u0131nda herhangi bir hizalama sorunu veya s\u0131k\u0131\u015fma olup olmad\u0131\u011f\u0131n\u0131 kontrol edin ve gerekli ayarlamalar\u0131 yap\u0131n.<\/li>\n<\/ol>\n<p><img decoding=\"async\" src=\"https:\/\/www.hydraulic-cylinders.net\/wp-content\/uploads\/2025\/01\/songte-bushings-with-all-kinds-of-excavator-models.webp\" alt=\"Bur\u00e7lar\" \/><\/p>\n<h3>G\u00fcvenlik Hususlar\u0131 ve \u00c7evresel Fakt\u00f6rler<\/h3>\n<p>Kol silindirleriyle \u00e7al\u0131\u015f\u0131rken g\u00fcvenlik \u00f6nlemleri son derece \u00f6nemlidir. Operat\u00f6rlerin g\u00fcvenli\u011fini sa\u011flamak ve kazalar\u0131 \u00f6nlemek i\u00e7in uygun e\u011fitim verilmelidir. Uygun malzemelerin se\u00e7imi ve uzun vadeli performans\u0131n sa\u011flanmas\u0131 i\u00e7in s\u0131cakl\u0131k ve a\u015f\u0131nd\u0131r\u0131c\u0131 maddelere maruz kalma gibi \u00e7evresel fakt\u00f6rler de dikkate al\u0131nmal\u0131d\u0131r.<\/p>\n<h3>Ar\u0131za Te\u015fhisi ve Yayg\u0131n Sorunlar<\/h3>\n<p>Kol silindirlerinde s\u0131k g\u00f6r\u00fclen sorunlar aras\u0131nda s\u0131z\u0131nt\u0131, performans d\u00fc\u015f\u00fc\u015f\u00fc ve anormal sesler yer al\u0131r. Bu sorunlar\u0131 te\u015fhis etmek ve gidermek i\u00e7in:<\/p>\n<ol>\n<li>T\u00fcm contalar\u0131 ve ba\u011flant\u0131 noktalar\u0131n\u0131 s\u0131z\u0131nt\u0131 belirtileri a\u00e7\u0131s\u0131ndan kontrol edin.<\/li>\n<li>Hidrolik s\u0131v\u0131s\u0131n\u0131n seviyesini ve kalitesini kontrol edin.<\/li>\n<li>Silindirin hizalanmas\u0131n\u0131 ve montaj\u0131n\u0131 do\u011frulay\u0131n.<\/li>\n<li>\u00c7al\u0131\u015fma s\u0131ras\u0131nda ola\u011fand\u0131\u015f\u0131 bir ses olup olmad\u0131\u011f\u0131n\u0131 dinleyin.<\/li>\n<\/ol>\n<p>\u00d6zel sorun giderme ve \u00e7\u00f6z\u00fcmler i\u00e7in, \u00fcreticinin y\u00f6nergelerine ba\u015fvurun veya sorunlar\u0131 etkili bir \u015fekilde te\u015fhis ve \u00e7\u00f6zmek i\u00e7in profesyonel yard\u0131m al\u0131n. Potansiyel sorunlar\u0131 en aza indirmek i\u00e7in \u00f6nleyici tedbirlere \u00f6nem verin.<\/p>\n<p><img decoding=\"async\" src=\"https:\/\/www.hydraulic-cylinders.net\/wp-content\/uploads\/2025\/01\/songte-chushion-collar.webp\" alt=\"Chushion Yaka\" \/><\/p>\n<p>Makaleyi mant\u0131kl\u0131 bir \u015fekilde d\u00fczenlemeyi, kolay gezinme i\u00e7in alt ba\u015fl\u0131klar kullanmay\u0131, anlay\u0131\u015f\u0131 geli\u015ftirmek i\u00e7in ilgili g\u00f6rseller veya grafikler eklemeyi ve i\u00e7eri\u011fin farkl\u0131 teknik bilgi seviyelerine sahip okuyucular i\u00e7in a\u00e7\u0131k, \u00f6z ve uygun olmas\u0131n\u0131 sa\u011flamay\u0131 unutmay\u0131n.<\/p>\n<p>Yazar: lyl<\/p>\n<p><img decoding=\"async\" src=\"https:\/\/www.hydraulic-cylinders.net\/wp-content\/uploads\/2025\/01\/songte-company-4.webp\" alt=\"\u015eirket\" \/><br \/>\n<img decoding=\"async\" src=\"https:\/\/www.hydraulic-cylinders.net\/wp-content\/uploads\/2025\/01\/songte-company-3.webp\" alt=\"\u015eirket\" \/><\/p>","protected":false},"excerpt":{"rendered":"<p>Arm CylinderFor Sany Middle Excavator SY225C-9 Arm Cylinder, as the name suggests, is a specialized hydraulic cylinder designed to provide linear motion and power to the arm of various machinery, such as excavators, cranes, and robotic arms. It plays a crucial role in hydraulic systems, allowing for efficient movement and control of additional tools or [&hellip;]<\/p>","protected":false},"featured_media":14786,"comment_status":"open","ping_status":"closed","template":"","meta":{"_et_pb_use_builder":"","_et_pb_old_content":"","_et_gb_content_width":""},"product_brand":[],"product_cat":[1497],"product_tag":[1498,1496],"class_list":{"0":"post-16365","1":"product","2":"type-product","3":"status-publish","4":"has-post-thumbnail","6":"product_cat-arm-cylinders","7":"product_tag-arm-cylinders","8":"product_tag-hydraulic-cylinders","10":"first","11":"instock","12":"shipping-taxable","13":"product-type-simple"},"amp_enabled":true,"_links":{"self":[{"href":"https:\/\/www.hydraulic-cylinders.net\/tr\/wp-json\/wp\/v2\/product\/16365","targetHints":{"allow":["GET"]}}],"collection":[{"href":"https:\/\/www.hydraulic-cylinders.net\/tr\/wp-json\/wp\/v2\/product"}],"about":[{"href":"https:\/\/www.hydraulic-cylinders.net\/tr\/wp-json\/wp\/v2\/types\/product"}],"replies":[{"embeddable":true,"href":"https:\/\/www.hydraulic-cylinders.net\/tr\/wp-json\/wp\/v2\/comments?post=16365"}],"wp:featuredmedia":[{"embeddable":true,"href":"https:\/\/www.hydraulic-cylinders.net\/tr\/wp-json\/wp\/v2\/media\/14786"}],"wp:attachment":[{"href":"https:\/\/www.hydraulic-cylinders.net\/tr\/wp-json\/wp\/v2\/media?parent=16365"}],"wp:term":[{"taxonomy":"product_brand","embeddable":true,"href":"https:\/\/www.hydraulic-cylinders.net\/tr\/wp-json\/wp\/v2\/product_brand?post=16365"},{"taxonomy":"product_cat","embeddable":true,"href":"https:\/\/www.hydraulic-cylinders.net\/tr\/wp-json\/wp\/v2\/product_cat?post=16365"},{"taxonomy":"product_tag","embeddable":true,"href":"https:\/\/www.hydraulic-cylinders.net\/tr\/wp-json\/wp\/v2\/product_tag?post=16365"}],"curies":[{"name":"wp","href":"https:\/\/api.w.org\/{rel}","templated":true}]}}