{"id":16367,"date":"2025-01-20T09:09:36","date_gmt":"2025-01-20T09:09:36","guid":{"rendered":"https:\/\/www.hydraulic-cylinders.net\/product\/arm-cylinderfor-sany-middle-excavator-sy265cq\/"},"modified":"2025-01-20T09:09:38","modified_gmt":"2025-01-20T09:09:38","slug":"arm-cylinderfor-sany-middle-excavator-sy265cq","status":"publish","type":"product","link":"https:\/\/www.hydraulic-cylinders.net\/tr\/urun\/arm-cylinderfor-sany-middle-excavator-sy265cq\/","title":{"rendered":"Sany SY265CQ Orta Ekskavat\u00f6r i\u00e7in Kol Silindiri"},"content":{"rendered":"<h2>Sany SY265CQ Orta Ekskavat\u00f6r \u0130\u00e7in Kol Silindiri<\/h2>\n<h3>girii\u015f<\/h3>\n<p>Kol silindiri, ekskavat\u00f6rler, vin\u00e7ler ve mekanik kollar gibi \u00e7e\u015fitli makine kollar\u0131n\u0131n do\u011frusal hareketini ve g\u00fcc\u00fcn\u00fc sa\u011flamak \u00fczere tasarlanm\u0131\u015f \u00f6zel bir hidrolik silindirdir. Hidrolik sistemde \u00e7ok \u00f6nemli bir rol oynayarak, ata\u015fmanlar\u0131n veya aksesuarlar\u0131n etkili hareketini ve kontrol\u00fcn\u00fc sa\u011flar. Bu silindirler sadece d\u00fczg\u00fcn hareket sa\u011flamakla kalmaz, ayn\u0131 zamanda a\u011f\u0131r y\u00fckleri de ta\u015f\u0131yarak, \u00e7e\u015fitli \u00e7al\u0131\u015fma ko\u015fullar\u0131 alt\u0131nda makinelerin verimli \u00e7al\u0131\u015fmas\u0131n\u0131 ve g\u00fcvenilirli\u011fini garanti eder.<\/p>\n<p><img decoding=\"async\" src=\"https:\/\/www.hydraulic-cylinders.net\/wp-content\/uploads\/2025\/01\/songte-company-2.webp\" alt=\"Kol Silindiri G\u00f6r\u00fcnt\u00fcs\u00fc\"><\/p>\n<h3>\u00d6zellikler<\/h3>\n<ul>\n<li>Verimli G\u00fc\u00e7 Aktar\u0131m\u0131: Kol silindiri, \u00e7e\u015fitli i\u015flemlerde mekanik kollar\u0131n y\u00fcksek performans verimlili\u011fini sa\u011flayan g\u00fc\u00e7l\u00fc do\u011frusal hareket ve kuvvet sunar.<\/li>\n<li>Hassas Kontrol: Kol silindiri, hidrolik sistem arac\u0131l\u0131\u011f\u0131yla hassas hareket kontrol\u00fc sa\u011flayarak ata\u015fmanlar\u0131n \u00e7al\u0131\u015fmas\u0131n\u0131 daha esnek ve do\u011fru hale getirir.<\/li>\n<li>Y\u00fcksek Dayan\u0131kl\u0131l\u0131k: Bu silindirler genellikle y\u00fcksek mukavemetli, a\u015f\u0131nmaya ve korozyona kar\u015f\u0131 dayan\u0131kl\u0131 malzemelerden \u00fcretilir ve zorlu ortamlarda uzun s\u00fcreli kullan\u0131m i\u00e7in uygundur.<\/li>\n<li>\u00c7ok Fonksiyonlu Uyarlanabilirlik: Bu silindirler, ekskavat\u00f6rler, vin\u00e7ler ve i\u015f kollar\u0131 gibi \u00e7e\u015fitli mekanik ekipmanlarda yayg\u0131n olarak kullan\u0131labilir ve farkl\u0131 \u00e7al\u0131\u015fma gereksinimlerine uyum sa\u011flar.<\/li>\n<li>Kolay Bak\u0131m: Tasar\u0131m, bak\u0131m ve de\u011fi\u015ftirme kolayl\u0131\u011f\u0131n\u0131 g\u00f6z \u00f6n\u00fcnde bulundurarak d\u00fczenli inceleme ve bak\u0131m\u0131 daha kolay hale getirir ve ekipman ar\u0131za s\u00fcresini azalt\u0131r.<\/li>\n<\/ul>\n<p>Biz bu \u00fcr\u00fcn\u00fc \u00fcretebiliyoruz ve \u00fcr\u00fcnlerimiz bu hidrolik silindirlerin yerini m\u00fckemmel \u015fekilde alabiliyor.<\/p>\n<p><img decoding=\"async\" src=\"https:\/\/www.hydraulic-cylinders.net\/wp-content\/uploads\/2025\/01\/songte-oil-pipes-and-spare-parts.webp\" alt=\"Kol Silindiri De\u011fi\u015ftirme Resmi\"><\/p>\n<h3>Uygulamalar<\/h3>\n<p>Kol silindiri, a\u015fa\u011f\u0131dakiler de dahil olmak \u00fczere \u00e7e\u015fitli end\u00fcstrilerde yayg\u0131n olarak kullan\u0131lmaktad\u0131r:<\/p>\n<ul>\n<li>\u0130n\u015faat M\u00fchendisli\u011fi: Ekskavat\u00f6rlerde ve vin\u00e7lerde, kol silindiri, toprak i\u015fleri, malzeme ta\u015f\u0131ma ve yap\u0131 kurulumu i\u00e7in kep\u00e7elerin veya bomlar\u0131n hareketini kontrol eder.<\/li>\n<li>\u00dcretim: Otomatik \u00fcretim hatlar\u0131nda, Kol Silindiri, \u00fcretim verimlili\u011fini ve do\u011frulu\u011funu art\u0131rmak i\u00e7in montaj, kaynak ve ta\u015f\u0131ma i\u015flemlerinde mekanik kollar\u0131n hareketini kontrol eder.<\/li>\n<li>Tar\u0131m Makineleri: Bi\u00e7erd\u00f6ver ve ekim makinesi gibi tar\u0131m makinelerinde, kol silindiri, ekim, g\u00fcbreleme ve hasat gibi g\u00f6revleri yerine getirmek i\u00e7in \u00e7al\u0131\u015fma kollar\u0131n\u0131n hareketini kontrol eder.<\/li>\n<li>Madencilik: Madencilik ekipmanlar\u0131nda, Kol Silindiri, cevher \u00e7\u0131karma ve ta\u015f\u0131ma i\u015flemlerinde madencilik ekipman\u0131 kollar\u0131n\u0131n hareketini kontrol eder.<\/li>\n<li>Lojistik ve Ta\u015f\u0131mac\u0131l\u0131k: Forkliftlerde ve ta\u015f\u0131ma robotlar\u0131nda, Kol Silindiri, malzeme ta\u015f\u0131ma ve istifleme i\u015flemlerini ger\u00e7ekle\u015ftirmek i\u00e7in \u00e7atal kollar\u0131n\u0131n kald\u0131r\u0131lmas\u0131n\u0131 ve hareketini kontrol eder.<\/li>\n<\/ul>\n<h3>Tasar\u0131m Hususlar\u0131 ve Se\u00e7im Kriterleri<\/h3>\n<p>Tasar\u0131m a\u00e7\u0131s\u0131ndan bak\u0131ld\u0131\u011f\u0131nda, Kol Silindiri'nin ta\u015f\u0131ma kapasitesi, s\u0131zd\u0131rmazl\u0131\u011f\u0131, dayan\u0131kl\u0131l\u0131\u011f\u0131, g\u00fcvenli\u011fi ve bak\u0131m kolayl\u0131\u011f\u0131 dikkate al\u0131nmal\u0131d\u0131r.<\/p>\n<ul>\n<li>Ta\u015f\u0131ma Kapasitesi: Kol silindirinin, mekanik \u00e7al\u0131\u015fman\u0131n g\u00fcvenli\u011fini sa\u011flamak i\u00e7in yeterli ta\u015f\u0131ma kapasitesine sahip olmas\u0131 gerekir.<\/li>\n<li>S\u0131zd\u0131rmazl\u0131k: Kol silindirinde piston contalar\u0131, mil contalar\u0131 vb. \u00e7e\u015fitli contalar kullan\u0131lmal\u0131 ve iyi bir s\u0131zd\u0131rmazl\u0131k performans\u0131 sa\u011flamak i\u00e7in poli\u00fcretan ve nitril kau\u00e7uk gibi a\u015f\u0131nmaya dayan\u0131kl\u0131 malzemeler se\u00e7ilmelidir.<\/li>\n<li>Dayan\u0131kl\u0131l\u0131k: A\u015f\u0131nma direncini art\u0131rmak i\u00e7in silindir g\u00f6vdesi ve di\u015fli u\u00e7 y\u00fczeyi ince bir i\u015flemden ge\u00e7irilmelidir.<\/li>\n<li>G\u00fcvenlik: Kol silindiri, patlamaya dayan\u0131kl\u0131 tasar\u0131m, korozyon \u00f6nleyici koruma ve s\u0131k\u0131 kalite kontrol\u00fc gibi \u00e7e\u015fitli g\u00fcvenlik gereksinimlerini kar\u015f\u0131lamal\u0131d\u0131r.<\/li>\n<li>Bak\u0131m Kolayl\u0131\u011f\u0131: Kol silindiri, kolay bak\u0131m ve de\u011fi\u015ftirme i\u00e7in tasarlanmal\u0131 ve bak\u0131m s\u00fcreci basit ve kullan\u0131\u015fl\u0131 olmal\u0131d\u0131r.<\/li>\n<\/ul>\n<p><img decoding=\"async\" src=\"https:\/\/www.hydraulic-cylinders.net\/wp-content\/uploads\/2025\/01\/songte-cylinder-head-with-all-kinds-excavator-models.webp\" alt=\"Kol Silindiri Tasar\u0131m G\u00f6rseli\"><\/p>\n<h3>S\u0131zd\u0131rmazl\u0131k ve Ya\u011flama<\/h3>\n<p>Kol silindiri, piston contalar\u0131, mil contalar\u0131 gibi \u00e7e\u015fitli contalar kullan\u0131r ve iyi bir s\u0131zd\u0131rmazl\u0131k performans\u0131 sa\u011flamak i\u00e7in poli\u00fcretan ve nitril kau\u00e7uk gibi a\u015f\u0131nmaya dayan\u0131kl\u0131 malzemeler se\u00e7er. Silindir g\u00f6vdesi ve di\u015fli u\u00e7 y\u00fczeyi, a\u015f\u0131nma direncini art\u0131rmak i\u00e7in ince i\u015fleme tabi tutulur. Ya\u011flama i\u00e7in d\u00fczenli olarak uygun miktarda hidrolik ya\u011f ekleyin.<\/p>\n<h3>Muayene ve \u00d6nleyici Bak\u0131m Tedbirleri<\/h3>\n<p>Kol silindirinin verimli ve g\u00fcvenli \u00e7al\u0131\u015fmas\u0131n\u0131 sa\u011flamak i\u00e7in d\u00fczenli olarak kontrol edilmesi ve bak\u0131m\u0131n\u0131n yap\u0131lmas\u0131 gereklidir. A\u015fa\u011f\u0131daki \u00f6nlemler al\u0131nabilir:<\/p>\n<ul>\n<li>Hasarl\u0131 contalar\u0131 ve ke\u00e7eleri kontrol edin ve gerekirse de\u011fi\u015ftirin.<\/li>\n<li>Silindir g\u00f6vdesinde deformasyon veya a\u015f\u0131nma olup olmad\u0131\u011f\u0131n\u0131 kontrol edin.<\/li>\n<li>Di\u015fli ucunda hasar veya korozyon olup olmad\u0131\u011f\u0131n\u0131 kontrol edin.<\/li>\n<li>Hidrolik ya\u011flama i\u00e7in uygun miktarda ya\u011f\u0131 d\u00fczenli olarak ekleyin.<\/li>\n<li>Emniyet valfinin d\u00fczg\u00fcn \u00e7al\u0131\u015f\u0131p \u00e7al\u0131\u015fmad\u0131\u011f\u0131n\u0131 kontrol edin.<\/li>\n<\/ul>\n<p><img decoding=\"async\" src=\"https:\/\/www.hydraulic-cylinders.net\/wp-content\/uploads\/2025\/01\/songte-chushion-collar.webp\" alt=\"Kol Silindiri \u0130nceleme G\u00f6r\u00fcnt\u00fcs\u00fc\"><\/p>\n<h3>Kurulum K\u0131lavuzu<\/h3>\n<ol>\n<li>Kol silindirinin temiz ve yabanc\u0131 maddelerden ar\u0131nd\u0131r\u0131lm\u0131\u015f oldu\u011fundan emin olun.<\/li>\n<li>Silindirin di\u015fli ucunu makine kolundaki delikle hizalay\u0131n.<\/li>\n<li>Di\u015fli ucu s\u0131kmak i\u00e7in bir anahtar kullan\u0131n.<\/li>\n<li>Hidrolik borular\u0131 ve ba\u011flant\u0131 par\u00e7alar\u0131n\u0131 ba\u011flay\u0131n.<\/li>\n<li>Ya\u011flama i\u00e7in uygun miktarda hidrolik ya\u011f ekleyin.<\/li>\n<\/ol>\n<p><img decoding=\"async\" src=\"https:\/\/www.hydraulic-cylinders.net\/wp-content\/uploads\/2025\/01\/songte-bushings-with-all-kinds-of-excavator-models.webp\" alt=\"Kol Silindiri Kurulum G\u00f6r\u00fcnt\u00fcs\u00fc\"><\/p>\n<h3>G\u00fcvenlik ve \u00c7evresel Hususlar<\/h3>\n<p>Kol silindirinin \u00e7al\u0131\u015ft\u0131r\u0131lmas\u0131 s\u0131ras\u0131nda g\u00fcvenlik \u00f6nlemleri \u015fartt\u0131r. Talimatlara uyulmal\u0131, y\u00f6netmeliklere kesinlikle uygun \u015fekilde \u00e7al\u0131\u015ft\u0131r\u0131lmal\u0131 ve uygun koruyucu ekipman giyilmelidir. Kol silindirinin imha edilmesi s\u0131ras\u0131nda da \u00e7evre koruma dikkate al\u0131nmal\u0131d\u0131r.<\/p>\n<h3>Sorun Giderme ve Yayg\u0131n Sorunlar<\/h3>\n<ul>\n<li>Silindir ar\u0131zas\u0131: Silindir g\u00f6vdesinde deformasyon veya hidrolik ya\u011f s\u0131z\u0131nt\u0131s\u0131 olup olmad\u0131\u011f\u0131n\u0131 kontrol edin.<\/li>\n<li>S\u0131zd\u0131rmazl\u0131k ar\u0131zas\u0131: Piston ve mil contalar\u0131n\u0131 a\u015f\u0131nma veya hasar a\u00e7\u0131s\u0131ndan kontrol edin.<\/li>\n<li>S\u0131k\u0131\u015fm\u0131\u015f piston: Hidrolik sistemde t\u0131kan\u0131kl\u0131k veya uygun olmayan ya\u011f viskozitesi olup olmad\u0131\u011f\u0131n\u0131 kontrol edin.<\/li>\n<li>Anormal ses: Silindir g\u00f6vdesinde veya di\u015fli ucunda deformasyon veya hasar olup olmad\u0131\u011f\u0131n\u0131 kontrol edin.<\/li>\n<\/ul>\n<p>Sorun giderme i\u00e7in profesyonel bir teknisyenden yard\u0131m al\u0131nmas\u0131 \u00f6nerilir. Olas\u0131 sorunlar\u0131 \u00f6nlemek i\u00e7in d\u00fczenli bak\u0131m \u015fartt\u0131r.<\/p>\n<p><img decoding=\"async\" src=\"https:\/\/www.hydraulic-cylinders.net\/wp-content\/uploads\/2025\/01\/songte-chushion-collar.webp\" alt=\"Kol Silindiri Sorun Giderme G\u00f6r\u00fcnt\u00fcs\u00fc\"><\/p>\n<h3>\u015eirketimiz Hakk\u0131nda<\/h3>\n<p>Geni\u015f \u00fcr\u00fcn yelpazesiyle profesyonel bir yedek hidrolik silindir \u00fcreticisiyiz ve hem yurt i\u00e7i hem de uluslararas\u0131 pazarlarda \u00f6nde gelen hidrolik silindir \u00fcreticilerinden ve toptanc\u0131lar\u0131ndan biri haline geldik. Her zaman m\u00fckemmel kalite ilkesine ba\u011fl\u0131 kalarak, ince i\u015f\u00e7ilikli \u00fcretim at\u00f6lyelerimizde end\u00fcstriyel \u00fcretim y\u00f6netim stratejilerine g\u00fcvenerek, teknik seviyemizi ve \u00fcretim verimlili\u011fimizi s\u00fcrekli olarak geli\u015ftiriyoruz. Y\u00fcksek teknoloji \u00fcr\u00fcn\u00fc dijital \u00fcretim ekipmanlar\u0131 ve profesyonel test sistemlerinin \ub3c4\uc785 edilmesiyle \u00fcretim platformunu optimize ediyor, \u00fcr\u00fcn kalite kontrol s\u00fcrecini iyile\u015ftiriyor ve g\u00fc\u00e7l\u00fc inovasyon yeteneklerine sahibiz. Amac\u0131m\u0131z, y\u00fcksek verimlilik, hassasiyet ve y\u00fcksek kalite ilkeleriyle m\u00fc\u015fterilerin \u00e7e\u015fitlendirilmi\u015f ihtiya\u00e7lar\u0131n\u0131 kar\u015f\u0131lamakt\u0131r.<\/p>\n<p><img decoding=\"async\" src=\"https:\/\/www.hydraulic-cylinders.net\/wp-content\/uploads\/2025\/01\/songte-company-4.webp\" alt=\"\u015eirket Tan\u0131t\u0131m G\u00f6rseli\"><\/p>\n<h3>Profesyonellik, Uluslararas\u0131 Sertifikasyon, \u00d6zelle\u015ftirme, \u00dcretim Ekipmanlar\u0131 ve Sat\u0131\u015f Sonras\u0131 Hizmet<\/h3>\n<p>Profesyonelli\u011fimiz ve y\u00fcksek kaliteli \u00fcr\u00fcnlerimizle gurur duyuyoruz. \u00dcr\u00fcnlerimiz ISO9001 ve CE gibi uluslararas\u0131 sertifikalara sahiptir. Ayr\u0131ca m\u00fc\u015fteri ihtiya\u00e7lar\u0131na g\u00f6re \u00f6zelle\u015ftirilmi\u015f hizmetler de sunuyoruz. CNC i\u015fleme merkezleri, otomatik kaynak makineleri ve test ekipmanlar\u0131 da dahil olmak \u00fczere geli\u015fmi\u015f \u00fcretim ekipmanlar\u0131na sahibiz. Teknik destek, bak\u0131m ve onar\u0131m da dahil olmak \u00fczere kapsaml\u0131 sat\u0131\u015f sonras\u0131 hizmetler sunuyoruz.<\/p>\n<p><img decoding=\"async\" src=\"https:\/\/www.hydraulic-cylinders.net\/wp-content\/uploads\/2025\/01\/songte-company-3.webp\" alt=\"\u015eirket Bilgi G\u00f6rseli\"><\/p>\n<p>Yazar: lyl.<\/p>","protected":false},"excerpt":{"rendered":"<p>Arm Cylinder For Sany Middle Excavator SY265CQ Introduction The Arm Cylinder is a specialized hydraulic cylinder designed to provide linear motion and power to various machinery arms such as excavators, cranes, and mechanical arms. It plays a crucial role in the hydraulic system, enabling the effective movement and control of attachments or accessories. These cylinders [&hellip;]<\/p>","protected":false},"featured_media":14779,"comment_status":"open","ping_status":"closed","template":"","meta":{"_et_pb_use_builder":"","_et_pb_old_content":"","_et_gb_content_width":""},"product_brand":[],"product_cat":[1497],"product_tag":[1498,1496],"class_list":{"0":"post-16367","1":"product","2":"type-product","3":"status-publish","4":"has-post-thumbnail","6":"product_cat-arm-cylinders","7":"product_tag-arm-cylinders","8":"product_tag-hydraulic-cylinders","10":"first","11":"instock","12":"shipping-taxable","13":"product-type-simple"},"amp_enabled":true,"_links":{"self":[{"href":"https:\/\/www.hydraulic-cylinders.net\/tr\/wp-json\/wp\/v2\/product\/16367","targetHints":{"allow":["GET"]}}],"collection":[{"href":"https:\/\/www.hydraulic-cylinders.net\/tr\/wp-json\/wp\/v2\/product"}],"about":[{"href":"https:\/\/www.hydraulic-cylinders.net\/tr\/wp-json\/wp\/v2\/types\/product"}],"replies":[{"embeddable":true,"href":"https:\/\/www.hydraulic-cylinders.net\/tr\/wp-json\/wp\/v2\/comments?post=16367"}],"wp:featuredmedia":[{"embeddable":true,"href":"https:\/\/www.hydraulic-cylinders.net\/tr\/wp-json\/wp\/v2\/media\/14779"}],"wp:attachment":[{"href":"https:\/\/www.hydraulic-cylinders.net\/tr\/wp-json\/wp\/v2\/media?parent=16367"}],"wp:term":[{"taxonomy":"product_brand","embeddable":true,"href":"https:\/\/www.hydraulic-cylinders.net\/tr\/wp-json\/wp\/v2\/product_brand?post=16367"},{"taxonomy":"product_cat","embeddable":true,"href":"https:\/\/www.hydraulic-cylinders.net\/tr\/wp-json\/wp\/v2\/product_cat?post=16367"},{"taxonomy":"product_tag","embeddable":true,"href":"https:\/\/www.hydraulic-cylinders.net\/tr\/wp-json\/wp\/v2\/product_tag?post=16367"}],"curies":[{"name":"wp","href":"https:\/\/api.w.org\/{rel}","templated":true}]}}