{"id":16370,"date":"2025-01-20T09:09:49","date_gmt":"2025-01-20T09:09:49","guid":{"rendered":"https:\/\/www.hydraulic-cylinders.net\/product\/arm-cylinderfor-sany-middle-excavator-sy230c\/"},"modified":"2025-01-20T09:09:57","modified_gmt":"2025-01-20T09:09:57","slug":"arm-cylinderfor-sany-middle-excavator-sy230c","status":"publish","type":"product","link":"https:\/\/www.hydraulic-cylinders.net\/tr\/urun\/arm-cylinderfor-sany-middle-excavator-sy230c\/","title":{"rendered":"Sany SY230C Orta Ekskavat\u00f6r i\u00e7in Kol Silindiri"},"content":{"rendered":"<p>Sany SY230C Orta Ekskavat\u00f6r \u0130\u00e7in Kol Silindiri<\/p>\n<p>Sany SY230C Orta Ekskavat\u00f6r i\u00e7in Kol Silindiri, ekskavat\u00f6rler, vin\u00e7ler ve mekanik kollar gibi \u00e7e\u015fitli makinelerin kollar\u0131na do\u011frusal hareket ve g\u00fc\u00e7 sa\u011flamak \u00fczere \u00f6zel olarak tasarlanm\u0131\u015f bir hidrolik silindir t\u00fcr\u00fcd\u00fcr. Hidrolik sistemde \u00e7ok \u00f6nemli bir rol oynayarak, ek aletlerin veya ata\u015fmanlar\u0131n etkili bir \u015fekilde hareket etmesini ve kontrol edilmesini m\u00fcmk\u00fcn k\u0131lar. Bu silindirler sadece d\u00fczg\u00fcn hareket sa\u011flamakla kalmaz, ayn\u0131 zamanda a\u011f\u0131r y\u00fckleri de kald\u0131rarak, \u00e7e\u015fitli \u00e7al\u0131\u015fma ko\u015fullar\u0131 alt\u0131nda makinenin verimli \u00e7al\u0131\u015fmas\u0131n\u0131 ve g\u00fcvenilirli\u011fini sa\u011flar.<\/p>\n<p><img decoding=\"async\" src=\"https:\/\/www.hydraulic-cylinders.net\/wp-content\/uploads\/2025\/01\/songte-company-2.webp\"><\/p>\n<p>\u00d6zellikler:<\/p>\n<p>\u2013 Y\u00fcksek Verimli Aktar\u0131m: Kol silindiri, g\u00fc\u00e7l\u00fc do\u011frusal hareket ve kuvvet sa\u011flayarak mekanik kolun \u00e7e\u015fitli i\u015flemlerde y\u00fcksek verimlilikte performans g\u00f6stermesini garanti eder.<br \/>\n\u2013 Hassas Kontrol: Hidrolik sistem sayesinde, Kol Silindiri hassas hareket kontrol\u00fc sa\u011flayarak ek aletlerin \u00e7al\u0131\u015fmas\u0131n\u0131 daha esnek ve do\u011fru hale getirir.<br \/>\n\u2013 Dayan\u0131kl\u0131l\u0131k: Kol silindiri genellikle y\u00fcksek mukavemetli malzemelerden \u00fcretilir; bu malzemeler m\u00fckemmel a\u015f\u0131nma ve korozyon direncine sahiptir ve zorlu ortamlarda uzun s\u00fcreli kullan\u0131m i\u00e7in uygundur.<br \/>\n\u2013 \u00c7ok i\u015flevlilik: Bu silindirler, farkl\u0131 \u00e7al\u0131\u015fma gereksinimlerini kar\u015f\u0131lamak \u00fczere ekskavat\u00f6rler, vin\u00e7ler ve i\u015f kollar\u0131 gibi \u00e7e\u015fitli mekanik ekipmanlarda yayg\u0131n olarak kullan\u0131labilir.<br \/>\n\u2013 Kolay Bak\u0131m: Tasar\u0131m, kolay bak\u0131m ve par\u00e7a de\u011fi\u015fimini g\u00f6z \u00f6n\u00fcnde bulundurarak d\u00fczenli inceleme ve bak\u0131m\u0131 daha kolay hale getirir ve ekipman ar\u0131za s\u00fcresini azalt\u0131r.<\/p>\n<p>Biz bu \u00fcr\u00fcn\u00fc \u00fcretebiliyoruz ve \u00fcr\u00fcnlerimiz bu hidrolik silindirlerin yerini m\u00fckemmel \u015fekilde alabiliyor.<\/p>\n<p><img decoding=\"async\" src=\"https:\/\/www.hydraulic-cylinders.net\/wp-content\/uploads\/2025\/01\/songte-oil-pipes-and-spare-parts.webp\"><\/p>\n<p>Uygulamalar:<\/p>\n<p>\u2013 \u0130n\u015faat M\u00fchendisli\u011fi: Ekskavat\u00f6rlerde ve vin\u00e7lerde, kol silindiri, toprak i\u015fleri, malzeme ta\u015f\u0131ma ve yap\u0131sal kurulum i\u00e7in kep\u00e7e veya bomun hareketini kontrol etmek amac\u0131yla kullan\u0131l\u0131r.<br \/>\n\u2013 \u0130malat Sanayi: Otomatik \u00fcretim hatlar\u0131nda, kol silindiri mekanik kollar\u0131n hareket ettirilmesi, montaj, kaynak ve ta\u015f\u0131ma i\u015flemlerinde kullan\u0131l\u0131r ve \u00fcretim verimlili\u011fini ve do\u011frulu\u011funu art\u0131r\u0131r.<br \/>\n\u2013 Tar\u0131m Makineleri: Bi\u00e7erd\u00f6ver ve tohum ekme makinesi gibi tar\u0131m makinelerinde, kol silindiri, ekim, g\u00fcbreleme ve hasat gibi g\u00f6revleri yerine getiren \u00e7al\u0131\u015fma kolunun hareketini kontrol eder.<br \/>\n\u2013 Madencilik: Madencilik ekipmanlar\u0131nda, kol silindiri, maden \u00e7\u0131karma ve mineral ta\u015f\u0131ma i\u015flemlerinde ekipman\u0131n kol hareketini kontrol etmek i\u00e7in kullan\u0131l\u0131r.<br \/>\n\u2013 Lojistik ve Ta\u015f\u0131mac\u0131l\u0131k: Forkliftlerde ve ta\u015f\u0131ma robotlar\u0131nda, kol silindiri, \u00e7atal\u0131n kald\u0131rma ve hareketini kontrol etmek, malzemeleri ta\u015f\u0131mak ve istiflemek i\u00e7in kullan\u0131l\u0131r.<\/p>\n<p>Tasar\u0131m Hususlar\u0131 ve Se\u00e7im Kriterleri:<\/p>\n<p>\u2013 Ta\u015f\u0131ma Kapasitesi: Kol silindiri, makinenin maksimum y\u00fck\u00fcne dayanabilmeli ve g\u00fcvenli ve g\u00fcvenilir \u00e7al\u0131\u015fma sa\u011flamal\u0131d\u0131r.<br \/>\n\u2013 S\u0131zd\u0131rmazl\u0131k Performans\u0131: Silindir, m\u00fckemmel s\u0131zd\u0131rmazl\u0131k performans\u0131 elde etmek i\u00e7in poli\u00fcretan ve nitril kau\u00e7uk gibi a\u015f\u0131nmaya dayan\u0131kl\u0131 malzemelerden yap\u0131lm\u0131\u015f piston s\u0131zd\u0131rmazl\u0131k halkalar\u0131 ve mil s\u0131zd\u0131rmazl\u0131k halkalar\u0131 gibi \u00e7e\u015fitli contalarla donat\u0131lmal\u0131d\u0131r.<br \/>\n\u2013 Dayan\u0131kl\u0131l\u0131k: Silindirin g\u00f6vdesi ve di\u015fli u\u00e7 y\u00fczeyi, a\u015f\u0131nma direncini art\u0131rmak ve kullan\u0131m \u00f6mr\u00fcn\u00fc uzatmak i\u00e7in ince bir \u015fekilde i\u015flenmelidir.<br \/>\n\u2013 G\u00fcvenlik: Silindir, a\u015f\u0131r\u0131 y\u00fcklenme veya di\u011fer ar\u0131zalardan kaynaklanan kazalar\u0131 \u00f6nlemek i\u00e7in emniyet valfleri ve limit anahtarlar\u0131 gibi g\u00fcvenilir g\u00fcvenlik cihazlar\u0131yla donat\u0131lmal\u0131d\u0131r.<br \/>\n\u2013 Kolay Bak\u0131m: Silindir, d\u00fczenli inceleme ve bak\u0131m\u0131 kolayla\u015ft\u0131rmak ve ekipman ar\u0131za s\u00fcresini azaltmak i\u00e7in kolay bak\u0131m ve de\u011fi\u015ftirme imkan\u0131 g\u00f6z \u00f6n\u00fcnde bulundurularak tasarlanmal\u0131d\u0131r.<\/p>\n<p><img decoding=\"async\" src=\"https:\/\/www.hydraulic-cylinders.net\/wp-content\/uploads\/2025\/01\/songte-cylinder-head-with-all-kinds-excavator-models.webp\"><\/p>\n<p>S\u0131zd\u0131rmazl\u0131k ve Ya\u011flama:<\/p>\n<p>Kol silindirinde, m\u00fckemmel s\u0131zd\u0131rmazl\u0131k performans\u0131 sa\u011flamak i\u00e7in poli\u00fcretan ve nitril kau\u00e7uk gibi a\u015f\u0131nmaya dayan\u0131kl\u0131 malzemelerden yap\u0131lm\u0131\u015f piston contalar\u0131 ve mil contalar\u0131 gibi \u00e7e\u015fitli s\u0131zd\u0131rmazl\u0131k bile\u015fenleri kullan\u0131lmal\u0131d\u0131r. Silindir g\u00f6vdesi ve di\u015fli u\u00e7 y\u00fczeyi, a\u015f\u0131nma direncini art\u0131rmak i\u00e7in ince bir \u015fekilde i\u015flenmelidir. Uygun miktarda hidrolik ya\u011f\u0131n d\u00fczenli olarak doldurulmas\u0131, silindirin ya\u011flanmas\u0131n\u0131 sa\u011flayarak s\u0131zd\u0131rmazl\u0131k par\u00e7alar\u0131n\u0131n kullan\u0131m \u00f6mr\u00fcn\u00fc uzat\u0131r.<\/p>\n<p>D\u00fczenli Muayene ve \u00d6nleyici Bak\u0131m \u00d6nlemleri:<\/p>\n<p>\u2013 Silindirin d\u00fczg\u00fcn \u00e7al\u0131\u015ft\u0131\u011f\u0131ndan emin olmak ve olas\u0131 sorunlar\u0131 erken tespit etmek i\u00e7in d\u00fczenli olarak \u00e7al\u0131\u015fmas\u0131n\u0131 kontrol edin.<br \/>\n\u2013 Silindirin contalar\u0131n\u0131 ve ya\u011flama sistemini d\u00fczenli olarak kontrol edin, d\u00fczg\u00fcn \u00e7al\u0131\u015ft\u0131klar\u0131ndan emin olun ve a\u015f\u0131nm\u0131\u015f par\u00e7alar\u0131 derhal de\u011fi\u015ftirin.<br \/>\n\u2013 Pas, toz ve di\u011fer kirleticilerden kaynaklanan hasar\u0131 \u00f6nlemek i\u00e7in silindirin y\u00fczeyini d\u00fczenli olarak temizleyin ve bak\u0131m\u0131n\u0131 yap\u0131n.<br \/>\n\u2013 D\u00fczenli ve zaman\u0131nda bak\u0131m yap\u0131lmas\u0131n\u0131 sa\u011flamak ve potansiyel sorunlar\u0131n ortaya \u00e7\u0131kmas\u0131n\u0131 \u00f6nlemek i\u00e7in \u00f6nleyici bak\u0131m plan\u0131 geli\u015ftirin.<\/p>\n<p>Do\u011fru Kurulum K\u0131lavuzu:<\/p>\n<p>\u2013 Montajdan \u00f6nce, montaj yerinin d\u00fcz oldu\u011fundan ve silindirin uygun \u015fekilde temizlenip ya\u011fland\u0131\u011f\u0131ndan emin olun.<br \/>\n\u2013 Silindirin ekipmanla do\u011fru \u015fekilde hizaland\u0131\u011f\u0131ndan ve t\u00fcm par\u00e7alar\u0131n belirtilen tork de\u011ferine kadar s\u0131k\u0131ld\u0131\u011f\u0131ndan emin olun.<br \/>\n\u2013 Montajdan sonra silindirin \u00e7al\u0131\u015fmas\u0131n\u0131 kontrol edin ve d\u00fczg\u00fcn \u00e7al\u0131\u015ft\u0131\u011f\u0131ndan emin olun.<\/p>\n<p><img decoding=\"async\" src=\"https:\/\/www.hydraulic-cylinders.net\/wp-content\/uploads\/2025\/01\/songte-bushings-with-all-kinds-of-excavator-models.webp\"><\/p>\n<p>G\u00fcvenlik Hususlar\u0131 ve \u00c7evresel Fakt\u00f6rler:<\/p>\n<p>Kol silindirini kullan\u0131rken, silindirin do\u011fru \u015fekilde monte edildi\u011finden ve bak\u0131m\u0131n\u0131n yap\u0131ld\u0131\u011f\u0131ndan emin olmak ve emniyet valfleri ve limit anahtarlar\u0131 gibi g\u00fcvenilir g\u00fcvenlik cihazlar\u0131 kullanmak gibi g\u00fcvenlik \u00f6nlemlerini dikkate almak \u00f6nemlidir. Ayr\u0131ca, kullan\u0131lan hidrolik ya\u011f\u0131n \u00e7evre dostu oldu\u011fundan emin olmak ve at\u0131k ya\u011f veya di\u011fer kirleticileri uygun \u015fekilde bertaraf etmek gibi \u00e7evresel fakt\u00f6rleri de g\u00f6z \u00f6n\u00fcnde bulundurmak \u00f6nemlidir.<\/p>\n<p>Yayg\u0131n Ar\u0131za Te\u015fhisi ve Sorun Giderme:<\/p>\n<p>\u2013 Yetersiz itme kuvveti veya h\u0131z: Yetersiz hidrolik ya\u011f veya boru hatt\u0131ndaki y\u00fcksek diren\u00e7, yetersiz itme kuvvetine veya h\u0131za neden olabilir. Hidrolik ya\u011f seviyesini ve boru hatt\u0131nda herhangi bir t\u0131kan\u0131kl\u0131k olup olmad\u0131\u011f\u0131n\u0131 kontrol edin.<br \/>\n\u2013 S\u0131z\u0131nt\u0131: S\u0131z\u0131nt\u0131, a\u015f\u0131nm\u0131\u015f contalardan veya hasar g\u00f6rm\u00fc\u015f par\u00e7alardan kaynaklanabilir. Contalar\u0131 kontrol edin ve a\u015f\u0131nm\u0131\u015f par\u00e7alar\u0131 de\u011fi\u015ftirin.<br \/>\n\u2013 G\u00fcr\u00fclt\u00fc: A\u015f\u0131r\u0131 g\u00fcr\u00fclt\u00fc, a\u015f\u0131nm\u0131\u015f veya hasar g\u00f6rm\u00fc\u015f par\u00e7alardan kaynaklanabilir. Silindiri kontrol edin ve a\u015f\u0131nm\u0131\u015f par\u00e7alar\u0131 de\u011fi\u015ftirin.<\/p>\n<p>Ar\u0131za Giderme \u0130pu\u00e7lar\u0131 ve \u00c7\u00f6z\u00fcmleri:<\/p>\n<p>\u2013 Ar\u0131zalar\u0131n olu\u015fmas\u0131n\u0131 \u00f6nlemek i\u00e7in hidrolik sistemin bak\u0131m\u0131n\u0131 d\u00fczenli olarak yap\u0131n ve a\u015f\u0131nm\u0131\u015f veya hasar g\u00f6rm\u00fc\u015f par\u00e7alar\u0131 zaman\u0131nda de\u011fi\u015ftirin.<br \/>\n\u2013 Bir ar\u0131za meydana gelirse, silindiri kullanmay\u0131 derhal b\u0131rak\u0131n ve te\u015fhis ve onar\u0131m i\u00e7in bir uzmana dan\u0131\u015f\u0131n.<br \/>\n\u2013 D\u00fczenli ve zaman\u0131nda bak\u0131m yap\u0131lmas\u0131n\u0131 sa\u011flamak ve potansiyel sorunlar\u0131n ortaya \u00e7\u0131kmas\u0131n\u0131 \u00f6nlemek i\u00e7in \u00f6nleyici bak\u0131m plan\u0131 geli\u015ftirin.<\/p>\n<p><img decoding=\"async\" src=\"https:\/\/www.hydraulic-cylinders.net\/wp-content\/uploads\/2025\/01\/songte-chushion-collar.webp\"><\/p>\n<p>Firmam\u0131z, hidrolik silindir yedek par\u00e7alar\u0131n\u0131n profesyonel bir \u00fcreticisidir. \u00dcr\u00fcn yelpazemiz geni\u015ftir ve hem yurt i\u00e7i hem de uluslararas\u0131 pazarlarda \u00f6nde gelen hidrolik silindir \u00fcreticilerinden ve toptanc\u0131lar\u0131ndan biri haline geldik. Her zaman m\u00fckemmel kalite ilkesine ba\u011fl\u0131 kal\u0131yoruz ve geli\u015fmi\u015f \u00fcretim at\u00f6lyemizin end\u00fcstriyel \u00fcretim y\u00f6netim stratejisine dayanarak teknik seviyemizi ve \u00fcretim verimlili\u011fimizi s\u00fcrekli olarak geli\u015ftiriyoruz. Geli\u015fmi\u015f dijital \u00fcretim ekipmanlar\u0131 ve profesyonel test sistemleri kullanarak \u00fcretim platformumuzu s\u00fcrekli olarak optimize ediyor, \u00fcr\u00fcn kalite kontrol s\u00fcrecimizi iyile\u015ftiriyor ve g\u00fc\u00e7l\u00fc inovasyon yeteneklerine sahibiz. Amac\u0131m\u0131z, m\u00fc\u015fterilerimizin \u00e7e\u015fitli ihtiya\u00e7lar\u0131n\u0131 y\u00fcksek verimlilik, hassasiyet ve y\u00fcksek kaliteli \u00fcr\u00fcnlerle kar\u015f\u0131lamakt\u0131r.<\/p>\n<p>Profesyonel \u00f6zelle\u015ftirme hizmetleri sunuyoruz ve \u00fcr\u00fcnlerimiz uluslararas\u0131 sertifikalardan ge\u00e7erek kalite ve g\u00fcvenli\u011fini garanti alt\u0131na alm\u0131\u015ft\u0131r. \u00dcretim ekipmanlar\u0131m\u0131z da en y\u00fcksek kalitede olup, sat\u0131\u015f sonras\u0131 hizmetlerimiz g\u00fcvenilir ve zaman\u0131nda ger\u00e7ekle\u015ftirilmektedir.<\/p>\n<p><img decoding=\"async\" src=\"https:\/\/www.hydraulic-cylinders.net\/wp-content\/uploads\/2025\/01\/songte-company-4.webp\"> <img decoding=\"async\" src=\"https:\/\/www.hydraulic-cylinders.net\/wp-content\/uploads\/2025\/01\/songte-company-3.webp\"><\/p>\n<p>Yazar: lyl.<\/p>","protected":false},"excerpt":{"rendered":"<p>Arm Cylinder For Sany Middle Excavator SY230C The Arm Cylinder for Sany Middle Excavator SY230C is a type of hydraulic cylinder specifically designed to provide linear motion and power to the arms of various types of machinery, such as excavators, cranes, and mechanical arms. It plays a crucial role in the hydraulic system, making it [&hellip;]<\/p>","protected":false},"featured_media":14772,"comment_status":"open","ping_status":"closed","template":"","meta":{"_et_pb_use_builder":"","_et_pb_old_content":"","_et_gb_content_width":""},"product_brand":[],"product_cat":[1497],"product_tag":[1498,1496],"class_list":{"0":"post-16370","1":"product","2":"type-product","3":"status-publish","4":"has-post-thumbnail","6":"product_cat-arm-cylinders","7":"product_tag-arm-cylinders","8":"product_tag-hydraulic-cylinders","10":"first","11":"instock","12":"shipping-taxable","13":"product-type-simple"},"amp_enabled":true,"_links":{"self":[{"href":"https:\/\/www.hydraulic-cylinders.net\/tr\/wp-json\/wp\/v2\/product\/16370","targetHints":{"allow":["GET"]}}],"collection":[{"href":"https:\/\/www.hydraulic-cylinders.net\/tr\/wp-json\/wp\/v2\/product"}],"about":[{"href":"https:\/\/www.hydraulic-cylinders.net\/tr\/wp-json\/wp\/v2\/types\/product"}],"replies":[{"embeddable":true,"href":"https:\/\/www.hydraulic-cylinders.net\/tr\/wp-json\/wp\/v2\/comments?post=16370"}],"wp:featuredmedia":[{"embeddable":true,"href":"https:\/\/www.hydraulic-cylinders.net\/tr\/wp-json\/wp\/v2\/media\/14772"}],"wp:attachment":[{"href":"https:\/\/www.hydraulic-cylinders.net\/tr\/wp-json\/wp\/v2\/media?parent=16370"}],"wp:term":[{"taxonomy":"product_brand","embeddable":true,"href":"https:\/\/www.hydraulic-cylinders.net\/tr\/wp-json\/wp\/v2\/product_brand?post=16370"},{"taxonomy":"product_cat","embeddable":true,"href":"https:\/\/www.hydraulic-cylinders.net\/tr\/wp-json\/wp\/v2\/product_cat?post=16370"},{"taxonomy":"product_tag","embeddable":true,"href":"https:\/\/www.hydraulic-cylinders.net\/tr\/wp-json\/wp\/v2\/product_tag?post=16370"}],"curies":[{"name":"wp","href":"https:\/\/api.w.org\/{rel}","templated":true}]}}