{"id":16377,"date":"2025-01-20T09:10:31","date_gmt":"2025-01-20T09:10:31","guid":{"rendered":"https:\/\/www.hydraulic-cylinders.net\/product\/arm-cylinderfor-sany-large-excavator-sy700h-8\/"},"modified":"2025-01-20T09:10:33","modified_gmt":"2025-01-20T09:10:33","slug":"arm-cylinderfor-sany-large-excavator-sy700h-8","status":"publish","type":"product","link":"https:\/\/www.hydraulic-cylinders.net\/tr\/urun\/arm-cylinderfor-sany-large-excavator-sy700h-8\/","title":{"rendered":"Sany B\u00fcy\u00fck Ekskavat\u00f6r SY700H-8 \u0130\u00e7in Kol Silindiri"},"content":{"rendered":"<h1>Sany B\u00fcy\u00fck Ekskavat\u00f6r SY700H-8 i\u00e7in Kol Silindiri<\/h1>\n<h2>Tan\u0131m ve A\u00e7\u0131klama<\/h2>\n<p>Kol silindiri, ekskavat\u00f6rler, vin\u00e7ler ve robotik kollar gibi \u00e7e\u015fitli makinelerin kollar\u0131na do\u011frusal hareket ve g\u00fc\u00e7 sa\u011flayan \u00f6zel olarak tasarlanm\u0131\u015f bir hidrolik silindirdir. Hidrolik sistemlerde kritik bir rol oynar ve ek alet veya ata\u015fmanlar\u0131n verimli bir \u015fekilde hareket etmesini ve kontrol edilmesini sa\u011flar. Bu silindirler, yaln\u0131zca d\u00fczg\u00fcn hareket sa\u011flamakla kalmaz, ayn\u0131 zamanda a\u011f\u0131r y\u00fcklere de dayanarak, \u00e7e\u015fitli \u00e7al\u0131\u015fma ko\u015fullar\u0131nda makinelerin y\u00fcksek operasyonel verimlili\u011fini ve g\u00fcvenilirli\u011fini sa\u011flar.<\/p>\n<p><img decoding=\"async\" src=\"https:\/\/www.hydraulic-cylinders.net\/wp-content\/uploads\/2025\/01\/songte-company-2.webp\" alt=\"Kol Silindiri G\u00f6r\u00fcnt\u00fcs\u00fc\"><\/p>\n<h2>\u00d6zellikler<\/h2>\n<ul>\n<li>\n<h3>Y\u00fcksek Verimli \u015eanz\u0131man<\/h3>\n<p>Kol silindiri g\u00fc\u00e7l\u00fc do\u011frusal hareket ve kuvvet sa\u011flayarak, mekanik kolun \u00e7e\u015fitli operasyonlarda y\u00fcksek performans kapasitesine sahip olmas\u0131n\u0131 sa\u011flar.<\/p>\n<\/li>\n<li>\n<h3>Hassas Kontrol<\/h3>\n<p>Hidrolik sistemler sayesinde kol silindiri hassas hareket kontrol\u00fcne olanak vererek, ba\u011fl\u0131 aletlerin \u00e7al\u0131\u015fmas\u0131n\u0131 daha esnek ve hassas hale getirir.<\/p>\n<\/li>\n<li>\n<h3>Dayan\u0131kl\u0131l\u0131k<\/h3>\n<p>Kol silindiri genellikle y\u00fcksek mukavemetli malzemeler kullan\u0131larak \u00fcretilir, m\u00fckemmel a\u015f\u0131nma ve korozyon direnci sunar ve bu da onu zorlu ortamlarda uzun s\u00fcreli kullan\u0131ma uygun hale getirir.<\/p>\n<\/li>\n<li>\n<h3>\u00c7ok Fonksiyonlu Uyarlanabilirlik<\/h3>\n<p>Bu silindirler ekskavat\u00f6rler, vin\u00e7ler ve robotik kollar gibi \u00e7e\u015fitli makinelere yayg\u0131n olarak uygulanabilir ve farkl\u0131 \u00e7al\u0131\u015fma ihtiya\u00e7lar\u0131na uyum sa\u011flar.<\/p>\n<\/li>\n<li>\n<h3>Kolay Bak\u0131m<\/h3>\n<p>Kol silindirlerinin tasar\u0131m\u0131 kolay bak\u0131m ve de\u011fi\u015ftirmeyi dikkate alarak, d\u00fczenli muayene ve bak\u0131m\u0131 kolayla\u015ft\u0131r\u0131r ve ekipman ar\u0131za s\u00fcresini azalt\u0131r.<\/p>\n<\/li>\n<\/ul>\n<p><img decoding=\"async\" src=\"https:\/\/www.hydraulic-cylinders.net\/wp-content\/uploads\/2025\/01\/songte-oil-pipes-and-spare-parts.webp\" alt=\"Silindir Par\u00e7alar\u0131 G\u00f6r\u00fcnt\u00fcs\u00fc\"><\/p>\n<h2>Uygulamalar<\/h2>\n<p>Kol silindiri \u00e7e\u015fitli end\u00fcstrilerde uygulama alan\u0131 bulmaktad\u0131r:<\/p>\n<ul>\n<li>\n<h3>\u0130n\u015faat M\u00fchendisli\u011fi<\/h3>\n<p>Ekskavat\u00f6rlerde ve vin\u00e7lerde kol silindiri, toprak i\u015fleri, malzeme ta\u015f\u0131ma ve yap\u0131sal montajlarda kova veya bomlar\u0131n hareketini kontrol etmek i\u00e7in kullan\u0131l\u0131r.<\/p>\n<\/li>\n<li>\n<h3>\u00dcretme<\/h3>\n<p>Otomasyonlu \u00fcretim hatlar\u0131nda kol silindiri, montaj, kaynak ve elle\u00e7leme gibi i\u015flemlerde robot kollar\u0131n\u0131n hareket etmesini sa\u011flayarak \u00fcretim verimlili\u011fini ve hassasiyetini art\u0131r\u0131r.<\/p>\n<\/li>\n<li>\n<h3>Tar\u0131m Makinalar\u0131<\/h3>\n<p>Harvester ve mibzer gibi tar\u0131m ekipmanlar\u0131nda kol silindiri, ekim, g\u00fcbreleme ve hasat gibi g\u00f6revlerde \u00e7al\u0131\u015fan kollar\u0131n hareketini kontrol eder.<\/p>\n<\/li>\n<li>\n<h3>Madencilik<\/h3>\n<p>Madencilik ekipmanlar\u0131nda kol silindiri, cevher \u00e7\u0131karma ve ta\u015f\u0131ma i\u00e7in madencilik makinelerinin kol hareketini kontrol etmek i\u00e7in kullan\u0131l\u0131r.<\/p>\n<\/li>\n<li>\n<h3>Lojistik ve Ta\u015f\u0131mac\u0131l\u0131k<\/h3>\n<p>Forkliftlerde ve ta\u015f\u0131ma robotlar\u0131nda kol silindiri \u00e7atallar\u0131n kald\u0131r\u0131lmas\u0131n\u0131 ve hareketini kontrol ederek malzeme ta\u015f\u0131ma ve istiflemeyi sa\u011flar.<\/p>\n<\/li>\n<\/ul>\n<h2>Tasar\u0131m Hususlar\u0131 ve Se\u00e7im Kriterleri<\/h2>\n<p>Kol silindirleri tasarlan\u0131rken \u00e7e\u015fitli fakt\u00f6rlerin g\u00f6z \u00f6n\u00fcnde bulundurulmas\u0131 gerekir:<\/p>\n<ul>\n<li>\n<h3>Ta\u015f\u0131ma Kapasitesi<\/h3>\n<p>Kol silindiri, \u00e7al\u0131\u015fma s\u0131ras\u0131nda maruz kalaca\u011f\u0131 maksimum y\u00fcklere dayanacak \u015fekilde tasarlanmal\u0131, g\u00fcvenli ve g\u00fcvenilir performans sa\u011flanmal\u0131d\u0131r.<\/p>\n<\/li>\n<li>\n<h3>S\u0131zd\u0131rmazl\u0131k<\/h3>\n<p>Piston contalar\u0131 ve piston kolu contalar\u0131 gibi \u00e7e\u015fitli s\u0131zd\u0131rmazl\u0131k bile\u015fenleri kullan\u0131lmal\u0131 ve poli\u00fcretan ve nitril kau\u00e7uk gibi a\u015f\u0131nmaya dayan\u0131kl\u0131 malzemelerden yap\u0131lmal\u0131d\u0131r. Silindir g\u00f6vdesi ve di\u015fli u\u00e7lar, a\u015f\u0131nma direncini art\u0131rmak i\u00e7in ince bir y\u00fczey i\u015flemine tabi tutulmal\u0131d\u0131r.<\/p>\n<\/li>\n<li>\n<h3>Dayan\u0131kl\u0131l\u0131k<\/h3>\n<p>Kol silindiri, zorlu \u00e7al\u0131\u015fma ko\u015fullar\u0131na dayanacak ve uzun bir hizmet \u00f6mr\u00fc sa\u011flayacak \u015fekilde y\u00fcksek mukavemetli malzemelerden yap\u0131lmal\u0131 ve uygun y\u00fczey i\u015flemlerinden ge\u00e7irilmelidir.<\/p>\n<\/li>\n<li>\n<h3>Emniyet<\/h3>\n<p>Tasar\u0131mda kazalar\u0131 \u00f6nlemek i\u00e7in bas\u0131n\u00e7 tahliye vanalar\u0131 ve a\u015f\u0131r\u0131 y\u00fck koruma mekanizmalar\u0131 gibi g\u00fcvenlik \u00f6zellikleri g\u00f6z \u00f6n\u00fcnde bulundurulmal\u0131d\u0131r.<\/p>\n<\/li>\n<li>\n<h3>Bak\u0131m kolayl\u0131\u011f\u0131<\/h3>\n<p>Tasar\u0131m, eri\u015filebilir bile\u015fenler ve net talimatlarla kolay bak\u0131m ve onar\u0131m\u0131 kolayla\u015ft\u0131rmal\u0131, b\u00f6ylece denetim ve servis i\u00e7in duru\u015f s\u00fcresini en aza indirmelidir.<\/p>\n<\/li>\n<\/ul>\n<p><img decoding=\"async\" src=\"https:\/\/www.hydraulic-cylinders.net\/wp-content\/uploads\/2025\/01\/songte-cylinder-head-with-all-kinds-excavator-models.webp\" alt=\"Silindir Kapa\u011f\u0131 G\u00f6r\u00fcnt\u00fcs\u00fc\"><\/p>\n<h2>S\u0131zd\u0131rmazl\u0131k ve Ya\u011flama<\/h2>\n<p>Kol silindirleri, poli\u00fcretan ve nitril kau\u00e7uk gibi a\u015f\u0131nmaya dayan\u0131kl\u0131 malzemelerden yap\u0131lm\u0131\u015f piston contalar\u0131 ve piston kolu contalar\u0131 gibi \u00e7e\u015fitli s\u0131zd\u0131rmazl\u0131k elemanlar\u0131 kullan\u0131r. Silindir g\u00f6vdesi ve di\u015fli u\u00e7lar\u0131, a\u015f\u0131nma direncini art\u0131rmak i\u00e7in ince bir y\u00fczey i\u015flemine tabi tutulur. Sorunsuz \u00e7al\u0131\u015fma sa\u011flamak ve contalar\u0131n ve di\u011fer bile\u015fenlerin \u00f6mr\u00fcn\u00fc uzatmak i\u00e7in uygun miktarda hidrolik ya\u011f ile d\u00fczenli ya\u011flama gereklidir.<\/p>\n<h2>D\u00fczenli Muayene ve \u00d6nleyici Bak\u0131m<\/h2>\n<ul>\n<li>\n<h3>Denetleme<\/h3>\n<p>Kol silindirini a\u015f\u0131nma, s\u0131z\u0131nt\u0131 veya hasar belirtileri a\u00e7\u0131s\u0131ndan d\u00fczenli olarak kontrol edin. S\u0131zd\u0131rmazl\u0131k elemanlar\u0131n\u0131n, piston \u00e7ubuklar\u0131n\u0131n, montaj noktalar\u0131n\u0131n ve di\u011fer kritik bile\u015fenlerin durumuna dikkat edin.<\/p>\n<\/li>\n<li>\n<h3>\u00d6nleyici Bak\u0131m<\/h3>\n<p>Ba\u011flant\u0131lar\u0131n d\u00fczenli olarak ya\u011flanmas\u0131, temizlenmesi ve s\u0131k\u0131lmas\u0131 gibi \u00f6nleyici tedbirleri uygulay\u0131n. Optimum performans sa\u011flamak ve ar\u0131za riskini en aza indirmek i\u00e7in \u00fcreticinin bak\u0131m talimatlar\u0131n\u0131 ve program\u0131n\u0131 izleyin.<\/p>\n<\/li>\n<\/ul>\n<h2>\u00dcr\u00fcn Kurulum K\u0131lavuzu<\/h2>\n<p>Kol silindirinin do\u011fru \u015fekilde tak\u0131lmas\u0131, i\u015flevselli\u011fini ve uzun \u00f6m\u00fcrl\u00fcl\u00fc\u011f\u00fcn\u00fc sa\u011flamak i\u00e7in \u00e7ok \u00f6nemlidir. A\u015fa\u011f\u0131daki ad\u0131mlar\u0131 izleyin:<\/p>\n<ol>\n<li>Montaj alan\u0131n\u0131 haz\u0131rlay\u0131n ve temiz ve kal\u0131nt\u0131lardan ar\u0131nd\u0131r\u0131lm\u0131\u015f oldu\u011fundan emin olun.<\/li>\n<li>Kol silindirini montaj deliklerini hizalayarak istedi\u011finiz yere yerle\u015ftirin.<\/li>\n<li>\u00dcreticinin talimatlar\u0131na uygun c\u0131vata ve somunlar\u0131 kullanarak kol silindirini g\u00fcvenli bir \u015fekilde sabitleyin.<\/li>\n<li>Hidrolik hortumlar\u0131 veya borular\u0131 silindir ba\u011flant\u0131 par\u00e7alar\u0131na ba\u011flay\u0131n ve uygun s\u0131zd\u0131rmazl\u0131k sa\u011flay\u0131n.<\/li>\n<li>Kol silindirinin d\u00fczg\u00fcn \u00e7al\u0131\u015f\u0131p \u00e7al\u0131\u015fmad\u0131\u011f\u0131n\u0131 test edin, s\u0131z\u0131nt\u0131, anormal ses veya d\u00fczensiz hareket olup olmad\u0131\u011f\u0131n\u0131 kontrol edin.<\/li>\n<\/ol>\n<p><img decoding=\"async\" src=\"https:\/\/www.hydraulic-cylinders.net\/wp-content\/uploads\/2025\/01\/songte-bushings-with-all-kinds-of-excavator-models.webp\" alt=\"Silindir Bur\u00e7lar\u0131 G\u00f6r\u00fcnt\u00fcs\u00fc\"><\/p>\n<h2>G\u00fcvenlik Hususlar\u0131 ve \u00c7evresel Fakt\u00f6rler<\/h2>\n<p>Kol silindirleriyle \u00e7al\u0131\u015f\u0131rken, kaza ve yaralanmalar\u0131 \u00f6nlemek i\u00e7in g\u00fcvenlik \u00f6nlemleri kritik \u00f6neme sahiptir. Uygun ki\u015fisel koruyucu ekipman giymek ve makineyi belirtilen s\u0131n\u0131rlar dahilinde \u00e7al\u0131\u015ft\u0131rmak gibi t\u00fcm ilgili g\u00fcvenlik y\u00f6nergelerine uymak \u00e7ok \u00f6nemlidir. Ayr\u0131ca, \u00e7evresel etkiyi g\u00f6z \u00f6n\u00fcnde bulundurarak, hidrolik s\u0131v\u0131lar\u0131n uygun \u015fekilde bertaraf edilmesi ve \u00e7evre y\u00f6netmeliklerine uyulmas\u0131 da hayati \u00f6nem ta\u015f\u0131r.<\/p>\n<h2>Sorun Giderme ve Yayg\u0131n Sorunlar<\/h2>\n<p>Kol silindiri ile ilgili sorunlarla kar\u015f\u0131la\u015ft\u0131\u011f\u0131n\u0131zda, a\u015fa\u011f\u0131daki ad\u0131mlar sorunlar\u0131n te\u015fhis edilmesine ve \u00e7\u00f6z\u00fclmesine yard\u0131mc\u0131 olabilir:<\/p>\n<ul>\n<li>\n<h3>Ar\u0131za Te\u015fhisi<\/h3>\n<p>Silindiri ve ilgili bile\u015fenleri g\u00f6zle g\u00f6r\u00fcl\u00fcr hasar veya anormallik a\u00e7\u0131s\u0131ndan iyice inceleyin. S\u0131z\u0131nt\u0131, gev\u015fek ba\u011flant\u0131 veya a\u015f\u0131nma belirtileri olup olmad\u0131\u011f\u0131n\u0131 kontrol edin.<\/p>\n<\/li>\n<li>\n<h3>Ortak Sorunlar<\/h3>\n<p>Yayg\u0131n sorunlar aras\u0131nda s\u0131z\u0131nt\u0131, yetersiz kuvvet veya hareket, d\u00fczensiz hareket veya al\u0131\u015f\u0131lmad\u0131k sesler bulunur. Etkilenen bile\u015fenleri inceleyerek temel nedeni belirleyin.<\/p>\n<\/li>\n<\/ul>\n<p>Sorun giderme k\u0131lavuzu i\u00e7in \u00fcreticinin belgelerine bak\u0131n veya profesyonel bir teknisyene dan\u0131\u015f\u0131n. Olas\u0131 sorunlar\u0131 en aza indirmek ve optimum performans sa\u011flamak i\u00e7in \u00f6nleyici tedbirler uygulay\u0131n.<\/p>\n<p><img decoding=\"async\" src=\"https:\/\/www.hydraulic-cylinders.net\/wp-content\/uploads\/2025\/01\/songte-chushion-collar.webp\" alt=\"Yast\u0131k Yaka G\u00f6rseli\"><\/p>\n<p>Makaleyi mant\u0131kl\u0131 bir \u015fekilde d\u00fczenlemeyi, kolay gezinme i\u00e7in alt ba\u015fl\u0131klar kullanmay\u0131, anlay\u0131\u015f\u0131 art\u0131rmak i\u00e7in ilgili g\u00f6rseller veya grafikler eklemeyi ve farkl\u0131 teknik bilgi seviyelerine sahip okuyucular i\u00e7in i\u00e7erik a\u00e7\u0131kl\u0131\u011f\u0131 ve \u00f6zl\u00fc olmas\u0131n\u0131 sa\u011flamay\u0131 unutmay\u0131n.<\/p>\n<h2>\u015eirketimiz Hakk\u0131nda<\/h2>\n<p>Geni\u015f bir \u00fcr\u00fcn yelpazesi sunan profesyonel bir yedek hidrolik silindir \u00fcreticisiyiz. Yurt i\u00e7i ve yurt d\u0131\u015f\u0131 pazarlarda lider hidrolik silindir \u00fcreticilerinden ve toptan da\u011f\u0131t\u0131c\u0131lar\u0131ndan biri haline geldik. M\u00fckemmellik ilkesini benimseyerek, geli\u015fmi\u015f \u00fcretim at\u00f6lyemizdeki end\u00fcstriyel \u00fcretim y\u00f6netimi stratejilerine dayanarak, teknolojik yeteneklerimizi ve \u00fcretim verimlili\u011fimizi s\u00fcrekli geli\u015ftiriyoruz. \u00dcst d\u00fczey dijital \u00fcretim ekipmanlar\u0131 ve profesyonel test sistemleri sunarak, \u00fcretim platformumuzu optimize ediyor ve \u00fcr\u00fcn kalite kontrol s\u00fcre\u00e7lerimizi iyile\u015ftirerek g\u00fc\u00e7l\u00fc inovasyon yeteneklerine sahip oluyoruz. Amac\u0131m\u0131z, y\u00fcksek verimlilik, hassasiyet ve y\u00fcksek kalite ilkeleriyle farkl\u0131 m\u00fc\u015fteri ihtiya\u00e7lar\u0131n\u0131 kar\u015f\u0131lamakt\u0131r.<\/p>\n<p><img","protected":false},"excerpt":{"rendered":"<p>Arm Cylinder for Sany Large Excavator SY700H-8 Definition and Explanation An arm cylinder is a specially designed hydraulic cylinder that provides linear motion and power to the arm of various machinery, such as excavators, cranes, and robotic arms. It plays a critical role in hydraulic systems, allowing for efficient movement and control of additional tools [&hellip;]<\/p>","protected":false},"featured_media":14779,"comment_status":"open","ping_status":"closed","template":"","meta":{"_et_pb_use_builder":"","_et_pb_old_content":"","_et_gb_content_width":""},"product_brand":[],"product_cat":[1497],"product_tag":[1498,1496],"class_list":{"0":"post-16377","1":"product","2":"type-product","3":"status-publish","4":"has-post-thumbnail","6":"product_cat-arm-cylinders","7":"product_tag-arm-cylinders","8":"product_tag-hydraulic-cylinders","10":"first","11":"instock","12":"shipping-taxable","13":"product-type-simple"},"amp_enabled":true,"_links":{"self":[{"href":"https:\/\/www.hydraulic-cylinders.net\/tr\/wp-json\/wp\/v2\/product\/16377","targetHints":{"allow":["GET"]}}],"collection":[{"href":"https:\/\/www.hydraulic-cylinders.net\/tr\/wp-json\/wp\/v2\/product"}],"about":[{"href":"https:\/\/www.hydraulic-cylinders.net\/tr\/wp-json\/wp\/v2\/types\/product"}],"replies":[{"embeddable":true,"href":"https:\/\/www.hydraulic-cylinders.net\/tr\/wp-json\/wp\/v2\/comments?post=16377"}],"wp:featuredmedia":[{"embeddable":true,"href":"https:\/\/www.hydraulic-cylinders.net\/tr\/wp-json\/wp\/v2\/media\/14779"}],"wp:attachment":[{"href":"https:\/\/www.hydraulic-cylinders.net\/tr\/wp-json\/wp\/v2\/media?parent=16377"}],"wp:term":[{"taxonomy":"product_brand","embeddable":true,"href":"https:\/\/www.hydraulic-cylinders.net\/tr\/wp-json\/wp\/v2\/product_brand?post=16377"},{"taxonomy":"product_cat","embeddable":true,"href":"https:\/\/www.hydraulic-cylinders.net\/tr\/wp-json\/wp\/v2\/product_cat?post=16377"},{"taxonomy":"product_tag","embeddable":true,"href":"https:\/\/www.hydraulic-cylinders.net\/tr\/wp-json\/wp\/v2\/product_tag?post=16377"}],"curies":[{"name":"wp","href":"https:\/\/api.w.org\/{rel}","templated":true}]}}