{"id":16382,"date":"2025-01-20T09:11:00","date_gmt":"2025-01-20T09:11:00","guid":{"rendered":"https:\/\/www.hydraulic-cylinders.net\/product\/arm-cylinderfor-sany-large-excavator-sy880h-8\/"},"modified":"2025-01-20T09:11:02","modified_gmt":"2025-01-20T09:11:02","slug":"arm-cylinderfor-sany-large-excavator-sy880h-8","status":"publish","type":"product","link":"https:\/\/www.hydraulic-cylinders.net\/tr\/urun\/arm-cylinderfor-sany-large-excavator-sy880h-8\/","title":{"rendered":"Sany SY880H-8 B\u00fcy\u00fck Ekskavat\u00f6r i\u00e7in Kol Silindiri"},"content":{"rendered":"<p><!DOCTYPE html><br \/>\n<html><\/p>\n<p><head><br \/>\n    <title>Sany SY880H-8 B\u00fcy\u00fck Ekskavat\u00f6r \u0130\u00e7in Kol Silindiri<\/title><br \/>\n<\/head><\/p>\n<p><body><\/p>\n<h1>Sany SY880H-8 B\u00fcy\u00fck Ekskavat\u00f6r \u0130\u00e7in Kol Silindiri<\/h1>\n<h2>Tan\u0131m ve A\u00e7\u0131klama<\/h2>\n<p>Kol silindiri, \u00e7e\u015fitli ara\u00e7lar\u0131n kollar\u0131na do\u011frusal hareket ve g\u00fc\u00e7 sa\u011flayan \u00f6zel olarak tasarlanm\u0131\u015f bir hidrolik silindirdir.<br \/>\n        Ekskavat\u00f6rler, vin\u00e7ler ve mekanik kollar gibi makinelerde kullan\u0131l\u0131r. Hidrolik sistemlerde hayati bir rol oynar ve bu sayede \u00e7al\u0131\u015fma imkan\u0131 sa\u011flar.<br \/>\n        Ek aletlerin veya ata\u015fmanlar\u0131n sorunsuz hareketini ve kontrol\u00fcn\u00fc sa\u011flar. Bu silindirler sadece sorunsuz hareketi sa\u011flamakla kalmaz.<br \/>\n        Ancak ayn\u0131 zamanda a\u011f\u0131r y\u00fcklere de dayanabilme \u00f6zelli\u011fi sayesinde, \u00e7e\u015fitli \u00e7al\u0131\u015fma ko\u015fullar\u0131 alt\u0131nda makinelerin verimli \u00e7al\u0131\u015fmas\u0131n\u0131 ve g\u00fcvenilirli\u011fini sa\u011flar.<br \/>\n        ko\u015fullar.<\/p>\n<p>    <img decoding=\"async\" src=\"https:\/\/www.hydraulic-cylinders.net\/wp-content\/uploads\/2025\/01\/songte-company-2.webp\"><\/p>\n<h2>\u00d6zellikler<\/h2>\n<ul>\n<li>\n<h3>Y\u00fcksek Verimli \u015eanz\u0131man<\/h3>\n<p>Kol silindiri, g\u00fc\u00e7l\u00fc do\u011frusal hareket ve kuvvet sa\u011flayarak \u00e7e\u015fitli uygulamalarda y\u00fcksek verimlilik performans\u0131 sunar.<br \/>\n                operasyonlar.<\/p>\n<\/li>\n<li>\n<h3>Hassas Kontrol<\/h3>\n<p>Hidrolik sistem sayesinde, Kol Silindiri hassas hareket kontrol\u00fc sa\u011flayarak, operasyonun sorunsuz \u00e7al\u0131\u015fmas\u0131n\u0131 m\u00fcmk\u00fcn k\u0131lar.<br \/>\n                Ek ara\u00e7lar daha esnek ve do\u011fru sonu\u00e7lar verir.<\/p>\n<\/li>\n<li>\n<h3>G\u00fc\u00e7l\u00fc Dayan\u0131kl\u0131l\u0131k<\/h3>\n<p>Kol silindirleri genellikle y\u00fcksek mukavemetli malzemelerden \u00fcretilir ve m\u00fckemmel a\u015f\u0131nma ve korozyon direnci sunar.<br \/>\n                Zorlu ortamlarda uzun s\u00fcreli kullan\u0131ma uygun, dayan\u0131kl\u0131.<\/p>\n<\/li>\n<li>\n<h3>\u00c7ok \u0130\u015flevli Uyarlanabilirlik<\/h3>\n<p>Bu silindirler, ekskavat\u00f6rler, vin\u00e7ler ve mekanik kollar gibi \u00e7e\u015fitli makinelerde yayg\u0131n olarak kullan\u0131labilir.<br \/>\n                Farkl\u0131 i\u015f gereksinimlerine uyum sa\u011flamak.<\/p>\n<\/li>\n<li>\n<h3>Kolay Bak\u0131m<\/h3>\n<p>Kol silindirinin tasar\u0131m\u0131, bak\u0131m ve de\u011fi\u015ftirme kolayl\u0131\u011f\u0131n\u0131 g\u00f6z \u00f6n\u00fcnde bulundurarak d\u00fczenli inceleme ve bak\u0131m yap\u0131lmas\u0131n\u0131 sa\u011flar.<br \/>\n                Bak\u0131m\u0131 daha kolay hale getirir ve ekipman ar\u0131za s\u00fcresini azalt\u0131r.<\/p>\n<\/li>\n<\/ul>\n<p>    <img decoding=\"async\" src=\"https:\/\/www.hydraulic-cylinders.net\/wp-content\/uploads\/2025\/01\/songte-oil-pipes-and-spare-parts.webp\"><\/p>\n<h2>Uygulamalar<\/h2>\n<ul>\n<li>\n<h3>\u0130n\u015faat M\u00fchendisli\u011fi<\/h3>\n<p>Kaz\u0131c\u0131 makinelerde ve vin\u00e7lerde, kol silindiri, toprak i\u015flerinde kep\u00e7elerin veya bomlar\u0131n hareketini kontrol etmek i\u00e7in kullan\u0131l\u0131r.<br \/>\n                Malzeme ta\u015f\u0131ma ve yap\u0131sal kurulum.<\/p>\n<\/li>\n<li>\n<h3>\u00dcretim Sanayi<\/h3>\n<p>Otomatik \u00fcretim hatlar\u0131nda, kol silindiri, montaj gibi mekanik kollar\u0131n hareket ettirilmesi i\u00e7in kullan\u0131l\u0131r.<br \/>\n                Kaynak ve ta\u015f\u0131ma s\u00fcre\u00e7lerini iyile\u015ftirerek \u00fcretim verimlili\u011fini ve hassasiyetini art\u0131r\u0131yoruz.<\/p>\n<\/li>\n<li>\n<h3>Tar\u0131m Makinalar\u0131<\/h3>\n<p>Bi\u00e7erd\u00f6ver ve tohum ekme makineleri gibi tar\u0131m makinelerinde, kol silindiri \u00e7al\u0131\u015fma kollar\u0131n\u0131n hareketini kontrol eder.<br \/>\n                Tohum ekme, g\u00fcbreleme ve hasat gibi i\u015fler i\u00e7in.<\/p>\n<\/li>\n<li>\n<h3>Madencilik<\/h3>\n<p>Madencilik ekipmanlar\u0131nda, kol silindiri, madencilik ekipman\u0131n\u0131n kol hareketini kontrol etmek ve cevherin \u00e7\u0131kar\u0131lmas\u0131n\u0131 kolayla\u015ft\u0131rmak i\u00e7in kullan\u0131l\u0131r.<br \/>\n                \u00c7\u0131karma ve ta\u015f\u0131ma.<\/p>\n<\/li>\n<li>\n<h3>Lojistik ve Ta\u015f\u0131mac\u0131l\u0131k<\/h3>\n<p>Forkliftlerde ve ta\u015f\u0131ma robotlar\u0131nda, kol silindiri, \u00e7atallar\u0131n kald\u0131r\u0131lmas\u0131n\u0131 ve hareketini kontrol etmek i\u00e7in kullan\u0131l\u0131r ve bu da<br \/>\n                Malzemelerin ta\u015f\u0131nmas\u0131 ve istiflenmesi.<\/p>\n<\/li>\n<\/ul>\n<h2>Tasar\u0131m Hususlar\u0131 ve Se\u00e7im Kriterleri<\/h2>\n<ul>\n<li>\n<h3>Ta\u015f\u0131ma Kapasitesi<\/h3>\n<p>The Arm Cylinder&#8217;s ability to withstand loads is a crucial design consideration. It should be able to handle the<br \/>\n                Gerekli a\u011f\u0131rl\u0131k ve kuvvetleri, ar\u0131za veya a\u015f\u0131r\u0131 a\u015f\u0131nma olmadan kar\u015f\u0131layabilme.<\/p>\n<\/li>\n<li>\n<h3>S\u0131zd\u0131rmazl\u0131k<\/h3>\n<p>Piston contalar\u0131 ve mil contalar\u0131 gibi \u00e7e\u015fitli s\u0131zd\u0131rmazl\u0131k bile\u015fenleri, etkili bir s\u0131zd\u0131rmazl\u0131k sa\u011flamak i\u00e7in kullan\u0131l\u0131r. Contalar<br \/>\n                Poli\u00fcretan ve nitril kau\u00e7uk gibi a\u015f\u0131nmaya dayan\u0131kl\u0131 malzemelerden \u00fcretilmi\u015ftir. Silindir g\u00f6vdesi ve di\u015fli k\u0131s\u0131mlar<br \/>\n                U\u00e7lar, a\u015f\u0131nma direncini art\u0131rmak i\u00e7in ince bir \u015fekilde i\u015flenmi\u015ftir. Hidrolik ya\u011f ile d\u00fczenli ya\u011flama gereklidir.<br \/>\n                Uygun ya\u011flamay\u0131 sa\u011flay\u0131n.<\/p>\n<\/li>\n<li>\n<h3>Dayan\u0131kl\u0131l\u0131k<\/h3>\n<p>Kol silindirlerinin y\u00fcksek kaliteli malzemelerden \u00fcretilmesi ve titiz \u00fcretim s\u00fcre\u00e7lerinden ge\u00e7mesi gerekmektedir.<br \/>\n                Dayan\u0131kl\u0131l\u0131k ve a\u015f\u0131nmaya ve korozyona kar\u015f\u0131 diren\u00e7.<\/p>\n<\/li>\n<li>\n<h3>Emniyet<\/h3>\n<p>Kaza riskini \u00f6nlemek ve operat\u00f6r\u00fcn g\u00fcvenli\u011fini sa\u011flamak i\u00e7in kol silindirlerinin tasar\u0131m\u0131na g\u00fcvenlik \u00f6zellikleri dahil edilmelidir.<br \/>\n                \u00c7al\u0131\u015fma s\u0131ras\u0131nda g\u00fcvenlik.<\/p>\n<\/li>\n<li>\n<h3>Bak\u0131m<\/h3>\n<p>Kol silindirlerinin tasar\u0131m\u0131nda, bak\u0131m ve onar\u0131m kolayl\u0131\u011f\u0131 g\u00f6z \u00f6n\u00fcnde bulundurularak riskler en aza indirilmelidir.<br \/>\n                Ar\u0131za s\u00fcrelerini azalt\u0131r ve d\u00fczenli denetim ve onar\u0131mlar\u0131 kolayla\u015ft\u0131r\u0131r.<\/p>\n<\/li>\n<\/ul>\n<p>    <img decoding=\"async\" src=\"https:\/\/www.hydraulic-cylinders.net\/wp-content\/uploads\/2025\/01\/songte-cylinder-head-with-all-kinds-excavator-models.webp\"><\/p>\n<h2>D\u00fczenli Muayene ve \u00d6nleyici Bak\u0131m<\/h2>\n<ul>\n<li>Kol silindirini d\u00fczenli olarak s\u0131z\u0131nt\u0131, a\u015f\u0131nma veya hasar belirtileri a\u00e7\u0131s\u0131ndan kontrol edin.<\/li>\n<li>Contalar\u0131 kontrol edin ve gerekirse de\u011fi\u015ftirin.<\/li>\n<li>Uygun miktarda hidrolik ya\u011f ekleyerek uygun ya\u011flamay\u0131 sa\u011flay\u0131n.<\/li>\n<li>Gev\u015fek olan t\u00fcm c\u0131vatalar\u0131 veya ba\u011flant\u0131lar\u0131 s\u0131k\u0131n.<\/li>\n<li>Bak\u0131m aral\u0131klar\u0131 ve prosed\u00fcrleri i\u00e7in \u00fcreticinin talimatlar\u0131n\u0131 izleyin.<\/li>\n<\/ul>\n<h2>\u00dcr\u00fcn Kurulum K\u0131lavuzu<\/h2>\n<p>1. Kurulum i\u00e7in gerekli t\u00fcm alet ve ekipmanlar\u0131 haz\u0131rlay\u0131n.<\/p>\n<p>2. Ekskavat\u00f6r\u00fcn uygun \u015fekilde desteklendi\u011finden ve sabitlendi\u011finden emin olun.<\/p>\n<p>3. Kol silindirini, montaj deliklerini hizalayarak istenen konuma yerle\u015ftirin.<\/p>\n<p>4. Uygun c\u0131vata ve ba\u011flant\u0131 elemanlar\u0131n\u0131 kullanarak Kol Silindirini g\u00fcvenli bir \u015fekilde tak\u0131n.<\/p>\n<p>5. Gev\u015fek ba\u011flant\u0131lar veya hizalama sorunlar\u0131 olup olmad\u0131\u011f\u0131n\u0131 tekrar kontrol edin.<\/p>\n<p>6. Ekskavat\u00f6r\u00fc \u00e7al\u0131\u015ft\u0131rmadan \u00f6nce kol silindirinin d\u00fczg\u00fcn \u00e7al\u0131\u015ft\u0131\u011f\u0131ndan emin olmak i\u00e7in test edin.<\/p>\n<p>    <img decoding=\"async\" src=\"https:\/\/www.hydraulic-cylinders.net\/wp-content\/uploads\/2025\/01\/songte-bushings-with-all-kinds-of-excavator-models.webp\"><\/p>\n<h2>G\u00fcvenlik Hususlar\u0131 ve \u00c7evresel Fakt\u00f6rler<\/h2>\n<p>Kol silindiri kullan\u0131rken, kazalar\u0131 \u00f6nlemek ve g\u00fcvenli\u011fi sa\u011flamak i\u00e7in g\u00fcvenlik \u00f6nlemlerine uymak \u00e7ok \u00f6nemlidir.<br \/>\n        Personel ve ekipman. G\u00fcvenlik \u00f6nlemleri aras\u0131nda uygun e\u011fitim, koruyucu ekipman giyme ve kurallara uyma yer almal\u0131d\u0131r.<br \/>\n        Kullan\u0131m talimatlar\u0131 ve y\u00f6nergeleri.<\/p>\n<h2>Sorun Giderme ve Yayg\u0131n Sorunlar<\/h2>\n<ul>\n<li>\n<h3>S\u0131z\u0131nt\u0131<\/h3>\n<p>Olas\u0131 nedenler:<\/p>\n<ul>\n<li>A\u015f\u0131nm\u0131\u015f contalar<\/li>\n<li>Hasarl\u0131 silindir g\u00f6vdesi<\/li>\n<li>Gev\u015fek ba\u011flant\u0131lar<\/li>\n<\/ul>\n<p>\u00c7\u00f6z\u00fcm:<\/p>\n<ul>\n<li>A\u015f\u0131nm\u0131\u015f contalar\u0131 kontrol edin ve de\u011fi\u015ftirin.<\/li>\n<li>Hasarl\u0131 silindir g\u00f6vdesini onar\u0131n veya de\u011fi\u015ftirin.<\/li>\n<li>Gev\u015fek ba\u011flant\u0131lar\u0131 s\u0131k\u0131n.<\/li>\n<\/ul>\n<\/li>\n<li>\n<h3>Anormal G\u00fcr\u00fclt\u00fc<\/h3>\n<p>Olas\u0131 nedenler:<\/p>\n<ul>\n<li>Gev\u015fek par\u00e7alar<\/li>\n<li>Yetersiz ya\u011flama<\/li>\n<\/ul>\n<p>\u00c7\u00f6z\u00fcm:<\/p>\n<ul>\n<li>Gev\u015fek par\u00e7alar\u0131 s\u0131k\u0131n.<\/li>\n<li>Uygun ya\u011flamay\u0131 sa\u011flay\u0131n.<\/li>\n<\/ul>\n<\/li>\n<li>\n<h3>Yava\u015f veya Tutarl\u0131 Olmayan Hareket<\/h3>\n<p>Olas\u0131 nedenler:<\/p>\n<ul>\n<li>Hidrolik bas\u0131n\u00e7 eksikli\u011fi<\/li>\n<li>Hidrolik sistemde t\u0131kan\u0131kl\u0131k<\/li>\n<\/ul>\n<p>            <\/<\/p>","protected":false},"excerpt":{"rendered":"<p>Arm Cylinder For Sany Large Excavator SY880H-8 Arm Cylinder For Sany Large Excavator SY880H-8 Definition and Explanation Arm Cylinder is a specially designed hydraulic cylinder that provides linear motion and power to the arm of various machinery, such as excavators, cranes, and mechanical arms. It plays a crucial role in hydraulic systems, enabling the smooth [&hellip;]<\/p>","protected":false},"featured_media":14766,"comment_status":"open","ping_status":"closed","template":"","meta":{"_et_pb_use_builder":"","_et_pb_old_content":"","_et_gb_content_width":""},"product_brand":[],"product_cat":[1497],"product_tag":[1498,1496],"class_list":{"0":"post-16382","1":"product","2":"type-product","3":"status-publish","4":"has-post-thumbnail","6":"product_cat-arm-cylinders","7":"product_tag-arm-cylinders","8":"product_tag-hydraulic-cylinders","10":"first","11":"instock","12":"shipping-taxable","13":"product-type-simple"},"amp_enabled":true,"_links":{"self":[{"href":"https:\/\/www.hydraulic-cylinders.net\/tr\/wp-json\/wp\/v2\/product\/16382","targetHints":{"allow":["GET"]}}],"collection":[{"href":"https:\/\/www.hydraulic-cylinders.net\/tr\/wp-json\/wp\/v2\/product"}],"about":[{"href":"https:\/\/www.hydraulic-cylinders.net\/tr\/wp-json\/wp\/v2\/types\/product"}],"replies":[{"embeddable":true,"href":"https:\/\/www.hydraulic-cylinders.net\/tr\/wp-json\/wp\/v2\/comments?post=16382"}],"wp:featuredmedia":[{"embeddable":true,"href":"https:\/\/www.hydraulic-cylinders.net\/tr\/wp-json\/wp\/v2\/media\/14766"}],"wp:attachment":[{"href":"https:\/\/www.hydraulic-cylinders.net\/tr\/wp-json\/wp\/v2\/media?parent=16382"}],"wp:term":[{"taxonomy":"product_brand","embeddable":true,"href":"https:\/\/www.hydraulic-cylinders.net\/tr\/wp-json\/wp\/v2\/product_brand?post=16382"},{"taxonomy":"product_cat","embeddable":true,"href":"https:\/\/www.hydraulic-cylinders.net\/tr\/wp-json\/wp\/v2\/product_cat?post=16382"},{"taxonomy":"product_tag","embeddable":true,"href":"https:\/\/www.hydraulic-cylinders.net\/tr\/wp-json\/wp\/v2\/product_tag?post=16382"}],"curies":[{"name":"wp","href":"https:\/\/api.w.org\/{rel}","templated":true}]}}