{"id":16383,"date":"2025-01-20T09:11:05","date_gmt":"2025-01-20T09:11:05","guid":{"rendered":"https:\/\/www.hydraulic-cylinders.net\/product\/arm-cylinderfor-sany-large-excavator-sy305c-9h\/"},"modified":"2025-01-20T09:11:07","modified_gmt":"2025-01-20T09:11:07","slug":"arm-cylinderfor-sany-large-excavator-sy305c-9h","status":"publish","type":"product","link":"https:\/\/www.hydraulic-cylinders.net\/tr\/urun\/arm-cylinderfor-sany-large-excavator-sy305c-9h\/","title":{"rendered":"Sany SY305C-9H B\u00fcy\u00fck Ekskavat\u00f6r i\u00e7in Kol Silindiri"},"content":{"rendered":"<h1>Sany B\u00fcy\u00fck Ekskavat\u00f6r SY305C-9H i\u00e7in Kol Silindiri<\/h1>\n<h2>girii\u015f<\/h2>\n<p>Kol silindiri, ekskavat\u00f6rler, vin\u00e7ler ve mekanik kollar gibi \u00e7e\u015fitli makinelerin kollar\u0131na do\u011frusal hareket ve g\u00fc\u00e7 sa\u011flamak i\u00e7in \u00f6zel olarak tasarlanm\u0131\u015f bir hidrolik silindirdir. Kol silindiri, hidrolik sistemde hayati bir rol oynayarak ek aletlerin veya ata\u015fmanlar\u0131n etkili hareketini ve kontrol\u00fcn\u00fc sa\u011flar. Bu silindirler sadece d\u00fczg\u00fcn hareket sa\u011flamakla kalmaz, ayn\u0131 zamanda a\u011f\u0131r y\u00fckleri de ta\u015f\u0131yarak \u00e7e\u015fitli \u00e7al\u0131\u015fma ko\u015fullar\u0131 alt\u0131nda makinelerin verimli \u00e7al\u0131\u015fmas\u0131n\u0131 ve g\u00fcvenilirli\u011fini sa\u011flar.<\/p>\n<p><img decoding=\"async\" src=\"https:\/\/www.hydraulic-cylinders.net\/wp-content\/uploads\/2025\/01\/songte-company-2.webp\"\/><\/p>\n<h2>\u00d6zellikler<\/h2>\n<h3>Y\u00fcksek Verimlilikli S\u00fcr\u00fcc\u00fc<\/h3>\n<p>Kol silindiri, g\u00fc\u00e7l\u00fc do\u011frusal hareket ve kuvvet sa\u011flayarak mekanik kolun \u00e7e\u015fitli i\u015flemlerde y\u00fcksek verimlilikte performans g\u00f6stermesini garanti eder.<\/p>\n<h3>Hassas Kontrol<\/h3>\n<p>Hidrolik sistem sayesinde, kol silindiri hassas hareket kontrol\u00fc sa\u011flayarak ek aletlerin kullan\u0131m\u0131n\u0131 daha esnek ve hassas hale getirir.<\/p>\n<h3>G\u00fc\u00e7l\u00fc Dayan\u0131kl\u0131l\u0131k<\/h3>\n<p>Kol silindiri genellikle y\u00fcksek mukavemetli, a\u015f\u0131nmaya ve korozyona dayan\u0131kl\u0131 malzemelerden \u00fcretilir ve zorlu ortamlarda uzun s\u00fcreli kullan\u0131ma uygundur.<\/p>\n<h3>\u00c7ok Fonksiyonlu Uyarlanabilirlik<\/h3>\n<p>Bu silindirler, farkl\u0131 \u00e7al\u0131\u015fma gereksinimlerini kar\u015f\u0131lamak \u00fczere ekskavat\u00f6rler, vin\u00e7ler ve i\u015f kollar\u0131 gibi \u00e7e\u015fitli mekanik ekipmanlarda yayg\u0131n olarak kullan\u0131labilir.<\/p>\n<h3>Kolay Bak\u0131m<\/h3>\n<p>Kolay bak\u0131m ve de\u011fi\u015ftirme i\u00e7in tasarlanan kol silindiri, d\u00fczenli inceleme ve bak\u0131m\u0131 daha kolay hale getirerek ekipman ar\u0131za s\u00fcresini azalt\u0131r.<\/p>\n<p><img decoding=\"async\" src=\"https:\/\/www.hydraulic-cylinders.net\/wp-content\/uploads\/2025\/01\/songte-oil-pipes-and-spare-parts.webp\"\/><\/p>\n<h2>Uygulamalar<\/h2>\n<h3>\u0130n\u015faat M\u00fchendisli\u011fi<\/h3>\n<p>Kaz\u0131c\u0131 makinelerde ve vin\u00e7lerde, kol silindiri, toprak ta\u015f\u0131ma, malzeme ta\u015f\u0131ma ve yap\u0131sal kurulum i\u015flemlerini ger\u00e7ekle\u015ftirmek i\u00e7in kep\u00e7e veya bomun hareketini kontrol etmek amac\u0131yla kullan\u0131l\u0131r.<\/p>\n<h3>\u00dcretme<\/h3>\n<p>Otomatik \u00fcretim hatlar\u0131nda, kol silindiri, montaj, kaynak ve ta\u015f\u0131ma i\u015flemlerini ger\u00e7ekle\u015ftirmek i\u00e7in mekanik kollar\u0131 hareket ettirmek amac\u0131yla kullan\u0131l\u0131r ve bu da \u00fcretim verimlili\u011fini ve do\u011frulu\u011funu art\u0131r\u0131r.<\/p>\n<h3>Tar\u0131m Makinalar\u0131<\/h3>\n<p>Bi\u00e7erd\u00f6ver ve ekim makinesi gibi tar\u0131m makinelerinde, kol silindiri, ekim, g\u00fcbreleme ve hasat gibi g\u00f6revleri yerine getirmek i\u00e7in \u00e7al\u0131\u015fma kolunun hareketini kontrol eder.<\/p>\n<h3>Madencilik<\/h3>\n<p>Madencilik ekipmanlar\u0131nda, kol silindiri, maden cevherlerinin \u00e7\u0131kar\u0131lmas\u0131 ve ta\u015f\u0131nmas\u0131 s\u0131ras\u0131nda ekipman\u0131n kol hareketini kontrol etmek i\u00e7in kullan\u0131l\u0131r.<\/p>\n<h3>Lojistik ve Ta\u015f\u0131mac\u0131l\u0131k<\/h3>\n<p>Forkliftlerde ve ta\u015f\u0131ma robotlar\u0131nda, malzeme ta\u015f\u0131ma ve istifleme i\u015flemlerini ger\u00e7ekle\u015ftirmek i\u00e7in \u00e7atallar\u0131n kald\u0131r\u0131lmas\u0131n\u0131 ve hareketini kontrol etmek amac\u0131yla kol silindiri kullan\u0131l\u0131r.<\/p>\n<p><img decoding=\"async\" src=\"https:\/\/www.hydraulic-cylinders.net\/wp-content\/uploads\/2025\/01\/songte-chushion-collar.webp\"\/><\/p>\n<h2>Tasar\u0131m Hususlar\u0131 ve Se\u00e7im Kriterleri<\/h2>\n<h3>Y\u00fck Ta\u015f\u0131ma Kapasitesi<\/h3>\n<p>Kol silindiri, y\u00fck\u00fcn a\u011f\u0131rl\u0131\u011f\u0131n\u0131 ta\u015f\u0131yabilmeli ve \u00e7al\u0131\u015fma s\u0131ras\u0131nda olu\u015fan d\u0131\u015f kuvvetleri kar\u015f\u0131layabilmelidir.<\/p>\n<h3>S\u0131zd\u0131rmazl\u0131k<\/h3>\n<p>Kol silindiri, s\u0131v\u0131 s\u0131z\u0131nt\u0131s\u0131n\u0131 ve kirlenmeyi \u00f6nlemek i\u00e7in poli\u00fcretan ve nitril kau\u00e7uk gibi a\u015f\u0131nmaya dayan\u0131kl\u0131 malzemelerden yap\u0131lm\u0131\u015f piston contalar\u0131 ve mil contalar\u0131 gibi \u00e7e\u015fitli s\u0131zd\u0131rmazl\u0131k elemanlar\u0131 kullan\u0131r.<\/p>\n<h3>Dayan\u0131kl\u0131l\u0131k<\/h3>\n<p>Kol silindiri, zorlu ortamlarda uzun s\u00fcreli kullan\u0131m sa\u011flamak i\u00e7in a\u015f\u0131nmaya ve korozyona dayan\u0131kl\u0131, y\u00fcksek mukavemetli malzemelerden yap\u0131lmal\u0131d\u0131r.<\/p>\n<h3>Emniyet<\/h3>\n<p>Kol silindiri, kazalar\u0131 \u00f6nlemek ve operat\u00f6r g\u00fcvenli\u011fini sa\u011flamak i\u00e7in a\u015f\u0131r\u0131 y\u00fck korumas\u0131 ve acil durdurma fonksiyonlar\u0131 gibi g\u00fcvenlik \u00f6zellikleriyle tasarlanmal\u0131d\u0131r.<\/p>\n<h3>Bak\u0131m<\/h3>\n<p>Kol silindiri, bak\u0131m kolayl\u0131\u011f\u0131 g\u00f6z \u00f6n\u00fcnde bulundurularak tasarlanmal\u0131d\u0131r; \u00f6rne\u011fin, contalar\u0131n ve di\u011fer bile\u015fenlerin incelenmesi ve de\u011fi\u015ftirilmesi i\u00e7in kolayca s\u00f6k\u00fclebilir olmal\u0131d\u0131r.<\/p>\n<p><img decoding=\"async\" src=\"https:\/\/www.hydraulic-cylinders.net\/wp-content\/uploads\/2025\/01\/songte-cylinder-head-with-all-kinds-excavator-models.webp\"\/><\/p>\n<h2>S\u0131zd\u0131rmazl\u0131k ve Ya\u011flama<\/h2>\n<p>Kol silindiri, s\u0131v\u0131 s\u0131z\u0131nt\u0131s\u0131n\u0131 ve kirlenmeyi \u00f6nlemek i\u00e7in poli\u00fcretan ve nitril kau\u00e7uk gibi a\u015f\u0131nmaya dayan\u0131kl\u0131 malzemelerden yap\u0131lm\u0131\u015f piston contalar\u0131 ve mil contalar\u0131 gibi \u00e7e\u015fitli s\u0131zd\u0131rmazl\u0131k elemanlar\u0131 kullan\u0131r. Silindir g\u00f6vdesi ve di\u015fli u\u00e7 y\u00fczeyi, a\u015f\u0131nma direncini art\u0131rmak i\u00e7in ince bir \u015fekilde i\u015flenmi\u015ftir. Kol silindirinin d\u00fczg\u00fcn \u00e7al\u0131\u015fmas\u0131n\u0131 sa\u011flamak i\u00e7in d\u00fczenli olarak hidrolik ya\u011f ile ya\u011flanmas\u0131 gerekir.<\/p>\n<h2>D\u00fczenli Muayene ve \u00d6nleyici Bak\u0131m<\/h2>\n<h3>D\u00fczenli Muayene<\/h3>\n<p>Kol silindirinin d\u00fczg\u00fcn \u00e7al\u0131\u015fmas\u0131n\u0131 sa\u011flamak i\u00e7in d\u00fczenli olarak kontrol edilmeli, \u00f6zellikle s\u0131z\u0131nt\u0131, deformasyon ve gev\u015fek c\u0131vata ve somunlar a\u00e7\u0131s\u0131ndan incelenmelidir.<\/p>\n<h3>\u00d6nleyici Bak\u0131m<\/h3>\n<p>Ekipman ar\u0131zalar\u0131n\u0131 \u00f6nlemek ve ar\u0131za s\u00fcrelerini en aza indirmek i\u00e7in d\u00fczenli olarak \u00f6nleyici bak\u0131m yap\u0131lmal\u0131d\u0131r. Bu, a\u015f\u0131nm\u0131\u015f contalar\u0131n ve di\u011fer bile\u015fenlerin de\u011fi\u015ftirilmesini, uygun ya\u011flama ve s\u0131v\u0131 seviyelerinin kontrol edilmesini i\u00e7erir.<\/p>\n<p><img decoding=\"async\" src=\"https:\/\/www.hydraulic-cylinders.net\/wp-content\/uploads\/2025\/01\/songte-bushings-with-all-kinds-of-excavator-models.webp\"\/><\/p>\n<h2>Kurulum K\u0131lavuzu<\/h2>\n<p>Kol silindirini takmadan \u00f6nce, ekipman\u0131n d\u00fczg\u00fcn bir \u015fekilde desteklendi\u011finden ve sabitlendi\u011finden emin olun. Silindiri do\u011fru pozisyona monte edin ve pim delikleriyle do\u011fru hizalamay\u0131 sa\u011flay\u0131n. C\u0131vatalar\u0131 ve somunlar\u0131 belirtilen tork de\u011ferlerine g\u00f6re s\u0131k\u0131n. Hidrolik hortumlar\u0131 ve ba\u011flant\u0131 par\u00e7alar\u0131n\u0131 ba\u011flay\u0131n, do\u011fru di\u015f ge\u00e7i\u015fini ve s\u0131kmay\u0131 sa\u011flay\u0131n. Son olarak, silindirin d\u00fczg\u00fcn \u00e7al\u0131\u015f\u0131p \u00e7al\u0131\u015fmad\u0131\u011f\u0131n\u0131 ve s\u0131z\u0131nt\u0131 olup olmad\u0131\u011f\u0131n\u0131 test edin.<\/p>\n<h2>G\u00fcvenlik Hususlar\u0131 ve \u00c7evresel Fakt\u00f6rler<\/h2>\n<p>Kol silindirli ekipman\u0131 \u00e7al\u0131\u015ft\u0131r\u0131rken, koruyucu giysi giymek ve ekipman\u0131 a\u015f\u0131r\u0131 y\u00fcklemekten ka\u00e7\u0131nmak gibi kazalar\u0131 \u00f6nlemek i\u00e7in g\u00fcvenlik \u00f6nlemleri al\u0131nmal\u0131d\u0131r. S\u0131cakl\u0131k ve nem gibi \u00e7evresel fakt\u00f6rler de dikkate al\u0131nmal\u0131 ve ekipman belirtilen \u00e7evresel ko\u015fullar dahilinde \u00e7al\u0131\u015ft\u0131r\u0131lmal\u0131d\u0131r.<\/p>\n<h2>Ar\u0131za Te\u015fhisi ve Yayg\u0131n Sorunlar<\/h2>\n<h3>Ar\u0131za Te\u015fhisi<\/h3>\n<p>Kol silindirinde s\u0131k g\u00f6r\u00fclen ar\u0131zalar aras\u0131nda s\u0131z\u0131nt\u0131lar, yetersiz kuvvet ve d\u00fczensiz hareket bulunur. Bu ar\u0131zalar, silindirin bile\u015fenlerinin g\u00f6rsel muayenesi ve test edilmesiyle te\u015fhis edilebilir.<\/p>\n<h3>S\u0131k Kar\u015f\u0131la\u015f\u0131lan Sorunlar<\/h3>\n<p>Kol silindirinde s\u0131k kar\u015f\u0131la\u015f\u0131lan sorunlar aras\u0131nda a\u015f\u0131nm\u0131\u015f contalar, hasarl\u0131 piston kollar\u0131 ve t\u0131kanm\u0131\u015f hidrolik hatlar bulunur. Bu sorunlar, par\u00e7a de\u011fi\u015fimi ve hidrolik sistemin temizlenmesiyle \u00e7\u00f6z\u00fclebilir.<\/p>\n<p><img decoding=\"async\" src=\"https:\/\/www.hydraulic-cylinders.net\/wp-content\/uploads\/2025\/01\/songte-company-4.webp\"\/><br \/>\n<img decoding=\"async\" src=\"https:\/\/www.hydraulic-cylinders.net\/wp-content\/uploads\/2025\/01\/songte-company-3.webp\"\/><\/p>\n<h2>Hakk\u0131m\u0131zda<\/h2>\n<p>Geni\u015f \u00fcr\u00fcn yelpazesine sahip profesyonel bir hidrolik silindir yedek par\u00e7a \u00fcreticisiyiz. Yurti\u00e7i ve yurtd\u0131\u015f\u0131 pazarlarda \u00f6nde gelen hidrolik silindir \u00fcreticilerinden ve toptanc\u0131lar\u0131ndan biri haline geldik. Her zaman m\u00fckemmel kalite ilkesine ba\u011fl\u0131 kalarak, ince i\u015f\u00e7ilik at\u00f6lyesinin end\u00fcstriyel \u00fcretim y\u00f6netim stratejisine dayanarak, teknik seviyemizi ve \u00fcretim verimlili\u011fimizi s\u00fcrekli olarak geli\u015ftiriyoruz. Y\u00fcksek teknoloji \u00fcr\u00fcn\u00fc dijital \u00fcretim ekipmanlar\u0131 ve profesyonel test sistemleri kullanarak, \u00fcretim platformunu s\u00fcrekli olarak optimize ediyor, \u00fcr\u00fcn kalite kontrol s\u00fcrecini iyile\u015ftiriyor ve g\u00fc\u00e7l\u00fc inovasyon yeteneklerine sahibiz. Amac\u0131m\u0131z, m\u00fc\u015fterilerimizin \u00e7e\u015fitli ihtiya\u00e7lar\u0131n\u0131 y\u00fcksek verimlilik, hassasiyet ve y\u00fcksek kalite ile kar\u015f\u0131lamakt\u0131r.<\/p>\n<h3>Profesyonellik<\/h3>\n<p>Hidrolik silindir tasar\u0131m\u0131 ve imalat\u0131 konusunda zengin deneyime sahip profesyonel m\u00fchendis ve teknisyenlerden olu\u015fan bir ekibimiz var.<\/p>\n<h3>Uluslararas\u0131 Sertifikasyon<\/h3>\n<p>\u00dcr\u00fcnlerimiz ISO9001, CE ve RoHS gibi uluslararas\u0131 kurulu\u015flar taraf\u0131ndan sertifikaland\u0131r\u0131lm\u0131\u015f olup, kalite ve g\u00fcvenlikleri garanti alt\u0131ndad\u0131r.<\/p>\n<h3>\u00d6zelle\u015ftirme Hizmetleri<\/h3>\n<p>M\u00fc\u015fterilerimizin \u00f6zel ihtiya\u00e7lar\u0131n\u0131 kar\u015f\u0131lamak \u00fczere, boyut, \u015fekil ve malzeme dahil olmak \u00fczere \u00f6zelle\u015ftirme hizmetleri sunuyoruz.<\/p>\n<h3>\u00dcretim Ekipmanlar\u0131<\/h3>\n<p>Verimli ve hassas \u00fcretim sa\u011flamak i\u00e7in CNC torna tezgahlar\u0131, freze makineleri ve kaynak makineleri gibi geli\u015fmi\u015f \u00fcretim ekipmanlar\u0131na sahibiz.<\/p>\n<h3>Sat\u0131\u015f Sonras\u0131 Hizmet<\/h3>\n<p>Teknik destek, garanti ve bak\u0131m dahil olmak \u00fczere kapsaml\u0131 sat\u0131\u015f sonras\u0131 hizmetler sunuyoruz.<\/p>\n<p>Yazar: lyl.<\/p>","protected":false},"excerpt":{"rendered":"<p>Arm Cylinder For Sany Large Excavator SY305C-9H Introduction The arm cylinder is a specifically designed hydraulic cylinder that is mainly used to provide linear motion and power to the arms of various types of machinery, such as excavators, cranes, and mechanical arms. The arm cylinder plays a crucial role in the hydraulic system, allowing for [&hellip;]<\/p>","protected":false},"featured_media":14763,"comment_status":"open","ping_status":"closed","template":"","meta":{"_et_pb_use_builder":"","_et_pb_old_content":"","_et_gb_content_width":""},"product_brand":[],"product_cat":[1497],"product_tag":[1498,1496],"class_list":{"0":"post-16383","1":"product","2":"type-product","3":"status-publish","4":"has-post-thumbnail","6":"product_cat-arm-cylinders","7":"product_tag-arm-cylinders","8":"product_tag-hydraulic-cylinders","10":"first","11":"instock","12":"shipping-taxable","13":"product-type-simple"},"amp_enabled":true,"_links":{"self":[{"href":"https:\/\/www.hydraulic-cylinders.net\/tr\/wp-json\/wp\/v2\/product\/16383","targetHints":{"allow":["GET"]}}],"collection":[{"href":"https:\/\/www.hydraulic-cylinders.net\/tr\/wp-json\/wp\/v2\/product"}],"about":[{"href":"https:\/\/www.hydraulic-cylinders.net\/tr\/wp-json\/wp\/v2\/types\/product"}],"replies":[{"embeddable":true,"href":"https:\/\/www.hydraulic-cylinders.net\/tr\/wp-json\/wp\/v2\/comments?post=16383"}],"wp:featuredmedia":[{"embeddable":true,"href":"https:\/\/www.hydraulic-cylinders.net\/tr\/wp-json\/wp\/v2\/media\/14763"}],"wp:attachment":[{"href":"https:\/\/www.hydraulic-cylinders.net\/tr\/wp-json\/wp\/v2\/media?parent=16383"}],"wp:term":[{"taxonomy":"product_brand","embeddable":true,"href":"https:\/\/www.hydraulic-cylinders.net\/tr\/wp-json\/wp\/v2\/product_brand?post=16383"},{"taxonomy":"product_cat","embeddable":true,"href":"https:\/\/www.hydraulic-cylinders.net\/tr\/wp-json\/wp\/v2\/product_cat?post=16383"},{"taxonomy":"product_tag","embeddable":true,"href":"https:\/\/www.hydraulic-cylinders.net\/tr\/wp-json\/wp\/v2\/product_tag?post=16383"}],"curies":[{"name":"wp","href":"https:\/\/api.w.org\/{rel}","templated":true}]}}