{"id":16386,"date":"2025-01-20T09:11:17","date_gmt":"2025-01-20T09:11:17","guid":{"rendered":"https:\/\/www.hydraulic-cylinders.net\/product\/arm-cylinderfor-sany-large-excavator-sy485h-9\/"},"modified":"2025-01-20T09:11:19","modified_gmt":"2025-01-20T09:11:19","slug":"arm-cylinderfor-sany-large-excavator-sy485h-9","status":"publish","type":"product","link":"https:\/\/www.hydraulic-cylinders.net\/tr\/urun\/arm-cylinderfor-sany-large-excavator-sy485h-9\/","title":{"rendered":"Sany SY485H-9 B\u00fcy\u00fck Ekskavat\u00f6r i\u00e7in Kol Silindiri"},"content":{"rendered":"<h1>Sany SY485H-9 B\u00fcy\u00fck Ekskavat\u00f6r \u0130\u00e7in Kol Silindiri<\/h1>\n<h2>girii\u015f<\/h2>\n<h3>Kol Silindirinin Tan\u0131m\u0131<\/h3>\n<p>Kol silindiri, ekskavat\u00f6rler, vin\u00e7ler ve robot kollar\u0131 gibi \u00e7e\u015fitli makinelerin kollar\u0131na do\u011frusal hareket ve g\u00fc\u00e7 sa\u011flamak i\u00e7in \u00f6zel olarak tasarlanm\u0131\u015f bir hidrolik silindirdir. Kol silindirleri, hidrolik sistemlerde hayati bir rol oynayarak ek aletlerin veya ata\u015fmanlar\u0131n etkili bir \u015fekilde hareket ettirilmesini ve kontrol edilmesini sa\u011flar. Bu silindirler sadece d\u00fczg\u00fcn hareket sa\u011flamakla kalmaz, ayn\u0131 zamanda a\u011f\u0131r y\u00fckleri de ta\u015f\u0131yabilir ve \u00e7e\u015fitli \u00e7al\u0131\u015fma ko\u015fullar\u0131nda makinelerin verimli \u00e7al\u0131\u015fmas\u0131n\u0131 ve g\u00fcvenilirli\u011fini sa\u011flar.<\/p>\n<p><img decoding=\"async\" src=\"https:\/\/www.hydraulic-cylinders.net\/wp-content\/uploads\/2025\/01\/songte-company-2.webp\"><\/p>\n<h3>Kol Silindirinin \u00d6zellikleri<\/h3>\n<ul>\n<li><strong>Verimli G\u00fc\u00e7 Aktar\u0131m\u0131:<\/strong> Kol silindirleri, g\u00fc\u00e7l\u00fc do\u011frusal hareket ve kuvvet sa\u011flayarak robot kolunun \u00e7e\u015fitli i\u015flemlerde y\u00fcksek verimlilikte performans g\u00f6stermesini garanti eder.<\/li>\n<li><strong>Hassas Kontrol:<\/strong> Hidrolik sistem sayesinde kol silindirleri hassas hareket kontrol\u00fc sa\u011flayabilir, b\u00f6ylece ek aletlerin \u00e7al\u0131\u015fmas\u0131 daha esnek ve hassas hale gelir.<\/li>\n<li><strong>G\u00fc\u00e7l\u00fc Dayan\u0131kl\u0131l\u0131k:<\/strong> Kol silindirleri genellikle y\u00fcksek mukavemetli malzemelerden \u00fcretilir ve iyi a\u015f\u0131nma ve korozyon direncine sahiptir, bu da onlar\u0131 zorlu ortamlarda uzun s\u00fcreli kullan\u0131m i\u00e7in uygun hale getirir.<\/li>\n<li><strong>\u00c7ok Fonksiyonlu Uyarlanabilirlik:<\/strong> Bu silindirler, ekskavat\u00f6rler, vin\u00e7ler ve robotik kollar gibi \u00e7e\u015fitli makine t\u00fcrlerinde yayg\u0131n olarak kullan\u0131labilir ve farkl\u0131 \u00e7al\u0131\u015fma ihtiya\u00e7lar\u0131na uyum sa\u011flayabilir.<\/li>\n<li><strong>Kolay Bak\u0131m:<\/strong> Tasar\u0131mda bak\u0131m ve de\u011fi\u015ftirme kolayl\u0131\u011f\u0131 g\u00f6z \u00f6n\u00fcnde bulundurularak d\u00fczenli muayene ve bak\u0131m daha rahat hale getirilir ve ekipman ar\u0131za s\u00fcreleri azalt\u0131l\u0131r.<\/li>\n<\/ul>\n<p>Bu \u00fcr\u00fcn\u00fc biz de \u00fcretebiliriz ve \u00fcr\u00fcn\u00fcm\u00fcz bu hidrolik silindirlerin yerini m\u00fckemmel bir \u015fekilde alabilir.<\/p>\n<p><img decoding=\"async\" src=\"https:\/\/www.hydraulic-cylinders.net\/wp-content\/uploads\/2025\/01\/songte-oil-pipes-and-spare-parts.webp\"><\/p>\n<h2>Kol Silindirinin Uygulamalar\u0131<\/h2>\n<p>Kol silindirleri \u00e7e\u015fitli end\u00fcstrilerde \u00e7ok y\u00f6nl\u00fc uygulamalara sahiptir:<\/p>\n<ul>\n<li><strong>\u0130n\u015faat M\u00fchendisli\u011fi:<\/strong> Ekskavat\u00f6rlerde ve vin\u00e7lerde, kol silindirleri kovalar\u0131n veya bomlar\u0131n hareketini kontrol etmek, toprak i\u015fleri, malzeme ta\u015f\u0131ma ve yap\u0131sal montaj yapmak i\u00e7in kullan\u0131l\u0131r.<\/li>\n<li><strong>\u00dcretim Sanayi:<\/strong> Otomatik \u00fcretim hatlar\u0131nda, robot kollar\u0131n\u0131 hareket ettirmek i\u00e7in kol silindirleri kullan\u0131l\u0131r; bu kollar montaj, kaynak ve ta\u015f\u0131ma i\u015flemlerini ger\u00e7ekle\u015ftirerek \u00fcretim verimlili\u011fini ve do\u011frulu\u011funu art\u0131r\u0131r.<\/li>\n<li><strong>Tar\u0131m Makinalar\u0131:<\/strong> Bi\u00e7erd\u00f6ver ve ekim makinesi gibi tar\u0131m makinelerinde, kol silindirleri, tohum ekme, g\u00fcbreleme ve hasat i\u015flemlerini ger\u00e7ekle\u015ftiren \u00e7al\u0131\u015fma kollar\u0131n\u0131n hareketini kontrol eder.<\/li>\n<li><strong>Madencilik End\u00fcstrisi:<\/strong> Madencilik ekipmanlar\u0131nda, kol silindirleri, madencilik ekipman\u0131n\u0131n kolunun hareketini kontrol etmek, cevherlerin \u00e7\u0131kar\u0131lmas\u0131n\u0131 ve ta\u015f\u0131nmas\u0131n\u0131 sa\u011flamak i\u00e7in kullan\u0131l\u0131r.<\/li>\n<li><strong>Lojistik ve Ta\u015f\u0131mac\u0131l\u0131k:<\/strong> Forkliftlerde ve ta\u015f\u0131ma robotlar\u0131nda, malzeme ta\u015f\u0131ma ve istifleme i\u015flemlerini ger\u00e7ekle\u015ftirmek i\u00e7in \u00e7atallar\u0131n kald\u0131r\u0131lmas\u0131n\u0131 ve hareketini kontrol etmek amac\u0131yla kol silindirleri kullan\u0131l\u0131r.<\/li>\n<\/ul>\n<h2>Tasar\u0131m Hususlar\u0131 ve Se\u00e7im Standartlar\u0131<\/h2>\n<h3>Y\u00fck Ta\u015f\u0131ma Kapasitesi<\/h3>\n<p>Kol silindirlerinin tasar\u0131m\u0131nda y\u00fck ta\u015f\u0131ma kapasitesi dikkate al\u0131nmas\u0131 gereken kritik bir fakt\u00f6rd\u00fcr. Silindir, ba\u011fl\u0131 oldu\u011fu makinenin y\u00fck\u00fcne ve aletlerin veya ata\u015fmanlar\u0131n ek y\u00fck\u00fcne dayanabilmelidir.<\/p>\n<h3>S\u0131zd\u0131rmazl\u0131k<\/h3>\n<p>Kol silindirlerinin s\u0131zd\u0131rmazl\u0131\u011f\u0131, hidrolik sistemin genel performans\u0131nda hayati bir rol oynar. Piston contalar\u0131 ve mil contalar\u0131 gibi uygun contalar\u0131n se\u00e7imi, ya\u011f s\u0131z\u0131nt\u0131s\u0131n\u0131 \u00f6nlemek ve silindirin sorunsuz \u00e7al\u0131\u015fmas\u0131n\u0131 sa\u011flamak i\u00e7in \u00e7ok \u00f6nemlidir.<\/p>\n<h3>Dayan\u0131kl\u0131l\u0131k<\/h3>\n<p>Zorlu \u00e7al\u0131\u015fma ortamlar\u0131nda kol silindirlerinin dayan\u0131kl\u0131l\u0131\u011f\u0131 dikkate al\u0131nmas\u0131 gereken \u00f6nemli bir fakt\u00f6rd\u00fcr. Silindir, a\u015f\u0131nma direncini ve korozyon direncini art\u0131rmak i\u00e7in uygun y\u00fczey i\u015flemine sahip y\u00fcksek kaliteli malzemelerden yap\u0131lmal\u0131d\u0131r.<\/p>\n<h3>Emniyet<\/h3>\n<p>\u00c7al\u0131\u015fma s\u0131ras\u0131nda kazalar\u0131 \u00f6nlemek i\u00e7in kol silindirlerinin g\u00fcvenli\u011fi tasar\u0131m s\u00fcrecinde garanti edilmelidir. G\u00fcvenli \u00e7al\u0131\u015fma sa\u011flamak i\u00e7in silindir, emniyet valfleri, emniyet kilitleri ve acil durdurma d\u00fc\u011fmeleri gibi g\u00fcvenlik \u00f6zellikleriyle tasarlanmal\u0131d\u0131r.<\/p>\n<h3>Bak\u0131m<\/h3>\n<p>Kol silindirlerinin tasar\u0131m\u0131nda bak\u0131m kolayl\u0131\u011f\u0131 ve par\u00e7a de\u011fi\u015fiminin kolayl\u0131\u011f\u0131 g\u00f6z \u00f6n\u00fcnde bulundurulmal\u0131d\u0131r. Planl\u0131 bak\u0131m ve a\u015f\u0131nm\u0131\u015f par\u00e7alar\u0131n zaman\u0131nda de\u011fi\u015ftirilmesi, ar\u0131za s\u00fcresini en aza indirebilir ve silindirin \u00f6mr\u00fcn\u00fc uzatabilir.<\/p>\n<p><img decoding=\"async\" src=\"https:\/\/www.hydraulic-cylinders.net\/wp-content\/uploads\/2025\/01\/songte-cylinder-head-with-all-kinds-excavator-models.webp\"><\/p>\n<h2>S\u0131zd\u0131rmazl\u0131k ve Ya\u011flama<\/h2>\n<p>Piston contalar\u0131 ve mil contalar\u0131 gibi \u00e7e\u015fitli s\u0131zd\u0131rmazl\u0131k elemanlar\u0131, ya\u011f s\u0131z\u0131nt\u0131s\u0131n\u0131 \u00f6nlemek ve sorunsuz \u00e7al\u0131\u015fmay\u0131 sa\u011flamak i\u00e7in silindir kollar\u0131nda kullan\u0131l\u0131r. Poli\u00fcretan ve nitril kau\u00e7uk gibi uygun s\u0131zd\u0131rmazl\u0131k malzemelerinin se\u00e7imi, silindirin a\u015f\u0131nma direncini art\u0131rabilirken, silindir g\u00f6vdesinin ve di\u015fli u\u00e7 y\u00fczeyinin ince i\u015flenmesi de silindirin a\u015f\u0131nma direncini iyile\u015ftirebilir.<\/p>\n<p>Ya\u011flama, kol silindirlerinin performans\u0131 i\u00e7in de kritik \u00f6neme sahiptir. Silindire d\u00fczenli olarak uygun hidrolik ya\u011f eklemek, s\u0131zd\u0131rmazl\u0131k performans\u0131n\u0131 art\u0131rabilir, s\u00fcrt\u00fcnmeyi azaltabilir ve silindirin a\u015f\u0131nmas\u0131n\u0131 \u00f6nleyebilir.<\/p>\n<h2>Bak\u0131m ve \u00d6nlemler<\/h2>\n<p>Kol silindirlerinin iyi performans g\u00f6stermesi i\u00e7in d\u00fczenli kontroller ve \u00f6nleyici bak\u0131m gereklidir. \u0130\u015fte baz\u0131 bak\u0131m \u00f6nlemleri:<\/p>\n<ul>\n<li>Ya\u011f seviyesini ve kalitesini d\u00fczenli olarak kontrol edin ve zaman\u0131nda ya\u011f ekleyin veya de\u011fi\u015ftirin.<\/li>\n<li>Silindirin s\u0131zd\u0131rmazl\u0131k performans\u0131n\u0131 d\u00fczenli olarak kontrol edin ve a\u015f\u0131nm\u0131\u015f contalar\u0131 zaman\u0131nda de\u011fi\u015ftirin.<\/li>\n<li>Silindirin i\u00e7ine toz ve yabanc\u0131 maddelerin girmesini \u00f6nlemek i\u00e7in silindir y\u00fczeyini d\u00fczenli olarak temizleyin.<\/li>\n<li>Montaj c\u0131vatalar\u0131n\u0131 ve somunlar\u0131n\u0131 d\u00fczenli olarak kontrol edin ve gerekirse s\u0131k\u0131n.<\/li>\n<\/ul>\n<p>\u00d6nleyici tedbirler:<\/p>\n<ul>\n<li>Silindirin hasar g\u00f6rmesini \u00f6nlemek i\u00e7in silindiri a\u015f\u0131r\u0131 y\u00fcklemekten ka\u00e7\u0131n\u0131n.<\/li>\n<li>Silindirin deformasyon veya hasar g\u00f6rmesini \u00f6nlemek i\u00e7in d\u0131\u015f kuvvetlerden gelen darbelere kar\u015f\u0131 \u00f6nlem al\u0131n.<\/li>\n<li>Korozyonu \u00f6nlemek i\u00e7in silindiri a\u015f\u0131nd\u0131r\u0131c\u0131 ortamlardan koruyun.<\/li>\n<\/ul>\n<p><img decoding=\"async\" src=\"https:\/\/www.hydraulic-cylinders.net\/wp-content\/uploads\/2025\/01\/songte-chushion-collar.webp\"><\/p>\n<h2>Kurulum K\u0131lavuzu<\/h2>\n<p>Kol silindirlerinin montaj\u0131 a\u015fa\u011f\u0131daki ad\u0131mlar izlenerek yap\u0131lmal\u0131d\u0131r:<\/p>\n<ol>\n<li>Makinenin gereksinimlerine g\u00f6re uygun kol silindirini se\u00e7in ve uygun montaj konumunu belirleyin.<\/li>\n<li>Makine ve silindirin montaj y\u00fczeyinin d\u00fczl\u00fc\u011f\u00fcn\u00fc ve temizli\u011fini kontrol edin ve herhangi bir kal\u0131nt\u0131 veya ya\u011f lekesini temizleyin.<\/li>\n<li>Silindiri montaj talimatlar\u0131na g\u00f6re tak\u0131n ve silindir ba\u015fl\u0131\u011f\u0131 ile piston kolunun y\u00f6n\u00fcne dikkat edin.<\/li>\n<li>Hidrolik borular\u0131 ve ba\u011flant\u0131 par\u00e7alar\u0131n\u0131 hidrolik devre \u015femas\u0131na g\u00f6re ba\u011flay\u0131n ve c\u0131vatalar\u0131 s\u0131k\u0131n.<\/li>\n<li>Silindir ve borular\u0131n ba\u011flant\u0131 noktalar\u0131nda s\u0131z\u0131nt\u0131 olup olmad\u0131\u011f\u0131n\u0131 kontrol edin ve silindirin \u00e7al\u0131\u015fmas\u0131n\u0131 test edin.<\/li>\n<\/ol>\n<p><img decoding=\"async\" src=\"https:\/\/www.hydraulic-cylinders.net\/wp-content\/uploads\/2025\/01\/songte-bushings-with-all-kinds-of-excavator-models.webp\"><\/p>\n<h2>G\u00fcvenlik ve \u00c7evresel Hususlar<\/h2>\n<p>Kol silindirlerinin g\u00fcvenli\u011fi, \u00e7al\u0131\u015fma s\u0131ras\u0131nda kazalar\u0131 \u00f6nlemek i\u00e7in \u00e7ok \u00f6nemlidir. Kullan\u0131c\u0131lar, tehlikeden ka\u00e7\u0131nmak i\u00e7in g\u00fcvenlik talimatlar\u0131na uymal\u0131 ve makineyi do\u011fru \u015fekilde \u00e7al\u0131\u015ft\u0131rmal\u0131d\u0131r.<\/p>\n<p>Kol silindirlerinin kullan\u0131m\u0131 ve bak\u0131m\u0131 s\u0131ras\u0131nda \u00e7evre koruma da g\u00f6z \u00f6n\u00fcnde bulundurulmal\u0131d\u0131r. D\u00fczenli bak\u0131m ve a\u015f\u0131nm\u0131\u015f par\u00e7alar\u0131n de\u011fi\u015ftirilmesi, ya\u011f s\u0131z\u0131nt\u0131s\u0131n\u0131 azaltabilir ve \u00e7evrenin kirlenmesini \u00f6nleyebilir.<\/p>\n<h2>Sorun Giderme ve Yayg\u0131n Sorunlar<\/h2>\n<p>Kol silindirlerinde s\u0131k kar\u015f\u0131la\u015f\u0131lan sorunlar aras\u0131nda ya\u011f ka\u00e7a\u011f\u0131, yetersiz g\u00fc\u00e7 ve anormal ses bulunur. \u0130\u015fte sorunlar\u0131 te\u015fhis etmek ve \u00e7\u00f6zmek i\u00e7in baz\u0131 ipu\u00e7lar\u0131:<\/p>\n<ul>\n<li>Ya\u011f ka\u00e7a\u011f\u0131 varsa, contalar\u0131 kontrol edin ve gerekirse de\u011fi\u015ftirin.<\/li>\n<li>G\u00fc\u00e7 yetersizse, silindirin a\u015f\u0131r\u0131 y\u00fcklenip y\u00fcklenmedi\u011fini veya hidrolik devrenin t\u0131kal\u0131 olup olmad\u0131\u011f\u0131n\u0131 kontrol edin.<\/li>\n<li>Anormal bir ses duyulursa, silindir ve hidrolik devrede hasar veya gev\u015fek par\u00e7a olup olmad\u0131\u011f\u0131n\u0131 kontrol edin.<\/li>\n<\/ul>\n<p>Olas\u0131 sorunlar\u0131 \u00f6nlemek i\u00e7in kullan\u0131c\u0131lar yukar\u0131da belirtilen bak\u0131m \u00f6nlemlerine ve tedbirlere uymal\u0131 ve sorunlar ortaya \u00e7\u0131kt\u0131\u011f\u0131nda derhal \u00e7\u00f6zmelidir.<\/p>\n<p><img decoding=\"async\" src=\"https:\/\/www.hydraulic-cylinders.net\/wp-content\/uploads\/2025\/01\/songte-company-4.webp\"><br \/>\n<img decoding=\"async\" src=\"https:\/\/www.hydraulic-cylinders.net\/wp-content\/uploads\/2025\/01\/songte-company-3.webp\"><\/p>\n<h2>Hakk\u0131m\u0131zda<\/h2>\n<p>Geni\u015f \u00fcr\u00fcn yelpazesine sahip profesyonel bir yedek hidrolik silindir \u00fcreticisiyiz ve hem yurt i\u00e7inde hem de yurt d\u0131\u015f\u0131nda \u00f6nde gelen hidrolik silindir \u00fcreticilerinden ve toptanc\u0131lar\u0131ndan biri haline geldik. Her zaman m\u00fckemmel kalite ilkesini benimsiyor, geli\u015fmi\u015f \u00fcretim at\u00f6lyelerinde end\u00fcstriyel \u00fcretim y\u00f6netim stratejilerine g\u00fcveniyor ve teknolojimizi ve \u00fcretim verimlili\u011fimizi s\u00fcrekli olarak geli\u015ftiriyoruz. Y\u00fcksek teknoloji \u00fcr\u00fcn\u00fc dijital \u00fcretim ekipmanlar\u0131 ve profesyonel test sistemleri kullanarak \u00fcretim platformunu optimize ediyor, \u00fcr\u00fcn kalite kontrol s\u00fcrecini iyile\u015ftiriyor ve g\u00fc\u00e7l\u00fc inovasyon yeteneklerine sahibiz. Amac\u0131m\u0131z, y\u00fcksek verimlilik, hassasiyet ve y\u00fcksek kalite ilkeleriyle m\u00fc\u015fterilerin \u00e7e\u015fitli ihtiya\u00e7lar\u0131n\u0131 kar\u015f\u0131lamakt\u0131r.<\/p>\n<h3>Profesyonellik<\/h3>\n<p>Ekibimiz, hidrolik silindir sekt\u00f6r\u00fcnde uzun y\u0131llara dayanan deneyime sahip profesyonellerden olu\u015fmaktad\u0131r. Hidrolik silindir pazar\u0131 ve m\u00fc\u015fteri ihtiya\u00e7lar\u0131 konusunda derin bir anlay\u0131\u015fa sahibiz ve m\u00fc\u015fterilerimize profesyonel ve verimli hizmetler sunabiliyoruz.<\/p>\n<h3>Uluslararas\u0131 Sertifikasyon<\/h3>\n<p>Hidrolik silindirlerimiz, CE, SGS ve ISO9001 dahil olmak \u00fczere uluslararas\u0131 sertifikalardan ge\u00e7mi\u015ftir; bu da \u00fcr\u00fcnlerimizin y\u00fcksek kalitesini ve kullan\u0131c\u0131lar\u0131n g\u00fcvenli\u011fini garanti eder.<\/p>\n<h3>\u00d6zelle\u015ftirme Hizmetleri<\/h3>\n<p>M\u00fc\u015fterilerin \u00e7e\u015fitli ihtiya\u00e7lar\u0131n\u0131 kar\u015f\u0131lamak \u00fczere, boyut, malzeme ve y\u00fczey i\u015flemi de dahil olmak \u00fczere, m\u00fc\u015fteri gereksinimlerine g\u00f6re \u00f6zelle\u015ftirilmi\u015f hidrolik silindirler sa\u011flayabiliriz.<\/p>\n<h3>Geli\u015fmi\u015f \u00dcretim Ekipmanlar\u0131<\/h3>\n<p>\u00dcretimimizin hassasiyetini ve verimlili\u011fini art\u0131rmak ve \u00fcr\u00fcnlerimizin y\u00fcksek kalitesini sa\u011flamak i\u00e7in CNC i\u015fleme merkezleri gibi geli\u015fmi\u015f \u00fcretim ekipmanlar\u0131n\u0131 kullan\u0131ma ald\u0131k.<\/p>\n<h3>Sat\u0131\u015f Sonras\u0131 Hizmet<\/h3>\n<p>Sat\u0131\u015f sonras\u0131 servis ekibimiz, hidrolik silindirlerin sorunsuz \u00e7al\u0131\u015fmas\u0131n\u0131 sa\u011flamak i\u00e7in m\u00fc\u015fterilerimize profesyonel ve zaman\u0131nda teknik destek ve yard\u0131m sunmaktad\u0131r.<\/p>\n<h4>Yazar: lyl<\/h4>","protected":false},"excerpt":{"rendered":"<p>Arm Cylinder For Sany Large Excavator SY485H-9 Introduction Definition of Arm Cylinder An arm cylinder is a specially designed hydraulic cylinder used primarily to provide linear motion and power to the arms of various types of machinery, such as excavators, cranes, and robotic arms. Arm cylinders play a crucial role in hydraulic systems, allowing additional [&hellip;]<\/p>","protected":false},"featured_media":14783,"comment_status":"open","ping_status":"closed","template":"","meta":{"_et_pb_use_builder":"","_et_pb_old_content":"","_et_gb_content_width":""},"product_brand":[],"product_cat":[1497],"product_tag":[1498,1496],"class_list":{"0":"post-16386","1":"product","2":"type-product","3":"status-publish","4":"has-post-thumbnail","6":"product_cat-arm-cylinders","7":"product_tag-arm-cylinders","8":"product_tag-hydraulic-cylinders","10":"first","11":"instock","12":"shipping-taxable","13":"product-type-simple"},"amp_enabled":true,"_links":{"self":[{"href":"https:\/\/www.hydraulic-cylinders.net\/tr\/wp-json\/wp\/v2\/product\/16386","targetHints":{"allow":["GET"]}}],"collection":[{"href":"https:\/\/www.hydraulic-cylinders.net\/tr\/wp-json\/wp\/v2\/product"}],"about":[{"href":"https:\/\/www.hydraulic-cylinders.net\/tr\/wp-json\/wp\/v2\/types\/product"}],"replies":[{"embeddable":true,"href":"https:\/\/www.hydraulic-cylinders.net\/tr\/wp-json\/wp\/v2\/comments?post=16386"}],"wp:featuredmedia":[{"embeddable":true,"href":"https:\/\/www.hydraulic-cylinders.net\/tr\/wp-json\/wp\/v2\/media\/14783"}],"wp:attachment":[{"href":"https:\/\/www.hydraulic-cylinders.net\/tr\/wp-json\/wp\/v2\/media?parent=16386"}],"wp:term":[{"taxonomy":"product_brand","embeddable":true,"href":"https:\/\/www.hydraulic-cylinders.net\/tr\/wp-json\/wp\/v2\/product_brand?post=16386"},{"taxonomy":"product_cat","embeddable":true,"href":"https:\/\/www.hydraulic-cylinders.net\/tr\/wp-json\/wp\/v2\/product_cat?post=16386"},{"taxonomy":"product_tag","embeddable":true,"href":"https:\/\/www.hydraulic-cylinders.net\/tr\/wp-json\/wp\/v2\/product_tag?post=16386"}],"curies":[{"name":"wp","href":"https:\/\/api.w.org\/{rel}","templated":true}]}}