{"id":16389,"date":"2025-01-20T09:11:35","date_gmt":"2025-01-20T09:11:35","guid":{"rendered":"https:\/\/www.hydraulic-cylinders.net\/product\/arm-cylinderfor-xcmg-small-excavator-xe75\/"},"modified":"2025-01-20T09:11:37","modified_gmt":"2025-01-20T09:11:37","slug":"arm-cylinderfor-xcmg-small-excavator-xe75","status":"publish","type":"product","link":"https:\/\/www.hydraulic-cylinders.net\/tr\/urun\/arm-cylinderfor-xcmg-small-excavator-xe75\/","title":{"rendered":"XCMG K\u00fc\u00e7\u00fck Ekskavat\u00f6r XE75 i\u00e7in Kol Silindiri"},"content":{"rendered":"<p>XCMG K\u00fc\u00e7\u00fck Ekskavat\u00f6r XE75 i\u00e7in Kol Silindiri: Tan\u0131m ve A\u00e7\u0131klama<\/p>\n<p>Kol silindiri, ekskavat\u00f6rler, vin\u00e7ler ve robotik kollar gibi \u00e7e\u015fitli makine t\u00fcrlerinin kollar\u0131na do\u011frusal hareket ve g\u00fc\u00e7 sa\u011flayan \u00f6zel bir hidrolik silindirdir. Hidrolik sistemde kritik bir rol oynar ve ek alet veya ata\u015fmanlar\u0131n verimli bir \u015fekilde hareket etmesini ve kontrol edilmesini sa\u011flar. Bu silindirler sadece d\u00fczg\u00fcn hareket sa\u011flamakla kalmaz, ayn\u0131 zamanda a\u011f\u0131r y\u00fcklere de dayanarak makinelerin \u00e7e\u015fitli \u00e7al\u0131\u015fma ko\u015fullar\u0131nda verimli ve g\u00fcvenilir \u00e7al\u0131\u015fmas\u0131n\u0131 sa\u011flar.<\/p>\n<p>Kol Silindiri: \u00d6zellikler<\/p>\n<p>\u2013 Y\u00fcksek Verimli Tahrik: Kol silindirleri, robot kolunun \u00e7e\u015fitli uygulamalarda y\u00fcksek performansl\u0131 \u00e7al\u0131\u015fmas\u0131n\u0131 sa\u011flamak i\u00e7in g\u00fc\u00e7l\u00fc do\u011frusal hareket ve kuvvet sa\u011flar.<br \/>\n\u2013 Hassas Kontrol: Hidrolik sistemle, kol silindirleri hassas hareket kontrol\u00fc sa\u011flayabilir, bu da ek aletlerin \u00e7al\u0131\u015fmas\u0131n\u0131 daha esnek ve hassas hale getirir.<br \/>\n\u2013 G\u00fc\u00e7l\u00fc Dayan\u0131kl\u0131l\u0131k: Kol silindirleri genellikle y\u00fcksek mukavemetli malzemelerden yap\u0131l\u0131r, iyi a\u015f\u0131nma ve korozyon direnci sa\u011flar ve bu da onlar\u0131 zorlu ortamlarda uzun s\u00fcreli kullan\u0131ma uygun hale getirir.<br \/>\n\u2013 \u00c7ok \u0130\u015flevli Uyarlanabilirlik: Bu silindirler, ekskavat\u00f6rler, vin\u00e7ler ve robotik kollar gibi \u00e7e\u015fitli mekanik ekipmanlarda farkl\u0131 \u00e7al\u0131\u015fma ihtiya\u00e7lar\u0131na uyum sa\u011flamak i\u00e7in yayg\u0131n olarak kullan\u0131labilir.<br \/>\n\u2013 Kolay Bak\u0131m: Tasar\u0131m\u0131n kolay bak\u0131m ve de\u011fi\u015ftirme yap\u0131lmas\u0131 ama\u00e7lanm\u0131\u015ft\u0131r, bu sayede d\u00fczenli muayene ve bak\u0131m daha rahat hale gelir ve ekipman ar\u0131za s\u00fcreleri azal\u0131r.<\/p>\n<p>Bu \u00fcr\u00fcn\u00fc \u00fcretebiliyoruz ve bu hidrolik silindirlerin yerine m\u00fckemmel bir \u015fekilde ge\u00e7ebiliyor.<\/p>\n<p>Kol Silindiri: Uygulamalar<\/p>\n<p>\u2013 \u0130n\u015faat M\u00fchendisli\u011fi: Kol silindirleri, ekskavat\u00f6rlerde ve vin\u00e7lerde kova veya bomlar\u0131n hareketini kontrol etmek, toprak i\u015fleri, malzeme ta\u015f\u0131ma ve yap\u0131sal montaj yapmak i\u00e7in kullan\u0131l\u0131r.<br \/>\n\u2013 \u00dcretim: Otomatik \u00fcretim hatlar\u0131nda, kol silindirleri robot kollar\u0131n\u0131 hareket ettirmek, montaj, kaynak ve ta\u015f\u0131ma i\u015flemlerini ger\u00e7ekle\u015ftirmek i\u00e7in kullan\u0131l\u0131r ve b\u00f6ylece \u00fcretim verimlili\u011fi ve do\u011frulu\u011fu art\u0131r\u0131l\u0131r.<br \/>\n\u2013 Tar\u0131m Makinalar\u0131: Bi\u00e7erd\u00f6ver ve ekim makineleri gibi tar\u0131m makinelerinde kol silindirleri, ekim, g\u00fcbreleme ve hasat g\u00f6revlerini ger\u00e7ekle\u015ftiren \u00e7al\u0131\u015fma kollar\u0131n\u0131n hareketini kontrol eder.<br \/>\n\u2013 Madencilik: Madencilik ekipmanlar\u0131nda kol silindirleri, maden ekipmanlar\u0131n\u0131n kol hareketini kontrol etmek, cevher madencili\u011fi ve ta\u015f\u0131mac\u0131l\u0131\u011f\u0131 yapmak i\u00e7in kullan\u0131l\u0131r.<br \/>\n\u2013 Lojistik ve Ta\u015f\u0131mac\u0131l\u0131k: Forkliftlerde ve ta\u015f\u0131ma robotlar\u0131nda, \u00e7atallar\u0131n kald\u0131r\u0131lmas\u0131n\u0131 ve hareketini kontrol etmek, malzemelerin elle\u00e7lenmesini ve istiflenmesini sa\u011flamak i\u00e7in kol silindirleri kullan\u0131l\u0131r.<\/p>\n<p>Tasar\u0131m Hususlar\u0131 ve Se\u00e7im Kriterleri<\/p>\n<p>\u2013 Ta\u015f\u0131ma Kapasitesi: Kol silindirleri, monte edildikleri makinelerin maksimum y\u00fck\u00fcne dayanacak \u015fekilde tasarlanmal\u0131, g\u00fcvenli ve g\u00fcvenilir bir \u015fekilde \u00e7al\u0131\u015fma sa\u011flanmal\u0131d\u0131r.<br \/>\n\u2013 S\u0131zd\u0131rmazl\u0131k: Silindirin s\u0131zd\u0131rmazl\u0131\u011f\u0131n\u0131 sa\u011flamak i\u00e7in piston contalar\u0131 ve biyel contalar\u0131 gibi \u00e7e\u015fitli s\u0131zd\u0131rmazl\u0131k elemanlar\u0131 kullan\u0131l\u0131r; contalarda kullan\u0131lan yayg\u0131n a\u015f\u0131nmaya dayan\u0131kl\u0131 malzemeler poli\u00fcretan ve nitril kau\u00e7uktur.<br \/>\n\u2013 Dayan\u0131kl\u0131l\u0131k: Silindir g\u00f6vdesi ve di\u015fli u\u00e7 y\u00fczeyi a\u015f\u0131nma ve korozyon direncini art\u0131rmak i\u00e7in ince i\u015flenmi\u015ftir.<br \/>\n\u2013 G\u00fcvenlik: Kol silindirleri a\u015f\u0131r\u0131 y\u00fckleme, boru patlamas\u0131 ve ya\u011f s\u0131z\u0131nt\u0131s\u0131 gibi kazalar\u0131 \u00f6nlemek i\u00e7in g\u00fcvenlik \u00f6zellikleriyle tasarlanmal\u0131d\u0131r.<br \/>\n\u2013 Bak\u0131m kolayl\u0131\u011f\u0131: Bak\u0131m ve de\u011fi\u015ftirme kolayl\u0131\u011f\u0131n\u0131n dikkate al\u0131nmas\u0131, ekipman\u0131n ar\u0131za s\u00fcresini azaltabilir.<\/p>\n<p>Kol Silindirinin S\u0131zd\u0131rmazl\u0131\u011f\u0131 ve Ya\u011flanmas\u0131<\/p>\n<p>Silindirin s\u0131zd\u0131rmazl\u0131\u011f\u0131n\u0131 sa\u011flamak i\u00e7in piston contalar\u0131 ve piston kolu contalar\u0131 gibi \u00e7e\u015fitli contalar kullan\u0131l\u0131r. Poli\u00fcretan ve nitril kau\u00e7uk, contalarda yayg\u0131n olarak kullan\u0131lan a\u015f\u0131nmaya dayan\u0131kl\u0131 malzemelerdir. Silindir g\u00f6vdesi ve di\u015fli u\u00e7 y\u00fczeyi, a\u015f\u0131nma ve korozyon direncini art\u0131rmak i\u00e7in ince bir \u015fekilde i\u015flenmi\u015ftir. Silindirin verimli \u00e7al\u0131\u015fmas\u0131n\u0131 sa\u011flamak i\u00e7in d\u00fczenli ya\u011flama gereklidir.<\/p>\n<p>\u00d6nleyici Bak\u0131m ve Sorun Giderme<\/p>\n<p>Plans\u0131z ekipman ar\u0131zalar\u0131n\u0131 en aza indirmek i\u00e7in kol silindirlerinin d\u00fczenli olarak kontrol edilmesi ve \u00f6nleyici bak\u0131m\u0131 gereklidir. Sorun \u00e7\u0131kmas\u0131 durumunda, a\u015fa\u011f\u0131daki ipu\u00e7lar\u0131 sorunlar\u0131 te\u015fhis edip \u00e7\u00f6zmenize yard\u0131mc\u0131 olabilir:<\/p>\n<p>\u2013 Silindir g\u00f6vdesinde, piston kolunda ve s\u0131zd\u0131rmazl\u0131k par\u00e7alar\u0131nda s\u0131z\u0131nt\u0131 veya hasar olup olmad\u0131\u011f\u0131n\u0131 kontrol edin.<br \/>\n\u2013 Hidrolik s\u0131v\u0131s\u0131n\u0131n seviyesini ve kalitesini kontrol ederek belirtilen \u015fartlar\u0131 kar\u015f\u0131lad\u0131\u011f\u0131ndan emin olun.<br \/>\n\u2013 Hidrolik sistemde g\u00f6zle g\u00f6r\u00fcl\u00fcr bir hasar olup olmad\u0131\u011f\u0131n\u0131 kontrol edin ve hasarl\u0131 par\u00e7alar\u0131 m\u00fcmk\u00fcn olan en k\u0131sa s\u00fcrede de\u011fi\u015ftirin.<\/p>\n<p>Uygun Kurulum K\u0131lavuzu<\/p>\n<p>\u2013 Silindirin makine ile uyumunu kontrol edin ve teknik \u015fartlara uygun oldu\u011fundan emin olun.<br \/>\n\u2013 Hidrolik sistemin temizli\u011fini kontrol edin ve silindire ve bile\u015fenlerine zarar verebilecek herhangi bir kirlilik veya par\u00e7ac\u0131k olmad\u0131\u011f\u0131ndan emin olun.<br \/>\n\u2013 Silindiri, montaj braketine hizaland\u0131\u011f\u0131ndan ve c\u0131vatalar\u0131n iyice s\u0131k\u0131ld\u0131\u011f\u0131ndan emin olarak tak\u0131n.<\/p>\n<p>G\u00fcvenlik Hususlar\u0131 ve \u00c7evresel Fakt\u00f6rler<\/p>\n<p>Kol silindirlerinin montaj\u0131 ve \u00e7al\u0131\u015ft\u0131r\u0131lmas\u0131 s\u0131ras\u0131nda g\u00fcvenlik kritik bir husustur. A\u015f\u0131r\u0131 y\u00fckleme, boru patlamas\u0131 ve ya\u011f s\u0131z\u0131nt\u0131s\u0131 gibi kazalar\u0131 \u00f6nlemek i\u00e7in ilgili g\u00fcvenlik y\u00f6netmeliklerine ve y\u00f6nergelerine uymak \u00f6nemlidir. Kol silindirleri ayr\u0131ca, farkl\u0131 ko\u015fullarda g\u00fcvenilir bir \u015fekilde \u00e7al\u0131\u015fmas\u0131n\u0131 sa\u011flamak i\u00e7in s\u0131cakl\u0131k, nem ve korozyon direnci gibi \u00e7evresel fakt\u00f6rler de g\u00f6z \u00f6n\u00fcnde bulundurularak tasarlanmal\u0131d\u0131r.<\/p>\n<p>Sonu\u00e7 olarak, geni\u015f \u00fcr\u00fcn yelpazesine sahip profesyonel bir yedek hidrolik silindir \u00fcreticisiyiz ve yurt i\u00e7i ve yurt d\u0131\u015f\u0131 pazarlarda lider hidrolik silindir \u00fcreticilerinden ve toptan da\u011f\u0131t\u0131c\u0131lar\u0131ndan biri haline geliyoruz. Her zaman m\u00fckemmel kalite ilkesine ba\u011fl\u0131 kal\u0131yor, geli\u015fmi\u015f \u00fcretim at\u00f6lyemizin end\u00fcstriyel \u00fcretim y\u00f6netimi stratejisine g\u00fcveniyor, teknik seviyemizi ve \u00fcretim verimlili\u011fimizi s\u00fcrekli geli\u015ftiriyoruz. Amac\u0131m\u0131z, y\u00fcksek verimlilik, hassasiyet ve y\u00fcksek kalite prensiplerimizle m\u00fc\u015fterilerimizin \u00e7e\u015fitli ihtiya\u00e7lar\u0131n\u0131 kar\u015f\u0131lamakt\u0131r. Profesyonel ve uluslararas\u0131 sertifikasyon, \u00f6zelle\u015ftirilmi\u015f hizmetler, geli\u015fmi\u015f \u00fcretim ekipmanlar\u0131 ve kapsaml\u0131 sat\u0131\u015f sonras\u0131 hizmetler sunuyoruz.<\/p>","protected":false},"excerpt":{"rendered":"<p>Arm Cylinder for XCMG Small Excavator XE75: Definition and Explanation Arm cylinder is a specialized hydraulic cylinder that provides linear motion and power to the arm of various types of machinery, such as excavators, cranes, and robotic arms. It plays a critical role in the hydraulic system, enabling the efficient movement and control of additional [&hellip;]<\/p>","protected":false},"featured_media":14774,"comment_status":"open","ping_status":"closed","template":"","meta":{"_et_pb_use_builder":"","_et_pb_old_content":"","_et_gb_content_width":""},"product_brand":[],"product_cat":[1497],"product_tag":[1498,1496],"class_list":{"0":"post-16389","1":"product","2":"type-product","3":"status-publish","4":"has-post-thumbnail","6":"product_cat-arm-cylinders","7":"product_tag-arm-cylinders","8":"product_tag-hydraulic-cylinders","10":"first","11":"instock","12":"shipping-taxable","13":"product-type-simple"},"amp_enabled":true,"_links":{"self":[{"href":"https:\/\/www.hydraulic-cylinders.net\/tr\/wp-json\/wp\/v2\/product\/16389","targetHints":{"allow":["GET"]}}],"collection":[{"href":"https:\/\/www.hydraulic-cylinders.net\/tr\/wp-json\/wp\/v2\/product"}],"about":[{"href":"https:\/\/www.hydraulic-cylinders.net\/tr\/wp-json\/wp\/v2\/types\/product"}],"replies":[{"embeddable":true,"href":"https:\/\/www.hydraulic-cylinders.net\/tr\/wp-json\/wp\/v2\/comments?post=16389"}],"wp:featuredmedia":[{"embeddable":true,"href":"https:\/\/www.hydraulic-cylinders.net\/tr\/wp-json\/wp\/v2\/media\/14774"}],"wp:attachment":[{"href":"https:\/\/www.hydraulic-cylinders.net\/tr\/wp-json\/wp\/v2\/media?parent=16389"}],"wp:term":[{"taxonomy":"product_brand","embeddable":true,"href":"https:\/\/www.hydraulic-cylinders.net\/tr\/wp-json\/wp\/v2\/product_brand?post=16389"},{"taxonomy":"product_cat","embeddable":true,"href":"https:\/\/www.hydraulic-cylinders.net\/tr\/wp-json\/wp\/v2\/product_cat?post=16389"},{"taxonomy":"product_tag","embeddable":true,"href":"https:\/\/www.hydraulic-cylinders.net\/tr\/wp-json\/wp\/v2\/product_tag?post=16389"}],"curies":[{"name":"wp","href":"https:\/\/api.w.org\/{rel}","templated":true}]}}