{"id":16395,"date":"2025-01-20T09:12:07","date_gmt":"2025-01-20T09:12:07","guid":{"rendered":"https:\/\/www.hydraulic-cylinders.net\/product\/arm-cylinderfor-xcmg-small-excavator-xe135b\/"},"modified":"2025-01-20T09:12:09","modified_gmt":"2025-01-20T09:12:09","slug":"arm-cylinderfor-xcmg-small-excavator-xe135b","status":"publish","type":"product","link":"https:\/\/www.hydraulic-cylinders.net\/tr\/urun\/arm-cylinderfor-xcmg-small-excavator-xe135b\/","title":{"rendered":"XCMG XE135B K\u00fc\u00e7\u00fck Ekskavat\u00f6r i\u00e7in Kol Silindiri"},"content":{"rendered":"<h1>XCMG XE135B K\u00fc\u00e7\u00fck Ekskavat\u00f6r \u0130\u00e7in Kol Silindiri<\/h1>\n<h2>girii\u015f<\/h2>\n<p>Hidrolik silindir olarak da bilinen kol silindiri, ekskavat\u00f6rler, vin\u00e7ler ve robot kollar\u0131 gibi \u00e7e\u015fitli makinelerin koluna do\u011frusal hareket ve g\u00fc\u00e7 sa\u011flamak \u00fczere tasarlanm\u0131\u015f \u00f6zel bir bile\u015fendir. Hidrolik sistemlerde hayati bir rol oynayarak ek aletlerin veya ata\u015fmanlar\u0131n verimli hareketini ve kontrol\u00fcn\u00fc sa\u011flar. Bu silindirler sadece d\u00fczg\u00fcn hareket sa\u011flamakla kalmaz, ayn\u0131 zamanda a\u011f\u0131r y\u00fckleri de ta\u015f\u0131yabilir ve \u00e7e\u015fitli \u00e7al\u0131\u015fma ko\u015fullar\u0131nda y\u00fcksek operasyonel verimlilik ve g\u00fcvenilirlik sa\u011flar.<\/p>\n<h3>Tan\u0131m ve A\u00e7\u0131klama<\/h3>\n<p>Kol silindiri, makinelerde kolun do\u011frusal hareketini sa\u011flayan temel bir hidrolik bile\u015fendir. Kola g\u00fc\u00e7 ve kontrol sa\u011flayarak hassas i\u015flemlere ve verimli performansa olanak tan\u0131r. Bu silindirler y\u00fcksek bas\u0131nca ve y\u00fcklere dayanacak \u015fekilde tasarlanm\u0131\u015ft\u0131r ve bu da onlar\u0131 a\u011f\u0131r hizmet uygulamalar\u0131 i\u00e7in uygun hale getirir. Dayan\u0131kl\u0131l\u0131k, a\u015f\u0131nma direnci ve korozyon direnci sa\u011flamak i\u00e7in y\u00fcksek mukavemetli malzemelerden \u00fcretilmi\u015ftir. \u00c7ok y\u00f6nl\u00fcl\u00fckleri ve uyarlanabilirlikleri sayesinde, kol silindirleri farkl\u0131 \u00e7al\u0131\u015fma gereksinimlerini kar\u015f\u0131lamak i\u00e7in ekskavat\u00f6rler, vin\u00e7ler ve robotik kollar da dahil olmak \u00fczere \u00e7e\u015fitli makinelerde yayg\u0131n olarak kullan\u0131labilir. Bu silindirlerin tasar\u0131m\u0131 ayr\u0131ca kolay bak\u0131m ve de\u011fi\u015ftirme imkan\u0131n\u0131 da g\u00f6z \u00f6n\u00fcnde bulundurarak ekipman ar\u0131za s\u00fcresini azalt\u0131r.<\/p>\n<p><img decoding=\"async\" src=\"https:\/\/www.hydraulic-cylinders.net\/wp-content\/uploads\/2025\/01\/songte-company-2.webp\" alt=\"Kol Silindiri G\u00f6r\u00fcnt\u00fcs\u00fc\"><\/p>\n<h2>\u00d6zellikler<\/h2>\n<ul>\n<li><strong>Y\u00fcksek Verimli \u015eanz\u0131man:<\/strong> Kol silindiri, g\u00fc\u00e7l\u00fc do\u011frusal hareket ve kuvvet sa\u011flayarak makine kolunun y\u00fcksek verimlili\u011fini ve performans\u0131n\u0131 garanti eder.<\/li>\n<li><strong>Hassas Kontrol:<\/strong> Hidrolik sistem sayesinde kol silindiri hassas hareket kontrol\u00fc sa\u011flayarak, ba\u011fl\u0131 tak\u0131mlar\u0131n \u00e7al\u0131\u015fmas\u0131n\u0131 daha esnek ve hassas hale getirir.<\/li>\n<li><strong>G\u00fc\u00e7l\u00fc Dayan\u0131kl\u0131l\u0131k:<\/strong> Kol silindirleri genellikle y\u00fcksek mukavemetli malzemelerden \u00fcretilir, m\u00fckemmel a\u015f\u0131nma ve korozyon direnci sunar, zorlu ortamlarda uzun s\u00fcreli kullan\u0131ma uygundur.<\/li>\n<li><strong>\u00c7ok Fonksiyonlu Uyarlanabilirlik:<\/strong> Bu silindirler, farkl\u0131 \u00e7al\u0131\u015fma gereksinimlerini kar\u015f\u0131lamak i\u00e7in ekskavat\u00f6rler, vin\u00e7ler ve robotik kollar gibi \u00e7e\u015fitli makinelerde yayg\u0131n olarak kullan\u0131labilir.<\/li>\n<li><strong>Kolay Bak\u0131m:<\/strong> Kol silindirlerinin tasar\u0131m\u0131, bak\u0131m ve de\u011fi\u015ftirme kolayl\u0131\u011f\u0131n\u0131 g\u00f6z \u00f6n\u00fcnde bulundurarak d\u00fczenli inceleme ve bak\u0131m\u0131 kolayla\u015ft\u0131r\u0131r ve ekipman ar\u0131za s\u00fcresini azalt\u0131r.<\/li>\n<\/ul>\n<p><img decoding=\"async\" src=\"https:\/\/www.hydraulic-cylinders.net\/wp-content\/uploads\/2025\/01\/songte-oil-pipes-and-spare-parts.webp\" alt=\"Kol Silindiri Yedek Par\u00e7a G\u00f6rseli\"><\/p>\n<h2>Uygulamalar<\/h2>\n<p>Kol silindiri \u00e7e\u015fitli end\u00fcstrilerde uygulama alan\u0131 bulmaktad\u0131r:<\/p>\n<ul>\n<li><strong>\u0130n\u015faat M\u00fchendisli\u011fi:<\/strong> Ekskavat\u00f6rlerde ve vin\u00e7lerde kol silindiri, toprak i\u015fleri, malzeme ta\u015f\u0131ma ve yap\u0131sal montaj i\u00e7in kova veya bomun hareketini kontrol eder.<\/li>\n<li><strong>\u00dcretme:<\/strong> Otomatik \u00fcretim hatlar\u0131nda, kol silindiri, montaj, kaynak ve malzeme ta\u015f\u0131ma i\u015flemlerinde robot kollar\u0131n\u0131n hareketini kolayla\u015ft\u0131rarak \u00fcretim verimlili\u011fini ve hassasiyetini art\u0131r\u0131r.<\/li>\n<li><strong>Tar\u0131m Makinalar\u0131:<\/strong> Bi\u00e7erd\u00f6ver ve tohum ekme makineleri gibi tar\u0131m makinelerinde, kol silindiri, tohum ekme, g\u00fcbreleme ve hasat gibi g\u00f6revler i\u00e7in \u00e7al\u0131\u015fma kolunun hareketini kontrol eder.<\/li>\n<li><strong>Madencilik:<\/strong> Madencilik ekipmanlar\u0131nda, kol silindiri, cevherlerin \u00e7\u0131kar\u0131lmas\u0131 ve ta\u015f\u0131nmas\u0131 i\u00e7in kol hareketini kontrol eder.<\/li>\n<li><strong>Lojistik ve Ta\u015f\u0131mac\u0131l\u0131k:<\/strong> Forkliftlerde ve ta\u015f\u0131ma robotlar\u0131nda kol silindiri \u00e7atallar\u0131n kald\u0131r\u0131lmas\u0131n\u0131 ve hareketini kontrol ederek malzeme ta\u015f\u0131ma ve istiflemeyi sa\u011flar.<\/li>\n<\/ul>\n<h2>Tasar\u0131m Hususlar\u0131 ve Se\u00e7im Kriterleri<\/h2>\n<p>Kol silindirlerinin tasar\u0131m\u0131 ve se\u00e7imi s\u00f6z konusu oldu\u011funda, \u00e7e\u015fitli fakt\u00f6rler g\u00f6z \u00f6n\u00fcnde bulundurulmal\u0131d\u0131r:<\/p>\n<ul>\n<li><strong>Ta\u015f\u0131ma Kapasitesi:<\/strong> Kol silindirinin, g\u00fcvenli ve verimli \u00e7al\u0131\u015fma sa\u011flamak i\u00e7in \u00f6ng\u00f6r\u00fclen y\u00fckleri ve bas\u0131n\u00e7lar\u0131 kald\u0131rabilecek kapasitede olmas\u0131 gerekir.<\/li>\n<li><strong>S\u0131zd\u0131rmazl\u0131k:<\/strong> S\u0131z\u0131nt\u0131y\u0131 \u00f6nlemek ve optimum performans\u0131 korumak i\u00e7in piston contalar\u0131 ve mil contalar\u0131 gibi \u00e7e\u015fitli s\u0131zd\u0131rmazl\u0131k elemanlar\u0131 kullan\u0131lmal\u0131d\u0131r. Bu contalar genellikle poli\u00fcretan ve nitril kau\u00e7uk gibi dayan\u0131kl\u0131 malzemelerden yap\u0131l\u0131r.<\/li>\n<li><strong>Dayan\u0131kl\u0131l\u0131k:<\/strong> Kol silindiri, dayan\u0131kl\u0131l\u0131k, a\u015f\u0131nma ve korozyona kar\u015f\u0131 diren\u00e7 sa\u011flamak i\u00e7in y\u00fcksek kaliteli malzemelerden \u00fcretilmelidir. Silindir ba\u015fl\u0131\u011f\u0131 ve di\u015fli u\u00e7lar, a\u015f\u0131nma direncini art\u0131rmak i\u00e7in ince bir i\u015flemden ge\u00e7irilir.<\/li>\n<li><strong>Emniyet:<\/strong> Kaza riskini \u00f6nlemek ve \u00e7al\u0131\u015fma s\u0131ras\u0131nda operat\u00f6r\u00fcn g\u00fcvenli\u011fini sa\u011flamak i\u00e7in kol silindirinin tasar\u0131m\u0131na g\u00fcvenlik hususlar\u0131 dahil edilmelidir.<\/li>\n<li><strong>Bak\u0131m kolayl\u0131\u011f\u0131:<\/strong> Kol silindirinin tasar\u0131m\u0131, kolay bak\u0131m ve servis imkan\u0131 sa\u011flayarak, gerekti\u011finde h\u0131zl\u0131 inceleme ve de\u011fi\u015fim olana\u011f\u0131 sunmal\u0131d\u0131r.<\/li>\n<\/ul>\n<p><img decoding=\"async\" src=\"https:\/\/www.hydraulic-cylinders.net\/wp-content\/uploads\/2025\/01\/songte-cylinder-head-with-all-kinds-excavator-models.webp\" alt=\"Silindir Kapa\u011f\u0131 G\u00f6r\u00fcnt\u00fcs\u00fc\"><\/p>\n<h2>S\u0131zd\u0131rmazl\u0131k ve Ya\u011flama<\/h2>\n<p>Kol silindirleri, optimum performans sa\u011flamak i\u00e7in \u00e7e\u015fitli s\u0131zd\u0131rmazl\u0131k bile\u015fenleri kullan\u0131r:<\/p>\n<ul>\n<li>Piston ke\u00e7eleri, mil ke\u00e7eleri ve di\u011fer ke\u00e7e t\u00fcrleri, etkili s\u0131zd\u0131rmazl\u0131k sa\u011flamak ve s\u0131z\u0131nt\u0131y\u0131 \u00f6nlemek i\u00e7in kullan\u0131l\u0131r.<\/li>\n<li>Bu contalar, poli\u00fcretan ve nitril kau\u00e7uk gibi a\u015f\u0131nmaya dayan\u0131kl\u0131 malzemelerden \u00fcretilmi\u015ftir.<\/li>\n<li>Silindir g\u00f6vdesi ve di\u015fli u\u00e7lar\u0131 a\u015f\u0131nma direncini art\u0131rmak i\u00e7in hassas bir i\u015flemden ge\u00e7irilir.<\/li>\n<li>Uygun miktarda hidrolik ya\u011f ile d\u00fczenli ya\u011flama, sorunsuz \u00e7al\u0131\u015fmay\u0131 s\u00fcrd\u00fcrmeye ve kol silindirinin \u00f6mr\u00fcn\u00fc uzatmaya yard\u0131mc\u0131 olur.<\/li>\n<\/ul>\n<h2>D\u00fczenli Muayene ve \u00d6nleyici Bak\u0131m<\/h2>\n<p>Kol silindirinin d\u00fczg\u00fcn \u00e7al\u0131\u015fmas\u0131n\u0131 ve uzun \u00f6m\u00fcrl\u00fc olmas\u0131n\u0131 sa\u011flamak i\u00e7in d\u00fczenli kontroller ve \u00f6nleyici bak\u0131m yap\u0131lmal\u0131d\u0131r:<\/p>\n<ul>\n<li>S\u0131zd\u0131rmazl\u0131k bile\u015fenlerini a\u015f\u0131nma veya hasar a\u00e7\u0131s\u0131ndan kontrol edin ve gerekirse de\u011fi\u015ftirin.<\/li>\n<li>\u00c7al\u0131\u015fma s\u0131ras\u0131nda herhangi bir s\u0131z\u0131nt\u0131 veya anormal ses belirtisi olup olmad\u0131\u011f\u0131n\u0131 kontrol edin.<\/li>\n<li>Silindiri temiz tutun ve performans\u0131n\u0131 etkileyebilecek kir veya d\u00f6k\u00fcnt\u00fclerden ar\u0131nd\u0131r\u0131n.<\/li>\n<li>Hidrolik sistemin do\u011fru bas\u0131n\u00e7 ve s\u0131v\u0131 seviyelerine sahip olup olmad\u0131\u011f\u0131n\u0131 kontrol edin.<\/li>\n<li>\u00dcreticinin \u00f6nerdi\u011fi bak\u0131m program\u0131n\u0131 ve talimatlar\u0131n\u0131 izleyin.<\/li>\n<\/ul>\n<h2>\u00dcr\u00fcn Kurulum K\u0131lavuzu<\/h2>\n<p>Kol silindirinin do\u011fru montaj\u0131, en iyi performans\u0131 i\u00e7in \u00e7ok \u00f6nemlidir:<\/p>\n<ul>\n<li>Montaj y\u00fczeyinin temiz ve her t\u00fcrl\u00fc kal\u0131nt\u0131dan ar\u0131nd\u0131r\u0131lm\u0131\u015f oldu\u011fundan emin olun.<\/li>\n<li>Silindiri montaj delikleriyle hizalay\u0131n ve uygun c\u0131vata veya ba\u011flant\u0131 elemanlar\u0131 kullanarak s\u0131k\u0131ca sabitleyin.<\/li>\n<li>T\u00fcm hidrolik ba\u011flant\u0131lar\u0131n do\u011fru \u015fekilde tak\u0131l\u0131p s\u0131k\u0131ld\u0131\u011f\u0131ndan emin olun.<\/li>\n<li>Montajdan sonra herhangi bir s\u0131z\u0131nt\u0131 olup olmad\u0131\u011f\u0131n\u0131 kontrol edin ve gerekli ayarlamalar\u0131 yap\u0131n.<\/li>\n<li>Ayr\u0131nt\u0131l\u0131 bilgi ve \u00f6nlemler i\u00e7in \u00fcreticinin kurulum talimatlar\u0131na bak\u0131n.<\/li>\n<\/ul>\n<p><img decoding=\"async\" src=\"https:\/\/www.hydraulic-cylinders.net\/wp-content\/uploads\/2025\/01\/songte-bushings-with-all-kinds-of-excavator-models.webp\" alt=\"Bur\u00e7lar G\u00f6r\u00fcnt\u00fcs\u00fc\"><\/p>\n<h2>G\u00fcvenlik Hususlar\u0131 ve \u00c7evresel Fakt\u00f6rler<\/h2>\n<p>Kol silindirleri kullan\u0131l\u0131rken, kazalar\u0131 \u00f6nlemek ve g\u00fcvenli bir \u00e7al\u0131\u015fma ortam\u0131 sa\u011flamak i\u00e7in g\u00fcvenlik \u00f6nlemleri son derece \u00f6nemlidir:<\/p>\n<ul>\n<li>Operat\u00f6rlerin makineleri ve kol silindirlerini g\u00fcvenli bir \u015fekilde kullanabilmeleri i\u00e7in gerekli e\u011fitim ve niteliklere sahip olmalar\u0131 sa\u011flanmal\u0131d\u0131r.<\/li>\n<li>\u00dcretici ve ilgili yetkililer taraf\u0131ndan sa\u011flanan t\u00fcm g\u00fcvenlik y\u00f6nergelerine ve d\u00fczenlemelerine uyun.<\/li>\n<li>G\u00fcvenli\u011fi tehlikeye atabilecek herhangi bir hasar veya ar\u0131za belirtisi i\u00e7in kol silindirini d\u00fczenli olarak kontrol edin.<\/li>\n<li>Tehlikeli veya zorlu \u00e7evre ko\u015fullar\u0131nda \u00e7al\u0131\u015f\u0131rken gerekli \u00f6nlemleri al\u0131n.<\/li>\n<\/ul>\n<h2>Ar\u0131za Te\u015fhisi ve Yayg\u0131n Sorunlar<\/h2>\n<p>Kol silindirlerinde ortaya \u00e7\u0131kabilecek olas\u0131 ar\u0131zalar ve yayg\u0131n sorunlardan baz\u0131lar\u0131 \u015funlard\u0131r:<\/p>\n<ul>\n<li>Contalardan veya ba\u011flant\u0131lardan s\u0131z\u0131nt\u0131<\/li>\n<li>\u00c7al\u0131\u015fma s\u0131ras\u0131nda a\u015f\u0131r\u0131 g\u00fcr\u00fclt\u00fc<\/li>\n<li>Kolun yava\u015f veya d\u00fczensiz hareketi<\/li>\n<li>Yetersiz kuvvet veya g\u00fc\u00e7<\/li>\n<li>Tutars\u0131z veya d\u00fczensiz \u00e7al\u0131\u015fma<\/li>\n<\/ul>\n<p>Bu sorunlar\u0131 gidermeye \u00e7al\u0131\u015f\u0131rken a\u015fa\u011f\u0131daki ipu\u00e7lar\u0131n\u0131 ve \u00e7\u00f6z\u00fcmleri g\u00f6z \u00f6n\u00fcnde bulundurun:<\/p>\n<ul>\n<li>A\u015f\u0131nm\u0131\u015f veya hasarl\u0131 contalar\u0131 veya ba\u011flant\u0131lar\u0131 kontrol edin ve de\u011fi\u015ftirin.<\/li>\n<li>Hidrolik s\u0131v\u0131s\u0131n\u0131n seviyesini ve kalitesini kontrol edin; gerekirse de\u011fi\u015ftirin.<\/li>\n<li>Do\u011fru bas\u0131n\u00e7 ayarlar\u0131n\u0131 yap\u0131n ve gerekti\u011finde ayarlamalar yap\u0131n.<\/li>\n<li>Silindiri temizleyin ve performans\u0131n\u0131 etkileyebilecek her t\u00fcrl\u00fc kal\u0131nt\u0131 veya t\u0131kan\u0131kl\u0131\u011f\u0131 giderin.<\/li>\n<li>Gerekirse \u00fcreticinin sorun giderme k\u0131lavuzuna ba\u015fvurun veya profesyonel yard\u0131m al\u0131n.<br \/>","protected":false},"excerpt":{"rendered":"<p>Arm Cylinder For XCMG Small Excavator XE135B Introduction The arm cylinder, also known as a hydraulic cylinder, is a specialized component designed to provide linear motion and power to the arm of various types of machinery, such as excavators, cranes, and robotic arms. It plays a crucial role in hydraulic systems, allowing for the efficient [&hellip;]<\/p>","protected":false},"featured_media":14786,"comment_status":"open","ping_status":"closed","template":"","meta":{"_et_pb_use_builder":"","_et_pb_old_content":"","_et_gb_content_width":""},"product_brand":[],"product_cat":[1497],"product_tag":[1498,1496],"class_list":{"0":"post-16395","1":"product","2":"type-product","3":"status-publish","4":"has-post-thumbnail","6":"product_cat-arm-cylinders","7":"product_tag-arm-cylinders","8":"product_tag-hydraulic-cylinders","10":"first","11":"instock","12":"shipping-taxable","13":"product-type-simple"},"amp_enabled":true,"_links":{"self":[{"href":"https:\/\/www.hydraulic-cylinders.net\/tr\/wp-json\/wp\/v2\/product\/16395","targetHints":{"allow":["GET"]}}],"collection":[{"href":"https:\/\/www.hydraulic-cylinders.net\/tr\/wp-json\/wp\/v2\/product"}],"about":[{"href":"https:\/\/www.hydraulic-cylinders.net\/tr\/wp-json\/wp\/v2\/types\/product"}],"replies":[{"embeddable":true,"href":"https:\/\/www.hydraulic-cylinders.net\/tr\/wp-json\/wp\/v2\/comments?post=16395"}],"wp:featuredmedia":[{"embeddable":true,"href":"https:\/\/www.hydraulic-cylinders.net\/tr\/wp-json\/wp\/v2\/media\/14786"}],"wp:attachment":[{"href":"https:\/\/www.hydraulic-cylinders.net\/tr\/wp-json\/wp\/v2\/media?parent=16395"}],"wp:term":[{"taxonomy":"product_brand","embeddable":true,"href":"https:\/\/www.hydraulic-cylinders.net\/tr\/wp-json\/wp\/v2\/product_brand?post=16395"},{"taxonomy":"product_cat","embeddable":true,"href":"https:\/\/www.hydraulic-cylinders.net\/tr\/wp-json\/wp\/v2\/product_cat?post=16395"},{"taxonomy":"product_tag","embeddable":true,"href":"https:\/\/www.hydraulic-cylinders.net\/tr\/wp-json\/wp\/v2\/product_tag?post=16395"}],"curies":[{"name":"wp","href":"https:\/\/api.w.org\/{rel}","templated":true}]}}