{"id":16404,"date":"2025-01-20T09:12:49","date_gmt":"2025-01-20T09:12:49","guid":{"rendered":"https:\/\/www.hydraulic-cylinders.net\/product\/arm-cylinderfor-xcmg-middle-excavator-xe260cll\/"},"modified":"2025-01-20T09:12:51","modified_gmt":"2025-01-20T09:12:51","slug":"arm-cylinderfor-xcmg-middle-excavator-xe260cll","status":"publish","type":"product","link":"https:\/\/www.hydraulic-cylinders.net\/tr\/urun\/arm-cylinderfor-xcmg-middle-excavator-xe260cll\/","title":{"rendered":"XCMG Orta Ekskavat\u00f6r XE260CLL i\u00e7in Kol Silindiri"},"content":{"rendered":"<p>XCMG Orta Ekskavat\u00f6r XE260CLL i\u00e7in Kol Silindiri<\/p>\n<p>Kol silindiri, ekskavat\u00f6rler, vin\u00e7ler ve manip\u00fclat\u00f6rler gibi \u00e7e\u015fitli makinelerin kollar\u0131na do\u011frusal hareket ve g\u00fc\u00e7 sa\u011flamak \u00fczere \u00f6zel olarak tasarlanm\u0131\u015f bir hidrolik silindir t\u00fcr\u00fcd\u00fcr. Kol silindiri, hidrolik sistemde \u00f6nemli bir rol oynar ve ek alet veya ata\u015fmanlar\u0131n etkili bir \u015fekilde hareket etmesini ve kontrol edilmesini sa\u011flar. Bu silindirler sadece d\u00fczg\u00fcn hareket sa\u011flamakla kalmaz, ayn\u0131 zamanda a\u011f\u0131r y\u00fcklere de dayanarak, \u00e7e\u015fitli \u00e7al\u0131\u015fma ko\u015fullar\u0131nda makinelerin verimli ve g\u00fcvenilir \u00e7al\u0131\u015fmas\u0131n\u0131 sa\u011flar.<\/p>\n<p><img decoding=\"async\" src=\"https:\/\/www.hydraulic-cylinders.net\/wp-content\/uploads\/2025\/01\/songte-company-2.webp\"><\/p>\n<p>Kol Silindirinin \u00d6zellikleri:<br \/>\n\u2013 Verimli g\u00fc\u00e7 iletimi: Kol silindiri g\u00fc\u00e7l\u00fc do\u011frusal hareket ve kuvvet sa\u011flayarak manip\u00fclat\u00f6r\u00fcn \u00e7e\u015fitli i\u015flemlerde y\u00fcksek performans verimlili\u011fini garanti eder.<br \/>\n\u2013 Hassas kontrol: Hidrolik sistem sayesinde kol silindiri hassas hareket kontrol\u00fc sa\u011flayabilir, bu sayede ek aletlerin \u00e7al\u0131\u015fmas\u0131 daha esnek ve hassas hale gelir.<br \/>\n\u2013 G\u00fc\u00e7l\u00fc dayan\u0131kl\u0131l\u0131k: Kol silindiri genellikle y\u00fcksek mukavemetli malzemelerden yap\u0131l\u0131r, iyi a\u015f\u0131nma ve korozyon direncine sahiptir, zorlu ortamlarda uzun s\u00fcreli kullan\u0131ma uygundur.<br \/>\n\u2013 \u00c7ok i\u015flevlilik ve uyarlanabilirlik: Bu silindirler, ekskavat\u00f6rler, vin\u00e7ler ve manip\u00fclat\u00f6rler gibi \u00e7e\u015fitli mekanik ekipmanlarda farkl\u0131 \u00e7al\u0131\u015fma gereksinimlerini kar\u015f\u0131lamak i\u00e7in yayg\u0131n olarak kullan\u0131labilir.<br \/>\n\u2013 Kolay bak\u0131m: Tasar\u0131m, bak\u0131m ve de\u011fi\u015ftirme kolayl\u0131\u011f\u0131n\u0131 g\u00f6z \u00f6n\u00fcnde bulundurarak d\u00fczenli muayene ve bak\u0131m\u0131 daha kolay hale getirir ve ekipman ar\u0131za s\u00fcresini azalt\u0131r.<\/p>\n<p><img decoding=\"async\" src=\"https:\/\/www.hydraulic-cylinders.net\/wp-content\/uploads\/2025\/01\/songte-oil-pipes-and-spare-parts.webp\"><\/p>\n<p>Kol Silindirinin Uygulamalar\u0131:<br \/>\n\u2013 \u0130n\u015faat m\u00fchendisli\u011fi: Kol silindirleri, toprak i\u015fleri, malzeme ta\u015f\u0131ma ve yap\u0131sal montaj i\u00e7in ekskavat\u00f6rlerde ve vin\u00e7lerde kova veya bomlar\u0131n hareketini kontrol etmek i\u00e7in kullan\u0131l\u0131r.<br \/>\n\u2013 \u00dcretim end\u00fcstrisi: Kol silindirleri, otomatik \u00fcretim hatlar\u0131nda manip\u00fclat\u00f6r\u00fcn hareket ettirilmesi, montaj, kaynak ve elle\u00e7leme s\u00fcre\u00e7lerinde kullan\u0131l\u0131r, \u00fcretim verimlili\u011fini ve do\u011frulu\u011funu art\u0131r\u0131r.<br \/>\n\u2013 Tar\u0131m makineleri: Kol silindirleri, bi\u00e7erd\u00f6ver ve ekim makineleri gibi tar\u0131m makinelerinin ekim, g\u00fcbreleme ve hasat gibi g\u00f6revlerde \u00e7al\u0131\u015fma kolunu kontrol etmek i\u00e7in kullan\u0131l\u0131r.<br \/>\n\u2013 Madencilik sekt\u00f6r\u00fc: Kol silindirleri, cevher madencili\u011fi ve elle\u00e7lemede madencilik ekipmanlar\u0131n\u0131n kol hareketini kontrol etmek i\u00e7in kullan\u0131l\u0131r.<br \/>\n\u2013 Lojistik ve ta\u015f\u0131mac\u0131l\u0131k: Kol silindirleri, malzeme ta\u015f\u0131ma ve istifleme amac\u0131yla forkliftlerde ve ta\u015f\u0131ma robotlar\u0131nda \u00e7atallar\u0131n kald\u0131r\u0131lmas\u0131n\u0131 ve hareketini kontrol etmek i\u00e7in kullan\u0131l\u0131r.<\/p>\n<p>Tasar\u0131m Hususlar\u0131 ve Se\u00e7im Kriterleri:<br \/>\n\u2013 Y\u00fck ta\u015f\u0131ma kapasitesi: Kol silindirinin manip\u00fclat\u00f6r\u00fcn ve ek aletlerin y\u00fck\u00fcne dayanabilmesi gerekir; bu da silindirin boyutunu ve mukavemetini belirler.<br \/>\n\u2013 S\u0131zd\u0131rmazl\u0131k: Hidrolik sistemin s\u0131zd\u0131rmazl\u0131\u011f\u0131n\u0131 sa\u011flamak ve ak\u0131\u015fkan s\u0131z\u0131nt\u0131s\u0131n\u0131 \u00f6nlemek i\u00e7in piston ke\u00e7eleri ve biyel ke\u00e7eleri gibi \u00e7e\u015fitli s\u0131zd\u0131rmazl\u0131k elemanlar\u0131 kullan\u0131l\u0131r.<br \/>\n\u2013 Dayan\u0131kl\u0131l\u0131k: Silindirin dayan\u0131kl\u0131l\u0131\u011f\u0131n\u0131 ve a\u015f\u0131nma direncini sa\u011flamak i\u00e7in y\u00fcksek mukavemetli malzemeler ve silindir g\u00f6vdesi ile u\u00e7 y\u00fczeyinin hassas i\u015flenmesi gereklidir.<br \/>\n\u2013 G\u00fcvenlik: Kol silindirinin g\u00fcvenli ve g\u00fcvenilir bir \u015fekilde \u00e7al\u0131\u015fmas\u0131n\u0131 sa\u011flayarak s\u0131z\u0131nt\u0131 ve \u00e7\u00f6kme gibi kazalar\u0131n \u00f6n\u00fcne ge\u00e7ilmelidir.<br \/>\n\u2013 Bak\u0131m kolayl\u0131\u011f\u0131: Kol silindirinin tasar\u0131m\u0131, bak\u0131m ve de\u011fi\u015ftirme kolayl\u0131\u011f\u0131n\u0131 dikkate alarak, duru\u015f s\u00fcresini ve bak\u0131m maliyetlerini azaltmal\u0131d\u0131r.<\/p>\n<p><img decoding=\"async\" src=\"https:\/\/www.hydraulic-cylinders.net\/wp-content\/uploads\/2025\/01\/songte-cylinder-head-with-all-kinds-excavator-models.webp\"><\/p>\n<p>S\u0131zd\u0131rmazl\u0131k ve Ya\u011flama:<br \/>\n\u2013 Hidrolik sistemin s\u0131zd\u0131rmazl\u0131\u011f\u0131n\u0131 sa\u011flamak ve ak\u0131\u015fkan s\u0131z\u0131nt\u0131s\u0131n\u0131 \u00f6nlemek i\u00e7in piston ke\u00e7eleri ve biyel ke\u00e7eleri gibi \u00e7e\u015fitli s\u0131zd\u0131rmazl\u0131k elemanlar\u0131 kullan\u0131l\u0131r.<br \/>\n\u2013 S\u0131zd\u0131rmazl\u0131k elemanlar\u0131 uzun s\u00fcreli kullan\u0131m sa\u011flamak i\u00e7in poli\u00fcretan ve nitril kau\u00e7uk gibi a\u015f\u0131nmaya dayan\u0131kl\u0131 malzemelerden \u00fcretilmi\u015ftir.<br \/>\n\u2013 Silindir g\u00f6vdesi ve di\u015fli u\u00e7 y\u00fczeyi a\u015f\u0131nma direncini artt\u0131rmak i\u00e7in hassas bir \u015fekilde i\u015flenmi\u015ftir.<br \/>\n\u2013 Ya\u011flama i\u00e7in d\u00fczenli olarak uygun miktarda hidrolik ya\u011f eklenmesi gerekir.<\/p>\n<p>D\u00fczenli Muayene ve \u00d6nleyici Bak\u0131m:<br \/>\n\u2013 Olas\u0131 sorunlar\u0131 tespit etmek ve \u00f6nlemek i\u00e7in d\u00fczenli kontrol ve bak\u0131m gereklidir.<br \/>\n\u2013 Piston kolu y\u00fczeyinin d\u00fczenli olarak hasar ve a\u015f\u0131nma a\u00e7\u0131s\u0131ndan kontrol edilmesi gerekir.<br \/>\n\u2013 Hidrolik ya\u011f filtresinin d\u00fczenli olarak kontrol edilmesi ve de\u011fi\u015ftirilmesi gerekir.<br \/>\n\u2013 S\u0131zd\u0131rmazl\u0131k elemanlar\u0131n\u0131n d\u00fczenli olarak kontrol edilmesi ve de\u011fi\u015ftirilmesi gerekir.<br \/>\n\u2013 Kirlenmeyi \u00f6nlemek i\u00e7in silindirin d\u00fczenli olarak temizlenmesi gerekir.<\/p>\n<p><img decoding=\"async\" src=\"https:\/\/www.hydraulic-cylinders.net\/wp-content\/uploads\/2025\/01\/songte-chushion-collar.webp\"><\/p>\n<p>Kurulum K\u0131lavuzu:<br \/>\n\u2013 Kol silindirinin montaj\u0131 k\u0131lavuzdaki talimatlara g\u00f6re yap\u0131lmal\u0131d\u0131r.<br \/>\n\u2013 Silindirin d\u00fczg\u00fcn \u00e7al\u0131\u015fabilmesi i\u00e7in dikey olarak monte edilmesi gerekir.<br \/>\n\u2013 Silindirin titre\u015fim ve hasar\u0131 \u00f6nlemek i\u00e7in g\u00fcvenli bir \u015fekilde sabitlenmesi gerekir.<br \/>\n\u2013 S\u0131z\u0131nt\u0131y\u0131 \u00f6nlemek i\u00e7in hidrolik boru ve ba\u011flant\u0131 par\u00e7alar\u0131n\u0131n do\u011fru \u015fekilde ba\u011flanmas\u0131 gerekir.<\/p>\n<p>G\u00fcvenlik Hususlar\u0131 ve \u00c7evresel Fakt\u00f6rler:<br \/>\n\u2013 G\u00fcvenli \u00e7al\u0131\u015fmay\u0131 sa\u011flamak i\u00e7in koruyucu kapaklar ve emniyet valfleri gibi g\u00fcvenlik \u00f6nlemleri gereklidir.<br \/>\n\u2013 \u00c7evre kirlili\u011fini \u00f6nlemek i\u00e7in hidrolik ya\u011f\u0131n do\u011fru \u015fekilde kullan\u0131lmas\u0131 gerekir.<\/p>\n<p>Sorun Giderme ve Yayg\u0131n Sorunlar:<br \/>\n\u2013 Yayg\u0131n sorunlar aras\u0131nda s\u0131v\u0131 s\u0131z\u0131nt\u0131s\u0131, silindir \u00e7ubu\u011fu hasar\u0131 ve yetersiz g\u00fc\u00e7 \u00e7\u0131k\u0131\u015f\u0131 yer al\u0131r.<br \/>\n\u2013 Ar\u0131za gidermenin k\u0131lavuza g\u00f6re sistematik olarak yap\u0131lmas\u0131 gerekir.<br \/>\n\u2013 Uygun bak\u0131m ve kontrol, olas\u0131 sorunlar\u0131n \u00f6n\u00fcne ge\u00e7ebilir.<\/p>\n<p><img decoding=\"async\" src=\"https:\/\/www.hydraulic-cylinders.net\/wp-content\/uploads\/2025\/01\/songte-bushings-with-all-kinds-of-excavator-models.webp\"><\/p>\n<p>Geni\u015f bir \u00fcr\u00fcn yelpazesine sahip profesyonel bir yedek hidrolik silindir \u00fcreticisiyiz ve yurt i\u00e7i ve yurt d\u0131\u015f\u0131 pazarlarda lider hidrolik silindir \u00fcreticilerinden ve toptanc\u0131lar\u0131ndan biri haline geldik. Her zaman m\u00fckemmel kalite ilkesine ba\u011fl\u0131 kalarak, hassas \u00fcretim at\u00f6lyelerinde end\u00fcstriyel \u00fcretim y\u00f6netimi stratejilerine g\u00fcvenerek teknik seviyemizi ve \u00fcretim verimlili\u011fimizi s\u00fcrekli iyile\u015ftiriyoruz. \u00dcst d\u00fczey dijital \u00fcretim ekipmanlar\u0131 ve profesyonel test sistemleri sunarak, \u00fcretim platformumuzu s\u00fcrekli olarak optimize ediyor ve g\u00fc\u00e7l\u00fc inovasyon yeteneklerimizle \u00fcr\u00fcn kalite kontrol s\u00fcrecini iyile\u015ftiriyoruz. Amac\u0131m\u0131z, y\u00fcksek verimlilik, hassasiyet ve y\u00fcksek kalite prensipleriyle m\u00fc\u015fterilerimizin \u00e7e\u015fitli ihtiya\u00e7lar\u0131n\u0131 kar\u015f\u0131lamakt\u0131r.<\/p>\n<p>Profesyonellik, uluslararas\u0131 sertifikasyon, \u00f6zelle\u015ftirilmi\u015f hizmetler, \u00fcretim ekipmanlar\u0131 ve sat\u0131\u015f sonras\u0131 hizmet a\u00e7\u0131lar\u0131ndan firmam\u0131za kapsaml\u0131 bir giri\u015f sa\u011fl\u0131yoruz.<\/p>\n<p><img decoding=\"async\" src=\"https:\/\/www.hydraulic-cylinders.net\/wp-content\/uploads\/2025\/01\/songte-company-4.webp\"><\/p>\n<p><img decoding=\"async\" src=\"https:\/\/www.hydraulic-cylinders.net\/wp-content\/uploads\/2025\/01\/songte-company-3.webp\"><\/p>\n<p>Yazar: lyl<\/p>","protected":false},"excerpt":{"rendered":"<p>Arm Cylinder For XCMG Middle Excavator XE260CLL Arm cylinder is a type of hydraulic cylinder specially designed to provide linear motion and power for arms of various machinery, such as excavators, cranes, and manipulators. The arm cylinder plays a crucial role in the hydraulic system, enabling the effective movement and control of additional tools or [&hellip;]<\/p>","protected":false},"featured_media":14759,"comment_status":"open","ping_status":"closed","template":"","meta":{"_et_pb_use_builder":"","_et_pb_old_content":"","_et_gb_content_width":""},"product_brand":[],"product_cat":[1497],"product_tag":[1498,1496],"class_list":{"0":"post-16404","1":"product","2":"type-product","3":"status-publish","4":"has-post-thumbnail","6":"product_cat-arm-cylinders","7":"product_tag-arm-cylinders","8":"product_tag-hydraulic-cylinders","10":"first","11":"instock","12":"shipping-taxable","13":"product-type-simple"},"amp_enabled":true,"_links":{"self":[{"href":"https:\/\/www.hydraulic-cylinders.net\/tr\/wp-json\/wp\/v2\/product\/16404","targetHints":{"allow":["GET"]}}],"collection":[{"href":"https:\/\/www.hydraulic-cylinders.net\/tr\/wp-json\/wp\/v2\/product"}],"about":[{"href":"https:\/\/www.hydraulic-cylinders.net\/tr\/wp-json\/wp\/v2\/types\/product"}],"replies":[{"embeddable":true,"href":"https:\/\/www.hydraulic-cylinders.net\/tr\/wp-json\/wp\/v2\/comments?post=16404"}],"wp:featuredmedia":[{"embeddable":true,"href":"https:\/\/www.hydraulic-cylinders.net\/tr\/wp-json\/wp\/v2\/media\/14759"}],"wp:attachment":[{"href":"https:\/\/www.hydraulic-cylinders.net\/tr\/wp-json\/wp\/v2\/media?parent=16404"}],"wp:term":[{"taxonomy":"product_brand","embeddable":true,"href":"https:\/\/www.hydraulic-cylinders.net\/tr\/wp-json\/wp\/v2\/product_brand?post=16404"},{"taxonomy":"product_cat","embeddable":true,"href":"https:\/\/www.hydraulic-cylinders.net\/tr\/wp-json\/wp\/v2\/product_cat?post=16404"},{"taxonomy":"product_tag","embeddable":true,"href":"https:\/\/www.hydraulic-cylinders.net\/tr\/wp-json\/wp\/v2\/product_tag?post=16404"}],"curies":[{"name":"wp","href":"https:\/\/api.w.org\/{rel}","templated":true}]}}