{"id":16405,"date":"2025-01-20T09:12:53","date_gmt":"2025-01-20T09:12:53","guid":{"rendered":"https:\/\/www.hydraulic-cylinders.net\/product\/arm-cylinderfor-xcmg-large-excavator-xe335c\/"},"modified":"2025-01-20T09:12:55","modified_gmt":"2025-01-20T09:12:55","slug":"arm-cylinderfor-xcmg-large-excavator-xe335c","status":"publish","type":"product","link":"https:\/\/www.hydraulic-cylinders.net\/tr\/urun\/arm-cylinderfor-xcmg-large-excavator-xe335c\/","title":{"rendered":"XCMG B\u00fcy\u00fck Ekskavat\u00f6r XE335C i\u00e7in Kol Silindiri"},"content":{"rendered":"<h2>XCMG B\u00fcy\u00fck Ekskavat\u00f6r XE335C i\u00e7in Kol Silindiri<\/h2>\n<p>XCMG XE335C B\u00fcy\u00fck Ekskavat\u00f6r i\u00e7in Kol Silindiri, ekskavat\u00f6rler, vin\u00e7ler ve robotik kollar gibi \u00e7e\u015fitli makinelerin koluna do\u011frusal hareket ve g\u00fc\u00e7 sa\u011flamak \u00fczere tasarlanm\u0131\u015f \u00f6zel bir hidrolik silindirdir. Kol silindiri, hidrolik sistemlerde \u00f6nemli bir rol oynayarak ek aletlerin veya ata\u015fmanlar\u0131n verimli hareketini ve kontrol\u00fcn\u00fc sa\u011flar. Bu silindirler sadece d\u00fczg\u00fcn hareket sa\u011flamakla kalmaz, ayn\u0131 zamanda a\u011f\u0131r y\u00fckleri de kald\u0131rarak \u00e7e\u015fitli \u00e7al\u0131\u015fma ko\u015fullar\u0131nda makinenin verimli \u00e7al\u0131\u015fmas\u0131n\u0131 ve g\u00fcvenilirli\u011fini garanti eder.<\/p>\n<p><img decoding=\"async\" src=\"https:\/\/www.hydraulic-cylinders.net\/wp-content\/uploads\/2025\/01\/songte-company-2.webp\" alt=\"Kol Silindiri\" \/><\/p>\n<h2>Kol Silindirinin \u00d6zellikleri<\/h2>\n<h3>1. Y\u00fcksek Verimlilikli S\u00fcr\u00fcc\u00fc<\/h3>\n<p>Kol silindiri, g\u00fc\u00e7l\u00fc do\u011frusal hareket ve kuvvet sa\u011flayarak, makine kolunun \u00e7e\u015fitli i\u015flemlerde y\u00fcksek performans yeteneklerine sahip olmas\u0131n\u0131 garanti eder.<\/p>\n<h3>2. Hassas Kontrol<\/h3>\n<p>Hidrolik sistem sayesinde Kol Silindiri hassas hareket kontrol\u00fc sa\u011flayarak, ba\u011fl\u0131 tak\u0131mlar\u0131n \u00e7al\u0131\u015fmas\u0131n\u0131 daha esnek ve hassas hale getirir.<\/p>\n<h3>3. G\u00fc\u00e7l\u00fc Dayan\u0131kl\u0131l\u0131k<\/h3>\n<p>Kol silindiri genellikle y\u00fcksek mukavemetli malzemeler kullan\u0131larak \u00fcretilir ve m\u00fckemmel a\u015f\u0131nma ve korozyon direnci sunarak zorlu ortamlarda uzun s\u00fcreli kullan\u0131m i\u00e7in uygundur.<\/p>\n<h3>4. \u00c7ok Y\u00f6nl\u00fc Uyum<\/h3>\n<p>Bu silindirler, farkl\u0131 \u00e7al\u0131\u015fma gereksinimlerini kar\u015f\u0131lamak \u00fczere ekskavat\u00f6rler, vin\u00e7ler ve robot kollar\u0131 gibi \u00e7e\u015fitli makine ekipmanlar\u0131nda yayg\u0131n olarak kullan\u0131labilir.<\/p>\n<h3>5. Kolay Bak\u0131m<\/h3>\n<p>Bak\u0131m ve de\u011fi\u015ftirme kolayl\u0131\u011f\u0131 g\u00f6z \u00f6n\u00fcnde bulundurularak tasarlanan Kol Silindiri, d\u00fczenli inceleme ve bak\u0131m i\u015flemlerini kolayla\u015ft\u0131rarak ekipman ar\u0131za s\u00fcrelerini azalt\u0131r.<\/p>\n<p><img decoding=\"async\" src=\"https:\/\/www.hydraulic-cylinders.net\/wp-content\/uploads\/2025\/01\/songte-oil-pipes-and-spare-parts.webp\" alt=\"Hidrolik Silindir\" \/><\/p>\n<h2>Kol Silindirinin Uygulamalar\u0131<\/h2>\n<p>Kol silindiri \u00e7e\u015fitli sekt\u00f6rlerde ve senaryolarda uygulama alan\u0131 bulmaktad\u0131r:<\/p>\n<h3>1. \u0130n\u015faat M\u00fchendisli\u011fi<\/h3>\n<p>Kaz\u0131c\u0131 makinelerde ve vin\u00e7lerde, kol silindiri, toprak i\u015fleri, malzeme ta\u015f\u0131ma ve yap\u0131sal kurulumlar i\u00e7in kep\u00e7elerin veya bomlar\u0131n hareketini kontrol eder.<\/p>\n<h3>2. \u00dcretim<\/h3>\n<p>Otomatik \u00fcretim hatlar\u0131nda, Kol Silindiri, montaj, kaynak ve malzeme ta\u015f\u0131ma i\u015flemlerinde robot kollar\u0131n\u0131n hareketini sa\u011flayarak \u00fcretim verimlili\u011fini ve hassasiyetini art\u0131r\u0131r.<\/p>\n<h3>3. Tar\u0131m Makinalar\u0131<\/h3>\n<p>Bi\u00e7erd\u00f6ver ve tohum ekme makineleri gibi tar\u0131m ekipmanlar\u0131nda, kol silindiri, ekim, g\u00fcbreleme ve hasat gibi g\u00f6revler i\u00e7in \u00e7al\u0131\u015fma kollar\u0131n\u0131n hareketini kontrol eder.<\/p>\n<h3>4. Madencilik<\/h3>\n<p>Madencilik ekipmanlar\u0131nda, kol silindiri, cevher \u00e7\u0131karma ve ta\u015f\u0131ma i\u015flemleri i\u00e7in madencilik makinelerinin kollar\u0131n\u0131n hareketini kontrol eder.<\/p>\n<h3>5. Lojistik ve Ta\u015f\u0131mac\u0131l\u0131k<\/h3>\n<p>Forkliftlerde ve ta\u015f\u0131ma robotlar\u0131nda, Kol Silindiri \u00e7atallar\u0131n kald\u0131r\u0131lmas\u0131n\u0131 ve hareketini kontrol ederek malzeme ta\u015f\u0131ma ve istiflemeyi m\u00fcmk\u00fcn k\u0131lar.<\/p>\n<p><img decoding=\"async\" src=\"https:\/\/www.hydraulic-cylinders.net\/wp-content\/uploads\/2025\/01\/songte-cylinder-head-with-all-kinds-excavator-models.webp\" alt=\"Kol Silindiri Uygulamalar\u0131\" \/><\/p>\n<h2>Tasar\u0131m Hususlar\u0131 ve Se\u00e7im Kriterleri<\/h2>\n<p>Kol silindirinin tasar\u0131m\u0131 ve se\u00e7imi yap\u0131l\u0131rken, \u00e7e\u015fitli fakt\u00f6rler g\u00f6z \u00f6n\u00fcnde bulundurulmal\u0131d\u0131r:<\/p>\n<h3>1. Y\u00fck Ta\u015f\u0131ma Kapasitesi<\/h3>\n<p>Kol silindiri, belirli uygulamada kar\u015f\u0131la\u015f\u0131labilecek beklenen y\u00fck ve kuvvetlere dayanacak \u015fekilde tasarlanmal\u0131d\u0131r.<\/p>\n<h3>2. S\u0131zd\u0131rmazl\u0131k Yetene\u011fi<\/h3>\n<p>Etkili s\u0131zd\u0131rmazl\u0131k sa\u011flamak ve s\u0131z\u0131nt\u0131y\u0131 \u00f6nlemek i\u00e7in, poli\u00fcretan ve nitril kau\u00e7uk gibi a\u015f\u0131nmaya dayan\u0131kl\u0131 malzemelerden yap\u0131lm\u0131\u015f piston contalar\u0131 ve mil contalar\u0131 gibi \u00e7e\u015fitli s\u0131zd\u0131rmazl\u0131k bile\u015fenleri kullan\u0131lmal\u0131d\u0131r.<\/p>\n<h3>3. Dayan\u0131kl\u0131l\u0131k<\/h3>\n<p>Silindirin yap\u0131s\u0131, silindir g\u00f6vdesinin ve di\u015fli u\u00e7lar\u0131n\u0131n y\u00fczey i\u015flemesi de dahil olmak \u00fczere, a\u015f\u0131nma direncini art\u0131rmak ve kullan\u0131m \u00f6mr\u00fcn\u00fc uzatmak i\u00e7in ince bir \u015fekilde i\u015flenmelidir.<\/p>\n<h3>4. G\u00fcvenlik<\/h3>\n<p>Kol silindiri, g\u00fcvenlik standartlar\u0131na uymal\u0131 ve \u00e7al\u0131\u015fma s\u0131ras\u0131nda kazalar\u0131 \u00f6nlemek i\u00e7in g\u00fcvenlik \u00f6zelliklerini i\u00e7ermelidir.<\/p>\n<h3>5. Bak\u0131m Kolayl\u0131\u011f\u0131<\/h3>\n<p>Kolay bak\u0131m ve onar\u0131m imkanlar\u0131, tasar\u0131m a\u015famas\u0131na dahil edilmeli ve bile\u015fenlerin rahat\u00e7a incelenmesi, ya\u011flanmas\u0131 ve de\u011fi\u015ftirilmesi sa\u011flanmal\u0131d\u0131r.<\/p>\n<p><img decoding=\"async\" src=\"https:\/\/www.hydraulic-cylinders.net\/wp-content\/uploads\/2025\/01\/songte-chushion-collar.webp\" alt=\"Kol Silindiri Tasar\u0131m\u0131\" \/><\/p>\n<h2>S\u0131zd\u0131rmazl\u0131k ve Ya\u011flama<\/h2>\n<p>Kol silindiri, poli\u00fcretan ve nitril kau\u00e7uk gibi a\u015f\u0131nmaya dayan\u0131kl\u0131 malzemelerden yap\u0131lm\u0131\u015f piston contalar\u0131 ve mil contalar\u0131 gibi \u00e7e\u015fitli s\u0131zd\u0131rmazl\u0131k elemanlar\u0131 kullan\u0131r. Silindir g\u00f6vdesi ve di\u015fli u\u00e7lar\u0131, a\u015f\u0131nma direncini art\u0131rmak i\u00e7in ince bir i\u015flemden ge\u00e7irilir. Sorunsuz \u00e7al\u0131\u015fma sa\u011flamak ve silindirin \u00f6mr\u00fcn\u00fc uzatmak i\u00e7in uygun miktarda hidrolik ya\u011f ile d\u00fczenli ya\u011flama gereklidir.<\/p>\n<h2>D\u00fczenli Muayene ve \u00d6nleyici Bak\u0131m<\/h2>\n<ul>\n<li>Kol silindirini d\u00fczenli olarak a\u015f\u0131nma, s\u0131z\u0131nt\u0131 veya hasar belirtileri a\u00e7\u0131s\u0131ndan kontrol edin.<\/li>\n<li>Do\u011fru ya\u011flama ve temizli\u011fi sa\u011flamak i\u00e7in hidrolik s\u0131v\u0131 seviyelerini ve kalitesini kontrol edin.<\/li>\n<li>Par\u00e7alar\u0131n temizlenmesi, ya\u011flanmas\u0131 ve s\u0131k\u0131lmas\u0131 gibi rutin bak\u0131m i\u015flemlerini ger\u00e7ekle\u015ftirin.<\/li>\n<li>A\u015f\u0131nm\u0131\u015f contalar\u0131 ve hasarl\u0131 par\u00e7alar\u0131, daha fazla hasar\u0131 veya ar\u0131zay\u0131 \u00f6nlemek i\u00e7in derhal de\u011fi\u015ftirin.<\/li>\n<li>\u00d6nleyici bak\u0131m i\u00e7in \u00fcreticinin tavsiyelerine ve y\u00f6nergelerine uyun.<\/li>\n<\/ul>\n<h2>\u00dcr\u00fcn Kurulum K\u0131lavuzu<\/h2>\n<p>Kol silindirinin do\u011fru montaj\u0131, performans\u0131 ve uzun \u00f6mr\u00fc i\u00e7in \u00e7ok \u00f6nemlidir. L\u00fctfen a\u015fa\u011f\u0131daki ad\u0131mlar\u0131 izleyin:<\/p>\n<ol>\n<li>Kaz\u0131c\u0131 veya makinenin elektri\u011finin kesildi\u011finden ve hidrolik sistemin bas\u0131nc\u0131n\u0131n bo\u015falt\u0131ld\u0131\u011f\u0131ndan emin olun.<\/li>\n<li>\u00dcreticinin talimatlar\u0131n\u0131 izleyerek, kol silindirini makine \u00fczerindeki belirlenmi\u015f montaj noktalar\u0131na g\u00fcvenli bir \u015fekilde tak\u0131n.<\/li>\n<li>T\u00fcm ba\u011flant\u0131 ve sabitleme elemanlar\u0131n\u0131 belirtilen tork de\u011ferine kadar s\u0131k\u0131n.<\/li>\n<li>Hidrolik hortumlar\u0131 ve ba\u011flant\u0131 par\u00e7alar\u0131n\u0131, do\u011fru hizalama ve s\u0131zd\u0131rmazl\u0131k sa\u011flayarak ba\u011flay\u0131n.<\/li>\n<li>Hidrolik sistemi \u00f6nerilen hidrolik s\u0131v\u0131s\u0131yla doldurun.<\/li>\n<li>Makineyi \u00e7al\u0131\u015ft\u0131rmadan \u00f6nce do\u011fru kurulum ve i\u015flevselli\u011fi sa\u011flamak i\u00e7in kapsaml\u0131 bir inceleme yap\u0131n.<\/li>\n<\/ol>\n<p><img decoding=\"async\" src=\"https:\/\/www.hydraulic-cylinders.net\/wp-content\/uploads\/2025\/01\/songte-bushings-with-all-kinds-of-excavator-models.webp\" alt=\"Kol Silindiri Montaj\u0131\" \/><\/p>\n<h2>G\u00fcvenlik Hususlar\u0131 ve \u00c7evresel Fakt\u00f6rler<\/h2>\n<p>Kol silindirini kullan\u0131rken, kazalar\u0131 \u00f6nlemek ve operat\u00f6rlerin ve \u00e7evredeki personelin g\u00fcvenli\u011fini sa\u011flamak i\u00e7in g\u00fcvenlik \u00f6nlemlerine \u00f6ncelik vermek \u00e7ok \u00f6nemlidir. G\u00fcvenlik protokollerine ve y\u00f6netmeliklerine uyulmas\u0131 son derece \u00f6nemlidir. Ayr\u0131ca, makinenin \u00e7al\u0131\u015fmas\u0131ndan kaynaklanabilecek olumsuz etkileri azaltmak i\u00e7in \u00e7evresel fakt\u00f6rler de dikkate al\u0131nmal\u0131d\u0131r.<\/p>\n<h2>Ar\u0131za Te\u015fhisi ve Yayg\u0131n Sorunlar<\/h2>\n<p>Kol silindiri g\u00fcvenilir olacak \u015fekilde tasarlanm\u0131\u015f olsa da, baz\u0131 ar\u0131zalar ve sorunlar ortaya \u00e7\u0131kabilir. Yayg\u0131n sorunlardan baz\u0131lar\u0131 \u015funlard\u0131r:<\/p>\n<ul>\n<li>Contalardan veya ba\u011flant\u0131lardan s\u0131z\u0131nt\u0131<\/li>\n<li>Kolun yava\u015f veya yetersiz hareketi<\/li>\n<li>\u00c7al\u0131\u015fma s\u0131ras\u0131nda anormal g\u00fcr\u00fclt\u00fc<\/li>\n<li>Tutarl\u0131 olmayan veya sars\u0131nt\u0131l\u0131 hareket<\/li>\n<li>Pozisyonu koruyamama veya s\u00fcrd\u00fcrememe<\/li>\n<\/ul>\n<p>Bu sorunlarla kar\u015f\u0131la\u015ft\u0131\u011f\u0131n\u0131zda \u015fu ipu\u00e7lar\u0131n\u0131 ve \u00e7\u00f6z\u00fcmleri uygulay\u0131n:<\/p>\n<ul>\n<li>Contalar\u0131 ve ba\u011flant\u0131 noktalar\u0131n\u0131 hasar veya a\u015f\u0131nma a\u00e7\u0131s\u0131ndan kontrol edin ve gerekirse de\u011fi\u015ftirin.<\/li>\n<li>Hidrolik s\u0131v\u0131 seviyelerini ve kalitesini kontrol edin, gerekirse tamamlay\u0131n veya de\u011fi\u015ftirin.<\/li>\n<li>Silindirin ve ilgili bile\u015fenlerin do\u011fru hizalanmas\u0131n\u0131 ve ayarlanmas\u0131n\u0131 sa\u011flay\u0131n.<\/li>\n<li>Hareketli par\u00e7alar\u0131 ya\u011flay\u0131n ve kolun hareketini engelleyen herhangi bir t\u0131kan\u0131kl\u0131k veya kal\u0131nt\u0131 olup olmad\u0131\u011f\u0131n\u0131 kontrol edin.<\/li>\n<li>Sorunlar devam ederse, profesyonel bir teknisyene dan\u0131\u015f\u0131n veya daha fazla yard\u0131m i\u00e7in \u00fcreticiyle ileti\u015fime ge\u00e7in.<\/li>\n<\/ul>\n<p><img decoding=\"async\" src=\"https:\/\/www.hydraulic-cylinders.net\/wp-content\/uploads\/2025\/01\/songte-chushion-collar.webp\" alt=\"Kol Silindiri Ar\u0131za Te\u015fhisi\" \/><\/p>\n<p>Yazar: lyl<\/p>\n<h2>\u015eirketimiz Hakk\u0131nda<\/h2>\n<p>Geni\u015f \u00fcr\u00fcn yelpazesine sahip profesyonel bir hidrolik silindir yedek par\u00e7a \u00fcreticisiyiz. Hem yurt i\u00e7i hem de uluslararas\u0131 pazarlarda \u00f6nde gelen hidrolik silindir \u00fcreticilerinden ve toptanc\u0131lar\u0131ndan biri haline geldik. M\u00fckemmelli\u011fe olan ba\u011fl\u0131l\u0131\u011f\u0131m\u0131z, geli\u015fmi\u015f \u00fcretim at\u00f6lyemizde end\u00fcstriyel \u00fcretim y\u00f6netim stratejilerine dayanmaktad\u0131r ve teknolojik seviyemizi ve \u00fcretimimizi s\u00fcrekli olarak geli\u015ftiriyoruz.<\/p>","protected":false},"excerpt":{"rendered":"<p>Arm CylinderFor XCMG Large Excavator XE335C The Arm Cylinder for XCMG Large Excavator XE335C is a specialized hydraulic cylinder designed to provide linear motion and power to the arm of various types of machinery, such as excavators, cranes, and robotic arms. The arm cylinder plays a key role in hydraulic systems, enabling the efficient movement [&hellip;]<\/p>","protected":false},"featured_media":14786,"comment_status":"open","ping_status":"closed","template":"","meta":{"_et_pb_use_builder":"","_et_pb_old_content":"","_et_gb_content_width":""},"product_brand":[],"product_cat":[1497],"product_tag":[1498,1496],"class_list":{"0":"post-16405","1":"product","2":"type-product","3":"status-publish","4":"has-post-thumbnail","6":"product_cat-arm-cylinders","7":"product_tag-arm-cylinders","8":"product_tag-hydraulic-cylinders","10":"first","11":"instock","12":"shipping-taxable","13":"product-type-simple"},"amp_enabled":true,"_links":{"self":[{"href":"https:\/\/www.hydraulic-cylinders.net\/tr\/wp-json\/wp\/v2\/product\/16405","targetHints":{"allow":["GET"]}}],"collection":[{"href":"https:\/\/www.hydraulic-cylinders.net\/tr\/wp-json\/wp\/v2\/product"}],"about":[{"href":"https:\/\/www.hydraulic-cylinders.net\/tr\/wp-json\/wp\/v2\/types\/product"}],"replies":[{"embeddable":true,"href":"https:\/\/www.hydraulic-cylinders.net\/tr\/wp-json\/wp\/v2\/comments?post=16405"}],"wp:featuredmedia":[{"embeddable":true,"href":"https:\/\/www.hydraulic-cylinders.net\/tr\/wp-json\/wp\/v2\/media\/14786"}],"wp:attachment":[{"href":"https:\/\/www.hydraulic-cylinders.net\/tr\/wp-json\/wp\/v2\/media?parent=16405"}],"wp:term":[{"taxonomy":"product_brand","embeddable":true,"href":"https:\/\/www.hydraulic-cylinders.net\/tr\/wp-json\/wp\/v2\/product_brand?post=16405"},{"taxonomy":"product_cat","embeddable":true,"href":"https:\/\/www.hydraulic-cylinders.net\/tr\/wp-json\/wp\/v2\/product_cat?post=16405"},{"taxonomy":"product_tag","embeddable":true,"href":"https:\/\/www.hydraulic-cylinders.net\/tr\/wp-json\/wp\/v2\/product_tag?post=16405"}],"curies":[{"name":"wp","href":"https:\/\/api.w.org\/{rel}","templated":true}]}}