{"id":16407,"date":"2025-01-20T09:13:00","date_gmt":"2025-01-20T09:13:00","guid":{"rendered":"https:\/\/www.hydraulic-cylinders.net\/product\/arm-cylinderfor-xcmg-large-excavator-xe500ca\/"},"modified":"2025-01-20T09:13:02","modified_gmt":"2025-01-20T09:13:02","slug":"arm-cylinderfor-xcmg-large-excavator-xe500ca","status":"publish","type":"product","link":"https:\/\/www.hydraulic-cylinders.net\/tr\/urun\/arm-cylinderfor-xcmg-large-excavator-xe500ca\/","title":{"rendered":"XCMG B\u00fcy\u00fck Ekskavat\u00f6r XE500CA i\u00e7in Kol Silindiri"},"content":{"rendered":"<p>XCMG B\u00fcy\u00fck Ekskavat\u00f6r XE500CA i\u00e7in Kol Silindiri<\/p>\n<p>girii\u015f<\/p>\n<p>Kol silindiri, ekskavat\u00f6rler, vin\u00e7ler ve robotik kollar gibi \u00e7e\u015fitli makine t\u00fcrlerinin kollar\u0131na do\u011frusal hareket ve g\u00fc\u00e7 sa\u011flamak i\u00e7in kullan\u0131lan \u00f6zel olarak tasarlanm\u0131\u015f bir hidrolik silindirdir. Kol silindiri, hidrolik sistemde \u00f6nemli bir rol oynar ve ba\u011fl\u0131 aletlerin veya aksesuarlar\u0131n etkili bir \u015fekilde hareket etmesini ve kontrol edilmesini sa\u011flar. Bu silindirler sadece d\u00fczg\u00fcn hareket sa\u011flamakla kalmaz, ayn\u0131 zamanda a\u011f\u0131r y\u00fckleri de kald\u0131rarak \u00e7e\u015fitli \u00e7al\u0131\u015fma ko\u015fullar\u0131nda makinelerin verimli ve g\u00fcvenilir \u00e7al\u0131\u015fmas\u0131n\u0131 sa\u011flar.<\/p>\n<p>Tan\u0131m ve A\u00e7\u0131klama<\/p>\n<p>Kol silindirleri, \u00e7e\u015fitli makine t\u00fcrlerinin mekanik kollar\u0131na g\u00fc\u00e7l\u00fc do\u011frusal hareket ve kuvvet sa\u011flayan hidrolik silindirlerdir. Bu silindirler, a\u015f\u0131nma ve korozyona kar\u015f\u0131 iyi diren\u00e7 sa\u011flayan y\u00fcksek mukavemetli malzemelerden \u00fcretilmi\u015ftir ve zorlu ortamlarda uzun s\u00fcreli kullan\u0131ma uygundur. Silindirler, bak\u0131m ve de\u011fi\u015fim kolayl\u0131\u011f\u0131 sa\u011flayacak \u015fekilde tasarlanm\u0131\u015ft\u0131r; bu da d\u00fczenli muayene ve bak\u0131m\u0131 kolayla\u015ft\u0131r\u0131r ve ekipman ar\u0131za s\u00fcresini azalt\u0131r.<\/p>\n<p><img loading=\"lazy\" decoding=\"async\" src=\"https:\/\/www.hydraulic-cylinders.net\/wp-content\/uploads\/2025\/01\/songte-company-2.webp\" alt=\"XCMG B\u00fcy\u00fck Ekskavat\u00f6r XE500CA i\u00e7in Kol Silindiri\" width=\"400\" height=\"267\"><\/p>\n<p>\u00d6zellikler<\/p>\n<p>1. Y\u00fcksek verimli \u015fanz\u0131man: Kol silindiri g\u00fc\u00e7l\u00fc do\u011frusal hareket ve kuvvet sa\u011flayarak, \u00e7e\u015fitli i\u015flemler s\u0131ras\u0131nda mekanik kolun y\u00fcksek operasyonel verimlili\u011fini garanti eder.<\/p>\n<p>2. Hassas kontrol: Hidrolik sistem sayesinde kol silindiri hassas hareket kontrol\u00fc sa\u011flayabilir, bu da ek aletlerin \u00e7al\u0131\u015fmas\u0131n\u0131 daha esnek ve do\u011fru hale getirir.<\/p>\n<p>3. G\u00fc\u00e7l\u00fc dayan\u0131kl\u0131l\u0131k: Kol silindirleri, a\u015f\u0131nma ve korozyona kar\u015f\u0131 iyi diren\u00e7 sa\u011flayan y\u00fcksek mukavemetli malzemelerden yap\u0131lm\u0131\u015ft\u0131r ve bu da onlar\u0131 zorlu ortamlarda uzun s\u00fcreli kullan\u0131ma uygun hale getirir.<\/p>\n<p>4. \u00c7ok i\u015flevli uyarlanabilirlik: Bu silindirler, ekskavat\u00f6rler, vin\u00e7ler ve robotik kollar gibi \u00e7e\u015fitli mekanik ekipmanlarda farkl\u0131 \u00e7al\u0131\u015fma gereksinimlerini kar\u015f\u0131lamak i\u00e7in yayg\u0131n olarak kullan\u0131labilir.<\/p>\n<p>5. Kolay bak\u0131m: Kol silindirleri bak\u0131m ve de\u011fi\u015ftirme kolayl\u0131\u011f\u0131 sa\u011flayacak \u015fekilde tasarlanm\u0131\u015ft\u0131r, bu sayede d\u00fczenli muayene ve bak\u0131m daha rahat hale gelir ve ekipman ar\u0131za s\u00fcreleri azal\u0131r.<\/p>\n<p>Biz bu \u00fcr\u00fcn\u00fc \u00fcretebiliyoruz ve \u00fcr\u00fcn\u00fcm\u00fcz bu hidrolik silindirlerin yerini m\u00fckemmel bir \u015fekilde alabiliyor.<\/p>\n<p><img loading=\"lazy\" decoding=\"async\" src=\"https:\/\/www.hydraulic-cylinders.net\/wp-content\/uploads\/2025\/01\/songte-oil-pipes-and-spare-parts.webp\" alt=\"XCMG B\u00fcy\u00fck Ekskavat\u00f6r XE500CA i\u00e7in Kol Silindiri\" width=\"400\" height=\"267\"><\/p>\n<p>Uygulamalar<\/p>\n<p>1. \u0130n\u015faat m\u00fchendisli\u011fi: Kol silindirleri, ekskavat\u00f6rlerde ve vin\u00e7lerde kova veya bomlar\u0131n hareketini kontrol etmek, toprak i\u015fleri, malzeme ta\u015f\u0131ma ve yap\u0131sal montaj yapmak i\u00e7in kullan\u0131l\u0131r.<\/p>\n<p>2. \u00dcretim end\u00fcstrisi: Otomatik \u00fcretim hatlar\u0131nda, kol silindirleri mekanik kollar\u0131 hareket ettirmek, montaj, kaynak ve malzeme ta\u015f\u0131ma i\u015flemlerini ger\u00e7ekle\u015ftirmek i\u00e7in kullan\u0131l\u0131r, b\u00f6ylece \u00fcretim verimlili\u011fi ve do\u011frulu\u011fu art\u0131r\u0131l\u0131r.<\/p>\n<p>3. Tar\u0131m makineleri: Bi\u00e7erd\u00f6ver ve ekim makineleri gibi tar\u0131m makinelerinde kol silindirleri, ekim, g\u00fcbreleme ve hasat gibi g\u00f6revleri ger\u00e7ekle\u015ftiren \u00e7al\u0131\u015fma kollar\u0131n\u0131n hareketini kontrol eder.<\/p>\n<p>4. Madencilik sekt\u00f6r\u00fc: Madencilik ekipmanlar\u0131nda kol silindirleri, madencilik ve malzeme ta\u015f\u0131ma gibi g\u00f6revleri yerine getiren madencilik ekipmanlar\u0131n\u0131n kollar\u0131n\u0131n hareketini kontrol etmek i\u00e7in kullan\u0131l\u0131r.<\/p>\n<p>5. Lojistik ve ta\u015f\u0131mac\u0131l\u0131k: Forkliftlerde ve ta\u015f\u0131ma robotlar\u0131nda, \u00e7atallar\u0131n kald\u0131r\u0131lmas\u0131n\u0131 ve hareketini kontrol etmek, malzeme ta\u015f\u0131ma ve istiflemeyi sa\u011flamak i\u00e7in kol silindirleri kullan\u0131l\u0131r.<\/p>\n<p>Tasar\u0131m Hususlar\u0131 ve Se\u00e7im Kriterleri<\/p>\n<p>Kol silindirleri, y\u00fck ta\u015f\u0131ma kapasitesi, s\u0131zd\u0131rmazl\u0131k, dayan\u0131kl\u0131l\u0131k, g\u00fcvenlik ve bak\u0131m kolayl\u0131\u011f\u0131 gibi \u00e7e\u015fitli \u00f6zellik ve gereksinimleri kar\u015f\u0131layacak \u015fekilde tasarlanm\u0131\u015ft\u0131r. Temel tasar\u0131m hususlar\u0131 ve se\u00e7im kriterleri \u015funlard\u0131r:<\/p>\n<p>1. Y\u00fck ta\u015f\u0131ma kapasitesi: Kol silindirleri a\u011f\u0131r y\u00fckleri ta\u015f\u0131yacak \u015fekilde tasarlanm\u0131\u015ft\u0131r ve kapasiteleri \u00f6zel uygulamaya ba\u011fl\u0131d\u0131r.<\/p>\n<p>2. S\u0131zd\u0131rmazl\u0131k: Kol silindirleri, hidrolik s\u0131v\u0131 s\u0131z\u0131nt\u0131s\u0131n\u0131 \u00f6nlemek i\u00e7in piston contalar\u0131 ve biyel contalar\u0131 gibi \u00e7e\u015fitli s\u0131zd\u0131rmazl\u0131k bile\u015fenleri kullan\u0131r.<\/p>\n<p>3. Dayan\u0131kl\u0131l\u0131k: Kol silindirleri genellikle y\u00fcksek mukavemetli malzemelerden yap\u0131l\u0131r ve zorlu \u00e7al\u0131\u015fma ortamlar\u0131na dayanacak \u015fekilde tasarlan\u0131r.<\/p>\n<p>4. G\u00fcvenlik: Kol silindirleri, a\u015f\u0131r\u0131 bas\u0131n\u00e7 durumlar\u0131n\u0131 \u00f6nleyen bas\u0131n\u00e7 tahliye valfleri gibi \u00f6zelliklerle kullan\u0131m\u0131 g\u00fcvenli olacak \u015fekilde tasarlanm\u0131\u015ft\u0131r.<\/p>\n<p>5. Bak\u0131m kolayl\u0131\u011f\u0131: Kol silindirleri, bak\u0131m ve de\u011fi\u015fimi daha rahat hale getiren \u00e7\u0131kar\u0131labilir u\u00e7 kapaklar\u0131 gibi \u00f6zelliklerle kolay bak\u0131m ve de\u011fi\u015fim i\u00e7in tasarlanm\u0131\u015ft\u0131r.<\/p>\n<p><img loading=\"lazy\" decoding=\"async\" src=\"https:\/\/www.hydraulic-cylinders.net\/wp-content\/uploads\/2025\/01\/songte-cylinder-head-with-all-kinds-excavator-models.webp\" alt=\"XCMG B\u00fcy\u00fck Ekskavat\u00f6r XE500CA i\u00e7in Kol Silindiri\" width=\"400\" height=\"267\"><\/p>\n<p>S\u0131zd\u0131rmazl\u0131k ve Ya\u011flama<\/p>\n<p>Kol silindirleri, hidrolik s\u0131v\u0131 s\u0131z\u0131nt\u0131s\u0131n\u0131 \u00f6nlemek i\u00e7in piston contalar\u0131 ve piston kolu contalar\u0131 gibi \u00e7e\u015fitli s\u0131zd\u0131rmazl\u0131k bile\u015fenleri kullan\u0131r. S\u0131zd\u0131rmazl\u0131k bile\u015fenleri, dayan\u0131kl\u0131l\u0131k ve uzun hizmet \u00f6mr\u00fc sa\u011flamak i\u00e7in poli\u00fcretan ve nitril kau\u00e7uk gibi a\u015f\u0131nmaya dayan\u0131kl\u0131 malzemelerden \u00fcretilmi\u015ftir. Silindir g\u00f6vdesi ve di\u015fli u\u00e7 y\u00fczeyleri, a\u015f\u0131nma direncini art\u0131rmak i\u00e7in i\u015flenmi\u015ftir. Silindirlerin ya\u011flanmas\u0131 i\u00e7in yeterli hidrolik s\u0131v\u0131 gereklidir ve optimum performans\u0131 korumak i\u00e7in d\u00fczenli s\u0131v\u0131 de\u011fi\u015fimleri gereklidir.<\/p>\n<p>Bak\u0131m ve \u00d6nleyici Tedbirler<\/p>\n<p>Kol silindirlerinin d\u00fczg\u00fcn \u00e7al\u0131\u015fmas\u0131 i\u00e7in d\u00fczenli kontrol ve bak\u0131m \u015fartt\u0131r. \u0130\u015fte baz\u0131 bak\u0131m ve koruyucu \u00f6nlemler:<\/p>\n<p>1. Silindiri hasar, s\u0131z\u0131nt\u0131 veya a\u015f\u0131nma a\u00e7\u0131s\u0131ndan d\u00fczenli olarak kontrol edin.<\/p>\n<p>2. A\u015f\u0131nm\u0131\u015f veya hasarl\u0131 contalar\u0131 ve bile\u015fenleri derhal de\u011fi\u015ftirin.<\/p>\n<p>3. Silindiri yeterli s\u0131v\u0131 ile ya\u011flay\u0131n.<\/p>\n<p>4. Hidrolik s\u0131v\u0131s\u0131n\u0131 d\u00fczenli olarak kontrol edin ve de\u011fi\u015ftirin.<\/p>\n<p>5. \u00dcreticinin bak\u0131m program\u0131n\u0131 ve talimatlar\u0131n\u0131 izleyin.<\/p>\n<p>Kurulum K\u0131lavuzu<\/p>\n<p>Kol silindirlerinin do\u011fru montaj\u0131, optimum performans ve g\u00fcvenli\u011fin sa\u011flanmas\u0131 a\u00e7\u0131s\u0131ndan kritik \u00f6neme sahiptir. \u0130\u015fte baz\u0131 montaj ipu\u00e7lar\u0131:<\/p>\n<p>1. Silindirin ve aparatlar\u0131n g\u00fcvenli bir \u015fekilde monte edildi\u011finden emin olun.<\/p>\n<p>2. Hidrolik hortumlar\u0131n\u0131 \u00fcreticinin talimatlar\u0131na g\u00f6re ba\u011flay\u0131n.<\/p>\n<p>3. Hidrolik s\u0131v\u0131s\u0131n\u0131n temiz ve uygun seviyede oldu\u011fundan emin olun.<\/p>\n<p>4. Kullanmadan \u00f6nce silindirin d\u00fczg\u00fcn \u00e7al\u0131\u015f\u0131p \u00e7al\u0131\u015fmad\u0131\u011f\u0131n\u0131 test edin.<\/p>\n<p>5. \u00dcreticinin kurulum talimatlar\u0131n\u0131 ve g\u00fcvenlik talimatlar\u0131n\u0131 izleyin.<\/p>\n<p><img loading=\"lazy\" decoding=\"async\" src=\"https:\/\/www.hydraulic-cylinders.net\/wp-content\/uploads\/2025\/01\/songte-bushings-with-all-kinds-of-excavator-models.webp\" alt=\"XCMG B\u00fcy\u00fck Ekskavat\u00f6r XE500CA i\u00e7in Kol Silindiri\" width=\"400\" height=\"267\"><\/p>\n<p>G\u00fcvenlik Hususlar\u0131 ve \u00c7evresel Fakt\u00f6rler<\/p>\n<p>Kol silindirleri, a\u015f\u0131r\u0131 bas\u0131n\u00e7 durumlar\u0131n\u0131 \u00f6nleyen bas\u0131n\u00e7 tahliye valfleri gibi \u00f6zelliklerle g\u00fcvenli kullan\u0131m i\u00e7in tasarlanm\u0131\u015ft\u0131r. Kaza veya yaralanmalar\u0131 \u00f6nlemek i\u00e7in kol silindirlerini kullan\u0131rken g\u00fcvenlik kurallar\u0131na uymak \u00e7ok \u00f6nemlidir. S\u0131cakl\u0131k, nem ve a\u015f\u0131nd\u0131r\u0131c\u0131 maddeler gibi \u00e7evresel fakt\u00f6rler, kol silindirlerinin performans\u0131n\u0131 ve dayan\u0131kl\u0131l\u0131\u011f\u0131n\u0131 etkileyebilir. Silindirlerin uzun \u00f6m\u00fcrl\u00fc olmas\u0131n\u0131 sa\u011flamak i\u00e7in uygun malzeme ve contalar\u0131n se\u00e7ilmesi \u00f6nemlidir.<\/p>\n<p>Sorun Giderme ve Yayg\u0131n Sorunlar<\/p>\n<p>Kol silindirleri s\u0131z\u0131nt\u0131, performans d\u00fc\u015f\u00fckl\u00fc\u011f\u00fc veya hasar gibi \u00e7e\u015fitli sorunlar ya\u015fayabilir. \u0130\u015fte baz\u0131 yayg\u0131n sorunlar ve sorun giderme ipu\u00e7lar\u0131:<\/p>\n<p>1. S\u0131z\u0131nt\u0131: Contalar\u0131 kontrol edin ve hasarl\u0131 veya a\u015f\u0131nm\u0131\u015fsa de\u011fi\u015ftirin.<\/p>\n<p>2. Performans d\u00fc\u015f\u00fckl\u00fc\u011f\u00fc: Hidrolik s\u0131v\u0131 seviyesini ve kalitesini kontrol edin, gerekirse de\u011fi\u015ftirin.<\/p>\n<p>3. Hasar: Silindirde ve bile\u015fenlerde herhangi bir hasar olup olmad\u0131\u011f\u0131n\u0131 kontrol edin ve gerekirse de\u011fi\u015ftirin.<\/p>\n<p>\u00d6nleyici Tedbirler<\/p>\n<p>Kol silindirleriyle ilgili sorun riskini azaltmak i\u00e7in al\u0131nabilecek baz\u0131 \u00f6nleyici tedbirler \u015funlard\u0131r:<\/p>\n<p>1. Bak\u0131m ve kullan\u0131mda \u00fcreticinin \u00f6nerilerine uyun.<\/p>\n<p>2. Hidrolik s\u0131v\u0131 seviyesini d\u00fczenli olarak kontrol edin ve gerekirse de\u011fi\u015ftirin.<\/p>\n<p>3. Hidrolik sistemi temiz ve kirleticilerden ar\u0131nd\u0131r\u0131lm\u0131\u015f tutun.<\/p>\n<p>\u00c7\u00f6z\u00fcm<\/p>\n<p>Geni\u015f bir \u00fcr\u00fcn yelpazesine sahip profesyonel bir hidrolik silindir \u00fcreticisiyiz ve yurt i\u00e7i ve yurt d\u0131\u015f\u0131 pazarlarda lider hidrolik silindir \u00fcreticilerinden ve toptanc\u0131lar\u0131ndan biri haline geldik. Her zaman m\u00fckemmel kalite ilkesine ba\u011fl\u0131 kalarak, geli\u015fmi\u015f \u00fcretim at\u00f6lyemizin end\u00fcstriyel \u00fcretim y\u00f6netimi stratejisine g\u00fcveniyor, teknolojik seviyemizi ve \u00fcretim verimlili\u011fimizi s\u00fcrekli geli\u015ftiriyoruz. Amac\u0131m\u0131z, m\u00fc\u015fterilerimizin \u00e7e\u015fitli ihtiya\u00e7lar\u0131n\u0131 y\u00fcksek verimlilik, hassasiyet ve y\u00fcksek kaliteyle kar\u015f\u0131lamakt\u0131r. M\u00fc\u015fterilerimizin ihtiya\u00e7lar\u0131n\u0131 kar\u015f\u0131lamak i\u00e7in profesyonel hizmetler, uluslararas\u0131 sertifikasyon, \u00f6zelle\u015ftirilmi\u015f hizmetler, \u00fcretim ekipmanlar\u0131 ve sat\u0131\u015f sonras\u0131 hizmetler sunuyoruz.<\/p>","protected":false},"excerpt":{"rendered":"<p>Arm Cylinder for XCMG Large Excavator XE500CA Introduction An arm cylinder is a specially designed hydraulic cylinder that is primarily used to provide linear motion and power to the arms of various types of machinery, such as excavators, cranes, and robotic arms. The arm cylinder plays a crucial role in the hydraulic system, enabling the [&hellip;]<\/p>","protected":false},"featured_media":14779,"comment_status":"open","ping_status":"closed","template":"","meta":{"_et_pb_use_builder":"","_et_pb_old_content":"","_et_gb_content_width":""},"product_brand":[],"product_cat":[1497],"product_tag":[1498,1496],"class_list":{"0":"post-16407","1":"product","2":"type-product","3":"status-publish","4":"has-post-thumbnail","6":"product_cat-arm-cylinders","7":"product_tag-arm-cylinders","8":"product_tag-hydraulic-cylinders","10":"first","11":"instock","12":"shipping-taxable","13":"product-type-simple"},"amp_enabled":true,"_links":{"self":[{"href":"https:\/\/www.hydraulic-cylinders.net\/tr\/wp-json\/wp\/v2\/product\/16407","targetHints":{"allow":["GET"]}}],"collection":[{"href":"https:\/\/www.hydraulic-cylinders.net\/tr\/wp-json\/wp\/v2\/product"}],"about":[{"href":"https:\/\/www.hydraulic-cylinders.net\/tr\/wp-json\/wp\/v2\/types\/product"}],"replies":[{"embeddable":true,"href":"https:\/\/www.hydraulic-cylinders.net\/tr\/wp-json\/wp\/v2\/comments?post=16407"}],"wp:featuredmedia":[{"embeddable":true,"href":"https:\/\/www.hydraulic-cylinders.net\/tr\/wp-json\/wp\/v2\/media\/14779"}],"wp:attachment":[{"href":"https:\/\/www.hydraulic-cylinders.net\/tr\/wp-json\/wp\/v2\/media?parent=16407"}],"wp:term":[{"taxonomy":"product_brand","embeddable":true,"href":"https:\/\/www.hydraulic-cylinders.net\/tr\/wp-json\/wp\/v2\/product_brand?post=16407"},{"taxonomy":"product_cat","embeddable":true,"href":"https:\/\/www.hydraulic-cylinders.net\/tr\/wp-json\/wp\/v2\/product_cat?post=16407"},{"taxonomy":"product_tag","embeddable":true,"href":"https:\/\/www.hydraulic-cylinders.net\/tr\/wp-json\/wp\/v2\/product_tag?post=16407"}],"curies":[{"name":"wp","href":"https:\/\/api.w.org\/{rel}","templated":true}]}}