{"id":16412,"date":"2025-01-20T09:13:27","date_gmt":"2025-01-20T09:13:27","guid":{"rendered":"https:\/\/www.hydraulic-cylinders.net\/product\/arm-cylinderfor-xcmg-large-excavator-xe700c\/"},"modified":"2025-01-20T09:13:29","modified_gmt":"2025-01-20T09:13:29","slug":"arm-cylinderfor-xcmg-large-excavator-xe700c","status":"publish","type":"product","link":"https:\/\/www.hydraulic-cylinders.net\/tr\/urun\/arm-cylinderfor-xcmg-large-excavator-xe700c\/","title":{"rendered":"XCMG B\u00fcy\u00fck Ekskavat\u00f6r XE700C i\u00e7in Kol Silindiri"},"content":{"rendered":"<p>XCMG B\u00fcy\u00fck Ekskavat\u00f6r XE700C i\u00e7in Kol Silindiri<\/p>\n<p>Kol silindiri, ekskavat\u00f6rler, vin\u00e7ler ve mekanik kollar gibi \u00e7e\u015fitli makinelerin kollar\u0131na do\u011frusal hareket ve g\u00fc\u00e7 sa\u011flamak i\u00e7in \u00f6zel olarak tasarlanm\u0131\u015f bir hidrolik silindir t\u00fcr\u00fcd\u00fcr. Kol silindiri, hidrolik sistemlerde kritik bir rol oynayarak, ba\u011fl\u0131 aletlerin veya aksesuarlar\u0131n etkili hareketini ve kontrol\u00fcn\u00fc sa\u011flar. Bu silindirler sadece d\u00fczg\u00fcn hareket sa\u011flamakla kalmaz, ayn\u0131 zamanda a\u011f\u0131r y\u00fckleri de ta\u015f\u0131yarak, \u00e7e\u015fitli \u00e7al\u0131\u015fma ko\u015fullar\u0131 alt\u0131nda makinelerin verimli \u00e7al\u0131\u015fmas\u0131n\u0131 ve g\u00fcvenilirli\u011fini garanti eder.<\/p>\n<p><img decoding=\"async\" src=\"https:\/\/www.hydraulic-cylinders.net\/wp-content\/uploads\/2025\/01\/songte-company-2.webp\"><\/p>\n<p>Kol Silindirinin \u00d6zellikleri:<br \/>\n\u2013 Y\u00fcksek Verimli Aktar\u0131m: Kol silindiri g\u00fc\u00e7l\u00fc do\u011frusal hareket ve kuvvet sa\u011flayarak mekanik kolun \u00e7e\u015fitli i\u015flemlerde y\u00fcksek verimlilikte performans g\u00f6stermesini garanti eder.<br \/>\n\u2013 Hassas Kontrol: Hidrolik sistem sayesinde, kol silindiri hassas hareket kontrol\u00fc sa\u011flayarak, tak\u0131l\u0131 aletlerin \u00e7al\u0131\u015fmas\u0131n\u0131 daha esnek ve do\u011fru hale getirir.<br \/>\n\u2013 Y\u00fcksek Dayan\u0131kl\u0131l\u0131k: Kol silindirleri genellikle y\u00fcksek mukavemetli malzemelerden \u00fcretilir ve iyi a\u015f\u0131nma ve korozyon direncine sahiptir, zorlu ortamlarda uzun s\u00fcreli kullan\u0131m i\u00e7in uygundur.<br \/>\n\u2013 \u00c7ok Fonksiyonlu Uyarlanabilirlik: Bu silindirler, ekskavat\u00f6rler, vin\u00e7ler ve mekanik kollar gibi \u00e7e\u015fitli makine t\u00fcrlerinde yayg\u0131n olarak kullan\u0131labilir ve farkl\u0131 \u00e7al\u0131\u015fma gereksinimlerine uyum sa\u011flar.<br \/>\n\u2013 Kolay Bak\u0131m: Tasar\u0131m, kolay bak\u0131m ve de\u011fi\u015ftirme imkan\u0131n\u0131 g\u00f6z \u00f6n\u00fcnde bulundurarak d\u00fczenli denetim ve bak\u0131m\u0131 daha kolay hale getirir ve ekipman ar\u0131za s\u00fcresini azalt\u0131r.<\/p>\n<p>\u00dcr\u00fcnlerimiz bu hidrolik silindirlerin yerini m\u00fckemmel \u015fekilde alabilir.<\/p>\n<p><img decoding=\"async\" src=\"https:\/\/www.hydraulic-cylinders.net\/wp-content\/uploads\/2025\/01\/songte-oil-pipes-and-spare-parts.webp\"><\/p>\n<p>Uygulamalar:<br \/>\n\u2013 \u0130n\u015faat M\u00fchendisli\u011fi: Kol silindirleri, toprak ta\u015f\u0131ma, malzeme ta\u015f\u0131ma ve yap\u0131sal kurulum i\u015flemlerinde kep\u00e7e veya bomun hareketini kontrol etmek i\u00e7in ekskavat\u00f6rlerde ve vin\u00e7lerde kullan\u0131l\u0131r.<br \/>\n\u2013 \u00dcretim: Otomatik \u00fcretim hatlar\u0131nda, kol silindirleri montaj, kaynak ve ta\u015f\u0131ma i\u015flemleri i\u00e7in mekanik kollar\u0131n hareketini kontrol ederek \u00fcretim verimlili\u011fini ve do\u011frulu\u011funu art\u0131r\u0131r.<br \/>\n\u2013 Tar\u0131m Makineleri: Bi\u00e7erd\u00f6ver ve ekim makinesi gibi tar\u0131m makinelerinde, kol silindirleri ekim, g\u00fcbreleme ve hasat gibi g\u00f6revleri yerine getiren \u00e7al\u0131\u015fma kollar\u0131n\u0131n hareketini kontrol eder.<br \/>\n\u2013 Madencilik: Madencilik ekipmanlar\u0131nda, cevher \u00e7\u0131karma ve ta\u015f\u0131ma i\u015flemlerinde ekipman\u0131n kolunun hareketini kontrol etmek i\u00e7in kol silindirleri kullan\u0131l\u0131r.<br \/>\n\u2013 Lojistik ve Ta\u015f\u0131mac\u0131l\u0131k: Forkliftlerde ve ta\u015f\u0131ma robotlar\u0131nda, malzeme ta\u015f\u0131ma ve istifleme i\u015flemlerini ger\u00e7ekle\u015ftirmek i\u00e7in \u00e7atallar\u0131n kald\u0131rma ve hareketini kontrol etmek amac\u0131yla kol silindirleri kullan\u0131l\u0131r.<\/p>\n<p>Tasar\u0131m Hususlar\u0131 ve Se\u00e7im Standartlar\u0131:<br \/>\n\u2013 Ta\u015f\u0131ma Kapasitesi: Kol silindiri, makinenin maksimum ta\u015f\u0131ma kapasitesine dayanabilmelidir.<br \/>\n\u2013 S\u0131zd\u0131rmazl\u0131k: Piston s\u0131zd\u0131rmazl\u0131k halkalar\u0131 ve mil s\u0131zd\u0131rmazl\u0131k halkalar\u0131 gibi \u00e7e\u015fitli s\u0131zd\u0131rmazl\u0131k bile\u015fenleri kullan\u0131lmal\u0131 ve contalar poli\u00fcretan ve nitril kau\u00e7uk gibi a\u015f\u0131nmaya dayan\u0131kl\u0131 malzemelerden yap\u0131lmal\u0131d\u0131r.<br \/>\n\u2013 Dayan\u0131kl\u0131l\u0131k: A\u015f\u0131nma direncini art\u0131rmak i\u00e7in silindir g\u00f6vdesi ve di\u015fli u\u00e7 y\u00fczeyi ince bir \u015fekilde i\u015flenmelidir.<br \/>\n\u2013 G\u00fcvenlik: Kol silindiri, a\u015f\u0131r\u0131 y\u00fckten kaynaklanan kazalar\u0131 \u00f6nlemek i\u00e7in bir g\u00fcvenlik fakt\u00f6r\u00fcyle tasarlanmal\u0131d\u0131r.<br \/>\n\u2013 Bak\u0131m: Tasar\u0131m, kolay bak\u0131m ve de\u011fi\u015ftirme imkan\u0131n\u0131 g\u00f6z \u00f6n\u00fcnde bulundurarak d\u00fczenli denetim ve bak\u0131m\u0131 daha kolay hale getirmelidir.<\/p>\n<p><img decoding=\"async\" src=\"https:\/\/www.hydraulic-cylinders.net\/wp-content\/uploads\/2025\/01\/songte-cylinder-head-with-all-kinds-excavator-models.webp\"><\/p>\n<p>S\u0131zd\u0131rmazl\u0131k ve Ya\u011flama:<br \/>\n\u2013 Piston s\u0131zd\u0131rmazl\u0131k halkalar\u0131 ve mil s\u0131zd\u0131rmazl\u0131k halkalar\u0131 gibi \u00e7e\u015fitli s\u0131zd\u0131rmazl\u0131k bile\u015fenleri kullan\u0131lmal\u0131 ve contalar poli\u00fcretan ve nitril kau\u00e7uk gibi a\u015f\u0131nmaya dayan\u0131kl\u0131 malzemelerden yap\u0131lmal\u0131d\u0131r.<br \/>\n\u2013 A\u015f\u0131nma direncini art\u0131rmak i\u00e7in silindir g\u00f6vdesi ve di\u015fli u\u00e7 y\u00fczeyi ince bir \u015fekilde i\u015flenmelidir.<br \/>\n\u2013 Ya\u011flama i\u00e7in d\u00fczenli olarak uygun miktarda hidrolik ya\u011f eklenmelidir.<\/p>\n<p>D\u00fczenli Muayene ve \u00d6nleyici Bak\u0131m \u00d6nlemleri:<br \/>\n\u2013 Kol silindirini d\u00fczenli olarak a\u015f\u0131nma ve hasar belirtileri a\u00e7\u0131s\u0131ndan kontrol edin ve a\u015f\u0131nm\u0131\u015f veya hasar g\u00f6rm\u00fc\u015f par\u00e7alar\u0131 zaman\u0131nda de\u011fi\u015ftirin.<br \/>\n\u2013 Hidrolik ya\u011f\u0131 d\u00fczenli olarak kirlilik a\u00e7\u0131s\u0131ndan kontrol edin ve zaman\u0131nda de\u011fi\u015ftirin.<br \/>\n\u2013 S\u0131zd\u0131rmazl\u0131k elemanlar\u0131n\u0131 d\u00fczenli olarak kontrol edin ve hasar g\u00f6rm\u00fc\u015f veya a\u015f\u0131nm\u0131\u015flarsa zaman\u0131nda de\u011fi\u015ftirin.<\/p>\n<p>Do\u011fru \u00dcr\u00fcn Kurulum K\u0131lavuzu:<br \/>\n\u2013 Montajdan \u00f6nce, makinenin montaj y\u00fczeyini ve kol silindirinin di\u015fli u\u00e7 y\u00fczeyini temizleyin.<br \/>\n\u2013 Kol silindirinin di\u015fli u\u00e7 y\u00fczeyine bir kat gres s\u00fcr\u00fcn ve makineye tak\u0131n.<br \/>\n\u2013 Ba\u011flant\u0131 c\u0131vatalar\u0131n\u0131 belirtilen tork de\u011ferine kadar s\u0131k\u0131n.<\/p>\n<p><img decoding=\"async\" src=\"https:\/\/www.hydraulic-cylinders.net\/wp-content\/uploads\/2025\/01\/songte-bushings-with-all-kinds-of-excavator-models.webp\"><\/p>\n<p>G\u00fcvenlik Hususlar\u0131 ve \u00c7evresel Fakt\u00f6rler:<br \/>\n\u2013 Kol silindirinin montaj\u0131, \u00e7al\u0131\u015ft\u0131r\u0131lmas\u0131 ve bak\u0131m\u0131 s\u0131ras\u0131nda g\u00fcvenlik \u00f6nlemleri al\u0131nmal\u0131d\u0131r.<br \/>\n\u2013 Kullan\u0131lan hidrolik ya\u011f \u00e7evre dostu olmal\u0131 ve kullan\u0131mdan sonra uygun \u015fekilde imha edilmelidir.<\/p>\n<p>Ar\u0131za Te\u015fhisi ve Yayg\u0131n Sorunlar:<br \/>\n\u2013 Yetersiz veya a\u015f\u0131r\u0131 ya\u011flama, anormal g\u00fcr\u00fclt\u00fcye veya g\u00fc\u00e7 kayb\u0131na neden olabilir.<br \/>\n\u2013 S\u0131zd\u0131rmazl\u0131k elemanlar\u0131nda meydana gelen hasar, hidrolik ya\u011f s\u0131z\u0131nt\u0131s\u0131na neden olabilir.<br \/>\n\u2013 Mekanik a\u015f\u0131nma veya hasar, yetersiz g\u00fc\u00e7 veya dengesiz harekete neden olabilir.<\/p>\n<p>Ar\u0131za Giderme ve \u00c7\u00f6z\u00fcm \u0130pu\u00e7lar\u0131:<br \/>\n\u2013 Hidrolik ya\u011f miktar\u0131n\u0131 kontrol edin ve gerekirse ayarlay\u0131n.<br \/>\n\u2013 Hasarl\u0131 s\u0131zd\u0131rmazl\u0131k par\u00e7alar\u0131n\u0131 de\u011fi\u015ftirin.<br \/>\n\u2013 A\u015f\u0131nm\u0131\u015f veya hasar g\u00f6rm\u00fc\u015f par\u00e7alar\u0131 de\u011fi\u015ftirin.<\/p>\n<p><img decoding=\"async\" src=\"https:\/\/www.hydraulic-cylinders.net\/wp-content\/uploads\/2025\/01\/songte-chushion-collar.webp\"><\/p>\n<p>Geni\u015f \u00fcr\u00fcn yelpazesine sahip profesyonel bir yedek hidrolik silindir \u00fcreticisiyiz. Yurti\u00e7i ve yurtd\u0131\u015f\u0131 pazarlarda \u00f6nde gelen hidrolik silindir \u00fcreticilerinden ve toptanc\u0131lar\u0131ndan biri haline geldik. Her zaman m\u00fckemmel kalite ilkesini benimseyerek, rafine \u00fcretim at\u00f6lyesinin end\u00fcstriyel \u00fcretim y\u00f6netim stratejisine dayanarak, teknik seviyemizi ve \u00fcretim verimlili\u011fimizi s\u00fcrekli olarak geli\u015ftiriyoruz. Y\u00fcksek teknoloji \u00fcr\u00fcn\u00fc dijital \u00fcretim ekipmanlar\u0131 ve profesyonel test sistemleri kullanarak, \u00fcretim platformunu s\u00fcrekli olarak optimize ediyor, \u00fcr\u00fcn kalite kontrol s\u00fcrecini iyile\u015ftiriyor ve g\u00fc\u00e7l\u00fc inovasyon yeteneklerine sahibiz. Amac\u0131m\u0131z, verimlilik, hassasiyet ve y\u00fcksek kalite ilkeleriyle m\u00fc\u015fterilerin \u00e7e\u015fitli ihtiya\u00e7lar\u0131n\u0131 kar\u015f\u0131lamakt\u0131r.<\/p>\n<p>Profesyonel hizmetler, uluslararas\u0131 sertifikalar, \u00f6zelle\u015ftirilmi\u015f hizmetler, \u00fcretim ekipmanlar\u0131 ve sat\u0131\u015f sonras\u0131 hizmetler sunuyoruz.<\/p>\n<p><img decoding=\"async\" src=\"https:\/\/www.hydraulic-cylinders.net\/wp-content\/uploads\/2025\/01\/songte-company-4.webp\"><br \/>\n<img decoding=\"async\" src=\"https:\/\/www.hydraulic-cylinders.net\/wp-content\/uploads\/2025\/01\/songte-company-3.webp\"><br \/>\nYazar: lyl.<\/p>","protected":false},"excerpt":{"rendered":"<p>Arm Cylinder for XCMG Large Excavator XE700C Arm cylinder is a type of specially designed hydraulic cylinder that is mainly used to provide linear motion and power to the arms of various types of machinery, such as excavators, cranes, and mechanical arms. The arm cylinder plays a critical role in hydraulic systems, enabling the effective [&hellip;]<\/p>","protected":false},"featured_media":14766,"comment_status":"open","ping_status":"closed","template":"","meta":{"_et_pb_use_builder":"","_et_pb_old_content":"","_et_gb_content_width":""},"product_brand":[],"product_cat":[1497],"product_tag":[1498,1496],"class_list":{"0":"post-16412","1":"product","2":"type-product","3":"status-publish","4":"has-post-thumbnail","6":"product_cat-arm-cylinders","7":"product_tag-arm-cylinders","8":"product_tag-hydraulic-cylinders","10":"first","11":"instock","12":"shipping-taxable","13":"product-type-simple"},"amp_enabled":true,"_links":{"self":[{"href":"https:\/\/www.hydraulic-cylinders.net\/tr\/wp-json\/wp\/v2\/product\/16412","targetHints":{"allow":["GET"]}}],"collection":[{"href":"https:\/\/www.hydraulic-cylinders.net\/tr\/wp-json\/wp\/v2\/product"}],"about":[{"href":"https:\/\/www.hydraulic-cylinders.net\/tr\/wp-json\/wp\/v2\/types\/product"}],"replies":[{"embeddable":true,"href":"https:\/\/www.hydraulic-cylinders.net\/tr\/wp-json\/wp\/v2\/comments?post=16412"}],"wp:featuredmedia":[{"embeddable":true,"href":"https:\/\/www.hydraulic-cylinders.net\/tr\/wp-json\/wp\/v2\/media\/14766"}],"wp:attachment":[{"href":"https:\/\/www.hydraulic-cylinders.net\/tr\/wp-json\/wp\/v2\/media?parent=16412"}],"wp:term":[{"taxonomy":"product_brand","embeddable":true,"href":"https:\/\/www.hydraulic-cylinders.net\/tr\/wp-json\/wp\/v2\/product_brand?post=16412"},{"taxonomy":"product_cat","embeddable":true,"href":"https:\/\/www.hydraulic-cylinders.net\/tr\/wp-json\/wp\/v2\/product_cat?post=16412"},{"taxonomy":"product_tag","embeddable":true,"href":"https:\/\/www.hydraulic-cylinders.net\/tr\/wp-json\/wp\/v2\/product_tag?post=16412"}],"curies":[{"name":"wp","href":"https:\/\/api.w.org\/{rel}","templated":true}]}}