{"id":16417,"date":"2025-01-20T09:13:53","date_gmt":"2025-01-20T09:13:53","guid":{"rendered":"https:\/\/www.hydraulic-cylinders.net\/product\/arm-cylinderfor-xcmg-wheel-excavator-xe150w\/"},"modified":"2025-01-20T09:13:55","modified_gmt":"2025-01-20T09:13:55","slug":"arm-cylinderfor-xcmg-wheel-excavator-xe150w","status":"publish","type":"product","link":"https:\/\/www.hydraulic-cylinders.net\/tr\/urun\/arm-cylinderfor-xcmg-wheel-excavator-xe150w\/","title":{"rendered":"XCMG Tekerlekli Ekskavat\u00f6r XE150W i\u00e7in Kol Silindiri"},"content":{"rendered":"<h1>XCMG XE150W Tekerlekli Ekskavat\u00f6r \u0130\u00e7in Kol Silindiri<\/h1>\n<h2>girii\u015f<\/h2>\n<p>Kol silindiri, ekskavat\u00f6rler, vin\u00e7ler ve robot kollar\u0131 gibi \u00e7e\u015fitli makinelerin kollar\u0131na do\u011frusal hareket ve g\u00fc\u00e7 sa\u011flayan \u00f6zel olarak tasarlanm\u0131\u015f bir hidrolik silindirdir. Kol silindiri, hidrolik sistemlerde hayati bir rol oynayarak ek aletlerin veya ata\u015fmanlar\u0131n etkili hareketini ve kontrol\u00fcn\u00fc sa\u011flar. Bu silindirler sadece d\u00fczg\u00fcn hareket sa\u011flamakla kalmaz, ayn\u0131 zamanda a\u011f\u0131r y\u00fckleri de ta\u015f\u0131yarak \u00e7e\u015fitli \u00e7al\u0131\u015fma ko\u015fullar\u0131 alt\u0131nda makinelerin verimli \u00e7al\u0131\u015fmas\u0131n\u0131 ve g\u00fcvenilirli\u011fini garanti eder.<\/p>\n<p><img decoding=\"async\" src=\"https:\/\/www.hydraulic-cylinders.net\/wp-content\/uploads\/2025\/01\/songte-company-2.webp\" alt=\"Kol Silindiri G\u00f6r\u00fcnt\u00fcs\u00fc\"><\/p>\n<h2>\u00d6zellikler<\/h2>\n<ul>\n<li>Y\u00fcksek verimli aktar\u0131m: Kol silindiri, g\u00fc\u00e7l\u00fc do\u011frusal hareket ve kuvvet sa\u011flayarak \u00e7e\u015fitli i\u015flemler s\u0131ras\u0131nda y\u00fcksek performans yetenekleri sunar.<\/li>\n<li>Hassas kontrol: Hidrolik sistem sayesinde, kol silindiri hassas hareket kontrol\u00fc sa\u011flayarak, tak\u0131l\u0131 aletlerin \u00e7al\u0131\u015fmas\u0131n\u0131 daha esnek ve do\u011fru hale getirir.<\/li>\n<li>Y\u00fcksek dayan\u0131kl\u0131l\u0131k: Kol silindirleri genellikle y\u00fcksek mukavemetli malzemeler kullan\u0131larak \u00fcretilir ve m\u00fckemmel a\u015f\u0131nma ve korozyon direnci sunarak zorlu ortamlarda uzun s\u00fcreli kullan\u0131m i\u00e7in uygun hale gelir.<\/li>\n<li>\u00c7ok y\u00f6nl\u00fc uyarlanabilirlik: Bu silindirler, ekskavat\u00f6rler, vin\u00e7ler ve robotik kollar gibi \u00e7e\u015fitli makinelerde yayg\u0131n olarak kullan\u0131labilir ve farkl\u0131 operasyonel gereksinimleri kar\u015f\u0131layabilir.<\/li>\n<li>Kolay bak\u0131m: Bak\u0131m ve par\u00e7a de\u011fi\u015fiminin kolayl\u0131\u011f\u0131 g\u00f6z \u00f6n\u00fcnde bulundurularak tasarlanan bu \u00fcr\u00fcn, d\u00fczenli kontrolleri ve bak\u0131m\u0131 kolayla\u015ft\u0131rarak ekipman ar\u0131za s\u00fcresini azalt\u0131r.<\/li>\n<\/ul>\n<p><img decoding=\"async\" src=\"https:\/\/www.hydraulic-cylinders.net\/wp-content\/uploads\/2025\/01\/songte-oil-pipes-and-spare-parts.webp\" alt=\"\u00dcr\u00fcn G\u00f6rseli\"><\/p>\n<h2>Uygulamalar<\/h2>\n<p>Kol silindiri \u00e7e\u015fitli end\u00fcstrilerde uygulama alan\u0131 bulmaktad\u0131r:<\/p>\n<ul>\n<li>\u0130n\u015faat M\u00fchendisli\u011fi: Ekskavat\u00f6rlerde ve vin\u00e7lerde, kol silindiri kep\u00e7elerin veya bomlar\u0131n hareketini kontrol ederek toprak i\u015flerini, malzeme ta\u015f\u0131may\u0131 ve yap\u0131sal montaj\u0131 kolayla\u015ft\u0131r\u0131r.<\/li>\n<li>\u0130malat Sanayi: Otomatik \u00fcretim hatlar\u0131nda, kol silindiri, montaj, kaynak ve ta\u015f\u0131ma i\u015flemlerinde robot kollar\u0131n\u0131n hareketini sa\u011flayarak \u00fcretim verimlili\u011fini ve hassasiyetini art\u0131r\u0131r.<\/li>\n<li>Tar\u0131m Makinalar\u0131: Bi\u00e7erd\u00f6ver ve ekim makinesi gibi tar\u0131m ekipmanlar\u0131nda kol silindiri, ekim, g\u00fcbreleme ve hasat gibi g\u00f6revlerde \u00e7al\u0131\u015fan kollar\u0131n hareketini kontrol eder.<\/li>\n<li>Madencilik: Madencilik ekipmanlar\u0131nda, kol silindiri madencilik makinelerinin kol hareketini kontrol ederek cevher \u00e7\u0131kar\u0131lmas\u0131n\u0131 ve ta\u015f\u0131nmas\u0131n\u0131 kolayla\u015ft\u0131r\u0131r.<\/li>\n<li>Lojistik ve Ta\u015f\u0131mac\u0131l\u0131k: Forkliftlerde ve ta\u015f\u0131ma robotlar\u0131nda kol silindiri, \u00e7atallar\u0131n kald\u0131r\u0131lmas\u0131n\u0131 ve hareketini kontrol ederek malzeme ta\u015f\u0131ma ve istiflemeyi sa\u011flar.<\/li>\n<\/ul>\n<h2>Tasar\u0131m Hususlar\u0131 ve Se\u00e7im Kriterleri<\/h2>\n<p>Kol silindirlerinin tasar\u0131m\u0131 ve se\u00e7imi de\u011ferlendirilirken, birka\u00e7 \u00f6nemli fakt\u00f6r devreye girer:<\/p>\n<ul>\n<li>Ta\u015f\u0131ma kapasitesi: Kol silindiri, \u00f6ng\u00f6r\u00fclen y\u00fck gereksinimlerini kar\u015f\u0131layabilmelidir.<\/li>\n<li>S\u0131zd\u0131rmazl\u0131k \u00f6zellikleri: Poli\u00fcretan ve nitril kau\u00e7uk gibi a\u015f\u0131nmaya dayan\u0131kl\u0131 malzemelerden \u00fcretilen piston contalar\u0131 ve mil contalar\u0131 gibi \u00e7e\u015fitli s\u0131zd\u0131rmazl\u0131k bile\u015fenleri, etkili bir s\u0131zd\u0131rmazl\u0131k sa\u011flar.<\/li>\n<li>Dayan\u0131kl\u0131l\u0131k: Silindir g\u00f6vdesi ve di\u015fli u\u00e7 y\u00fczeyi, a\u015f\u0131nma direncini art\u0131rmak i\u00e7in titiz bir i\u015flemden ge\u00e7irilmi\u015ftir.<\/li>\n<li>G\u00fcvenlik: Kazalar\u0131 \u00f6nlemek i\u00e7in bas\u0131n\u00e7 tahliye vanalar\u0131 ve acil durdurma fonksiyonlar\u0131 gibi g\u00fcvenlik unsurlar\u0131 dahil edilmelidir.<\/li>\n<li>Bak\u0131m kolayl\u0131\u011f\u0131: Uygun miktarda hidrolik ya\u011f ile d\u00fczenli ya\u011flama ve bak\u0131m i\u015flemlerine kolay eri\u015fim g\u00f6z \u00f6n\u00fcnde bulundurulmal\u0131d\u0131r.<\/li>\n<\/ul>\n<p><img decoding=\"async\" src=\"https:\/\/www.hydraulic-cylinders.net\/wp-content\/uploads\/2025\/01\/songte-cylinder-head-with-all-kinds-excavator-models.webp\" alt=\"\u00dcr\u00fcn G\u00f6rseli\"><\/p>\n<h2>S\u0131zd\u0131rmazl\u0131k ve Ya\u011flama<\/h2>\n<p>Kol silindiri, poli\u00fcretan ve nitril kau\u00e7uk gibi a\u015f\u0131nmaya dayan\u0131kl\u0131 malzemelerden yap\u0131lm\u0131\u015f piston contalar\u0131 ve mil contalar\u0131 gibi \u00e7e\u015fitli contalar kullan\u0131r. Silindir g\u00f6vdesi ve di\u015fli u\u00e7 y\u00fczeyi, a\u015f\u0131nma direncini art\u0131rmak i\u00e7in ince bir \u015fekilde i\u015flenmi\u015ftir. Sorunsuz \u00e7al\u0131\u015fma sa\u011flamak i\u00e7in uygun miktarda hidrolik ya\u011f ile d\u00fczenli ya\u011flama gereklidir.<\/p>\n<h2>D\u00fczenli Muayene ve \u00d6nleyici Bak\u0131m<\/h2>\n<p>En iyi performans\u0131 korumak i\u00e7in d\u00fczenli denetimler ve \u00f6nleyici bak\u0131m \u00f6nlemleri \u00e7ok \u00f6nemlidir:<\/p>\n<ul>\n<li>Contalar\u0131 a\u015f\u0131nma veya hasar a\u00e7\u0131s\u0131ndan kontrol edin.<\/li>\n<li>Hidrolik sistemde herhangi bir s\u0131z\u0131nt\u0131 olup olmad\u0131\u011f\u0131n\u0131 kontrol edin.<\/li>\n<li>Ya\u011f seviyelerini ve kalitesini izleyin.<\/li>\n<li>Par\u00e7alar\u0131n do\u011fru \u015fekilde hizaland\u0131\u011f\u0131ndan ve sabitlendi\u011finden emin olun.<\/li>\n<li>Periyodik olarak temizlik ve ya\u011flama i\u015flemlerini ger\u00e7ekle\u015ftirin.<\/li>\n<\/ul>\n<h2>\u00dcr\u00fcn Kurulum K\u0131lavuzu<\/h2>\n<p>Kol silindirinin do\u011fru montaj\u0131, optimum performans i\u00e7in \u00e7ok \u00f6nemlidir. \u015eu ad\u0131mlar\u0131 izleyin:<\/p>\n<ol>\n<li>Ekipman\u0131n elektri\u011finin kesildi\u011finden ve g\u00fcvenli bir konumda oldu\u011fundan emin olun.<\/li>\n<li>Varsa eski silindiri \u00e7\u0131kar\u0131n.<\/li>\n<li>Yeni kol silindirinde herhangi bir hasar belirtisi olup olmad\u0131\u011f\u0131n\u0131 kontrol edin.<\/li>\n<li>Silindiri belirtilen montaj noktalar\u0131na g\u00fcvenli bir \u015fekilde tak\u0131n.<\/li>\n<li>Hidrolik hatlar\u0131 uygun \u015fekilde s\u0131zd\u0131rmazl\u0131\u011f\u0131 sa\u011flayarak ba\u011flay\u0131n.<\/li>\n<li>Kurulumun detayl\u0131 bir incelemesini ger\u00e7ekle\u015ftirin.<\/li>\n<li>Cihaz\u0131 \u00e7al\u0131\u015ft\u0131r\u0131n ve kol silindirinin i\u015flevselli\u011fini test edin.<\/li>\n<\/ol>\n<p><img decoding=\"async\" src=\"https:\/\/www.hydraulic-cylinders.net\/wp-content\/uploads\/2025\/01\/songte-bushings-with-all-kinds-of-excavator-models.webp\" alt=\"\u00dcr\u00fcn G\u00f6rseli\"><\/p>\n<h2>G\u00fcvenlik Hususlar\u0131 ve \u00c7evresel Fakt\u00f6rler<\/h2>\n<p>Kol silindirini kullan\u0131rken g\u00fcvenlik \u00f6nlemleri son derece \u00f6nemlidir. G\u00fcvenlik \u00f6nlemlerine uyulmas\u0131, kazalar\u0131n \u00f6nlenmesini ve personel ile makinelerin korunmas\u0131n\u0131 sa\u011flar.<\/p>\n<h2>Sorun Giderme ve Yayg\u0131n Sorunlar<\/h2>\n<p>Kol silindirlerinde s\u0131k\u00e7a kar\u015f\u0131la\u015f\u0131lan baz\u0131 sorunlar \u015funlard\u0131r:<\/p>\n<ul>\n<li>\u00c7al\u0131\u015fma s\u0131ras\u0131nda a\u015f\u0131r\u0131 g\u00fcr\u00fclt\u00fc<\/li>\n<li>Anormal titre\u015fimler<\/li>\n<li>Yava\u015f veya ani hareket<\/li>\n<li>Hidrolik s\u0131v\u0131 s\u0131z\u0131nt\u0131s\u0131<\/li>\n<li>Yetersiz kuvvet veya g\u00fc\u00e7<\/li>\n<\/ul>\n<p>Kol silindiriyle ilgili herhangi bir sorunla kar\u015f\u0131la\u015f\u0131rsan\u0131z, a\u015fa\u011f\u0131daki sorun giderme ipu\u00e7lar\u0131n\u0131 ve \u00e7\u00f6z\u00fcmlerini izleyin:<\/p>\n<ul>\n<li>Gev\u015fek ba\u011flant\u0131lar\u0131 kontrol edin ve gerekirse s\u0131k\u0131n.<\/li>\n<li>Contalar\u0131 a\u015f\u0131nma veya hasar a\u00e7\u0131s\u0131ndan kontrol edin ve gerekirse de\u011fi\u015ftirin.<\/li>\n<li>Hidrolik s\u0131v\u0131 seviyesinin yeterli ve do\u011fru kalitede oldu\u011fundan emin olun.<\/li>\n<li>Silindir par\u00e7alar\u0131n\u0131 d\u00fczenli olarak temizleyin ve ya\u011flay\u0131n.<\/li>\n<li>Sorun devam ederse, profesyonel bir teknisyene dan\u0131\u015f\u0131n.<\/li>\n<\/ul>\n<p><img decoding=\"async\" src=\"https:\/\/www.hydraulic-cylinders.net\/wp-content\/uploads\/2025\/01\/songte-chushion-collar.webp\" alt=\"\u00dcr\u00fcn G\u00f6rseli\"><\/p>\n<p>Makaleyi mant\u0131kl\u0131 bir \u015fekilde d\u00fczenlemeyi, kolay gezinme i\u00e7in alt ba\u015fl\u0131klar kullanmay\u0131, anlay\u0131\u015f\u0131 geli\u015ftirmek i\u00e7in ilgili g\u00f6rseller veya grafikler eklemeyi ve i\u00e7eri\u011fin farkl\u0131 teknik bilgi seviyelerine sahip okuyucular i\u00e7in a\u00e7\u0131k, \u00f6z ve uygun olmas\u0131n\u0131 sa\u011flamay\u0131 unutmay\u0131n.<\/p>\n<p><em>Yazar: lyl<\/em><\/p>\n<h2>\u015eirketimiz Hakk\u0131nda<\/h2>\n<p>Profesyonel bir hidrolik silindir yedek par\u00e7a \u00fcreticisiyiz ve geni\u015f bir \u00fcr\u00fcn yelpazesi sunuyoruz. Hem yurt i\u00e7i hem de uluslararas\u0131 pazarlarda \u00f6nde gelen hidrolik silindir \u00fcreticilerinden ve toptanc\u0131lar\u0131ndan biri haline geldik. M\u00fckemmelli\u011fe olan ba\u011fl\u0131l\u0131\u011f\u0131m\u0131zla, son teknolojiye sahip at\u00f6lyelerimizde rafine edilmi\u015f \u00fcretim s\u00fcre\u00e7leri arac\u0131l\u0131\u011f\u0131yla teknolojik uzmanl\u0131\u011f\u0131m\u0131z\u0131 ve \u00fcretim verimlili\u011fimizi s\u00fcrekli olarak geli\u015ftiriyoruz. Geli\u015fmi\u015f dijital \u00fcretim ekipmanlar\u0131 ve profesyonel test sistemleri kullanarak \u00fcretim platformumuzu optimize ediyor ve \u00fcr\u00fcn kalite kontrol s\u00fcre\u00e7lerimizi iyile\u015ftirerek g\u00fc\u00e7l\u00fc inovasyon yeteneklerimizi sergiliyoruz. Amac\u0131m\u0131z, verimlilik, hassasiyet ve y\u00fcksek kalite ilkeleriyle \u00e7e\u015fitli m\u00fc\u015fteri ihtiya\u00e7lar\u0131n\u0131 kar\u015f\u0131lamakt\u0131r.<\/p>\n<p><img decoding=\"async\" src=\"https:\/\/www.hydraulic-cylinders.net\/wp-content\/uploads\/2025\/01\/songte-company-4.webp\" alt=\"\u015eirket \u0130maj\u0131\"><br \/>\n<img decoding=\"async\" src=\"https:\/\/www.hydraulic-cylinders.net\/wp-content\/uploads\/2025\/01\/songte-company-3.webp\" alt=\"\u015eirket \u0130maj\u0131\"><\/p>\n<p>Ayr\u0131ca, profesyonelli\u011fimiz, uluslararas\u0131 sertifikalar\u0131m\u0131z, \u00f6zel hizmetlerimiz, \u00fcretim ekipmanlar\u0131m\u0131z ve sat\u0131\u015f sonras\u0131 deste\u011fimizle gurur duyuyoruz.<\/p>","protected":false},"excerpt":{"rendered":"<p>Arm Cylinder For XCMG Wheel Excavator XE150W Introduction The arm cylinder is a specially designed hydraulic cylinder that provides linear motion and power to the arms of various machinery, such as excavators, cranes, and robotic arms. The arm cylinder plays a crucial role in hydraulic systems, enabling the effective movement and control of additional tools [&hellip;]<\/p>","protected":false},"featured_media":14779,"comment_status":"open","ping_status":"closed","template":"","meta":{"_et_pb_use_builder":"","_et_pb_old_content":"","_et_gb_content_width":""},"product_brand":[],"product_cat":[1497],"product_tag":[1498,1496],"class_list":{"0":"post-16417","1":"product","2":"type-product","3":"status-publish","4":"has-post-thumbnail","6":"product_cat-arm-cylinders","7":"product_tag-arm-cylinders","8":"product_tag-hydraulic-cylinders","10":"first","11":"instock","12":"shipping-taxable","13":"product-type-simple"},"amp_enabled":true,"_links":{"self":[{"href":"https:\/\/www.hydraulic-cylinders.net\/tr\/wp-json\/wp\/v2\/product\/16417","targetHints":{"allow":["GET"]}}],"collection":[{"href":"https:\/\/www.hydraulic-cylinders.net\/tr\/wp-json\/wp\/v2\/product"}],"about":[{"href":"https:\/\/www.hydraulic-cylinders.net\/tr\/wp-json\/wp\/v2\/types\/product"}],"replies":[{"embeddable":true,"href":"https:\/\/www.hydraulic-cylinders.net\/tr\/wp-json\/wp\/v2\/comments?post=16417"}],"wp:featuredmedia":[{"embeddable":true,"href":"https:\/\/www.hydraulic-cylinders.net\/tr\/wp-json\/wp\/v2\/media\/14779"}],"wp:attachment":[{"href":"https:\/\/www.hydraulic-cylinders.net\/tr\/wp-json\/wp\/v2\/media?parent=16417"}],"wp:term":[{"taxonomy":"product_brand","embeddable":true,"href":"https:\/\/www.hydraulic-cylinders.net\/tr\/wp-json\/wp\/v2\/product_brand?post=16417"},{"taxonomy":"product_cat","embeddable":true,"href":"https:\/\/www.hydraulic-cylinders.net\/tr\/wp-json\/wp\/v2\/product_cat?post=16417"},{"taxonomy":"product_tag","embeddable":true,"href":"https:\/\/www.hydraulic-cylinders.net\/tr\/wp-json\/wp\/v2\/product_tag?post=16417"}],"curies":[{"name":"wp","href":"https:\/\/api.w.org\/{rel}","templated":true}]}}