{"id":16422,"date":"2025-01-20T09:14:12","date_gmt":"2025-01-20T09:14:12","guid":{"rendered":"https:\/\/www.hydraulic-cylinders.net\/product\/arm-cylinderfor-zoomlion-small-excavator-ze150\/"},"modified":"2025-01-20T09:14:14","modified_gmt":"2025-01-20T09:14:14","slug":"arm-cylinderfor-zoomlion-small-excavator-ze150","status":"publish","type":"product","link":"https:\/\/www.hydraulic-cylinders.net\/tr\/urun\/arm-cylinderfor-zoomlion-small-excavator-ze150\/","title":{"rendered":"Zoomlion K\u00fc\u00e7\u00fck Ekskavat\u00f6r ZE150 i\u00e7in Kol Silindiri"},"content":{"rendered":"<h1>Zoomlion ZE150 K\u00fc\u00e7\u00fck Ekskavat\u00f6r i\u00e7in Kol Silindiri<\/h1>\n<h2>girii\u015f<\/h2>\n<h3>Zoomlion ZE150 K\u00fc\u00e7\u00fck Ekskavat\u00f6r i\u00e7in Kol Silindirinin Tan\u0131mlanmas\u0131<\/h3>\n<p>Kol silindiri, ekskavat\u00f6rler, vin\u00e7ler ve mekanik kollar gibi \u00e7e\u015fitli makinelerin kollar\u0131na do\u011frusal hareket ve g\u00fc\u00e7 sa\u011flamak i\u00e7in \u00f6zel olarak tasarlanm\u0131\u015f bir hidrolik silindirdir. Kol silindiri, hidrolik sistemde hayati bir rol oynayarak ek aletlerin veya ata\u015fmanlar\u0131n etkili bir \u015fekilde hareket etmesini ve kontrol edilmesini sa\u011flar. Bu silindirler sadece d\u00fczg\u00fcn hareket sa\u011flamakla kalmaz, ayn\u0131 zamanda a\u011f\u0131r y\u00fckleri de ta\u015f\u0131yarak \u00e7e\u015fitli \u00e7al\u0131\u015fma ko\u015fullar\u0131 alt\u0131nda makinelerin verimli \u00e7al\u0131\u015fmas\u0131n\u0131 ve g\u00fcvenilirli\u011fini sa\u011flar.<\/p>\n<p><img decoding=\"async\" src=\"https:\/\/www.hydraulic-cylinders.net\/wp-content\/uploads\/2025\/01\/songte-company-2.webp\" alt=\"Kol Silindiri G\u00f6r\u00fcnt\u00fcs\u00fc\"><\/p>\n<h3>Zoomlion ZE150 K\u00fc\u00e7\u00fck Ekskavat\u00f6r i\u00e7in Kol Silindirinin \u00d6zellikleri<\/h3>\n<ul>\n<li>Y\u00fcksek Verimli Aktar\u0131m: Kol silindiri g\u00fc\u00e7l\u00fc do\u011frusal hareket ve kuvvet sa\u011flayarak mekanik kolun \u00e7e\u015fitli i\u015flemlerde y\u00fcksek verimlilikte performans g\u00f6stermesini garanti eder.<\/li>\n<li>Hassas Kontrol: Hidrolik sistem sayesinde, kol silindiri hassas hareket kontrol\u00fc sa\u011flayarak ek aletlerin kullan\u0131m\u0131n\u0131 daha esnek ve do\u011fru hale getirir.<\/li>\n<li>Y\u00fcksek Dayan\u0131kl\u0131l\u0131k: Kol silindirleri genellikle y\u00fcksek mukavemetli malzemelerden \u00fcretilir ve iyi a\u015f\u0131nma ve korozyon direncine sahiptir, bu da onlar\u0131 zorlu ortamlarda uzun s\u00fcreli kullan\u0131m i\u00e7in uygun hale getirir.<\/li>\n<li>\u00c7ok Fonksiyonlu Uyarlanabilirlik: Bu silindirler, ekskavat\u00f6rler, vin\u00e7ler ve mekanik kollar gibi \u00e7e\u015fitli makine t\u00fcrlerinde yayg\u0131n olarak kullan\u0131labilir ve farkl\u0131 \u00e7al\u0131\u015fma gereksinimlerine uyum sa\u011flar.<\/li>\n<li>Kolay Bak\u0131m: Tasar\u0131m, bak\u0131m ve par\u00e7a de\u011fi\u015fiminin kolayl\u0131\u011f\u0131n\u0131 g\u00f6z \u00f6n\u00fcnde bulundurarak, planl\u0131 denetim ve bak\u0131mlar\u0131 daha kolay hale getirir ve ekipman ar\u0131za s\u00fcresini azalt\u0131r.<\/li>\n<\/ul>\n<p>Ayr\u0131ca, bu \u00fcr\u00fcn\u00fc \u00fcretebiliyoruz ve \u00fcr\u00fcnlerimiz bu hidrolik silindirlerin yerini m\u00fckemmel bir \u015fekilde alabiliyor.<\/p>\n<p><img decoding=\"async\" src=\"https:\/\/www.hydraulic-cylinders.net\/wp-content\/uploads\/2025\/01\/songte-oil-pipes-and-spare-parts.webp\" alt=\"\u00dcr\u00fcn De\u011fi\u015ftirme G\u00f6rseli\"><\/p>\n<h3>Zoomlion ZE150 K\u00fc\u00e7\u00fck Ekskavat\u00f6rde Kol Silindirinin Uygulamalar\u0131<\/h3>\n<p>Kol silindirinin \u00e7e\u015fitli kullan\u0131m alanlar\u0131 vard\u0131r, \u00f6rne\u011fin:<\/p>\n<ul>\n<li>\u0130n\u015faat M\u00fchendisli\u011fi: Ekskavat\u00f6rlerde ve vin\u00e7lerde, kol silindiri, toprak ta\u015f\u0131ma, malzeme ta\u015f\u0131ma ve yap\u0131sal montaj i\u015flemlerini ger\u00e7ekle\u015ftirmek i\u00e7in kep\u00e7e veya bomun hareketini kontrol etmek amac\u0131yla kullan\u0131l\u0131r.<\/li>\n<li>\u0130malat Sanayi: Otomatik \u00fcretim hatlar\u0131nda, kol silindiri mekanik kollar\u0131 hareket ettirmek, montaj, kaynak ve ta\u015f\u0131ma i\u015flemlerini ger\u00e7ekle\u015ftirmek, \u00fcretim verimlili\u011fini ve do\u011frulu\u011funu art\u0131rmak i\u00e7in kullan\u0131l\u0131r.<\/li>\n<li>Tar\u0131m Makineleri: Bi\u00e7erd\u00f6ver ve tohum ekme makinesi gibi tar\u0131m makinelerinde, kol silindiri, ekim, g\u00fcbreleme ve hasat gibi g\u00f6revleri yerine getiren \u00e7al\u0131\u015fma kolunun hareketini kontrol eder.<\/li>\n<li>Madencilik: Madencilik ekipmanlar\u0131nda, kol silindiri, madencilik ekipman\u0131n\u0131n kol hareketini kontrol etmek, maden \u00e7\u0131karma ve cevher ta\u015f\u0131ma i\u015flemlerini ger\u00e7ekle\u015ftirmek i\u00e7in kullan\u0131l\u0131r.<\/li>\n<li>Lojistik ve Ta\u015f\u0131mac\u0131l\u0131k: Forkliftlerde ve ta\u015f\u0131ma robotlar\u0131nda, kol silindiri, \u00e7atal\u0131n kald\u0131rma ve hareketini kontrol ederek malzeme ta\u015f\u0131ma ve istifleme i\u015flemlerini ger\u00e7ekle\u015ftirir.<\/li>\n<\/ul>\n<h2>Tasar\u0131m Hususlar\u0131 ve Se\u00e7im Kriterleri<\/h2>\n<h3>Ta\u015f\u0131ma Kapasitesi<\/h3>\n<p>Kol silindirinin ta\u015f\u0131ma kapasitesi, silindirin ar\u0131za yapmadan destekleyebilece\u011fi maksimum a\u011f\u0131rl\u0131\u011f\u0131 belirledi\u011fi i\u00e7in \u00e7ok \u00f6nemli bir husustur. Ta\u015f\u0131ma kapasitesi, makinenin t\u00fcr\u00fcne ve i\u015flemin niteli\u011fine ba\u011fl\u0131d\u0131r.<\/p>\n<h3>S\u0131zd\u0131rmazl\u0131k<\/h3>\n<p>S\u0131zd\u0131rmazl\u0131k, kol silindirinin verimlili\u011fini ve dayan\u0131kl\u0131l\u0131\u011f\u0131n\u0131 sa\u011flamada \u00f6nemli bir fakt\u00f6rd\u00fcr. Piston contas\u0131 ve mil contas\u0131, s\u0131v\u0131 s\u0131z\u0131nt\u0131s\u0131n\u0131 ve kirlenmeyi \u00f6nleyen iki temel s\u0131zd\u0131rmazl\u0131k eleman\u0131d\u0131r.<\/p>\n<h3>Dayan\u0131kl\u0131l\u0131k<\/h3>\n<p>Kol silindirinin dayan\u0131kl\u0131l\u0131\u011f\u0131, yap\u0131m\u0131nda kullan\u0131lan malzemelerin kalitesine ba\u011fl\u0131d\u0131r. \u0130yi a\u015f\u0131nma ve korozyon direncine sahip y\u00fcksek mukavemetli malzemeler tercih edilir.<\/p>\n<h3>Emniyet<\/h3>\n<p>Kol silindirinin g\u00fcvenli\u011fi, kazalar\u0131 ve makineye gelebilecek potansiyel hasar\u0131 \u00f6nledi\u011fi i\u00e7in \u00f6nemli bir husustur. Bas\u0131n\u00e7 tahliye vanalar\u0131 ve amortis\u00f6r sistemleri gibi g\u00fcvenlik \u00f6zellikleri tasar\u0131ma dahil edilmelidir.<\/p>\n<h3>Bak\u0131m<\/h3>\n<p>Bak\u0131m ve onar\u0131m kolayl\u0131\u011f\u0131 da bir di\u011fer kritik fakt\u00f6rd\u00fcr, \u00e7\u00fcnk\u00fc ar\u0131za s\u00fcrelerini azalt\u0131r ve verimlili\u011fi art\u0131r\u0131r. Tasar\u0131m, silindir bile\u015fenlerine kolay eri\u015fimi ve standart par\u00e7a ve ba\u011flant\u0131 elemanlar\u0131n\u0131n kullan\u0131m\u0131n\u0131 sa\u011flamal\u0131d\u0131r.<\/p>\n<p><img decoding=\"async\" src=\"https:\/\/www.hydraulic-cylinders.net\/wp-content\/uploads\/2025\/01\/songte-cylinder-head-with-all-kinds-excavator-models.webp\" alt=\"Silindir Kapa\u011f\u0131 G\u00f6r\u00fcnt\u00fcs\u00fc\"><\/p>\n<h2>S\u0131zd\u0131rmazl\u0131k ve Ya\u011flama<\/h2>\n<p>Kol silindiri, s\u0131v\u0131 s\u0131z\u0131nt\u0131s\u0131n\u0131 ve kirlenmeyi \u00f6nlemek i\u00e7in piston contalar\u0131, mil contalar\u0131 ve silecek contalar\u0131 gibi \u00e7e\u015fitli contalar kullan\u0131r. Contalar, a\u015f\u0131nmaya ve y\u0131pranmaya kar\u015f\u0131 dayan\u0131kl\u0131 olmas\u0131 i\u00e7in poli\u00fcretan ve nitril kau\u00e7uk gibi a\u015f\u0131nmaya dayan\u0131kl\u0131 malzemelerden yap\u0131lm\u0131\u015ft\u0131r. Silindir ba\u015fl\u0131\u011f\u0131 ve di\u015fli u\u00e7 y\u00fczeyleri, a\u015f\u0131nma direncini art\u0131rmak i\u00e7in ince bir \u015fekilde i\u015flenmi\u015ftir. Silindiri ya\u011flamak ve sorunsuz \u00e7al\u0131\u015fmay\u0131 sa\u011flamak i\u00e7in d\u00fczenli olarak hidrolik ya\u011f eklenmesi gereklidir.<\/p>\n<h2>Bak\u0131m ve \u00d6nleyici Tedbirler<\/h2>\n<p>Kol silindirinin verimli \u00e7al\u0131\u015fmas\u0131 ve uzun \u00f6m\u00fcrl\u00fc olmas\u0131 i\u00e7in d\u00fczenli kontrol ve bak\u0131m gereklidir. A\u015fa\u011f\u0131daki \u00f6nlemler al\u0131nmal\u0131d\u0131r:<\/p>\n<ul>\n<li>Silindir g\u00f6vdesinde ve contalar\u0131nda s\u0131z\u0131nt\u0131 veya hasar olup olmad\u0131\u011f\u0131n\u0131 d\u00fczenli olarak kontrol edin.<\/li>\n<li>Silindiri d\u00fczenli olarak hidrolik ya\u011f ile ya\u011flay\u0131n.<\/li>\n<li>A\u015f\u0131nm\u0131\u015f veya hasar g\u00f6rm\u00fc\u015f contalar\u0131 zaman\u0131nda de\u011fi\u015ftirin.<\/li>\n<li>Silindirin ve ilgili bile\u015fenlerin do\u011fru \u015fekilde monte edildi\u011finden emin olun.<\/li>\n<li>Silindir ve piston kolunun do\u011fru hizaland\u0131\u011f\u0131ndan emin olun.<\/li>\n<\/ul>\n<p><img decoding=\"async\" src=\"https:\/\/www.hydraulic-cylinders.net\/wp-content\/uploads\/2025\/01\/songte-chushion-collar.webp\" alt=\"Yast\u0131k Yaka G\u00f6rseli\"><\/p>\n<h2>Kurulum K\u0131lavuzu<\/h2>\n<p>Kol silindirinin montaj\u0131 s\u0131ras\u0131nda a\u015fa\u011f\u0131daki ad\u0131mlar izlenmelidir:<\/p>\n<ol>\n<li>Silindiri ve ilgili par\u00e7alar\u0131 hasar veya a\u015f\u0131nma a\u00e7\u0131s\u0131ndan inceleyin.<\/li>\n<li>Silindirin ve makinenin montaj y\u00fczeylerini temizleyin.<\/li>\n<li>Silindiri uygun montaj braketleri ve donan\u0131m\u0131n\u0131 kullanarak tak\u0131n.<\/li>\n<li>Silindir ve piston kolunun do\u011fru hizaland\u0131\u011f\u0131ndan emin olun.<\/li>\n<li>Hidrolik hortumlar\u0131 ve ba\u011flant\u0131 par\u00e7alar\u0131n\u0131 uygun s\u0131kma torkuna dikkat ederek ba\u011flay\u0131n.<\/li>\n<li>Silindirin d\u00fczg\u00fcn \u00e7al\u0131\u015ft\u0131\u011f\u0131n\u0131 test edin.<\/li>\n<\/ol>\n<p><img decoding=\"async\" src=\"https:\/\/www.hydraulic-cylinders.net\/wp-content\/uploads\/2025\/01\/songte-bushings-with-all-kinds-of-excavator-models.webp\" alt=\"Bur\u00e7lar G\u00f6r\u00fcnt\u00fcs\u00fc\"><\/p>\n<h2>G\u00fcvenlik Hususlar\u0131 ve \u00c7evresel Fakt\u00f6rler<\/h2>\n<p>Kol silindirinin kullan\u0131m\u0131nda g\u00fcvenlik son derece \u00f6nemlidir, \u00e7\u00fcnk\u00fc a\u011f\u0131r makineler ve potansiyel tehlikeler s\u00f6z konusudur. Makinenin ve silindirin g\u00fcvenli kullan\u0131m\u0131 konusunda uygun e\u011fitim ve talimatlar verilmelidir. S\u0131cakl\u0131k ve nem gibi \u00e7evresel fakt\u00f6rler de silindirin performans\u0131n\u0131 ve dayan\u0131kl\u0131l\u0131\u011f\u0131n\u0131 etkileyebilir.<\/p>\n<h2>Sorun Giderme ve Yayg\u0131n Sorunlar<\/h2>\n<p>A\u015fa\u011f\u0131da baz\u0131 s\u0131k kar\u015f\u0131la\u015f\u0131lan sorunlar ve sorun giderme ipu\u00e7lar\u0131 yer almaktad\u0131r:<\/p>\n<ul>\n<li>S\u0131v\u0131 s\u0131z\u0131nt\u0131s\u0131: Hasarl\u0131 contalar\u0131 veya gev\u015fek ba\u011flant\u0131lar\u0131 kontrol edin ve gerekirse de\u011fi\u015ftirin veya s\u0131k\u0131n.<\/li>\n<li>D\u00fc\u015f\u00fck performans: Hasarl\u0131 veya a\u015f\u0131nm\u0131\u015f silindir par\u00e7alar\u0131n\u0131 kontrol edin ve gerekirse de\u011fi\u015ftirin.<\/li>\n<li>G\u00fcr\u00fclt\u00fc: Gev\u015fek ba\u011flant\u0131lar\u0131 veya a\u015f\u0131nm\u0131\u015f par\u00e7alar\u0131 kontrol edin ve gerekirse s\u0131k\u0131n veya de\u011fi\u015ftirin.<\/li>\n<\/ul>\n<p><img decoding=\"async\" src=\"https:\/\/www.hydraulic-cylinders.net\/wp-content\/uploads\/2025\/01\/songte-company-4.webp\" alt=\"\u015eirket \u0130maj\u0131\"><\/p>\n<h2>Hakk\u0131m\u0131zda<\/h2>\n<p>Geni\u015f \u00fcr\u00fcn yelpazesine sahip profesyonel bir hidrolik silindir yedek par\u00e7a \u00fcreticisiyiz. Yurti\u00e7i ve yurtd\u0131\u015f\u0131 pazarlarda \u00f6nde gelen hidrolik silindir \u00fcreticilerinden ve toptanc\u0131lar\u0131ndan biri haline geldik. Her zaman m\u00fckemmellik ilkesine ba\u011fl\u0131 kalarak, ince i\u015f\u00e7ilik gerektiren \u00fcretim at\u00f6lyelerinde end\u00fcstriyel \u00fcretim y\u00f6netim stratejilerine dayanarak teknolojimizi ve \u00fcretim verimlili\u011fimizi s\u00fcrekli olarak geli\u015ftiriyoruz. Y\u00fcksek teknoloji \u00fcr\u00fcn\u00fc dijital \u00fcretim ekipmanlar\u0131 ve profesyonel alg\u0131lama sistemleri kullanarak, \u00fcretim platformumuzu s\u00fcrekli olarak optimize ediyor ve \u00fcr\u00fcn kalite kontrol s\u00fcrecimizi iyile\u015ftirerek g\u00fc\u00e7l\u00fc inovasyon yeteneklerine sahibiz. Amac\u0131m\u0131z, y\u00fcksek verimlilik, hassasiyet ve y\u00fcksek kaliteli \u00fcr\u00fcnlerle m\u00fc\u015fterilerin \u00e7e\u015fitli ihtiya\u00e7lar\u0131n\u0131 kar\u015f\u0131lamakt\u0131r.<\/p>\n<h3>Profesyonellik<\/h3>\n<p>Hidrolik silindir tasar\u0131m\u0131, \u00fcretimi ve bak\u0131m\u0131 konusunda geni\u015f sekt\u00f6r deneyimine ve uzmanl\u0131\u011f\u0131na sahip profesyonel bir ekibimiz var; bu sayede m\u00fc\u015fterilerimize kapsaml\u0131 ve y\u00fcksek kaliteli hizmetler sunabiliyoruz.<\/p>\n<h3>Uluslararas\u0131 Sertifikasyon<\/h3>\n<p>\u00dcr\u00fcnlerimiz ISO9001 ve CE gibi uluslararas\u0131 sertifikalardan ge\u00e7mi\u015ftir ve bu da \u00fcr\u00fcnlerimizin uluslararas\u0131 kalite standartlar\u0131n\u0131 kar\u015f\u0131lad\u0131\u011f\u0131n\u0131 garanti eder.<\/p>\n<h3>\u00d6zelle\u015ftirme Hizmetleri<\/h3>\n<p>M\u00fc\u015fterilerimizin \u00e7e\u015fitli ihtiya\u00e7lar\u0131n\u0131 kar\u015f\u0131lamak i\u00e7in \u00f6zelle\u015ftirilmi\u015f hizmetler sunuyoruz; bu hizmetler aras\u0131nda \u00f6zelle\u015ftirilmi\u015f silindir tipleri, boyutlar\u0131 ve \u00f6zellikleri yer alarak \u00fcr\u00fcnlerimizin onlar\u0131n \u00f6zel gereksinimlerini kar\u015f\u0131lamas\u0131n\u0131 sa\u011fl\u0131yoruz.<\/p>\n<p><img decoding=\"async\" src=\"https:\/\/www.hydraulic-cylinders.net\/wp-content\/uploads\/2025\/01\/songte-company-3.webp\" alt=\"\u015eirket \u00dcretim G\u00f6rseli\"><\/p>\n<h3>\u00dcretim Ekipmanlar\u0131<\/h3>\n<p>\u00dcr\u00fcnlerimizin hassasiyetini ve kalitesini sa\u011flamak i\u00e7in CNC i\u015fleme merkezleri gibi \u00fcst d\u00fczey dijital \u00fcretim ekipmanlar\u0131 kullan\u0131yoruz.<\/p>\n<h3>Sat\u0131\u015f Sonras\u0131 Hizmet<\/h3>\n<p>M\u00fc\u015fterilerimizin \u00fcr\u00fcn ve hizmetlerimizden memnun kalmas\u0131n\u0131 sa\u011flamak i\u00e7in kapsaml\u0131 sat\u0131\u015f sonras\u0131 hizmetler sunuyoruz. \u00dcr\u00fcn bak\u0131m\u0131 ve onar\u0131m\u0131 konusunda teknik destek ve rehberlik sa\u011fl\u0131yor, \u00fcr\u00fcnlerimize garanti veriyoruz.<\/p>\n<p>Yazar: lyl<\/p>","protected":false},"excerpt":{"rendered":"<p>Arm Cylinder for Zoomlion Small Excavator ZE150 Introduction Defining Arm Cylinder for Zoomlion Small Excavator ZE150 The arm cylinder is a specially designed hydraulic cylinder that is primarily used to provide linear motion and power to the arms of various types of machinery, such as excavators, cranes, and mechanical arms. The arm cylinder plays a [&hellip;]<\/p>","protected":false},"featured_media":14766,"comment_status":"open","ping_status":"closed","template":"","meta":{"_et_pb_use_builder":"","_et_pb_old_content":"","_et_gb_content_width":""},"product_brand":[],"product_cat":[1497],"product_tag":[1498,1496],"class_list":{"0":"post-16422","1":"product","2":"type-product","3":"status-publish","4":"has-post-thumbnail","6":"product_cat-arm-cylinders","7":"product_tag-arm-cylinders","8":"product_tag-hydraulic-cylinders","10":"first","11":"instock","12":"shipping-taxable","13":"product-type-simple"},"amp_enabled":true,"_links":{"self":[{"href":"https:\/\/www.hydraulic-cylinders.net\/tr\/wp-json\/wp\/v2\/product\/16422","targetHints":{"allow":["GET"]}}],"collection":[{"href":"https:\/\/www.hydraulic-cylinders.net\/tr\/wp-json\/wp\/v2\/product"}],"about":[{"href":"https:\/\/www.hydraulic-cylinders.net\/tr\/wp-json\/wp\/v2\/types\/product"}],"replies":[{"embeddable":true,"href":"https:\/\/www.hydraulic-cylinders.net\/tr\/wp-json\/wp\/v2\/comments?post=16422"}],"wp:featuredmedia":[{"embeddable":true,"href":"https:\/\/www.hydraulic-cylinders.net\/tr\/wp-json\/wp\/v2\/media\/14766"}],"wp:attachment":[{"href":"https:\/\/www.hydraulic-cylinders.net\/tr\/wp-json\/wp\/v2\/media?parent=16422"}],"wp:term":[{"taxonomy":"product_brand","embeddable":true,"href":"https:\/\/www.hydraulic-cylinders.net\/tr\/wp-json\/wp\/v2\/product_brand?post=16422"},{"taxonomy":"product_cat","embeddable":true,"href":"https:\/\/www.hydraulic-cylinders.net\/tr\/wp-json\/wp\/v2\/product_cat?post=16422"},{"taxonomy":"product_tag","embeddable":true,"href":"https:\/\/www.hydraulic-cylinders.net\/tr\/wp-json\/wp\/v2\/product_tag?post=16422"}],"curies":[{"name":"wp","href":"https:\/\/api.w.org\/{rel}","templated":true}]}}