{"id":16424,"date":"2025-01-20T09:14:29","date_gmt":"2025-01-20T09:14:29","guid":{"rendered":"https:\/\/www.hydraulic-cylinders.net\/product\/arm-cylinderfor-zoomlion-middle-excavator-ze205e\/"},"modified":"2025-01-20T09:14:31","modified_gmt":"2025-01-20T09:14:31","slug":"arm-cylinderfor-zoomlion-middle-excavator-ze205e","status":"publish","type":"product","link":"https:\/\/www.hydraulic-cylinders.net\/tr\/urun\/arm-cylinderfor-zoomlion-middle-excavator-ze205e\/","title":{"rendered":"Zoomlion ZE205E Orta Ekskavat\u00f6r i\u00e7in Kol Silindiri"},"content":{"rendered":"<h2>Zoomlion ZE205E Orta Ekskavat\u00f6r \u0130\u00e7in Kol Silindiri<\/h2>\n<p>Kol silindiri, ekskavat\u00f6rler, vin\u00e7ler ve robot kollar\u0131 gibi \u00e7e\u015fitli makinelerin koluna do\u011frusal hareket ve g\u00fc\u00e7 sa\u011flayan \u00f6zel olarak tasarlanm\u0131\u015f bir hidrolik silindirdir. Hidrolik sistemlerde \u00e7ok \u00f6nemli bir rol oynayarak, ata\u015fmanlar\u0131n veya aksesuarlar\u0131n verimli hareketini ve kontrol\u00fcn\u00fc sa\u011flar. Bu silindirler sadece d\u00fczg\u00fcn hareket sa\u011flamakla kalmaz, ayn\u0131 zamanda a\u011f\u0131r y\u00fckleri de ta\u015f\u0131yarak, \u00e7e\u015fitli \u00e7al\u0131\u015fma ko\u015fullar\u0131 alt\u0131nda makinelerin verimli \u00e7al\u0131\u015fmas\u0131n\u0131 ve g\u00fcvenilirli\u011fini garanti eder.<\/p>\n<p><img decoding=\"async\" src=\"https:\/\/www.hydraulic-cylinders.net\/wp-content\/uploads\/2025\/01\/songte-company-2.webp\"><\/p>\n<h3>Kol Silindirinin \u00d6zellikleri<\/h3>\n<ol>\n<li>Y\u00fcksek Verimli G\u00fc\u00e7 Aktar\u0131m\u0131: Kol silindiri, g\u00fc\u00e7l\u00fc do\u011frusal hareket ve kuvvet sa\u011flayarak robotik kolun \u00e7e\u015fitli i\u015flemlerde y\u00fcksek performans yeteneklerine sahip olmas\u0131n\u0131 garanti eder.<\/li>\n<li>Hassas Kontrol: Hidrolik sistem sayesinde, kol silindiri hassas hareket kontrol\u00fc sa\u011flayarak ata\u015fmanlar\u0131n \u00e7al\u0131\u015fmas\u0131n\u0131 daha esnek ve do\u011fru hale getirir.<\/li>\n<li>Y\u00fcksek Dayan\u0131kl\u0131l\u0131k: Kol silindirleri genellikle y\u00fcksek mukavemetli malzemelerden \u00fcretilir ve zorlu ortamlarda uzun s\u00fcreli kullan\u0131m i\u00e7in uygun, m\u00fckemmel a\u015f\u0131nma ve korozyon direnci sunar.<\/li>\n<li>\u00c7ok Fonksiyonlu Uyarlanabilirlik: Bu silindirler, ekskavat\u00f6rler, vin\u00e7ler ve robotik kollar gibi \u00e7e\u015fitli makinelerde yayg\u0131n olarak kullan\u0131labilir ve farkl\u0131 i\u015f gereksinimlerine uyum sa\u011flayabilir.<\/li>\n<li>Kolay Bak\u0131m: Tasar\u0131m, bak\u0131m ve de\u011fi\u015ftirme kolayl\u0131\u011f\u0131n\u0131 g\u00f6z \u00f6n\u00fcnde bulundurarak d\u00fczenli kontrolleri ve bak\u0131m\u0131 kolayla\u015ft\u0131r\u0131r ve ekipman ar\u0131za s\u00fcresini azalt\u0131r.<\/li>\n<\/ol>\n<p><img decoding=\"async\" src=\"https:\/\/www.hydraulic-cylinders.net\/wp-content\/uploads\/2025\/01\/songte-oil-pipes-and-spare-parts.webp\"><\/p>\n<h3>Kol Silindirinin Uygulamalar\u0131<\/h3>\n<p>Kol silindiri \u00e7e\u015fitli alanlarda uygulama alan\u0131 bulmaktad\u0131r:<\/p>\n<ol>\n<li>\u0130n\u015faat M\u00fchendisli\u011fi: Ekskavat\u00f6rlerde ve vin\u00e7lerde, kol silindiri, toprak i\u015fleri, malzeme ta\u015f\u0131ma ve yap\u0131 montaj\u0131 i\u00e7in kep\u00e7enin veya bomun hareketini kontrol eder.<\/li>\n<li>\u0130malat Sanayi: Otomatik \u00fcretim hatlar\u0131nda, kol silindiri, montaj, kaynak ve malzeme ta\u015f\u0131ma i\u015flemlerinde robot kollar\u0131n\u0131n hareketini kolayla\u015ft\u0131rarak \u00fcretim verimlili\u011fini ve do\u011frulu\u011funu art\u0131r\u0131r.<\/li>\n<li>Tar\u0131m Makinalar\u0131: Bi\u00e7erd\u00f6ver ve ekim makinesi gibi tar\u0131m ekipmanlar\u0131nda kol silindiri, ekim, g\u00fcbreleme ve hasat gibi g\u00f6revlerde \u00e7al\u0131\u015fan kollar\u0131n hareketini kontrol eder.<\/li>\n<li>Madencilik: Madencilik ekipmanlar\u0131nda kol silindiri, cevher \u00e7\u0131karma ve ta\u015f\u0131ma i\u00e7in kol hareketini kontrol eder.<\/li>\n<li>Lojistik ve Ta\u015f\u0131mac\u0131l\u0131k: Forkliftlerde ve ta\u015f\u0131ma robotlar\u0131nda kol silindiri, \u00e7atallar\u0131n kald\u0131r\u0131lmas\u0131n\u0131 ve hareketini kontrol ederek malzeme ta\u015f\u0131ma ve istiflemeyi sa\u011flar.<\/li>\n<\/ol>\n<h3>Tasar\u0131m Hususlar\u0131 ve Se\u00e7im Kriterleri<\/h3>\n<p>Kol silindirlerinin tasar\u0131m\u0131 ve se\u00e7imi yap\u0131l\u0131rken \u00e7e\u015fitli fakt\u00f6rler g\u00f6z \u00f6n\u00fcnde bulundurulmal\u0131d\u0131r:<\/p>\n<ol>\n<li>Ta\u015f\u0131ma Kapasitesi: Silindir, beklenen y\u00fckleri ar\u0131za yapmadan ta\u015f\u0131yabilmelidir.<\/li>\n<li>S\u0131zd\u0131rmazl\u0131k: Uygun s\u0131zd\u0131rmazl\u0131\u011f\u0131 sa\u011flamak ve s\u0131z\u0131nt\u0131y\u0131 \u00f6nlemek i\u00e7in piston contalar\u0131 ve mil contalar\u0131 gibi \u00e7e\u015fitli s\u0131zd\u0131rmazl\u0131k elemanlar\u0131 kullan\u0131lmal\u0131d\u0131r.<\/li>\n<li>Dayan\u0131kl\u0131l\u0131k: Silindir g\u00f6vdesi ve di\u015fli u\u00e7lar, a\u015f\u0131nma direncini art\u0131rmak i\u00e7in ince bir i\u015flemden ge\u00e7irilmelidir.<\/li>\n<li>G\u00fcvenlik: A\u015f\u0131r\u0131 y\u00fcklenmeyi \u00f6nlemek ve operat\u00f6r g\u00fcvenli\u011fini sa\u011flamak i\u00e7in bas\u0131n\u00e7 tahliye vanalar\u0131 gibi g\u00fcvenlik \u00f6zellikleri eklenmelidir.<\/li>\n<li>Bak\u0131m Kolayl\u0131\u011f\u0131: Bak\u0131m ve d\u00fczenli ya\u011flama i\u00e7in kolay eri\u015fim g\u00f6z \u00f6n\u00fcnde bulundurulmal\u0131, bu da ar\u0131za s\u00fcresini azaltarak silindirin \u00f6mr\u00fcn\u00fc uzatacakt\u0131r.<\/li>\n<\/ol>\n<p><img decoding=\"async\" src=\"https:\/\/www.hydraulic-cylinders.net\/wp-content\/uploads\/2025\/01\/songte-cylinder-head-with-all-kinds-excavator-models.webp\"><\/p>\n<h3>S\u0131zd\u0131rmazl\u0131k ve Ya\u011flama<\/h3>\n<p>Kol silindiri, poli\u00fcretan ve nitril kau\u00e7uk gibi a\u015f\u0131nmaya dayan\u0131kl\u0131 malzemelerden yap\u0131lm\u0131\u015f piston contalar\u0131 ve mil contalar\u0131 gibi \u00e7e\u015fitli contalar kullan\u0131r. Silindir g\u00f6vdesi ve di\u015fli u\u00e7lar\u0131, a\u015f\u0131nma direncini art\u0131rmak i\u00e7in titiz bir i\u015flemden ge\u00e7irilir. Sorunsuz \u00e7al\u0131\u015fma sa\u011flamak ve s\u00fcrt\u00fcnmeyi azaltmak i\u00e7in uygun hidrolik ya\u011f ile d\u00fczenli ya\u011flama gereklidir.<\/p>\n<h3>D\u00fczenli Muayene ve \u00d6nleyici Bak\u0131m \u00d6nlemleri<\/h3>\n<p>En iyi performans\u0131 korumak i\u00e7in d\u00fczenli denetimler ve \u00f6nleyici bak\u0131m \u015fartt\u0131r:<\/p>\n<ol>\n<li>Contalar\u0131 kontrol edin ve a\u015f\u0131nm\u0131\u015f veya hasarl\u0131ysa de\u011fi\u015ftirin.<\/li>\n<li>S\u0131z\u0131nt\u0131 olup olmad\u0131\u011f\u0131n\u0131 kontrol edin ve varsa s\u0131z\u0131nt\u0131lar\u0131 derhal onar\u0131n.<\/li>\n<li>Silindir g\u00f6vdesinde a\u015f\u0131nma veya korozyon belirtileri olup olmad\u0131\u011f\u0131n\u0131 kontrol edin.<\/li>\n<li>T\u00fcm hareketli par\u00e7alar\u0131n uygun \u015fekilde ya\u011fland\u0131\u011f\u0131ndan emin olun.<\/li>\n<li>Gev\u015fek ba\u011flant\u0131lar\u0131 s\u0131k\u0131n.<\/li>\n<\/ol>\n<h3>\u00dcr\u00fcn Kurulum K\u0131lavuzu<\/h3>\n<p>Kol silindirinin performans\u0131 ve uzun \u00f6mr\u00fc i\u00e7in do\u011fru montaj \u00e7ok \u00f6nemlidir. \u015eu ad\u0131mlar\u0131 izleyin:<\/p>\n<ol>\n<li>Montaj y\u00fczeyinin temiz ve kal\u0131nt\u0131lardan ar\u0131nd\u0131r\u0131lm\u0131\u015f oldu\u011fundan emin olun.<\/li>\n<li>Silindiri montaj delikleriyle hizalay\u0131n ve uygun c\u0131vatalarla sabitleyin.<\/li>\n<li>Hidrolik hortumlar\u0131 veya borular\u0131 silindirin ba\u011flant\u0131 noktalar\u0131na ba\u011flay\u0131n.<\/li>\n<li>S\u0131z\u0131nt\u0131 olup olmad\u0131\u011f\u0131n\u0131 kontrol edin ve gerekirse ba\u011flant\u0131lar\u0131 s\u0131k\u0131n.<\/li>\n<li>Silindirin d\u00fczg\u00fcn \u00e7al\u0131\u015f\u0131p \u00e7al\u0131\u015fmad\u0131\u011f\u0131n\u0131 test edin.<\/li>\n<\/ol>\n<p><img decoding=\"async\" src=\"https:\/\/www.hydraulic-cylinders.net\/wp-content\/uploads\/2025\/01\/songte-bushings-with-all-kinds-of-excavator-models.webp\"><\/p>\n<h3>G\u00fcvenlik Hususlar\u0131 ve \u00c7evresel Fakt\u00f6rler<\/h3>\n<p>Kol silindirini kullan\u0131rken, kazalar\u0131 \u00f6nlemek ve operat\u00f6r\u00fcn g\u00fcvenli\u011fini sa\u011flamak i\u00e7in g\u00fcvenlik \u00f6nlemlerine uymak \u00e7ok \u00f6nemlidir. Do\u011fru e\u011fitim ve g\u00fcvenlik y\u00f6nergelerine uymak, riskleri azaltmak i\u00e7in gereklidir. Ayr\u0131ca, \u00e7evresel fakt\u00f6rleri dikkate almak ve ilgili d\u00fczenlemelere uymak, s\u00fcrd\u00fcr\u00fclebilir ve sorumlu bir i\u015fletmeye katk\u0131da bulunur.<\/p>\n<h3>Ar\u0131za Te\u015fhisi ve Yayg\u0131n Sorunlar<\/h3>\n<p>Kol silindirlerinde ortaya \u00e7\u0131kabilecek yayg\u0131n sorunlar \u015funlard\u0131r:<\/p>\n<ol>\n<li>S\u0131z\u0131nt\u0131: Contalar\u0131 ve ba\u011flant\u0131lar\u0131 s\u0131z\u0131nt\u0131 a\u00e7\u0131s\u0131ndan kontrol edin ve a\u015f\u0131nm\u0131\u015f contalar\u0131 de\u011fi\u015ftirin.<\/li>\n<li>Yava\u015f veya Sars\u0131nt\u0131l\u0131 Hareket: Hidrolik s\u0131v\u0131 seviyelerini kontrol edin, t\u0131kan\u0131kl\u0131klar\u0131 tespit edin ve uygun ya\u011flamay\u0131 sa\u011flay\u0131n.<\/li>\n<li>G\u00fc\u00e7 Kayb\u0131: Hidrolik bas\u0131nc\u0131 kontrol edin, valfleri inceleyin ve silindirin do\u011fru \u015fekilde ba\u011fl\u0131 oldu\u011fundan emin olun.<\/li>\n<\/ol>\n<p>Bu sorunlar\u0131 gidermek i\u00e7in a\u015fa\u011f\u0131daki ad\u0131mlar\u0131 g\u00f6z \u00f6n\u00fcnde bulundurun:<\/p>\n<ol>\n<li>\u00d6zel sorun giderme prosed\u00fcrleri i\u00e7in \u00fcreticinin dok\u00fcman\u0131na bak\u0131n.<\/li>\n<li>\u0130lgili t\u00fcm par\u00e7alar\u0131 hasar veya ar\u0131za a\u00e7\u0131s\u0131ndan kontrol edin.<\/li>\n<li>Sorunun temel nedenini belirlemek i\u00e7in testler ve \u00f6l\u00e7\u00fcmler yap\u0131n.<\/li>\n<li>Gerekirse hidrolik uzmanlar\u0131na dan\u0131\u015f\u0131n veya profesyonel yard\u0131m al\u0131n.<\/li>\n<li>Sorunu \u00e7\u00f6zmek ve gelecekte tekrar ya\u015fanmas\u0131n\u0131 \u00f6nlemek i\u00e7in uygun \u00e7\u00f6z\u00fcmler uygulay\u0131n.<\/li>\n<\/ol>\n<p><img decoding=\"async\" src=\"https:\/\/www.hydraulic-cylinders.net\/wp-content\/uploads\/2025\/01\/songte-chushion-collar.webp\"><\/p>\n<p>Makaleyi mant\u0131ksal olarak d\u00fczenlemeyi ve kolay gezinme i\u00e7in alt ba\u015fl\u0131klar kullanmay\u0131 unutmay\u0131n. Anla\u015f\u0131l\u0131rl\u0131\u011f\u0131 art\u0131rmak i\u00e7in ilgili g\u00f6rseller veya grafikler ekleyin. \u0130\u00e7eri\u011fin a\u00e7\u0131k, \u00f6z ve farkl\u0131 teknik bilgi seviyelerine sahip okuyucular i\u00e7in uygun oldu\u011fundan emin olun.<\/p>\n<p>Yazar: lyl<\/p>\n<hr>\n<h2>\u015eirketimiz Hakk\u0131nda<\/h2>\n<p>Profesyonel bir hidrolik silindir yedek par\u00e7a \u00fcreticisiyiz ve geni\u015f bir \u00fcr\u00fcn yelpazesi sunuyoruz. Yurti\u00e7i ve yurtd\u0131\u015f\u0131 pazarlarda \u00f6nde gelen hidrolik silindir \u00fcreticilerinden ve toptanc\u0131lar\u0131ndan biri haline geldik. M\u00fckemmellik ilkesiyle hareket ederek, ince i\u015f\u00e7ilik gerektiren \u00fcretim at\u00f6lyeleri ve end\u00fcstriyel \u00fcretim y\u00f6netim stratejileriyle teknik uzmanl\u0131\u011f\u0131m\u0131z\u0131 ve \u00fcretim verimlili\u011fimizi s\u00fcrekli olarak geli\u015ftiriyoruz. Geli\u015fmi\u015f dijital \u00fcretim ekipmanlar\u0131 ve profesyonel test sistemleri kullanarak \u00fcretim platformumuzu optimize ediyor ve \u00fcr\u00fcn kalite kontrol s\u00fcre\u00e7lerimizi iyile\u015ftirerek g\u00fc\u00e7l\u00fc inovasyon yetenekleri sergiliyoruz. Amac\u0131m\u0131z, verimlilik, hassasiyet ve y\u00fcksek kaliteli \u00fcr\u00fcnlerle \u00e7e\u015fitli m\u00fc\u015fteri taleplerini kar\u015f\u0131lamakt\u0131r.<\/p>\n<p><img decoding=\"async\" src=\"https:\/\/www.hydraulic-cylinders.net\/wp-content\/uploads\/2025\/01\/songte-company-4.webp\"><br \/>\n<img decoding=\"async\" src=\"https:\/\/www.hydraulic-cylinders.net\/wp-content\/uploads\/2025\/01\/songte-company-3.webp\"><\/p>\n<p>\u015eirketimiz a\u015fa\u011f\u0131daki \u00f6zellikleriyle sekt\u00f6rde \u00f6ne \u00e7\u0131kmaktad\u0131r:<\/p>\n<ol>\n<li>Profesyonellik: Hidrolik silindir imalat\u0131 ve tasar\u0131m\u0131 konusunda geni\u015f bilgi ve deneyime sahip uzmanlardan olu\u015fan bir ekibimiz var.<\/li>\n<li>Uluslararas\u0131 Sertifikalar: \u00dcr\u00fcnlerimiz uluslararas\u0131 kalite ve g\u00fcvenlik standartlar\u0131na uygundur, g\u00fcvenilirlik ve m\u00fc\u015fteri memnuniyetini garanti eder.<\/li>\n<li>\u00d6zelle\u015ftirme Hizmetleri: M\u00fc\u015fterilerimizin \u00f6zel gereksinimlerini kar\u015f\u0131lamak \u00fczere \u00f6zel \u00e7\u00f6z\u00fcmler sunarak esneklik ve \u00fcst\u00fcn m\u00fc\u015fteri hizmeti sa\u011fl\u0131yoruz.<\/li>\n<li>Geli\u015fmi\u015f \u00dcretim Ekipmanlar\u0131: \u00dcretim s\u00fcre\u00e7lerimizde hassasiyet ve verimlilik sa\u011flamak i\u00e7in en son teknolojiye sahip \u00fcretim ekipmanlar\u0131 kullan\u0131yoruz.<\/li>\n<li>Sat\u0131\u015f Sonras\u0131 Hizmet: Teknik yard\u0131m, bak\u0131m rehberli\u011fi ve m\u00fc\u015fteri sorular\u0131na zaman\u0131nda yan\u0131t verme dahil olmak \u00fczere kapsaml\u0131 sat\u0131\u015f sonras\u0131 destek sunuyoruz.<\/li>","protected":false},"excerpt":{"rendered":"<p>Arm Cylinder For Zoomlion Middle Excavator ZE205E Arm Cylinder is a specially designed hydraulic cylinder that provides linear motion and power for the arm of various machinery, such as excavators, cranes, and robotic arms. It plays a crucial role in hydraulic systems, allowing for efficient movement and control of attachments or accessories. These cylinders not [&hellip;]<\/p>","protected":false},"featured_media":14759,"comment_status":"open","ping_status":"closed","template":"","meta":{"_et_pb_use_builder":"","_et_pb_old_content":"","_et_gb_content_width":""},"product_brand":[],"product_cat":[1497],"product_tag":[1498,1496],"class_list":{"0":"post-16424","1":"product","2":"type-product","3":"status-publish","4":"has-post-thumbnail","6":"product_cat-arm-cylinders","7":"product_tag-arm-cylinders","8":"product_tag-hydraulic-cylinders","10":"first","11":"instock","12":"shipping-taxable","13":"product-type-simple"},"amp_enabled":true,"_links":{"self":[{"href":"https:\/\/www.hydraulic-cylinders.net\/tr\/wp-json\/wp\/v2\/product\/16424","targetHints":{"allow":["GET"]}}],"collection":[{"href":"https:\/\/www.hydraulic-cylinders.net\/tr\/wp-json\/wp\/v2\/product"}],"about":[{"href":"https:\/\/www.hydraulic-cylinders.net\/tr\/wp-json\/wp\/v2\/types\/product"}],"replies":[{"embeddable":true,"href":"https:\/\/www.hydraulic-cylinders.net\/tr\/wp-json\/wp\/v2\/comments?post=16424"}],"wp:featuredmedia":[{"embeddable":true,"href":"https:\/\/www.hydraulic-cylinders.net\/tr\/wp-json\/wp\/v2\/media\/14759"}],"wp:attachment":[{"href":"https:\/\/www.hydraulic-cylinders.net\/tr\/wp-json\/wp\/v2\/media?parent=16424"}],"wp:term":[{"taxonomy":"product_brand","embeddable":true,"href":"https:\/\/www.hydraulic-cylinders.net\/tr\/wp-json\/wp\/v2\/product_brand?post=16424"},{"taxonomy":"product_cat","embeddable":true,"href":"https:\/\/www.hydraulic-cylinders.net\/tr\/wp-json\/wp\/v2\/product_cat?post=16424"},{"taxonomy":"product_tag","embeddable":true,"href":"https:\/\/www.hydraulic-cylinders.net\/tr\/wp-json\/wp\/v2\/product_tag?post=16424"}],"curies":[{"name":"wp","href":"https:\/\/api.w.org\/{rel}","templated":true}]}}