{"id":16425,"date":"2025-01-20T09:14:33","date_gmt":"2025-01-20T09:14:33","guid":{"rendered":"https:\/\/www.hydraulic-cylinders.net\/product\/arm-cylinderfor-zoomlion-middle-excavator-ze210e\/"},"modified":"2025-01-20T09:14:40","modified_gmt":"2025-01-20T09:14:40","slug":"arm-cylinderfor-zoomlion-middle-excavator-ze210e","status":"publish","type":"product","link":"https:\/\/www.hydraulic-cylinders.net\/tr\/urun\/arm-cylinderfor-zoomlion-middle-excavator-ze210e\/","title":{"rendered":"Zoomlion Orta Ekskavat\u00f6r ZE210E i\u00e7in Kol Silindiri"},"content":{"rendered":"<p><!DOCTYPE html><br \/>\n<html><br \/>\n<head><br \/>\n<title>Zoomlion Orta Ekskavat\u00f6r ZE210E i\u00e7in Kol Silindiri<\/title><br \/>\n<\/head><br \/>\n<body><\/p>\n<h1>Zoomlion Orta Ekskavat\u00f6r ZE210E i\u00e7in Kol Silindiri<\/h1>\n<h2>girii\u015f<\/h2>\n<p>Kol silindiri, ekskavat\u00f6rler, vin\u00e7ler ve robotik kollar gibi \u00e7e\u015fitli makinelerin kollar\u0131na do\u011frusal hareket ve g\u00fc\u00e7 sa\u011flayan \u00f6zel olarak tasarlanm\u0131\u015f bir hidrolik silindirdir. Kol silindiri, hidrolik sistemlerde \u00f6nemli bir rol oynar ve ek alet veya ata\u015fmanlar\u0131n verimli bir \u015fekilde hareket etmesini ve kontrol edilmesini sa\u011flar. Bu silindirler sadece d\u00fczg\u00fcn hareket sa\u011flamakla kalmaz, ayn\u0131 zamanda a\u011f\u0131r y\u00fcklere de dayanarak, \u00e7e\u015fitli \u00e7al\u0131\u015fma ko\u015fullar\u0131nda makinelerin verimli ve g\u00fcvenilir \u00e7al\u0131\u015fmas\u0131n\u0131 sa\u011flar.<\/p>\n<h3>Tan\u0131m ve A\u00e7\u0131klama<\/h3>\n<p>Kol silindiri, \u00e7e\u015fitli makinelerin kollar\u0131na do\u011frusal hareket ve g\u00fc\u00e7 sa\u011flamak i\u00e7in \u00f6zel olarak tasarlanm\u0131\u015f bir hidrolik silindirdir. Genellikle ekskavat\u00f6rlerde, vin\u00e7lerde ve robotik kollarda kullan\u0131l\u0131r. Kol silindiri, hidrolik sistemlerde kritik bir rol oynar ve ek alet veya ata\u015fmanlar\u0131n etkili bir \u015fekilde hareket ettirilmesini ve kontrol edilmesini sa\u011flar. Bu silindirler, yumu\u015fak hareketleri ve a\u011f\u0131r y\u00fckleri kald\u0131rabilme yetenekleriyle bilinir ve farkl\u0131 \u00e7al\u0131\u015fma ko\u015fullar\u0131nda makinelerin verimlili\u011fini ve g\u00fcvenilirli\u011fini sa\u011flar.<\/p>\n<p><img decoding=\"async\" src=\"https:\/\/www.hydraulic-cylinders.net\/wp-content\/uploads\/2025\/01\/songte-company-2.webp\" alt=\"Kol Silindiri G\u00f6r\u00fcnt\u00fcs\u00fc\"><\/p>\n<h2>Zoomlion Orta Ekskavat\u00f6r ZE210E i\u00e7in Kol Silindirinin \u00d6zellikleri<\/h2>\n<ul>\n<li><strong>Y\u00fcksek Verimli \u015eanz\u0131man:<\/strong> Kol silindiri g\u00fc\u00e7l\u00fc do\u011frusal hareket ve kuvvet sa\u011flayarak, makine kolunun \u00e7e\u015fitli uygulamalarda y\u00fcksek performansla \u00e7al\u0131\u015fmas\u0131n\u0131 sa\u011flar.<\/li>\n<li><strong>Hassas Kontrol:<\/strong> Hidrolik sistem sayesinde kol silindiri hassas hareket kontrol\u00fc sa\u011flayarak, ek tak\u0131mlar\u0131n daha esnek ve hassas bir \u015fekilde \u00e7al\u0131\u015ft\u0131r\u0131lmas\u0131n\u0131 sa\u011flar.<\/li>\n<li><strong>Dayan\u0131kl\u0131l\u0131k:<\/strong> Kol silindirleri genellikle y\u00fcksek mukavemetli malzemeler kullan\u0131larak \u00fcretilir, bu sayede a\u015f\u0131nma ve korozyona kar\u015f\u0131 olduk\u00e7a diren\u00e7lidirler ve zorlu ortamlarda uzun s\u00fcreli kullan\u0131ma uygundurlar.<\/li>\n<li><strong>\u00c7ok Fonksiyonlu Uyarlanabilirlik:<\/strong> Bu silindirler, ekskavat\u00f6rler, vin\u00e7ler ve robotik kollar dahil olmak \u00fczere \u00e7e\u015fitli mekanik ekipmanlarda yayg\u0131n olarak uygulanabilir ve farkl\u0131 i\u015f gereksinimlerine uyum sa\u011flar.<\/li>\n<li><strong>Kolay Bak\u0131m:<\/strong> Kol silindirlerinin tasar\u0131m\u0131 bak\u0131m ve de\u011fi\u015ftirme kolayl\u0131\u011f\u0131n\u0131 g\u00f6z \u00f6n\u00fcnde bulundurarak d\u00fczenli kontrol ve bak\u0131m\u0131n yap\u0131lmas\u0131n\u0131 kolayla\u015ft\u0131r\u0131r ve ekipman ar\u0131za s\u00fcrelerini azalt\u0131r.<\/li>\n<\/ul>\n<p><img decoding=\"async\" src=\"https:\/\/www.hydraulic-cylinders.net\/wp-content\/uploads\/2025\/01\/songte-oil-pipes-and-spare-parts.webp\" alt=\"Kol Silindiri Yedek Par\u00e7alar\u0131\"><\/p>\n<h2>Zoomlion Orta Ekskavat\u00f6r ZE210E i\u00e7in Kol Silindiri Uygulamalar\u0131<\/h2>\n<h3>1. \u0130n\u015faat M\u00fchendisli\u011fi<\/h3>\n<p>Ekskavat\u00f6rlerde ve vin\u00e7lerde, kol silindirleri toprak i\u015fleri, malzeme ta\u015f\u0131ma ve yap\u0131sal montajlarda kova veya bomlar\u0131n hareketlerini kontrol etmek i\u00e7in kullan\u0131l\u0131r.<\/p>\n<h3>2. \u00dcretim Sanayi<\/h3>\n<p>Otomasyonlu \u00fcretim hatlar\u0131nda, montaj, kaynak ve malzeme ta\u015f\u0131ma gibi s\u00fcre\u00e7lerde robot kollar\u0131n\u0131n hareket ettirilmesi i\u00e7in kol silindirleri kullan\u0131l\u0131r, bu da \u00fcretim verimlili\u011fini ve hassasiyetini art\u0131r\u0131r.<\/p>\n<h3>3. Tar\u0131m Makinalar\u0131<\/h3>\n<p>Bi\u00e7erd\u00f6ver ve ekim makinesi gibi tar\u0131m makinelerinde kol silindirleri, ekim, g\u00fcbreleme ve hasat gibi g\u00f6revlerde \u00e7al\u0131\u015fan kollar\u0131n hareketlerini kontrol eder.<\/p>\n<h3>4. Madencilik<\/h3>\n<p>Madencilik ekipmanlar\u0131nda kol silindirleri, cevher \u00e7\u0131karma ve ta\u015f\u0131ma i\u00e7in madencilik makinelerinin kol hareketlerini kontrol etmek amac\u0131yla kullan\u0131l\u0131r.<\/p>\n<h3>5. Lojistik ve Ta\u015f\u0131mac\u0131l\u0131k<\/h3>\n<p>Forkliftlerde ve ta\u015f\u0131ma robotlar\u0131nda kol silindirleri \u00e7atallar\u0131n kald\u0131r\u0131lmas\u0131n\u0131 ve hareketini kontrol ederek malzeme ta\u015f\u0131ma ve istiflemeyi m\u00fcmk\u00fcn k\u0131lar.<\/p>\n<p><img decoding=\"async\" src=\"https:\/\/www.hydraulic-cylinders.net\/wp-content\/uploads\/2025\/01\/songte-chushion-collar.webp\" alt=\"Kol Silindiri Kullan\u0131mda\"><\/p>\n<h2>Tasar\u0131m Hususlar\u0131 ve Se\u00e7im Kriterleri<\/h2>\n<h3>1. Y\u00fck Ta\u015f\u0131ma Kapasitesi<\/h3>\n<p>Kol silindiri, g\u00fcvenli ve verimli bir \u00e7al\u0131\u015fmay\u0131 garantilemek i\u00e7in belirtilen y\u00fck ta\u015f\u0131ma kapasitesini kar\u015f\u0131layacak \u015fekilde tasarlanmal\u0131d\u0131r.<\/p>\n<h3>2. S\u0131zd\u0131rmazl\u0131k<\/h3>\n<p>Kol silindiri tasar\u0131m\u0131nda piston contalar\u0131 ve piston kolu contalar\u0131 gibi \u00e7e\u015fitli s\u0131zd\u0131rmazl\u0131k elemanlar\u0131 kullan\u0131lmal\u0131d\u0131r. Bu contalar, etkili s\u0131zd\u0131rmazl\u0131k performans\u0131 sa\u011flamak i\u00e7in poli\u00fcretan ve nitril kau\u00e7uk gibi a\u015f\u0131nmaya dayan\u0131kl\u0131 malzemelerden yap\u0131lmal\u0131d\u0131r.<\/p>\n<h3>3. Dayan\u0131kl\u0131l\u0131k<\/h3>\n<p>Kol silindirinin g\u00f6vdesi ve di\u015fli ucu, a\u015f\u0131nma direncini art\u0131rmak i\u00e7in hassas bir i\u015flemden ge\u00e7irilmelidir. Sorunsuz \u00e7al\u0131\u015fma ve uzun \u00f6m\u00fcr sa\u011flamak i\u00e7in uygun hidrolik ya\u011f ile d\u00fczenli ya\u011flama gereklidir.<\/p>\n<h3>4. G\u00fcvenlik<\/h3>\n<p>Kazalar\u0131 \u00f6nlemek ve operat\u00f6r g\u00fcvenli\u011fini sa\u011flamak i\u00e7in kol silindirleri bas\u0131n\u00e7 tahliye valfleri ve a\u015f\u0131r\u0131 y\u00fck koruma mekanizmalar\u0131 gibi g\u00fcvenlik \u00f6zellikleriyle tasarlanmal\u0131d\u0131r.<\/p>\n<h3>5. Bak\u0131m<\/h3>\n<p>Kol silindirlerinin tasar\u0131m\u0131nda, bak\u0131m ve komponentlerin kolay eri\u015filebilirli\u011fi, duru\u015f s\u00fcrelerini en aza indirmek ve d\u00fczenli muayeneleri kolayla\u015ft\u0131rmak i\u00e7in dikkate al\u0131nmal\u0131d\u0131r.<\/p>\n<p><img decoding=\"async\" src=\"https:\/\/www.hydraulic-cylinders.net\/wp-content\/uploads\/2025\/01\/songte-cylinder-head-with-all-kinds-excavator-models.webp\" alt=\"Kol Silindir Kafas\u0131\"><\/p>\n<h2>D\u00fczenli Muayene ve \u00d6nleyici Bak\u0131m \u00d6nlemleri<\/h2>\n<p>Kol silindirinin optimum performans\u0131 ve uzun \u00f6m\u00fcrl\u00fcl\u00fc\u011f\u00fc i\u00e7in d\u00fczenli muayene ve \u00f6nleyici bak\u0131m \u015fartt\u0131r. A\u015fa\u011f\u0131daki \u00f6nlemler al\u0131nmal\u0131d\u0131r:<\/p>\n<ol>\n<li>Kol silindirinde herhangi bir s\u0131z\u0131nt\u0131, a\u015f\u0131nma veya hasar belirtisi olup olmad\u0131\u011f\u0131n\u0131 kontrol edin.<\/li>\n<li>Contalar\u0131 kontrol edin ve gerekirse de\u011fi\u015ftirin.<\/li>\n<li>Kol silindirinin tavsiye edilen hidrolik ya\u011f ile uygun \u015fekilde ya\u011fland\u0131\u011f\u0131ndan emin olun.<\/li>\n<li>Gev\u015fek ba\u011flant\u0131lar\u0131 veya c\u0131vatalar\u0131 s\u0131k\u0131n.<\/li>\n<li>Bas\u0131n\u00e7 ve s\u0131cakl\u0131k okumalar\u0131n\u0131n belirtilen aral\u0131kta oldu\u011fundan emin olmak i\u00e7in bunlar\u0131 do\u011frulay\u0131n.<\/li>\n<\/ol>\n<h2>Zoomlion Orta Ekskavat\u00f6r ZE210E i\u00e7in Kol Silindiri Kurulum K\u0131lavuzu<\/h2>\n<p>Kol silindirini do\u011fru \u015fekilde takmak i\u00e7in \u015fu ad\u0131mlar\u0131 izleyin:<\/p>\n<ol>\n<li>Makinenin kapal\u0131 oldu\u011fundan ve uygun \u015fekilde desteklendi\u011finden emin olun.<\/li>\n<li>Varsa eski kol silindirini, hidrolik hatlar\u0131n\u0131 ay\u0131rarak ve silindiri montaj noktalar\u0131ndan s\u00f6kerek \u00e7\u0131kar\u0131n.<\/li>\n<li>Yeni kol silindirini takmadan \u00f6nce herhangi bir hasar veya kusur olup olmad\u0131\u011f\u0131n\u0131 kontrol edin.<\/li>\n<li>Yeni kol silindirini yerine yerle\u015ftirin ve verilen c\u0131vatalarla sabitleyin.<\/li>\n<li>Hidrolik hatlar\u0131n\u0131 yeniden ba\u011flay\u0131n ve d\u00fczg\u00fcn bir \u015fekilde kapat\u0131ld\u0131\u011f\u0131ndan emin olun.<\/li>\n<li>Kol silindirinin d\u00fczg\u00fcn \u00e7al\u0131\u015ft\u0131\u011f\u0131n\u0131 test edin ve herhangi bir s\u0131z\u0131nt\u0131 olup olmad\u0131\u011f\u0131n\u0131 kontrol edin.<\/li>\n<\/ol>\n<p><img decoding=\"async\" src=\"https:\/\/www.hydraulic-cylinders.net\/wp-content\/uploads\/2025\/01\/songte-bushings-with-all-kinds-of-excavator-models.webp\" alt=\"Kol Silindir Bur\u00e7lar\u0131\"><\/p>\n<h2>G\u00fcvenlik Hususlar\u0131 ve \u00c7evresel Fakt\u00f6rler<\/h2>\n<p>Kol silindirleri kullan\u0131l\u0131rken, kazalar\u0131 \u00f6nlemek ve operat\u00f6r sa\u011fl\u0131\u011f\u0131n\u0131 korumak i\u00e7in g\u00fcvenlik \u00f6nlemlerine \u00f6ncelik vermek \u00e7ok \u00f6nemlidir. G\u00fcvenlik \u00f6nlemleri \u015funlard\u0131r:<\/p>\n<ul>\n<li>Operat\u00f6rlere kol silindiri kullan\u0131m\u0131 ve g\u00fcvenlik protokolleri konusunda uygun e\u011fitimlerin verilmesi.<\/li>\n<li>Potansiyel tehlikeleri belirlemek i\u00e7in kol silindirini d\u00fczenli olarak kontrol edin ve bak\u0131m\u0131n\u0131 yap\u0131n.<\/li>\n<li>Kol silindirini tutarken veya yak\u0131n\u0131nda \u00e7al\u0131\u015f\u0131rken uygun ki\u015fisel koruyucu ekipman (KKD) kullan\u0131n.<\/li>\n<li>T\u00fcm ilgili g\u00fcvenlik y\u00f6netmeliklerine ve y\u00f6nergelerine uymak.<\/li>\n<\/ul>\n<h2>Ar\u0131za Te\u015fhisi ve Yayg\u0131n Sorunlar<\/h2>\n<p>Kol silindirlerinde ortaya \u00e7\u0131kabilecek yayg\u0131n sorunlar \u015funlard\u0131r:<\/p>\n<ul>\n<li>Hidrolik s\u0131v\u0131s\u0131n\u0131n s\u0131zmas\u0131.<\/li>\n<li>Kolun d\u00fczensiz veya sars\u0131nt\u0131l\u0131 hareketi.<\/li>\n<li>Yetersiz kald\u0131rma veya ta\u015f\u0131ma kapasitesi.<\/li>\n<\/ul>\n<p>Bu sorunlar\u0131 gidermek i\u00e7in a\u015fa\u011f\u0131daki sorun giderme ve \u00e7\u00f6z\u00fcmleri g\u00f6z \u00f6n\u00fcnde bulundurun:<\/p>\n<ul>\n<li>T\u00fcm hidrolik ba\u011flant\u0131larda gev\u015fek ba\u011flant\u0131 par\u00e7alar\u0131 veya hasarl\u0131 contalar olup olmad\u0131\u011f\u0131n\u0131 kontrol edin ve gerekirse s\u0131k\u0131n veya de\u011fi\u015ftirin.<\/li>\n<li>Hidrolik s\u0131v\u0131 seviyesini kontrol edin ve gerekirse tamamlay\u0131n.<\/li>\n<li>Hidrolik sistem bas\u0131nc\u0131n\u0131n \u00f6nerilen aral\u0131kta oldu\u011funu do\u011frulay\u0131n.<\/li>\n<li>Sorun devam ederse, daha detayl\u0131 inceleme ve onar\u0131m i\u00e7in profesyonel bir servise ba\u015fvurun.<\/li>\n<\/ul>\n<p><img decoding=\"async\" src=\"https:\/\/www.hydraulic-cylinders.net\/wp-content\/uploads\/2025\/01\/songte-chushion-collar.webp\" alt=\"Ar\u0131za Te\u015fhisi ve Sorun Giderme\"><\/p>\n<h2>\u015eirketimiz Hakk\u0131nda<\/h2>\n<p>Yedek hidrolik silindirlerin profesyonel \u00fcreticisiyiz ve geni\u015f bir \u00fcr\u00fcn yelpazesi sunuyoruz. Yurti\u00e7i ve yurtd\u0131\u015f\u0131 pazarlarda hidrolik silindirlerin \u00f6nde gelen \u00fcreticilerinden ve toptan da\u011f\u0131t\u0131c\u0131lar\u0131ndan biri haline geldik.<\/p>","protected":false},"excerpt":{"rendered":"<p>Arm CylinderFor Zoomlion Middle Excavator ZE210E Arm CylinderFor Zoomlion Middle Excavator ZE210E Introduction An arm cylinder is a specially designed hydraulic cylinder that provides linear motion and power to the arm of various machinery, such as excavators, cranes, and robotic arms. The arm cylinder plays a crucial role in hydraulic systems, enabling the efficient movement [&hellip;]<\/p>","protected":false},"featured_media":14786,"comment_status":"open","ping_status":"closed","template":"","meta":{"_et_pb_use_builder":"","_et_pb_old_content":"","_et_gb_content_width":""},"product_brand":[],"product_cat":[1497],"product_tag":[1498,1496],"class_list":{"0":"post-16425","1":"product","2":"type-product","3":"status-publish","4":"has-post-thumbnail","6":"product_cat-arm-cylinders","7":"product_tag-arm-cylinders","8":"product_tag-hydraulic-cylinders","10":"first","11":"instock","12":"shipping-taxable","13":"product-type-simple"},"amp_enabled":true,"_links":{"self":[{"href":"https:\/\/www.hydraulic-cylinders.net\/tr\/wp-json\/wp\/v2\/product\/16425","targetHints":{"allow":["GET"]}}],"collection":[{"href":"https:\/\/www.hydraulic-cylinders.net\/tr\/wp-json\/wp\/v2\/product"}],"about":[{"href":"https:\/\/www.hydraulic-cylinders.net\/tr\/wp-json\/wp\/v2\/types\/product"}],"replies":[{"embeddable":true,"href":"https:\/\/www.hydraulic-cylinders.net\/tr\/wp-json\/wp\/v2\/comments?post=16425"}],"wp:featuredmedia":[{"embeddable":true,"href":"https:\/\/www.hydraulic-cylinders.net\/tr\/wp-json\/wp\/v2\/media\/14786"}],"wp:attachment":[{"href":"https:\/\/www.hydraulic-cylinders.net\/tr\/wp-json\/wp\/v2\/media?parent=16425"}],"wp:term":[{"taxonomy":"product_brand","embeddable":true,"href":"https:\/\/www.hydraulic-cylinders.net\/tr\/wp-json\/wp\/v2\/product_brand?post=16425"},{"taxonomy":"product_cat","embeddable":true,"href":"https:\/\/www.hydraulic-cylinders.net\/tr\/wp-json\/wp\/v2\/product_cat?post=16425"},{"taxonomy":"product_tag","embeddable":true,"href":"https:\/\/www.hydraulic-cylinders.net\/tr\/wp-json\/wp\/v2\/product_tag?post=16425"}],"curies":[{"name":"wp","href":"https:\/\/api.w.org\/{rel}","templated":true}]}}