{"id":16427,"date":"2025-01-20T09:14:46","date_gmt":"2025-01-20T09:14:46","guid":{"rendered":"https:\/\/www.hydraulic-cylinders.net\/product\/arm-cylinderfor-zoomlion-middle-excavator-ze230elr\/"},"modified":"2025-01-20T09:14:48","modified_gmt":"2025-01-20T09:14:48","slug":"arm-cylinderfor-zoomlion-middle-excavator-ze230elr","status":"publish","type":"product","link":"https:\/\/www.hydraulic-cylinders.net\/tr\/urun\/arm-cylinderfor-zoomlion-middle-excavator-ze230elr\/","title":{"rendered":"Zoomlion Orta Ekskavat\u00f6r ZE230ELR i\u00e7in Kol Silindiri"},"content":{"rendered":"<h1>Zoomlion Orta Ekskavat\u00f6r ZE230ELR i\u00e7in Kol Silindiri<\/h1>\n<h2>Tan\u0131m ve A\u00e7\u0131klama<\/h2>\n<p>Kol Silindiri, ekskavat\u00f6rler, vin\u00e7ler ve robotik kollar gibi \u00e7e\u015fitli makinelerin kollar\u0131na do\u011frusal hareket ve g\u00fc\u00e7 sa\u011flayan \u00f6zel olarak tasarlanm\u0131\u015f bir hidrolik silindirdir. Hidrolik sistemlerde \u00f6nemli bir rol oynar ve ek alet veya ata\u015fmanlar\u0131n etkili bir \u015fekilde hareket etmesini ve kontrol edilmesini sa\u011flar. Bu silindirler, sadece d\u00fczg\u00fcn hareket sa\u011flamakla kalmaz, ayn\u0131 zamanda a\u011f\u0131r y\u00fcklere de dayanarak, \u00e7e\u015fitli \u00e7al\u0131\u015fma ko\u015fullar\u0131nda makinelerin verimli \u00e7al\u0131\u015fmas\u0131n\u0131 ve g\u00fcvenilirli\u011fini sa\u011flar.<\/p>\n<p><img decoding=\"async\" src=\"https:\/\/www.hydraulic-cylinders.net\/wp-content\/uploads\/2025\/01\/songte-company-2.webp\" alt=\"Kol Silindiri G\u00f6r\u00fcnt\u00fcs\u00fc\"><\/p>\n<h2>\u00d6zellikler<\/h2>\n<ul>\n<li><strong>Y\u00fcksek Verimli G\u00fc\u00e7 Aktar\u0131m\u0131:<\/strong> Kol Silindiri g\u00fc\u00e7l\u00fc do\u011frusal hareket ve kuvvet sa\u011flayarak robot kolunun \u00e7e\u015fitli operasyonlarda y\u00fcksek performans g\u00f6stermesini sa\u011flar.<\/li>\n<li><strong>Hassas Kontrol:<\/strong> Hidrolik sistem sayesinde Kol Silindiri hassas hareket kontrol\u00fc sa\u011flayarak, ba\u011fl\u0131 tak\u0131mlar\u0131n \u00e7al\u0131\u015fmas\u0131n\u0131 daha esnek ve hassas hale getirir.<\/li>\n<li><strong>Dayan\u0131kl\u0131l\u0131k:<\/strong> Kol Silindiri genellikle y\u00fcksek mukavemetli malzemeler kullan\u0131larak \u00fcretilir, m\u00fckemmel a\u015f\u0131nma direnci ve korozyon direnci sunar ve bu da onu zorlu ortamlarda uzun s\u00fcreli kullan\u0131ma uygun hale getirir.<\/li>\n<li><strong>\u00c7ok Fonksiyonlu Uyarlanabilirlik:<\/strong> Bu silindirler ekskavat\u00f6rler, vin\u00e7ler ve robotik kollar gibi \u00e7e\u015fitli makinelerde yayg\u0131n olarak kullan\u0131lmakta olup, farkl\u0131 i\u015f gereksinimlerine uyum sa\u011flamaktad\u0131r.<\/li>\n<li><strong>Kolay Bak\u0131m:<\/strong> Kol Silindirinin tasar\u0131m \u00f6zellikleri, bak\u0131m\u0131n\u0131 ve de\u011fi\u015fimini kolayla\u015ft\u0131r\u0131r, d\u00fczenli denetim ve bak\u0131m\u0131 kolayla\u015ft\u0131r\u0131r ve b\u00f6ylece ekipman ar\u0131za s\u00fcresini azalt\u0131r.<\/li>\n<\/ul>\n<p><img decoding=\"async\" src=\"https:\/\/www.hydraulic-cylinders.net\/wp-content\/uploads\/2025\/01\/songte-oil-pipes-and-spare-parts.webp\" alt=\"Kol Silindiri Yedek Par\u00e7alar\u0131\"><\/p>\n<h2>Uygulamalar<\/h2>\n<p>Kol Silindiri \u00e7e\u015fitli end\u00fcstrilerde uygulama alan\u0131 bulmaktad\u0131r:<\/p>\n<ol>\n<li><strong>\u0130n\u015faat M\u00fchendisli\u011fi:<\/strong> Ekskavat\u00f6rlerde ve vin\u00e7lerde Kol Silindiri, toprak i\u015fleri, malzeme ta\u015f\u0131ma ve yap\u0131sal montaj i\u00e7in kova veya bomun hareketini kontrol eder.<\/li>\n<li><strong>\u00dcretim Sanayi:<\/strong> Otomatik \u00fcretim hatlar\u0131nda Kol Silindiri, montaj, kaynak ve malzeme ta\u015f\u0131ma s\u00fcre\u00e7lerinde robot kollar\u0131n\u0131n hareketini kolayla\u015ft\u0131rarak \u00fcretim verimlili\u011fini ve hassasiyetini art\u0131r\u0131r.<\/li>\n<li><strong>Tar\u0131m Makinalar\u0131:<\/strong> Harvester ve mibzer gibi tar\u0131m ekipmanlar\u0131nda Kol Silindiri, ekim, g\u00fcbreleme ve hasat gibi g\u00f6revleri ger\u00e7ekle\u015ftiren \u00e7al\u0131\u015fma kolunun hareketini kontrol eder.<\/li>\n<li><strong>Madencilik:<\/strong> Madencilik ekipmanlar\u0131nda Kol Silindiri, maden makinelerinin kol hareketini kontrol ederek cevherin \u00e7\u0131kar\u0131lmas\u0131n\u0131 ve ta\u015f\u0131nmas\u0131n\u0131 sa\u011flar.<\/li>\n<li><strong>Lojistik ve Ta\u015f\u0131mac\u0131l\u0131k:<\/strong> Forkliftlerde ve ta\u015f\u0131ma robotlar\u0131nda, Kol Silindiri \u00e7atallar\u0131n kald\u0131r\u0131lmas\u0131n\u0131 ve hareketini kontrol ederek malzeme ta\u015f\u0131ma ve istiflemeyi kolayla\u015ft\u0131r\u0131r.<\/li>\n<\/ol>\n<h2>Tasar\u0131m Hususlar\u0131 ve Se\u00e7im Kriterleri<\/h2>\n<ul>\n<li><strong>Y\u00fck Kapasitesi:<\/strong> Kol Silindiri, makinenin \u00e7al\u0131\u015fmas\u0131 s\u0131ras\u0131nda kar\u015f\u0131la\u015faca\u011f\u0131 maksimum y\u00fcke dayanacak \u015fekilde tasarlanmal\u0131d\u0131r.<\/li>\n<li><strong>S\u0131zd\u0131rmazl\u0131k:<\/strong> Uygun s\u0131zd\u0131rmazl\u0131\u011f\u0131 sa\u011flamak i\u00e7in piston contalar\u0131 ve piston kolu contalar\u0131 gibi \u00e7e\u015fitli s\u0131zd\u0131rmazl\u0131k bile\u015fenleri kullan\u0131l\u0131r. Bu contalar, poli\u00fcretan ve nitril kau\u00e7uk gibi a\u015f\u0131nmaya dayan\u0131kl\u0131 malzemelerden \u00fcretilmi\u015ftir. Silindir g\u00f6vdesi ve di\u015fli u\u00e7 y\u00fczeyleri, a\u015f\u0131nma direncini art\u0131rmak i\u00e7in hassas bir \u015fekilde i\u015flenmi\u015ftir.<\/li>\n<li><strong>Dayan\u0131kl\u0131l\u0131k:<\/strong> Kol Silindiri, ama\u00e7lanan uygulaman\u0131n taleplerini kar\u015f\u0131layacak ve uzun bir hizmet \u00f6mr\u00fcne sahip olacak \u015fekilde tasarlanmal\u0131d\u0131r.<\/li>\n<li><strong>Emniyet:<\/strong> A\u015f\u0131r\u0131 bas\u0131n\u00e7tan kaynaklanan kazalar\u0131 \u00f6nlemek i\u00e7in emniyet valfleri ve bas\u0131n\u00e7 tahliye cihazlar\u0131n\u0131n dahil edilmesi gibi g\u00fcvenlik hususlar\u0131 dikkate al\u0131nmal\u0131d\u0131r.<\/li>\n<li><strong>Bak\u0131m kolayl\u0131\u011f\u0131:<\/strong> Tasar\u0131m, bile\u015fenlerin kolay bak\u0131m\u0131na ve de\u011fi\u015ftirilmesine olanak sa\u011flamal\u0131, b\u00f6ylece ar\u0131za s\u00fcreleri azalt\u0131lmal\u0131 ve verimli \u00e7al\u0131\u015fma sa\u011flanmal\u0131d\u0131r.<\/li>\n<\/ul>\n<p><img decoding=\"async\" src=\"https:\/\/www.hydraulic-cylinders.net\/wp-content\/uploads\/2025\/01\/songte-cylinder-head-with-all-kinds-excavator-models.webp\" alt=\"Hidrolik Silindir Kapa\u011f\u0131\"><\/p>\n<h2>S\u0131zd\u0131rmazl\u0131k ve Ya\u011flama<\/h2>\n<p>Kol Silindiri, poli\u00fcretan ve nitril kau\u00e7uk gibi a\u015f\u0131nmaya dayan\u0131kl\u0131 malzemelerden yap\u0131lm\u0131\u015f piston contalar\u0131 ve piston kolu contalar\u0131 gibi \u00e7e\u015fitli s\u0131zd\u0131rmazl\u0131k bile\u015fenleri kullan\u0131r. Silindir g\u00f6vdesi ve di\u015fli u\u00e7 y\u00fczeyleri, a\u015f\u0131nma direncini art\u0131rmak i\u00e7in hassas bir \u015fekilde i\u015flenmi\u015ftir. Sorunsuz \u00e7al\u0131\u015fma sa\u011flamak i\u00e7in uygun miktarda hidrolik ya\u011f ile d\u00fczenli ya\u011flama gereklidir.<\/p>\n<h2>D\u00fczenli Muayene ve \u00d6nleyici Bak\u0131m<\/h2>\n<ul>\n<li>Kol Silindirini d\u00fczenli olarak s\u0131z\u0131nt\u0131, hasar veya a\u015f\u0131nma belirtileri a\u00e7\u0131s\u0131ndan inceleyin.<\/li>\n<li>Uygun ya\u011flamay\u0131 sa\u011flamak ve kirlenmeyi \u00f6nlemek i\u00e7in hidrolik ya\u011f seviyesini ve kalitesini kontrol edin ve koruyun.<\/li>\n<li>Performans\u0131 etkileyebilecek pislik veya kirleri \u00f6nlemek i\u00e7in s\u0131zd\u0131rmazl\u0131k bile\u015fenlerini inceleyin ve temizleyin.<\/li>\n<li>Herhangi bir anormallik veya potansiyel sorunu tespit etmek i\u00e7in silindirin performans\u0131n\u0131 ve \u00e7al\u0131\u015fmas\u0131n\u0131 d\u00fczenli olarak izleyin.<\/li>\n<li>\u00dcretici taraf\u0131ndan \u00f6nerilen bak\u0131m program\u0131n\u0131 izleyin.<\/li>\n<\/ul>\n<h2>\u00dcr\u00fcn Kurulum K\u0131lavuzu<\/h2>\n<p>Optimum performans ve g\u00fcvenlik i\u00e7in Kol Silindirinin do\u011fru \u015fekilde tak\u0131lmas\u0131 \u00e7ok \u00f6nemlidir. A\u015fa\u011f\u0131daki ad\u0131mlar\u0131 izleyin:<\/p>\n<ol>\n<li>Kurulum i\u00e7in gerekli ekipman ve aletleri haz\u0131rlay\u0131n.<\/li>\n<li>Makinenin g\u00fcvenli bir \u015fekilde konumland\u0131r\u0131ld\u0131\u011f\u0131ndan ve kapal\u0131 oldu\u011fundan emin olun.<\/li>\n<li>De\u011fi\u015ftirilmesi gereken mevcut silindiri veya par\u00e7alar\u0131 \u00e7\u0131kar\u0131n.<\/li>\n<li>Kol Silindirini belirlenen montaj noktalar\u0131na g\u00fcvenli bir \u015fekilde tak\u0131n.<\/li>\n<li>Hidrolik hortumlar\u0131 ve ba\u011flant\u0131 par\u00e7alar\u0131n\u0131 \u00fcreticinin talimatlar\u0131na g\u00f6re ba\u011flay\u0131n.<\/li>\n<li>T\u00fcm ba\u011flant\u0131lar\u0131 s\u0131k\u0131n ve s\u0131z\u0131nt\u0131 olmad\u0131\u011f\u0131ndan emin olun.<\/li>\n<li>Silindirin i\u015flevselli\u011fini test edin ve gerekli ayarlamalar\u0131 yap\u0131n.<\/li>\n<li>Do\u011fruland\u0131ktan sonra makineyi \u00e7al\u0131\u015ft\u0131r\u0131n ve Kol Silindirinin \u00e7al\u0131\u015fmas\u0131n\u0131 g\u00f6zlemleyin.<\/li>\n<\/ol>\n<p><img decoding=\"async\" src=\"https:\/\/www.hydraulic-cylinders.net\/wp-content\/uploads\/2025\/01\/songte-bushings-with-all-kinds-of-excavator-models.webp\" alt=\"Hidrolik Silindir Bur\u00e7lar\u0131\"><\/p>\n<h2>G\u00fcvenlik Hususlar\u0131 ve \u00c7evresel Fakt\u00f6rler<\/h2>\n<p>Kol Silindiri kullan\u0131l\u0131rken, g\u00fcvenlik \u00f6nlemlerine \u00f6ncelik vermek \u00e7ok \u00f6nemlidir. Kazalar\u0131 \u00f6nlemek ve operat\u00f6rlerin ve \u00e7evredeki personelin sa\u011fl\u0131\u011f\u0131n\u0131 korumak i\u00e7in yeterli g\u00fcvenlik \u00f6nlemleri al\u0131nmal\u0131d\u0131r. Uygun malzemelerin se\u00e7ilmesi ve uygun koruyucu \u00f6nlemlerin uygulanmas\u0131 i\u00e7in s\u0131cakl\u0131k ve zorlu ko\u015fullara maruz kalma gibi \u00e7evresel fakt\u00f6rler de dikkate al\u0131nmal\u0131d\u0131r.<\/p>\n<h2>Sorun Giderme ve Yayg\u0131n Sorunlar<\/h2>\n<p>Kol Silindiri ile ilgili ortaya \u00e7\u0131kabilecek yayg\u0131n sorunlar aras\u0131nda s\u0131z\u0131nt\u0131, yetersiz g\u00fc\u00e7, tutars\u0131z hareket ve anormal sesler bulunur. Bu sorunlar\u0131 te\u015fhis etmek ve gidermek i\u00e7in:<\/p>\n<ul>\n<li>G\u00f6zlemlenen semptomlara dayanarak belirli sorunu tan\u0131mlay\u0131n.<\/li>\n<li>Yard\u0131m i\u00e7in \u00fcreticinin sorun giderme k\u0131lavuzuna bak\u0131n veya teknik destek ekibiyle ileti\u015fime ge\u00e7in.<\/li>\n<li>K\u00f6k nedeni belirlemek i\u00e7in \u00f6nerilen sorun giderme ad\u0131mlar\u0131n\u0131 izleyin.<\/li>\n<li>Sorunu \u00e7\u00f6zmek i\u00e7in hatal\u0131 contalar\u0131 de\u011fi\u015ftirmek veya bas\u0131n\u00e7 ayarlar\u0131n\u0131 de\u011fi\u015ftirmek gibi uygun \u00e7\u00f6z\u00fcmleri uygulay\u0131n.<\/li>\n<\/ul>\n<p><img decoding=\"async\" src=\"https:\/\/www.hydraulic-cylinders.net\/wp-content\/uploads\/2025\/01\/songte-chushion-collar.webp\" alt=\"Hidrolik Silindir Yakas\u0131\"><\/p>\n<p>Bu sorun giderme ipu\u00e7lar\u0131n\u0131 ve \u00f6nleyici tedbirleri izleyerek okuyucular, Kol Silindiri ile ilgili sorunlar\u0131 etkili bir \u015fekilde te\u015fhis edebilir ve \u00e7\u00f6zebilir, olas\u0131 sorunlar\u0131 en aza indirebilir ve sorunsuz \u00e7al\u0131\u015fmay\u0131 sa\u011flayabilirler.<\/p>\n<h2>\u015eirketimiz Hakk\u0131nda<\/h2>\n<p>Geni\u015f bir \u00fcr\u00fcn yelpazesine sahip profesyonel bir yedek hidrolik silindir \u00fcreticisiyiz. Yurt i\u00e7i ve yurt d\u0131\u015f\u0131 pazarlarda lider hidrolik silindir \u00fcreticilerinden ve toptan da\u011f\u0131t\u0131mc\u0131lar\u0131ndan biri haline geldik. M\u00fckemmelli\u011fe olan ba\u011fl\u0131l\u0131\u011f\u0131m\u0131z, teknik yeteneklerimizi ve \u00fcretim verimlili\u011fimizi s\u00fcrekli iyile\u015ftiren hassas \u00fcretim at\u00f6lyemize ve end\u00fcstriyel \u00fcretim y\u00f6netimi stratejilerimize yans\u0131yor.<\/p>\n<p>\u00dcst d\u00fczey dijital \u00fcretim ekipmanlar\u0131 ve profesyonel test sistemleri sunarak \u00fcretim platformumuzu optimize ediyor, \u00fcr\u00fcn kalite kontrol s\u00fcre\u00e7lerimizi iyile\u015ftiriyor ve g\u00fc\u00e7l\u00fc inovasyon yeteneklerine sahibiz. Amac\u0131m\u0131z, verimlilik, do\u011fruluk ve y\u00fcksek kalite ilkeleriyle m\u00fc\u015fterilerimizin \u00e7e\u015fitli ihtiya\u00e7lar\u0131n\u0131 kar\u015f\u0131lamakt\u0131r.<\/p>\n<p><img decoding=\"async\" src=\"https:\/\/www.hydraulic-cylinders.net\/wp-content\/uploads\/2025\/01\/songte-company-4.webp\" alt=\"\u015eirket \u0130maj\u0131\"><br \/>\n<img decoding=\"async\" src=\"https:\/\/www.hydraulic-cylinders.net\/wp-content\/uploads\/2025\/01\/songte-company-3.webp\" alt=\"\u015eirket \u0130maj\u0131\"><\/p>\n<p><em>Yazar: lyl<\/em><\/p>","protected":false},"excerpt":{"rendered":"<p>Arm CylinderFor Zoomlion Middle Excavator ZE230ELR Definition and Explanation The Arm Cylinder is a specially designed hydraulic cylinder that provides linear motion and power to the arm of various machinery, such as excavators, cranes, and robotic arms. It plays a crucial role in hydraulic systems, enabling the effective movement and control of additional tools or [&hellip;]<\/p>","protected":false},"featured_media":14779,"comment_status":"open","ping_status":"closed","template":"","meta":{"_et_pb_use_builder":"","_et_pb_old_content":"","_et_gb_content_width":""},"product_brand":[],"product_cat":[1497],"product_tag":[1498,1496],"class_list":{"0":"post-16427","1":"product","2":"type-product","3":"status-publish","4":"has-post-thumbnail","6":"product_cat-arm-cylinders","7":"product_tag-arm-cylinders","8":"product_tag-hydraulic-cylinders","10":"first","11":"instock","12":"shipping-taxable","13":"product-type-simple"},"amp_enabled":true,"_links":{"self":[{"href":"https:\/\/www.hydraulic-cylinders.net\/tr\/wp-json\/wp\/v2\/product\/16427","targetHints":{"allow":["GET"]}}],"collection":[{"href":"https:\/\/www.hydraulic-cylinders.net\/tr\/wp-json\/wp\/v2\/product"}],"about":[{"href":"https:\/\/www.hydraulic-cylinders.net\/tr\/wp-json\/wp\/v2\/types\/product"}],"replies":[{"embeddable":true,"href":"https:\/\/www.hydraulic-cylinders.net\/tr\/wp-json\/wp\/v2\/comments?post=16427"}],"wp:featuredmedia":[{"embeddable":true,"href":"https:\/\/www.hydraulic-cylinders.net\/tr\/wp-json\/wp\/v2\/media\/14779"}],"wp:attachment":[{"href":"https:\/\/www.hydraulic-cylinders.net\/tr\/wp-json\/wp\/v2\/media?parent=16427"}],"wp:term":[{"taxonomy":"product_brand","embeddable":true,"href":"https:\/\/www.hydraulic-cylinders.net\/tr\/wp-json\/wp\/v2\/product_brand?post=16427"},{"taxonomy":"product_cat","embeddable":true,"href":"https:\/\/www.hydraulic-cylinders.net\/tr\/wp-json\/wp\/v2\/product_cat?post=16427"},{"taxonomy":"product_tag","embeddable":true,"href":"https:\/\/www.hydraulic-cylinders.net\/tr\/wp-json\/wp\/v2\/product_tag?post=16427"}],"curies":[{"name":"wp","href":"https:\/\/api.w.org\/{rel}","templated":true}]}}