{"id":16430,"date":"2025-01-20T09:14:59","date_gmt":"2025-01-20T09:14:59","guid":{"rendered":"https:\/\/www.hydraulic-cylinders.net\/product\/arm-cylinderfor-zoomlion-middle-excavator-ze210e-9\/"},"modified":"2025-01-20T09:15:02","modified_gmt":"2025-01-20T09:15:02","slug":"arm-cylinderfor-zoomlion-middle-excavator-ze210e-9","status":"publish","type":"product","link":"https:\/\/www.hydraulic-cylinders.net\/tr\/urun\/arm-cylinderfor-zoomlion-middle-excavator-ze210e-9\/","title":{"rendered":"Zoomlion Orta Ekskavat\u00f6r ZE210E-9 i\u00e7in Kol Silindiri"},"content":{"rendered":"<p>Zoomlion Orta Ekskavat\u00f6r ZE210E-9 i\u00e7in Kol Silindiri<\/p>\n<p>Kol silindiri, ekskavat\u00f6rler, vin\u00e7ler ve robotik kollar gibi \u00e7e\u015fitli makine t\u00fcrlerinin kollar\u0131na do\u011frusal hareket ve g\u00fc\u00e7 sa\u011flayan \u00f6zel olarak tasarlanm\u0131\u015f bir hidrolik silindirdir. Kol silindiri, hidrolik sistemde \u00f6nemli bir rol oynar ve ata\u015fman ve aksesuarlar\u0131n verimli bir \u015fekilde hareket etmesini ve kontrol edilmesini sa\u011flar. Bu silindirler sadece d\u00fczg\u00fcn hareket sa\u011flamakla kalmaz, ayn\u0131 zamanda a\u011f\u0131r y\u00fcklere de dayanarak, \u00e7e\u015fitli \u00e7al\u0131\u015fma ko\u015fullar\u0131nda makinelerin y\u00fcksek verimlili\u011fini ve g\u00fcvenilirli\u011fini sa\u011flar.<\/p>\n<p>\u00d6zellikler:<\/p>\n<p>1. Y\u00fcksek Verimli \u015eanz\u0131man: Kol silindirleri g\u00fc\u00e7l\u00fc do\u011frusal hareket ve kuvvet sa\u011flayarak \u00e7e\u015fitli operasyonlarda y\u00fcksek verimli performans sa\u011flar.<\/p>\n<p>2. Hassas Kontrol: Kol silindirleri hidrolik sistem arac\u0131l\u0131\u011f\u0131yla hassas hareket kontrol\u00fc sa\u011flayabilir, bu da ata\u015fmanlar\u0131n daha esnek ve hassas \u00e7al\u0131\u015fmas\u0131n\u0131 sa\u011flar.<\/p>\n<p>3. G\u00fc\u00e7l\u00fc Dayan\u0131kl\u0131l\u0131k: Kol silindirleri genellikle iyi a\u015f\u0131nma ve korozyon direncine sahip, zorlu ortamlarda uzun s\u00fcreli kullan\u0131ma uygun, y\u00fcksek mukavemetli malzemelerden yap\u0131l\u0131r.<\/p>\n<p>4. \u00c7ok Fonksiyonlu Uyarlanabilirlik: Bu silindirler, ekskavat\u00f6rler, vin\u00e7ler ve robotik kollar gibi \u00e7e\u015fitli mekanik ekipmanlarda farkl\u0131 \u00e7al\u0131\u015fma ihtiya\u00e7lar\u0131n\u0131 kar\u015f\u0131lamak i\u00e7in yayg\u0131n olarak kullan\u0131labilir.<\/p>\n<p>5. Kolay Bak\u0131m: Tasar\u0131m, kolay bak\u0131m ve de\u011fi\u015ftirmeyi g\u00f6z \u00f6n\u00fcnde bulundurarak d\u00fczenli denetimleri ve bak\u0131m\u0131 daha kolay hale getirir ve ekipman ar\u0131za s\u00fcresini azalt\u0131r.<\/p>\n<p>Uygulamalar:<\/p>\n<p>1. \u0130n\u015faat M\u00fchendisli\u011fi: Kol silindirleri, toprak i\u015fleri, malzeme ta\u015f\u0131ma ve yap\u0131sal montaj i\u00e7in ekskavat\u00f6rlerde ve vin\u00e7lerde kova veya bomlar\u0131n hareketini kontrol etmek i\u00e7in kullan\u0131l\u0131r.<\/p>\n<p>2. \u00dcretim: Kol silindirleri, otomatik \u00fcretim hatlar\u0131nda robot kollar\u0131n\u0131n hareket ettirilmesi, montaj, kaynak ve malzeme ta\u015f\u0131ma s\u00fcre\u00e7lerinde kullan\u0131l\u0131r, \u00fcretim verimlili\u011fini ve do\u011frulu\u011funu art\u0131r\u0131r.<\/p>\n<p>3. Tar\u0131m Makinalar\u0131: Kol silindirleri, bi\u00e7erd\u00f6ver ve ekim makinesi gibi tar\u0131m makinalar\u0131nda ekim, g\u00fcbreleme ve hasat gibi g\u00f6revlerde \u00e7al\u0131\u015fan kollar\u0131n\u0131n hareketini kontrol etmek i\u00e7in kullan\u0131l\u0131r.<\/p>\n<p>4. Madencilik: Kol silindirleri, mineral \u00e7\u0131karma ve ta\u015f\u0131ma i\u00e7in madencilik ekipmanlar\u0131n\u0131n kol hareketini kontrol etmek i\u00e7in kullan\u0131l\u0131r.<\/p>\n<p>5. Lojistik ve Ta\u015f\u0131mac\u0131l\u0131k: Kol silindirleri, malzeme ta\u015f\u0131ma ve istifleme amac\u0131yla forkliftlerde ve ta\u015f\u0131ma robotlar\u0131nda \u00e7atallar\u0131n kald\u0131r\u0131lmas\u0131n\u0131 ve hareketini kontrol etmek i\u00e7in kullan\u0131l\u0131r.<\/p>\n<p>Tasar\u0131m Hususlar\u0131 ve Se\u00e7im Kriterleri:<\/p>\n<p>1. Y\u00fck Ta\u015f\u0131ma Kapasitesi: Kol silindiri, belirli uygulama i\u00e7in gerekli y\u00fck\u00fc ta\u015f\u0131yabilmelidir.<\/p>\n<p>2. S\u0131zd\u0131rmazl\u0131k: Kol silindiri, s\u0131v\u0131 s\u0131z\u0131nt\u0131s\u0131n\u0131 \u00f6nlemek i\u00e7in piston contalar\u0131 ve \u00e7ubuk contalar\u0131 gibi uygun s\u0131zd\u0131rmazl\u0131k cihazlar\u0131yla donat\u0131lmal\u0131d\u0131r.<\/p>\n<p>3. Dayan\u0131kl\u0131l\u0131k: Kol silindirinin malzemeleri ve y\u00fczey i\u015flemi, iyi a\u015f\u0131nma ve korozyon direncini sa\u011flayacak \u015fekilde se\u00e7ilmelidir.<\/p>\n<p>4. G\u00fcvenlik: Kol silindiri kazalar\u0131 \u00f6nleyecek ve g\u00fcvenli \u00e7al\u0131\u015fmay\u0131 sa\u011flayacak \u015fekilde tasarlanmal\u0131d\u0131r.<\/p>\n<p>5. Bak\u0131m: Kol silindiri kolay bak\u0131m ve onar\u0131m yap\u0131labilecek \u015fekilde tasarlanmal\u0131d\u0131r.<\/p>\n<p>S\u0131zd\u0131rmazl\u0131k ve Ya\u011flama:<\/p>\n<p>Kol silindirlerinde s\u0131v\u0131 s\u0131z\u0131nt\u0131s\u0131n\u0131 \u00f6nlemek i\u00e7in piston contalar\u0131 ve piston kolu contalar\u0131 gibi \u00e7e\u015fitli s\u0131zd\u0131rmazl\u0131k bile\u015fenleri kullan\u0131l\u0131r. Silindir g\u00f6vdesi ve di\u015fli u\u00e7 y\u00fczeyleri, a\u015f\u0131nma direncini art\u0131rmak i\u00e7in hassas bir \u015fekilde i\u015flenmi\u015ftir ve uygun hidrolik ya\u011f ile d\u00fczenli ya\u011flama gerektirir.<\/p>\n<p>Kurulum K\u0131lavuzu:<\/p>\n<p>1. Belirli uygulama gereksinimleri i\u00e7in uygun kol silindirini se\u00e7in.<\/p>\n<p>2. \u00dcreticinin talimatlar\u0131na g\u00f6re kol silindirini tak\u0131n ve t\u00fcm montaj c\u0131vatalar\u0131n\u0131n ve somunlar\u0131n\u0131n s\u0131k\u0131ld\u0131\u011f\u0131ndan emin olun.<\/p>\n<p>3. Kol silindirini hidrolik sisteme ba\u011flay\u0131n, do\u011fru s\u0131v\u0131 ak\u0131\u015f\u0131n\u0131 ve bas\u0131nc\u0131n\u0131 sa\u011flay\u0131n.<\/p>\n<p>G\u00fcvenlik Hususlar\u0131 ve \u00c7evresel Fakt\u00f6rler:<\/p>\n<p>Kol silindirini kullan\u0131rken a\u015f\u0131r\u0131 y\u00fcklemeden ka\u00e7\u0131nmak ve hidrolik sistemin do\u011fru \u00e7al\u0131\u015fmas\u0131n\u0131 sa\u011flamak gibi g\u00fcvenlik \u00f6nlemlerine dikkat etmek \u00f6nemlidir. Kol silindirinin se\u00e7imi ve kullan\u0131m\u0131nda s\u0131cakl\u0131k ve nem gibi \u00e7evresel fakt\u00f6rler de dikkate al\u0131nmal\u0131d\u0131r.<\/p>\n<p>Ar\u0131za Te\u015fhisi ve Sorun Giderme:<\/p>\n<p>Kol silindirleriyle ilgili yayg\u0131n sorunlar aras\u0131nda s\u0131v\u0131 s\u0131z\u0131nt\u0131s\u0131, yetersiz kuvvet ve anormal ses bulunur. D\u00fczenli kontroller ve bak\u0131m bu sorunlar\u0131n \u00f6nlenmesine yard\u0131mc\u0131 olabilir. Bu t\u00fcr sorunlar ortaya \u00e7\u0131karsa, nedeni derhal te\u015fhis edilmeli ve bunlar\u0131 \u00e7\u00f6zmek i\u00e7in uygun \u00f6nlemler al\u0131nmal\u0131d\u0131r.<\/p>\n<p>\u015eirket Tan\u0131t\u0131m\u0131:<\/p>\n<p>Yedek hidrolik silindirler alan\u0131nda profesyonel bir \u00fcreticiyiz. Geni\u015f bir \u00fcr\u00fcn yelpazesi sunuyor ve yurt i\u00e7i ve yurt d\u0131\u015f\u0131 pazarlarda lider hidrolik silindir \u00fcreticilerinden ve toptan da\u011f\u0131t\u0131c\u0131lar\u0131ndan biri haline geliyoruz. Her zaman m\u00fckemmel kalite ilkesine ba\u011fl\u0131 kal\u0131yor ve teknik seviyemizi ve \u00fcretim verimlili\u011fimizi s\u00fcrekli iyile\u015ftirmek i\u00e7in kaliteli \u00fcretim at\u00f6lyemizin end\u00fcstriyel \u00fcretim y\u00f6netimi stratejisine g\u00fcveniyoruz. \u00dcst d\u00fczey dijital \u00fcretim ekipmanlar\u0131 ve profesyonel test sistemleri sayesinde \u00fcretim platformumuzu s\u00fcrekli olarak optimize ediyor, \u00fcr\u00fcn kalite kontrol s\u00fcre\u00e7lerini iyile\u015ftiriyor ve g\u00fc\u00e7l\u00fc inovasyon yeteneklerine sahibiz. Amac\u0131m\u0131z, m\u00fc\u015fterilerimizin \u00e7e\u015fitli ihtiya\u00e7lar\u0131n\u0131 y\u00fcksek verimlilik, hassasiyet ve y\u00fcksek kalite prensipleriyle kar\u015f\u0131lamakt\u0131r.<\/p>\n<p>Profesyonelli\u011fimiz, uluslararas\u0131 sertifikalar\u0131m\u0131z, \u00f6zelle\u015ftirilmi\u015f hizmetlerimiz, geli\u015fmi\u015f \u00fcretim ekipmanlar\u0131m\u0131z ve m\u00fckemmel sat\u0131\u015f sonras\u0131 hizmetimizle gurur duyuyoruz.<\/p>\n<p>Yazar: lyl<\/p>","protected":false},"excerpt":{"rendered":"<p>Arm Cylinder for Zoomlion Middle Excavator ZE210E-9 Arm cylinder is a specially designed hydraulic cylinder that provides linear motion and power to the arms of various types of machinery, such as excavators, cranes, and robotic arms. The arm cylinder plays a crucial role in the hydraulic system, enabling the efficient movement and control of attachments [&hellip;]<\/p>","protected":false},"featured_media":14772,"comment_status":"open","ping_status":"closed","template":"","meta":{"_et_pb_use_builder":"","_et_pb_old_content":"","_et_gb_content_width":""},"product_brand":[],"product_cat":[1497],"product_tag":[1498,1496],"class_list":{"0":"post-16430","1":"product","2":"type-product","3":"status-publish","4":"has-post-thumbnail","6":"product_cat-arm-cylinders","7":"product_tag-arm-cylinders","8":"product_tag-hydraulic-cylinders","10":"first","11":"instock","12":"shipping-taxable","13":"product-type-simple"},"amp_enabled":true,"_links":{"self":[{"href":"https:\/\/www.hydraulic-cylinders.net\/tr\/wp-json\/wp\/v2\/product\/16430","targetHints":{"allow":["GET"]}}],"collection":[{"href":"https:\/\/www.hydraulic-cylinders.net\/tr\/wp-json\/wp\/v2\/product"}],"about":[{"href":"https:\/\/www.hydraulic-cylinders.net\/tr\/wp-json\/wp\/v2\/types\/product"}],"replies":[{"embeddable":true,"href":"https:\/\/www.hydraulic-cylinders.net\/tr\/wp-json\/wp\/v2\/comments?post=16430"}],"wp:featuredmedia":[{"embeddable":true,"href":"https:\/\/www.hydraulic-cylinders.net\/tr\/wp-json\/wp\/v2\/media\/14772"}],"wp:attachment":[{"href":"https:\/\/www.hydraulic-cylinders.net\/tr\/wp-json\/wp\/v2\/media?parent=16430"}],"wp:term":[{"taxonomy":"product_brand","embeddable":true,"href":"https:\/\/www.hydraulic-cylinders.net\/tr\/wp-json\/wp\/v2\/product_brand?post=16430"},{"taxonomy":"product_cat","embeddable":true,"href":"https:\/\/www.hydraulic-cylinders.net\/tr\/wp-json\/wp\/v2\/product_cat?post=16430"},{"taxonomy":"product_tag","embeddable":true,"href":"https:\/\/www.hydraulic-cylinders.net\/tr\/wp-json\/wp\/v2\/product_tag?post=16430"}],"curies":[{"name":"wp","href":"https:\/\/api.w.org\/{rel}","templated":true}]}}