{"id":16433,"date":"2025-01-20T09:15:13","date_gmt":"2025-01-20T09:15:13","guid":{"rendered":"https:\/\/www.hydraulic-cylinders.net\/product\/arm-cylinderfor-zoomlion-large-excavator-ze330e\/"},"modified":"2025-01-20T09:15:15","modified_gmt":"2025-01-20T09:15:15","slug":"arm-cylinderfor-zoomlion-large-excavator-ze330e","status":"publish","type":"product","link":"https:\/\/www.hydraulic-cylinders.net\/tr\/urun\/arm-cylinderfor-zoomlion-large-excavator-ze330e\/","title":{"rendered":"Zoomlion ZE330E B\u00fcy\u00fck Ekskavat\u00f6r i\u00e7in Kol Silindiri"},"content":{"rendered":"<p>Zoomlion ZE330E B\u00fcy\u00fck Ekskavat\u00f6r i\u00e7in Kol Silindiri<\/p>\n<p>Girii\u015f:<br \/>\nKol silindirleri, ekskavat\u00f6rler, vin\u00e7ler ve mekanik kollar gibi \u00e7e\u015fitli makine kollar\u0131n\u0131n do\u011frusal hareketini ve g\u00fcc\u00fcn\u00fc sa\u011flamak i\u00e7in \u00f6zel olarak tasarlanm\u0131\u015f hidrolik silindirlerdir. Kol silindirleri, hidrolik sistemde \u00f6nemli bir rol oynayarak ek aletlerin veya ata\u015fmanlar\u0131n etkili hareketini ve kontrol\u00fcn\u00fc sa\u011flar. Bu silindirler sadece d\u00fczg\u00fcn hareket sa\u011flamakla kalmaz, ayn\u0131 zamanda a\u011f\u0131r y\u00fckleri de ta\u015f\u0131yabilir ve \u00e7e\u015fitli \u00e7al\u0131\u015fma ko\u015fullar\u0131 alt\u0131nda verimli \u00e7al\u0131\u015fma ve g\u00fcvenilirlik sa\u011flar.<\/p>\n<p>Tan\u0131m:<br \/>\nKol silindiri, \u00e7e\u015fitli makine kollar\u0131n\u0131n do\u011frusal hareketini ve g\u00fcc\u00fcn\u00fc sa\u011flamak i\u00e7in \u00f6zel olarak tasarlanm\u0131\u015f bir hidrolik silindir t\u00fcr\u00fcd\u00fcr. Hidrolik sistemin \u00f6nemli bir bile\u015fenidir ve ek aletlerin veya ata\u015fmanlar\u0131n hareketini ve kontrol\u00fcn\u00fc sa\u011flar. Kol silindirleri, d\u00fczg\u00fcn ve verimli hareket sa\u011flayabilir ve a\u011f\u0131r y\u00fckleri ta\u015f\u0131yabilir, b\u00f6ylece farkl\u0131 \u00e7al\u0131\u015fma ko\u015fullar\u0131nda g\u00fcvenilir \u00e7al\u0131\u015fma sa\u011flar.<\/p>\n<p>\u00d6zellikler:<br \/>\n1. Y\u00fcksek verimli aktar\u0131m: Kol silindirleri g\u00fc\u00e7l\u00fc do\u011frusal hareket ve kuvvet sa\u011flayarak mekanik kolun \u00e7e\u015fitli i\u015flemlerde y\u00fcksek verimlilikte performans g\u00f6stermesini garanti eder.<br \/>\n2. Hassas kontrol: Hidrolik sistem sayesinde, kol silindirleri hassas hareket kontrol\u00fc sa\u011flayarak ek aletlerin \u00e7al\u0131\u015fmas\u0131n\u0131 daha esnek ve do\u011fru hale getirir.<br \/>\n3. Y\u00fcksek dayan\u0131kl\u0131l\u0131k: Kol silindirleri genellikle y\u00fcksek mukavemetli malzemelerden \u00fcretilir ve a\u015f\u0131nmaya ve korozyona kar\u015f\u0131 iyi diren\u00e7 g\u00f6sterirler; bu da onlar\u0131 zorlu ortamlarda uzun s\u00fcreli kullan\u0131m i\u00e7in uygun hale getirir.<br \/>\n4. \u00c7ok y\u00f6nl\u00fc uyarlanabilirlik: Bu silindirler, farkl\u0131 i\u015f gereksinimlerini kar\u015f\u0131lamak \u00fczere ekskavat\u00f6rler, vin\u00e7ler ve mekanik kollar gibi \u00e7e\u015fitli mekanik ekipmanlarda yayg\u0131n olarak kullan\u0131labilir.<br \/>\n5. Kolay bak\u0131m: Kol silindirlerinin tasar\u0131m\u0131, bak\u0131m ve de\u011fi\u015ftirme kolayl\u0131\u011f\u0131 sa\u011flayacak \u015fekilde tasarlanm\u0131\u015ft\u0131r; bu da d\u00fczenli inceleme ve bak\u0131m\u0131 daha kolay hale getirir ve ekipman ar\u0131za s\u00fcresini azalt\u0131r.<\/p>\n<p>Uygulamalar:<br \/>\n1. \u0130n\u015faat m\u00fchendisli\u011fi: Ekskavat\u00f6rlerde ve vin\u00e7lerde, toprak ta\u015f\u0131ma, malzeme ta\u015f\u0131ma ve yap\u0131sal kurulum i\u00e7in kep\u00e7e veya bomun hareketini kontrol etmek amac\u0131yla kol silindirleri kullan\u0131l\u0131r.<br \/>\n2. \u0130malat sanayi: Otomatik \u00fcretim hatlar\u0131nda, \u00fcretim verimlili\u011fini ve do\u011frulu\u011funu art\u0131rmak i\u00e7in montaj, kaynak ve ta\u015f\u0131ma i\u015flemlerinde mekanik kollar\u0131 hareket ettirmek amac\u0131yla kol silindirleri kullan\u0131l\u0131r.<br \/>\n3. Tar\u0131m makineleri: Bi\u00e7erd\u00f6ver ve ekim makinesi gibi tar\u0131m makinelerinde, kol silindirleri, ekim, g\u00fcbreleme ve hasat gibi g\u00f6revleri yerine getirmek i\u00e7in \u00e7al\u0131\u015fma kolunun hareketini kontrol eder.<br \/>\n4. Madencilik: Madencilik ekipmanlar\u0131nda, cevher \u00e7\u0131karma ve ta\u015f\u0131ma i\u015flemlerinde ekipmanlar\u0131n kol hareketini kontrol etmek i\u00e7in kol silindirleri kullan\u0131l\u0131r.<br \/>\n5. Lojistik ve ta\u015f\u0131mac\u0131l\u0131k: Forkliftlerde ve ta\u015f\u0131ma robotlar\u0131nda, malzeme ta\u015f\u0131ma ve istifleme i\u015flemlerini ger\u00e7ekle\u015ftirmek i\u00e7in \u00e7atal\u0131n kald\u0131rma ve hareketini kontrol etmek amac\u0131yla kol silindirleri kullan\u0131l\u0131r.<\/p>\n<p>Tasar\u0131m Hususlar\u0131 ve Se\u00e7im Kriterleri:<br \/>\n1. Y\u00fck kapasitesi: Kol silindirleri, farkl\u0131 mekanik kollar\u0131n ve ata\u015fmanlar\u0131n y\u00fck gereksinimlerini kar\u015f\u0131layacak \u015fekilde tasarlanmal\u0131d\u0131r.<br \/>\n2. S\u0131zd\u0131rmazl\u0131k performans\u0131: Kol silindirleri, iyi bir s\u0131zd\u0131rmazl\u0131k performans\u0131 sa\u011flamak i\u00e7in poli\u00fcretan ve nitril kau\u00e7uk gibi a\u015f\u0131nmaya dayan\u0131kl\u0131 malzemelerden yap\u0131lm\u0131\u015f piston contalar\u0131 ve mil contalar\u0131 gibi \u00e7e\u015fitli s\u0131zd\u0131rmazl\u0131k elemanlar\u0131yla donat\u0131lmal\u0131d\u0131r.<br \/>\n3. Dayan\u0131kl\u0131l\u0131k: Kol silindirleri y\u00fcksek mukavemetli malzemelerden yap\u0131lmal\u0131 ve a\u015f\u0131nma direnci ile korozyon direncini art\u0131rmak i\u00e7in hassas y\u00fczey i\u015flemine tabi tutulmal\u0131d\u0131r.<br \/>\n4. G\u00fcvenlik: G\u00fcvenli \u00e7al\u0131\u015fma sa\u011flamak i\u00e7in kol silindirleri, bas\u0131n\u00e7 tahliye vanalar\u0131 ve a\u015f\u0131r\u0131 bas\u0131n\u00e7 korumas\u0131 gibi g\u00fcvenlik \u00f6zellikleriyle tasarlanmal\u0131d\u0131r.<br \/>\n5. Bak\u0131m: Kol silindirleri, bak\u0131m\u0131 ve de\u011fi\u015ftirilmesi kolay olacak \u015fekilde tasarlanmal\u0131 ve ya\u011flama i\u00e7in d\u00fczenli olarak uygun miktarda hidrolik ya\u011f eklenmelidir.<\/p>\n<p>S\u0131zd\u0131rmazl\u0131k ve Ya\u011flama:<br \/>\nKol silindirleri, etkili s\u0131zd\u0131rmazl\u0131k sa\u011flamak ve s\u0131z\u0131nt\u0131lar\u0131 \u00f6nlemek i\u00e7in piston contalar\u0131, mil contalar\u0131 ve silecek contalar\u0131 gibi \u00e7e\u015fitli s\u0131zd\u0131rmazl\u0131k bile\u015fenleri kullan\u0131r. Kullan\u0131lan s\u0131zd\u0131rmazl\u0131k malzemeleri genellikle poli\u00fcretan, nitril kau\u00e7uk veya di\u011fer a\u015f\u0131nmaya dayan\u0131kl\u0131 malzemelerdir. Kol silindirlerinin uzun \u00f6m\u00fcrl\u00fc olmas\u0131n\u0131 sa\u011flamak i\u00e7in, silindir i\u00e7ini ya\u011flamak \u00fczere periyodik olarak uygun miktarda hidrolik ya\u011f eklemek gereklidir.<\/p>\n<p>Sorun Giderme ve Yayg\u0131n Sorunlar:<br \/>\n1. S\u0131z\u0131nt\u0131: S\u0131z\u0131nt\u0131, kol silindirlerinde en s\u0131k kar\u015f\u0131la\u015f\u0131lan sorunlardan biridir. Bu sorunu \u00e7\u00f6zmek i\u00e7in, hasarl\u0131 veya a\u015f\u0131nm\u0131\u015f contalar\u0131 kontrol edin ve gerekirse de\u011fi\u015ftirin.<br \/>\n2. Yava\u015f hareket: Silindir yava\u015f hareket ediyorsa, bunun nedeni d\u00fc\u015f\u00fck hidrolik bas\u0131n\u00e7 veya yetersiz ya\u011flama olabilir. Hidrolik sistemi kontrol edin ve bu sorunu \u00e7\u00f6zmek i\u00e7in uygun miktarda hidrolik ya\u011f ekleyin.<br \/>\n3. G\u00fcr\u00fclt\u00fc: Kol silindirinin \u00e7al\u0131\u015fmas\u0131 s\u0131ras\u0131nda anormal bir g\u00fcr\u00fclt\u00fc olu\u015fursa, bunun nedeni sisteme hava girmesi veya contalar\u0131n hasar g\u00f6rmesi gibi sorunlar olabilir.<\/p>\n<p>Kurulum K\u0131lavuzu:<br \/>\n1. Mekanik kolun tasar\u0131m gereksinimlerine uygun olarak kol silindirini uygun bir konuma monte edin.<br \/>\n2. Hidrolik hortumlar\u0131 ve boru hatlar\u0131n\u0131 montaj talimatlar\u0131na uygun olarak ba\u011flay\u0131n ve uygun s\u0131zd\u0131rmazl\u0131k ve s\u0131k\u0131l\u0131\u011f\u0131 sa\u011flay\u0131n.<br \/>\n3. \u0130lk kullan\u0131mdan \u00f6nce, hidrolik sistemde hava olup olmad\u0131\u011f\u0131n\u0131 kontrol edin ve d\u00fczg\u00fcn \u00e7al\u0131\u015fmas\u0131 i\u00e7in havay\u0131 giderin.<\/p>\n<p>G\u00fcvenlik Hususlar\u0131 ve \u00c7evresel Fakt\u00f6rler:<br \/>\n1. Kol silindirleriyle \u00e7al\u0131\u015f\u0131rken g\u00fcvenlik en \u00f6ncelikli konu olmal\u0131d\u0131r. Olas\u0131 g\u00fcvenlik tehlikelerinden ka\u00e7\u0131nmak i\u00e7in ekipman yeterli \u015fekilde bak\u0131m\u0131 yap\u0131lmal\u0131 ve denetlenmelidir.<br \/>\n2. S\u0131cakl\u0131k, nem ve toz gibi \u00e7evresel fakt\u00f6rler, kol silindirlerinin performans\u0131n\u0131 ve \u00f6mr\u00fcn\u00fc etkileyebilir. Silindirin d\u00fczg\u00fcn \u00e7al\u0131\u015fmas\u0131n\u0131 sa\u011flamak i\u00e7in d\u00fczenli bak\u0131m ve temizlik yap\u0131lmas\u0131 \u00f6nerilir.<\/p>\n<p>Hakk\u0131m\u0131zda:<br \/>\nGeni\u015f \u00fcr\u00fcn yelpazesine sahip profesyonel bir yedek hidrolik silindir \u00fcreticisiyiz. Yurti\u00e7i ve yurtd\u0131\u015f\u0131 pazarlarda \u00f6nde gelen hidrolik silindir \u00fcreticilerinden ve toptanc\u0131lar\u0131ndan biri haline geldik. Her zaman m\u00fckemmel kalite ilkesine ba\u011fl\u0131 kalarak teknolojimizi ve \u00fcretim verimlili\u011fimizi s\u00fcrekli geli\u015ftiriyoruz. Amac\u0131m\u0131z, y\u00fcksek verimlilik, hassasiyet ve y\u00fcksek kaliteli \u00fcr\u00fcnlerle m\u00fc\u015fterilerimizin \u00e7e\u015fitli ihtiya\u00e7lar\u0131n\u0131 kar\u015f\u0131lamakt\u0131r.<\/p>\n<p>\u015eirketimiz uluslararas\u0131 sertifikasyon, \u00f6zelle\u015ftirilmi\u015f hizmetler, \u00fcretim ekipmanlar\u0131 ve sat\u0131\u015f sonras\u0131 hizmetler gibi profesyonel hizmetler sunmaktad\u0131r. \u00dcretim platformunu optimize etmek ve \u00fcr\u00fcn kalite kontrol s\u00fcre\u00e7lerini iyile\u015ftirmek i\u00e7in geli\u015fmi\u015f dijital \u00fcretim ekipmanlar\u0131na ve profesyonel bir test sistemine sahibiz. G\u00fc\u00e7l\u00fc bir inovasyon yetene\u011fine sahibiz ve m\u00fc\u015fterilerin \u00e7e\u015fitli ihtiya\u00e7lar\u0131n\u0131 kar\u015f\u0131lamak i\u00e7in teknolojimizi s\u00fcrekli olarak geli\u015ftiriyoruz.<\/p>\n<p>Yazar: lyl.<\/p>","protected":false},"excerpt":{"rendered":"<p>Arm Cylinder for Zoomlion Large Excavator ZE330E Introduction: Arm cylinders are specially designed hydraulic cylinders that are primarily used for providing linear motion and power to various types of machinery arms such as excavators, cranes, and mechanical arms. Arm cylinders play a key role in the hydraulic system, enabling the effective movement and control of [&hellip;]<\/p>","protected":false},"featured_media":14763,"comment_status":"open","ping_status":"closed","template":"","meta":{"_et_pb_use_builder":"","_et_pb_old_content":"","_et_gb_content_width":""},"product_brand":[],"product_cat":[1497],"product_tag":[1498,1496],"class_list":{"0":"post-16433","1":"product","2":"type-product","3":"status-publish","4":"has-post-thumbnail","6":"product_cat-arm-cylinders","7":"product_tag-arm-cylinders","8":"product_tag-hydraulic-cylinders","10":"first","11":"instock","12":"shipping-taxable","13":"product-type-simple"},"amp_enabled":true,"_links":{"self":[{"href":"https:\/\/www.hydraulic-cylinders.net\/tr\/wp-json\/wp\/v2\/product\/16433","targetHints":{"allow":["GET"]}}],"collection":[{"href":"https:\/\/www.hydraulic-cylinders.net\/tr\/wp-json\/wp\/v2\/product"}],"about":[{"href":"https:\/\/www.hydraulic-cylinders.net\/tr\/wp-json\/wp\/v2\/types\/product"}],"replies":[{"embeddable":true,"href":"https:\/\/www.hydraulic-cylinders.net\/tr\/wp-json\/wp\/v2\/comments?post=16433"}],"wp:featuredmedia":[{"embeddable":true,"href":"https:\/\/www.hydraulic-cylinders.net\/tr\/wp-json\/wp\/v2\/media\/14763"}],"wp:attachment":[{"href":"https:\/\/www.hydraulic-cylinders.net\/tr\/wp-json\/wp\/v2\/media?parent=16433"}],"wp:term":[{"taxonomy":"product_brand","embeddable":true,"href":"https:\/\/www.hydraulic-cylinders.net\/tr\/wp-json\/wp\/v2\/product_brand?post=16433"},{"taxonomy":"product_cat","embeddable":true,"href":"https:\/\/www.hydraulic-cylinders.net\/tr\/wp-json\/wp\/v2\/product_cat?post=16433"},{"taxonomy":"product_tag","embeddable":true,"href":"https:\/\/www.hydraulic-cylinders.net\/tr\/wp-json\/wp\/v2\/product_tag?post=16433"}],"curies":[{"name":"wp","href":"https:\/\/api.w.org\/{rel}","templated":true}]}}