{"id":16436,"date":"2025-01-20T09:15:34","date_gmt":"2025-01-20T09:15:34","guid":{"rendered":"https:\/\/www.hydraulic-cylinders.net\/product\/arm-cylinderfor-zoomlion-large-excavator-ze360e\/"},"modified":"2025-01-20T09:15:36","modified_gmt":"2025-01-20T09:15:36","slug":"arm-cylinderfor-zoomlion-large-excavator-ze360e","status":"publish","type":"product","link":"https:\/\/www.hydraulic-cylinders.net\/tr\/urun\/arm-cylinderfor-zoomlion-large-excavator-ze360e\/","title":{"rendered":"Zoomlion B\u00fcy\u00fck Ekskavat\u00f6r ZE360E i\u00e7in Kol Silindiri"},"content":{"rendered":"<h1>Zoomlion B\u00fcy\u00fck Ekskavat\u00f6r ZE360E i\u00e7in Kol Silindiri<\/h1>\n<h2>girii\u015f<\/h2>\n<p>Kol silindiri, ekskavat\u00f6rler, vin\u00e7ler ve mekanik kollar gibi \u00e7e\u015fitli makine t\u00fcrlerinin kollar\u0131na do\u011frusal hareket ve g\u00fc\u00e7 sa\u011flamak \u00fczere tasarlanm\u0131\u015f \u00f6zel bir hidrolik silindirdir. Kol silindiri, hidrolik sistemlerde \u00f6nemli bir rol oynar ve ek alet veya ata\u015fmanlar\u0131n etkili bir \u015fekilde hareket etmesini ve kontrol edilmesini sa\u011flar. Bu silindirler, yaln\u0131zca d\u00fczg\u00fcn hareketler sa\u011flamakla kalmaz, ayn\u0131 zamanda a\u011f\u0131r y\u00fcklere de dayanarak, \u00e7e\u015fitli \u00e7al\u0131\u015fma ko\u015fullar\u0131nda makinelerin verimli ve g\u00fcvenilir \u00e7al\u0131\u015fmas\u0131n\u0131 sa\u011flar.<\/p>\n<p><img decoding=\"async\" src=\"https:\/\/www.hydraulic-cylinders.net\/wp-content\/uploads\/2025\/01\/songte-company-2.webp\" \/><\/p>\n<h2>\u00d6zellikler<\/h2>\n<ul>\n<li>Verimli G\u00fc\u00e7 Aktar\u0131m\u0131: Kol silindiri g\u00fc\u00e7l\u00fc do\u011frusal hareket ve kuvvet sa\u011flayarak, \u00e7e\u015fitli i\u015flemler s\u0131ras\u0131nda mekanik kolun y\u00fcksek performans verimlili\u011fini garanti eder. <\/li>\n<li>Hassas Kontrol: Hidrolik sistem sayesinde kol silindiri hassas hareket kontrol\u00fc sa\u011flayabilir, bu sayede ek aletlerin \u00e7al\u0131\u015fmas\u0131 daha esnek ve hassas hale gelir.<\/li>\n<li>G\u00fc\u00e7l\u00fc Dayan\u0131kl\u0131l\u0131k: Kol silindirleri genellikle y\u00fcksek mukavemetli malzemelerden yap\u0131l\u0131r, iyi a\u015f\u0131nma direnci ve korozyon direncine sahiptir, zorlu ortamlarda uzun s\u00fcreli kullan\u0131ma uygundur.<\/li>\n<li>\u00c7ok Fonksiyonlu Uyarlanabilirlik: Bu silindirler, ekskavat\u00f6rler, vin\u00e7ler ve mekanik kollar gibi \u00e7e\u015fitli mekanik ekipmanlarda, farkl\u0131 \u00e7al\u0131\u015fma gereksinimlerine uyum sa\u011flamak i\u00e7in yayg\u0131n olarak kullan\u0131labilir.<\/li>\n<li>Kolay Bak\u0131m: Kol silindirlerinin tasar\u0131m\u0131, bak\u0131m ve de\u011fi\u015ftirme kolayl\u0131\u011f\u0131n\u0131 dikkate alarak d\u00fczenli muayene ve bak\u0131m\u0131 daha rahat hale getirir ve ekipman ar\u0131za s\u00fcresini azalt\u0131r.<\/li>\n<\/ul>\n<p><img decoding=\"async\" src=\"https:\/\/www.hydraulic-cylinders.net\/wp-content\/uploads\/2025\/01\/songte-oil-pipes-and-spare-parts.webp\" \/><\/p>\n<h2>Uygulamalar<\/h2>\n<p>Kol silindiri \u00e7e\u015fitli end\u00fcstrilerde geni\u015f uygulama alan\u0131na sahiptir:<\/p>\n<ul>\n<li>\u0130n\u015faat M\u00fchendisli\u011fi: Ekskavat\u00f6rlerde ve vin\u00e7lerde, kol silindiri kova veya bomun hareketini kontrol etmek, toprak i\u015fleri, malzeme ta\u015f\u0131ma ve yap\u0131sal montaj yapmak i\u00e7in kullan\u0131l\u0131r.<\/li>\n<li>\u00dcretim: Otomasyonlu \u00fcretim hatlar\u0131nda kol silindiri, \u00fcretim verimlili\u011fini ve do\u011frulu\u011funu art\u0131rmak i\u00e7in mekanik kollar\u0131n hareket ettirilmesi, montaj, kaynak ve ta\u015f\u0131ma i\u015flemlerinin ger\u00e7ekle\u015ftirilmesi i\u00e7in kullan\u0131l\u0131r.<\/li>\n<li>Tar\u0131m Makinalar\u0131: Bi\u00e7erd\u00f6ver ve ekim makinesi gibi tar\u0131m makinelerinde kol silindiri, ekim, g\u00fcbreleme ve hasat gibi g\u00f6revleri ger\u00e7ekle\u015ftiren \u00e7al\u0131\u015fma kolunun hareketini kontrol eder.<\/li>\n<li>Madencilik: Madencilik ekipmanlar\u0131nda kol silindiri, madencilik ekipmanlar\u0131n\u0131n kol hareketini kontrol etmek, cevherin \u00e7\u0131kar\u0131lmas\u0131n\u0131 ve ta\u015f\u0131nmas\u0131n\u0131 ger\u00e7ekle\u015ftirmek i\u00e7in kullan\u0131l\u0131r.<\/li>\n<li>Lojistik ve Ta\u015f\u0131mac\u0131l\u0131k: Forkliftlerde ve ta\u015f\u0131ma robotlar\u0131nda, kol silindiri \u00e7atal\u0131n kald\u0131r\u0131lmas\u0131n\u0131 ve hareketini kontrol etmek, malzemelerin ta\u015f\u0131nmas\u0131n\u0131 ve istiflenmesini sa\u011flamak i\u00e7in kullan\u0131l\u0131r.<\/li>\n<\/ul>\n<h2>Tasar\u0131m Hususlar\u0131 ve Se\u00e7im Standartlar\u0131<\/h2>\n<p>Tasar\u0131m a\u00e7\u0131s\u0131ndan, kol silindirinin birka\u00e7 \u00f6nemli fakt\u00f6r\u00fc g\u00f6z \u00f6n\u00fcnde bulundurmas\u0131 gerekir:<\/p>\n<ul>\n<li>Ta\u015f\u0131ma kapasitesi: Kol silindiri, makinenin g\u00fcvenli ve istikrarl\u0131 \u00e7al\u0131\u015fmas\u0131n\u0131 sa\u011flayacak \u015fekilde gerekli y\u00fcke dayanacak \u015fekilde tasarlanmal\u0131d\u0131r.<\/li>\n<li>S\u0131zd\u0131rmazl\u0131k: Kol silindirinde hidrolik ya\u011f s\u0131z\u0131nt\u0131s\u0131n\u0131 \u00f6nlemek ve d\u00fczg\u00fcn \u00e7al\u0131\u015fmas\u0131n\u0131 sa\u011flamak amac\u0131yla piston ke\u00e7eleri ve biyel ke\u00e7eleri gibi \u00e7e\u015fitli s\u0131zd\u0131rmazl\u0131k elemanlar\u0131 kullan\u0131lmaktad\u0131r.<\/li>\n<li>Dayan\u0131kl\u0131l\u0131k: Kol silindiri, zorlu ortamlarda kullan\u0131ma uygun, iyi a\u015f\u0131nma ve korozyon direncine sahip y\u00fcksek mukavemetli malzemelerden yap\u0131lmal\u0131d\u0131r.<\/li>\n<li>G\u00fcvenlik: Makinelerin g\u00fcvenli bir \u015fekilde \u00e7al\u0131\u015fmas\u0131n\u0131 sa\u011flamak i\u00e7in hidrolik sisteme emniyet valfleri ve acil durdurma tertibatlar\u0131 gibi g\u00fcvenlik \u00f6zellikleri dahil edilmi\u015ftir.<\/li>\n<li>Bak\u0131m kolayl\u0131\u011f\u0131: Kol silindirinin kolay s\u00f6k\u00fcl\u00fcp tak\u0131labilir olmas\u0131 ve a\u015f\u0131nm\u0131\u015f par\u00e7alar\u0131n kolayca de\u011fi\u015ftirilebilmesi gibi kolay bak\u0131m sa\u011flayacak \u015fekilde tasarlanmas\u0131 gerekir; bu sayede bak\u0131m s\u00fcresi ve maliyetleri azalt\u0131l\u0131r.<\/li>\n<\/ul>\n<p><img decoding=\"async\" src=\"https:\/\/www.hydraulic-cylinders.net\/wp-content\/uploads\/2025\/01\/songte-cylinder-head-with-all-kinds-excavator-models.webp\" \/><\/p>\n<h2>S\u0131zd\u0131rmazl\u0131k ve Ya\u011flama<\/h2>\n<p>Kol silindiri, hidrolik ya\u011f s\u0131z\u0131nt\u0131s\u0131n\u0131 \u00f6nlemek ve sorunsuz \u00e7al\u0131\u015fmas\u0131n\u0131 sa\u011flamak i\u00e7in piston contalar\u0131 ve piston kolu contalar\u0131 gibi \u00e7e\u015fitli s\u0131zd\u0131rmazl\u0131k bile\u015fenleri kullan\u0131r. Bu contalar, poli\u00fcretan ve nitril kau\u00e7uk gibi a\u015f\u0131nmaya dayan\u0131kl\u0131 malzemelerden \u00fcretilmi\u015ftir. Silindir g\u00f6vdesi ve di\u015fli u\u00e7 y\u00fczeyi, a\u015f\u0131nma direncini art\u0131rmak i\u00e7in hassas bir \u015fekilde i\u015flenmi\u015ftir. Silindirin performans\u0131n\u0131 korumak i\u00e7in d\u00fczenli olarak hidrolik ya\u011f ile ya\u011flanmas\u0131 gerekir.<\/p>\n<h2>D\u00fczenli Muayene ve \u00d6nleyici Bak\u0131m<\/h2>\n<p>Kol silindirinin uzun s\u00fcreli ve g\u00fcvenilir \u00e7al\u0131\u015fmas\u0131n\u0131 sa\u011flamak i\u00e7in d\u00fczenli muayene ve \u00f6nleyici bak\u0131m \u015fartt\u0131r. A\u015fa\u011f\u0131daki \u00f6nlemler al\u0131nmal\u0131d\u0131r:<\/p>\n<ul>\n<li>Ya\u011f s\u0131z\u0131nt\u0131s\u0131, anormal sesler ve anormal titre\u015fimler gibi kontroller de dahil olmak \u00fczere d\u00fczenli kontroller yap\u0131lmal\u0131d\u0131r.<\/li>\n<li>Hidrolik sistemin stabilitesini ve g\u00fcvenilirli\u011fini sa\u011flamak i\u00e7in d\u00fczenli olarak kontrol edin ve bak\u0131m\u0131n\u0131 yap\u0131n.<\/li>\n<li>A\u015f\u0131nm\u0131\u015f contalar\u0131 ve di\u011fer par\u00e7alar\u0131 zaman\u0131nda de\u011fi\u015ftirin.<\/li>\n<\/ul>\n<p><img decoding=\"async\" src=\"https:\/\/www.hydraulic-cylinders.net\/wp-content\/uploads\/2025\/01\/songte-chushion-collar.webp\" \/><\/p>\n<h2>\u00dcr\u00fcn Kurulum K\u0131lavuzu<\/h2>\n<p>Montajdan \u00f6nce, montaj yerini ve silindir g\u00f6vdesini temizleyin ve ilgili par\u00e7alar\u0131n uyumlu olup olmad\u0131\u011f\u0131n\u0131 kontrol edin. Montaj s\u0131ras\u0131nda a\u015fa\u011f\u0131dakilere dikkat edin:<\/p>\n<ul>\n<li>Silindiri do\u011fru \u015fekilde tak\u0131n ve g\u00fcvenli bir \u015fekilde sabitlendi\u011finden emin olun.<\/li>\n<li>Hidrolik boru hatlar\u0131n\u0131 ba\u011flay\u0131n ve belirtilen torka kadar s\u0131k\u0131n.<\/li>\n<li>Hidrolik ya\u011f\u0131n\u0131 de\u011fi\u015ftirin ve silindirin normal \u00e7al\u0131\u015ft\u0131\u011f\u0131ndan emin olmak i\u00e7in bas\u0131n\u00e7 testi yap\u0131n.<\/li>\n<\/ul>\n<h2>G\u00fcvenlik ve \u00c7evresel Hususlar<\/h2>\n<p>Kol silindiri kullan\u0131l\u0131rken g\u00fcvenlik \u00f6nlemlerine uyulmas\u0131 \u00f6nemlidir. Her zaman sa\u011flanan g\u00fcvenlik talimatlar\u0131na uyun ve gerekti\u011finde uygun koruyucu ekipman kullan\u0131n. Ayr\u0131ca, hidrolik ya\u011f ile \u00e7al\u0131\u015f\u0131rken \u00e7evresel hususlar da \u00f6nemlidir. Kullan\u0131lm\u0131\u015f hidrolik ya\u011f ve di\u011fer at\u0131klar\u0131n uygun \u015fekilde bertaraf\u0131 yerel y\u00f6netmeliklere uygun olmal\u0131d\u0131r.<\/p>\n<h2>Sorun Giderme ve Yayg\u0131n Sorunlar<\/h2>\n<p>Kol silindiriyle ilgili yayg\u0131n sorunlar aras\u0131nda ya\u011f s\u0131z\u0131nt\u0131s\u0131, yetersiz g\u00fc\u00e7 aktar\u0131m\u0131 ve anormal sesler bulunur. Sorunlar meydana gelirse, a\u015fa\u011f\u0131daki \u00f6nlemler al\u0131nmal\u0131d\u0131r:<\/p>\n<ul>\n<li>S\u0131zd\u0131rmazl\u0131k elemanlar\u0131nda a\u015f\u0131nma veya hasar olup olmad\u0131\u011f\u0131n\u0131 kontrol edin ve gerekirse de\u011fi\u015ftirin.<\/li>\n<li>Hidrolik ya\u011f seviyesini ve viskozitesini kontrol edin, gerekirse de\u011fi\u015ftirin.<\/li>\n<li>Hidrolik sistemde t\u0131kan\u0131kl\u0131k veya ar\u0131za olup olmad\u0131\u011f\u0131n\u0131 kontrol edin.<\/li>\n<\/ul>\n<p>\u00d6nleyici tedbirler aras\u0131nda d\u00fczenli kontroller ve bak\u0131m\u0131n yan\u0131 s\u0131ra y\u00fcksek kaliteli hidrolik ya\u011f ve s\u0131zd\u0131rmazl\u0131k bile\u015fenlerinin kullan\u0131lmas\u0131 yer al\u0131r.<\/p>\n<p><img decoding=\"async\" src=\"https:\/\/www.hydraulic-cylinders.net\/wp-content\/uploads\/2025\/01\/songte-bushings-with-all-kinds-of-excavator-models.webp\" \/><\/p>\n<h2>Hakk\u0131m\u0131zda<\/h2>\n<p>Profesyonel bir hidrolik silindir yedek par\u00e7a \u00fcreticisiyiz ve geni\u015f bir \u00fcr\u00fcn yelpazesi sunarak hem yurt i\u00e7i hem de uluslararas\u0131 pazarlarda \u00f6nde gelen hidrolik silindir \u00fcreticilerinden ve toptanc\u0131lar\u0131ndan biri haline geldik. Her zaman m\u00fckemmellik ilkesini benimsiyor ve end\u00fcstriyel \u00fcretim y\u00f6netim stratejisine dayal\u0131 ince i\u015f\u00e7ilik at\u00f6lyeleriyle teknolojik seviyemizi ve \u00fcretim verimlili\u011fimizi s\u00fcrekli olarak geli\u015ftiriyoruz. Y\u00fcksek teknoloji \u00fcr\u00fcn\u00fc dijital \u00fcretim ekipmanlar\u0131 ve profesyonel test sistemlerinin kullan\u0131m\u0131yla \u00fcretim platformumuzu s\u00fcrekli olarak optimize ediyor, \u00fcr\u00fcn kalite kontrol s\u00fcrecimizi iyile\u015ftiriyor ve g\u00fc\u00e7l\u00fc inovasyon yeteneklerine sahibiz. Amac\u0131m\u0131z, m\u00fc\u015fterilerimizin \u00e7e\u015fitli ihtiya\u00e7lar\u0131n\u0131 y\u00fcksek verimlilik, do\u011fruluk ve y\u00fcksek kaliteyle kar\u015f\u0131lamakt\u0131r.<\/p>\n<ul>\n<li>Profesyonellik: Ekibimiz, y\u00fcksek kaliteli hidrolik silindirler \u00fcretmeye adanm\u0131\u015f deneyimli profesyonellerden olu\u015fmaktad\u0131r.<\/li>\n<li>Uluslararas\u0131 Sertifikasyon: \u00dcr\u00fcnlerimiz ISO9001, CE ve SGS gibi \u00e7e\u015fitli uluslararas\u0131 sertifikalara sahiptir.<\/li>\n<li>\u00d6zelle\u015ftirme Hizmetleri: M\u00fc\u015fterilerimizin \u00f6zel ihtiya\u00e7lar\u0131n\u0131 kar\u015f\u0131lamak i\u00e7in \u00f6zelle\u015ftirilmi\u015f hizmetler sunuyoruz.<\/li>\n<li>\u00dcretim Ekipmanlar\u0131: Y\u00fcksek kaliteli \u00fcr\u00fcnler sa\u011flamak i\u00e7in \u00fcst d\u00fczey dijital \u00fcretim ekipmanlar\u0131 ve profesyonel test sistemleri kullan\u0131yoruz.<\/li>\n<li>Sat\u0131\u015f Sonras\u0131 Hizmet: M\u00fc\u015fteri memnuniyetini sa\u011flamak i\u00e7in kapsaml\u0131 sat\u0131\u015f sonras\u0131 hizmet sa\u011fl\u0131yoruz.<\/li>\n<\/ul>\n<p><img decoding=\"async\" src=\"https:\/\/www.hydraulic-cylinders.net\/wp-content\/uploads\/2025\/01\/songte-company-4.webp\" \/><\/p>\n<p><img decoding=\"async\" src=\"https:\/\/www.hydraulic-cylinders.net\/wp-content\/uploads\/2025\/01\/songte-company-3.webp\" \/><\/p>\n<p>Yazar: lyl<\/p>","protected":false},"excerpt":{"rendered":"<p>Arm Cylinder For Zoomlion Large Excavator ZE360E Introduction The arm cylinder is a specialized hydraulic cylinder designed to provide linear movement and power to the arms of various types of machinery, such as excavators, cranes, and mechanical arms. The arm cylinder plays a crucial role in hydraulic systems, enabling the effective movement and control of [&hellip;]<\/p>","protected":false},"featured_media":14783,"comment_status":"open","ping_status":"closed","template":"","meta":{"_et_pb_use_builder":"","_et_pb_old_content":"","_et_gb_content_width":""},"product_brand":[],"product_cat":[1497],"product_tag":[1498,1496],"class_list":{"0":"post-16436","1":"product","2":"type-product","3":"status-publish","4":"has-post-thumbnail","6":"product_cat-arm-cylinders","7":"product_tag-arm-cylinders","8":"product_tag-hydraulic-cylinders","10":"first","11":"instock","12":"shipping-taxable","13":"product-type-simple"},"amp_enabled":true,"_links":{"self":[{"href":"https:\/\/www.hydraulic-cylinders.net\/tr\/wp-json\/wp\/v2\/product\/16436","targetHints":{"allow":["GET"]}}],"collection":[{"href":"https:\/\/www.hydraulic-cylinders.net\/tr\/wp-json\/wp\/v2\/product"}],"about":[{"href":"https:\/\/www.hydraulic-cylinders.net\/tr\/wp-json\/wp\/v2\/types\/product"}],"replies":[{"embeddable":true,"href":"https:\/\/www.hydraulic-cylinders.net\/tr\/wp-json\/wp\/v2\/comments?post=16436"}],"wp:featuredmedia":[{"embeddable":true,"href":"https:\/\/www.hydraulic-cylinders.net\/tr\/wp-json\/wp\/v2\/media\/14783"}],"wp:attachment":[{"href":"https:\/\/www.hydraulic-cylinders.net\/tr\/wp-json\/wp\/v2\/media?parent=16436"}],"wp:term":[{"taxonomy":"product_brand","embeddable":true,"href":"https:\/\/www.hydraulic-cylinders.net\/tr\/wp-json\/wp\/v2\/product_brand?post=16436"},{"taxonomy":"product_cat","embeddable":true,"href":"https:\/\/www.hydraulic-cylinders.net\/tr\/wp-json\/wp\/v2\/product_cat?post=16436"},{"taxonomy":"product_tag","embeddable":true,"href":"https:\/\/www.hydraulic-cylinders.net\/tr\/wp-json\/wp\/v2\/product_tag?post=16436"}],"curies":[{"name":"wp","href":"https:\/\/api.w.org\/{rel}","templated":true}]}}