{"id":16438,"date":"2025-01-20T09:15:42","date_gmt":"2025-01-20T09:15:42","guid":{"rendered":"https:\/\/www.hydraulic-cylinders.net\/product\/arm-cylinderfor-zoomlion-large-excavator-ze700esp\/"},"modified":"2025-01-20T09:15:48","modified_gmt":"2025-01-20T09:15:48","slug":"arm-cylinderfor-zoomlion-large-excavator-ze700esp","status":"publish","type":"product","link":"https:\/\/www.hydraulic-cylinders.net\/tr\/urun\/arm-cylinderfor-zoomlion-large-excavator-ze700esp\/","title":{"rendered":"Zoomlion B\u00fcy\u00fck Ekskavat\u00f6r ZE700ESP i\u00e7in Kol Silindiri"},"content":{"rendered":"<p>Zoomlion B\u00fcy\u00fck Ekskavat\u00f6r ZE700ESP i\u00e7in Kol Silindiri: Tan\u0131m ve A\u00e7\u0131klama<\/p>\n<p>Kol silindiri, ekskavat\u00f6rler, vin\u00e7ler ve mekanik kollar gibi \u00e7e\u015fitli makine kollar\u0131na do\u011frusal hareket ve g\u00fc\u00e7 sa\u011flamak i\u00e7in kullan\u0131lan, \u00f6zel olarak tasarlanm\u0131\u015f bir hidrolik silindir t\u00fcr\u00fcd\u00fcr. Kol silindiri, hidrolik sistemde kritik bir rol oynar ve ek aletlerin veya ata\u015fmanlar\u0131n hareket etmesini ve etkili bir \u015fekilde kontrol edilmesini sa\u011flar. Bu silindirler sadece d\u00fczg\u00fcn hareket sa\u011flamakla kalmaz, ayn\u0131 zamanda a\u011f\u0131r y\u00fcklere de dayanarak, \u00e7e\u015fitli \u00e7al\u0131\u015fma ko\u015fullar\u0131nda makinelerin verimli ve g\u00fcvenilir \u00e7al\u0131\u015fmas\u0131n\u0131 sa\u011flar.<\/p>\n<p><img decoding=\"async\" src=\"https:\/\/www.hydraulic-cylinders.net\/wp-content\/uploads\/2025\/01\/songte-company-2.webp\"><\/p>\n<p>Zoomlion B\u00fcy\u00fck Ekskavat\u00f6r ZE700ESP i\u00e7in Kol Silindirinin \u00d6zellikleri<\/p>\n<p>\u2013 Y\u00fcksek Verimli \u015eanz\u0131man: Kol silindiri g\u00fc\u00e7l\u00fc do\u011frusal hareket ve kuvvet sa\u011flayarak, mekanik kolun \u00e7e\u015fitli i\u015flemlerde y\u00fcksek verimli performans g\u00f6stermesini sa\u011flar.<br \/>\n\u2013 Hassas Kontrol: Hidrolik sistem sayesinde kol silindiri hassas hareket kontrol\u00fc sa\u011flayabilir, bu sayede ek aletlerin \u00e7al\u0131\u015fmas\u0131 daha esnek ve hassas hale gelir.<br \/>\n\u2013 G\u00fc\u00e7l\u00fc Dayan\u0131kl\u0131l\u0131k: Kol silindiri genellikle y\u00fcksek mukavemetli malzemelerden yap\u0131l\u0131r ve iyi a\u015f\u0131nma direncine ve korozyon direncine sahiptir, bu da onu zorlu ortamlarda uzun s\u00fcreli kullan\u0131ma uygun hale getirir.<br \/>\n\u2013 \u00c7ok Fonksiyonlu Uyarlanabilirlik: Bu silindirler, ekskavat\u00f6rler, vin\u00e7ler ve mekanik kollar gibi \u00e7e\u015fitli makine tiplerine yayg\u0131n olarak uygulanabilir ve farkl\u0131 \u00e7al\u0131\u015fma ihtiya\u00e7lar\u0131na uyum sa\u011flar.<br \/>\n\u2013 Kolay Bak\u0131m: Kol silindirinin tasar\u0131m\u0131, bak\u0131m ve de\u011fi\u015ftirme kolayl\u0131\u011f\u0131n\u0131 g\u00f6z \u00f6n\u00fcnde bulundurarak d\u00fczenli denetimleri ve bak\u0131m\u0131 daha rahat hale getirir ve ekipman ar\u0131za s\u00fcresini azalt\u0131r.<\/p>\n<p><img decoding=\"async\" src=\"https:\/\/www.hydraulic-cylinders.net\/wp-content\/uploads\/2025\/01\/songte-oil-pipes-and-spare-parts.webp\"><\/p>\n<p>Zoomlion B\u00fcy\u00fck Ekskavat\u00f6r ZE700ESP i\u00e7in Kol Silindirinin Uygulama Senaryolar\u0131<\/p>\n<p>\u2013 Bina \u0130n\u015faat\u0131: Ekskavat\u00f6rlerde ve vin\u00e7lerde, kol silindiri, toprak i\u015fleri, malzeme ta\u015f\u0131ma ve yap\u0131sal montaj i\u00e7in kova veya bomun hareketini kontrol etmek i\u00e7in kullan\u0131l\u0131r.<br \/>\n\u2013 \u00dcretim: Otomatik \u00fcretim hatlar\u0131nda, kol silindiri, montaj, kaynak ve ta\u015f\u0131ma s\u00fcre\u00e7lerinde mekanik kollar\u0131n hareketini kontrol etmek i\u00e7in kullan\u0131l\u0131r, b\u00f6ylece \u00fcretim verimlili\u011fi ve do\u011frulu\u011fu art\u0131r\u0131l\u0131r.<br \/>\n\u2013 Tar\u0131m Makinalar\u0131: Bi\u00e7erd\u00f6ver ve ekim makinesi gibi tar\u0131m makinelerinde kol silindiri, ekim, g\u00fcbreleme ve hasat gibi g\u00f6revleri ger\u00e7ekle\u015ftiren \u00e7al\u0131\u015fma kolunun hareketini kontrol eder.<br \/>\n\u2013 Madencilik: Madencilik ekipmanlar\u0131nda kol silindiri, madencilik ve malzeme ta\u015f\u0131ma gibi g\u00f6revleri ger\u00e7ekle\u015ftiren madencilik ekipmanlar\u0131n\u0131n kolunun hareketini kontrol etmek i\u00e7in kullan\u0131l\u0131r.<br \/>\n\u2013 Lojistik ve Ta\u015f\u0131mac\u0131l\u0131k: Forkliftlerde ve ta\u015f\u0131ma robotlar\u0131nda, \u00e7atal\u0131n kald\u0131r\u0131lmas\u0131n\u0131 ve hareketini kontrol etmek, malzeme ta\u015f\u0131ma ve istiflemeyi ger\u00e7ekle\u015ftirmek i\u00e7in kol silindiri kullan\u0131l\u0131r.<\/p>\n<p>Zoomlion B\u00fcy\u00fck Ekskavat\u00f6r ZE700ESP i\u00e7in Kol Silindirinin Tasar\u0131m Hususlar\u0131 ve Se\u00e7im Kriterleri<\/p>\n<p>\u2013 Ta\u015f\u0131ma Kapasitesi: Kol silindiri, makine kolunun ve ek alet veya aparatlar\u0131n maksimum y\u00fck\u00fcn\u00fc ta\u015f\u0131yabilmelidir.<br \/>\n\u2013 S\u0131zd\u0131rmazl\u0131k: Kol silindiri, hidrolik ya\u011f s\u0131z\u0131nt\u0131s\u0131n\u0131 \u00f6nlemek i\u00e7in poli\u00fcretan ve nitril kau\u00e7uk gibi a\u015f\u0131nmaya dayan\u0131kl\u0131 malzemelerden yap\u0131lm\u0131\u015f piston contalar\u0131 ve biyel contalar\u0131 gibi \u00e7e\u015fitli s\u0131zd\u0131rmazl\u0131k elemanlar\u0131 ile donat\u0131lmal\u0131d\u0131r.<br \/>\n\u2013 Dayan\u0131kl\u0131l\u0131k: Kol silindiri y\u00fcksek mukavemetli malzemelerden yap\u0131lmal\u0131 ve a\u015f\u0131nma direncini art\u0131rmak i\u00e7in ince y\u00fczey i\u015fleminden ge\u00e7irilmelidir.<br \/>\n\u2013 G\u00fcvenlik: Kol silindiri, g\u00fcvenli \u00e7al\u0131\u015fmay\u0131 sa\u011flamak i\u00e7in emniyet valfleri ve yast\u0131klama bilezikleri gibi g\u00fcvenlik cihazlar\u0131na sahip olmal\u0131d\u0131r.<br \/>\n\u2013 Bak\u0131m kolayl\u0131\u011f\u0131: Kol silindiri, ekipman\u0131n ar\u0131za s\u00fcresini azaltacak \u015fekilde kolay bak\u0131m ve de\u011fi\u015ftirme i\u00e7in tasarlanmal\u0131d\u0131r.<\/p>\n<p><img decoding=\"async\" src=\"https:\/\/www.hydraulic-cylinders.net\/wp-content\/uploads\/2025\/01\/songte-cylinder-head-with-all-kinds-excavator-models.webp\"><\/p>\n<p>Zoomlion B\u00fcy\u00fck Ekskavat\u00f6r ZE700ESP i\u00e7in Kol Silindirinin S\u0131zd\u0131rmazl\u0131\u011f\u0131 ve Ya\u011flanmas\u0131<\/p>\n<p>Hidrolik ya\u011f s\u0131z\u0131nt\u0131s\u0131n\u0131 \u00f6nlemek i\u00e7in, kol silindiri, poli\u00fcretan ve nitril kau\u00e7uk gibi a\u015f\u0131nmaya dayan\u0131kl\u0131 malzemelerden yap\u0131lm\u0131\u015f piston contalar\u0131 ve piston kolu contalar\u0131 gibi \u00e7e\u015fitli s\u0131zd\u0131rmazl\u0131k bile\u015fenleriyle donat\u0131lmal\u0131d\u0131r. Silindir g\u00f6vdesi ve di\u015fli ucu y\u00fczeyi, a\u015f\u0131nma direncini art\u0131rmak i\u00e7in ince bir y\u00fczey i\u015flemine tabi tutulmal\u0131d\u0131r. Kol silindirinin d\u00fczg\u00fcn \u00e7al\u0131\u015fmas\u0131n\u0131 sa\u011flamak i\u00e7in uygun hidrolik ya\u011f kullan\u0131larak d\u00fczenli olarak ya\u011flanmas\u0131 gerekir.<\/p>\n<p>Zoomlion B\u00fcy\u00fck Ekskavat\u00f6r ZE700ESP i\u00e7in Kol Silindirinin D\u00fczenli Muayenesi ve \u00d6nleyici Bak\u0131m \u00d6nlemleri<\/p>\n<p>Kol silindiri, olas\u0131 sorunlar\u0131 tespit etmek ve iyi durumda oldu\u011fundan emin olmak i\u00e7in d\u00fczenli olarak kontrol edilmelidir. Kol silindiri i\u00e7in \u00f6nleyici bak\u0131m \u00f6nlemleri aras\u0131nda s\u0131zd\u0131rmazl\u0131k bile\u015fenlerinin de\u011fi\u015ftirilmesi, ya\u011flama sisteminin bak\u0131m\u0131, emniyet cihazlar\u0131n\u0131n kontrol\u00fc ve c\u0131vata ve somunlar\u0131n s\u0131k\u0131lmas\u0131 yer al\u0131r.<\/p>\n<p>Zoomlion B\u00fcy\u00fck Ekskavat\u00f6r ZE700ESP i\u00e7in Kol Silindiri Do\u011fru Kurulum K\u0131lavuzu<\/p>\n<p>Kurulumdan \u00f6nce, kol silindirinin temiz ve kirden ar\u0131nd\u0131r\u0131lm\u0131\u015f oldu\u011fundan emin olun. Kol silindirini belirtilen montaj s\u0131ras\u0131na g\u00f6re tak\u0131n ve c\u0131vatalar\u0131 ve somunlar\u0131 belirtilen torkta s\u0131k\u0131n. Kurulumdan sonra, kol silindirinin d\u00fczg\u00fcn \u00e7al\u0131\u015ft\u0131\u011f\u0131ndan emin olmak i\u00e7in \u00e7al\u0131\u015fmas\u0131n\u0131 kontrol edin.<\/p>\n<p><img decoding=\"async\" src=\"https:\/\/www.hydraulic-cylinders.net\/wp-content\/uploads\/2025\/01\/songte-bushings-with-all-kinds-of-excavator-models.webp\"><\/p>\n<p>Zoomlion B\u00fcy\u00fck Ekskavat\u00f6r ZE700ESP i\u00e7in Kol Silindirinin G\u00fcvenlik Hususlar\u0131 ve \u00c7evresel Fakt\u00f6rler<\/p>\n<p>Kol silindiri kullan\u0131l\u0131rken, ki\u015fisel yaralanma veya ekipman hasar\u0131n\u0131 \u00f6nlemek i\u00e7in g\u00fcvenlik \u00f6nlemleri al\u0131nmal\u0131d\u0131r. Bu \u00f6nlemler aras\u0131nda koruyucu k\u0131yafet giymek, g\u00fcvenlik cihazlar\u0131 kullanmak ve kullan\u0131m talimatlar\u0131na uymak yer al\u0131r. \u00c7evre kirlili\u011fini \u00f6nlemek i\u00e7in kol silindiri uygun \u015fekilde imha edilmelidir.<\/p>\n<p>Zoomlion B\u00fcy\u00fck Ekskavat\u00f6r ZE700ESP i\u00e7in Kol Silindirinin Sorun Giderme ve Yayg\u0131n Sorunlar\u0131<\/p>\n<p>Kol silindirlerindeki yayg\u0131n sorunlar aras\u0131nda ya\u011f s\u0131z\u0131nt\u0131s\u0131, anormal ses ve yetersiz kuvvet bulunur. Kol silindiri sorunlar\u0131n\u0131n giderilmesi, nedenlerin belirlenmesi ve s\u0131zd\u0131rmazl\u0131k bile\u015fenlerinin de\u011fi\u015ftirilmesi, hidrolik sistemin kontrol edilmesi ve hasarl\u0131 par\u00e7alar\u0131n onar\u0131lmas\u0131 gibi uygun \u00f6nlemlerin al\u0131nmas\u0131n\u0131 i\u00e7erir.<\/p>\n<p><img decoding=\"async\" src=\"https:\/\/www.hydraulic-cylinders.net\/wp-content\/uploads\/2025\/01\/songte-chushion-collar.webp\"><\/p>\n<p>Hakk\u0131m\u0131zda<\/p>\n<p>Geni\u015f bir \u00fcr\u00fcn yelpazesine sahip profesyonel bir yedek hidrolik silindir \u00fcreticisiyiz ve yurt i\u00e7i ve yurt d\u0131\u015f\u0131 pazarlarda lider hidrolik silindir \u00fcreticilerinden ve toptan da\u011f\u0131t\u0131c\u0131lar\u0131ndan biri haline geldik. Her zaman m\u00fckemmel kalite ilkesine ba\u011fl\u0131 kal\u0131yor, uzman \u00fcretim at\u00f6lyelerinin \u00fcretim y\u00f6netimi stratejisine g\u00fcveniyor ve teknik seviyemizi ve \u00fcretim verimlili\u011fimizi s\u00fcrekli olarak geli\u015ftiriyoruz. \u00dcst d\u00fczey dijital \u00fcretim ekipmanlar\u0131 ve profesyonel test sistemleri sunarak, \u00fcretim platformumuzu s\u00fcrekli olarak optimize ediyor, \u00fcr\u00fcn kalite kontrol s\u00fcrecimizi iyile\u015ftiriyor ve g\u00fc\u00e7l\u00fc inovasyon yeteneklerine sahibiz. Amac\u0131m\u0131z, m\u00fc\u015fterilerimizin \u00e7e\u015fitli ihtiya\u00e7lar\u0131n\u0131 y\u00fcksek verimlilik, hassasiyet ve y\u00fcksek kalite ile kar\u015f\u0131lamakt\u0131r.<\/p>\n<p>\u00d6zelle\u015ftirme hizmetleri, uluslararas\u0131 sertifikasyon, profesyonel \u00fcretim ekipmanlar\u0131 ve m\u00fckemmel sat\u0131\u015f sonras\u0131 hizmeti sunuyoruz.<\/p>\n<p><img decoding=\"async\" src=\"https:\/\/www.hydraulic-cylinders.net\/wp-content\/uploads\/2025\/01\/songte-company-4.webp\"><br \/>\n<img decoding=\"async\" src=\"https:\/\/www.hydraulic-cylinders.net\/wp-content\/uploads\/2025\/01\/songte-company-3.webp\"><\/p>\n<p>Yazar: lyl.<\/p>","protected":false},"excerpt":{"rendered":"<p>Arm Cylinder for Zoomlion Large Excavator ZE700ESP: Definition and Explanation Arm cylinder is a type of specially designed hydraulic cylinder that is primarily used to provide linear motion and power to various types of machinery arms, such as excavators, cranes, and mechanical arms. The arm cylinder plays a critical role in the hydraulic system, making [&hellip;]<\/p>","protected":false},"featured_media":14777,"comment_status":"open","ping_status":"closed","template":"","meta":{"_et_pb_use_builder":"","_et_pb_old_content":"","_et_gb_content_width":""},"product_brand":[],"product_cat":[1497],"product_tag":[1498,1496],"class_list":{"0":"post-16438","1":"product","2":"type-product","3":"status-publish","4":"has-post-thumbnail","6":"product_cat-arm-cylinders","7":"product_tag-arm-cylinders","8":"product_tag-hydraulic-cylinders","10":"first","11":"instock","12":"shipping-taxable","13":"product-type-simple"},"amp_enabled":true,"_links":{"self":[{"href":"https:\/\/www.hydraulic-cylinders.net\/tr\/wp-json\/wp\/v2\/product\/16438","targetHints":{"allow":["GET"]}}],"collection":[{"href":"https:\/\/www.hydraulic-cylinders.net\/tr\/wp-json\/wp\/v2\/product"}],"about":[{"href":"https:\/\/www.hydraulic-cylinders.net\/tr\/wp-json\/wp\/v2\/types\/product"}],"replies":[{"embeddable":true,"href":"https:\/\/www.hydraulic-cylinders.net\/tr\/wp-json\/wp\/v2\/comments?post=16438"}],"wp:featuredmedia":[{"embeddable":true,"href":"https:\/\/www.hydraulic-cylinders.net\/tr\/wp-json\/wp\/v2\/media\/14777"}],"wp:attachment":[{"href":"https:\/\/www.hydraulic-cylinders.net\/tr\/wp-json\/wp\/v2\/media?parent=16438"}],"wp:term":[{"taxonomy":"product_brand","embeddable":true,"href":"https:\/\/www.hydraulic-cylinders.net\/tr\/wp-json\/wp\/v2\/product_brand?post=16438"},{"taxonomy":"product_cat","embeddable":true,"href":"https:\/\/www.hydraulic-cylinders.net\/tr\/wp-json\/wp\/v2\/product_cat?post=16438"},{"taxonomy":"product_tag","embeddable":true,"href":"https:\/\/www.hydraulic-cylinders.net\/tr\/wp-json\/wp\/v2\/product_tag?post=16438"}],"curies":[{"name":"wp","href":"https:\/\/api.w.org\/{rel}","templated":true}]}}