{"id":16439,"date":"2025-01-20T09:15:51","date_gmt":"2025-01-20T09:15:51","guid":{"rendered":"https:\/\/www.hydraulic-cylinders.net\/product\/arm-cylinderfor-zoomlion-large-excavator-ze1250e\/"},"modified":"2025-01-20T09:15:53","modified_gmt":"2025-01-20T09:15:53","slug":"arm-cylinderfor-zoomlion-large-excavator-ze1250e","status":"publish","type":"product","link":"https:\/\/www.hydraulic-cylinders.net\/tr\/urun\/arm-cylinderfor-zoomlion-large-excavator-ze1250e\/","title":{"rendered":"Zoomlion ZE1250E B\u00fcy\u00fck Ekskavat\u00f6r i\u00e7in Kol Silindiri"},"content":{"rendered":"<h1>Zoomlion ZE1250E B\u00fcy\u00fck Ekskavat\u00f6r \u0130\u00e7in Kol Silindiri<\/h1>\n<h2>girii\u015f<\/h2>\n<p>Kol silindiri, ekskavat\u00f6rler, vin\u00e7ler ve manip\u00fclat\u00f6rler gibi \u00e7e\u015fitli makinelerin kollar\u0131n\u0131n do\u011frusal hareketini ve g\u00fcc\u00fcn\u00fc sa\u011flamak \u00fczere tasarlanm\u0131\u015f \u00f6zel bir hidrolik silindirdir. Hidrolik sistemde kritik bir rol oynayarak, ata\u015fmanlar\u0131n veya aksesuarlar\u0131n etkili bir \u015fekilde hareket etmesini ve kontrol edilmesini sa\u011flar. Bu silindirler sadece d\u00fczg\u00fcn hareket sa\u011flamakla kalmaz, ayn\u0131 zamanda a\u011f\u0131r y\u00fckleri de ta\u015f\u0131yarak, \u00e7e\u015fitli \u00e7al\u0131\u015fma ko\u015fullar\u0131 alt\u0131nda makinelerin verimli \u00e7al\u0131\u015fmas\u0131n\u0131 ve g\u00fcvenilirli\u011fini sa\u011flar.<\/p>\n<p><img decoding=\"async\" src=\"https:\/\/www.hydraulic-cylinders.net\/wp-content\/uploads\/2025\/01\/songte-company-2.webp\"\/><\/p>\n<h2>\u00d6zellikler<\/h2>\n<ul>\n<li>Y\u00fcksek Verimli Aktar\u0131m: Kol silindiri, g\u00fc\u00e7l\u00fc do\u011frusal hareket ve kuvvet sa\u011flayarak manip\u00fclat\u00f6r\u00fcn \u00e7e\u015fitli i\u015flemlerdeki y\u00fcksek \u00e7al\u0131\u015fma verimlili\u011fini garanti eder.<\/li>\n<li>Hassas Kontrol: Hidrolik sistem sayesinde, kol silindiri hassas hareket kontrol\u00fc sa\u011flayarak ata\u015fmanlar\u0131n \u00e7al\u0131\u015fmas\u0131n\u0131 daha esnek ve do\u011fru hale getirir.<\/li>\n<li>Y\u00fcksek Dayan\u0131kl\u0131l\u0131k: Kol silindiri genellikle y\u00fcksek mukavemetli malzemelerden \u00fcretilir, iyi a\u015f\u0131nma ve korozyon direncine sahiptir, bu da onu zorlu ortamlarda uzun s\u00fcreli kullan\u0131m i\u00e7in uygun hale getirir.<\/li>\n<li>\u00c7ok Fonksiyonlu Uyarlanabilirlik: Bu silindirler, farkl\u0131 \u00e7al\u0131\u015fma gereksinimlerini kar\u015f\u0131lamak \u00fczere ekskavat\u00f6rler, vin\u00e7ler ve manip\u00fclat\u00f6rler gibi \u00e7e\u015fitli mekanik ekipmanlarda yayg\u0131n olarak kullan\u0131labilir.<\/li>\n<li>Kolay Bak\u0131m: Tasar\u0131m, kolay bak\u0131m ve par\u00e7a de\u011fi\u015fimini g\u00f6z \u00f6n\u00fcnde bulundurarak d\u00fczenli kontrolleri ve bak\u0131m\u0131 daha kolay hale getirir ve ekipman ar\u0131za s\u00fcresini azalt\u0131r.<\/li>\n<\/ul>\n<p>Bu hidrolik silindirlerin yerine m\u00fckemmel bir \u015fekilde ge\u00e7ebilecek bu \u00fcr\u00fcn\u00fc \u00fcretebiliyoruz.<\/p>\n<p><img decoding=\"async\" src=\"https:\/\/www.hydraulic-cylinders.net\/wp-content\/uploads\/2025\/01\/songte-oil-pipes-and-spare-parts.webp\"\/><\/p>\n<h2>Uygulamalar<\/h2>\n<ul>\n<li>\u0130n\u015faat M\u00fchendisli\u011fi: Ekskavat\u00f6rlerde ve vin\u00e7lerde, kol silindiri, toprak i\u015fleri, malzeme ta\u015f\u0131ma ve yap\u0131 montaj\u0131 i\u00e7in kep\u00e7e veya bomun hareketini kontrol etmek amac\u0131yla kullan\u0131l\u0131r.<\/li>\n<li>\u0130malat Sanayi: Otomatik \u00fcretim hatlar\u0131nda, kol silindiri, montaj, kaynak ve ta\u015f\u0131ma i\u015flemlerinde manip\u00fclat\u00f6rlerin hareketini sa\u011flamak i\u00e7in kullan\u0131l\u0131r ve \u00fcretim verimlili\u011fini ve hassasiyetini art\u0131r\u0131r.<\/li>\n<li>Tar\u0131m Makineleri: Bi\u00e7erd\u00f6ver ve tohum ekme makinesi gibi tar\u0131m makinelerinde, kol silindiri, tohum ekme, g\u00fcbreleme ve hasat gibi g\u00f6revler i\u00e7in kolun \u00e7al\u0131\u015fmas\u0131n\u0131 kontrol eder.<\/li>\n<li>Madencilik: Madencilik ekipmanlar\u0131nda, kol silindiri, maden \u00e7\u0131karma ve cevher ta\u015f\u0131ma i\u015flemlerinde ekipman kolunun hareketini kontrol etmek i\u00e7in kullan\u0131l\u0131r.<\/li>\n<li>Lojistik ve Ta\u015f\u0131mac\u0131l\u0131k: Forkliftlerde ve ta\u015f\u0131ma robotlar\u0131nda, kol silindiri, \u00e7atal\u0131n kald\u0131rma ve hareketini kontrol ederek malzeme ta\u015f\u0131ma ve istifleme i\u015flemlerini ger\u00e7ekle\u015ftirir.<\/li>\n<\/ul>\n<h2>Tasar\u0131m Hususlar\u0131 ve Se\u00e7im Kriterleri<\/h2>\n<ul>\n<li>Ta\u015f\u0131ma Kapasitesi: Kol silindiri, kullan\u0131ld\u0131\u011f\u0131 makinenin maksimum y\u00fck\u00fcne dayanacak \u015fekilde tasarlanmal\u0131d\u0131r.<\/li>\n<li>S\u0131zd\u0131rmazl\u0131k: Hidrolik ya\u011f s\u0131z\u0131nt\u0131s\u0131n\u0131 \u00f6nlemek i\u00e7in piston contalar\u0131, mil contalar\u0131 vb. \u00e7e\u015fitli s\u0131zd\u0131rmazl\u0131k bile\u015fenleri se\u00e7ilmelidir.<\/li>\n<li>Dayan\u0131kl\u0131l\u0131k: A\u015f\u0131nma ve korozyon direncini sa\u011flamak ve silindirin kullan\u0131m \u00f6mr\u00fcn\u00fc uzatmak i\u00e7in kol silindirinde y\u00fcksek mukavemetli malzemeler kullan\u0131lmal\u0131d\u0131r.<\/li>\n<li>G\u00fcvenlik: Kol silindiri, kazalar\u0131 \u00f6nleyecek ve operat\u00f6rlerin ve ekipman\u0131n g\u00fcvenli\u011fini sa\u011flayacak \u015fekilde tasarlanmal\u0131d\u0131r.<\/li>\n<li>Bak\u0131m Kolayl\u0131\u011f\u0131: Kol silindiri, bak\u0131m ve onar\u0131m\u0131 kolay olacak \u015fekilde tasarlanmal\u0131 ve ekipman ar\u0131za s\u00fcresini azaltmal\u0131d\u0131r.<\/li>\n<\/ul>\n<p><img decoding=\"async\" src=\"https:\/\/www.hydraulic-cylinders.net\/wp-content\/uploads\/2025\/01\/songte-cylinder-head-with-all-kinds-excavator-models.webp\"\/><\/p>\n<h2>S\u0131zd\u0131rmazl\u0131k ve Ya\u011flama<\/h2>\n<p>Kol silindiri, hidrolik ya\u011f s\u0131z\u0131nt\u0131s\u0131n\u0131 \u00f6nlemek i\u00e7in poli\u00fcretan ve nitril kau\u00e7uk gibi a\u015f\u0131nmaya dayan\u0131kl\u0131 malzemelerden yap\u0131lm\u0131\u015f piston contalar\u0131 ve mil contalar\u0131 gibi \u00e7e\u015fitli s\u0131zd\u0131rmazl\u0131k bile\u015fenleri kullan\u0131r. Silindir g\u00f6vdesi ve di\u015fli u\u00e7 y\u00fczeyi, a\u015f\u0131nma direncini art\u0131rmak i\u00e7in hassas bir \u015fekilde i\u015flenmi\u015ftir. Ya\u011flama i\u00e7in uygun miktarda hidrolik ya\u011f\u0131n d\u00fczenli olarak doldurulmas\u0131 gereklidir.<\/p>\n<h2>D\u00fczenli Muayene ve \u00d6nleyici Bak\u0131m \u00d6nlemleri<\/h2>\n<ul>\n<li>S\u0131zd\u0131rmazl\u0131k elemanlar\u0131n\u0131 d\u00fczenli olarak kontrol edin ve gerekirse de\u011fi\u015ftirin.<\/li>\n<li>Silindir g\u00f6vdesini ve u\u00e7 y\u00fczeyini a\u015f\u0131nma a\u00e7\u0131s\u0131ndan kontrol edin ve gerekirse de\u011fi\u015ftirin.<\/li>\n<li>Hidrolik ya\u011f\u0131 d\u00fczenli olarak de\u011fi\u015ftirin ve ya\u011f\u0131 temiz tutun.<\/li>\n<li>G\u00fcvenlik bile\u015fenlerini d\u00fczenli olarak kontrol edin ve gerekirse de\u011fi\u015ftirin.<\/li>\n<li>Olas\u0131 sorunlar\u0131 \u00f6nlemek i\u00e7in hidrolik sistemin d\u00fczenli bak\u0131m\u0131n\u0131 ve onar\u0131m\u0131n\u0131 yap\u0131n.<\/li>\n<\/ul>\n<p><img decoding=\"async\" src=\"https:\/\/www.hydraulic-cylinders.net\/wp-content\/uploads\/2025\/01\/songte-chushion-collar.webp\"\/><\/p>\n<h2>\u00dcr\u00fcn Kurulum K\u0131lavuzu<\/h2>\n<ol>\n<li>Silindirin makineyle uyumlu olup olmad\u0131\u011f\u0131n\u0131 kontrol edin ve silindiri talimatlara g\u00f6re tak\u0131n.<\/li>\n<li>Hidrolik boru hatt\u0131n\u0131 silindire ba\u011flay\u0131n ve kirlenmeyi \u00f6nlemek i\u00e7in bu par\u00e7alar\u0131 dikkatlice temizleyin.<\/li>\n<li>Silindiri hidrolik ya\u011f ile doldurun ve s\u0131z\u0131nt\u0131 olup olmad\u0131\u011f\u0131n\u0131 kontrol edin.<\/li>\n<li>Silindirin sorunsuz ve do\u011fru \u00e7al\u0131\u015ft\u0131\u011f\u0131ndan emin olmak i\u00e7in test edin.<\/li>\n<\/ol>\n<h2>G\u00fcvenlik Hususlar\u0131 ve \u00c7evresel Fakt\u00f6rler<\/h2>\n<p>Kol silindirini kullan\u0131rken, kazalar\u0131 \u00f6nlemek ve operat\u00f6rlerin ve ekipman\u0131n g\u00fcvenli\u011fini sa\u011flamak i\u00e7in g\u00fcvenlik y\u00f6nergelerine uyulmas\u0131 gereklidir. Silindirin do\u011fru \u00e7al\u0131\u015fmas\u0131n\u0131 sa\u011flamak i\u00e7in s\u0131cakl\u0131k, nem ve toz gibi \u00e7evresel fakt\u00f6rler de dikkate al\u0131nmal\u0131d\u0131r.<\/p>\n<h2>Sorun Giderme ve Yayg\u0131n Sorunlar<\/h2>\n<ul>\n<li>Sorun: Silindir hareket etmiyor veya \u00e7ok yava\u015f hareket ediyor.<\/li>\n<li>\u00c7\u00f6z\u00fcm: Hidrolik ya\u011f\u0131n yeterli olup olmad\u0131\u011f\u0131n\u0131 ve boru hatt\u0131n\u0131n t\u0131kal\u0131 veya s\u0131z\u0131nt\u0131l\u0131 olup olmad\u0131\u011f\u0131n\u0131 kontrol edin.<\/li>\n<li>Sorun: Silindirde bir s\u0131z\u0131nt\u0131 var.<\/li>\n<li>\u00c7\u00f6z\u00fcm: S\u0131zd\u0131rmazl\u0131k bile\u015fenlerinin hasar g\u00f6r\u00fcp g\u00f6rmedi\u011fini veya silindir g\u00f6vdesinin ya da di\u015fli u\u00e7 y\u00fczeyinin a\u015f\u0131nm\u0131\u015f olup olmad\u0131\u011f\u0131n\u0131 kontrol edin.<\/li>\n<li>Sorun: Silindir \u00e7al\u0131\u015fma s\u0131ras\u0131nda anormal sesler \u00e7\u0131kar\u0131yor.<\/li>\n<li>\u00c7\u00f6z\u00fcm: Silindir g\u00f6vdesinin deforme olup olmad\u0131\u011f\u0131n\u0131 veya piston ya da biyel kolunun hasar g\u00f6r\u00fcp g\u00f6rmedi\u011fini kontrol edin.<\/li>\n<\/ul>\n<p>\u00d6nleyici tedbirler aras\u0131nda, olas\u0131 sorunlar\u0131 \u00f6nlemek i\u00e7in d\u00fczenli denetim ve bak\u0131m\u0131n yan\u0131 s\u0131ra kazalar\u0131 \u00f6nlemek i\u00e7in g\u00fcvenlik y\u00f6nergelerine uyulmas\u0131 yer almaktad\u0131r.<\/p>\n<p><img decoding=\"async\" src=\"https:\/\/www.hydraulic-cylinders.net\/wp-content\/uploads\/2025\/01\/songte-bushings-with-all-kinds-of-excavator-models.webp\"\/><\/p>\n<h2>Hakk\u0131m\u0131zda<\/h2>\n<p>Geni\u015f \u00fcr\u00fcn yelpazesiyle profesyonel bir yedek hidrolik silindir \u00fcreticisiyiz ve hem yurt i\u00e7i hem de uluslararas\u0131 pazarlarda \u00f6nde gelen hidrolik silindir \u00fcreticilerinden ve toptanc\u0131lar\u0131ndan biri haline geldik. M\u00fckemmel kalite ilkesine ba\u011fl\u0131 kalarak, hassas \u00fcretim at\u00f6lyelerinin end\u00fcstriyel \u00fcretim y\u00f6netim stratejisine dayanarak teknik seviyemizi ve \u00fcretim verimlili\u011fimizi s\u00fcrekli olarak geli\u015ftiriyoruz. Y\u00fcksek teknoloji \u00fcr\u00fcn\u00fc dijital \u00fcretim ekipmanlar\u0131 ve profesyonel test sistemlerinin \ub3c4\uc785 edilmesiyle, \u00fcretim platformunu s\u00fcrekli olarak optimize ediyor, \u00fcr\u00fcn kalite kontrol s\u00fcrecini iyile\u015ftiriyor ve g\u00fc\u00e7l\u00fc inovasyon yeteneklerine sahibiz. Amac\u0131m\u0131z, y\u00fcksek verimlilik, hassasiyet ve y\u00fcksek kalite ile m\u00fc\u015fterilerimizin \u00e7e\u015fitli ihtiya\u00e7lar\u0131n\u0131 kar\u015f\u0131lamakt\u0131r.<\/p>\n<h3>Profesyonellik<\/h3>\n<p>Hidrolik silindirlerin \u00fcretimi ve bak\u0131m\u0131 konusunda zengin deneyime ve uzmanl\u0131\u011fa sahip profesyonel bir teknik ekibimiz var. M\u00fc\u015fteri \u00f6nceli\u011fi ilkesine ba\u011fl\u0131 kalarak m\u00fc\u015fterilerimize profesyonel ve verimli hizmetler sunuyoruz.<\/p>\n<h3>Uluslararas\u0131 Sertifikasyon<\/h3>\n<p>ISO9001, CE ve RoHS gibi \u00e7e\u015fitli uluslararas\u0131 sertifikalar ald\u0131k; bu sertifikalar y\u00fcksek kalite standartlar\u0131m\u0131z\u0131 ve \u00fcretim s\u00fcre\u00e7lerimizi yans\u0131tmaktad\u0131r.<\/p>\n<h3>\u00d6zelle\u015ftirme Hizmetleri<\/h3>\n<p>M\u00fc\u015fterilerimizin \u00f6zel gereksinimlerine g\u00f6re hidrolik silindirler \u00fcretebilen ve ki\u015fiselle\u015ftirilmi\u015f \u00e7\u00f6z\u00fcmler sunan \u00f6zel hizmetler sa\u011fl\u0131yoruz.<\/p>\n<h3>\u00dcretim Ekipmanlar\u0131<\/h3>\n<p>\u00dcretim s\u00fcrecinin hassasiyetini ve verimlili\u011fini sa\u011flamak i\u00e7in CNC tezgahlar\u0131 gibi bir dizi \u00fcst d\u00fczey dijital \u00fcretim ekipman\u0131 kullan\u0131ma sunduk.<\/p>\n<h3>Sat\u0131\u015f Sonras\u0131 Hizmet<\/h3>\n<p>Hidrolik silindirin verimli ve istikrarl\u0131 \u00e7al\u0131\u015fmas\u0131n\u0131 sa\u011flamak i\u00e7in kurulum rehberli\u011fi, bak\u0131m ve onar\u0131m ile teknik destek de dahil olmak \u00fczere kapsaml\u0131 sat\u0131\u015f sonras\u0131 hizmetler sunuyoruz.<\/p>\n<p><img decoding=\"async\" src=\"https:\/\/www.hydraulic-cylinders.net\/wp-content\/uploads\/2025\/01\/songte-company-4.webp\"\/><br \/>\n<img decoding=\"async\" src=\"https:\/\/www.hydraulic-cylinders.net\/wp-content\/uploads\/2025\/01\/songte-company-3.webp\"\/><\/p>\n<p>Yazar: lyl.<\/p>","protected":false},"excerpt":{"rendered":"<p>Arm Cylinder For Zoomlion Large Excavator ZE1250E Introduction The arm cylinder is a specialized hydraulic cylinder designed to provide linear motion and power to the arms of various types of machinery, such as excavators, cranes, and manipulators. It plays a critical role in the hydraulic system, allowing attachments or accessories to move and be controlled [&hellip;]<\/p>","protected":false},"featured_media":14774,"comment_status":"open","ping_status":"closed","template":"","meta":{"_et_pb_use_builder":"","_et_pb_old_content":"","_et_gb_content_width":""},"product_brand":[],"product_cat":[1497],"product_tag":[1498,1496],"class_list":{"0":"post-16439","1":"product","2":"type-product","3":"status-publish","4":"has-post-thumbnail","6":"product_cat-arm-cylinders","7":"product_tag-arm-cylinders","8":"product_tag-hydraulic-cylinders","10":"first","11":"instock","12":"shipping-taxable","13":"product-type-simple"},"amp_enabled":true,"_links":{"self":[{"href":"https:\/\/www.hydraulic-cylinders.net\/tr\/wp-json\/wp\/v2\/product\/16439","targetHints":{"allow":["GET"]}}],"collection":[{"href":"https:\/\/www.hydraulic-cylinders.net\/tr\/wp-json\/wp\/v2\/product"}],"about":[{"href":"https:\/\/www.hydraulic-cylinders.net\/tr\/wp-json\/wp\/v2\/types\/product"}],"replies":[{"embeddable":true,"href":"https:\/\/www.hydraulic-cylinders.net\/tr\/wp-json\/wp\/v2\/comments?post=16439"}],"wp:featuredmedia":[{"embeddable":true,"href":"https:\/\/www.hydraulic-cylinders.net\/tr\/wp-json\/wp\/v2\/media\/14774"}],"wp:attachment":[{"href":"https:\/\/www.hydraulic-cylinders.net\/tr\/wp-json\/wp\/v2\/media?parent=16439"}],"wp:term":[{"taxonomy":"product_brand","embeddable":true,"href":"https:\/\/www.hydraulic-cylinders.net\/tr\/wp-json\/wp\/v2\/product_brand?post=16439"},{"taxonomy":"product_cat","embeddable":true,"href":"https:\/\/www.hydraulic-cylinders.net\/tr\/wp-json\/wp\/v2\/product_cat?post=16439"},{"taxonomy":"product_tag","embeddable":true,"href":"https:\/\/www.hydraulic-cylinders.net\/tr\/wp-json\/wp\/v2\/product_tag?post=16439"}],"curies":[{"name":"wp","href":"https:\/\/api.w.org\/{rel}","templated":true}]}}