{"id":1644,"date":"2023-10-10T06:05:51","date_gmt":"2023-10-10T06:05:51","guid":{"rendered":"https:\/\/hydraulic-cylinders.net\/?post_type=product&#038;p=1644"},"modified":"2025-04-11T02:55:30","modified_gmt":"2025-04-11T02:55:30","slug":"press-clamping-cylinder","status":"publish","type":"product","link":"https:\/\/www.hydraulic-cylinders.net\/tr\/urun\/press-clamping-cylinder\/","title":{"rendered":"Pres S\u0131k\u0131\u015ft\u0131rma Silindiri"},"content":{"rendered":"<h1 style=\"text-align: center;\"><strong>Pres S\u0131k\u0131\u015ft\u0131rma Silindiri<\/strong><\/h1>\n<p><img loading=\"lazy\" decoding=\"async\" class=\"aligncenter wp-image-1645\" src=\"https:\/\/hydraulic-cylinders.net\/wp-content\/uploads\/2023\/10\/clamping-cylinder-1-1-300x300.webp\" alt=\"\" width=\"400\" height=\"400\" \/><\/p>\n<p>Pres s\u0131k\u0131\u015ft\u0131rma silindiri, \u00e7e\u015fitli end\u00fcstriyel uygulamalarda ola\u011fan\u00fcst\u00fc performans ve g\u00fcvenilirlik sunan son teknoloji bir \u00fcr\u00fcnd\u00fcr. Geli\u015fmi\u015f \u00f6zellikleri ve sa\u011flam tasar\u0131m\u0131yla bu silindir, geli\u015fmi\u015f s\u0131k\u0131\u015ft\u0131rma kuvveti, hassas kontrol ve geli\u015fmi\u015f verimlilik sunar.<\/p>\n<p>Pres s\u0131k\u0131\u015ft\u0131rma silindiri, y\u00fcksek s\u0131k\u0131\u015ft\u0131rma kuvveti, hassas kontrol ve h\u0131zl\u0131 \u00e7al\u0131\u015fma sunarak end\u00fcstriyel uygulamalarda \u00e7\u0131\u011f\u0131r a\u00e7an bir \u00fcr\u00fcnd\u00fcr. \u00c7ok y\u00f6nl\u00fc montaj se\u00e7enekleri ve g\u00fcvenilir performans\u0131yla bu silindir, \u00e7e\u015fitli end\u00fcstriyel proseslerde \u00fcretkenli\u011fi, verimlili\u011fi ve hassasiyeti art\u0131r\u0131r. \u00d6nerilen kullan\u0131m y\u00f6ntemlerini ve bak\u0131m uygulamalar\u0131n\u0131 izleyerek, end\u00fcstriyel kurulumunuzda pres s\u0131k\u0131\u015ft\u0131rma silindirinin uzun \u00f6m\u00fcrl\u00fcl\u00fc\u011f\u00fcn\u00fc, g\u00fcvenilirli\u011fini ve g\u00fcvenli\u011fini en \u00fcst d\u00fczeye \u00e7\u0131karabilirsiniz. End\u00fcstriyel proseslerinizin t\u00fcm potansiyelini ortaya \u00e7\u0131karmak ve \u00fcst\u00fcn sonu\u00e7lara h\u0131zla ula\u015fmak i\u00e7in bu silindiri se\u00e7in.<\/p>\n<p>Pres S\u0131kma Silindirinin Temel \u00d6zellikleri:<\/p>\n<ol>\n<li>Y\u00fcksek S\u0131kma Kuvveti:<\/li>\n<\/ol>\n<ul>\n<li>Pres s\u0131k\u0131\u015ft\u0131rma silindiri, i\u015fleme, kaynak veya montaj i\u015flemleri s\u0131ras\u0131nda i\u015f par\u00e7alar\u0131n\u0131 g\u00fcvenli bir \u015fekilde yerinde tutmas\u0131n\u0131 sa\u011flayan g\u00fc\u00e7l\u00fc bir s\u0131k\u0131\u015ft\u0131rma kuvvetine sahiptir.<\/li>\n<li>Sa\u011flam yap\u0131s\u0131 ve optimize edilmi\u015f tasar\u0131m\u0131yla bu silindir, g\u00fcvenilir ve tutarl\u0131 s\u0131k\u0131\u015ft\u0131rma kuvveti sa\u011flayarak stabilite ve do\u011frulu\u011fu garanti eder.<\/li>\n<\/ul>\n<ol start=\"2\">\n<li>Hassas Kontrol:<\/li>\n<\/ol>\n<ul>\n<li>Bu silindir, operat\u00f6rlerin s\u0131k\u0131\u015ft\u0131rma kuvvetini do\u011fru bir \u015fekilde ayarlamas\u0131n\u0131 sa\u011flayan hassas kontrol mekanizmalar\u0131na sahiptir.<\/li>\n<li>S\u0131k\u0131\u015ft\u0131rma kuvvetinin hassas bir \u015fekilde ayarlanabilmesi, hassas i\u015f par\u00e7alar\u0131na zarar vermeden optimum kavramay\u0131 garanti alt\u0131na al\u0131r, \u00fcst\u00fcn kalite ve daha az yeniden i\u015fleme sa\u011flar.<\/li>\n<\/ul>\n<ol start=\"3\">\n<li>H\u0131zl\u0131 \u0130\u015flem:<\/li>\n<\/ol>\n<ul>\n<li>Pres s\u0131k\u0131\u015ft\u0131rma silindiri, h\u0131zl\u0131 s\u0131k\u0131\u015ft\u0131rma ve serbest b\u0131rakma i\u015flemleri i\u00e7in tasarlanm\u0131\u015ft\u0131r, b\u00f6ylece duru\u015f s\u00fcresi en aza indirilir ve \u00fcretkenlik en \u00fcst d\u00fczeye \u00e7\u0131kar\u0131l\u0131r.<\/li>\n<li>Verimli tasar\u0131m\u0131 ve y\u00fcksek h\u0131zl\u0131 akt\u00fcasyonu, i\u015f par\u00e7as\u0131n\u0131n h\u0131zl\u0131 bir \u015fekilde de\u011fi\u015ftirilmesine olanak tan\u0131r, \u00e7evrim s\u00fcrelerini azalt\u0131r ve genel verimlili\u011fi art\u0131r\u0131r.<\/li>\n<\/ul>\n<ol start=\"4\">\n<li>\u00c7ok Y\u00f6nl\u00fc Montaj Se\u00e7enekleri:<\/li>\n<\/ol>\n<ul>\n<li>Bu silindir, flan\u015f, ayak veya di\u015fli g\u00f6vde montajlar\u0131 dahil olmak \u00fczere \u00e7ok y\u00f6nl\u00fc montaj se\u00e7enekleri sunarak farkl\u0131 end\u00fcstriyel kurulumlara sorunsuz bir \u015fekilde entegre olma esnekli\u011fi sa\u011flar.<\/li>\n<li>\u00c7e\u015fitli montaj se\u00e7enekleri, mevcut makinelere veya \u00f6zelle\u015ftirilmi\u015f i\u015f istasyonlar\u0131na kolay kurulum ve entegrasyon sa\u011flar.<\/li>\n<\/ul>\n<h2><strong>Pres S\u0131kma Silindiri Parametresi:<\/strong><\/h2>\n<table border=\"1\" cellspacing=\"0\" cellpadding=\"0\">\n<tbody>\n<tr>\n<td>\u00dcr\u00fcn Ad\u0131<\/td>\n<td>Hidrolik Pres S\u0131kma Silindiri<\/td>\n<\/tr>\n<tr>\n<td>\u00d6zellikler:<\/td>\n<td>\u00c7elik k\u00fcl\u00e7e veya k\u00fct\u00fc\u011f\u00fc tutan kelep\u00e7e ba\u015fl\u0131\u011f\u0131n\u0131 s\u0131k\u0131n<\/td>\n<\/tr>\n<tr>\n<td>Delik \u00e7ap\u0131:<\/td>\n<td>125 mm\uff5e700 mm<\/td>\n<\/tr>\n<tr>\n<td>\u00c7ubuk \u00e7ap\u0131:<\/td>\n<td>80 mm\uff5e520 mm<br \/>\nStrok\u22641200mm<\/td>\n<\/tr>\n<tr>\n<td>\u0130tme kuvveti:<\/td>\n<td>Maksimum 9621KN<br \/>\n(Silindir \u00e7ap\u0131 700mm\/bas\u0131n\u00e7 25MPa)<\/td>\n<\/tr>\n<tr>\n<td>\u00a0S\u0131k\u0131\u015ft\u0131rma Silindiri Uygulamalar\u0131:<\/td>\n<td>Hidrolik Pres<\/td>\n<\/tr>\n<\/tbody>\n<\/table>\n<div><\/div>\n<div class=\"txtboxL\">\u00d6zellikler:<\/div>\n<div class=\"txtboxR\">\u00c7elik k\u00fcl\u00e7e veya k\u00fct\u00fc\u011f\u00fc tutan kelep\u00e7e ba\u015fl\u0131\u011f\u0131n\u0131 s\u0131k\u0131n<\/div>\n<div class=\"txtboxL\">\u00d6zellikler:<\/div>\n<div class=\"txtboxR\">Delik \u00e7ap\u0131: 125mm\uff5e700mm<br \/>\n\u00c7ubuk \u00e7ap\u0131: 80mm\uff5e520mm<br \/>\nStrok\u22641200mm<\/div>\n<div class=\"txtboxL\">\u0130tme kuvveti:<\/div>\n<div class=\"txtboxR\">Maksimum 9621KN<br \/>\n(Silindir \u00e7ap\u0131 700mm\/bas\u0131n\u00e7 25MPa)<\/div>\n<h2><strong>Pres Silindir Fabrikas\u0131:<\/strong><\/h2>\n<p><img loading=\"lazy\" decoding=\"async\" class=\"alignnone wp-image-1619 size-full\" src=\"https:\/\/hydraulic-cylinders.net\/wp-content\/uploads\/2023\/10\/press-cylinder.webp\" alt=\"\" width=\"1418\" height=\"946\" srcset=\"https:\/\/hydraulic-cylinders.net\/wp-content\/uploads\/2023\/10\/press-cylinder.webp 1418w, https:\/\/hydraulic-cylinders.net\/wp-content\/uploads\/2023\/10\/press-cylinder-1280x854.webp 1280w, https:\/\/hydraulic-cylinders.net\/wp-content\/uploads\/2023\/10\/press-cylinder-980x654.webp 980w, https:\/\/hydraulic-cylinders.net\/wp-content\/uploads\/2023\/10\/press-cylinder-480x320.webp 480w\" sizes=\"(min-width: 0px) and (max-width: 480px) 480px, (min-width: 481px) and (max-width: 980px) 980px, (min-width: 981px) and (max-width: 1280px) 1280px, (min-width: 1281px) 1418px, 100vw\" \/><\/p>\n<h2><strong>Pres S\u0131k\u0131\u015ft\u0131rma Silindirinin Kullan\u0131m Y\u00f6ntemi<\/strong><strong>:<\/strong><\/h2>\n<ol>\n<li><strong>Montaj ve Kurulum:<\/strong><\/li>\n<\/ol>\n<ul>\n<li>Uygulaman\u0131z i\u00e7in uygun montaj se\u00e7ene\u011fini (flan\u015f, ayak veya di\u015fli g\u00f6vde gibi) se\u00e7erek ba\u015flay\u0131n.<\/li>\n<li>Pres s\u0131k\u0131\u015ft\u0131rma silindirini istenilen yere g\u00fcvenli bir \u015fekilde monte etmek, do\u011fru hizalama ve dengeyi sa\u011flamak i\u00e7in \u00fcreticinin talimatlar\u0131n\u0131 veya y\u00f6nergelerini izleyin.<\/li>\n<\/ul>\n<ol start=\"2\">\n<li><strong>S\u0131kma Kuvvetinin Ayarlanmas\u0131:<\/strong><\/li>\n<\/ol>\n<ul>\n<li>Uygulaman\u0131z\u0131n gereksinimlerine ba\u011fl\u0131 olarak, istenen s\u0131k\u0131\u015ft\u0131rma kuvvetini ayarlamak i\u00e7in sa\u011flanan kontrolleri veya ayar mekanizmalar\u0131n\u0131 kullan\u0131n.<\/li>\n<li>En iyi sonu\u00e7lar i\u00e7in optimum s\u0131k\u0131\u015ft\u0131rma kuvvetini elde etmek amac\u0131yla i\u015f par\u00e7as\u0131 malzemesini, boyutunu ve i\u015fleme gereksinimlerini dikkatlice de\u011ferlendirin.<\/li>\n<\/ul>\n<ol start=\"3\">\n<li><strong>\u0130\u015f Par\u00e7as\u0131 Kelep\u00e7eleme:<\/strong><\/li>\n<\/ol>\n<ul>\n<li>\u0130\u015f par\u00e7as\u0131n\u0131 pres s\u0131k\u0131\u015ft\u0131rma silindirinin s\u0131k\u0131\u015ft\u0131rma aral\u0131\u011f\u0131na yerle\u015ftirin.<\/li>\n<li>\u0130\u015f par\u00e7as\u0131n\u0131n g\u00fcvenli bir \u015fekilde kavranmas\u0131n\u0131 sa\u011flamak i\u00e7in s\u0131k\u0131\u015ft\u0131rma kuvvetini uygulamak \u00fczere silindiri etkinle\u015ftirin.<\/li>\n<li>Gerekli i\u015flem s\u0131ras\u0131nda i\u015f par\u00e7as\u0131n\u0131 s\u0131k\u0131ca tutmaya yetecek s\u0131kma kuvvetinin oldu\u011fundan emin olun.<\/li>\n<\/ul>\n<h2><strong>Hidrolik Silindir U\u00e7 Kapa\u011f\u0131 Nas\u0131l \u00c7\u0131kar\u0131l\u0131r?<\/strong><\/h2>\n<div class=\"ChatMessage_chatMessage__xkgHx\" data-complete=\"true\">\n<div class=\"ChatMessage_botMessageHeader__8yA1R\">\n<div class=\"ChatMessage_headerWrapper__UeGSI\">\n<div class=\"ChatMessage_badge__ah1FU\">Hidrolik silindirin u\u00e7 kapa\u011f\u0131n\u0131 \u00e7\u0131karmak, baz\u0131 temel aletler ve dikkatli bir uygulama gerektiren basit bir i\u015flemdir. Hidrolik silindir u\u00e7 kapa\u011f\u0131n\u0131n nas\u0131l \u00e7\u0131kar\u0131laca\u011f\u0131na dair ad\u0131m ad\u0131m bir k\u0131lavuz a\u015fa\u011f\u0131dad\u0131r:<\/div>\n<\/div>\n<\/div>\n<div class=\"ChatMessage_messageRow__DHlnq\">\n<div class=\"ChatMessage_messageWrapper__4Ugd6\">\n<div class=\"Message_row__ug_UU\">\n<div class=\"Message_botMessageBubble__aYctV\">\n<div class=\"Markdown_markdownContainer__Tz3HQ\">\n<ol>\n<li><strong>\u00d6nce G\u00fcvenlik:<\/strong> Hidrolik silindir \u00fczerinde herhangi bir \u00e7al\u0131\u015fmaya ba\u015flamadan \u00f6nce, sistemin bas\u0131nc\u0131n\u0131n d\u00fc\u015f\u00fcr\u00fcld\u00fc\u011f\u00fcnden ve t\u00fcm hidrolik g\u00fc\u00e7 kaynaklar\u0131n\u0131n kapal\u0131 oldu\u011fundan emin olun. Bu, beklenmedik hareketlerin veya hidrolik s\u0131v\u0131 s\u0131z\u0131nt\u0131lar\u0131n\u0131n \u00f6n\u00fcne ge\u00e7ecektir.<\/li>\n<li><strong>Ara\u00e7lar\u0131 Topla:<\/strong> Anahtarlar, soket tak\u0131mlar\u0131, lastik tokmak ve levye veya tornavida gibi uygun aletlere ihtiyac\u0131n\u0131z olacak.<\/li>\n<li><strong>U\u00e7 Kapa\u011f\u0131n\u0131 Tan\u0131mlay\u0131n:<\/strong> U\u00e7 kapak genellikle hidrolik silindirin bir ucunda bulunur ve c\u0131vatalar veya tutma halkalar\u0131 ile sabitlenir.<\/li>\n<li><strong>C\u0131vatalara Eri\u015fim:<\/strong> U\u00e7 kapak c\u0131vatalarla sabitlenmi\u015fse, c\u0131vatalar\u0131 gev\u015fetmek ve \u00e7\u0131karmak i\u00e7in uygun anahtar veya lokma setini kullan\u0131n. E\u015fit bas\u0131n\u00e7 tahliyesi sa\u011flamak i\u00e7in c\u0131vatalar\u0131 \u00e7apraz \u015fekilde gev\u015feterek ba\u015flay\u0131n.<\/li>\n<li><strong>Tutma Halkalar\u0131n\u0131 \u00c7\u0131kar\u0131n:<\/strong> U\u00e7 kapa\u011f\u0131 bazen tutma halkalar\u0131yla sabitlenebilir. Silindire veya u\u00e7 kapa\u011fa zarar vermeyecek \u015fekilde tutma halkalar\u0131n\u0131 dikkatlice \u00e7\u0131karmak i\u00e7in bir levye veya tornavida kullan\u0131n.<\/li>\n<li><strong>Yava\u015f\u00e7a dokunun:<\/strong> C\u0131vatalar veya tespit halkalar\u0131 \u00e7\u0131kar\u0131ld\u0131ktan sonra, u\u00e7 kapa\u011f\u0131 hidrolik bas\u0131n\u00e7 veya s\u00fcrt\u00fcnme nedeniyle hala s\u0131k\u0131ca kapal\u0131 olabilir. U\u00e7 kapa\u011f\u0131n \u00e7evresine hafif\u00e7e vurmak i\u00e7in lastik bir tokmak kullan\u0131n. Bu, yap\u0131\u015ft\u0131r\u0131c\u0131 veya s\u0131zd\u0131rmazl\u0131k malzemesinin k\u0131r\u0131lmas\u0131na ve u\u00e7 kapa\u011f\u0131n gev\u015femesine yard\u0131mc\u0131 olur.<\/li>\n<li><strong>U\u00e7 Kapa\u011f\u0131n\u0131 Kald\u0131r\u0131n:<\/strong> U\u00e7 kapa\u011f\u0131 gev\u015fetildikten sonra, bir levye veya tornavida kullanarak u\u00e7 kapa\u011f\u0131 dikkatlice \u00e7\u0131kar\u0131n. Bir kenardan ba\u015flay\u0131p, silindire veya u\u00e7 kapa\u011fa zarar vermemek i\u00e7in hafif ve e\u015fit bir bask\u0131 uygulayarak ilerleyin. U\u00e7 kapa\u011f\u0131n \u00e7\u0131kmas\u0131na yard\u0131mc\u0131 olmak i\u00e7in levyeye lastik bir tokmakla hafif\u00e7e vurun.<\/li>\n<li><strong>Denetleyin ve Temizleyin:<\/strong> U\u00e7 kapa\u011f\u0131 \u00e7\u0131kar\u0131ld\u0131ktan sonra, herhangi bir hasar, a\u015f\u0131nma veya s\u0131z\u0131nt\u0131 belirtisi olup olmad\u0131\u011f\u0131n\u0131 kontrol edin. De\u011fi\u015ftirilmesi gerekebilecek conta veya contalar\u0131 not edin. Yeniden montaj contas\u0131n\u0131n d\u00fczg\u00fcn bir \u015fekilde \u00e7al\u0131\u015ft\u0131\u011f\u0131ndan emin olmak i\u00e7in u\u00e7 kapa\u011f\u0131 ve silindir montaj y\u00fczeyini iyice temizleyin.<\/li>\n<\/ol>\n<\/div>\n<\/div>\n<\/div>\n<\/div>\n<\/div>\n<\/div>\n<h2><strong>Fabrikan\u0131n Kapasitesi ve Kapasitesi:<\/strong><\/h2>\n<h3>(1) Meclis<\/h3>\n<p>Birinci s\u0131n\u0131f ba\u011f\u0131ms\u0131z bir ara\u015ft\u0131rma ve geli\u015ftirme montaj platformumuz bulunmaktad\u0131r. Hidrolik silindir \u00fcretim at\u00f6lyemizde, y\u0131ll\u0131k 1 milyon adet \u00fcretim kapasitesine sahip d\u00f6rt adet yar\u0131 otomatik kald\u0131rma silindiri montaj hatt\u0131 ve bir adet otomatik devirme silindiri montaj hatt\u0131 bulunmaktad\u0131r. \u00d6zel silindir at\u00f6lyemiz, y\u0131ll\u0131k 200.000 adet \u00fcretim kapasitesine sahip \u00e7e\u015fitli \u00f6zelliklerde yar\u0131 otomatik temizleme montaj sistemiyle donat\u0131lm\u0131\u015ft\u0131r. Ayr\u0131ca, \u00fcnl\u00fc CNC i\u015fleme ekipmanlar\u0131, bir i\u015fleme merkezi, y\u00fcksek hassasiyetli silindir i\u015fleme \u00f6zel ekipmanlar\u0131, bir robot kaynak makinesi, bir otomatik temizleme makinesi, otomatik silindir montaj makinesi ve otomatik boyama \u00fcretim hatt\u0131 ile donat\u0131lm\u0131\u015ft\u0131r. 300'den fazla setten olu\u015fan kritik ekipmanlar mevcuttur. Ekipman kaynaklar\u0131n\u0131n optimum da\u011f\u0131l\u0131m\u0131 ve verimli kullan\u0131m\u0131, \u00fcr\u00fcnlerin hassasiyet gereksinimlerini kar\u015f\u0131lar ve \u00fcr\u00fcnlerin y\u00fcksek kalite ihtiya\u00e7lar\u0131n\u0131 kar\u015f\u0131lar.<\/p>\n<p><img loading=\"lazy\" decoding=\"async\" class=\"alignnone wp-image-626\" src=\"https:\/\/hydraulic-cylinders.net\/wp-content\/uploads\/2023\/08\/hydraulic-cylinder-product-1-300x158.webp\" alt=\"\" width=\"495\" height=\"260\" srcset=\"https:\/\/hydraulic-cylinders.net\/wp-content\/uploads\/2023\/08\/hydraulic-cylinder-product-1-300x158.webp 495w, https:\/\/hydraulic-cylinders.net\/wp-content\/uploads\/2023\/08\/hydraulic-cylinder-product-1-480x252.webp 480w\" sizes=\"(min-width: 0px) and (max-width: 480px) 480px, (min-width: 481px) 495px, 100vw\" \/> <img loading=\"lazy\" decoding=\"async\" class=\"alignnone wp-image-627\" src=\"https:\/\/hydraulic-cylinders.net\/wp-content\/uploads\/2023\/08\/hydraulic-cylinder-product-2-300x189.webp\" alt=\"\" width=\"413\" height=\"260\" \/><\/p>\n<h3>(2) \u0130\u015fleme<\/h3>\n<p>\u0130\u015fleme at\u00f6lyesi, maksimum 400 mm i\u00e7 \u00e7apa ve maksimum 6 metre uzunlu\u011fa sahip silindir borular\u0131n\u0131n i\u015flenmesini ger\u00e7ekle\u015ftirebilen \u00f6zel e\u011fimli ray torna merkezi, i\u015fleme merkezi, y\u00fcksek h\u0131zl\u0131 honlama makinesi, kaynak robotu ve di\u011fer ilgili ekipmanlarla donat\u0131lm\u0131\u015ft\u0131r.<\/p>\n<p><img loading=\"lazy\" decoding=\"async\" class=\"alignnone wp-image-628 size-large\" src=\"https:\/\/hydraulic-cylinders.net\/wp-content\/uploads\/2023\/08\/hydraulic-cylinder-product-3-1024x391.webp\" alt=\"\" width=\"1024\" height=\"391\" srcset=\"https:\/\/hydraulic-cylinders.net\/wp-content\/uploads\/2023\/08\/hydraulic-cylinder-product-3-980x374.webp 980w, https:\/\/hydraulic-cylinders.net\/wp-content\/uploads\/2023\/08\/hydraulic-cylinder-product-3-480x183.webp 480w\" sizes=\"(min-width: 0px) and (max-width: 480px) 480px, (min-width: 481px) and (max-width: 980px) 980px, (min-width: 981px) 1024px, 100vw\" \/><\/p>\n<h3>(3) Kaynak<\/h3>\n<p><img loading=\"lazy\" decoding=\"async\" class=\"alignnone wp-image-629 size-large\" src=\"https:\/\/hydraulic-cylinders.net\/wp-content\/uploads\/2023\/08\/hydraulic-cylinder-product-4-1024x510.webp\" alt=\"\" width=\"1024\" height=\"510\" srcset=\"https:\/\/hydraulic-cylinders.net\/wp-content\/uploads\/2023\/08\/hydraulic-cylinder-product-4-980x488.webp 980w, https:\/\/hydraulic-cylinders.net\/wp-content\/uploads\/2023\/08\/hydraulic-cylinder-product-4-480x239.webp 480w\" sizes=\"(min-width: 0px) and (max-width: 480px) 480px, (min-width: 481px) and (max-width: 980px) 980px, (min-width: 981px) 1024px, 100vw\" \/><\/p>\n<h3>(4) Boyama ve kaplama<\/h3>\n<p>K\u00fc\u00e7\u00fck ve orta \u00f6l\u00e7ekli silindirli otomatik su bazl\u0131 boya kaplama hatlar\u0131nda, otomatik robot y\u00fckleme-bo\u015faltma ve otomatik p\u00fcsk\u00fcrtmeyi ger\u00e7ekle\u015ftirmek i\u00e7in, vardiya ba\u015f\u0131na 4000 adet tasar\u0131m kapasitesi;<br \/>\nAyr\u0131ca, vardiya ba\u015f\u0131na 60 kasa kapasiteli, g\u00fc\u00e7 zinciriyle \u00e7al\u0131\u015fan b\u00fcy\u00fck silindirler i\u00e7in yar\u0131 otomatik boya \u00fcretim hatt\u0131m\u0131z da bulunmaktad\u0131r.<\/p>\n<p><img loading=\"lazy\" decoding=\"async\" class=\"alignnone wp-image-630\" src=\"https:\/\/hydraulic-cylinders.net\/wp-content\/uploads\/2023\/08\/hydraulic-cylinder-product-5-300x213.webp\" alt=\"\" width=\"366\" height=\"260\" \/> <img loading=\"lazy\" decoding=\"async\" class=\"alignnone wp-image-631\" src=\"https:\/\/hydraulic-cylinders.net\/wp-content\/uploads\/2023\/08\/hydraulic-cylinder-product-6-300x225.webp\" alt=\"\" width=\"347\" height=\"260\" \/><\/p>\n<h3>(5) Test etme<\/h3>\n<p>Silindirin performans\u0131n\u0131n gereklilikleri kar\u015f\u0131lad\u0131\u011f\u0131ndan emin olmak i\u00e7in birinci s\u0131n\u0131f muayene tesislerimiz ve test yataklar\u0131m\u0131z bulunmaktad\u0131r.<\/p>\n<p><img loading=\"lazy\" decoding=\"async\" class=\"alignnone wp-image-632\" src=\"https:\/\/hydraulic-cylinders.net\/wp-content\/uploads\/2023\/08\/hydraulic-cylinder-product-8-300x200.webp\" alt=\"\" width=\"389\" height=\"260\" \/><\/p>\n<p>&nbsp;<\/p>\n<p>&nbsp;<\/p>\n<p>En iyi hidrolik silindir \u00fcreticilerinden biriyiz. Kapsaml\u0131 hidrolik silindirler sunabiliyoruz. Ayr\u0131ca, ilgili hidrolik silindirleri de sa\u011fl\u0131yoruz. <a href=\"https:\/\/hzpt.com\/agricultural-pto-gearbox\/\" target=\"_blank\" rel=\"noopener\">tar\u0131msal di\u015fli kutular\u0131<\/a>\u00dcr\u00fcnlerimizi d\u00fcnya \u00e7ap\u0131ndaki m\u00fc\u015fterilerimize ihra\u00e7 ettik ve \u00fcst\u00fcn \u00fcr\u00fcn kalitemiz ve sat\u0131\u015f sonras\u0131 hizmetlerimiz sayesinde iyi bir itibar kazand\u0131k. Yurt i\u00e7i ve yurt d\u0131\u015f\u0131ndaki m\u00fc\u015fterilerimizi i\u015f g\u00f6r\u00fc\u015fmeleri yapmak, bilgi al\u0131\u015fveri\u015finde bulunmak ve <a href=\"https:\/\/www.hydraulic-cylinders.net\/tr\/contact-us\/\">bizimle i\u015fbirli\u011fi yap\u0131n<\/a>!<\/p>","protected":false},"excerpt":{"rendered":"<p>Press Clamping Cylinder The press clamping cylinder is a cutting-edge product that delivers exceptional performance and reliability in various industrial applications. With its advanced features and robust design, this cylinder offers enhanced clamping force, precise control, and improved productivity. The press clamping cylinder is a game-changer in industrial applications, offering high clamping force, precise control, [&hellip;]<\/p>","protected":false},"featured_media":1646,"comment_status":"open","ping_status":"closed","template":"","meta":{"_et_pb_use_builder":"","_et_pb_old_content":"","_et_gb_content_width":""},"product_brand":[],"product_cat":[1522,1549,1376],"product_tag":[1380],"class_list":{"0":"post-1644","1":"product","2":"type-product","3":"status-publish","4":"has-post-thumbnail","6":"product_cat-press-hydraulic-cylinders","7":"product_cat-single-acting-hydraulic-cylinder","8":"product_cat-hydraulic-cylinder","9":"product_tag-hydraulic-cylinder","11":"first","12":"instock","13":"shipping-taxable","14":"product-type-simple"},"amp_enabled":true,"_links":{"self":[{"href":"https:\/\/www.hydraulic-cylinders.net\/tr\/wp-json\/wp\/v2\/product\/1644","targetHints":{"allow":["GET"]}}],"collection":[{"href":"https:\/\/www.hydraulic-cylinders.net\/tr\/wp-json\/wp\/v2\/product"}],"about":[{"href":"https:\/\/www.hydraulic-cylinders.net\/tr\/wp-json\/wp\/v2\/types\/product"}],"replies":[{"embeddable":true,"href":"https:\/\/www.hydraulic-cylinders.net\/tr\/wp-json\/wp\/v2\/comments?post=1644"}],"wp:featuredmedia":[{"embeddable":true,"href":"https:\/\/www.hydraulic-cylinders.net\/tr\/wp-json\/wp\/v2\/media\/1646"}],"wp:attachment":[{"href":"https:\/\/www.hydraulic-cylinders.net\/tr\/wp-json\/wp\/v2\/media?parent=1644"}],"wp:term":[{"taxonomy":"product_brand","embeddable":true,"href":"https:\/\/www.hydraulic-cylinders.net\/tr\/wp-json\/wp\/v2\/product_brand?post=1644"},{"taxonomy":"product_cat","embeddable":true,"href":"https:\/\/www.hydraulic-cylinders.net\/tr\/wp-json\/wp\/v2\/product_cat?post=1644"},{"taxonomy":"product_tag","embeddable":true,"href":"https:\/\/www.hydraulic-cylinders.net\/tr\/wp-json\/wp\/v2\/product_tag?post=1644"}],"curies":[{"name":"wp","href":"https:\/\/api.w.org\/{rel}","templated":true}]}}