{"id":16450,"date":"2025-01-21T05:26:12","date_gmt":"2025-01-21T05:26:12","guid":{"rendered":"https:\/\/www.hydraulic-cylinders.net\/product\/arm-cylinder-for-sunward-middle-excavator-swe230elr\/"},"modified":"2025-01-21T05:26:14","modified_gmt":"2025-01-21T05:26:14","slug":"arm-cylinder-for-sunward-middle-excavator-swe230elr","status":"publish","type":"product","link":"https:\/\/www.hydraulic-cylinders.net\/tr\/urun\/arm-cylinder-for-sunward-middle-excavator-swe230elr\/","title":{"rendered":"Sunward Orta Ekskavat\u00f6r SWE230ELR i\u00e7in Kol Silindiri"},"content":{"rendered":"<h1>Sunward Orta Ekskavat\u00f6r SWE230ELR i\u00e7in Kol Silindiri<\/h1>\n<h2>girii\u015f<\/h2>\n<p>Kol silindiri, ekskavat\u00f6rler, vin\u00e7ler ve mekanik kollar gibi \u00e7e\u015fitli makine t\u00fcrlerinin kollar\u0131na do\u011frusal hareket ve g\u00fc\u00e7 sa\u011flayan \u00f6zel olarak tasarlanm\u0131\u015f bir hidrolik silindirdir. Kol silindiri, hidrolik sistemde kritik bir rol oynar ve ata\u015fmanlar\u0131n veya aksesuarlar\u0131n etkili bir \u015fekilde hareket etmesini ve kontrol edilmesini sa\u011flar. Bu silindirler sadece d\u00fczg\u00fcn hareket sa\u011flamakla kalmaz, ayn\u0131 zamanda a\u011f\u0131r y\u00fcklere de dayanarak, \u00e7e\u015fitli \u00e7al\u0131\u015fma ko\u015fullar\u0131nda makinelerin verimli ve g\u00fcvenilir \u00e7al\u0131\u015fmas\u0131n\u0131 sa\u011flar.<\/p>\n<p><img decoding=\"async\" src=\"https:\/\/www.hydraulic-cylinders.net\/wp-content\/uploads\/2025\/01\/songte-company-2.webp\" alt=\"Kol Silindiri G\u00f6r\u00fcnt\u00fcs\u00fc\"><\/p>\n<h3>Tan\u0131m ve A\u00e7\u0131klama<\/h3>\n<p>Kol silindiri, \u00e7e\u015fitli makinelerin kollar\u0131na do\u011frusal hareket ve g\u00fc\u00e7 sa\u011flamak \u00fczere tasarlanm\u0131\u015f bir hidrolik silindir t\u00fcr\u00fcd\u00fcr. Silindirik bir namlu, bir piston ve bir \u00e7ubuktan olu\u015fur ve bunlar do\u011frusal hareket \u00fcretmek i\u00e7in birlikte \u00e7al\u0131\u015f\u0131r. Hidrolik s\u0131v\u0131 silindire girer ve pistona bas\u0131n\u00e7 uygular, bu da \u00e7ubu\u011fu ve kolu ileri do\u011fru iter.<\/p>\n<ul>\n<li>\n<h3>Verimli G\u00fc\u00e7 Aktar\u0131m\u0131<\/h3>\n<p>Kol silindiri g\u00fc\u00e7l\u00fc do\u011frusal hareket ve kuvvet sa\u011flayarak mekanik kollar\u0131n \u00e7e\u015fitli i\u015flemleri s\u0131ras\u0131nda y\u00fcksek performans verimlili\u011fi sa\u011flar.<\/p>\n<\/li>\n<li>\n<h3>Hassas Kontrol<\/h3>\n<p>Kol silindiri, hidrolik sistem sayesinde hassas hareket kontrol\u00fc sa\u011flayabilir ve bu sayede ba\u011fl\u0131 aletlerin \u00e7al\u0131\u015fmas\u0131 daha esnek ve hassas hale gelir.<\/p>\n<\/li>\n<li>\n<h3>Dayan\u0131kl\u0131l\u0131k<\/h3>\n<p>Kol silindiri genellikle y\u00fcksek mukavemetli malzemelerden yap\u0131l\u0131r ve iyi a\u015f\u0131nma ve korozyon direncine sahiptir, bu da onu zorlu ortamlarda uzun s\u00fcreli kullan\u0131ma uygun hale getirir.<\/p>\n<\/li>\n<li>\n<h3>\u00c7ok \u0130\u015flevli Uyarlanabilirlik<\/h3>\n<p>Bu silindirler ekskavat\u00f6rler, vin\u00e7ler ve mekanik kollar gibi \u00e7e\u015fitli mekanik ekipmanlarda yayg\u0131n olarak kullan\u0131labilir ve farkl\u0131 \u00e7al\u0131\u015fma gereksinimlerine uyum sa\u011flayabilir.<\/p>\n<\/li>\n<li>\n<h3>Kolay Bak\u0131m<\/h3>\n<p>Kol silindirinin tasar\u0131m\u0131, bak\u0131m\u0131n\u0131 ve de\u011fi\u015fimini kolayla\u015ft\u0131r\u0131r, d\u00fczenli muayene ve bak\u0131m\u0131 daha rahat hale getirir ve ekipman\u0131n ar\u0131za s\u00fcresini azalt\u0131r.<\/p>\n<\/li>\n<\/ul>\n<p><img decoding=\"async\" src=\"https:\/\/www.hydraulic-cylinders.net\/wp-content\/uploads\/2025\/01\/songte-oil-pipes-and-spare-parts.webp\" alt=\"Kol Silindiri Yedek Par\u00e7a G\u00f6rseli\"><\/p>\n<h2>Ba\u015fvuru<\/h2>\n<p>Kol silindiri \u00e7e\u015fitli end\u00fcstrilerde ve uygulamalarda yayg\u0131n olarak kullan\u0131lmaktad\u0131r:<\/p>\n<ul>\n<li>\n<h3>\u0130n\u015faat M\u00fchendisli\u011fi<\/h3>\n<p>Ekskavat\u00f6rlerde ve vin\u00e7lerde, kol silindiri arazi temizleme, malzeme ta\u015f\u0131ma ve yap\u0131sal montaj g\u00f6revleri s\u0131ras\u0131nda kovalar\u0131n veya bomlar\u0131n hareketini kontrol eder.<\/p>\n<\/li>\n<li>\n<h3>\u00dcretme<\/h3>\n<p>Otomatik \u00fcretim hatlar\u0131nda kol silindiri, montaj, kaynak ve malzeme ta\u015f\u0131ma s\u00fcre\u00e7leri s\u0131ras\u0131nda mekanik kollar\u0131n hareketini kontrol ederek \u00fcretim verimlili\u011fini ve do\u011frulu\u011funu art\u0131r\u0131r.<\/p>\n<\/li>\n<li>\n<h3>Tar\u0131m Makinalar\u0131<\/h3>\n<p>Bi\u00e7erd\u00f6ver ve ekim makinesi gibi tar\u0131m makinelerinde kol silindiri, ekim, g\u00fcbreleme ve hasat gibi g\u00f6revleri ger\u00e7ekle\u015ftirmek i\u00e7in \u00e7al\u0131\u015fan kollar\u0131n hareketini kontrol eder.<\/p>\n<\/li>\n<li>\n<h3>Madencilik<\/h3>\n<p>Madencilik ekipmanlar\u0131nda kol silindiri, madencilik ve malzeme ta\u015f\u0131ma g\u00f6revleri s\u0131ras\u0131nda kolun hareketini kontrol eder.<\/p>\n<\/li>\n<li>\n<h3>Lojistik ve Ta\u015f\u0131mac\u0131l\u0131k<\/h3>\n<p>Forkliftlerde ve malzeme ta\u015f\u0131ma robotlar\u0131nda, kol silindiri, malzemelerin kald\u0131r\u0131lmas\u0131 ve ta\u015f\u0131nmas\u0131 i\u00e7in \u00e7atal\u0131n hareketini kontrol ederek verimli malzeme ta\u015f\u0131ma ve istiflemeyi m\u00fcmk\u00fcn k\u0131lar.<\/p>\n<\/li>\n<\/ul>\n<h2>Tasar\u0131m Hususlar\u0131 ve Se\u00e7im Kriterleri<\/h2>\n<p>Bir kol silindiri tasarlan\u0131rken, optimum performans\u0131n sa\u011flanmas\u0131 i\u00e7in \u00e7e\u015fitli fakt\u00f6rlerin g\u00f6z \u00f6n\u00fcnde bulundurulmas\u0131 gerekir, bunlar aras\u0131nda \u015funlar yer al\u0131r:<\/p>\n<ul>\n<li>\n<h3>Y\u00fck Kapasitesi<\/h3>\n<p>Kol silindiri y\u00fck\u00fcn a\u011f\u0131rl\u0131\u011f\u0131na dayanabilmeli ve \u00e7e\u015fitli y\u00fck ko\u015fullar\u0131nda sorunsuz \u00e7al\u0131\u015fabilmelidir.<\/p>\n<\/li>\n<li>\n<h3>S\u0131zd\u0131rmazl\u0131k<\/h3>\n<p>Kol silindirinin, performans\u0131 d\u00fc\u015f\u00fcrebilecek ve g\u00fcvenlik tehlikelerine yol a\u00e7abilecek hidrolik s\u0131v\u0131 s\u0131z\u0131nt\u0131s\u0131n\u0131 \u00f6nlemek i\u00e7in g\u00fcvenilir bir s\u0131zd\u0131rmazl\u0131\u011fa sahip olmas\u0131 gerekir.<\/p>\n<\/li>\n<li>\n<h3>Dayan\u0131kl\u0131l\u0131k<\/h3>\n<p>Uzun s\u00fcreli zorlu ortamlarda kullan\u0131m i\u00e7in kol silindirinin a\u015f\u0131nma ve korozyona dayan\u0131kl\u0131, y\u00fcksek kaliteli malzemelerden \u00fcretilmi\u015f olmas\u0131 gerekir.<\/p>\n<\/li>\n<li>\n<h3>Emniyet<\/h3>\n<p>A\u015f\u0131r\u0131 y\u00fcklenme ve kazalar\u0131 \u00f6nlemek i\u00e7in bas\u0131n\u00e7 tahliye vanalar\u0131 gibi g\u00fcvenlik \u00f6zellikleri eklenmelidir.<\/p>\n<\/li>\n<li>\n<h3>Bak\u0131m<\/h3>\n<p>Kol silindiri, contalar ve pistonlar gibi bile\u015fenlere kolay eri\u015fim sa\u011flanacak \u015fekilde, kolay bak\u0131m ve onar\u0131m yap\u0131labilecek \u015fekilde tasarlanmal\u0131d\u0131r.<\/p>\n<\/li>\n<\/ul>\n<p><img decoding=\"async\" src=\"https:\/\/www.hydraulic-cylinders.net\/wp-content\/uploads\/2025\/01\/songte-cylinder-head-with-all-kinds-excavator-models.webp\" alt=\"Kol Silindir Kafas\u0131 G\u00f6r\u00fcnt\u00fcs\u00fc\"><\/p>\n<h2>S\u0131zd\u0131rmazl\u0131k ve Ya\u011flama<\/h2>\n<p>Kol silindiri, s\u0131v\u0131 s\u0131z\u0131nt\u0131s\u0131n\u0131 \u00f6nlemek i\u00e7in poli\u00fcretan ve nitril kau\u00e7uk gibi a\u015f\u0131nmaya dayan\u0131kl\u0131 malzemelerden yap\u0131lm\u0131\u015f piston contalar\u0131 ve piston kolu contalar\u0131 gibi \u00e7e\u015fitli s\u0131zd\u0131rmazl\u0131k bile\u015fenleri kullan\u0131r. Silindir g\u00f6vdesi ve di\u015fli u\u00e7 y\u00fczeyleri, a\u015f\u0131nma direncini art\u0131rmak i\u00e7in hassas bir i\u015flemden ge\u00e7irilir. Sorunsuz ve etkili bir \u00e7al\u0131\u015fma i\u00e7in ya\u011flama i\u00e7in uygun miktarda hidrolik ya\u011f\u0131n d\u00fczenli olarak eklenmesi gerekir.<\/p>\n<p><img decoding=\"async\" src=\"https:\/\/www.hydraulic-cylinders.net\/wp-content\/uploads\/2025\/01\/songte-chushion-collar.webp\" alt=\"Kol Silindir Yaka G\u00f6rseli\"><\/p>\n<h2>Bak\u0131m ve Sorun Giderme<\/h2>\n<p>Kol silindirinin uzun vadeli performans\u0131 ve g\u00fcvenilirli\u011fi i\u00e7in d\u00fczenli muayene ve \u00f6nleyici bak\u0131m \u015fartt\u0131r. Uygun bak\u0131m yap\u0131lmazsa, s\u0131v\u0131 s\u0131z\u0131nt\u0131lar\u0131, conta a\u015f\u0131nmas\u0131 ve piston hasar\u0131 gibi yayg\u0131n sorunlar ortaya \u00e7\u0131kabilir. Ar\u0131za durumunda, s\u0131v\u0131 seviyelerini kontrol etme, contalar\u0131 inceleme ve piston hareketini inceleme gibi uygun sorun giderme y\u00f6ntemleri, sorunlar\u0131n te\u015fhis ve \u00e7\u00f6z\u00fcm\u00fcne yard\u0131mc\u0131 olabilir. Ayr\u0131ca, olas\u0131 sorunlar\u0131 azaltmak i\u00e7in a\u015f\u0131r\u0131 y\u00fcklemeden ka\u00e7\u0131nma ve uygun ya\u011flamay\u0131 s\u00fcrd\u00fcrme gibi \u00f6nleyici tedbirler almak da \u00e7ok \u00f6nemlidir.<\/p>\n<h2>Kurulum K\u0131lavuzu<\/h2>\n<p>Optimum performans ve g\u00fcvenlik i\u00e7in kol silindirinin do\u011fru \u015fekilde tak\u0131lmas\u0131 \u00e7ok \u00f6nemlidir. A\u015fa\u011f\u0131daki ad\u0131mlar izlenmelidir:<\/p>\n<ol>\n<li>Silindirin ve hidrolik sistemin temiz ve kirleticilerden ar\u0131nd\u0131r\u0131lm\u0131\u015f oldu\u011fundan emin olun.<\/li>\n<li>Silindiri makinenin koluna tak\u0131n ve c\u0131vata ve somunlarla sabitleyin.<\/li>\n<li>Hidrolik hortumlar\u0131n\u0131 silindire ve makinenin hidrolik sistemine ba\u011flay\u0131n.<\/li>\n<li>Hidrolik sistemi uygun miktarda hidrolik ya\u011f ile doldurun.<\/li>\n<li>Silindirin d\u00fczg\u00fcn hareket etti\u011fini ve bas\u0131n\u00e7 sa\u011flad\u0131\u011f\u0131n\u0131 test edin.<\/li>\n<\/ol>\n<p><img decoding=\"async\" src=\"https:\/\/www.hydraulic-cylinders.net\/wp-content\/uploads\/2025\/01\/songte-bushings-with-all-kinds-of-excavator-models.webp\" alt=\"Kol Silindir Bur\u00e7lar\u0131 G\u00f6rseli\"><\/p>\n<h2>G\u00fcvenlik Hususlar\u0131 ve \u00c7evresel Fakt\u00f6rler<\/h2>\n<p>Kol silindiri kullan\u0131l\u0131rken g\u00fcvenlik kritik bir husustur. A\u015f\u0131r\u0131 y\u00fckleme ve yanl\u0131\u015f kullan\u0131m, kazalara ve ekipman hasar\u0131na neden olabilir. Ayr\u0131ca, \u00e7evresel etkiyi azaltmak i\u00e7in kol silindiri uygun \u015fekilde kullan\u0131lmal\u0131 ve imha edilmelidir.<\/p>\n<h2>\u015eirketimiz Hakk\u0131nda<\/h2>\n<p>Geni\u015f bir \u00fcr\u00fcn yelpazesine sahip profesyonel bir yedek hidrolik silindir \u00fcreticisiyiz ve yurt i\u00e7i ve yurt d\u0131\u015f\u0131 pazarlarda lider hidrolik silindir \u00fcreticilerinden ve toptan da\u011f\u0131t\u0131mc\u0131lar\u0131ndan biri haline geldik. Her zaman m\u00fckemmel kalite ilkesine ba\u011fl\u0131 kal\u0131yor, teknik seviyemizi ve \u00fcretim verimlili\u011fimizi s\u00fcrekli iyile\u015ftirmek i\u00e7in geli\u015fmi\u015f \u00fcretim at\u00f6lyemizin end\u00fcstriyel \u00fcretim y\u00f6netimi stratejisine g\u00fcveniyoruz. \u00dcst d\u00fczey dijital \u00fcretim ekipmanlar\u0131 ve profesyonel test sistemleri sunarak \u00fcretim platformumuzu optimize ediyor, \u00fcr\u00fcn kalite kontrol s\u00fcrecini iyile\u015ftiriyor ve g\u00fc\u00e7l\u00fc inovasyon yeteneklerine sahibiz. Amac\u0131m\u0131z, y\u00fcksek verimlilik, do\u011fruluk ve y\u00fcksek kalite prensipleriyle m\u00fc\u015fterilerimizin \u00e7e\u015fitli ihtiya\u00e7lar\u0131n\u0131 kar\u015f\u0131lamakt\u0131r.<\/p>\n<p>A\u015fa\u011f\u0131daki gibi \u00e7e\u015fitli hizmetler sunuyoruz:<\/p>\n<ul>\n<li>\n<h3>Profesyonellik<\/h3>\n<p>Hidrolik silindir sekt\u00f6r\u00fcnde uzun y\u0131llara dayanan deneyime sahip profesyonellerden olu\u015fan bir ekibimiz var, m\u00fc\u015fterilerimize uzman tavsiyeleri ve \u00e7\u00f6z\u00fcmler sunuyoruz.<\/p>\n<\/li>\n<li>\n<h3>Uluslararas\u0131 Sertifikasyon<\/h3>\n<p>\u00dcr\u00fcnlerimiz ISO9001 ve CE gibi \u00e7e\u015fitli uluslararas\u0131 sertifikalardan ge\u00e7mi\u015f olup, m\u00fc\u015fterilerimize y\u00fcksek kaliteli ve g\u00fcvenli \u00fcr\u00fcnler sunmay\u0131 garantilemektedir.<\/p>\n<\/li>\n<li>\n<h3>\u00d6zelle\u015ftirme<\/h3>\n<p>M\u00fc\u015fterilerimizin \u00f6zel ihtiya\u00e7lar\u0131n\u0131 kar\u015f\u0131lamak i\u00e7in, benzersiz silindir boyutlar\u0131 ve tasar\u0131mlar\u0131 da dahil olmak \u00fczere \u00f6zelle\u015ftirilmi\u015f \u00e7\u00f6z\u00fcmler sunuyoruz.<\/p>\n<\/li>\n<li>\n<h3>\u00dcretim Ekipmanlar\u0131<\/h3>\n<p>Y\u00fcksek kaliteli silindirleri daha verimli bir \u015fekilde \u00fcretmemize yard\u0131mc\u0131 olan CNC makineleri gibi modern ve geli\u015fmi\u015f \u00fcretim ekipmanlar\u0131 kullan\u0131yoruz.<\/p>\n<\/li>\n<li>\n<h3>Sat\u0131\u015f Sonras\u0131 Hizmet<\/h3>\n<p>M\u00fc\u015fterilerimize her t\u00fcrl\u00fc sorunu \u00e7\u00f6zmeye ve her t\u00fcrl\u00fc soruyu cevaplamaya haz\u0131r teknisyen ekibimizle m\u00fckemmel sat\u0131\u015f sonras\u0131 hizmeti sa\u011fl\u0131yoruz.<\/p>\n<\/li>\n<\/ul>\n<p><img decoding=\"async\" src=\"https:\/\/www.hydraulic-cylinders.net\/wp-content\/uploads\/2025\/01\/songte-company-4.webp\" alt=\"\u015eirket \u0130maj\u0131\"><br \/>\n<img decoding=\"async\" src=\"https:\/\/www.hydraulic-cylinders.net\/wp-content\/uploads\/2025\/01\/songte-company-3.webp\" alt=\"\u015eirket \u0130maj\u0131\"><\/p>\n<p>Yazar: lyl.<\/p>","protected":false},"excerpt":{"rendered":"<p>Arm Cylinder for Sunward Middle Excavator SWE230ELR Introduction The arm cylinder is a specially designed hydraulic cylinder that provides linear motion and power to arms of various types of machinery such as excavators, cranes, and mechanical arms. The arm cylinder plays a critical role in the hydraulic system, allowing attachments or accessories to move and [&hellip;]<\/p>","protected":false},"featured_media":14774,"comment_status":"open","ping_status":"closed","template":"","meta":{"_et_pb_use_builder":"","_et_pb_old_content":"","_et_gb_content_width":""},"product_brand":[],"product_cat":[1497],"product_tag":[1498,1496],"class_list":{"0":"post-16450","1":"product","2":"type-product","3":"status-publish","4":"has-post-thumbnail","6":"product_cat-arm-cylinders","7":"product_tag-arm-cylinders","8":"product_tag-hydraulic-cylinders","10":"first","11":"instock","12":"shipping-taxable","13":"product-type-simple"},"amp_enabled":true,"_links":{"self":[{"href":"https:\/\/www.hydraulic-cylinders.net\/tr\/wp-json\/wp\/v2\/product\/16450","targetHints":{"allow":["GET"]}}],"collection":[{"href":"https:\/\/www.hydraulic-cylinders.net\/tr\/wp-json\/wp\/v2\/product"}],"about":[{"href":"https:\/\/www.hydraulic-cylinders.net\/tr\/wp-json\/wp\/v2\/types\/product"}],"replies":[{"embeddable":true,"href":"https:\/\/www.hydraulic-cylinders.net\/tr\/wp-json\/wp\/v2\/comments?post=16450"}],"wp:featuredmedia":[{"embeddable":true,"href":"https:\/\/www.hydraulic-cylinders.net\/tr\/wp-json\/wp\/v2\/media\/14774"}],"wp:attachment":[{"href":"https:\/\/www.hydraulic-cylinders.net\/tr\/wp-json\/wp\/v2\/media?parent=16450"}],"wp:term":[{"taxonomy":"product_brand","embeddable":true,"href":"https:\/\/www.hydraulic-cylinders.net\/tr\/wp-json\/wp\/v2\/product_brand?post=16450"},{"taxonomy":"product_cat","embeddable":true,"href":"https:\/\/www.hydraulic-cylinders.net\/tr\/wp-json\/wp\/v2\/product_cat?post=16450"},{"taxonomy":"product_tag","embeddable":true,"href":"https:\/\/www.hydraulic-cylinders.net\/tr\/wp-json\/wp\/v2\/product_tag?post=16450"}],"curies":[{"name":"wp","href":"https:\/\/api.w.org\/{rel}","templated":true}]}}