{"id":16454,"date":"2025-01-21T05:26:27","date_gmt":"2025-01-21T05:26:27","guid":{"rendered":"https:\/\/www.hydraulic-cylinders.net\/product\/arm-cylinder-for-sunward-large-excavator-swe365e\/"},"modified":"2025-01-21T05:26:29","modified_gmt":"2025-01-21T05:26:29","slug":"arm-cylinder-for-sunward-large-excavator-swe365e","status":"publish","type":"product","link":"https:\/\/www.hydraulic-cylinders.net\/tr\/urun\/arm-cylinder-for-sunward-large-excavator-swe365e\/","title":{"rendered":"Sunward B\u00fcy\u00fck Ekskavat\u00f6r SWE365E i\u00e7in Kol Silindiri"},"content":{"rendered":"<h1>Sunward B\u00fcy\u00fck Ekskavat\u00f6r SWE365E i\u00e7in Kol Silindiri<\/h1>\n<h2>girii\u015f<\/h2>\n<p>Kol silindiri, ekskavat\u00f6rler, vin\u00e7ler ve mekanik kollar gibi \u00e7e\u015fitli makinelerin kollar\u0131na do\u011frusal hareket ve g\u00fc\u00e7 sa\u011flayan \u00f6zel olarak tasarlanm\u0131\u015f bir hidrolik silindirdir. Hidrolik sistemlerde \u00f6nemli bir rol oynar ve ek aletlerin veya ata\u015fmanlar\u0131n etkili bir \u015fekilde hareket etmesini ve kontrol edilmesini sa\u011flar. Bu silindirler, yaln\u0131zca d\u00fczg\u00fcn hareket sa\u011flamakla kalmaz, ayn\u0131 zamanda a\u011f\u0131r y\u00fcklere de dayanarak, \u00e7e\u015fitli \u00e7al\u0131\u015fma ko\u015fullar\u0131nda makinelerin verimli ve g\u00fcvenilir \u00e7al\u0131\u015fmas\u0131n\u0131 sa\u011flar.<\/p>\n<p><img decoding=\"async\" src=\"https:\/\/www.hydraulic-cylinders.net\/wp-content\/uploads\/2025\/01\/songte-company-2.webp\" alt=\"Kol Silindiri G\u00f6r\u00fcnt\u00fcs\u00fc\"><\/p>\n<h2>\u00d6zellikler<\/h2>\n<ul>\n<li>Verimli G\u00fc\u00e7 Aktar\u0131m\u0131: Kol silindiri g\u00fc\u00e7l\u00fc do\u011frusal hareket ve kuvvet sa\u011flayarak \u00e7e\u015fitli operasyonlarda y\u00fcksek performans kabiliyetleri sa\u011flar.<\/li>\n<li>Hassas Kontrol: Hidrolik sistem sayesinde kol silindiri hassas hareket kontrol\u00fc sa\u011flayarak, ek aletlerle yap\u0131lan i\u015flemleri daha esnek ve hassas hale getirir.<\/li>\n<li>Dayan\u0131kl\u0131l\u0131k: Kol silindirleri genellikle y\u00fcksek mukavemetli malzemelerden yap\u0131l\u0131r, m\u00fckemmel a\u015f\u0131nma ve korozyon direnci sunar ve bu da onlar\u0131 zorlu ortamlarda uzun s\u00fcreli kullan\u0131ma uygun hale getirir.<\/li>\n<li>\u00c7ok Fonksiyonlu Uyarlanabilirlik: Bu silindirler ekskavat\u00f6rler, vin\u00e7ler ve mekanik kollar gibi \u00e7e\u015fitli makinelere yayg\u0131n olarak uygulanabilir ve farkl\u0131 i\u015f gereksinimlerine uyum sa\u011flar.<\/li>\n<li>Kolay Bak\u0131m: Bak\u0131m ve de\u011fi\u015ftirme kolayl\u0131\u011f\u0131 sa\u011flayacak \u015fekilde tasarlanm\u0131\u015f olup, d\u00fczenli muayene ve bak\u0131m\u0131 kolayla\u015ft\u0131rarak ekipman ar\u0131za s\u00fcresini azalt\u0131r.<\/li>\n<\/ul>\n<p><img decoding=\"async\" src=\"https:\/\/www.hydraulic-cylinders.net\/wp-content\/uploads\/2025\/01\/songte-oil-pipes-and-spare-parts.webp\" alt=\"\u00dcr\u00fcn G\u00f6rseli\"><\/p>\n<h2>Uygulamalar<\/h2>\n<p>Kol silindiri \u00e7e\u015fitli end\u00fcstrilerde uygulama alan\u0131 bulmaktad\u0131r:<\/p>\n<ul>\n<li>\u0130n\u015faat M\u00fchendisli\u011fi: Toprak i\u015fleri, malzeme ta\u015f\u0131ma ve yap\u0131sal montajlarda kep\u00e7e veya bomlar\u0131n hareketini kontrol etmek i\u00e7in ekskavat\u00f6rlerde ve vin\u00e7lerde kullan\u0131l\u0131r.<\/li>\n<li>\u00dcretim: Mekanik kollar\u0131n hareketi i\u00e7in otomatik \u00fcretim hatlar\u0131nda uygulan\u0131r, montaj, kaynak ve elle\u00e7leme s\u00fcre\u00e7lerini kolayla\u015ft\u0131r\u0131r, \u00fcretim verimlili\u011fini ve hassasiyetini art\u0131r\u0131r.<\/li>\n<li>Tar\u0131m Makinalar\u0131: Hasat makineleri ve ekim makineleri gibi tar\u0131m ekipmanlar\u0131nda ekim, g\u00fcbreleme ve hasat gibi g\u00f6revlerde \u00e7al\u0131\u015fan kollar\u0131n hareketini kontrol etmek i\u00e7in kullan\u0131l\u0131r.<\/li>\n<li>Madencilik: Madencilik ekipmanlar\u0131nda cevher \u00e7\u0131karma ve ta\u015f\u0131mada kol hareketini kontrol etmek i\u00e7in kullan\u0131l\u0131r.<\/li>\n<li>Lojistik ve Ta\u015f\u0131mac\u0131l\u0131k: Forkliftlerde ve ta\u015f\u0131ma robotlar\u0131nda \u00e7atallar\u0131n kald\u0131r\u0131lmas\u0131n\u0131 ve hareketini kontrol etmek, malzeme ta\u015f\u0131ma ve istiflemeyi sa\u011flamak i\u00e7in kullan\u0131l\u0131r.<\/li>\n<\/ul>\n<h2>Tasar\u0131m Hususlar\u0131 ve Se\u00e7im Kriterleri<\/h2>\n<p>Kol silindirlerinin tasar\u0131m\u0131 ve se\u00e7imi s\u0131ras\u0131nda birka\u00e7 fakt\u00f6r kritik \u00f6neme sahiptir:<\/p>\n<ul>\n<li>Ta\u015f\u0131ma Kapasitesi: Kol silindirleri, performans ve g\u00fcvenlikten \u00f6d\u00fcn vermeden gerekli y\u00fckleri ta\u015f\u0131yabilmelidir.<\/li>\n<li>S\u0131zd\u0131rmazl\u0131k: Optimum performans i\u00e7in poli\u00fcretan ve nitril kau\u00e7uk gibi a\u015f\u0131nmaya dayan\u0131kl\u0131 malzemelerden \u00fcretilen piston contalar\u0131 ve biyel contalar\u0131 gibi \u00e7e\u015fitli s\u0131zd\u0131rmazl\u0131k elemanlar\u0131 kullan\u0131l\u0131r.<\/li>\n<li>Dayan\u0131kl\u0131l\u0131k: Silindir g\u00f6vdesi ve di\u015fli u\u00e7lar\u0131, a\u015f\u0131nma direncini art\u0131rmak i\u00e7in titiz bir y\u00fczey i\u015fleminden ge\u00e7irilmi\u015ftir.<\/li>\n<li>G\u00fcvenlik: Tasar\u0131mlar, kazalar\u0131 \u00f6nlemek ve g\u00fcvenli \u00e7al\u0131\u015fmay\u0131 sa\u011flamak i\u00e7in g\u00fcvenlik \u00f6nlemlerini i\u00e7ermelidir.<\/li>\n<li>Bak\u0131m kolayl\u0131\u011f\u0131: Bile\u015fenlere kolay eri\u015fim ve standartla\u015ft\u0131r\u0131lm\u0131\u015f bak\u0131m prosed\u00fcrleri, kesinti s\u00fcresini en aza indirir.<\/li>\n<\/ul>\n<p><img decoding=\"async\" src=\"https:\/\/www.hydraulic-cylinders.net\/wp-content\/uploads\/2025\/01\/songte-cylinder-head-with-all-kinds-excavator-models.webp\" alt=\"\u00dcr\u00fcn G\u00f6rseli\"><\/p>\n<h2>S\u0131zd\u0131rmazl\u0131k ve Ya\u011flama<\/h2>\n<p>Kol silindirlerinde piston contalar\u0131, piston kolu contalar\u0131 vb. dahil olmak \u00fczere \u00e7e\u015fitli s\u0131zd\u0131rmazl\u0131k bile\u015fenlerinin bir kombinasyonu kullan\u0131l\u0131r. Bu contalar, poli\u00fcretan ve nitril kau\u00e7uk gibi a\u015f\u0131nmaya dayan\u0131kl\u0131 malzemelerden \u00fcretilir. Silindir g\u00f6vdesi ve di\u015fli u\u00e7lar, a\u015f\u0131nma direncini art\u0131ran hassas bir i\u015flemden ge\u00e7irilir. D\u00fczg\u00fcn \u00e7al\u0131\u015fmas\u0131 i\u00e7in d\u00fczenli ya\u011flama \u015fartt\u0131r ve yeterli miktarda hidrolik ya\u011f eklenmesini gerektirir.<\/p>\n<h2>D\u00fczenli Muayene ve \u00d6nleyici Bak\u0131m<\/h2>\n<ul>\n<li>Herhangi bir hasar, s\u0131z\u0131nt\u0131 veya a\u015f\u0131nma belirtisi olup olmad\u0131\u011f\u0131n\u0131 tespit etmek i\u00e7in d\u00fczenli denetimler yap\u0131n.<\/li>\n<li>Kol silindirinin optimum performans\u0131n\u0131 sa\u011flamak ve kullan\u0131m \u00f6mr\u00fcn\u00fc uzatmak i\u00e7in \u00f6nleyici bak\u0131m yap\u0131n.<\/li>\n<li>Uygun s\u0131zd\u0131rmazl\u0131\u011f\u0131 sa\u011flamak ve s\u0131v\u0131 s\u0131z\u0131nt\u0131s\u0131n\u0131 \u00f6nlemek i\u00e7in contalar\u0131 d\u00fczenli olarak kontrol edin ve de\u011fi\u015ftirin.<\/li>\n<li>Silindiri temiz tutun ve performans\u0131n\u0131 etkileyebilecek kirleticilerden ar\u0131nd\u0131r\u0131n.<\/li>\n<li>Bak\u0131m aral\u0131klar\u0131, ya\u011flama ve bile\u015fenlerin de\u011fi\u015ftirilmesi konusunda \u00fcreticinin talimatlar\u0131n\u0131 izleyin.<\/li>\n<\/ul>\n<h2>\u00dcr\u00fcn Kurulum Talimatlar\u0131<\/h2>\n<p>Optimum performans i\u00e7in kol silindirinin do\u011fru \u015fekilde tak\u0131lmas\u0131 \u00f6nemlidir:<\/p>\n<ul>\n<li>Silindirin do\u011fru \u015fekilde hizaland\u0131\u011f\u0131ndan ve g\u00fcvenli bir \u015fekilde sabitlendi\u011finden emin olun.<\/li>\n<li>Tork de\u011ferleri ve s\u0131kma prosed\u00fcrleri i\u00e7in \u00fcreticinin talimatlar\u0131n\u0131 izleyin.<\/li>\n<li>Montaj i\u015flemi s\u0131ras\u0131nda uygun alet ve ekipmanlar\u0131 kullan\u0131n.<\/li>\n<li>Montajdan sonra herhangi bir s\u0131z\u0131nt\u0131 veya anormal ses olup olmad\u0131\u011f\u0131n\u0131 kontrol edin ve gerekli ayarlamalar\u0131 yap\u0131n.<\/li>\n<\/ul>\n<p><img decoding=\"async\" src=\"https:\/\/www.hydraulic-cylinders.net\/wp-content\/uploads\/2025\/01\/songte-bushings-with-all-kinds-of-excavator-models.webp\" alt=\"\u00dcr\u00fcn G\u00f6rseli\"><\/p>\n<h2>G\u00fcvenlik Hususlar\u0131 ve \u00c7evresel Fakt\u00f6rler<\/h2>\n<p>Kol silindirleri kullan\u0131l\u0131rken, kazalar\u0131 \u00f6nlemek ve operat\u00f6r sa\u011fl\u0131\u011f\u0131n\u0131 korumak i\u00e7in g\u00fcvenlik \u00f6nlemleri hayati \u00f6nem ta\u015f\u0131r. Uygun e\u011fitim ve g\u00fcvenlik protokollerine uyum esast\u0131r. Optimum performans ve uzun \u00f6m\u00fcr sa\u011flamak i\u00e7in s\u0131cakl\u0131k ve nem gibi \u00e7evresel fakt\u00f6rler de dikkate al\u0131nmal\u0131d\u0131r.<\/p>\n<h2>Ar\u0131za Te\u015fhisi ve Yayg\u0131n Sorunlar<\/h2>\n<p>Kol silindirlerinde ortaya \u00e7\u0131kabilecek yayg\u0131n sorunlar aras\u0131nda s\u0131v\u0131 s\u0131z\u0131nt\u0131s\u0131, yetersiz g\u00fc\u00e7, anormal sesler ve d\u00fczensiz hareketler bulunur. Bu sorunlar\u0131 te\u015fhis etmek ve \u00e7\u00f6zmek i\u00e7in:<\/p>\n<ul>\n<li>Herhangi bir s\u0131v\u0131 s\u0131z\u0131nt\u0131s\u0131 veya hasarl\u0131 conta olup olmad\u0131\u011f\u0131n\u0131 kontrol edin ve gerekirse de\u011fi\u015ftirin.<\/li>\n<li>Hidrolik sistemindeki s\u0131v\u0131 seviyelerinin ve bas\u0131nc\u0131n\u0131n uygun olup olmad\u0131\u011f\u0131n\u0131 kontrol edin.<\/li>\n<li>Silindirde a\u015f\u0131nma veya hasar belirtileri olup olmad\u0131\u011f\u0131n\u0131 kontrol edin ve a\u015f\u0131nm\u0131\u015f par\u00e7alar\u0131 de\u011fi\u015ftirin.<\/li>\n<li>T\u00fcm ba\u011flant\u0131lar\u0131n ve ba\u011flant\u0131 par\u00e7alar\u0131n\u0131n s\u0131k\u0131 ve g\u00fcvenli oldu\u011fundan emin olun.<\/li>\n<\/ul>\n<p>\u00d6nleyici tedbirler olas\u0131 sorunlar\u0131 en aza indirmeye yard\u0131mc\u0131 olabilir:<\/p>\n<ul>\n<li>Kol silindirini d\u00fczenli olarak kontrol edin ve bak\u0131m\u0131n\u0131 yap\u0131n.<\/li>\n<li>Uygun kurulum ve bak\u0131m talimatlar\u0131n\u0131 izleyin.<\/li>\n<li>Tavsiye edilen \u00e7al\u0131\u015fma parametrelerine uyun ve a\u015f\u0131r\u0131 y\u00fcklemeden ka\u00e7\u0131n\u0131n.<\/li>\n<li>Uygun ya\u011flamay\u0131 ve uyumlu hidrolik s\u0131v\u0131lar\u0131n kullan\u0131m\u0131n\u0131 sa\u011flay\u0131n.<\/li>\n<\/ul>\n<p><img decoding=\"async\" src=\"https:\/\/www.hydraulic-cylinders.net\/wp-content\/uploads\/2025\/01\/songte-chushion-collar.webp\" alt=\"\u00dcr\u00fcn G\u00f6rseli\"><\/p>\n<h2>Hakk\u0131m\u0131zda<\/h2>\n<p>Geni\u015f bir \u00fcr\u00fcn yelpazesi sunan profesyonel bir yedek hidrolik silindir \u00fcreticisiyiz. Yurt i\u00e7i ve yurt d\u0131\u015f\u0131 pazarlarda lider hidrolik silindir \u00fcreticilerinden ve toptan da\u011f\u0131t\u0131mc\u0131lar\u0131ndan biri haline geldik. Kalitede m\u00fckemmelli\u011fe olan ba\u011fl\u0131l\u0131\u011f\u0131m\u0131z, modern \u00fcretim at\u00f6lyelerimizde titizlikle y\u00f6netilen \u00fcretim s\u00fcre\u00e7lerimizle, teknolojik yeteneklerimizi ve \u00fcretim verimlili\u011fimizi s\u00fcrekli geli\u015ftirerek kan\u0131tlanmaktad\u0131r.<\/p>\n<p>Geli\u015fmi\u015f dijital \u00fcretim ekipmanlar\u0131 ve profesyonel test sistemleri sunarak, \u00fcretim platformumuzu optimize ediyor ve \u00fcr\u00fcn kalite kontrol s\u00fcre\u00e7lerimizi iyile\u015ftirerek g\u00fc\u00e7l\u00fc inovasyon yeteneklerimizi sergiliyoruz. Amac\u0131m\u0131z, verimlilik, hassasiyet ve y\u00fcksek kalite ilkeleriyle m\u00fc\u015fterilerimizin \u00e7e\u015fitli ihtiya\u00e7lar\u0131n\u0131 kar\u015f\u0131lamakt\u0131r.<\/p>\n<p><img decoding=\"async\" src=\"https:\/\/www.hydraulic-cylinders.net\/wp-content\/uploads\/2025\/01\/songte-company-4.webp\" alt=\"\u015eirket \u0130maj\u0131\"><br \/>\n<img decoding=\"async\" src=\"https:\/\/www.hydraulic-cylinders.net\/wp-content\/uploads\/2025\/01\/songte-company-3.webp\" alt=\"\u015eirket \u0130maj\u0131\"><\/p>\n<p>Yazar: lyl<\/p>","protected":false},"excerpt":{"rendered":"<p>Arm Cylinder For Sunward Large Excavator SWE365E Introduction The arm cylinder is a specially designed hydraulic cylinder that provides linear motion and power to the arm of various machinery such as excavators, cranes, and mechanical arms. It plays a crucial role in hydraulic systems, allowing additional tools or attachments to move and be controlled effectively. [&hellip;]<\/p>","protected":false},"featured_media":14763,"comment_status":"open","ping_status":"closed","template":"","meta":{"_et_pb_use_builder":"","_et_pb_old_content":"","_et_gb_content_width":""},"product_brand":[],"product_cat":[1497],"product_tag":[1498,1496],"class_list":{"0":"post-16454","1":"product","2":"type-product","3":"status-publish","4":"has-post-thumbnail","6":"product_cat-arm-cylinders","7":"product_tag-arm-cylinders","8":"product_tag-hydraulic-cylinders","10":"first","11":"instock","12":"shipping-taxable","13":"product-type-simple"},"amp_enabled":true,"_links":{"self":[{"href":"https:\/\/www.hydraulic-cylinders.net\/tr\/wp-json\/wp\/v2\/product\/16454","targetHints":{"allow":["GET"]}}],"collection":[{"href":"https:\/\/www.hydraulic-cylinders.net\/tr\/wp-json\/wp\/v2\/product"}],"about":[{"href":"https:\/\/www.hydraulic-cylinders.net\/tr\/wp-json\/wp\/v2\/types\/product"}],"replies":[{"embeddable":true,"href":"https:\/\/www.hydraulic-cylinders.net\/tr\/wp-json\/wp\/v2\/comments?post=16454"}],"wp:featuredmedia":[{"embeddable":true,"href":"https:\/\/www.hydraulic-cylinders.net\/tr\/wp-json\/wp\/v2\/media\/14763"}],"wp:attachment":[{"href":"https:\/\/www.hydraulic-cylinders.net\/tr\/wp-json\/wp\/v2\/media?parent=16454"}],"wp:term":[{"taxonomy":"product_brand","embeddable":true,"href":"https:\/\/www.hydraulic-cylinders.net\/tr\/wp-json\/wp\/v2\/product_brand?post=16454"},{"taxonomy":"product_cat","embeddable":true,"href":"https:\/\/www.hydraulic-cylinders.net\/tr\/wp-json\/wp\/v2\/product_cat?post=16454"},{"taxonomy":"product_tag","embeddable":true,"href":"https:\/\/www.hydraulic-cylinders.net\/tr\/wp-json\/wp\/v2\/product_tag?post=16454"}],"curies":[{"name":"wp","href":"https:\/\/api.w.org\/{rel}","templated":true}]}}