{"id":16461,"date":"2025-01-21T05:26:59","date_gmt":"2025-01-21T05:26:59","guid":{"rendered":"https:\/\/www.hydraulic-cylinders.net\/product\/arm-cylinder-for-sunward-hybrid-excavator-swe350es\/"},"modified":"2025-01-21T05:27:01","modified_gmt":"2025-01-21T05:27:01","slug":"arm-cylinder-for-sunward-hybrid-excavator-swe350es","status":"publish","type":"product","link":"https:\/\/www.hydraulic-cylinders.net\/tr\/urun\/arm-cylinder-for-sunward-hybrid-excavator-swe350es\/","title":{"rendered":"Sunward Hybrid Ekskavat\u00f6r SWE350ES i\u00e7in Kol Silindiri"},"content":{"rendered":"<h1>Sunward Hybrid Ekskavat\u00f6r SWE350ES i\u00e7in Kol Silindiri<\/h1>\n<h2>girii\u015f<\/h2>\n<p>Hidrolik silindir olarak da bilinen kol silindiri, ekskavat\u00f6rler, vin\u00e7ler ve manip\u00fclat\u00f6rler gibi \u00e7e\u015fitli makinelerin koluna do\u011frusal hareket ve kuvvet sa\u011flayan \u00f6zel olarak tasarlanm\u0131\u015f bir hidrolik akt\u00fcat\u00f6rd\u00fcr. Kol silindiri, hidrolik sistemde kritik bir rol oynayarak, ba\u011fl\u0131 aletlerin veya aksesuarlar\u0131n etkili hareketini ve kontrol\u00fcn\u00fc sa\u011flar. Bu silindirler sadece d\u00fczg\u00fcn hareket sa\u011flamakla kalmaz, ayn\u0131 zamanda a\u011f\u0131r y\u00fckleri de ta\u015f\u0131yarak, \u00e7e\u015fitli \u00e7al\u0131\u015fma ko\u015fullar\u0131 alt\u0131nda makinelerin verimli \u00e7al\u0131\u015fmas\u0131n\u0131 ve g\u00fcvenilirli\u011fini sa\u011flar.<\/p>\n<p><img decoding=\"async\" src=\"https:\/\/www.hydraulic-cylinders.net\/wp-content\/uploads\/2025\/01\/songte-company-2.webp\"><\/p>\n<h3>\u00d6zellikler<\/h3>\n<ul>\n<li><strong>Y\u00fcksek verimli \u015fanz\u0131man:<\/strong> Kol silindiri, \u00e7e\u015fitli i\u015flemlerde manip\u00fclat\u00f6r\u00fcn y\u00fcksek verimlili\u011fini sa\u011flamak i\u00e7in g\u00fc\u00e7l\u00fc do\u011frusal hareket ve kuvvet sa\u011flar.<\/li>\n<li><strong>Hassas kontrol:<\/strong> Kol silindiri, hidrolik sistem sayesinde hassas hareket kontrol\u00fc sa\u011flayabilir ve bu sayede ba\u011fl\u0131 aletlerin \u00e7al\u0131\u015fmas\u0131 daha esnek ve hassas hale gelir.<\/li>\n<li><strong>Dayan\u0131kl\u0131:<\/strong> Kol silindiri genellikle y\u00fcksek mukavemetli malzemelerden yap\u0131l\u0131r, iyi a\u015f\u0131nma direnci ve korozyon direncine sahiptir ve bu da onu zorlu ortamlarda uzun s\u00fcreli kullan\u0131ma uygun hale getirir.<\/li>\n<li><strong>\u00c7ok i\u015flevli uyarlanabilirlik:<\/strong> Bu silindirler, ekskavat\u00f6rler, vin\u00e7ler ve manip\u00fclat\u00f6rler gibi \u00e7e\u015fitli makine t\u00fcrlerinde yayg\u0131n olarak kullan\u0131labilir ve farkl\u0131 \u00e7al\u0131\u015fma ihtiya\u00e7lar\u0131na uyum sa\u011flayabilir.<\/li>\n<li><strong>Kolay bak\u0131m:<\/strong> Tasar\u0131mda bak\u0131m ve de\u011fi\u015ftirme kolayl\u0131\u011f\u0131 g\u00f6z \u00f6n\u00fcnde bulundurularak d\u00fczenli muayene ve bak\u0131m daha rahat hale getirilir ve ekipman ar\u0131za s\u00fcreleri azalt\u0131l\u0131r.<\/li>\n<\/ul>\n<p>Biz bu \u00fcr\u00fcn\u00fc \u00fcretebiliyoruz ve \u00fcr\u00fcn\u00fcm\u00fcz bu hidrolik silindirlerin yerini m\u00fckemmel bir \u015fekilde alabiliyor.<\/p>\n<p><img decoding=\"async\" src=\"https:\/\/www.hydraulic-cylinders.net\/wp-content\/uploads\/2025\/01\/songte-oil-pipes-and-spare-parts.webp\"><\/p>\n<h2>Uygulamalar<\/h2>\n<p>Kol silindiri, a\u015fa\u011f\u0131dakiler gibi \u00e7e\u015fitli end\u00fcstri ve alanlarda yayg\u0131n olarak kullan\u0131lmaktad\u0131r:<\/p>\n<ul>\n<li><strong>\u0130n\u015faat m\u00fchendisli\u011fi:<\/strong> Kaz\u0131c\u0131 makinelerde ve vin\u00e7lerde, kol silindiri, toprak i\u015fleri, malzeme ta\u015f\u0131ma ve yap\u0131 montaj\u0131 i\u00e7in kep\u00e7e veya bomun hareketini kontrol etmek amac\u0131yla kullan\u0131l\u0131r.<\/li>\n<li><strong>\u0130malat sanayi:<\/strong> Otomatik \u00fcretim hatlar\u0131nda, montaj, kaynak ve ta\u015f\u0131ma gibi i\u015flemlerde \u00fcretim verimlili\u011fini ve do\u011frulu\u011funu art\u0131rmak i\u00e7in manip\u00fclat\u00f6r\u00fcn hareketini sa\u011flamak amac\u0131yla kol silindiri kullan\u0131l\u0131r.<\/li>\n<li><strong>Tar\u0131m makineleri:<\/strong> Bi\u00e7erd\u00f6ver ve ekim makinesi gibi tar\u0131m makinelerinde, kol silindiri, ekim, g\u00fcbreleme ve hasat gibi g\u00f6revleri yerine getirmek i\u00e7in \u00e7al\u0131\u015fma kolunun hareketini kontrol eder.<\/li>\n<li><strong>Madencilik:<\/strong> Madencilik ekipmanlar\u0131nda, kol silindiri, cevher \u00e7\u0131karma ve ta\u015f\u0131ma i\u015flemlerinde ekipman\u0131n kol hareketini kontrol etmek i\u00e7in kullan\u0131l\u0131r.<\/li>\n<li><strong>Lojistik ve ta\u015f\u0131mac\u0131l\u0131k:<\/strong> Forkliftlerde ve ta\u015f\u0131ma robotlar\u0131nda, kol silindiri, \u00e7atallar\u0131n kald\u0131rma ve hareketini kontrol etmek, b\u00f6ylece malzemelerin ta\u015f\u0131nmas\u0131n\u0131 ve istiflenmesini sa\u011flamak i\u00e7in kullan\u0131l\u0131r.<\/li>\n<\/ul>\n<h2>Tasar\u0131m Hususlar\u0131 ve Se\u00e7im Kriterleri<\/h2>\n<p>Kol silindirinin tasar\u0131m\u0131nda, y\u00fck ta\u015f\u0131ma kapasitesi, s\u0131zd\u0131rmazl\u0131k, dayan\u0131kl\u0131l\u0131k, g\u00fcvenlik ve bak\u0131m kolayl\u0131\u011f\u0131 gibi \u00e7e\u015fitli fakt\u00f6rler dikkate al\u0131nm\u0131\u015ft\u0131r.<\/p>\n<ul>\n<li><strong>Y\u00fck ta\u015f\u0131ma kapasitesi:<\/strong> Kol silindiri, uygulamada beklenen y\u00fck ve kuvvetlere deforme olmadan veya ar\u0131zalanmadan dayanabilmelidir. <\/li>\n<li><strong>S\u0131zd\u0131rmazl\u0131k:<\/strong> Kol silindirinde s\u0131v\u0131 s\u0131z\u0131nt\u0131s\u0131n\u0131 \u00f6nlemek ve sistem bas\u0131nc\u0131n\u0131 korumak i\u00e7in piston contalar\u0131 ve mil contalar\u0131 gibi \u00e7e\u015fitli contalar kullan\u0131l\u0131r. Contalar, poli\u00fcretan ve nitril kau\u00e7uk gibi a\u015f\u0131nmaya dayan\u0131kl\u0131 malzemelerden \u00fcretilmi\u015ftir.<\/li>\n<li><strong>Dayan\u0131kl\u0131l\u0131k:<\/strong> Kol silindiri, zorlu ortamlarda dayan\u0131kl\u0131l\u0131\u011f\u0131n\u0131 ve korozyon direncini sa\u011flamak i\u00e7in genellikle ala\u015f\u0131ml\u0131 \u00e7elik veya paslanmaz \u00e7elik gibi y\u00fcksek mukavemetli malzemelerden \u00fcretilir.<\/li>\n<li><strong>Emniyet:<\/strong> Kol silindiri, a\u015f\u0131r\u0131 y\u00fcklenmeyi \u00f6nlemek ve uygun bak\u0131m ve onar\u0131m\u0131 sa\u011flamak da dahil olmak \u00fczere g\u00fcvenli \u00e7al\u0131\u015fmay\u0131 sa\u011flayacak \u015fekilde tasarlanmal\u0131 ve monte edilmelidir.<\/li>\n<li><strong>Bak\u0131m kolayl\u0131\u011f\u0131:<\/strong> Kol silindirinin tasar\u0131m\u0131, ekipman ar\u0131za s\u00fcresini en aza indirgemek i\u00e7in bak\u0131m ve de\u011fi\u015ftirme kolayl\u0131\u011f\u0131n\u0131, i\u00e7 bile\u015fenlere ve yedek par\u00e7alara kolay eri\u015fimi de i\u00e7erecek \u015fekilde dikkate almal\u0131d\u0131r.<\/li>\n<\/ul>\n<p><img decoding=\"async\" src=\"https:\/\/www.hydraulic-cylinders.net\/wp-content\/uploads\/2025\/01\/songte-cylinder-head-with-all-kinds-excavator-models.webp\"><\/p>\n<h2>S\u0131zd\u0131rmazl\u0131k ve Ya\u011flama<\/h2>\n<p>Kol silindiri, s\u0131v\u0131 s\u0131z\u0131nt\u0131s\u0131n\u0131 \u00f6nlemek ve sistem bas\u0131nc\u0131n\u0131 korumak i\u00e7in piston contalar\u0131 ve mil contalar\u0131 gibi \u00e7e\u015fitli contalar kullan\u0131r. Contalar, poli\u00fcretan ve nitril kau\u00e7uk gibi a\u015f\u0131nmaya dayan\u0131kl\u0131 malzemelerden yap\u0131lm\u0131\u015ft\u0131r. Silindir g\u00f6vdesi ve vida ucu y\u00fczeyi, a\u015f\u0131nma direncini art\u0131rmak i\u00e7in ince bir \u015fekilde i\u015flenmi\u015ftir. Silindirin performans\u0131n\u0131 korumak i\u00e7in uygun ya\u011flama gereklidir ve uygun hidrolik ya\u011f d\u00fczenli olarak eklenmelidir.<\/p>\n<h2>Bak\u0131m ve \u00d6nleyici Tedbirler<\/h2>\n<p>Ar\u0131zay\u0131 \u00f6nlemek i\u00e7in kol silindiri d\u00fczenli olarak kontrol edilmeli ve olas\u0131 sorunlar\u0131 en aza indirmek i\u00e7in \u00f6nleyici tedbirler al\u0131nmal\u0131d\u0131r. A\u015fa\u011f\u0131daki \u00f6nlemler al\u0131nmal\u0131d\u0131r:<\/p>\n<ul>\n<li><strong>D\u00fczenli denetim:<\/strong> Kol silindirinin contalar\u0131nda, \u00e7ubuklar\u0131nda ve di\u011fer bile\u015fenlerinde herhangi bir a\u015f\u0131nma veya hasar olup olmad\u0131\u011f\u0131n\u0131 tespit etmek i\u00e7in d\u00fczenli olarak kontrol edilmelidir.<\/li>\n<li><strong>\u00d6nleyici bak\u0131m:<\/strong> A\u015f\u0131nm\u0131\u015f veya hasar g\u00f6rm\u00fc\u015f par\u00e7alar\u0131 de\u011fi\u015ftirmek ve olas\u0131 sorunlar\u0131 \u00f6nlemek i\u00e7in d\u00fczenli bak\u0131m yap\u0131lmal\u0131d\u0131r.<\/li>\n<li><strong>Do\u011fru kurulum:<\/strong> G\u00fcvenli ve g\u00fcvenilir \u00e7al\u0131\u015fma sa\u011flamak i\u00e7in kol silindiri, \u00fcreticinin talimatlar\u0131na g\u00f6re do\u011fru \u015fekilde monte edilmelidir.<\/li>\n<\/ul>\n<p><img decoding=\"async\" src=\"https:\/\/www.hydraulic-cylinders.net\/wp-content\/uploads\/2025\/01\/songte-chushion-collar.webp\"><\/p>\n<h2>Kurulum K\u0131lavuzu<\/h2>\n<p>Kol silindiri, \u00fcreticinin talimatlar\u0131na g\u00f6re monte edilmelidir. A\u015fa\u011f\u0131daki ad\u0131mlar izlenmelidir:<\/p>\n<ol>\n<li>Koruyucu kapaklar\u0131 \u00e7\u0131kar\u0131n ve silindirin ve makinenin montaj y\u00fczeyini temizleyin.<\/li>\n<li>Silindirin \u00e7ubuk ucunu, uygun c\u0131vata veya pimler kullanarak makinenin kol braketine veya bom braketine tak\u0131n.<\/li>\n<li>Silindir g\u00f6vdesini, uygun c\u0131vata veya pimler kullanarak makinenin \u00e7er\u00e7eve braketine veya bom braketine monte edin.<\/li>\n<li>\u00dcreticinin talimatlar\u0131n\u0131 izleyerek hidrolik hortumlar\u0131 ve ba\u011flant\u0131 par\u00e7alar\u0131n\u0131 silindire ve makinenin hidrolik sistemine ba\u011flay\u0131n.<\/li>\n<li>Silindirin \u00e7al\u0131\u015fmas\u0131n\u0131 kontrol edin ve do\u011fru kurulum ve \u00e7al\u0131\u015fma sa\u011flamak i\u00e7in bas\u0131n\u00e7 testi yap\u0131n.<\/li>\n<\/ol>\n<p><img decoding=\"async\" src=\"https:\/\/www.hydraulic-cylinders.net\/wp-content\/uploads\/2025\/01\/songte-bushings-with-all-kinds-of-excavator-models.webp\"><\/p>\n<h2>G\u00fcvenlik Hususlar\u0131 ve \u00c7evresel Fakt\u00f6rler<\/h2>\n<p>Kol silindirini kullan\u0131rken, a\u015f\u0131r\u0131 y\u00fckleme, yanl\u0131\u015f montaj veya bak\u0131m gibi potansiyel tehlikeleri \u00f6nlemek i\u00e7in g\u00fcvenlik \u00f6nlemleri al\u0131nmal\u0131d\u0131r. Montaj, \u00e7al\u0131\u015ft\u0131rma ve bak\u0131m i\u00e7in \u00fcreticinin talimatlar\u0131na ve y\u00f6nergelerine uymak \u00e7ok \u00f6nemlidir.<\/p>\n<h2>Sorun Giderme ve Yayg\u0131n Sorunlar<\/h2>\n<p>Kol silindirinde s\u0131z\u0131nt\u0131, yetersiz kuvvet veya anormal ses gibi \u00e7e\u015fitli sorunlar ortaya \u00e7\u0131kabilir. Bu sorunlar, uygun ar\u0131za tespiti ve bak\u0131m ile te\u015fhis edilip \u00e7\u00f6z\u00fclebilir.<\/p>\n<ul>\n<li><strong>Sorun:<\/strong> S\u0131z\u0131nt\u0131.<\/li>\n<li><strong>Neden:<\/strong> Hasarl\u0131 contalar veya silindir g\u00f6vdesi.<\/li>\n<li><strong>\u00c7\u00f6z\u00fcm:<\/strong> Hasarl\u0131 contalar\u0131 veya silindir g\u00f6vdesini de\u011fi\u015ftirin.<\/li>\n<li><strong>Sorun:<\/strong> Yetersiz kuvvet.<\/li>\n<li><strong>Neden:<\/strong> D\u00fc\u015f\u00fck hidrolik bas\u0131n\u00e7 veya hasarl\u0131 \u00e7ubuk veya piston.<\/li>\n<li><strong>\u00c7\u00f6z\u00fcm:<\/strong> Hidrolik bas\u0131nc\u0131 kontrol edin ve ayarlay\u0131n veya hasarl\u0131 mili veya pistonu de\u011fi\u015ftirin.<\/li>\n<li><strong>Sorun:<\/strong> Anormal g\u00fcr\u00fclt\u00fc.<\/li>\n<li><strong>Neden:<\/strong> Hasarl\u0131 veya a\u015f\u0131nm\u0131\u015f par\u00e7alar.<\/li>\n<li><strong>\u00c7\u00f6z\u00fcm:<\/strong> Hasarl\u0131 veya a\u015f\u0131nm\u0131\u015f par\u00e7alar\u0131 de\u011fi\u015ftirin.<\/li>\n<\/ul>\n<p>Olas\u0131 sorunlar\u0131 en aza indirmek i\u00e7in d\u00fczenli denetim ve bak\u0131m ile do\u011fru kurulum gibi \u00f6nleyici tedbirler al\u0131nmal\u0131d\u0131r.<\/p>\n<p><img decoding=\"async\" src=\"https:\/\/www.hydraulic-cylinders.net\/wp-content\/uploads\/2025\/01\/songte-company-4.webp\"><br \/>\n<img decoding=\"async\" src=\"https:\/\/www.hydraulic-cylinders.net\/wp-content\/uploads\/2025\/01\/songte-company-3.webp\"><\/p>\n<h2>Hakk\u0131m\u0131zda<\/h2>\n<p>Geni\u015f \u00fcr\u00fcn yelpazesiyle profesyonel bir yedek hidrolik silindir \u00fcreticisiyiz ve hem yurt i\u00e7i hem de yurt d\u0131\u015f\u0131 pazarlarda \u00f6nde gelen hidrolik silindir \u00fcreticilerinden ve toptanc\u0131lar\u0131ndan biri haline geldik. Her zaman m\u00fckemmel kalite ilkesine ba\u011fl\u0131 kal\u0131yoruz ve teknoloji seviyemizi ve \u00fcretim verimlili\u011fimizi s\u00fcrekli olarak geli\u015ftirmek i\u00e7in ince i\u015f\u00e7ilik at\u00f6lyelerinin end\u00fcstriyel \u00fcretim y\u00f6netim stratejisine g\u00fcveniyoruz. Geli\u015fmi\u015f dijital \u00fcretim ekipmanlar\u0131 ve profesyonel test sistemleri kullanarak \u00fcretim platformumuzu optimize ediyor, \u00fcr\u00fcn kalite kontrol s\u00fcrecimizi iyile\u015ftiriyor ve g\u00fc\u00e7l\u00fc inovasyon yeteneklerine sahibiz. Amac\u0131m\u0131z, verimlilik, hassasiyet ve y\u00fcksek kalite ilkelerine dayanarak m\u00fc\u015fterilerin \u00e7e\u015fitlendirilmi\u015f ihtiya\u00e7lar\u0131n\u0131 kar\u015f\u0131lamakt\u0131r.<\/p>\n<h3>Profesyonellik<\/h3>\n<p>Hidrolik silindir tasar\u0131m\u0131, \u00fcretimi, test edilmesi ve sat\u0131\u015f sonras\u0131 hizmet konular\u0131nda uzmanla\u015fm\u0131\u015f deneyimli profesyonellerden olu\u015fan bir ekibimiz var ve m\u00fc\u015fterilerimize kapsaml\u0131 teknik destek ve \u00e7\u00f6z\u00fcmler sunuyoruz.<\/p>\n<h3>Uluslararas\u0131 Sertifikalar<\/h3>\n<p>\u00dcr\u00fcnlerimiz, ISO9001, CE ve RoHS gibi \u00e7e\u015fitli uluslararas\u0131 sertifikalardan ge\u00e7erek kalite ve g\u00fcvenilirli\u011fini garanti alt\u0131na alm\u0131\u015ft\u0131r.<\/p>\n<h3>\u00d6zelle\u015ftirme Hizmeti<\/h3>\n<p>M\u00fc\u015fterilerimizin \u00f6zel gereksinimlerine ve uygulamalar\u0131na g\u00f6re \u00f6zelle\u015ftirilmi\u015f hidrolik silindir tasar\u0131m\u0131 ve \u00fcretim hizmetleri sunarak maksimum verimlilik ve performans sa\u011fl\u0131yoruz.<\/p>\n<h3>\u00dcretim Ekipmanlar\u0131<\/h3>\n<p>CNC makineleri, torna tezgahlar\u0131 ve ta\u015flama makineleri gibi geli\u015fmi\u015f dijital \u00fcretim ekipmanlar\u0131m\u0131z sayesinde hassas ve verimli \u00fcretim s\u00fcre\u00e7leri sa\u011fl\u0131yoruz.<\/p>\n<h3>Sat\u0131\u015f Sonras\u0131 Hizmet<\/h3>\n<p>\u00dcr\u00fcnlerimizin uzun vadeli \u00e7al\u0131\u015fmas\u0131n\u0131 ve performans\u0131n\u0131 sa\u011flamak amac\u0131yla, teknik destek, bak\u0131m ve onar\u0131m dahil olmak \u00fczere zaman\u0131nda ve verimli sat\u0131\u015f sonras\u0131 hizmetler sunuyoruz.<\/p>\n<p><em>Yazar: lyl.<\/em><\/p>","protected":false},"excerpt":{"rendered":"<p>Arm Cylinder For Sunward Hybrid Excavator SWE350ES Introduction The arm cylinder, also known as the hydraulic cylinder, is a specially designed hydraulic actuator that provides linear motion and force to the arm of various machines, such as excavators, cranes, and manipulators. The arm cylinder plays a critical role in the hydraulic system, enabling the effective [&hellip;]<\/p>","protected":false},"featured_media":14772,"comment_status":"open","ping_status":"closed","template":"","meta":{"_et_pb_use_builder":"","_et_pb_old_content":"","_et_gb_content_width":""},"product_brand":[],"product_cat":[1497],"product_tag":[1498,1496],"class_list":{"0":"post-16461","1":"product","2":"type-product","3":"status-publish","4":"has-post-thumbnail","6":"product_cat-arm-cylinders","7":"product_tag-arm-cylinders","8":"product_tag-hydraulic-cylinders","10":"first","11":"instock","12":"shipping-taxable","13":"product-type-simple"},"amp_enabled":true,"_links":{"self":[{"href":"https:\/\/www.hydraulic-cylinders.net\/tr\/wp-json\/wp\/v2\/product\/16461","targetHints":{"allow":["GET"]}}],"collection":[{"href":"https:\/\/www.hydraulic-cylinders.net\/tr\/wp-json\/wp\/v2\/product"}],"about":[{"href":"https:\/\/www.hydraulic-cylinders.net\/tr\/wp-json\/wp\/v2\/types\/product"}],"replies":[{"embeddable":true,"href":"https:\/\/www.hydraulic-cylinders.net\/tr\/wp-json\/wp\/v2\/comments?post=16461"}],"wp:featuredmedia":[{"embeddable":true,"href":"https:\/\/www.hydraulic-cylinders.net\/tr\/wp-json\/wp\/v2\/media\/14772"}],"wp:attachment":[{"href":"https:\/\/www.hydraulic-cylinders.net\/tr\/wp-json\/wp\/v2\/media?parent=16461"}],"wp:term":[{"taxonomy":"product_brand","embeddable":true,"href":"https:\/\/www.hydraulic-cylinders.net\/tr\/wp-json\/wp\/v2\/product_brand?post=16461"},{"taxonomy":"product_cat","embeddable":true,"href":"https:\/\/www.hydraulic-cylinders.net\/tr\/wp-json\/wp\/v2\/product_cat?post=16461"},{"taxonomy":"product_tag","embeddable":true,"href":"https:\/\/www.hydraulic-cylinders.net\/tr\/wp-json\/wp\/v2\/product_tag?post=16461"}],"curies":[{"name":"wp","href":"https:\/\/api.w.org\/{rel}","templated":true}]}}