{"id":16497,"date":"2025-01-21T05:29:27","date_gmt":"2025-01-21T05:29:27","guid":{"rendered":"https:\/\/www.hydraulic-cylinders.net\/product\/arm-cylinder-for-liugong-small-excavator-clg908d-910e\/"},"modified":"2025-01-21T05:29:29","modified_gmt":"2025-01-21T05:29:29","slug":"arm-cylinder-for-liugong-small-excavator-clg908d-910e","status":"publish","type":"product","link":"https:\/\/www.hydraulic-cylinders.net\/tr\/urun\/arm-cylinder-for-liugong-small-excavator-clg908d-910e\/","title":{"rendered":"Liugong CLG908D\/910E K\u00fc\u00e7\u00fck Ekskavat\u00f6r \u0130\u00e7in Kol Silindiri"},"content":{"rendered":"<h1>Liugong CLG908D\/910E K\u00fc\u00e7\u00fck Ekskavat\u00f6r \u0130\u00e7in Kol Silindiri<\/h1>\n<h2>girii\u015f<\/h2>\n<p>Kol silindiri, ekskavat\u00f6rler, vin\u00e7ler ve mekanik kollar gibi \u00e7e\u015fitli makinelerin kollar\u0131na do\u011frusal hareket ve g\u00fc\u00e7 sa\u011flayan \u00f6zel olarak tasarlanm\u0131\u015f bir hidrolik silindirdir. Kol silindiri, hidrolik sistemlerde hayati bir rol oynayarak ek aletlerin veya ata\u015fmanlar\u0131n verimli hareketini ve kontrol\u00fcn\u00fc sa\u011flar. Bu silindirler sadece d\u00fczg\u00fcn hareket sa\u011flamakla kalmaz, ayn\u0131 zamanda a\u011f\u0131r y\u00fckleri de ta\u015f\u0131yarak \u00e7e\u015fitli \u00e7al\u0131\u015fma ko\u015fullar\u0131 alt\u0131nda makinelerin verimli \u00e7al\u0131\u015fmas\u0131n\u0131 ve g\u00fcvenilirli\u011fini garanti eder.<\/p>\n<p><img decoding=\"async\" src=\"https:\/\/www.hydraulic-cylinders.net\/wp-content\/uploads\/2025\/01\/songte-company-2.webp\"><\/p>\n<h2>\u00d6zellikler<\/h2>\n<ul>\n<li><strong>Y\u00fcksek Verimli \u015eanz\u0131man:<\/strong> Kol silindiri g\u00fc\u00e7l\u00fc do\u011frusal hareket ve kuvvet sa\u011flayarak, mekanik kolun \u00e7e\u015fitli i\u015flemlerde y\u00fcksek performans g\u00f6stermesini sa\u011flar.<\/li>\n<li><strong>Hassas Kontrol:<\/strong> Hidrolik sistem sayesinde kol silindiri hassas hareket kontrol\u00fc sa\u011flayarak, ek tak\u0131mlar\u0131n daha esnek ve hassas \u00e7al\u0131\u015fmas\u0131n\u0131 sa\u011flar.<\/li>\n<li><strong>Dayan\u0131kl\u0131l\u0131k:<\/strong> Kol silindirleri genellikle y\u00fcksek mukavemetli malzemelerden yap\u0131l\u0131r, m\u00fckemmel a\u015f\u0131nma ve korozyon direnci sunar ve bu da onlar\u0131 zorlu ortamlarda uzun s\u00fcreli kullan\u0131ma uygun hale getirir.<\/li>\n<li><strong>\u00c7ok Fonksiyonlu Uyarlanabilirlik:<\/strong> Bu silindirler, ekskavat\u00f6rler, vin\u00e7ler ve mekanik kollar gibi \u00e7e\u015fitli makinelerde, farkl\u0131 \u00e7al\u0131\u015fma gereksinimlerine uyum sa\u011flayacak \u015fekilde yayg\u0131n olarak kullan\u0131labilir.<\/li>\n<li><strong>Kolay Bak\u0131m:<\/strong> Kol silindirlerinin tasar\u0131m\u0131, kolay bak\u0131m ve de\u011fi\u015ftirme imkan\u0131n\u0131 g\u00f6z \u00f6n\u00fcnde bulundurarak d\u00fczenli inceleme ve bak\u0131m\u0131 daha kolay hale getirir ve b\u00f6ylece ekipman ar\u0131za s\u00fcresini azalt\u0131r.<\/li>\n<\/ul>\n<p><img decoding=\"async\" src=\"https:\/\/www.hydraulic-cylinders.net\/wp-content\/uploads\/2025\/01\/songte-oil-pipes-and-spare-parts.webp\"><\/p>\n<h2>Uygulamalar<\/h2>\n<p>Kol silindiri \u00e7e\u015fitli end\u00fcstrilerde uygulama alan\u0131 bulmaktad\u0131r:<\/p>\n<ul>\n<li><strong>\u0130n\u015faat M\u00fchendisli\u011fi:<\/strong> Kaz\u0131c\u0131 makinelerde ve vin\u00e7lerde, kol silindiri, toprak i\u015fleri, malzeme ta\u015f\u0131ma ve yap\u0131sal kurulum i\u00e7in kep\u00e7elerin veya bomlar\u0131n hareketini kontrol eder.<\/li>\n<li><strong>\u00dcretme:<\/strong> Otomatik \u00fcretim hatlar\u0131nda, kol silindiri, montaj, kaynak ve ta\u015f\u0131ma i\u015flemlerinde kullan\u0131lan mekanik kollar\u0131n hareketini kolayla\u015ft\u0131rarak \u00fcretim verimlili\u011fini ve hassasiyetini art\u0131r\u0131r.<\/li>\n<li><strong>Tar\u0131m Makinalar\u0131:<\/strong> Bi\u00e7erd\u00f6ver ve ekim makinesi gibi tar\u0131m ekipmanlar\u0131nda kol silindiri, ekim, g\u00fcbreleme ve hasat gibi g\u00f6revlerde \u00e7al\u0131\u015fan kollar\u0131n hareketini kontrol eder.<\/li>\n<li><strong>Madencilik:<\/strong> Madencilik ekipmanlar\u0131nda kol silindiri, cevher \u00e7\u0131karma ve ta\u015f\u0131ma i\u00e7in madencilik makinelerinin kol hareketini kontrol eder.<\/li>\n<li><strong>Lojistik ve Ta\u015f\u0131mac\u0131l\u0131k:<\/strong> Forkliftlerde ve ta\u015f\u0131ma robotlar\u0131nda kol silindiri \u00e7atallar\u0131n kald\u0131r\u0131lmas\u0131n\u0131 ve hareketini kontrol ederek malzeme ta\u015f\u0131ma ve istiflemeyi sa\u011flar.<\/li>\n<\/ul>\n<h2>Tasar\u0131m Hususlar\u0131 ve Se\u00e7im Kriterleri<\/h2>\n<ul>\n<li><strong>Ta\u015f\u0131ma Kapasitesi:<\/strong> Kol silindirleri, g\u00fcvenli ve verimli \u00e7al\u0131\u015fma sa\u011flamak i\u00e7in belirli y\u00fckleri ta\u015f\u0131yacak \u015fekilde tasarlanm\u0131\u015ft\u0131r.<\/li>\n<li><strong>S\u0131zd\u0131rmazl\u0131k:<\/strong> Piston contalar\u0131 ve mil contalar\u0131 gibi \u00e7e\u015fitli s\u0131zd\u0131rmazl\u0131k elemanlar\u0131, poli\u00fcretan ve nitril kau\u00e7uk gibi a\u015f\u0131nmaya dayan\u0131kl\u0131 malzemelerden \u00fcretilmi\u015ftir. Silindir g\u00f6vdesi ve di\u015fli u\u00e7 y\u00fczeyi, a\u015f\u0131nma direncini art\u0131rmak i\u00e7in ince bir \u015fekilde i\u015flenmi\u015ftir.<\/li>\n<li><strong>Dayan\u0131kl\u0131l\u0131k:<\/strong> Kol silindirleri, y\u00fcksek mukavemetli ve iyi korozyon direncine sahip malzemeler kullan\u0131larak \u00fcretilir ve zorlu ortamlarda uzun s\u00fcreli performans sa\u011flar.<\/li>\n<li><strong>Emniyet:<\/strong> \u00c7al\u0131\u015fma s\u0131ras\u0131nda kazalar\u0131 \u00f6nlemek i\u00e7in g\u00fcvenlik \u00f6zellikleri ve \u00f6nlemleri entegre edilmi\u015ftir.<\/li>\n<li><strong>Bak\u0131m kolayl\u0131\u011f\u0131:<\/strong> Bak\u0131m ve onar\u0131m kolayl\u0131\u011f\u0131 g\u00f6z \u00f6n\u00fcnde bulundurularak, ar\u0131za s\u00fcreleri ve maliyetler azalt\u0131lmaktad\u0131r.<\/li>\n<\/ul>\n<p><img decoding=\"async\" src=\"https:\/\/www.hydraulic-cylinders.net\/wp-content\/uploads\/2025\/01\/songte-cylinder-head-with-all-kinds-excavator-models.webp\"><\/p>\n<h2>S\u0131zd\u0131rmazl\u0131k ve Ya\u011flama<\/h2>\n<p>Kol silindiri, poli\u00fcretan ve nitril kau\u00e7uk gibi a\u015f\u0131nmaya dayan\u0131kl\u0131 malzemelerden yap\u0131lm\u0131\u015f piston contalar\u0131 ve mil contalar\u0131 gibi \u00e7e\u015fitli contalar kullan\u0131r. Silindir g\u00f6vdesi ve di\u015fli u\u00e7 y\u00fczeyi, a\u015f\u0131nma direncini art\u0131rmak i\u00e7in hassas bir i\u015flemden ge\u00e7irilir. Sorunsuz \u00e7al\u0131\u015fma i\u00e7in uygun hidrolik ya\u011f ile d\u00fczenli ya\u011flama gereklidir.<\/p>\n<h2>D\u00fczenli Muayene ve \u00d6nleyici Bak\u0131m<\/h2>\n<ul>\n<li>Kol silindirini d\u00fczenli olarak s\u0131z\u0131nt\u0131, hasar veya anormal a\u015f\u0131nma belirtileri a\u00e7\u0131s\u0131ndan kontrol edin.<\/li>\n<li>Do\u011fru \u00e7al\u0131\u015fmay\u0131 sa\u011flamak i\u00e7in contalar\u0131 ve ya\u011flama sistemini kontrol edin ve bak\u0131m\u0131n\u0131 yap\u0131n.<\/li>\n<li>Gerekti\u011finde temizlik, a\u015f\u0131nm\u0131\u015f par\u00e7alar\u0131n de\u011fi\u015ftirilmesi ve silindirin ayarlanmas\u0131 gibi \u00f6nleyici bak\u0131m i\u015flemlerini ger\u00e7ekle\u015ftirin.<\/li>\n<\/ul>\n<h2>\u00dcr\u00fcn Kurulum K\u0131lavuzu<\/h2>\n<p>Kol silindirinin do\u011fru montaj\u0131 i\u00e7in \u015fu ad\u0131mlar\u0131 izleyin:<\/p>\n<ol>\n<li>Gerekli ara\u00e7 ve gere\u00e7leri haz\u0131rlay\u0131n.<\/li>\n<li>Makinenin sabit bir konumda oldu\u011fundan ve elektri\u011fin kesildi\u011finden emin olun.<\/li>\n<li>Varsa, \u00fcreticinin talimatlar\u0131n\u0131 izleyerek eski silindiri \u00e7\u0131kar\u0131n.<\/li>\n<li>Montaj y\u00fczeylerinde herhangi bir hasar veya kal\u0131nt\u0131 olup olmad\u0131\u011f\u0131n\u0131 kontrol edin ve gerekirse temizleyin.<\/li>\n<li>Yeni kol silindirini do\u011fru y\u00f6nde konumland\u0131r\u0131n ve uygun ba\u011flant\u0131 elemanlar\u0131n\u0131 kullanarak g\u00fcvenli bir \u015fekilde tak\u0131n.<\/li>\n<li>Hidrolik hatlar\u0131 yeniden ba\u011flay\u0131n ve ba\u011flant\u0131lar\u0131n do\u011fru oldu\u011fundan emin olun.<\/li>\n<li>Normal kullan\u0131ma devam etmeden \u00f6nce silindirin d\u00fczg\u00fcn \u00e7al\u0131\u015f\u0131p \u00e7al\u0131\u015fmad\u0131\u011f\u0131n\u0131 test edin.<\/li>\n<\/ol>\n<p><img decoding=\"async\" src=\"https:\/\/www.hydraulic-cylinders.net\/wp-content\/uploads\/2025\/01\/songte-bushings-with-all-kinds-of-excavator-models.webp\"><\/p>\n<h2>G\u00fcvenlik Hususlar\u0131 ve \u00c7evresel Fakt\u00f6rler<\/h2>\n<p>Hidrolik silindirler kullan\u0131l\u0131rken, kazalar\u0131 \u00f6nlemek ve operat\u00f6r\u00fcn g\u00fcvenli\u011fini sa\u011flamak i\u00e7in g\u00fcvenlik \u00f6nlemlerine uyulmas\u0131 son derece \u00f6nemlidir. G\u00fcvenlik \u00f6nlemleri aras\u0131nda uygun e\u011fitim, yeterli koruyucu ekipman ve \u00e7al\u0131\u015fma y\u00f6nergelerine uyulmas\u0131 yer alabilir. Ayr\u0131ca, at\u0131k y\u00f6netimi ve \u00e7evre d\u00fczenlemeleri gibi \u00e7evresel fakt\u00f6rlerin dikkate al\u0131nmas\u0131, hidrolik silindirlerin s\u00fcrd\u00fcr\u00fclebilir ve sorumlu kullan\u0131m\u0131 i\u00e7in elzemdir.<\/p>\n<h2>Sorun Giderme ve Yayg\u0131n Sorunlar<\/h2>\n<p>Kol silindirlerinde ortaya \u00e7\u0131kabilecek yayg\u0131n sorunlar \u015funlard\u0131r:<\/p>\n<ul>\n<li>Hidrolik s\u0131v\u0131 s\u0131z\u0131nt\u0131s\u0131<\/li>\n<li>Performans veya g\u00fc\u00e7te azalma<\/li>\n<li>Ola\u011fand\u0131\u015f\u0131 ses veya titre\u015fim<\/li>\n<li>Tutarl\u0131 olmayan veya sars\u0131nt\u0131l\u0131 hareket<\/li>\n<\/ul>\n<p>Bu sorunlar\u0131 gidermek ve \u00e7\u00f6zmek i\u00e7in:<\/p>\n<ul>\n<li>Sorun giderme ad\u0131mlar\u0131 i\u00e7in \u00fcreticinin y\u00f6nergelerine ve belgelerine bak\u0131n.<\/li>\n<li>Silindirde g\u00f6zle g\u00f6r\u00fcl\u00fcr hasar veya a\u015f\u0131nm\u0131\u015f par\u00e7a olup olmad\u0131\u011f\u0131n\u0131 kontrol edin.<\/li>\n<li>Uygun ya\u011flama ve s\u0131zd\u0131rmazl\u0131k b\u00fct\u00fcnl\u00fc\u011f\u00fcn\u00fc sa\u011flay\u0131n.<\/li>\n<li>Gerekirse, g\u00fcvenlik protokollerine uyarak bir uzmana dan\u0131\u015f\u0131n.<\/li>\n<\/ul>\n<p><img decoding=\"async\" src=\"https:\/\/www.hydraulic-cylinders.net\/wp-content\/uploads\/2025\/01\/songte-chushion-collar.webp\"><\/p>\n<p>Makaleyi mant\u0131kl\u0131 bir \u015fekilde d\u00fczenlemeyi, kolay gezinme i\u00e7in alt ba\u015fl\u0131klar kullanmay\u0131, daha iyi anla\u015f\u0131lmas\u0131 i\u00e7in ilgili g\u00f6rseller veya grafikler eklemeyi ve i\u00e7eri\u011fin netli\u011fini, \u00f6zl\u00fcl\u00fc\u011f\u00fcn\u00fc ve farkl\u0131 teknik bilgi seviyelerine sahip okuyucular i\u00e7in uygunlu\u011funu sa\u011flamay\u0131 unutmay\u0131n.<\/p>\n<h2>Hakk\u0131m\u0131zda<\/h2>\n<p>Profesyonel bir hidrolik silindir yedek par\u00e7a \u00fcreticisiyiz ve geni\u015f bir \u00fcr\u00fcn yelpazesi sunuyoruz. Yurti\u00e7i ve yurtd\u0131\u015f\u0131 pazarlarda \u00f6nde gelen hidrolik silindir \u00fcreticilerinden ve toptanc\u0131lar\u0131ndan biri haline geldik. M\u00fckemmel kalite ilkesini benimseyerek, geli\u015fmi\u015f \u00fcretim at\u00f6lyeleri ve end\u00fcstriyel \u00fcretim y\u00f6netim stratejileriyle teknolojik uzmanl\u0131\u011f\u0131m\u0131z\u0131 ve \u00fcretim verimlili\u011fimizi s\u00fcrekli olarak geli\u015ftiriyoruz. Y\u00fcksek teknoloji \u00fcr\u00fcn\u00fc dijital \u00fcretim ekipmanlar\u0131 ve profesyonel test sistemleri kullanarak \u00fcretim platformumuzu optimize ediyor ve \u00fcr\u00fcn kalite kontrol s\u00fcre\u00e7lerimizi iyile\u015ftirerek g\u00fc\u00e7l\u00fc inovasyon yeteneklerimizi sergiliyoruz. Amac\u0131m\u0131z, verimlilik, hassasiyet ve y\u00fcksek kalite ilkeleriyle \u00e7e\u015fitli m\u00fc\u015fteri ihtiya\u00e7lar\u0131n\u0131 kar\u015f\u0131lamakt\u0131r.<\/p>\n<p><img decoding=\"async\" src=\"https:\/\/www.hydraulic-cylinders.net\/wp-content\/uploads\/2025\/01\/songte-company-4.webp\"><br \/>\n<img decoding=\"async\" src=\"https:\/\/www.hydraulic-cylinders.net\/wp-content\/uploads\/2025\/01\/songte-company-3.webp\"><\/p>\n<p>Yazar: lyl<\/p>","protected":false},"excerpt":{"rendered":"<p>Arm Cylinder For Liugong Small Excavator CLG908D\/910E Introduction An arm cylinder is a specially designed hydraulic cylinder that provides linear motion and power to the arms of various machinery such as excavators, cranes, and mechanical arms. The arm cylinder plays a crucial role in hydraulic systems, enabling the efficient movement and control of additional tools [&hellip;]<\/p>","protected":false},"featured_media":14783,"comment_status":"open","ping_status":"closed","template":"","meta":{"_et_pb_use_builder":"","_et_pb_old_content":"","_et_gb_content_width":""},"product_brand":[],"product_cat":[1497],"product_tag":[1498,1496],"class_list":{"0":"post-16497","1":"product","2":"type-product","3":"status-publish","4":"has-post-thumbnail","6":"product_cat-arm-cylinders","7":"product_tag-arm-cylinders","8":"product_tag-hydraulic-cylinders","10":"first","11":"instock","12":"shipping-taxable","13":"product-type-simple"},"amp_enabled":true,"_links":{"self":[{"href":"https:\/\/www.hydraulic-cylinders.net\/tr\/wp-json\/wp\/v2\/product\/16497","targetHints":{"allow":["GET"]}}],"collection":[{"href":"https:\/\/www.hydraulic-cylinders.net\/tr\/wp-json\/wp\/v2\/product"}],"about":[{"href":"https:\/\/www.hydraulic-cylinders.net\/tr\/wp-json\/wp\/v2\/types\/product"}],"replies":[{"embeddable":true,"href":"https:\/\/www.hydraulic-cylinders.net\/tr\/wp-json\/wp\/v2\/comments?post=16497"}],"wp:featuredmedia":[{"embeddable":true,"href":"https:\/\/www.hydraulic-cylinders.net\/tr\/wp-json\/wp\/v2\/media\/14783"}],"wp:attachment":[{"href":"https:\/\/www.hydraulic-cylinders.net\/tr\/wp-json\/wp\/v2\/media?parent=16497"}],"wp:term":[{"taxonomy":"product_brand","embeddable":true,"href":"https:\/\/www.hydraulic-cylinders.net\/tr\/wp-json\/wp\/v2\/product_brand?post=16497"},{"taxonomy":"product_cat","embeddable":true,"href":"https:\/\/www.hydraulic-cylinders.net\/tr\/wp-json\/wp\/v2\/product_cat?post=16497"},{"taxonomy":"product_tag","embeddable":true,"href":"https:\/\/www.hydraulic-cylinders.net\/tr\/wp-json\/wp\/v2\/product_tag?post=16497"}],"curies":[{"name":"wp","href":"https:\/\/api.w.org\/{rel}","templated":true}]}}