{"id":16506,"date":"2025-01-21T05:30:16","date_gmt":"2025-01-21T05:30:16","guid":{"rendered":"https:\/\/www.hydraulic-cylinders.net\/product\/arm-cylinder-for-liugong-middle-excavator-clg920-920d\/"},"modified":"2025-01-21T05:30:18","modified_gmt":"2025-01-21T05:30:18","slug":"arm-cylinder-for-liugong-middle-excavator-clg920-920d","status":"publish","type":"product","link":"https:\/\/www.hydraulic-cylinders.net\/tr\/urun\/arm-cylinder-for-liugong-middle-excavator-clg920-920d\/","title":{"rendered":"Liugong Orta Ekskavat\u00f6r CLG920\/920D i\u00e7in Kol Silindiri"},"content":{"rendered":"<h1>Liugong Orta Ekskavat\u00f6r CLG920\/920D i\u00e7in Kol Silindiri<\/h1>\n<h2>girii\u015f<\/h2>\n<p>Liugong Orta Ekskavat\u00f6r CLG920\/920D i\u00e7in Kol Silindiri, ekskavat\u00f6rler, vin\u00e7ler ve robotik kollar gibi \u00e7e\u015fitli makinelerin kollar\u0131na do\u011frusal hareket ve g\u00fc\u00e7 sa\u011flayan \u00f6zel olarak tasarlanm\u0131\u015f bir hidrolik silindirdir. Kol silindiri, hidrolik sistemlerde \u00f6nemli bir rol oynar ve ek alet veya ata\u015fmanlar\u0131n verimli bir \u015fekilde hareket etmesini ve kontrol edilmesini sa\u011flar. Bu silindirler sadece d\u00fczg\u00fcn hareket sa\u011flamakla kalmaz, ayn\u0131 zamanda a\u011f\u0131r y\u00fcklere de dayanarak \u00e7e\u015fitli \u00e7al\u0131\u015fma ko\u015fullar\u0131nda y\u00fcksek operasyonel verimlilik ve g\u00fcvenilirlik sa\u011flar.<\/p>\n<p><img decoding=\"async\" src=\"https:\/\/www.hydraulic-cylinders.net\/wp-content\/uploads\/2025\/01\/songte-company-2.webp\" alt=\"Kol Silindiri G\u00f6r\u00fcnt\u00fcs\u00fc\"><\/p>\n<h2>\u00d6zellikler<\/h2>\n<ul>\n<li>Y\u00fcksek Verimli \u015eanz\u0131man: Kol silindiri g\u00fc\u00e7l\u00fc do\u011frusal hareket ve kuvvet sa\u011flayarak, mekanik kolun \u00e7e\u015fitli i\u015flemlerde y\u00fcksek performans kabiliyetleri sa\u011flamas\u0131n\u0131 garanti alt\u0131na al\u0131r.<\/li>\n<li>Hassas Kontrol: Hidrolik sistem sayesinde kol silindiri hassas hareket kontrol\u00fc sa\u011flayarak, ba\u011fl\u0131 aletlerin esnekli\u011fini ve hassasiyetini art\u0131r\u0131r.<\/li>\n<li>G\u00fc\u00e7l\u00fc Dayan\u0131kl\u0131l\u0131k: Kol silindirleri genellikle y\u00fcksek mukavemetli malzemeler kullan\u0131larak \u00fcretilir, m\u00fckemmel a\u015f\u0131nma ve korozyon direnci sunar ve bu da onlar\u0131 zorlu ortamlarda uzun s\u00fcreli kullan\u0131ma uygun hale getirir.<\/li>\n<li>\u00c7ok Fonksiyonlu Uyarlanabilirlik: Bu silindirler, ekskavat\u00f6rler, vin\u00e7ler ve robotik kollar gibi \u00e7e\u015fitli makinelerde geni\u015f uygulama yelpazesine sahiptir ve farkl\u0131 \u00e7al\u0131\u015fma gereksinimlerine uyum sa\u011flar.<\/li>\n<li>Kolay Bak\u0131m: Tasar\u0131mda bak\u0131m ve de\u011fi\u015ftirme kolayl\u0131\u011f\u0131 g\u00f6z \u00f6n\u00fcnde bulundurularak, d\u00fczenli denetim ve bak\u0131m daha kolay hale getirilir ve ekipman ar\u0131za s\u00fcreleri azalt\u0131l\u0131r.<\/li>\n<\/ul>\n<p><img decoding=\"async\" src=\"https:\/\/www.hydraulic-cylinders.net\/wp-content\/uploads\/2025\/01\/songte-oil-pipes-and-spare-parts.webp\" alt=\"Kol Silindiri De\u011fi\u015fimi\"><\/p>\n<h2>Uygulamalar<\/h2>\n<p>Liugong Orta Ekskavat\u00f6r CLG920\/920D i\u00e7in Kol Silindiri a\u015fa\u011f\u0131daki end\u00fcstrilerde yayg\u0131n olarak kullan\u0131lmaktad\u0131r:<\/p>\n<h3>1. \u0130n\u015faat M\u00fchendisli\u011fi<\/h3>\n<p>Ekskavat\u00f6rlerde ve vin\u00e7lerde kol silindiri, kova veya bomun hareketini kontrol ederek toprak i\u015fleme operasyonlar\u0131n\u0131, malzeme ta\u015f\u0131may\u0131 ve yap\u0131 kurulumunu m\u00fcmk\u00fcn k\u0131lar.<\/p>\n<h3>2. \u00dcretim<\/h3>\n<p>Otomasyonlu \u00fcretim hatlar\u0131nda kol silindiri, robot kollar\u0131n\u0131n hareketini kolayla\u015ft\u0131rarak montaj, kaynak ve malzeme ta\u015f\u0131ma gibi i\u015flemlerin ger\u00e7ekle\u015ftirilmesini sa\u011flayarak \u00fcretim verimlili\u011fini ve do\u011frulu\u011funu art\u0131r\u0131r.<\/p>\n<h3>3. Tar\u0131m Makinalar\u0131<\/h3>\n<p>Bi\u00e7erd\u00f6ver ve ekim makinesi gibi tar\u0131m makinelerinde kol silindiri, ekim, g\u00fcbreleme ve hasat gibi g\u00f6revleri ger\u00e7ekle\u015ftiren \u00e7al\u0131\u015fma kolunun hareketini kontrol eder.<\/p>\n<h3>4. Madencilik<\/h3>\n<p>Madencilik ekipmanlar\u0131nda kol silindiri, maden makinelerinin kol hareketini kontrol ederek cevherlerin \u00e7\u0131kar\u0131lmas\u0131n\u0131 ve ta\u015f\u0131nmas\u0131n\u0131 sa\u011flar.<\/p>\n<h3>5. Lojistik ve Ta\u015f\u0131mac\u0131l\u0131k<\/h3>\n<p>Forkliftlerde ve ta\u015f\u0131ma robotlar\u0131nda kol silindiri \u00e7atallar\u0131n kald\u0131r\u0131lmas\u0131n\u0131 ve hareketini kontrol ederek malzeme ta\u015f\u0131ma ve istiflemeyi kolayla\u015ft\u0131r\u0131r.<\/p>\n<p><img decoding=\"async\" src=\"https:\/\/www.hydraulic-cylinders.net\/wp-content\/uploads\/2025\/01\/songte-chushion-collar.webp\" alt=\"Kol Silindiri Uygulamalar\u0131\"><\/p>\n<h2>Tasar\u0131m Hususlar\u0131 ve Se\u00e7im Kriterleri<\/h2>\n<ul>\n<li>Y\u00fck Ta\u015f\u0131ma Kapasitesi: Kol silindirleri, belirli y\u00fckleri kald\u0131racak \u015fekilde tasarlanm\u0131\u015ft\u0131r ve optimum performans ve g\u00fcvenlik sa\u011flar.<\/li>\n<li>S\u0131zd\u0131rmazl\u0131k: S\u0131z\u0131nt\u0131y\u0131 \u00f6nlemek i\u00e7in piston contalar\u0131 ve biyel contalar\u0131 gibi \u00e7e\u015fitli s\u0131zd\u0131rmazl\u0131k elemanlar\u0131 kullan\u0131l\u0131r ve a\u015f\u0131nma direncini art\u0131rmak i\u00e7in poli\u00fcretan ve nitril kau\u00e7uk gibi dayan\u0131kl\u0131 malzemeler se\u00e7ilir.<\/li>\n<li>Dayan\u0131kl\u0131l\u0131k: Silindir g\u00f6vdesi ve di\u015fli u\u00e7lar\u0131 a\u015f\u0131nma direncini art\u0131rmak i\u00e7in hassas bir i\u015fleme tabi tutulur ve d\u00fczg\u00fcn \u00e7al\u0131\u015fmas\u0131 i\u00e7in uygun hidrolik ya\u011f ile d\u00fczenli ya\u011flama gereklidir.<\/li>\n<li>G\u00fcvenlik: Kol silindirleri kullan\u0131l\u0131rken kazalar\u0131 \u00f6nlemek ve operat\u00f6r g\u00fcvenli\u011fini sa\u011flamak i\u00e7in g\u00fcvenlik \u00f6nlemleri \u00e7ok \u00f6nemlidir. G\u00fcvenlik standartlar\u0131na uyum esast\u0131r.<\/li>\n<li>Bak\u0131m: Kol silindirinin uzun \u00f6m\u00fcrl\u00fc olmas\u0131n\u0131 ve optimum performans\u0131n\u0131 sa\u011flamak i\u00e7in d\u00fczenli muayeneler ve \u00f6nleyici bak\u0131m gereklidir.<\/li>\n<\/ul>\n<p><img decoding=\"async\" src=\"https:\/\/www.hydraulic-cylinders.net\/wp-content\/uploads\/2025\/01\/songte-cylinder-head-with-all-kinds-excavator-models.webp\" alt=\"Kol Silindiri Bak\u0131m\u0131\"><\/p>\n<h2>Kurulum K\u0131lavuzu<\/h2>\n<p>Liugong Orta Ekskavat\u00f6r CLG920\/920D i\u00e7in Kol Silindirini do\u011fru \u015fekilde takmak i\u00e7in \u015fu ad\u0131mlar\u0131 izleyin:<\/p>\n<ol>\n<li>Makinenin kapal\u0131 oldu\u011fundan ve hidrolik sistemin bas\u0131nc\u0131n\u0131n al\u0131nd\u0131\u011f\u0131ndan emin olun.<\/li>\n<li>Silindiri, montaj deliklerini hizalayarak belirlenen yere yerle\u015ftirin.<\/li>\n<li>Silindiri uygun c\u0131vata veya pimler kullanarak g\u00fcvenli bir \u015fekilde sabitleyin.<\/li>\n<li>Hidrolik hortumlar\u0131 ve ba\u011flant\u0131 par\u00e7alar\u0131n\u0131 silindire ba\u011flay\u0131n ve uygun s\u0131zd\u0131rmazl\u0131k sa\u011flay\u0131n.<\/li>\n<li>Makineyi \u00e7al\u0131\u015ft\u0131rmadan \u00f6nce herhangi bir s\u0131z\u0131nt\u0131 olup olmad\u0131\u011f\u0131n\u0131 kontrol edin ve i\u015flevsellik testi yap\u0131n.<\/li>\n<\/ol>\n<p><img decoding=\"async\" src=\"https:\/\/www.hydraulic-cylinders.net\/wp-content\/uploads\/2025\/01\/songte-bushings-with-all-kinds-of-excavator-models.webp\" alt=\"Kol Silindiri Montaj\u0131\"><\/p>\n<h2>G\u00fcvenlik Hususlar\u0131 ve \u00c7evresel Fakt\u00f6rler<\/h2>\n<p>Kol silindirleri kullan\u0131l\u0131rken, kazalar\u0131 \u00f6nlemek ve operat\u00f6rlerin sa\u011fl\u0131\u011f\u0131n\u0131 korumak i\u00e7in g\u00fcvenlik \u00f6nlemlerine \u00f6ncelik vermek \u00e7ok \u00f6nemlidir. G\u00fcvenlik protokollerine ve y\u00f6netmeliklerine uymak, riskleri en aza indirmek ve g\u00fcvenli bir \u00e7al\u0131\u015fma ortam\u0131 sa\u011flamak i\u00e7in hayati \u00f6nem ta\u015f\u0131r.<\/p>\n<h2>Sorun Giderme ve Yayg\u0131n Sorunlar<\/h2>\n<p>Kol silindirlerinde ortaya \u00e7\u0131kabilecek baz\u0131 yayg\u0131n sorunlar \u015funlard\u0131r:<\/p>\n<ul>\n<li>S\u0131z\u0131nt\u0131: A\u015f\u0131nm\u0131\u015f contalar\u0131 veya hasarl\u0131 bile\u015fenleri inceleyin ve de\u011fi\u015ftirin.<\/li>\n<li>Yava\u015f veya Tutars\u0131z Hareket: Yetersiz s\u0131v\u0131 veya t\u0131kal\u0131 filtreler gibi hidrolik sistem sorunlar\u0131n\u0131 kontrol edin.<\/li>\n<li>G\u00fcr\u00fclt\u00fc veya Titre\u015fim: Silindirde hizalama bozuklu\u011fu, gev\u015fek ba\u011flant\u0131lar veya hasarl\u0131 par\u00e7alar olup olmad\u0131\u011f\u0131n\u0131 inceleyin.<\/li>\n<\/ul>\n<p>Bu sorunlar\u0131 gidermek ve \u00e7\u00f6zmek i\u00e7in \u00fcreticinin kullan\u0131m k\u0131lavuzuna ba\u015fvurun veya profesyonel yard\u0131m al\u0131n. \u00d6nleyici tedbirlerin uygulanmas\u0131, olas\u0131 sorunlar\u0131 en aza indirebilir ve kol silindirinin sorunsuz \u00e7al\u0131\u015fmas\u0131n\u0131 sa\u011flayabilir.<\/p>\n<p><img decoding=\"async\" src=\"https:\/\/www.hydraulic-cylinders.net\/wp-content\/uploads\/2025\/01\/songte-chushion-collar.webp\" alt=\"Kol Silindiri Sorun Giderme\"><\/p>\n<h2>Hakk\u0131m\u0131zda<\/h2>\n<p>Geni\u015f bir \u00fcr\u00fcn yelpazesi sunan profesyonel bir yedek hidrolik silindir \u00fcreticisiyiz. Yurti\u00e7i ve yurtd\u0131\u015f\u0131 pazarlarda lider hidrolik silindir \u00fcreticilerinden ve toptan da\u011f\u0131t\u0131c\u0131lar\u0131ndan biri olarak, m\u00fckemmel kaliteye \u00f6ncelik veriyoruz. Geli\u015fmi\u015f \u00fcretim at\u00f6lyelerimiz ve end\u00fcstriyel \u00fcretim y\u00f6netimi stratejilerimizle, teknik yeteneklerimizi ve \u00fcretim verimlili\u011fimizi s\u00fcrekli olarak geli\u015ftiriyoruz.<\/p>\n<p>Geli\u015fmi\u015f dijital \u00fcretim ekipmanlar\u0131 ve profesyonel test sistemlerini entegre ederek \u00fcretim platformlar\u0131m\u0131z\u0131 optimize ediyor, \u00fcr\u00fcn kalite kontrol s\u00fcre\u00e7lerimizi iyile\u015ftiriyor ve g\u00fc\u00e7l\u00fc inovasyon yeteneklerine sahibiz. Amac\u0131m\u0131z, verimlilik, hassasiyet ve y\u00fcksek kalite ilkeleriyle farkl\u0131 m\u00fc\u015fteri ihtiya\u00e7lar\u0131n\u0131 kar\u015f\u0131lamakt\u0131r.<\/p>\n<p><img decoding=\"async\" src=\"https:\/\/www.hydraulic-cylinders.net\/wp-content\/uploads\/2025\/01\/songte-company-4.webp\" alt=\"\u015eirket Altyap\u0131s\u0131\"><br \/>\n<img decoding=\"async\" src=\"https:\/\/www.hydraulic-cylinders.net\/wp-content\/uploads\/2025\/01\/songte-company-3.webp\" alt=\"Sertifikalar\"><\/p>\n<p>Yazar: lyl<\/p>","protected":false},"excerpt":{"rendered":"<p>Arm Cylinder For Liugong Middle Excavator CLG920\/920D Introduction The Arm Cylinder for Liugong Middle Excavator CLG920\/920D is a specially designed hydraulic cylinder that provides linear motion and power to the arm of various machinery, such as excavators, cranes, and robotic arms. The arm cylinder plays a crucial role in hydraulic systems, enabling the efficient movement [&hellip;]<\/p>","protected":false},"featured_media":14786,"comment_status":"open","ping_status":"closed","template":"","meta":{"_et_pb_use_builder":"","_et_pb_old_content":"","_et_gb_content_width":""},"product_brand":[],"product_cat":[1497],"product_tag":[1498,1496],"class_list":{"0":"post-16506","1":"product","2":"type-product","3":"status-publish","4":"has-post-thumbnail","6":"product_cat-arm-cylinders","7":"product_tag-arm-cylinders","8":"product_tag-hydraulic-cylinders","10":"first","11":"instock","12":"shipping-taxable","13":"product-type-simple"},"amp_enabled":true,"_links":{"self":[{"href":"https:\/\/www.hydraulic-cylinders.net\/tr\/wp-json\/wp\/v2\/product\/16506","targetHints":{"allow":["GET"]}}],"collection":[{"href":"https:\/\/www.hydraulic-cylinders.net\/tr\/wp-json\/wp\/v2\/product"}],"about":[{"href":"https:\/\/www.hydraulic-cylinders.net\/tr\/wp-json\/wp\/v2\/types\/product"}],"replies":[{"embeddable":true,"href":"https:\/\/www.hydraulic-cylinders.net\/tr\/wp-json\/wp\/v2\/comments?post=16506"}],"wp:featuredmedia":[{"embeddable":true,"href":"https:\/\/www.hydraulic-cylinders.net\/tr\/wp-json\/wp\/v2\/media\/14786"}],"wp:attachment":[{"href":"https:\/\/www.hydraulic-cylinders.net\/tr\/wp-json\/wp\/v2\/media?parent=16506"}],"wp:term":[{"taxonomy":"product_brand","embeddable":true,"href":"https:\/\/www.hydraulic-cylinders.net\/tr\/wp-json\/wp\/v2\/product_brand?post=16506"},{"taxonomy":"product_cat","embeddable":true,"href":"https:\/\/www.hydraulic-cylinders.net\/tr\/wp-json\/wp\/v2\/product_cat?post=16506"},{"taxonomy":"product_tag","embeddable":true,"href":"https:\/\/www.hydraulic-cylinders.net\/tr\/wp-json\/wp\/v2\/product_tag?post=16506"}],"curies":[{"name":"wp","href":"https:\/\/api.w.org\/{rel}","templated":true}]}}